{"id":2115,"date":"2023-09-19T21:33:17","date_gmt":"2023-09-19T21:33:17","guid":{"rendered":"https:\/\/abaa.mx\/tienda\/?post_type=product&#038;p=2115"},"modified":"2023-11-28T20:15:14","modified_gmt":"2023-11-28T20:15:14","slug":"multimetro-digital-fluke-179-efsp-nist-true-rms-con-termometro-incorporado-incluye-certificado-trazable","status":"publish","type":"product","link":"https:\/\/abaa.mx\/tienda\/multimetro-digital-fluke-179-efsp-nist-true-rms-con-termometro-incorporado-incluye-certificado-trazable\/","title":{"rendered":"Mult\u00edmetro digital fluke 179-efsp-nist true rms con term\u00f3metro incorporado, incluye certificado trazable"},"content":{"rendered":"<h6><\/h6>\n<p>Proporciona precisi\u00f3n, fiabilidad y facilidad de uso, este mult\u00edmetro digital True RMS es ideal para t\u00e9cnicos profesionales. Esta herramienta viene equipada con las caracter\u00edsticas que necesita para solucionar problemas y reparar sistemas el\u00e9ctricos y electr\u00f3nicos, una pantalla digital retroiluminada, gr\u00e1fico de barras anal\u00f3gico y term\u00f3metro incorporado para medir la temperatura.<\/p>\n<p>&nbsp;<\/p>\n<p><strong>Funciones<\/strong><\/p>\n<ul>\n<li>Un mult\u00edmetro de precisi\u00f3n con todas las funciones para la resoluci\u00f3n de problemas de sistemas el\u00e9ctricos y electr\u00f3nicos.<\/li>\n<li>Ofrece mediciones precisas de corriente y voltaje de CA reales RMS m\u00e1s frecuencia, capacitancia, resistencia, continuidad y diodos.<\/li>\n<li>Aumenta la productividad con rango manual y autom\u00e1tico, retenci\u00f3n de pantalla, retenci\u00f3n autom\u00e1tica y grabaci\u00f3n promedio m\u00ednima\/m\u00e1xima.<\/li>\n<li>Incluye un term\u00f3metro incorporado para medir la temperatura sin tener que llevar un instrumento separado.<\/li>\n<li>Permite la calibraci\u00f3n de carcasa cerrada a trav\u00e9s del panel frontal.<\/li>\n<li>Seguridad nominal CAT III 1000 V, CAT IV 600 V.<\/li>\n<\/ul>\n<p>&nbsp;<\/p>\n<p><strong>Funciona cuando lo necesitas, donde lo necesitas<\/strong><\/p>\n<p>Puede confiar en esta herramienta robusta y confiable para hacer el trabajo en todos los lugares desordenados, ruidosos, de alta energ\u00eda y de gran altitud en los que trabaja. Ya sea que necesite un mult\u00edmetro para la soluci\u00f3n de problemas industriales o la instalaci\u00f3n o el mantenimiento de sistemas el\u00e9ctricos y electr\u00f3nicos, este mult\u00edmetro True RMS puede hacer el trabajo. Se prueba de forma independiente para un uso seguro en entornos CAT III 1000 V, CAT IV 600 V.<\/p>\n<p>&nbsp;<\/p>\n<p><strong>Mayor precisi\u00f3n con mediciones True RMS<\/strong><\/p>\n<p>Obtenga lecturas precisas de voltaje y corriente al medir se\u00f1ales de CA complejas.<\/p>\n<p>&nbsp;<\/p>\n<p><strong>F\u00e1cil comprensi\u00f3n de las se\u00f1ales cambiantes<\/strong><\/p>\n<p>Un gr\u00e1fico de barras anal\u00f3gico facilita ver las tendencias en las se\u00f1ales fluctuantes.<\/p>\n<p>&nbsp;<\/p>\n<p><strong>Mediciones de temperatura al alcance de su mano<\/strong><\/p>\n<p>El term\u00f3metro incorporado le permite tomar convenientemente lecturas de temperatura sin tener que llevar un instrumento separado.<\/p>\n<p>&nbsp;<\/p>\n<h4>Especificaciones de Fluke 179\/EFSP-NIST<\/h4>\n<table class=\"table table-striped\">\n<tbody>\n<tr>\n<td colspan=\"2\"><strong>Voltaje DC<\/strong><\/td>\n<\/tr>\n<tr>\n<td>Exactitud<\/td>\n<td>\u00b1(0.09% + 2)<\/td>\n<\/tr>\n<tr>\n<td>Resoluci\u00f3n m\u00e1xima<\/td>\n<td>0,1 mV<\/td>\n<\/tr>\n<tr>\n<td>M\u00e1ximo<\/td>\n<td>1000 V<\/td>\n<\/tr>\n<tr>\n<td colspan=\"2\"><strong>Voltaje AC<\/strong><\/td>\n<\/tr>\n<tr>\n<td>Exactitud<\/td>\n<td>\u00b1(1.0% + 3)<\/td>\n<\/tr>\n<tr>\n<td>Resoluci\u00f3n m\u00e1xima<\/td>\n<td>0,1 mV<\/td>\n<\/tr>\n<tr>\n<td>M\u00e1ximo<\/td>\n<td>1000 V<\/td>\n<\/tr>\n<tr>\n<td colspan=\"2\"><strong>DC actual<\/strong><\/td>\n<\/tr>\n<tr>\n<td>Exactitud<\/td>\n<td>\u00b1(1.0% + 3)<\/td>\n<\/tr>\n<tr>\n<td>Resoluci\u00f3n m\u00e1xima<\/td>\n<td>0,01 mA<\/td>\n<\/tr>\n<tr>\n<td>M\u00e1ximo<\/td>\n<td>10 A<\/td>\n<\/tr>\n<tr>\n<td colspan=\"2\"><strong>AC actual<\/strong><\/td>\n<\/tr>\n<tr>\n<td>Exactitud<\/td>\n<td>\u00b1(1.5% + 3)<\/td>\n<\/tr>\n<tr>\n<td>Resoluci\u00f3n m\u00e1xima<\/td>\n<td>0,01 mA<\/td>\n<\/tr>\n<tr>\n<td>M\u00e1ximo<\/td>\n<td>10 A<\/td>\n<\/tr>\n<tr>\n<td colspan=\"2\"><strong>Resistencia<\/strong><\/td>\n<\/tr>\n<tr>\n<td>Exactitud<\/td>\n<td>\u00b1(0.9% + 1)<\/td>\n<\/tr>\n<tr>\n<td>Resoluci\u00f3n m\u00e1xima<\/td>\n<td>0.1 \u03a9<\/td>\n<\/tr>\n<tr>\n<td>M\u00e1ximo<\/td>\n<td>50 M\u03a9<\/td>\n<\/tr>\n<tr>\n<td colspan=\"2\"><strong>Capacitancia<\/strong><\/td>\n<\/tr>\n<tr>\n<td>Exactitud<\/td>\n<td>\u00b1(1.2% + 2)<\/td>\n<\/tr>\n<tr>\n<td>Resoluci\u00f3n m\u00e1xima<\/td>\n<td>1 nF<\/td>\n<\/tr>\n<tr>\n<td>M\u00e1ximo<\/td>\n<td>10,000 \u03bcF<\/td>\n<\/tr>\n<tr>\n<td colspan=\"2\"><strong>Frecuencia<\/strong><\/td>\n<\/tr>\n<tr>\n<td>Exactitud<\/td>\n<td>\u00b1(0.1% + 1)<\/td>\n<\/tr>\n<tr>\n<td>Resoluci\u00f3n m\u00e1xima<\/td>\n<td>0,01 Hz<\/td>\n<\/tr>\n<tr>\n<td>M\u00e1ximo<\/td>\n<td>100 kHz<\/td>\n<\/tr>\n<tr>\n<td colspan=\"2\"><strong>Temperatura<\/strong><\/td>\n<\/tr>\n<tr>\n<td>Exactitud<\/td>\n<td>\u00b1(1.0% + 10)<\/td>\n<\/tr>\n<tr>\n<td>Resoluci\u00f3n m\u00e1xima<\/td>\n<td>0.1\u00b0F (0.1\u00b0C)<\/td>\n<\/tr>\n<tr>\n<td>Gama<\/td>\n<td>-40 a 752\u00b0F (-40 a 400\u00b0C)<\/td>\n<\/tr>\n<tr>\n<td colspan=\"2\"><strong>Especificaciones ambientales<\/strong><\/td>\n<\/tr>\n<tr>\n<td>Temperatura de funcionamiento<\/td>\n<td>14 a 122\u00b0F (-10 a 50\u00b0C)<\/td>\n<\/tr>\n<tr>\n<td>Temperatura de almacenamiento<\/td>\n<td>-22 a 140\u00b0F (-30 a 60\u00b0C)<\/td>\n<\/tr>\n<tr>\n<td>Humedad (sin condensaci\u00f3n)<\/td>\n<td>0 a 90% (32 a 95\u00b0F) (0 a 35\u00b0C) 0 a 70% (95 a 122\u00b0F) (35 a 50\u00b0C)<\/td>\n<\/tr>\n<tr>\n<td colspan=\"2\"><strong>Especificaciones de seguridad<\/strong><\/td>\n<\/tr>\n<tr>\n<td>Categor\u00eda de sobretensi\u00f3n<\/td>\n<td>EN 61010-1 a 1000 V CAT III<br \/>\nEN 61010-1 a 600 V CAT IV<\/td>\n<\/tr>\n<tr>\n<td>Aprobaciones de agencias<\/td>\n<td>Listado en UL, CSA, T\u00dcV y VDE pendiente<\/td>\n<\/tr>\n<tr>\n<td colspan=\"2\"><strong>Especificaciones mec\u00e1nicas y generales<\/strong><\/td>\n<\/tr>\n<tr>\n<td>Duraci\u00f3n de la bater\u00eda<\/td>\n<td>Alcalino aproximadamente 200 horas t\u00edpico, sin luz de fondo<\/td>\n<\/tr>\n<tr>\n<td>Tama\u00f1o<\/td>\n<td>1,7 x 3,5 x 7,3&#8243; (43 x 90 x 185 mm)<\/td>\n<\/tr>\n<tr>\n<td>Peso<\/td>\n<td>0,9 lb (420 g)<\/td>\n<\/tr>\n<\/tbody>\n<\/table>\n","protected":false},"excerpt":{"rendered":"<p>Ideal para solucionar problemas y reparar sistemas el\u00e9ctricos y electr\u00f3nicos debido a la pantalla digital retroiluminada de este mult\u00edmetro True RMS, el gr\u00e1fico de barras anal\u00f3gico y las mediciones de temperatura incorporadas. Este producto incluye un certificado trazable con datos completos e incertidumbres.<\/p>\n","protected":false},"featured_media":2117,"comment_status":"open","ping_status":"closed","template":"","meta":{"_joinchat":[]},"product_brand":[],"product_cat":[15],"product_tag":[],"class_list":{"0":"post-2115","1":"product","2":"type-product","3":"status-publish","4":"has-post-thumbnail","6":"product_cat-sin-categorizar","8":"first","9":"instock","10":"shipping-taxable","11":"product-type-simple"},"yoast_head":"<!-- This site is optimized with the Yoast SEO plugin v26.4 - https:\/\/yoast.com\/wordpress\/plugins\/seo\/ -->\n<title>Mult\u00edmetro digital fluke 179-efsp-nist true rms con term\u00f3metro incorporado, incluye certificado trazable - Abaa tienda online<\/title>\n<meta name=\"robots\" content=\"index, follow, max-snippet:-1, max-image-preview:large, max-video-preview:-1\" \/>\n<link rel=\"canonical\" href=\"https:\/\/abaa.mx\/tienda\/multimetro-digital-fluke-179-efsp-nist-true-rms-con-termometro-incorporado-incluye-certificado-trazable\/\" \/>\n<meta property=\"og:locale\" content=\"es_MX\" \/>\n<meta property=\"og:type\" content=\"article\" \/>\n<meta property=\"og:title\" content=\"Mult\u00edmetro digital fluke 179-efsp-nist true rms con term\u00f3metro incorporado, incluye certificado trazable - Abaa tienda online\" \/>\n<meta property=\"og:description\" content=\"Ideal para solucionar problemas y reparar sistemas el\u00e9ctricos y electr\u00f3nicos debido a la pantalla digital retroiluminada de este mult\u00edmetro True RMS, el gr\u00e1fico de barras anal\u00f3gico y las mediciones de temperatura incorporadas. Este producto incluye un certificado trazable con datos completos e incertidumbres.\" \/>\n<meta property=\"og:url\" content=\"https:\/\/abaa.mx\/tienda\/multimetro-digital-fluke-179-efsp-nist-true-rms-con-termometro-incorporado-incluye-certificado-trazable\/\" \/>\n<meta property=\"og:site_name\" content=\"Abaa tienda online\" \/>\n<meta property=\"article:modified_time\" content=\"2023-11-28T20:15:14+00:00\" \/>\n<meta property=\"og:image\" content=\"https:\/\/abaa.mx\/tienda\/wp-content\/uploads\/2023\/09\/179-ESFP-NIST.jpg\" \/>\n\t<meta property=\"og:image:width\" content=\"420\" \/>\n\t<meta property=\"og:image:height\" content=\"420\" \/>\n\t<meta property=\"og:image:type\" content=\"image\/jpeg\" \/>\n<meta name=\"twitter:card\" content=\"summary_large_image\" \/>\n<meta name=\"twitter:label1\" content=\"Tiempo de lectura\" \/>\n\t<meta name=\"twitter:data1\" content=\"3 minutos\" \/>\n<script type=\"application\/ld+json\" class=\"yoast-schema-graph\">{\"@context\":\"https:\/\/schema.org\",\"@graph\":[{\"@type\":\"WebPage\",\"@id\":\"https:\/\/abaa.mx\/tienda\/multimetro-digital-fluke-179-efsp-nist-true-rms-con-termometro-incorporado-incluye-certificado-trazable\/\",\"url\":\"https:\/\/abaa.mx\/tienda\/multimetro-digital-fluke-179-efsp-nist-true-rms-con-termometro-incorporado-incluye-certificado-trazable\/\",\"name\":\"Mult\u00edmetro digital fluke 179-efsp-nist true rms con term\u00f3metro incorporado, incluye certificado trazable - Abaa tienda online\",\"isPartOf\":{\"@id\":\"https:\/\/abaa.mx\/tienda\/#website\"},\"primaryImageOfPage\":{\"@id\":\"https:\/\/abaa.mx\/tienda\/multimetro-digital-fluke-179-efsp-nist-true-rms-con-termometro-incorporado-incluye-certificado-trazable\/#primaryimage\"},\"image\":{\"@id\":\"https:\/\/abaa.mx\/tienda\/multimetro-digital-fluke-179-efsp-nist-true-rms-con-termometro-incorporado-incluye-certificado-trazable\/#primaryimage\"},\"thumbnailUrl\":\"https:\/\/abaa.mx\/tienda\/wp-content\/uploads\/2023\/09\/179-ESFP-NIST.jpg\",\"datePublished\":\"2023-09-19T21:33:17+00:00\",\"dateModified\":\"2023-11-28T20:15:14+00:00\",\"breadcrumb\":{\"@id\":\"https:\/\/abaa.mx\/tienda\/multimetro-digital-fluke-179-efsp-nist-true-rms-con-termometro-incorporado-incluye-certificado-trazable\/#breadcrumb\"},\"inLanguage\":\"es\",\"potentialAction\":[{\"@type\":\"ReadAction\",\"target\":[\"https:\/\/abaa.mx\/tienda\/multimetro-digital-fluke-179-efsp-nist-true-rms-con-termometro-incorporado-incluye-certificado-trazable\/\"]}]},{\"@type\":\"ImageObject\",\"inLanguage\":\"es\",\"@id\":\"https:\/\/abaa.mx\/tienda\/multimetro-digital-fluke-179-efsp-nist-true-rms-con-termometro-incorporado-incluye-certificado-trazable\/#primaryimage\",\"url\":\"https:\/\/abaa.mx\/tienda\/wp-content\/uploads\/2023\/09\/179-ESFP-NIST.jpg\",\"contentUrl\":\"https:\/\/abaa.mx\/tienda\/wp-content\/uploads\/2023\/09\/179-ESFP-NIST.jpg\",\"width\":420,\"height\":420,\"caption\":\"multimetro-digital-fluke-179-efsp-nist-true-rms-con-termometro-incorporado-incluye-certificado-trazable\"},{\"@type\":\"BreadcrumbList\",\"@id\":\"https:\/\/abaa.mx\/tienda\/multimetro-digital-fluke-179-efsp-nist-true-rms-con-termometro-incorporado-incluye-certificado-trazable\/#breadcrumb\",\"itemListElement\":[{\"@type\":\"ListItem\",\"position\":1,\"name\":\"Inicio\",\"item\":\"https:\/\/abaa.mx\/tienda\/\"},{\"@type\":\"ListItem\",\"position\":2,\"name\":\"Tienda\",\"item\":\"https:\/\/abaa.mx\/tienda\/\"},{\"@type\":\"ListItem\",\"position\":3,\"name\":\"Mult\u00edmetro digital fluke 179-efsp-nist true rms con term\u00f3metro incorporado, incluye certificado trazable\"}]},{\"@type\":\"WebSite\",\"@id\":\"https:\/\/abaa.mx\/tienda\/#website\",\"url\":\"https:\/\/abaa.mx\/tienda\/\",\"name\":\"Abaa tienda online\",\"description\":\"Instrumentos de medici\u00f3n\",\"publisher\":{\"@id\":\"https:\/\/abaa.mx\/tienda\/#organization\"},\"potentialAction\":[{\"@type\":\"SearchAction\",\"target\":{\"@type\":\"EntryPoint\",\"urlTemplate\":\"https:\/\/abaa.mx\/tienda\/?s={search_term_string}\"},\"query-input\":{\"@type\":\"PropertyValueSpecification\",\"valueRequired\":true,\"valueName\":\"search_term_string\"}}],\"inLanguage\":\"es\"},{\"@type\":\"Organization\",\"@id\":\"https:\/\/abaa.mx\/tienda\/#organization\",\"name\":\"Abaa tienda online\",\"url\":\"https:\/\/abaa.mx\/tienda\/\",\"logo\":{\"@type\":\"ImageObject\",\"inLanguage\":\"es\",\"@id\":\"https:\/\/abaa.mx\/tienda\/#\/schema\/logo\/image\/\",\"url\":\"https:\/\/abaa.mx\/tienda\/wp-content\/uploads\/2024\/01\/abaa-metrologia-tienda.png\",\"contentUrl\":\"https:\/\/abaa.mx\/tienda\/wp-content\/uploads\/2024\/01\/abaa-metrologia-tienda.png\",\"width\":300,\"height\":141,\"caption\":\"Abaa tienda online\"},\"image\":{\"@id\":\"https:\/\/abaa.mx\/tienda\/#\/schema\/logo\/image\/\"}}]}<\/script>\n<!-- \/ Yoast SEO plugin. -->","yoast_head_json":{"title":"Mult\u00edmetro digital fluke 179-efsp-nist true rms con term\u00f3metro incorporado, incluye certificado trazable - Abaa tienda online","robots":{"index":"index","follow":"follow","max-snippet":"max-snippet:-1","max-image-preview":"max-image-preview:large","max-video-preview":"max-video-preview:-1"},"canonical":"https:\/\/abaa.mx\/tienda\/multimetro-digital-fluke-179-efsp-nist-true-rms-con-termometro-incorporado-incluye-certificado-trazable\/","og_locale":"es_MX","og_type":"article","og_title":"Mult\u00edmetro digital fluke 179-efsp-nist true rms con term\u00f3metro incorporado, incluye certificado trazable - Abaa tienda online","og_description":"Ideal para solucionar problemas y reparar sistemas el\u00e9ctricos y electr\u00f3nicos debido a la pantalla digital retroiluminada de este mult\u00edmetro True RMS, el gr\u00e1fico de barras anal\u00f3gico y las mediciones de temperatura incorporadas. Este producto incluye un certificado trazable con datos completos e incertidumbres.","og_url":"https:\/\/abaa.mx\/tienda\/multimetro-digital-fluke-179-efsp-nist-true-rms-con-termometro-incorporado-incluye-certificado-trazable\/","og_site_name":"Abaa tienda online","article_modified_time":"2023-11-28T20:15:14+00:00","og_image":[{"width":420,"height":420,"url":"https:\/\/abaa.mx\/tienda\/wp-content\/uploads\/2023\/09\/179-ESFP-NIST.jpg","type":"image\/jpeg"}],"twitter_card":"summary_large_image","twitter_misc":{"Tiempo de lectura":"3 minutos"},"schema":{"@context":"https:\/\/schema.org","@graph":[{"@type":"WebPage","@id":"https:\/\/abaa.mx\/tienda\/multimetro-digital-fluke-179-efsp-nist-true-rms-con-termometro-incorporado-incluye-certificado-trazable\/","url":"https:\/\/abaa.mx\/tienda\/multimetro-digital-fluke-179-efsp-nist-true-rms-con-termometro-incorporado-incluye-certificado-trazable\/","name":"Mult\u00edmetro digital fluke 179-efsp-nist true rms con term\u00f3metro incorporado, incluye certificado trazable - Abaa tienda online","isPartOf":{"@id":"https:\/\/abaa.mx\/tienda\/#website"},"primaryImageOfPage":{"@id":"https:\/\/abaa.mx\/tienda\/multimetro-digital-fluke-179-efsp-nist-true-rms-con-termometro-incorporado-incluye-certificado-trazable\/#primaryimage"},"image":{"@id":"https:\/\/abaa.mx\/tienda\/multimetro-digital-fluke-179-efsp-nist-true-rms-con-termometro-incorporado-incluye-certificado-trazable\/#primaryimage"},"thumbnailUrl":"https:\/\/abaa.mx\/tienda\/wp-content\/uploads\/2023\/09\/179-ESFP-NIST.jpg","datePublished":"2023-09-19T21:33:17+00:00","dateModified":"2023-11-28T20:15:14+00:00","breadcrumb":{"@id":"https:\/\/abaa.mx\/tienda\/multimetro-digital-fluke-179-efsp-nist-true-rms-con-termometro-incorporado-incluye-certificado-trazable\/#breadcrumb"},"inLanguage":"es","potentialAction":[{"@type":"ReadAction","target":["https:\/\/abaa.mx\/tienda\/multimetro-digital-fluke-179-efsp-nist-true-rms-con-termometro-incorporado-incluye-certificado-trazable\/"]}]},{"@type":"ImageObject","inLanguage":"es","@id":"https:\/\/abaa.mx\/tienda\/multimetro-digital-fluke-179-efsp-nist-true-rms-con-termometro-incorporado-incluye-certificado-trazable\/#primaryimage","url":"https:\/\/abaa.mx\/tienda\/wp-content\/uploads\/2023\/09\/179-ESFP-NIST.jpg","contentUrl":"https:\/\/abaa.mx\/tienda\/wp-content\/uploads\/2023\/09\/179-ESFP-NIST.jpg","width":420,"height":420,"caption":"multimetro-digital-fluke-179-efsp-nist-true-rms-con-termometro-incorporado-incluye-certificado-trazable"},{"@type":"BreadcrumbList","@id":"https:\/\/abaa.mx\/tienda\/multimetro-digital-fluke-179-efsp-nist-true-rms-con-termometro-incorporado-incluye-certificado-trazable\/#breadcrumb","itemListElement":[{"@type":"ListItem","position":1,"name":"Inicio","item":"https:\/\/abaa.mx\/tienda\/"},{"@type":"ListItem","position":2,"name":"Tienda","item":"https:\/\/abaa.mx\/tienda\/"},{"@type":"ListItem","position":3,"name":"Mult\u00edmetro digital fluke 179-efsp-nist true rms con term\u00f3metro incorporado, incluye certificado trazable"}]},{"@type":"WebSite","@id":"https:\/\/abaa.mx\/tienda\/#website","url":"https:\/\/abaa.mx\/tienda\/","name":"Abaa tienda online","description":"Instrumentos de medici\u00f3n","publisher":{"@id":"https:\/\/abaa.mx\/tienda\/#organization"},"potentialAction":[{"@type":"SearchAction","target":{"@type":"EntryPoint","urlTemplate":"https:\/\/abaa.mx\/tienda\/?s={search_term_string}"},"query-input":{"@type":"PropertyValueSpecification","valueRequired":true,"valueName":"search_term_string"}}],"inLanguage":"es"},{"@type":"Organization","@id":"https:\/\/abaa.mx\/tienda\/#organization","name":"Abaa tienda online","url":"https:\/\/abaa.mx\/tienda\/","logo":{"@type":"ImageObject","inLanguage":"es","@id":"https:\/\/abaa.mx\/tienda\/#\/schema\/logo\/image\/","url":"https:\/\/abaa.mx\/tienda\/wp-content\/uploads\/2024\/01\/abaa-metrologia-tienda.png","contentUrl":"https:\/\/abaa.mx\/tienda\/wp-content\/uploads\/2024\/01\/abaa-metrologia-tienda.png","width":300,"height":141,"caption":"Abaa tienda online"},"image":{"@id":"https:\/\/abaa.mx\/tienda\/#\/schema\/logo\/image\/"}}]}},"_links":{"self":[{"href":"https:\/\/abaa.mx\/tienda\/wp-json\/wp\/v2\/product\/2115","targetHints":{"allow":["GET"]}}],"collection":[{"href":"https:\/\/abaa.mx\/tienda\/wp-json\/wp\/v2\/product"}],"about":[{"href":"https:\/\/abaa.mx\/tienda\/wp-json\/wp\/v2\/types\/product"}],"replies":[{"embeddable":true,"href":"https:\/\/abaa.mx\/tienda\/wp-json\/wp\/v2\/comments?post=2115"}],"wp:featuredmedia":[{"embeddable":true,"href":"https:\/\/abaa.mx\/tienda\/wp-json\/wp\/v2\/media\/2117"}],"wp:attachment":[{"href":"https:\/\/abaa.mx\/tienda\/wp-json\/wp\/v2\/media?parent=2115"}],"wp:term":[{"taxonomy":"product_brand","embeddable":true,"href":"https:\/\/abaa.mx\/tienda\/wp-json\/wp\/v2\/product_brand?post=2115"},{"taxonomy":"product_cat","embeddable":true,"href":"https:\/\/abaa.mx\/tienda\/wp-json\/wp\/v2\/product_cat?post=2115"},{"taxonomy":"product_tag","embeddable":true,"href":"https:\/\/abaa.mx\/tienda\/wp-json\/wp\/v2\/product_tag?post=2115"}],"curies":[{"name":"wp","href":"https:\/\/api.w.org\/{rel}","templated":true}]}}