{"id":2094,"date":"2023-09-19T20:50:15","date_gmt":"2023-09-19T20:50:15","guid":{"rendered":"https:\/\/abaa.mx\/tienda\/?post_type=product&#038;p=2094"},"modified":"2023-11-28T20:08:00","modified_gmt":"2023-11-28T20:08:00","slug":"kit-combinado-de-hvac-r-fluke-116-323","status":"publish","type":"product","link":"https:\/\/abaa.mx\/tienda\/kit-combinado-de-hvac-r-fluke-116-323\/","title":{"rendered":"kit combinado de hvac-r fluke 116-323"},"content":{"rendered":"<p><strong>Funciones<\/strong><\/p>\n<ul>\n<li>Term\u00f3metro incorporado<\/li>\n<li>Proporciona microamperios para probar sensores de llama<\/li>\n<li>Baja impedancia de entrada para ayudar a prevenir lecturas falsas debido al voltaje fantasma<\/li>\n<li>Gran retroiluminaci\u00f3n LED blanca para trabajar en \u00e1reas poco iluminadas<\/li>\n<li>Mide resistencia, continuidad, frecuencia y capacitancia<\/li>\n<li>Proporciona M\u00edn\/M\u00e1x\/Promedio para registrar las fluctuaciones de la se\u00f1al<\/li>\n<li>Dise\u00f1o ergon\u00f3mico compacto para el manejo con una sola mano<\/li>\n<li>Se adapta al colgador magn\u00e9tico opcional ToolPak para un funcionamiento manos libres (se vende por separado)<\/li>\n<li>CAT III 600 V con clasificaci\u00f3n de seguridad<\/li>\n<\/ul>\n<p><strong>Aplicaciones<\/strong><\/p>\n<ul>\n<li>HVAC\/R<\/li>\n<\/ul>\n<p><strong>Pinza amperim\u00e9trica Fluke 323 True RMS<\/strong><\/p>\n<p>Ofrece un rendimiento robusto y fiable e incluye mediciones True RMS, ergonom\u00eda optimizada y pantalla de gran tama\u00f1o, lo que lo hace ideal para la resoluci\u00f3n de problemas. Esta pinza amperim\u00e9trica forma parte de la serie 320 y est\u00e1 dise\u00f1ada para funcionar en los entornos m\u00e1s dif\u00edciles, y le proporciona resultados fiables y sin ruido. Su tama\u00f1o delgado y compacto y su dise\u00f1o resistente lo hacen ideal para medir corrientes de hasta 400 A en compartimentos de cable estrechos. \u00daselo para verificar la presencia de corriente de carga, voltaje de CA, continuidad de circuitos, interruptores, fusibles y contactos.<\/p>\n<p><strong>Funciones<\/strong><\/p>\n<ul>\n<li>Pinza amperim\u00e9trica True-RMS b\u00e1sica robusta y fiable para medir una corriente de hasta 400 A<\/li>\n<li>Mide la corriente alterna a 400 A<\/li>\n<li>Mide voltaje de CA y voltaje de CC a 600 V<\/li>\n<li>Proporciona voltaje y corriente de CA RMS verdadero para mediciones precisas en se\u00f1ales no lineales<\/li>\n<li>Mide la resistencia a 4 k\u03a9 con detecci\u00f3n de continuidad<\/li>\n<li>Dise\u00f1o delgado y ergon\u00f3mico para medir en compartimentos de cables estrechos<\/li>\n<li>Presenta las mediciones en una pantalla grande y f\u00e1cil de leer<\/li>\n<li>La funci\u00f3n Hold captura una lectura en la pantalla<\/li>\n<li>CAT III 600 V, CAT IV 300 V<\/li>\n<\/ul>\n<p><strong>Aplicaciones<\/strong><\/p>\n<ul>\n<li>El\u00e9ctrico<\/li>\n<li>Comercial<\/li>\n<li>Residencial<\/li>\n<li>Mantenimiento de la planta<\/li>\n<li>HVAC\/R<\/li>\n<\/ul>\n<p><strong>Juego de cables de prueba Fluke TL175 TwistGuard<\/strong><\/p>\n<p><strong>Funciones<\/strong><\/p>\n<ul>\n<li>Punta extensible patentada TwistGuard<\/li>\n<li>Nueva indicaci\u00f3n de desgaste del cable de plomo WearGuard<\/li>\n<li>Cables de silicona con doble aislamiento<\/li>\n<li>Alivio de tensi\u00f3n de servicio extra pesado tanto en el extremo de la sonda como en el extremo del enchufe<\/li>\n<li>Clasificaciones: CAT II 1000 V, CAT III 1000 V, CAT IV 600 V, 10 A m\u00e1x., Grado de contaminaci\u00f3n 2<\/li>\n<li>Cumple con EN61010-031<\/li>\n<\/ul>\n<p><strong>Aplicaciones<\/strong><\/p>\n<ul>\n<li>Prueba y medici\u00f3n<\/li>\n<li>Petr\u00f3leo y gas<\/li>\n<li>I+D<\/li>\n<li>Dise\u00f1o electr\u00f3nico<\/li>\n<li>Servicio de electr\u00f3nica<\/li>\n<li>Reparaci\u00f3n y mantenimiento<\/li>\n<li>El\u00e9ctrico<\/li>\n<li>Industrial<\/li>\n<\/ul>\n<p><strong>Percha del medidor magn\u00e9tico TPAK ToolPak de Fluke<\/strong><\/p>\n<p><strong>Funciones<\/strong><\/p>\n<ul>\n<li>La potente percha magn\u00e9tica le permite colgar su medidor en cualquier superficie met\u00e1lica<\/li>\n<li>La correa de gancho y bucle de 9&#8243; (228,6 mm) le permite girar alrededor de la tuber\u00eda<\/li>\n<li>Percha de gancho para colgar en superficies no magn\u00e9ticas<\/li>\n<li>La percha de uso general le permite colgar su medidor en clavos, ganchos y muchos otros objetos<\/li>\n<li>Compatible con muchos instrumentos Flu<\/li>\n<\/ul>\n<p><strong>Sonda de temperatura DMM integrada Fluke 80BK-A<\/strong><\/p>\n<p><strong>Funciones<\/strong><\/p>\n<ul>\n<li>Gato de pl\u00e1tano envuelto est\u00e1ndar<\/li>\n<li>Conveniente construcci\u00f3n de una sola pieza<\/li>\n<\/ul>\n<p><strong>Adaptador de termopar Fluke 80AK-A<\/strong><\/p>\n<p><strong>Aplicaciones<\/strong><\/p>\n<ul>\n<li>Baja tensi\u00f3n (por debajo de 30 V CA, 60 V CC)<\/li>\n<li>\n<h4>Especificaciones de Fluke 116\/323-KIT<\/h4>\n<table class=\"table table-striped\">\n<tbody>\n<tr>\n<td colspan=\"2\"><strong>Especificaciones de precisi\u00f3n<\/strong><\/td>\n<\/tr>\n<tr>\n<td>Milivoltios DC<\/td>\n<td>Rango: 600.0 mV Resoluci\u00f3n: 0.1 mV<\/p>\n<p>Precisi\u00f3n: 0.5 % + 2<\/td>\n<\/tr>\n<tr>\n<td>Voltios DC<\/td>\n<td>Rango: 6, 60, 600 V Resoluci\u00f3n: 0.001, 0.01, 0.1 V<\/p>\n<p>Precisi\u00f3n: 0.5 % + 2<\/td>\n<\/tr>\n<tr>\n<td>Voltios autom\u00e1ticos<\/td>\n<td>Rango: 600.0 V Resoluci\u00f3n: 0.1 V<\/p>\n<p>Precisi\u00f3n: 2.0 % + 3 (cc, 45 a 500 Hz) 4.0 % + 3 (500 Hz a 1 kHz)<\/td>\n<\/tr>\n<tr>\n<td>Milivoltios de CA Verdadero RMS<\/td>\n<td>Rango: 600.0 mV<br \/>\nResoluci\u00f3n: 0.1 V<br \/>\nPrecisi\u00f3n: 1.0 % + 3 (dc, 45 a 500 Hz) 2.0 % + 3 (500 Hz a 1 kHz)<\/td>\n<\/tr>\n<tr>\n<td>AC Volts True RMS<\/td>\n<td>Rango: 6, 60, 600 V Resoluci\u00f3n: 0.001, 0.01, 0.1 V<\/p>\n<p>Precisi\u00f3n: 1.0 % + 3 (dc, 45 a 500 Hz) 2.0 % + 3 (500 Hz a 1 kHz)<\/td>\n<\/tr>\n<tr>\n<td>Continuidad<\/td>\n<td>Rango: 600 \u03a9<br \/>\nResoluci\u00f3n: 1 \u03a9 Precisi\u00f3n: Beeper on &lt;20 \u03a9 off&gt; 250 \u03a9<br \/>\n; Detecta aperturas o cortocircuitos de 500 \u03bcs o m\u00e1s<\/td>\n<\/tr>\n<tr>\n<td>Ohmios<\/td>\n<td>Rango: 600 \u03a9, 6, 60, 600 k\u03a9, 6, 40 M\u03a9 Resoluci\u00f3n: 1 \u03a9, 0.001, 0.01, 0.1 k\u03a9, 0.001, 0.01 M\u03a9<\/p>\n<p>Precisi\u00f3n: 0.9 % + 1<\/td>\n<\/tr>\n<tr>\n<td>Prueba de diodo<\/td>\n<td>Rango: 2.000 V Resoluci\u00f3n: 0.001 V<\/p>\n<p>Precisi\u00f3n: 0.9 % + 2<\/td>\n<\/tr>\n<tr>\n<td>Capacitancia<\/td>\n<td>Rango: 1000, nF, 10, 100, 9999, 100 a 1000, &gt;1000 \u03bcF Resoluci\u00f3n: 1 nF, 0.01, 0.1, 1 \u03bcF<\/p>\n<p>Precisi\u00f3n: 0.9 % + 2, 1.9 % + 2, 5 % + 20<\/td>\n<\/tr>\n<tr>\n<td>Capacitancia Lo-Z<\/td>\n<td>Rango: 1 nF a 500\u03bcF<br \/>\nPrecisi\u00f3n: 10% + 2 t\u00edpico<\/td>\n<\/tr>\n<tr>\n<td>Temperatura (termopar tipo K)<\/td>\n<td>Rango: -40 a 752 \u00b0F (-40 a 400 \u00b0C) Resoluci\u00f3n: 0.2 \u00b0F (0.1 \u00b0C)<\/p>\n<p>Precisi\u00f3n: 1 % + 18<\/td>\n<\/tr>\n<tr>\n<td>AC \u03bcAmps True RMS (45 a 500 Hz)<\/td>\n<td>Rango: 600.0 \u03bcA Resoluci\u00f3n: 0.1 \u03bcA<\/p>\n<p>Precisi\u00f3n: 1.5 % + 3 (2.5 % + 3 &gt;500 Hz<\/td>\n<\/tr>\n<tr>\n<td>\u039cAmperios DC<\/td>\n<td>Rango: 600.0 \u03bcA Resoluci\u00f3n: 0.1 \u03bcA<\/p>\n<p>Precisi\u00f3n: 1.0 % + 2<\/td>\n<\/tr>\n<tr>\n<td>Hz (entrada V o A)<\/td>\n<td>Rango: 99.99, 999.9 Hz, 9.999, 50.00 kHz Resoluci\u00f3n: 0.01, 0.1 Hz, 0.001, 0.01 kHz<\/p>\n<p>Precisi\u00f3n: 0.1 % + 2<\/td>\n<\/tr>\n<tr>\n<td colspan=\"2\"><strong>Especificaciones generales<\/strong><\/td>\n<\/tr>\n<tr>\n<td>Voltaje m\u00e1ximo entre cualquier terminal y tierra<\/td>\n<td>600 V<\/td>\n<\/tr>\n<tr>\n<td>Monitor<\/td>\n<td>Digital: 6.000 cuentas, actualizaciones 4\/seg<\/td>\n<\/tr>\n<tr>\n<td>Gr\u00e1fico de barras<\/td>\n<td>33 segmentos, actualizaciones 32\/seg<\/td>\n<\/tr>\n<tr>\n<td>Temperatura de funcionamiento<\/td>\n<td>14 a 122\u00b0F (-10 a 50\u00b0C)<\/td>\n<\/tr>\n<tr>\n<td>Temperatura de almacenamiento<\/td>\n<td>-40 a 140\u00b0F (-40 a 60\u00b0C)<\/td>\n<\/tr>\n<tr>\n<td>Bater\u00eda<\/td>\n<td>9 V alcalino, NEDA 1604A\/IEC 6LR61<\/td>\n<\/tr>\n<tr>\n<td>Duraci\u00f3n de la bater\u00eda<\/td>\n<td>400 horas t\u00edpicas, sin luz de fondo<\/td>\n<\/tr>\n<tr>\n<td>Protecci\u00f3n contra sobretensiones<\/td>\n<td>Pico de 6 kV seg\u00fan IEC 61010-1 600 V CAT III, Grado de contaminaci\u00f3n 2<\/td>\n<\/tr>\n<\/tbody>\n<\/table>\n<\/li>\n<\/ul>\n","protected":false},"excerpt":{"rendered":"<p><strong>Funciones<\/strong><\/p>\n<ul>\n<li>Term\u00f3metro incorporado<\/li>\n<li>Proporciona microamperios para probar sensores de llama<\/li>\n<li>Baja impedancia de entrada para ayudar a prevenir lecturas falsas debido al voltaje fantasma<\/li>\n<li>Gran retroiluminaci\u00f3n LED blanca para trabajar en \u00e1reas poco iluminadas<\/li>\n<li>Mide resistencia, continuidad, frecuencia y capacitancia<\/li>\n<li>Proporciona M\u00edn\/M\u00e1x\/Promedio para registrar las fluctuaciones de la se\u00f1al<\/li>\n<li>Dise\u00f1o ergon\u00f3mico compacto para el manejo con una sola mano<\/li>\n<li>Se adapta al colgador magn\u00e9tico opcional ToolPak\u2122 para un funcionamiento manos libres (se vende por separado)<\/li>\n<li>CAT III 600 V con clasificaci\u00f3n de seguridad<\/li>\n<\/ul>\n","protected":false},"featured_media":2103,"comment_status":"open","ping_status":"closed","template":"","meta":{"_joinchat":[]},"product_brand":[],"product_cat":[15],"product_tag":[],"class_list":{"0":"post-2094","1":"product","2":"type-product","3":"status-publish","4":"has-post-thumbnail","6":"product_cat-sin-categorizar","8":"first","9":"instock","10":"shipping-taxable","11":"product-type-simple"},"yoast_head":"<!-- This site is optimized with the Yoast SEO plugin v26.4 - https:\/\/yoast.com\/wordpress\/plugins\/seo\/ -->\n<title>kit combinado de hvac-r fluke 116-323 - Abaa tienda online<\/title>\n<meta name=\"robots\" content=\"index, follow, max-snippet:-1, max-image-preview:large, max-video-preview:-1\" \/>\n<link rel=\"canonical\" href=\"https:\/\/abaa.mx\/tienda\/kit-combinado-de-hvac-r-fluke-116-323\/\" \/>\n<meta property=\"og:locale\" content=\"es_MX\" \/>\n<meta property=\"og:type\" content=\"article\" \/>\n<meta property=\"og:title\" content=\"kit combinado de hvac-r fluke 116-323 - Abaa tienda online\" \/>\n<meta property=\"og:description\" content=\"Funciones   Term\u00f3metro incorporado  Proporciona microamperios para probar sensores de llama  Baja impedancia de entrada para ayudar a prevenir lecturas falsas debido al voltaje fantasma  Gran retroiluminaci\u00f3n LED blanca para trabajar en \u00e1reas poco iluminadas  Mide resistencia, continuidad, frecuencia y capacitancia  Proporciona M\u00edn\/M\u00e1x\/Promedio para registrar las fluctuaciones de la se\u00f1al  Dise\u00f1o ergon\u00f3mico compacto para el manejo con una sola mano  Se adapta al colgador magn\u00e9tico opcional ToolPak\u2122 para un funcionamiento manos libres (se vende por separado)  CAT III 600 V con clasificaci\u00f3n de seguridad\" \/>\n<meta property=\"og:url\" content=\"https:\/\/abaa.mx\/tienda\/kit-combinado-de-hvac-r-fluke-116-323\/\" \/>\n<meta property=\"og:site_name\" content=\"Abaa tienda online\" \/>\n<meta property=\"article:modified_time\" content=\"2023-11-28T20:08:00+00:00\" \/>\n<meta property=\"og:image\" content=\"https:\/\/abaa.mx\/tienda\/wp-content\/uploads\/2023\/09\/116-323-KIT.jpg\" \/>\n\t<meta property=\"og:image:width\" content=\"800\" \/>\n\t<meta property=\"og:image:height\" content=\"800\" \/>\n\t<meta property=\"og:image:type\" content=\"image\/jpeg\" \/>\n<meta name=\"twitter:card\" content=\"summary_large_image\" \/>\n<meta name=\"twitter:label1\" content=\"Tiempo de lectura\" \/>\n\t<meta name=\"twitter:data1\" content=\"4 minutos\" \/>\n<script type=\"application\/ld+json\" class=\"yoast-schema-graph\">{\"@context\":\"https:\/\/schema.org\",\"@graph\":[{\"@type\":\"WebPage\",\"@id\":\"https:\/\/abaa.mx\/tienda\/kit-combinado-de-hvac-r-fluke-116-323\/\",\"url\":\"https:\/\/abaa.mx\/tienda\/kit-combinado-de-hvac-r-fluke-116-323\/\",\"name\":\"kit combinado de hvac-r fluke 116-323 - Abaa tienda online\",\"isPartOf\":{\"@id\":\"https:\/\/abaa.mx\/tienda\/#website\"},\"primaryImageOfPage\":{\"@id\":\"https:\/\/abaa.mx\/tienda\/kit-combinado-de-hvac-r-fluke-116-323\/#primaryimage\"},\"image\":{\"@id\":\"https:\/\/abaa.mx\/tienda\/kit-combinado-de-hvac-r-fluke-116-323\/#primaryimage\"},\"thumbnailUrl\":\"https:\/\/abaa.mx\/tienda\/wp-content\/uploads\/2023\/09\/116-323-KIT.jpg\",\"datePublished\":\"2023-09-19T20:50:15+00:00\",\"dateModified\":\"2023-11-28T20:08:00+00:00\",\"breadcrumb\":{\"@id\":\"https:\/\/abaa.mx\/tienda\/kit-combinado-de-hvac-r-fluke-116-323\/#breadcrumb\"},\"inLanguage\":\"es\",\"potentialAction\":[{\"@type\":\"ReadAction\",\"target\":[\"https:\/\/abaa.mx\/tienda\/kit-combinado-de-hvac-r-fluke-116-323\/\"]}]},{\"@type\":\"ImageObject\",\"inLanguage\":\"es\",\"@id\":\"https:\/\/abaa.mx\/tienda\/kit-combinado-de-hvac-r-fluke-116-323\/#primaryimage\",\"url\":\"https:\/\/abaa.mx\/tienda\/wp-content\/uploads\/2023\/09\/116-323-KIT.jpg\",\"contentUrl\":\"https:\/\/abaa.mx\/tienda\/wp-content\/uploads\/2023\/09\/116-323-KIT.jpg\",\"width\":800,\"height\":800,\"caption\":\"116-323 KIT\"},{\"@type\":\"BreadcrumbList\",\"@id\":\"https:\/\/abaa.mx\/tienda\/kit-combinado-de-hvac-r-fluke-116-323\/#breadcrumb\",\"itemListElement\":[{\"@type\":\"ListItem\",\"position\":1,\"name\":\"Inicio\",\"item\":\"https:\/\/abaa.mx\/tienda\/\"},{\"@type\":\"ListItem\",\"position\":2,\"name\":\"Tienda\",\"item\":\"https:\/\/abaa.mx\/tienda\/\"},{\"@type\":\"ListItem\",\"position\":3,\"name\":\"kit combinado de hvac-r fluke 116-323\"}]},{\"@type\":\"WebSite\",\"@id\":\"https:\/\/abaa.mx\/tienda\/#website\",\"url\":\"https:\/\/abaa.mx\/tienda\/\",\"name\":\"Abaa tienda online\",\"description\":\"Instrumentos de medici\u00f3n\",\"publisher\":{\"@id\":\"https:\/\/abaa.mx\/tienda\/#organization\"},\"potentialAction\":[{\"@type\":\"SearchAction\",\"target\":{\"@type\":\"EntryPoint\",\"urlTemplate\":\"https:\/\/abaa.mx\/tienda\/?s={search_term_string}\"},\"query-input\":{\"@type\":\"PropertyValueSpecification\",\"valueRequired\":true,\"valueName\":\"search_term_string\"}}],\"inLanguage\":\"es\"},{\"@type\":\"Organization\",\"@id\":\"https:\/\/abaa.mx\/tienda\/#organization\",\"name\":\"Abaa tienda online\",\"url\":\"https:\/\/abaa.mx\/tienda\/\",\"logo\":{\"@type\":\"ImageObject\",\"inLanguage\":\"es\",\"@id\":\"https:\/\/abaa.mx\/tienda\/#\/schema\/logo\/image\/\",\"url\":\"https:\/\/abaa.mx\/tienda\/wp-content\/uploads\/2024\/01\/abaa-metrologia-tienda.png\",\"contentUrl\":\"https:\/\/abaa.mx\/tienda\/wp-content\/uploads\/2024\/01\/abaa-metrologia-tienda.png\",\"width\":300,\"height\":141,\"caption\":\"Abaa tienda online\"},\"image\":{\"@id\":\"https:\/\/abaa.mx\/tienda\/#\/schema\/logo\/image\/\"}}]}<\/script>\n<!-- \/ Yoast SEO plugin. -->","yoast_head_json":{"title":"kit combinado de hvac-r fluke 116-323 - Abaa tienda online","robots":{"index":"index","follow":"follow","max-snippet":"max-snippet:-1","max-image-preview":"max-image-preview:large","max-video-preview":"max-video-preview:-1"},"canonical":"https:\/\/abaa.mx\/tienda\/kit-combinado-de-hvac-r-fluke-116-323\/","og_locale":"es_MX","og_type":"article","og_title":"kit combinado de hvac-r fluke 116-323 - Abaa tienda online","og_description":"Funciones   Term\u00f3metro incorporado  Proporciona microamperios para probar sensores de llama  Baja impedancia de entrada para ayudar a prevenir lecturas falsas debido al voltaje fantasma  Gran retroiluminaci\u00f3n LED blanca para trabajar en \u00e1reas poco iluminadas  Mide resistencia, continuidad, frecuencia y capacitancia  Proporciona M\u00edn\/M\u00e1x\/Promedio para registrar las fluctuaciones de la se\u00f1al  Dise\u00f1o ergon\u00f3mico compacto para el manejo con una sola mano  Se adapta al colgador magn\u00e9tico opcional ToolPak\u2122 para un funcionamiento manos libres (se vende por separado)  CAT III 600 V con clasificaci\u00f3n de seguridad","og_url":"https:\/\/abaa.mx\/tienda\/kit-combinado-de-hvac-r-fluke-116-323\/","og_site_name":"Abaa tienda online","article_modified_time":"2023-11-28T20:08:00+00:00","og_image":[{"width":800,"height":800,"url":"https:\/\/abaa.mx\/tienda\/wp-content\/uploads\/2023\/09\/116-323-KIT.jpg","type":"image\/jpeg"}],"twitter_card":"summary_large_image","twitter_misc":{"Tiempo de lectura":"4 minutos"},"schema":{"@context":"https:\/\/schema.org","@graph":[{"@type":"WebPage","@id":"https:\/\/abaa.mx\/tienda\/kit-combinado-de-hvac-r-fluke-116-323\/","url":"https:\/\/abaa.mx\/tienda\/kit-combinado-de-hvac-r-fluke-116-323\/","name":"kit combinado de hvac-r fluke 116-323 - Abaa tienda online","isPartOf":{"@id":"https:\/\/abaa.mx\/tienda\/#website"},"primaryImageOfPage":{"@id":"https:\/\/abaa.mx\/tienda\/kit-combinado-de-hvac-r-fluke-116-323\/#primaryimage"},"image":{"@id":"https:\/\/abaa.mx\/tienda\/kit-combinado-de-hvac-r-fluke-116-323\/#primaryimage"},"thumbnailUrl":"https:\/\/abaa.mx\/tienda\/wp-content\/uploads\/2023\/09\/116-323-KIT.jpg","datePublished":"2023-09-19T20:50:15+00:00","dateModified":"2023-11-28T20:08:00+00:00","breadcrumb":{"@id":"https:\/\/abaa.mx\/tienda\/kit-combinado-de-hvac-r-fluke-116-323\/#breadcrumb"},"inLanguage":"es","potentialAction":[{"@type":"ReadAction","target":["https:\/\/abaa.mx\/tienda\/kit-combinado-de-hvac-r-fluke-116-323\/"]}]},{"@type":"ImageObject","inLanguage":"es","@id":"https:\/\/abaa.mx\/tienda\/kit-combinado-de-hvac-r-fluke-116-323\/#primaryimage","url":"https:\/\/abaa.mx\/tienda\/wp-content\/uploads\/2023\/09\/116-323-KIT.jpg","contentUrl":"https:\/\/abaa.mx\/tienda\/wp-content\/uploads\/2023\/09\/116-323-KIT.jpg","width":800,"height":800,"caption":"116-323 KIT"},{"@type":"BreadcrumbList","@id":"https:\/\/abaa.mx\/tienda\/kit-combinado-de-hvac-r-fluke-116-323\/#breadcrumb","itemListElement":[{"@type":"ListItem","position":1,"name":"Inicio","item":"https:\/\/abaa.mx\/tienda\/"},{"@type":"ListItem","position":2,"name":"Tienda","item":"https:\/\/abaa.mx\/tienda\/"},{"@type":"ListItem","position":3,"name":"kit combinado de hvac-r fluke 116-323"}]},{"@type":"WebSite","@id":"https:\/\/abaa.mx\/tienda\/#website","url":"https:\/\/abaa.mx\/tienda\/","name":"Abaa tienda online","description":"Instrumentos de medici\u00f3n","publisher":{"@id":"https:\/\/abaa.mx\/tienda\/#organization"},"potentialAction":[{"@type":"SearchAction","target":{"@type":"EntryPoint","urlTemplate":"https:\/\/abaa.mx\/tienda\/?s={search_term_string}"},"query-input":{"@type":"PropertyValueSpecification","valueRequired":true,"valueName":"search_term_string"}}],"inLanguage":"es"},{"@type":"Organization","@id":"https:\/\/abaa.mx\/tienda\/#organization","name":"Abaa tienda online","url":"https:\/\/abaa.mx\/tienda\/","logo":{"@type":"ImageObject","inLanguage":"es","@id":"https:\/\/abaa.mx\/tienda\/#\/schema\/logo\/image\/","url":"https:\/\/abaa.mx\/tienda\/wp-content\/uploads\/2024\/01\/abaa-metrologia-tienda.png","contentUrl":"https:\/\/abaa.mx\/tienda\/wp-content\/uploads\/2024\/01\/abaa-metrologia-tienda.png","width":300,"height":141,"caption":"Abaa tienda online"},"image":{"@id":"https:\/\/abaa.mx\/tienda\/#\/schema\/logo\/image\/"}}]}},"_links":{"self":[{"href":"https:\/\/abaa.mx\/tienda\/wp-json\/wp\/v2\/product\/2094","targetHints":{"allow":["GET"]}}],"collection":[{"href":"https:\/\/abaa.mx\/tienda\/wp-json\/wp\/v2\/product"}],"about":[{"href":"https:\/\/abaa.mx\/tienda\/wp-json\/wp\/v2\/types\/product"}],"replies":[{"embeddable":true,"href":"https:\/\/abaa.mx\/tienda\/wp-json\/wp\/v2\/comments?post=2094"}],"wp:featuredmedia":[{"embeddable":true,"href":"https:\/\/abaa.mx\/tienda\/wp-json\/wp\/v2\/media\/2103"}],"wp:attachment":[{"href":"https:\/\/abaa.mx\/tienda\/wp-json\/wp\/v2\/media?parent=2094"}],"wp:term":[{"taxonomy":"product_brand","embeddable":true,"href":"https:\/\/abaa.mx\/tienda\/wp-json\/wp\/v2\/product_brand?post=2094"},{"taxonomy":"product_cat","embeddable":true,"href":"https:\/\/abaa.mx\/tienda\/wp-json\/wp\/v2\/product_cat?post=2094"},{"taxonomy":"product_tag","embeddable":true,"href":"https:\/\/abaa.mx\/tienda\/wp-json\/wp\/v2\/product_tag?post=2094"}],"curies":[{"name":"wp","href":"https:\/\/api.w.org\/{rel}","templated":true}]}}