{"id":2093,"date":"2023-09-19T20:56:06","date_gmt":"2023-09-19T20:56:06","guid":{"rendered":"https:\/\/abaa.mx\/tienda\/?post_type=product&#038;p=2093"},"modified":"2023-11-28T20:19:14","modified_gmt":"2023-11-28T20:19:14","slug":"pinza-amperimetrica-fluke-374-fc-true-rms-ac-dc-600-a-1000-v","status":"publish","type":"product","link":"https:\/\/abaa.mx\/tienda\/pinza-amperimetrica-fluke-374-fc-true-rms-ac-dc-600-a-1000-v\/","title":{"rendered":"pinza amperim\u00e9trica fluke 374 fc true rms ac-dc, 600 a, 1000 v"},"content":{"rendered":"<p>Ofrece un rendimiento avanzado de resoluci\u00f3n de problemas y conectividad inal\u00e1mbrica, esta pinza amperim\u00e9trica le permite registrar y realizar mediciones de tendencias para identificar fallos intermitentes y transmitir los resultados de forma inal\u00e1mbrica a trav\u00e9s de la aplicaci\u00f3n Fluke Connect Measurements. Adem\u00e1s, cree y env\u00ede informes desde el campo y capture mediciones fuera de la zona de arco el\u00e9ctrico con conectividad Bluetooth.<\/p>\n<p>&nbsp;<\/p>\n<p><strong>Funciones<\/strong><\/p>\n<ul>\n<li>Registro y mediciones de tendencias: transmita los resultados de forma inal\u00e1mbrica a trav\u00e9s de la aplicaci\u00f3n Fluke Connect Measurements.<\/li>\n<li>Trabaje de forma segura: capture mediciones fuera de la zona de arco el\u00e9ctrico con conectividad Bluetooth a sus dispositivos Apple o Android.<\/li>\n<li>Voltaje y corriente RMS reales para mediciones precisas en se\u00f1ales no lineales.<\/li>\n<li>Conecte su medidor a su smartphone con la aplicaci\u00f3n Fluke Connect Measurements para aumentar la potencia de soluci\u00f3n de problemas de su pinza.<\/li>\n<li>Lea las mediciones en su tel\u00e9fono a una distancia segura, usando menos EPP mientras su medidor asume todos los riesgos.<\/li>\n<li>Grabe los resultados directamente en su tel\u00e9fono y en Fluke Cloud.<\/li>\n<li>Cree y comparta informes desde el campo por correo electr\u00f3nico, o converse en tiempo real con videollamadas de ShareLive.<\/li>\n<li>Tecnolog\u00eda patentada de medici\u00f3n en la carrera para filtrar el ruido y capturar la corriente de arranque del motor exactamente como lo ve la protecci\u00f3n del circuito.<\/li>\n<li>CAT IV 600 V, CAT III 1000 V.<\/li>\n<\/ul>\n<p>&nbsp;<\/p>\n<p><strong>Utilice la conectividad inal\u00e1mbrica para mantener una distancia segura:<\/strong><\/p>\n<p>Habilitado para Fluke Connect para transmitir resultados de forma inal\u00e1mbrica a trav\u00e9s de Bluetooth a dispositivos Apple y Android. Eso significa que puede leer los resultados fuera de la zona de arco el\u00e9ctrico, usando menos EPP. Incluso puede guardar resultados en la nube y crear y enviar informes por correo electr\u00f3nico directamente desde el campo. O conversa en tiempo real con las videollamadas de ShareLive.<\/p>\n<p>&nbsp;<\/p>\n<p><strong>Conjunto de caracter\u00edsticas vers\u00e1tiles:<\/strong><\/p>\n<p>Con las mediciones de voltaje y corriente de CA True RMS, esta pinza amperim\u00e9trica le permite solucionar problemas con precisi\u00f3n de se\u00f1ales no lineales. Tambi\u00e9n puede registrar y establecer tendencias para identificar los intermitentes mientras realiza otras tareas.<\/p>\n<p>&nbsp;<\/p>\n<p><strong>Otras capacidades \u00fatiles:<\/strong><\/p>\n<ul>\n<li>Compatible con la correa colgante magn\u00e9tica TPAK opcional (se vende por separado).<\/li>\n<li>Mide la capacitancia a 1000 \u03bcF.<\/li>\n<li>Proporciona mediciones reales de voltaje y corriente RMS para medir con precisi\u00f3n se\u00f1ales no lineales.<\/li>\n<li>Incluye grabaci\u00f3n m\u00ednima\/m\u00e1x\/media y de entrada para capturar variaciones autom\u00e1ticamente.<br \/>\n<h4><\/h4>\n<h4><\/h4>\n<\/li>\n<\/ul>\n<p>&nbsp;<\/p>\n<h4>Especificaciones de Fluke 374 FC<\/h4>\n<table class=\"table table-striped\">\n<tbody>\n<tr>\n<td colspan=\"2\"><strong>Especificaciones clave<\/strong><\/td>\n<\/tr>\n<tr>\n<td>Corriente alterna a trav\u00e9s de la mand\u00edbula<\/td>\n<td>Rango: 600 A Resoluci\u00f3n: 0.1 A Precisi\u00f3n: 2% \u00b15 d\u00edgitos (10 a 100 Hz), 2.5% \u00b15 d\u00edgitos (100 a 500 Hz)<br \/>\nFactor de cresta (50\/60 Hz): 2.5 a 600 A;A\u00f1adir 2% para C.F. &gt;2<\/td>\n<\/tr>\n<tr>\n<td>Corriente continua<\/td>\n<td>Rango: 600 A Resoluci\u00f3n: 0.1 A<\/p>\n<p>Precisi\u00f3n: 2% \u00b15 d\u00edgitos<\/td>\n<\/tr>\n<tr>\n<td>Voltaje de CA<\/td>\n<td>Rango: 1000 V Resoluci\u00f3n: 0.1 V (\u2264600 V), 1 V (\u22641000 V<br \/>\n) Precisi\u00f3n: 1.5% \u00b15 d\u00edgitos (20 a 500 Hz)<\/td>\n<\/tr>\n<tr>\n<td>Voltaje de CC<\/td>\n<td>Rango: 1000 V Resoluci\u00f3n: 0.1 V (\u2264600 V), 1 V (\u22641000 V<br \/>\n)<br \/>\nPrecisi\u00f3n: 1% \u00b15 d\u00edgitos<\/td>\n<\/tr>\n<tr>\n<td>mV CC<\/td>\n<td>Rango: 500.0 mV Resoluci\u00f3n: 0.1 mV<\/p>\n<p>Precisi\u00f3n: 1% \u00b15 d\u00edgitos<\/td>\n<\/tr>\n<tr>\n<td>Resistencia<\/td>\n<td>Rango: 6000 \u03a9<br \/>\nResoluci\u00f3n: 0.1 \u03a9 (\u2264600 \u03a9), 1 \u03a9 (\u22646000 \u03a9)<br \/>\nPrecisi\u00f3n: 1% \u00b15 d\u00edgitos<\/td>\n<\/tr>\n<tr>\n<td>Capacitancia<\/td>\n<td>Rango: 1000 \u03bcF Resoluci\u00f3n: 0.1 \u03bcF (\u2264100 \u03bcF), 1 \u03bcF<br \/>\n(\u22641000 \u03bcF)<br \/>\nPrecisi\u00f3n: 1% \u00b14 d\u00edgitos<\/td>\n<\/tr>\n<tr>\n<td colspan=\"2\"><strong>Especificaciones generales<\/strong><\/td>\n<\/tr>\n<tr>\n<td>Voltaje m\u00e1ximo entre<br \/>\ncualquier terminal y tierra<\/td>\n<td>1000 V<\/td>\n<\/tr>\n<tr>\n<td>Bater\u00edas<\/td>\n<td>2 x AA, NEDA 15 A, IEC LR6<\/td>\n<\/tr>\n<tr>\n<td>Temperatura<\/td>\n<td>En funcionamiento: de 14 a 122 \u00b0C (10 a 50 \u00b0F) Almacenamiento: -40 a 140 \u00b0F (-40 a 60 \u00b0C)<\/td>\n<\/tr>\n<tr>\n<td>Humedad de funcionamiento<br \/>\nsin condensaci\u00f3n a 50 \u00b0F (&lt;10 \u00b0C)<\/td>\n<td>\u226490% HR a 50 a 86 \u00b0F (10 a 30 \u00b0C) \u226475 % HR a 86 a 104 \u00b0F (30 a 40 \u00b0C) \u226445 % HR a 104 a 122 \u00b0F (40 a 50 \u00b0C)<\/td>\n<\/tr>\n<tr>\n<td>Altitud<\/td>\n<td>En funcionamiento: 9842.5&#8242; (3000 m) Almacenamiento: 39,370.1&#8242; (12,000 m)<\/td>\n<\/tr>\n<tr>\n<td>Seguridad<\/td>\n<td>IEC 61010-1, grado de contaminaci\u00f3n 2 IEC 61010-2-032: CAT III 1000 V\/CAT IV 600 V<br \/>\nIEC 61010-2-033:CAT III 1000 V\/CAT IV 600 V<\/td>\n<\/tr>\n<tr>\n<td>Clasificaci\u00f3n IP<\/td>\n<td>IEC 60529: IP30, no operativo<\/td>\n<\/tr>\n<tr>\n<td>Certificaci\u00f3n de radiofrecuencia ID de la FCC<\/td>\n<td>T68-FBLE IC:6627A-FBLE<\/td>\n<\/tr>\n<tr>\n<td>Apertura de la mand\u00edbula<\/td>\n<td>1 mm (33,34&#8243;)<\/td>\n<\/tr>\n<tr>\n<td>Dimensiones<\/td>\n<td>9,8 x 3,3 x 1,8&#8243; (249 x 85 x 45 mm)<\/td>\n<\/tr>\n<tr>\n<td>Peso<\/td>\n<td>0,87 libras (395 g)<\/td>\n<\/tr>\n<\/tbody>\n<\/table>\n","protected":false},"excerpt":{"rendered":"<p>Ofrece un rendimiento avanzado de resoluci\u00f3n de problemas y conectividad inal\u00e1mbrica, esta pinza amperim\u00e9trica le permite registrar y realizar mediciones de tendencias para identificar fallos intermitentes y transmitir los resultados de forma inal\u00e1mbrica a trav\u00e9s de la aplicaci\u00f3n Fluke Connect Measurements. Adem\u00e1s, cree y env\u00ede informes desde el campo y capture mediciones fuera de la zona de arco el\u00e9ctrico con conectividad Bluetooth.<\/p>\n","protected":false},"featured_media":2105,"comment_status":"open","ping_status":"closed","template":"","meta":{"_joinchat":[]},"product_brand":[],"product_cat":[15],"product_tag":[],"class_list":{"0":"post-2093","1":"product","2":"type-product","3":"status-publish","4":"has-post-thumbnail","6":"product_cat-sin-categorizar","8":"first","9":"instock","10":"shipping-taxable","11":"product-type-simple"},"yoast_head":"<!-- This site is optimized with the Yoast SEO plugin v26.4 - https:\/\/yoast.com\/wordpress\/plugins\/seo\/ -->\n<title>pinza amperim\u00e9trica fluke 374 fc true rms ac-dc, 600 a, 1000 v - Abaa tienda online<\/title>\n<meta name=\"robots\" content=\"index, follow, max-snippet:-1, max-image-preview:large, max-video-preview:-1\" \/>\n<link rel=\"canonical\" href=\"https:\/\/abaa.mx\/tienda\/pinza-amperimetrica-fluke-374-fc-true-rms-ac-dc-600-a-1000-v\/\" \/>\n<meta property=\"og:locale\" content=\"es_MX\" \/>\n<meta property=\"og:type\" content=\"article\" \/>\n<meta property=\"og:title\" content=\"pinza amperim\u00e9trica fluke 374 fc true rms ac-dc, 600 a, 1000 v - Abaa tienda online\" \/>\n<meta property=\"og:description\" content=\"Ofrece un rendimiento avanzado de resoluci\u00f3n de problemas y conectividad inal\u00e1mbrica, esta pinza amperim\u00e9trica le permite registrar y realizar mediciones de tendencias para identificar fallos intermitentes y transmitir los resultados de forma inal\u00e1mbrica a trav\u00e9s de la aplicaci\u00f3n Fluke Connect Measurements. Adem\u00e1s, cree y env\u00ede informes desde el campo y capture mediciones fuera de la zona de arco el\u00e9ctrico con conectividad Bluetooth.\" \/>\n<meta property=\"og:url\" content=\"https:\/\/abaa.mx\/tienda\/pinza-amperimetrica-fluke-374-fc-true-rms-ac-dc-600-a-1000-v\/\" \/>\n<meta property=\"og:site_name\" content=\"Abaa tienda online\" \/>\n<meta property=\"article:modified_time\" content=\"2023-11-28T20:19:14+00:00\" \/>\n<meta property=\"og:image\" content=\"https:\/\/abaa.mx\/tienda\/wp-content\/uploads\/2023\/09\/374-FC.webp\" \/>\n\t<meta property=\"og:image:width\" content=\"800\" \/>\n\t<meta property=\"og:image:height\" content=\"800\" \/>\n\t<meta property=\"og:image:type\" content=\"image\/webp\" \/>\n<meta name=\"twitter:card\" content=\"summary_large_image\" \/>\n<meta name=\"twitter:label1\" content=\"Tiempo de lectura\" \/>\n\t<meta name=\"twitter:data1\" content=\"4 minutos\" \/>\n<script type=\"application\/ld+json\" class=\"yoast-schema-graph\">{\"@context\":\"https:\/\/schema.org\",\"@graph\":[{\"@type\":\"WebPage\",\"@id\":\"https:\/\/abaa.mx\/tienda\/pinza-amperimetrica-fluke-374-fc-true-rms-ac-dc-600-a-1000-v\/\",\"url\":\"https:\/\/abaa.mx\/tienda\/pinza-amperimetrica-fluke-374-fc-true-rms-ac-dc-600-a-1000-v\/\",\"name\":\"pinza amperim\u00e9trica fluke 374 fc true rms ac-dc, 600 a, 1000 v - Abaa tienda online\",\"isPartOf\":{\"@id\":\"https:\/\/abaa.mx\/tienda\/#website\"},\"primaryImageOfPage\":{\"@id\":\"https:\/\/abaa.mx\/tienda\/pinza-amperimetrica-fluke-374-fc-true-rms-ac-dc-600-a-1000-v\/#primaryimage\"},\"image\":{\"@id\":\"https:\/\/abaa.mx\/tienda\/pinza-amperimetrica-fluke-374-fc-true-rms-ac-dc-600-a-1000-v\/#primaryimage\"},\"thumbnailUrl\":\"https:\/\/abaa.mx\/tienda\/wp-content\/uploads\/2023\/09\/374-FC.webp\",\"datePublished\":\"2023-09-19T20:56:06+00:00\",\"dateModified\":\"2023-11-28T20:19:14+00:00\",\"breadcrumb\":{\"@id\":\"https:\/\/abaa.mx\/tienda\/pinza-amperimetrica-fluke-374-fc-true-rms-ac-dc-600-a-1000-v\/#breadcrumb\"},\"inLanguage\":\"es\",\"potentialAction\":[{\"@type\":\"ReadAction\",\"target\":[\"https:\/\/abaa.mx\/tienda\/pinza-amperimetrica-fluke-374-fc-true-rms-ac-dc-600-a-1000-v\/\"]}]},{\"@type\":\"ImageObject\",\"inLanguage\":\"es\",\"@id\":\"https:\/\/abaa.mx\/tienda\/pinza-amperimetrica-fluke-374-fc-true-rms-ac-dc-600-a-1000-v\/#primaryimage\",\"url\":\"https:\/\/abaa.mx\/tienda\/wp-content\/uploads\/2023\/09\/374-FC.webp\",\"contentUrl\":\"https:\/\/abaa.mx\/tienda\/wp-content\/uploads\/2023\/09\/374-FC.webp\",\"width\":800,\"height\":800,\"caption\":\"374 FC\"},{\"@type\":\"BreadcrumbList\",\"@id\":\"https:\/\/abaa.mx\/tienda\/pinza-amperimetrica-fluke-374-fc-true-rms-ac-dc-600-a-1000-v\/#breadcrumb\",\"itemListElement\":[{\"@type\":\"ListItem\",\"position\":1,\"name\":\"Inicio\",\"item\":\"https:\/\/abaa.mx\/tienda\/\"},{\"@type\":\"ListItem\",\"position\":2,\"name\":\"Tienda\",\"item\":\"https:\/\/abaa.mx\/tienda\/\"},{\"@type\":\"ListItem\",\"position\":3,\"name\":\"pinza amperim\u00e9trica fluke 374 fc true rms ac-dc, 600 a, 1000 v\"}]},{\"@type\":\"WebSite\",\"@id\":\"https:\/\/abaa.mx\/tienda\/#website\",\"url\":\"https:\/\/abaa.mx\/tienda\/\",\"name\":\"Abaa tienda online\",\"description\":\"Instrumentos de medici\u00f3n\",\"publisher\":{\"@id\":\"https:\/\/abaa.mx\/tienda\/#organization\"},\"potentialAction\":[{\"@type\":\"SearchAction\",\"target\":{\"@type\":\"EntryPoint\",\"urlTemplate\":\"https:\/\/abaa.mx\/tienda\/?s={search_term_string}\"},\"query-input\":{\"@type\":\"PropertyValueSpecification\",\"valueRequired\":true,\"valueName\":\"search_term_string\"}}],\"inLanguage\":\"es\"},{\"@type\":\"Organization\",\"@id\":\"https:\/\/abaa.mx\/tienda\/#organization\",\"name\":\"Abaa tienda online\",\"url\":\"https:\/\/abaa.mx\/tienda\/\",\"logo\":{\"@type\":\"ImageObject\",\"inLanguage\":\"es\",\"@id\":\"https:\/\/abaa.mx\/tienda\/#\/schema\/logo\/image\/\",\"url\":\"https:\/\/abaa.mx\/tienda\/wp-content\/uploads\/2024\/01\/abaa-metrologia-tienda.png\",\"contentUrl\":\"https:\/\/abaa.mx\/tienda\/wp-content\/uploads\/2024\/01\/abaa-metrologia-tienda.png\",\"width\":300,\"height\":141,\"caption\":\"Abaa tienda online\"},\"image\":{\"@id\":\"https:\/\/abaa.mx\/tienda\/#\/schema\/logo\/image\/\"}}]}<\/script>\n<!-- \/ Yoast SEO plugin. -->","yoast_head_json":{"title":"pinza amperim\u00e9trica fluke 374 fc true rms ac-dc, 600 a, 1000 v - Abaa tienda online","robots":{"index":"index","follow":"follow","max-snippet":"max-snippet:-1","max-image-preview":"max-image-preview:large","max-video-preview":"max-video-preview:-1"},"canonical":"https:\/\/abaa.mx\/tienda\/pinza-amperimetrica-fluke-374-fc-true-rms-ac-dc-600-a-1000-v\/","og_locale":"es_MX","og_type":"article","og_title":"pinza amperim\u00e9trica fluke 374 fc true rms ac-dc, 600 a, 1000 v - Abaa tienda online","og_description":"Ofrece un rendimiento avanzado de resoluci\u00f3n de problemas y conectividad inal\u00e1mbrica, esta pinza amperim\u00e9trica le permite registrar y realizar mediciones de tendencias para identificar fallos intermitentes y transmitir los resultados de forma inal\u00e1mbrica a trav\u00e9s de la aplicaci\u00f3n Fluke Connect Measurements. Adem\u00e1s, cree y env\u00ede informes desde el campo y capture mediciones fuera de la zona de arco el\u00e9ctrico con conectividad Bluetooth.","og_url":"https:\/\/abaa.mx\/tienda\/pinza-amperimetrica-fluke-374-fc-true-rms-ac-dc-600-a-1000-v\/","og_site_name":"Abaa tienda online","article_modified_time":"2023-11-28T20:19:14+00:00","og_image":[{"width":800,"height":800,"url":"https:\/\/abaa.mx\/tienda\/wp-content\/uploads\/2023\/09\/374-FC.webp","type":"image\/webp"}],"twitter_card":"summary_large_image","twitter_misc":{"Tiempo de lectura":"4 minutos"},"schema":{"@context":"https:\/\/schema.org","@graph":[{"@type":"WebPage","@id":"https:\/\/abaa.mx\/tienda\/pinza-amperimetrica-fluke-374-fc-true-rms-ac-dc-600-a-1000-v\/","url":"https:\/\/abaa.mx\/tienda\/pinza-amperimetrica-fluke-374-fc-true-rms-ac-dc-600-a-1000-v\/","name":"pinza amperim\u00e9trica fluke 374 fc true rms ac-dc, 600 a, 1000 v - Abaa tienda online","isPartOf":{"@id":"https:\/\/abaa.mx\/tienda\/#website"},"primaryImageOfPage":{"@id":"https:\/\/abaa.mx\/tienda\/pinza-amperimetrica-fluke-374-fc-true-rms-ac-dc-600-a-1000-v\/#primaryimage"},"image":{"@id":"https:\/\/abaa.mx\/tienda\/pinza-amperimetrica-fluke-374-fc-true-rms-ac-dc-600-a-1000-v\/#primaryimage"},"thumbnailUrl":"https:\/\/abaa.mx\/tienda\/wp-content\/uploads\/2023\/09\/374-FC.webp","datePublished":"2023-09-19T20:56:06+00:00","dateModified":"2023-11-28T20:19:14+00:00","breadcrumb":{"@id":"https:\/\/abaa.mx\/tienda\/pinza-amperimetrica-fluke-374-fc-true-rms-ac-dc-600-a-1000-v\/#breadcrumb"},"inLanguage":"es","potentialAction":[{"@type":"ReadAction","target":["https:\/\/abaa.mx\/tienda\/pinza-amperimetrica-fluke-374-fc-true-rms-ac-dc-600-a-1000-v\/"]}]},{"@type":"ImageObject","inLanguage":"es","@id":"https:\/\/abaa.mx\/tienda\/pinza-amperimetrica-fluke-374-fc-true-rms-ac-dc-600-a-1000-v\/#primaryimage","url":"https:\/\/abaa.mx\/tienda\/wp-content\/uploads\/2023\/09\/374-FC.webp","contentUrl":"https:\/\/abaa.mx\/tienda\/wp-content\/uploads\/2023\/09\/374-FC.webp","width":800,"height":800,"caption":"374 FC"},{"@type":"BreadcrumbList","@id":"https:\/\/abaa.mx\/tienda\/pinza-amperimetrica-fluke-374-fc-true-rms-ac-dc-600-a-1000-v\/#breadcrumb","itemListElement":[{"@type":"ListItem","position":1,"name":"Inicio","item":"https:\/\/abaa.mx\/tienda\/"},{"@type":"ListItem","position":2,"name":"Tienda","item":"https:\/\/abaa.mx\/tienda\/"},{"@type":"ListItem","position":3,"name":"pinza amperim\u00e9trica fluke 374 fc true rms ac-dc, 600 a, 1000 v"}]},{"@type":"WebSite","@id":"https:\/\/abaa.mx\/tienda\/#website","url":"https:\/\/abaa.mx\/tienda\/","name":"Abaa tienda online","description":"Instrumentos de medici\u00f3n","publisher":{"@id":"https:\/\/abaa.mx\/tienda\/#organization"},"potentialAction":[{"@type":"SearchAction","target":{"@type":"EntryPoint","urlTemplate":"https:\/\/abaa.mx\/tienda\/?s={search_term_string}"},"query-input":{"@type":"PropertyValueSpecification","valueRequired":true,"valueName":"search_term_string"}}],"inLanguage":"es"},{"@type":"Organization","@id":"https:\/\/abaa.mx\/tienda\/#organization","name":"Abaa tienda online","url":"https:\/\/abaa.mx\/tienda\/","logo":{"@type":"ImageObject","inLanguage":"es","@id":"https:\/\/abaa.mx\/tienda\/#\/schema\/logo\/image\/","url":"https:\/\/abaa.mx\/tienda\/wp-content\/uploads\/2024\/01\/abaa-metrologia-tienda.png","contentUrl":"https:\/\/abaa.mx\/tienda\/wp-content\/uploads\/2024\/01\/abaa-metrologia-tienda.png","width":300,"height":141,"caption":"Abaa tienda online"},"image":{"@id":"https:\/\/abaa.mx\/tienda\/#\/schema\/logo\/image\/"}}]}},"_links":{"self":[{"href":"https:\/\/abaa.mx\/tienda\/wp-json\/wp\/v2\/product\/2093","targetHints":{"allow":["GET"]}}],"collection":[{"href":"https:\/\/abaa.mx\/tienda\/wp-json\/wp\/v2\/product"}],"about":[{"href":"https:\/\/abaa.mx\/tienda\/wp-json\/wp\/v2\/types\/product"}],"replies":[{"embeddable":true,"href":"https:\/\/abaa.mx\/tienda\/wp-json\/wp\/v2\/comments?post=2093"}],"wp:featuredmedia":[{"embeddable":true,"href":"https:\/\/abaa.mx\/tienda\/wp-json\/wp\/v2\/media\/2105"}],"wp:attachment":[{"href":"https:\/\/abaa.mx\/tienda\/wp-json\/wp\/v2\/media?parent=2093"}],"wp:term":[{"taxonomy":"product_brand","embeddable":true,"href":"https:\/\/abaa.mx\/tienda\/wp-json\/wp\/v2\/product_brand?post=2093"},{"taxonomy":"product_cat","embeddable":true,"href":"https:\/\/abaa.mx\/tienda\/wp-json\/wp\/v2\/product_cat?post=2093"},{"taxonomy":"product_tag","embeddable":true,"href":"https:\/\/abaa.mx\/tienda\/wp-json\/wp\/v2\/product_tag?post=2093"}],"curies":[{"name":"wp","href":"https:\/\/api.w.org\/{rel}","templated":true}]}}