{"id":2086,"date":"2023-09-19T20:24:12","date_gmt":"2023-09-19T20:24:12","guid":{"rendered":"https:\/\/abaa.mx\/tienda\/?post_type=product&#038;p=2086"},"modified":"2023-09-19T20:24:13","modified_gmt":"2023-09-19T20:24:13","slug":"multimetro-industrial-fluke-87v-true-rms-con-temperatura","status":"publish","type":"product","link":"https:\/\/abaa.mx\/tienda\/multimetro-industrial-fluke-87v-true-rms-con-temperatura\/","title":{"rendered":"Mult\u00edmetro industrial fluke 87v true rms con temperatura"},"content":{"rendered":"<h3>Ofertas de Fluke 87V<\/h3>\n<p>Eficiente y seguro, este mult\u00edmetro industrial est\u00e1 dise\u00f1ado para soportar picos superiores a 8000 V y cuenta con una advertencia audible si se colocan cables de prueba en los conectores de entrada incorrectos. Adem\u00e1s, este mult\u00edmetro incluye un gr\u00e1fico de barras anal\u00f3gico y una funda extra\u00edble con almacenamiento para el cable de prueba y la sonda.<\/p>\n<h3><strong>Funciones<\/strong><\/h3>\n<ul>\n<li>Identifique problemas de se\u00f1al complejos r\u00e1pidamente<\/li>\n<li>Admite mediciones precisas en VFD utilizando un filtro de paso bajo<\/li>\n<li>Captura intermitentes tan r\u00e1pido como 250 \u03bcS con captura m\u00e1xima<\/li>\n<li>Puerta de f\u00e1cil acceso para cambios r\u00e1pidos de bater\u00eda sin romper el sello de calibraci\u00f3n<\/li>\n<li>Gr\u00e1fico de barras anal\u00f3gico para se\u00f1ales cambiantes o inestables<\/li>\n<li>Pantalla de d\u00edgitos grandes con retroiluminaci\u00f3n brillante de dos niveles para facilitar la lectura con poca luz<\/li>\n<li>La retenci\u00f3n t\u00e1ctil mantiene las lecturas en pantalla incluso despu\u00e9s de quitar las sondas<\/li>\n<\/ul>\n<h5><strong>Construido con los m\u00e1s altos est\u00e1ndares de seguridad<\/strong><\/h5>\n<p>Todas las entradas se actualizan a la tercera edici\u00f3n de la EN 61010-1 a CAT III 1000 V y CAT IV 600 V. Este medidor est\u00e1 dise\u00f1ado para soportar picos de m\u00e1s de 8000 V. Tambi\u00e9n se beneficia de una advertencia de alerta de entrada audible si los cables de prueba se colocan en los conectores de entrada incorrectos para la medici\u00f3n que se est\u00e1 realizando.<\/p>\n<p><strong>Funda extra\u00edble con cable de prueba incorporado y almacenamiento de sonda para mayor comodidad<\/strong><\/p>\n<p>Esta unidad tiene una funda extra\u00edble que tambi\u00e9n contiene una sonda de prueba durante la prueba para facilitar la visualizaci\u00f3n. El modo relativo le permite eliminar la resistencia del cable de prueba, mejorando la precisi\u00f3n de las mediciones de baja resistencia. Para hacer su vida a\u00fan m\u00e1s f\u00e1cil, cabe en una percha magn\u00e9tica opcional para una f\u00e1cil configuraci\u00f3n y visualizaci\u00f3n mientras libera sus manos para otras tareas.<\/p>\n<h3><strong>Aplicaciones<\/strong><\/h3>\n<ul>\n<li>Accionamientos de motor<\/li>\n<li>Automatizaci\u00f3n de plantas<\/li>\n<li>Distribuci\u00f3n de energ\u00eda<\/li>\n<li>Equipos electromec\u00e1nicos<\/li>\n<\/ul>\n<h4>Especificaciones de Fluke 87V<\/h4>\n<table class=\"table table-striped\">\n<tbody>\n<tr>\n<td>Voltaje<\/td>\n<td>DC: Voltaje m\u00e1ximo: 1000 V Precisi\u00f3n: \u00b1 (0.05% + 1) Resoluci\u00f3n m\u00e1xima: 10\u03bcV<\/p>\n<p>AC: Voltaje m\u00e1ximo: 1000 V<\/p>\n<p>Precisi\u00f3n: \u00b1 (0.7% + 2)<br \/>\nVerdadero ancho de banda de CA RMS:<\/p>\n<p>20 kHz con filtro de<br \/>\npaso bajo; 3 dB a 1 kHz<br \/>\nResoluci\u00f3n m\u00e1xima: 0,1 mV<\/td>\n<\/tr>\n<tr>\n<td>Actual<\/td>\n<td>DC: Amperios m\u00e1ximos: 10 A (20 A durante 30 segundos m\u00e1ximo)Precisi\u00f3n de amperios: \u00b1 (0.2% + 2) Resoluci\u00f3n m\u00e1xima: 0.01\u03bcA AC: Amplificadores m\u00e1ximos: 10 A (20 A durante 30 segundos m\u00e1ximo)Precisi\u00f3n de amperios: \u00b1 (1.0% + 2)<\/p>\n<p>RMS<br \/>\nverdadero Resoluci\u00f3n m\u00e1xima:<\/p>\n<p>0.1\u03bcA<\/td>\n<\/tr>\n<tr>\n<td>Resistencia<\/td>\n<td>Resistencia m\u00e1xima: 50 M\u03a9<br \/>\nPrecisi\u00f3n: \u00b1 (0.2% + 1)<br \/>\nResoluci\u00f3n m\u00e1xima: 0.1 \u03a9<\/td>\n<\/tr>\n<tr>\n<td>Capacitancia<\/td>\n<td>Capacitancia m\u00e1xima: 9,999\u03bcF Precisi\u00f3n: \u00b1 (1% + 2)<br \/>\nResoluci\u00f3n m\u00e1xima: 0.01 nF<\/td>\n<\/tr>\n<tr>\n<td>Frecuencia<\/td>\n<td>Frecuencia m\u00e1xima: 200 kHz<br \/>\nPrecisi\u00f3n: \u00b1 (0.005% + 1)<br \/>\nResoluci\u00f3n m\u00e1xima: 0.01 Hz<\/td>\n<\/tr>\n<tr>\n<td>Ciclo de trabajo<\/td>\n<td>Ciclo de trabajo m\u00e1ximo: 99.9%Precisi\u00f3n: \u00b1 (0.2% por kHz + 0.1%)<br \/>\nResoluci\u00f3n m\u00e1xima: 0.1%Rango: Precisi\u00f3n dentro de \u00b1 (0.2%<\/p>\n<p>por kHz + 0.1%)<\/td>\n<\/tr>\n<tr>\n<td>Temperatura<\/td>\n<td>Medici\u00f3n: -328.0 a 1994.0 \u00b0F (-200.0 a 1090 \u00b0C) excluyendo la<br \/>\nsonda En funcionamiento: 68 a 131 \u00b0F (-20 a + 55 \u00b0C)Almacenamiento: -40 a 140 \u00b0F (-40 a + 60 \u00b0C)<\/td>\n<\/tr>\n<tr>\n<td>Sonda de temperatura de 80 BK<\/td>\n<td>-40 a 500 \u00b0F (-40 a 260 \u00b0C), 35.96 \u00b0F (2.2 \u00b0C) o 2%, lo que sea mayor<\/td>\n<\/tr>\n<tr>\n<td>Conductancia<\/td>\n<td>Conductancia m\u00e1xima: 60.00 nS<br \/>\nPrecisi\u00f3n: \u00b1 (1.0% + 10)<br \/>\nResoluci\u00f3n m\u00e1xima: 0.01 nS<\/td>\n<\/tr>\n<tr>\n<td>Diodo<\/td>\n<td>Rango: 3 V<br \/>\nResoluci\u00f3n: 1 mV<br \/>\nPrecisi\u00f3n: \u00b1 (2% + 1)<\/td>\n<\/tr>\n<tr>\n<td>Humedad (sin condensaci\u00f3n)<\/td>\n<td>0 a 90% (32 a 95\u00b0F [0 a 35\u00b0C]) 0 a 70% (95 a 131\u00b0F [35 a 55\u00b0C])<\/td>\n<\/tr>\n<tr>\n<td>Altitud de funcionamiento<\/td>\n<td>6561,68&#8242; (2000 m)<\/td>\n<\/tr>\n<tr>\n<td>Categor\u00eda de sobretensi\u00f3n<\/td>\n<td>EN 61010-1 a 1000 V CAT III, 600V CAT IV<\/td>\n<\/tr>\n<tr>\n<td>Aprobaciones de agencias<\/td>\n<td>CE, CSA, RCM<\/td>\n<\/tr>\n<tr>\n<td>Monitor<\/td>\n<td>Digital: 6000 recuentos Actualizaciones 4\/segundos, 19.999 recuentos en modo<br \/>\nde alta resoluci\u00f3n Anal\u00f3gico: 32 segmentos, actualizaciones 40\/segundos<br \/>\nFrecuencia: 19.999 recuentos, actualizaciones 3\/seonds a &gt; 10 Hz<\/td>\n<\/tr>\n<tr>\n<td>Shock<\/td>\n<td>Ca\u00edda de 3,28&#8242; (1 m) seg\u00fan IEC 61010-1:2001<\/td>\n<\/tr>\n<tr>\n<td>Vibraci\u00f3n<\/td>\n<td>Seg\u00fan MIL-PRF-28800 para un instrumento de Clase 2<\/td>\n<\/tr>\n<tr>\n<td>Poder<\/td>\n<td>Alcalino aproximadamente 400 horas t\u00edpico, sin luz de fondo<\/td>\n<\/tr>\n<tr>\n<td>Dimensiones<\/td>\n<td>7,9 x 3,8 x 2&#8243; (201 x 98 x 52 mm) (con funda)<\/td>\n<\/tr>\n<tr>\n<td>Peso<\/td>\n<td>0,78 lb (355 g)<br \/>\n1,37 lb (624 g) &#8211; con funda<\/td>\n<\/tr>\n<\/tbody>\n<\/table>\n","protected":false},"excerpt":{"rendered":"<p>Resuelva problemas r\u00e1pidamente y ofrezca capacidades de soluci\u00f3n de problemas precisas y avanzadas que pueden manejar se\u00f1ales complejas. Adem\u00e1s, este mult\u00edmetro industrial con temperatura es ideal para la resoluci\u00f3n de problemas de accionamientos de motores, automatizaci\u00f3n de plantas, distribuci\u00f3n de energ\u00eda y equipos electromec\u00e1nicos.<\/p>\n","protected":false},"featured_media":2091,"comment_status":"open","ping_status":"closed","template":"","meta":{"_joinchat":[]},"product_brand":[],"product_cat":[15],"product_tag":[],"class_list":{"0":"post-2086","1":"product","2":"type-product","3":"status-publish","4":"has-post-thumbnail","6":"product_cat-sin-categorizar","8":"first","9":"instock","10":"shipping-taxable","11":"product-type-simple"},"yoast_head":"<!-- This site is optimized with the Yoast SEO plugin v26.4 - https:\/\/yoast.com\/wordpress\/plugins\/seo\/ -->\n<title>Mult\u00edmetro industrial fluke 87v true rms con temperatura - Abaa tienda online<\/title>\n<meta name=\"robots\" content=\"index, follow, max-snippet:-1, max-image-preview:large, max-video-preview:-1\" \/>\n<link rel=\"canonical\" href=\"https:\/\/abaa.mx\/tienda\/multimetro-industrial-fluke-87v-true-rms-con-temperatura\/\" \/>\n<meta property=\"og:locale\" content=\"es_MX\" \/>\n<meta property=\"og:type\" content=\"article\" \/>\n<meta property=\"og:title\" content=\"Mult\u00edmetro industrial fluke 87v true rms con temperatura - Abaa tienda online\" \/>\n<meta property=\"og:description\" content=\"Resuelva problemas r\u00e1pidamente y ofrezca capacidades de soluci\u00f3n de problemas precisas y avanzadas que pueden manejar se\u00f1ales complejas. Adem\u00e1s, este mult\u00edmetro industrial con temperatura es ideal para la resoluci\u00f3n de problemas de accionamientos de motores, automatizaci\u00f3n de plantas, distribuci\u00f3n de energ\u00eda y equipos electromec\u00e1nicos.\" \/>\n<meta property=\"og:url\" content=\"https:\/\/abaa.mx\/tienda\/multimetro-industrial-fluke-87v-true-rms-con-temperatura\/\" \/>\n<meta property=\"og:site_name\" content=\"Abaa tienda online\" \/>\n<meta property=\"article:modified_time\" content=\"2023-09-19T20:24:13+00:00\" \/>\n<meta property=\"og:image\" content=\"https:\/\/abaa.mx\/tienda\/wp-content\/uploads\/2023\/09\/87V.jpg\" \/>\n\t<meta property=\"og:image:width\" content=\"270\" \/>\n\t<meta property=\"og:image:height\" content=\"499\" \/>\n\t<meta property=\"og:image:type\" content=\"image\/jpeg\" \/>\n<meta name=\"twitter:card\" content=\"summary_large_image\" \/>\n<meta name=\"twitter:label1\" content=\"Tiempo de lectura\" \/>\n\t<meta name=\"twitter:data1\" content=\"4 minutos\" \/>\n<script type=\"application\/ld+json\" class=\"yoast-schema-graph\">{\"@context\":\"https:\/\/schema.org\",\"@graph\":[{\"@type\":\"WebPage\",\"@id\":\"https:\/\/abaa.mx\/tienda\/multimetro-industrial-fluke-87v-true-rms-con-temperatura\/\",\"url\":\"https:\/\/abaa.mx\/tienda\/multimetro-industrial-fluke-87v-true-rms-con-temperatura\/\",\"name\":\"Mult\u00edmetro industrial fluke 87v true rms con temperatura - Abaa tienda online\",\"isPartOf\":{\"@id\":\"https:\/\/abaa.mx\/tienda\/#website\"},\"primaryImageOfPage\":{\"@id\":\"https:\/\/abaa.mx\/tienda\/multimetro-industrial-fluke-87v-true-rms-con-temperatura\/#primaryimage\"},\"image\":{\"@id\":\"https:\/\/abaa.mx\/tienda\/multimetro-industrial-fluke-87v-true-rms-con-temperatura\/#primaryimage\"},\"thumbnailUrl\":\"https:\/\/abaa.mx\/tienda\/wp-content\/uploads\/2023\/09\/87V.jpg\",\"datePublished\":\"2023-09-19T20:24:12+00:00\",\"dateModified\":\"2023-09-19T20:24:13+00:00\",\"breadcrumb\":{\"@id\":\"https:\/\/abaa.mx\/tienda\/multimetro-industrial-fluke-87v-true-rms-con-temperatura\/#breadcrumb\"},\"inLanguage\":\"es\",\"potentialAction\":[{\"@type\":\"ReadAction\",\"target\":[\"https:\/\/abaa.mx\/tienda\/multimetro-industrial-fluke-87v-true-rms-con-temperatura\/\"]}]},{\"@type\":\"ImageObject\",\"inLanguage\":\"es\",\"@id\":\"https:\/\/abaa.mx\/tienda\/multimetro-industrial-fluke-87v-true-rms-con-temperatura\/#primaryimage\",\"url\":\"https:\/\/abaa.mx\/tienda\/wp-content\/uploads\/2023\/09\/87V.jpg\",\"contentUrl\":\"https:\/\/abaa.mx\/tienda\/wp-content\/uploads\/2023\/09\/87V.jpg\",\"width\":270,\"height\":499,\"caption\":\"multimetro-industrial-fluke-87v-true-rms-con-temperatura\"},{\"@type\":\"BreadcrumbList\",\"@id\":\"https:\/\/abaa.mx\/tienda\/multimetro-industrial-fluke-87v-true-rms-con-temperatura\/#breadcrumb\",\"itemListElement\":[{\"@type\":\"ListItem\",\"position\":1,\"name\":\"Inicio\",\"item\":\"https:\/\/abaa.mx\/tienda\/\"},{\"@type\":\"ListItem\",\"position\":2,\"name\":\"Tienda\",\"item\":\"https:\/\/abaa.mx\/tienda\/\"},{\"@type\":\"ListItem\",\"position\":3,\"name\":\"Mult\u00edmetro industrial fluke 87v true rms con temperatura\"}]},{\"@type\":\"WebSite\",\"@id\":\"https:\/\/abaa.mx\/tienda\/#website\",\"url\":\"https:\/\/abaa.mx\/tienda\/\",\"name\":\"Abaa tienda online\",\"description\":\"Instrumentos de medici\u00f3n\",\"publisher\":{\"@id\":\"https:\/\/abaa.mx\/tienda\/#organization\"},\"potentialAction\":[{\"@type\":\"SearchAction\",\"target\":{\"@type\":\"EntryPoint\",\"urlTemplate\":\"https:\/\/abaa.mx\/tienda\/?s={search_term_string}\"},\"query-input\":{\"@type\":\"PropertyValueSpecification\",\"valueRequired\":true,\"valueName\":\"search_term_string\"}}],\"inLanguage\":\"es\"},{\"@type\":\"Organization\",\"@id\":\"https:\/\/abaa.mx\/tienda\/#organization\",\"name\":\"Abaa tienda online\",\"url\":\"https:\/\/abaa.mx\/tienda\/\",\"logo\":{\"@type\":\"ImageObject\",\"inLanguage\":\"es\",\"@id\":\"https:\/\/abaa.mx\/tienda\/#\/schema\/logo\/image\/\",\"url\":\"https:\/\/abaa.mx\/tienda\/wp-content\/uploads\/2024\/01\/abaa-metrologia-tienda.png\",\"contentUrl\":\"https:\/\/abaa.mx\/tienda\/wp-content\/uploads\/2024\/01\/abaa-metrologia-tienda.png\",\"width\":300,\"height\":141,\"caption\":\"Abaa tienda online\"},\"image\":{\"@id\":\"https:\/\/abaa.mx\/tienda\/#\/schema\/logo\/image\/\"}}]}<\/script>\n<!-- \/ Yoast SEO plugin. -->","yoast_head_json":{"title":"Mult\u00edmetro industrial fluke 87v true rms con temperatura - Abaa tienda online","robots":{"index":"index","follow":"follow","max-snippet":"max-snippet:-1","max-image-preview":"max-image-preview:large","max-video-preview":"max-video-preview:-1"},"canonical":"https:\/\/abaa.mx\/tienda\/multimetro-industrial-fluke-87v-true-rms-con-temperatura\/","og_locale":"es_MX","og_type":"article","og_title":"Mult\u00edmetro industrial fluke 87v true rms con temperatura - Abaa tienda online","og_description":"Resuelva problemas r\u00e1pidamente y ofrezca capacidades de soluci\u00f3n de problemas precisas y avanzadas que pueden manejar se\u00f1ales complejas. Adem\u00e1s, este mult\u00edmetro industrial con temperatura es ideal para la resoluci\u00f3n de problemas de accionamientos de motores, automatizaci\u00f3n de plantas, distribuci\u00f3n de energ\u00eda y equipos electromec\u00e1nicos.","og_url":"https:\/\/abaa.mx\/tienda\/multimetro-industrial-fluke-87v-true-rms-con-temperatura\/","og_site_name":"Abaa tienda online","article_modified_time":"2023-09-19T20:24:13+00:00","og_image":[{"width":270,"height":499,"url":"https:\/\/abaa.mx\/tienda\/wp-content\/uploads\/2023\/09\/87V.jpg","type":"image\/jpeg"}],"twitter_card":"summary_large_image","twitter_misc":{"Tiempo de lectura":"4 minutos"},"schema":{"@context":"https:\/\/schema.org","@graph":[{"@type":"WebPage","@id":"https:\/\/abaa.mx\/tienda\/multimetro-industrial-fluke-87v-true-rms-con-temperatura\/","url":"https:\/\/abaa.mx\/tienda\/multimetro-industrial-fluke-87v-true-rms-con-temperatura\/","name":"Mult\u00edmetro industrial fluke 87v true rms con temperatura - Abaa tienda online","isPartOf":{"@id":"https:\/\/abaa.mx\/tienda\/#website"},"primaryImageOfPage":{"@id":"https:\/\/abaa.mx\/tienda\/multimetro-industrial-fluke-87v-true-rms-con-temperatura\/#primaryimage"},"image":{"@id":"https:\/\/abaa.mx\/tienda\/multimetro-industrial-fluke-87v-true-rms-con-temperatura\/#primaryimage"},"thumbnailUrl":"https:\/\/abaa.mx\/tienda\/wp-content\/uploads\/2023\/09\/87V.jpg","datePublished":"2023-09-19T20:24:12+00:00","dateModified":"2023-09-19T20:24:13+00:00","breadcrumb":{"@id":"https:\/\/abaa.mx\/tienda\/multimetro-industrial-fluke-87v-true-rms-con-temperatura\/#breadcrumb"},"inLanguage":"es","potentialAction":[{"@type":"ReadAction","target":["https:\/\/abaa.mx\/tienda\/multimetro-industrial-fluke-87v-true-rms-con-temperatura\/"]}]},{"@type":"ImageObject","inLanguage":"es","@id":"https:\/\/abaa.mx\/tienda\/multimetro-industrial-fluke-87v-true-rms-con-temperatura\/#primaryimage","url":"https:\/\/abaa.mx\/tienda\/wp-content\/uploads\/2023\/09\/87V.jpg","contentUrl":"https:\/\/abaa.mx\/tienda\/wp-content\/uploads\/2023\/09\/87V.jpg","width":270,"height":499,"caption":"multimetro-industrial-fluke-87v-true-rms-con-temperatura"},{"@type":"BreadcrumbList","@id":"https:\/\/abaa.mx\/tienda\/multimetro-industrial-fluke-87v-true-rms-con-temperatura\/#breadcrumb","itemListElement":[{"@type":"ListItem","position":1,"name":"Inicio","item":"https:\/\/abaa.mx\/tienda\/"},{"@type":"ListItem","position":2,"name":"Tienda","item":"https:\/\/abaa.mx\/tienda\/"},{"@type":"ListItem","position":3,"name":"Mult\u00edmetro industrial fluke 87v true rms con temperatura"}]},{"@type":"WebSite","@id":"https:\/\/abaa.mx\/tienda\/#website","url":"https:\/\/abaa.mx\/tienda\/","name":"Abaa tienda online","description":"Instrumentos de medici\u00f3n","publisher":{"@id":"https:\/\/abaa.mx\/tienda\/#organization"},"potentialAction":[{"@type":"SearchAction","target":{"@type":"EntryPoint","urlTemplate":"https:\/\/abaa.mx\/tienda\/?s={search_term_string}"},"query-input":{"@type":"PropertyValueSpecification","valueRequired":true,"valueName":"search_term_string"}}],"inLanguage":"es"},{"@type":"Organization","@id":"https:\/\/abaa.mx\/tienda\/#organization","name":"Abaa tienda online","url":"https:\/\/abaa.mx\/tienda\/","logo":{"@type":"ImageObject","inLanguage":"es","@id":"https:\/\/abaa.mx\/tienda\/#\/schema\/logo\/image\/","url":"https:\/\/abaa.mx\/tienda\/wp-content\/uploads\/2024\/01\/abaa-metrologia-tienda.png","contentUrl":"https:\/\/abaa.mx\/tienda\/wp-content\/uploads\/2024\/01\/abaa-metrologia-tienda.png","width":300,"height":141,"caption":"Abaa tienda online"},"image":{"@id":"https:\/\/abaa.mx\/tienda\/#\/schema\/logo\/image\/"}}]}},"_links":{"self":[{"href":"https:\/\/abaa.mx\/tienda\/wp-json\/wp\/v2\/product\/2086","targetHints":{"allow":["GET"]}}],"collection":[{"href":"https:\/\/abaa.mx\/tienda\/wp-json\/wp\/v2\/product"}],"about":[{"href":"https:\/\/abaa.mx\/tienda\/wp-json\/wp\/v2\/types\/product"}],"replies":[{"embeddable":true,"href":"https:\/\/abaa.mx\/tienda\/wp-json\/wp\/v2\/comments?post=2086"}],"wp:featuredmedia":[{"embeddable":true,"href":"https:\/\/abaa.mx\/tienda\/wp-json\/wp\/v2\/media\/2091"}],"wp:attachment":[{"href":"https:\/\/abaa.mx\/tienda\/wp-json\/wp\/v2\/media?parent=2086"}],"wp:term":[{"taxonomy":"product_brand","embeddable":true,"href":"https:\/\/abaa.mx\/tienda\/wp-json\/wp\/v2\/product_brand?post=2086"},{"taxonomy":"product_cat","embeddable":true,"href":"https:\/\/abaa.mx\/tienda\/wp-json\/wp\/v2\/product_cat?post=2086"},{"taxonomy":"product_tag","embeddable":true,"href":"https:\/\/abaa.mx\/tienda\/wp-json\/wp\/v2\/product_tag?post=2086"}],"curies":[{"name":"wp","href":"https:\/\/api.w.org\/{rel}","templated":true}]}}