{"id":2085,"date":"2023-09-19T20:24:10","date_gmt":"2023-09-19T20:24:10","guid":{"rendered":"https:\/\/abaa.mx\/tienda\/?post_type=product&#038;p=2085"},"modified":"2023-09-19T20:24:10","modified_gmt":"2023-09-19T20:24:10","slug":"multimetro-true-rms-industrial-fluke-87-5-cal-con-certificado-de-calibracion","status":"publish","type":"product","link":"https:\/\/abaa.mx\/tienda\/multimetro-true-rms-industrial-fluke-87-5-cal-con-certificado-de-calibracion\/","title":{"rendered":"Mult\u00edmetro true-rms industrial fluke 87-5 cal con certificado de calibraci\u00f3n"},"content":{"rendered":"<h4>Ofertas de Fluke 87-5 CAL<\/h4>\n<p>El mult\u00edmetro True-RMS industrial Fluke 87-5 CAL con certificado de calibraci\u00f3n proporciona mediciones fiables para sistemas el\u00e9ctricos industriales. El mult\u00edmetro ofrece funciones para medir cada caracter\u00edstica relevante del sistema para proporcionar un an\u00e1lisis preciso de cualquier problema potencial. Cuenta con compatibilidad con sonda de temperatura para proporcionar otra capa de mediciones que garantizar\u00e1 la seguridad en el lugar de trabajo.<\/p>\n<h3><strong>Funciones:<\/strong><\/h3>\n<ul>\n<li>Resoluci\u00f3n y precisi\u00f3n mejoradas para la resoluci\u00f3n de problemas<\/li>\n<li>Dise\u00f1ado para procesos industriales y el\u00e9ctricos<\/li>\n<li>Incluye funciones de medici\u00f3n de temperatura<\/li>\n<li>El dise\u00f1o industrial cumple con todos los est\u00e1ndares de seguridad para el lugar de trabajo.<\/li>\n<\/ul>\n<h4>Especificaciones de Fluke 87-5 CAL<\/h4>\n<table class=\"table table-striped\">\n<tbody>\n<tr>\n<td>Voltaje AC\/DC<\/td>\n<td>1000 V<\/td>\n<\/tr>\n<tr>\n<td>Corriente AC\/DC<\/td>\n<td>10 A<\/td>\n<\/tr>\n<tr>\n<td>M\u00e1xima resistencia<\/td>\n<td>50 Mohm<\/td>\n<\/tr>\n<tr>\n<td>Capacitancia m\u00e1xima<\/td>\n<td>9999 \u03bcF<\/td>\n<\/tr>\n<tr>\n<td>Frecuencia m\u00e1xima<\/td>\n<td>200 kHz<\/td>\n<\/tr>\n<tr>\n<td>Temperatura<\/td>\n<td>-328 a 1994\u00b0F (-200 a 1090\u00b0C) excluyendo la sonda<\/td>\n<\/tr>\n<tr>\n<td>Peso<\/td>\n<td>0,8 lb (355 g)<\/td>\n<\/tr>\n<tr>\n<td>Temperatura de funcionamiento<\/td>\n<td>-4 a 131\u00b0F (-20 a 55\u00b0C)<\/td>\n<\/tr>\n<tr>\n<td>Altitud de funcionamiento<\/td>\n<td>6561&#8242; (2000 m)<\/td>\n<\/tr>\n<\/tbody>\n<\/table>\n","protected":false},"excerpt":{"rendered":"<p>El mult\u00edmetro determina las propiedades el\u00e9ctricas de un sistema.<\/p>\n<p>Cuenta con compatibilidad con sondas de temperatura.<\/p>\n","protected":false},"featured_media":2089,"comment_status":"open","ping_status":"closed","template":"","meta":{"_joinchat":[]},"product_brand":[],"product_cat":[15],"product_tag":[],"class_list":{"0":"post-2085","1":"product","2":"type-product","3":"status-publish","4":"has-post-thumbnail","6":"product_cat-sin-categorizar","8":"first","9":"instock","10":"shipping-taxable","11":"product-type-simple"},"yoast_head":"<!-- This site is optimized with the Yoast SEO plugin v26.4 - https:\/\/yoast.com\/wordpress\/plugins\/seo\/ -->\n<title>Mult\u00edmetro true-rms industrial fluke 87-5 cal con certificado de calibraci\u00f3n - Abaa tienda online<\/title>\n<meta name=\"robots\" content=\"index, follow, max-snippet:-1, max-image-preview:large, max-video-preview:-1\" \/>\n<link rel=\"canonical\" href=\"https:\/\/abaa.mx\/tienda\/multimetro-true-rms-industrial-fluke-87-5-cal-con-certificado-de-calibracion\/\" \/>\n<meta property=\"og:locale\" content=\"es_MX\" \/>\n<meta property=\"og:type\" content=\"article\" \/>\n<meta property=\"og:title\" content=\"Mult\u00edmetro true-rms industrial fluke 87-5 cal con certificado de calibraci\u00f3n - Abaa tienda online\" \/>\n<meta property=\"og:description\" content=\"El mult\u00edmetro determina las propiedades el\u00e9ctricas de un sistema.  Cuenta con compatibilidad con sondas de temperatura.\" \/>\n<meta property=\"og:url\" content=\"https:\/\/abaa.mx\/tienda\/multimetro-true-rms-industrial-fluke-87-5-cal-con-certificado-de-calibracion\/\" \/>\n<meta property=\"og:site_name\" content=\"Abaa tienda online\" \/>\n<meta property=\"og:image\" content=\"https:\/\/abaa.mx\/tienda\/wp-content\/uploads\/2023\/09\/87-5-CAL.jpg\" \/>\n\t<meta property=\"og:image:width\" content=\"270\" \/>\n\t<meta property=\"og:image:height\" content=\"499\" \/>\n\t<meta property=\"og:image:type\" content=\"image\/jpeg\" \/>\n<meta name=\"twitter:card\" content=\"summary_large_image\" \/>\n<meta name=\"twitter:label1\" content=\"Tiempo de lectura\" \/>\n\t<meta name=\"twitter:data1\" content=\"1 minuto\" \/>\n<script type=\"application\/ld+json\" class=\"yoast-schema-graph\">{\"@context\":\"https:\/\/schema.org\",\"@graph\":[{\"@type\":\"WebPage\",\"@id\":\"https:\/\/abaa.mx\/tienda\/multimetro-true-rms-industrial-fluke-87-5-cal-con-certificado-de-calibracion\/\",\"url\":\"https:\/\/abaa.mx\/tienda\/multimetro-true-rms-industrial-fluke-87-5-cal-con-certificado-de-calibracion\/\",\"name\":\"Mult\u00edmetro true-rms industrial fluke 87-5 cal con certificado de calibraci\u00f3n - Abaa tienda online\",\"isPartOf\":{\"@id\":\"https:\/\/abaa.mx\/tienda\/#website\"},\"primaryImageOfPage\":{\"@id\":\"https:\/\/abaa.mx\/tienda\/multimetro-true-rms-industrial-fluke-87-5-cal-con-certificado-de-calibracion\/#primaryimage\"},\"image\":{\"@id\":\"https:\/\/abaa.mx\/tienda\/multimetro-true-rms-industrial-fluke-87-5-cal-con-certificado-de-calibracion\/#primaryimage\"},\"thumbnailUrl\":\"https:\/\/abaa.mx\/tienda\/wp-content\/uploads\/2023\/09\/87-5-CAL.jpg\",\"datePublished\":\"2023-09-19T20:24:10+00:00\",\"breadcrumb\":{\"@id\":\"https:\/\/abaa.mx\/tienda\/multimetro-true-rms-industrial-fluke-87-5-cal-con-certificado-de-calibracion\/#breadcrumb\"},\"inLanguage\":\"es\",\"potentialAction\":[{\"@type\":\"ReadAction\",\"target\":[\"https:\/\/abaa.mx\/tienda\/multimetro-true-rms-industrial-fluke-87-5-cal-con-certificado-de-calibracion\/\"]}]},{\"@type\":\"ImageObject\",\"inLanguage\":\"es\",\"@id\":\"https:\/\/abaa.mx\/tienda\/multimetro-true-rms-industrial-fluke-87-5-cal-con-certificado-de-calibracion\/#primaryimage\",\"url\":\"https:\/\/abaa.mx\/tienda\/wp-content\/uploads\/2023\/09\/87-5-CAL.jpg\",\"contentUrl\":\"https:\/\/abaa.mx\/tienda\/wp-content\/uploads\/2023\/09\/87-5-CAL.jpg\",\"width\":270,\"height\":499,\"caption\":\"multimetro-industrial-fluke-87v-true-rms-con-temperatura\"},{\"@type\":\"BreadcrumbList\",\"@id\":\"https:\/\/abaa.mx\/tienda\/multimetro-true-rms-industrial-fluke-87-5-cal-con-certificado-de-calibracion\/#breadcrumb\",\"itemListElement\":[{\"@type\":\"ListItem\",\"position\":1,\"name\":\"Inicio\",\"item\":\"https:\/\/abaa.mx\/tienda\/\"},{\"@type\":\"ListItem\",\"position\":2,\"name\":\"Tienda\",\"item\":\"https:\/\/abaa.mx\/tienda\/\"},{\"@type\":\"ListItem\",\"position\":3,\"name\":\"Mult\u00edmetro true-rms industrial fluke 87-5 cal con certificado de calibraci\u00f3n\"}]},{\"@type\":\"WebSite\",\"@id\":\"https:\/\/abaa.mx\/tienda\/#website\",\"url\":\"https:\/\/abaa.mx\/tienda\/\",\"name\":\"Abaa tienda online\",\"description\":\"Instrumentos de medici\u00f3n\",\"publisher\":{\"@id\":\"https:\/\/abaa.mx\/tienda\/#organization\"},\"potentialAction\":[{\"@type\":\"SearchAction\",\"target\":{\"@type\":\"EntryPoint\",\"urlTemplate\":\"https:\/\/abaa.mx\/tienda\/?s={search_term_string}\"},\"query-input\":{\"@type\":\"PropertyValueSpecification\",\"valueRequired\":true,\"valueName\":\"search_term_string\"}}],\"inLanguage\":\"es\"},{\"@type\":\"Organization\",\"@id\":\"https:\/\/abaa.mx\/tienda\/#organization\",\"name\":\"Abaa tienda online\",\"url\":\"https:\/\/abaa.mx\/tienda\/\",\"logo\":{\"@type\":\"ImageObject\",\"inLanguage\":\"es\",\"@id\":\"https:\/\/abaa.mx\/tienda\/#\/schema\/logo\/image\/\",\"url\":\"https:\/\/abaa.mx\/tienda\/wp-content\/uploads\/2024\/01\/abaa-metrologia-tienda.png\",\"contentUrl\":\"https:\/\/abaa.mx\/tienda\/wp-content\/uploads\/2024\/01\/abaa-metrologia-tienda.png\",\"width\":300,\"height\":141,\"caption\":\"Abaa tienda online\"},\"image\":{\"@id\":\"https:\/\/abaa.mx\/tienda\/#\/schema\/logo\/image\/\"}}]}<\/script>\n<!-- \/ Yoast SEO plugin. -->","yoast_head_json":{"title":"Mult\u00edmetro true-rms industrial fluke 87-5 cal con certificado de calibraci\u00f3n - Abaa tienda online","robots":{"index":"index","follow":"follow","max-snippet":"max-snippet:-1","max-image-preview":"max-image-preview:large","max-video-preview":"max-video-preview:-1"},"canonical":"https:\/\/abaa.mx\/tienda\/multimetro-true-rms-industrial-fluke-87-5-cal-con-certificado-de-calibracion\/","og_locale":"es_MX","og_type":"article","og_title":"Mult\u00edmetro true-rms industrial fluke 87-5 cal con certificado de calibraci\u00f3n - Abaa tienda online","og_description":"El mult\u00edmetro determina las propiedades el\u00e9ctricas de un sistema.  Cuenta con compatibilidad con sondas de temperatura.","og_url":"https:\/\/abaa.mx\/tienda\/multimetro-true-rms-industrial-fluke-87-5-cal-con-certificado-de-calibracion\/","og_site_name":"Abaa tienda online","og_image":[{"width":270,"height":499,"url":"https:\/\/abaa.mx\/tienda\/wp-content\/uploads\/2023\/09\/87-5-CAL.jpg","type":"image\/jpeg"}],"twitter_card":"summary_large_image","twitter_misc":{"Tiempo de lectura":"1 minuto"},"schema":{"@context":"https:\/\/schema.org","@graph":[{"@type":"WebPage","@id":"https:\/\/abaa.mx\/tienda\/multimetro-true-rms-industrial-fluke-87-5-cal-con-certificado-de-calibracion\/","url":"https:\/\/abaa.mx\/tienda\/multimetro-true-rms-industrial-fluke-87-5-cal-con-certificado-de-calibracion\/","name":"Mult\u00edmetro true-rms industrial fluke 87-5 cal con certificado de calibraci\u00f3n - Abaa tienda online","isPartOf":{"@id":"https:\/\/abaa.mx\/tienda\/#website"},"primaryImageOfPage":{"@id":"https:\/\/abaa.mx\/tienda\/multimetro-true-rms-industrial-fluke-87-5-cal-con-certificado-de-calibracion\/#primaryimage"},"image":{"@id":"https:\/\/abaa.mx\/tienda\/multimetro-true-rms-industrial-fluke-87-5-cal-con-certificado-de-calibracion\/#primaryimage"},"thumbnailUrl":"https:\/\/abaa.mx\/tienda\/wp-content\/uploads\/2023\/09\/87-5-CAL.jpg","datePublished":"2023-09-19T20:24:10+00:00","breadcrumb":{"@id":"https:\/\/abaa.mx\/tienda\/multimetro-true-rms-industrial-fluke-87-5-cal-con-certificado-de-calibracion\/#breadcrumb"},"inLanguage":"es","potentialAction":[{"@type":"ReadAction","target":["https:\/\/abaa.mx\/tienda\/multimetro-true-rms-industrial-fluke-87-5-cal-con-certificado-de-calibracion\/"]}]},{"@type":"ImageObject","inLanguage":"es","@id":"https:\/\/abaa.mx\/tienda\/multimetro-true-rms-industrial-fluke-87-5-cal-con-certificado-de-calibracion\/#primaryimage","url":"https:\/\/abaa.mx\/tienda\/wp-content\/uploads\/2023\/09\/87-5-CAL.jpg","contentUrl":"https:\/\/abaa.mx\/tienda\/wp-content\/uploads\/2023\/09\/87-5-CAL.jpg","width":270,"height":499,"caption":"multimetro-industrial-fluke-87v-true-rms-con-temperatura"},{"@type":"BreadcrumbList","@id":"https:\/\/abaa.mx\/tienda\/multimetro-true-rms-industrial-fluke-87-5-cal-con-certificado-de-calibracion\/#breadcrumb","itemListElement":[{"@type":"ListItem","position":1,"name":"Inicio","item":"https:\/\/abaa.mx\/tienda\/"},{"@type":"ListItem","position":2,"name":"Tienda","item":"https:\/\/abaa.mx\/tienda\/"},{"@type":"ListItem","position":3,"name":"Mult\u00edmetro true-rms industrial fluke 87-5 cal con certificado de calibraci\u00f3n"}]},{"@type":"WebSite","@id":"https:\/\/abaa.mx\/tienda\/#website","url":"https:\/\/abaa.mx\/tienda\/","name":"Abaa tienda online","description":"Instrumentos de medici\u00f3n","publisher":{"@id":"https:\/\/abaa.mx\/tienda\/#organization"},"potentialAction":[{"@type":"SearchAction","target":{"@type":"EntryPoint","urlTemplate":"https:\/\/abaa.mx\/tienda\/?s={search_term_string}"},"query-input":{"@type":"PropertyValueSpecification","valueRequired":true,"valueName":"search_term_string"}}],"inLanguage":"es"},{"@type":"Organization","@id":"https:\/\/abaa.mx\/tienda\/#organization","name":"Abaa tienda online","url":"https:\/\/abaa.mx\/tienda\/","logo":{"@type":"ImageObject","inLanguage":"es","@id":"https:\/\/abaa.mx\/tienda\/#\/schema\/logo\/image\/","url":"https:\/\/abaa.mx\/tienda\/wp-content\/uploads\/2024\/01\/abaa-metrologia-tienda.png","contentUrl":"https:\/\/abaa.mx\/tienda\/wp-content\/uploads\/2024\/01\/abaa-metrologia-tienda.png","width":300,"height":141,"caption":"Abaa tienda online"},"image":{"@id":"https:\/\/abaa.mx\/tienda\/#\/schema\/logo\/image\/"}}]}},"_links":{"self":[{"href":"https:\/\/abaa.mx\/tienda\/wp-json\/wp\/v2\/product\/2085","targetHints":{"allow":["GET"]}}],"collection":[{"href":"https:\/\/abaa.mx\/tienda\/wp-json\/wp\/v2\/product"}],"about":[{"href":"https:\/\/abaa.mx\/tienda\/wp-json\/wp\/v2\/types\/product"}],"replies":[{"embeddable":true,"href":"https:\/\/abaa.mx\/tienda\/wp-json\/wp\/v2\/comments?post=2085"}],"wp:featuredmedia":[{"embeddable":true,"href":"https:\/\/abaa.mx\/tienda\/wp-json\/wp\/v2\/media\/2089"}],"wp:attachment":[{"href":"https:\/\/abaa.mx\/tienda\/wp-json\/wp\/v2\/media?parent=2085"}],"wp:term":[{"taxonomy":"product_brand","embeddable":true,"href":"https:\/\/abaa.mx\/tienda\/wp-json\/wp\/v2\/product_brand?post=2085"},{"taxonomy":"product_cat","embeddable":true,"href":"https:\/\/abaa.mx\/tienda\/wp-json\/wp\/v2\/product_cat?post=2085"},{"taxonomy":"product_tag","embeddable":true,"href":"https:\/\/abaa.mx\/tienda\/wp-json\/wp\/v2\/product_tag?post=2085"}],"curies":[{"name":"wp","href":"https:\/\/api.w.org\/{rel}","templated":true}]}}