{"id":2079,"date":"2023-09-19T20:23:30","date_gmt":"2023-09-19T20:23:30","guid":{"rendered":"https:\/\/abaa.mx\/tienda\/?post_type=product&#038;p=2079"},"modified":"2023-09-19T20:23:31","modified_gmt":"2023-09-19T20:23:31","slug":"medidor-de-proceso-cal-787b-de-fluke-con-certificado-de-calibracion-1-000-v","status":"publish","type":"product","link":"https:\/\/abaa.mx\/tienda\/medidor-de-proceso-cal-787b-de-fluke-con-certificado-de-calibracion-1-000-v\/","title":{"rendered":"medidor de proceso cal 787b de fluke con certificado de calibraci\u00f3n, 1.000 v"},"content":{"rendered":"<p>El medidor de proceso CAL 787B de Fluke con certificado de calibraci\u00f3n proporciona mediciones fiables de los bucles de corriente. El dise\u00f1o innovador puede determinar las propiedades el\u00e9ctricas mientras se calibran las secciones del bucle el\u00e9ctrico. Cuenta con una precisi\u00f3n mejorada para medir consistentemente el mA relevante en el sistema y proporcionar resultados para el an\u00e1lisis.<\/p>\n<p><strong>Funciones<\/strong><\/p>\n<ul>\n<li>Determina las propiedades del bucle de corriente<\/li>\n<li>Combina la funcionalidad del mult\u00edmetro y el calibrador de bucle<\/li>\n<li>Ofrece la precisi\u00f3n adecuada para medir y simular mA<br \/>\n<h4>Especificaciones de Fluke 787B CAL<\/h4>\n<table class=\"table table-striped\">\n<tbody>\n<tr>\n<td>Rango de voltaje<\/td>\n<td>De 0 a 1.000 V<\/td>\n<\/tr>\n<\/tbody>\n<\/table>\n<\/li>\n<\/ul>\n","protected":false},"excerpt":{"rendered":"<p>El medidor de proceso CAL 787B de Fluke con certificado de calibraci\u00f3n proporciona mediciones fiables de los bucles de corriente. El dise\u00f1o innovador puede determinar las propiedades el\u00e9ctricas mientras se calibran las secciones del bucle el\u00e9ctrico. Cuenta con una precisi\u00f3n mejorada para medir consistentemente el mA relevante en el sistema y proporcionar resultados para el an\u00e1lisis.<\/p>\n","protected":false},"featured_media":2090,"comment_status":"open","ping_status":"closed","template":"","meta":{"_joinchat":[]},"product_brand":[],"product_cat":[15],"product_tag":[],"class_list":{"0":"post-2079","1":"product","2":"type-product","3":"status-publish","4":"has-post-thumbnail","6":"product_cat-sin-categorizar","8":"first","9":"instock","10":"shipping-taxable","11":"product-type-simple"},"yoast_head":"<!-- This site is optimized with the Yoast SEO plugin v26.4 - https:\/\/yoast.com\/wordpress\/plugins\/seo\/ -->\n<title>medidor de proceso cal 787b de fluke con certificado de calibraci\u00f3n, 1.000 v - Abaa tienda online<\/title>\n<meta name=\"robots\" content=\"index, follow, max-snippet:-1, max-image-preview:large, max-video-preview:-1\" \/>\n<link rel=\"canonical\" href=\"https:\/\/abaa.mx\/tienda\/medidor-de-proceso-cal-787b-de-fluke-con-certificado-de-calibracion-1-000-v\/\" \/>\n<meta property=\"og:locale\" content=\"es_MX\" \/>\n<meta property=\"og:type\" content=\"article\" \/>\n<meta property=\"og:title\" content=\"medidor de proceso cal 787b de fluke con certificado de calibraci\u00f3n, 1.000 v - Abaa tienda online\" \/>\n<meta property=\"og:description\" content=\"El medidor de proceso CAL 787B de Fluke con certificado de calibraci\u00f3n proporciona mediciones fiables de los bucles de corriente. El dise\u00f1o innovador puede determinar las propiedades el\u00e9ctricas mientras se calibran las secciones del bucle el\u00e9ctrico. Cuenta con una precisi\u00f3n mejorada para medir consistentemente el mA relevante en el sistema y proporcionar resultados para el an\u00e1lisis.\" \/>\n<meta property=\"og:url\" content=\"https:\/\/abaa.mx\/tienda\/medidor-de-proceso-cal-787b-de-fluke-con-certificado-de-calibracion-1-000-v\/\" \/>\n<meta property=\"og:site_name\" content=\"Abaa tienda online\" \/>\n<meta property=\"article:modified_time\" content=\"2023-09-19T20:23:31+00:00\" \/>\n<meta property=\"og:image\" content=\"https:\/\/abaa.mx\/tienda\/wp-content\/uploads\/2023\/09\/787B-CAL.jpg\" \/>\n\t<meta property=\"og:image:width\" content=\"270\" \/>\n\t<meta property=\"og:image:height\" content=\"500\" \/>\n\t<meta property=\"og:image:type\" content=\"image\/jpeg\" \/>\n<meta name=\"twitter:card\" content=\"summary_large_image\" \/>\n<meta name=\"twitter:label1\" content=\"Tiempo de lectura\" \/>\n\t<meta name=\"twitter:data1\" content=\"1 minuto\" \/>\n<script type=\"application\/ld+json\" class=\"yoast-schema-graph\">{\"@context\":\"https:\/\/schema.org\",\"@graph\":[{\"@type\":\"WebPage\",\"@id\":\"https:\/\/abaa.mx\/tienda\/medidor-de-proceso-cal-787b-de-fluke-con-certificado-de-calibracion-1-000-v\/\",\"url\":\"https:\/\/abaa.mx\/tienda\/medidor-de-proceso-cal-787b-de-fluke-con-certificado-de-calibracion-1-000-v\/\",\"name\":\"medidor de proceso cal 787b de fluke con certificado de calibraci\u00f3n, 1.000 v - Abaa tienda online\",\"isPartOf\":{\"@id\":\"https:\/\/abaa.mx\/tienda\/#website\"},\"primaryImageOfPage\":{\"@id\":\"https:\/\/abaa.mx\/tienda\/medidor-de-proceso-cal-787b-de-fluke-con-certificado-de-calibracion-1-000-v\/#primaryimage\"},\"image\":{\"@id\":\"https:\/\/abaa.mx\/tienda\/medidor-de-proceso-cal-787b-de-fluke-con-certificado-de-calibracion-1-000-v\/#primaryimage\"},\"thumbnailUrl\":\"https:\/\/abaa.mx\/tienda\/wp-content\/uploads\/2023\/09\/787B-CAL.jpg\",\"datePublished\":\"2023-09-19T20:23:30+00:00\",\"dateModified\":\"2023-09-19T20:23:31+00:00\",\"breadcrumb\":{\"@id\":\"https:\/\/abaa.mx\/tienda\/medidor-de-proceso-cal-787b-de-fluke-con-certificado-de-calibracion-1-000-v\/#breadcrumb\"},\"inLanguage\":\"es\",\"potentialAction\":[{\"@type\":\"ReadAction\",\"target\":[\"https:\/\/abaa.mx\/tienda\/medidor-de-proceso-cal-787b-de-fluke-con-certificado-de-calibracion-1-000-v\/\"]}]},{\"@type\":\"ImageObject\",\"inLanguage\":\"es\",\"@id\":\"https:\/\/abaa.mx\/tienda\/medidor-de-proceso-cal-787b-de-fluke-con-certificado-de-calibracion-1-000-v\/#primaryimage\",\"url\":\"https:\/\/abaa.mx\/tienda\/wp-content\/uploads\/2023\/09\/787B-CAL.jpg\",\"contentUrl\":\"https:\/\/abaa.mx\/tienda\/wp-content\/uploads\/2023\/09\/787B-CAL.jpg\",\"width\":270,\"height\":500,\"caption\":\"787B CAL\"},{\"@type\":\"BreadcrumbList\",\"@id\":\"https:\/\/abaa.mx\/tienda\/medidor-de-proceso-cal-787b-de-fluke-con-certificado-de-calibracion-1-000-v\/#breadcrumb\",\"itemListElement\":[{\"@type\":\"ListItem\",\"position\":1,\"name\":\"Inicio\",\"item\":\"https:\/\/abaa.mx\/tienda\/\"},{\"@type\":\"ListItem\",\"position\":2,\"name\":\"Tienda\",\"item\":\"https:\/\/abaa.mx\/tienda\/\"},{\"@type\":\"ListItem\",\"position\":3,\"name\":\"medidor de proceso cal 787b de fluke con certificado de calibraci\u00f3n, 1.000 v\"}]},{\"@type\":\"WebSite\",\"@id\":\"https:\/\/abaa.mx\/tienda\/#website\",\"url\":\"https:\/\/abaa.mx\/tienda\/\",\"name\":\"Abaa tienda online\",\"description\":\"Instrumentos de medici\u00f3n\",\"publisher\":{\"@id\":\"https:\/\/abaa.mx\/tienda\/#organization\"},\"potentialAction\":[{\"@type\":\"SearchAction\",\"target\":{\"@type\":\"EntryPoint\",\"urlTemplate\":\"https:\/\/abaa.mx\/tienda\/?s={search_term_string}\"},\"query-input\":{\"@type\":\"PropertyValueSpecification\",\"valueRequired\":true,\"valueName\":\"search_term_string\"}}],\"inLanguage\":\"es\"},{\"@type\":\"Organization\",\"@id\":\"https:\/\/abaa.mx\/tienda\/#organization\",\"name\":\"Abaa tienda online\",\"url\":\"https:\/\/abaa.mx\/tienda\/\",\"logo\":{\"@type\":\"ImageObject\",\"inLanguage\":\"es\",\"@id\":\"https:\/\/abaa.mx\/tienda\/#\/schema\/logo\/image\/\",\"url\":\"https:\/\/abaa.mx\/tienda\/wp-content\/uploads\/2024\/01\/abaa-metrologia-tienda.png\",\"contentUrl\":\"https:\/\/abaa.mx\/tienda\/wp-content\/uploads\/2024\/01\/abaa-metrologia-tienda.png\",\"width\":300,\"height\":141,\"caption\":\"Abaa tienda online\"},\"image\":{\"@id\":\"https:\/\/abaa.mx\/tienda\/#\/schema\/logo\/image\/\"}}]}<\/script>\n<!-- \/ Yoast SEO plugin. -->","yoast_head_json":{"title":"medidor de proceso cal 787b de fluke con certificado de calibraci\u00f3n, 1.000 v - Abaa tienda online","robots":{"index":"index","follow":"follow","max-snippet":"max-snippet:-1","max-image-preview":"max-image-preview:large","max-video-preview":"max-video-preview:-1"},"canonical":"https:\/\/abaa.mx\/tienda\/medidor-de-proceso-cal-787b-de-fluke-con-certificado-de-calibracion-1-000-v\/","og_locale":"es_MX","og_type":"article","og_title":"medidor de proceso cal 787b de fluke con certificado de calibraci\u00f3n, 1.000 v - Abaa tienda online","og_description":"El medidor de proceso CAL 787B de Fluke con certificado de calibraci\u00f3n proporciona mediciones fiables de los bucles de corriente. El dise\u00f1o innovador puede determinar las propiedades el\u00e9ctricas mientras se calibran las secciones del bucle el\u00e9ctrico. Cuenta con una precisi\u00f3n mejorada para medir consistentemente el mA relevante en el sistema y proporcionar resultados para el an\u00e1lisis.","og_url":"https:\/\/abaa.mx\/tienda\/medidor-de-proceso-cal-787b-de-fluke-con-certificado-de-calibracion-1-000-v\/","og_site_name":"Abaa tienda online","article_modified_time":"2023-09-19T20:23:31+00:00","og_image":[{"width":270,"height":500,"url":"https:\/\/abaa.mx\/tienda\/wp-content\/uploads\/2023\/09\/787B-CAL.jpg","type":"image\/jpeg"}],"twitter_card":"summary_large_image","twitter_misc":{"Tiempo de lectura":"1 minuto"},"schema":{"@context":"https:\/\/schema.org","@graph":[{"@type":"WebPage","@id":"https:\/\/abaa.mx\/tienda\/medidor-de-proceso-cal-787b-de-fluke-con-certificado-de-calibracion-1-000-v\/","url":"https:\/\/abaa.mx\/tienda\/medidor-de-proceso-cal-787b-de-fluke-con-certificado-de-calibracion-1-000-v\/","name":"medidor de proceso cal 787b de fluke con certificado de calibraci\u00f3n, 1.000 v - Abaa tienda online","isPartOf":{"@id":"https:\/\/abaa.mx\/tienda\/#website"},"primaryImageOfPage":{"@id":"https:\/\/abaa.mx\/tienda\/medidor-de-proceso-cal-787b-de-fluke-con-certificado-de-calibracion-1-000-v\/#primaryimage"},"image":{"@id":"https:\/\/abaa.mx\/tienda\/medidor-de-proceso-cal-787b-de-fluke-con-certificado-de-calibracion-1-000-v\/#primaryimage"},"thumbnailUrl":"https:\/\/abaa.mx\/tienda\/wp-content\/uploads\/2023\/09\/787B-CAL.jpg","datePublished":"2023-09-19T20:23:30+00:00","dateModified":"2023-09-19T20:23:31+00:00","breadcrumb":{"@id":"https:\/\/abaa.mx\/tienda\/medidor-de-proceso-cal-787b-de-fluke-con-certificado-de-calibracion-1-000-v\/#breadcrumb"},"inLanguage":"es","potentialAction":[{"@type":"ReadAction","target":["https:\/\/abaa.mx\/tienda\/medidor-de-proceso-cal-787b-de-fluke-con-certificado-de-calibracion-1-000-v\/"]}]},{"@type":"ImageObject","inLanguage":"es","@id":"https:\/\/abaa.mx\/tienda\/medidor-de-proceso-cal-787b-de-fluke-con-certificado-de-calibracion-1-000-v\/#primaryimage","url":"https:\/\/abaa.mx\/tienda\/wp-content\/uploads\/2023\/09\/787B-CAL.jpg","contentUrl":"https:\/\/abaa.mx\/tienda\/wp-content\/uploads\/2023\/09\/787B-CAL.jpg","width":270,"height":500,"caption":"787B CAL"},{"@type":"BreadcrumbList","@id":"https:\/\/abaa.mx\/tienda\/medidor-de-proceso-cal-787b-de-fluke-con-certificado-de-calibracion-1-000-v\/#breadcrumb","itemListElement":[{"@type":"ListItem","position":1,"name":"Inicio","item":"https:\/\/abaa.mx\/tienda\/"},{"@type":"ListItem","position":2,"name":"Tienda","item":"https:\/\/abaa.mx\/tienda\/"},{"@type":"ListItem","position":3,"name":"medidor de proceso cal 787b de fluke con certificado de calibraci\u00f3n, 1.000 v"}]},{"@type":"WebSite","@id":"https:\/\/abaa.mx\/tienda\/#website","url":"https:\/\/abaa.mx\/tienda\/","name":"Abaa tienda online","description":"Instrumentos de medici\u00f3n","publisher":{"@id":"https:\/\/abaa.mx\/tienda\/#organization"},"potentialAction":[{"@type":"SearchAction","target":{"@type":"EntryPoint","urlTemplate":"https:\/\/abaa.mx\/tienda\/?s={search_term_string}"},"query-input":{"@type":"PropertyValueSpecification","valueRequired":true,"valueName":"search_term_string"}}],"inLanguage":"es"},{"@type":"Organization","@id":"https:\/\/abaa.mx\/tienda\/#organization","name":"Abaa tienda online","url":"https:\/\/abaa.mx\/tienda\/","logo":{"@type":"ImageObject","inLanguage":"es","@id":"https:\/\/abaa.mx\/tienda\/#\/schema\/logo\/image\/","url":"https:\/\/abaa.mx\/tienda\/wp-content\/uploads\/2024\/01\/abaa-metrologia-tienda.png","contentUrl":"https:\/\/abaa.mx\/tienda\/wp-content\/uploads\/2024\/01\/abaa-metrologia-tienda.png","width":300,"height":141,"caption":"Abaa tienda online"},"image":{"@id":"https:\/\/abaa.mx\/tienda\/#\/schema\/logo\/image\/"}}]}},"_links":{"self":[{"href":"https:\/\/abaa.mx\/tienda\/wp-json\/wp\/v2\/product\/2079","targetHints":{"allow":["GET"]}}],"collection":[{"href":"https:\/\/abaa.mx\/tienda\/wp-json\/wp\/v2\/product"}],"about":[{"href":"https:\/\/abaa.mx\/tienda\/wp-json\/wp\/v2\/types\/product"}],"replies":[{"embeddable":true,"href":"https:\/\/abaa.mx\/tienda\/wp-json\/wp\/v2\/comments?post=2079"}],"wp:featuredmedia":[{"embeddable":true,"href":"https:\/\/abaa.mx\/tienda\/wp-json\/wp\/v2\/media\/2090"}],"wp:attachment":[{"href":"https:\/\/abaa.mx\/tienda\/wp-json\/wp\/v2\/media?parent=2079"}],"wp:term":[{"taxonomy":"product_brand","embeddable":true,"href":"https:\/\/abaa.mx\/tienda\/wp-json\/wp\/v2\/product_brand?post=2079"},{"taxonomy":"product_cat","embeddable":true,"href":"https:\/\/abaa.mx\/tienda\/wp-json\/wp\/v2\/product_cat?post=2079"},{"taxonomy":"product_tag","embeddable":true,"href":"https:\/\/abaa.mx\/tienda\/wp-json\/wp\/v2\/product_tag?post=2079"}],"curies":[{"name":"wp","href":"https:\/\/api.w.org\/{rel}","templated":true}]}}