{"id":2069,"date":"2023-09-19T19:52:31","date_gmt":"2023-09-19T19:52:31","guid":{"rendered":"https:\/\/abaa.mx\/tienda\/?post_type=product&#038;p=2069"},"modified":"2023-11-29T14:33:47","modified_gmt":"2023-11-29T14:33:47","slug":"pinza-amperimetrica-fluke-381-cal-true-rms-ac-dc-con-iflex-datos-trazables-calibrados","status":"publish","type":"product","link":"https:\/\/abaa.mx\/tienda\/pinza-amperimetrica-fluke-381-cal-true-rms-ac-dc-con-iflex-datos-trazables-calibrados\/","title":{"rendered":"Pinza amperim\u00e9trica fluke 381 cal true rms ac-dc con iflex, datos trazables calibrados"},"content":{"rendered":"<p>&nbsp;<\/p>\n<p>La pinza amperim\u00e9trica Fluke 381 CAL True RMS AC-DC con iFlex mide con precisi\u00f3n la corriente en un sistema el\u00e9ctrico. Cuenta con una pantalla magn\u00e9tica remota para ver f\u00e1cilmente los resultados en tiempo real desde una posici\u00f3n c\u00f3moda. La sonda el\u00e9ctrica incluida ayuda a alcanzar los conductores en espacios confinados y mejora el rango de posible medici\u00f3n de corriente.<\/p>\n<p>&nbsp;<\/p>\n<p><strong>Funciones:<\/strong><\/p>\n<ul>\n<li>Pantalla remota para una visualizaci\u00f3n c\u00f3moda.<\/li>\n<li>Sonda flexible para acceder a conductores inconvenientes.<\/li>\n<li>La sonda el\u00e9ctrica aumenta el rango de medici\u00f3n del medidor.<\/li>\n<\/ul>\n<p>&nbsp;<\/p>\n<h4>Especificaciones de Fluke 381 CAL<\/h4>\n<table class=\"table table-striped\">\n<tbody>\n<tr>\n<td>Rango de corriente AC\/DC<\/td>\n<td>De 0 a 2.500 A<\/td>\n<\/tr>\n<\/tbody>\n<\/table>\n","protected":false},"excerpt":{"rendered":"<p>La pinza amperim\u00e9trica Fluke 381 CAL True RMS AC\/DC con iFlex mide con precisi\u00f3n la corriente en un sistema el\u00e9ctrico. Cuenta con una pantalla magn\u00e9tica remota para ver f\u00e1cilmente los resultados en tiempo real desde una posici\u00f3n c\u00f3moda. La sonda el\u00e9ctrica incluida ayuda a alcanzar los conductores en espacios confinados y mejora el rango de posible medici\u00f3n de corriente.<\/p>\n","protected":false},"featured_media":2078,"comment_status":"open","ping_status":"closed","template":"","meta":{"_joinchat":[]},"product_brand":[],"product_cat":[15],"product_tag":[],"class_list":{"0":"post-2069","1":"product","2":"type-product","3":"status-publish","4":"has-post-thumbnail","6":"product_cat-sin-categorizar","8":"first","9":"instock","10":"shipping-taxable","11":"product-type-simple"},"yoast_head":"<!-- This site is optimized with the Yoast SEO plugin v26.4 - https:\/\/yoast.com\/wordpress\/plugins\/seo\/ -->\n<title>Pinza amperim\u00e9trica fluke 381 cal true rms ac-dc con iflex, datos trazables calibrados - Abaa tienda online<\/title>\n<meta name=\"robots\" content=\"index, follow, max-snippet:-1, max-image-preview:large, max-video-preview:-1\" \/>\n<link rel=\"canonical\" href=\"https:\/\/abaa.mx\/tienda\/pinza-amperimetrica-fluke-381-cal-true-rms-ac-dc-con-iflex-datos-trazables-calibrados\/\" \/>\n<meta property=\"og:locale\" content=\"es_MX\" \/>\n<meta property=\"og:type\" content=\"article\" \/>\n<meta property=\"og:title\" content=\"Pinza amperim\u00e9trica fluke 381 cal true rms ac-dc con iflex, datos trazables calibrados - Abaa tienda online\" \/>\n<meta property=\"og:description\" content=\"La pinza amperim\u00e9trica Fluke 381 CAL True RMS AC\/DC con iFlex mide con precisi\u00f3n la corriente en un sistema el\u00e9ctrico. Cuenta con una pantalla magn\u00e9tica remota para ver f\u00e1cilmente los resultados en tiempo real desde una posici\u00f3n c\u00f3moda. La sonda el\u00e9ctrica incluida ayuda a alcanzar los conductores en espacios confinados y mejora el rango de posible medici\u00f3n de corriente.\" \/>\n<meta property=\"og:url\" content=\"https:\/\/abaa.mx\/tienda\/pinza-amperimetrica-fluke-381-cal-true-rms-ac-dc-con-iflex-datos-trazables-calibrados\/\" \/>\n<meta property=\"og:site_name\" content=\"Abaa tienda online\" \/>\n<meta property=\"article:modified_time\" content=\"2023-11-29T14:33:47+00:00\" \/>\n<meta property=\"og:image\" content=\"https:\/\/abaa.mx\/tienda\/wp-content\/uploads\/2023\/09\/381-CAL.webp\" \/>\n\t<meta property=\"og:image:width\" content=\"612\" \/>\n\t<meta property=\"og:image:height\" content=\"612\" \/>\n\t<meta property=\"og:image:type\" content=\"image\/webp\" \/>\n<meta name=\"twitter:card\" content=\"summary_large_image\" \/>\n<meta name=\"twitter:label1\" content=\"Tiempo de lectura\" \/>\n\t<meta name=\"twitter:data1\" content=\"1 minuto\" \/>\n<script type=\"application\/ld+json\" class=\"yoast-schema-graph\">{\"@context\":\"https:\/\/schema.org\",\"@graph\":[{\"@type\":\"WebPage\",\"@id\":\"https:\/\/abaa.mx\/tienda\/pinza-amperimetrica-fluke-381-cal-true-rms-ac-dc-con-iflex-datos-trazables-calibrados\/\",\"url\":\"https:\/\/abaa.mx\/tienda\/pinza-amperimetrica-fluke-381-cal-true-rms-ac-dc-con-iflex-datos-trazables-calibrados\/\",\"name\":\"Pinza amperim\u00e9trica fluke 381 cal true rms ac-dc con iflex, datos trazables calibrados - Abaa tienda online\",\"isPartOf\":{\"@id\":\"https:\/\/abaa.mx\/tienda\/#website\"},\"primaryImageOfPage\":{\"@id\":\"https:\/\/abaa.mx\/tienda\/pinza-amperimetrica-fluke-381-cal-true-rms-ac-dc-con-iflex-datos-trazables-calibrados\/#primaryimage\"},\"image\":{\"@id\":\"https:\/\/abaa.mx\/tienda\/pinza-amperimetrica-fluke-381-cal-true-rms-ac-dc-con-iflex-datos-trazables-calibrados\/#primaryimage\"},\"thumbnailUrl\":\"https:\/\/abaa.mx\/tienda\/wp-content\/uploads\/2023\/09\/381-CAL.webp\",\"datePublished\":\"2023-09-19T19:52:31+00:00\",\"dateModified\":\"2023-11-29T14:33:47+00:00\",\"breadcrumb\":{\"@id\":\"https:\/\/abaa.mx\/tienda\/pinza-amperimetrica-fluke-381-cal-true-rms-ac-dc-con-iflex-datos-trazables-calibrados\/#breadcrumb\"},\"inLanguage\":\"es\",\"potentialAction\":[{\"@type\":\"ReadAction\",\"target\":[\"https:\/\/abaa.mx\/tienda\/pinza-amperimetrica-fluke-381-cal-true-rms-ac-dc-con-iflex-datos-trazables-calibrados\/\"]}]},{\"@type\":\"ImageObject\",\"inLanguage\":\"es\",\"@id\":\"https:\/\/abaa.mx\/tienda\/pinza-amperimetrica-fluke-381-cal-true-rms-ac-dc-con-iflex-datos-trazables-calibrados\/#primaryimage\",\"url\":\"https:\/\/abaa.mx\/tienda\/wp-content\/uploads\/2023\/09\/381-CAL.webp\",\"contentUrl\":\"https:\/\/abaa.mx\/tienda\/wp-content\/uploads\/2023\/09\/381-CAL.webp\",\"width\":612,\"height\":612,\"caption\":\"381 CAL\"},{\"@type\":\"BreadcrumbList\",\"@id\":\"https:\/\/abaa.mx\/tienda\/pinza-amperimetrica-fluke-381-cal-true-rms-ac-dc-con-iflex-datos-trazables-calibrados\/#breadcrumb\",\"itemListElement\":[{\"@type\":\"ListItem\",\"position\":1,\"name\":\"Inicio\",\"item\":\"https:\/\/abaa.mx\/tienda\/\"},{\"@type\":\"ListItem\",\"position\":2,\"name\":\"Tienda\",\"item\":\"https:\/\/abaa.mx\/tienda\/\"},{\"@type\":\"ListItem\",\"position\":3,\"name\":\"Pinza amperim\u00e9trica fluke 381 cal true rms ac-dc con iflex, datos trazables calibrados\"}]},{\"@type\":\"WebSite\",\"@id\":\"https:\/\/abaa.mx\/tienda\/#website\",\"url\":\"https:\/\/abaa.mx\/tienda\/\",\"name\":\"Abaa tienda online\",\"description\":\"Instrumentos de medici\u00f3n\",\"publisher\":{\"@id\":\"https:\/\/abaa.mx\/tienda\/#organization\"},\"potentialAction\":[{\"@type\":\"SearchAction\",\"target\":{\"@type\":\"EntryPoint\",\"urlTemplate\":\"https:\/\/abaa.mx\/tienda\/?s={search_term_string}\"},\"query-input\":{\"@type\":\"PropertyValueSpecification\",\"valueRequired\":true,\"valueName\":\"search_term_string\"}}],\"inLanguage\":\"es\"},{\"@type\":\"Organization\",\"@id\":\"https:\/\/abaa.mx\/tienda\/#organization\",\"name\":\"Abaa tienda online\",\"url\":\"https:\/\/abaa.mx\/tienda\/\",\"logo\":{\"@type\":\"ImageObject\",\"inLanguage\":\"es\",\"@id\":\"https:\/\/abaa.mx\/tienda\/#\/schema\/logo\/image\/\",\"url\":\"https:\/\/abaa.mx\/tienda\/wp-content\/uploads\/2024\/01\/abaa-metrologia-tienda.png\",\"contentUrl\":\"https:\/\/abaa.mx\/tienda\/wp-content\/uploads\/2024\/01\/abaa-metrologia-tienda.png\",\"width\":300,\"height\":141,\"caption\":\"Abaa tienda online\"},\"image\":{\"@id\":\"https:\/\/abaa.mx\/tienda\/#\/schema\/logo\/image\/\"}}]}<\/script>\n<!-- \/ Yoast SEO plugin. -->","yoast_head_json":{"title":"Pinza amperim\u00e9trica fluke 381 cal true rms ac-dc con iflex, datos trazables calibrados - Abaa tienda online","robots":{"index":"index","follow":"follow","max-snippet":"max-snippet:-1","max-image-preview":"max-image-preview:large","max-video-preview":"max-video-preview:-1"},"canonical":"https:\/\/abaa.mx\/tienda\/pinza-amperimetrica-fluke-381-cal-true-rms-ac-dc-con-iflex-datos-trazables-calibrados\/","og_locale":"es_MX","og_type":"article","og_title":"Pinza amperim\u00e9trica fluke 381 cal true rms ac-dc con iflex, datos trazables calibrados - Abaa tienda online","og_description":"La pinza amperim\u00e9trica Fluke 381 CAL True RMS AC\/DC con iFlex mide con precisi\u00f3n la corriente en un sistema el\u00e9ctrico. Cuenta con una pantalla magn\u00e9tica remota para ver f\u00e1cilmente los resultados en tiempo real desde una posici\u00f3n c\u00f3moda. La sonda el\u00e9ctrica incluida ayuda a alcanzar los conductores en espacios confinados y mejora el rango de posible medici\u00f3n de corriente.","og_url":"https:\/\/abaa.mx\/tienda\/pinza-amperimetrica-fluke-381-cal-true-rms-ac-dc-con-iflex-datos-trazables-calibrados\/","og_site_name":"Abaa tienda online","article_modified_time":"2023-11-29T14:33:47+00:00","og_image":[{"width":612,"height":612,"url":"https:\/\/abaa.mx\/tienda\/wp-content\/uploads\/2023\/09\/381-CAL.webp","type":"image\/webp"}],"twitter_card":"summary_large_image","twitter_misc":{"Tiempo de lectura":"1 minuto"},"schema":{"@context":"https:\/\/schema.org","@graph":[{"@type":"WebPage","@id":"https:\/\/abaa.mx\/tienda\/pinza-amperimetrica-fluke-381-cal-true-rms-ac-dc-con-iflex-datos-trazables-calibrados\/","url":"https:\/\/abaa.mx\/tienda\/pinza-amperimetrica-fluke-381-cal-true-rms-ac-dc-con-iflex-datos-trazables-calibrados\/","name":"Pinza amperim\u00e9trica fluke 381 cal true rms ac-dc con iflex, datos trazables calibrados - Abaa tienda online","isPartOf":{"@id":"https:\/\/abaa.mx\/tienda\/#website"},"primaryImageOfPage":{"@id":"https:\/\/abaa.mx\/tienda\/pinza-amperimetrica-fluke-381-cal-true-rms-ac-dc-con-iflex-datos-trazables-calibrados\/#primaryimage"},"image":{"@id":"https:\/\/abaa.mx\/tienda\/pinza-amperimetrica-fluke-381-cal-true-rms-ac-dc-con-iflex-datos-trazables-calibrados\/#primaryimage"},"thumbnailUrl":"https:\/\/abaa.mx\/tienda\/wp-content\/uploads\/2023\/09\/381-CAL.webp","datePublished":"2023-09-19T19:52:31+00:00","dateModified":"2023-11-29T14:33:47+00:00","breadcrumb":{"@id":"https:\/\/abaa.mx\/tienda\/pinza-amperimetrica-fluke-381-cal-true-rms-ac-dc-con-iflex-datos-trazables-calibrados\/#breadcrumb"},"inLanguage":"es","potentialAction":[{"@type":"ReadAction","target":["https:\/\/abaa.mx\/tienda\/pinza-amperimetrica-fluke-381-cal-true-rms-ac-dc-con-iflex-datos-trazables-calibrados\/"]}]},{"@type":"ImageObject","inLanguage":"es","@id":"https:\/\/abaa.mx\/tienda\/pinza-amperimetrica-fluke-381-cal-true-rms-ac-dc-con-iflex-datos-trazables-calibrados\/#primaryimage","url":"https:\/\/abaa.mx\/tienda\/wp-content\/uploads\/2023\/09\/381-CAL.webp","contentUrl":"https:\/\/abaa.mx\/tienda\/wp-content\/uploads\/2023\/09\/381-CAL.webp","width":612,"height":612,"caption":"381 CAL"},{"@type":"BreadcrumbList","@id":"https:\/\/abaa.mx\/tienda\/pinza-amperimetrica-fluke-381-cal-true-rms-ac-dc-con-iflex-datos-trazables-calibrados\/#breadcrumb","itemListElement":[{"@type":"ListItem","position":1,"name":"Inicio","item":"https:\/\/abaa.mx\/tienda\/"},{"@type":"ListItem","position":2,"name":"Tienda","item":"https:\/\/abaa.mx\/tienda\/"},{"@type":"ListItem","position":3,"name":"Pinza amperim\u00e9trica fluke 381 cal true rms ac-dc con iflex, datos trazables calibrados"}]},{"@type":"WebSite","@id":"https:\/\/abaa.mx\/tienda\/#website","url":"https:\/\/abaa.mx\/tienda\/","name":"Abaa tienda online","description":"Instrumentos de medici\u00f3n","publisher":{"@id":"https:\/\/abaa.mx\/tienda\/#organization"},"potentialAction":[{"@type":"SearchAction","target":{"@type":"EntryPoint","urlTemplate":"https:\/\/abaa.mx\/tienda\/?s={search_term_string}"},"query-input":{"@type":"PropertyValueSpecification","valueRequired":true,"valueName":"search_term_string"}}],"inLanguage":"es"},{"@type":"Organization","@id":"https:\/\/abaa.mx\/tienda\/#organization","name":"Abaa tienda online","url":"https:\/\/abaa.mx\/tienda\/","logo":{"@type":"ImageObject","inLanguage":"es","@id":"https:\/\/abaa.mx\/tienda\/#\/schema\/logo\/image\/","url":"https:\/\/abaa.mx\/tienda\/wp-content\/uploads\/2024\/01\/abaa-metrologia-tienda.png","contentUrl":"https:\/\/abaa.mx\/tienda\/wp-content\/uploads\/2024\/01\/abaa-metrologia-tienda.png","width":300,"height":141,"caption":"Abaa tienda online"},"image":{"@id":"https:\/\/abaa.mx\/tienda\/#\/schema\/logo\/image\/"}}]}},"_links":{"self":[{"href":"https:\/\/abaa.mx\/tienda\/wp-json\/wp\/v2\/product\/2069","targetHints":{"allow":["GET"]}}],"collection":[{"href":"https:\/\/abaa.mx\/tienda\/wp-json\/wp\/v2\/product"}],"about":[{"href":"https:\/\/abaa.mx\/tienda\/wp-json\/wp\/v2\/types\/product"}],"replies":[{"embeddable":true,"href":"https:\/\/abaa.mx\/tienda\/wp-json\/wp\/v2\/comments?post=2069"}],"wp:featuredmedia":[{"embeddable":true,"href":"https:\/\/abaa.mx\/tienda\/wp-json\/wp\/v2\/media\/2078"}],"wp:attachment":[{"href":"https:\/\/abaa.mx\/tienda\/wp-json\/wp\/v2\/media?parent=2069"}],"wp:term":[{"taxonomy":"product_brand","embeddable":true,"href":"https:\/\/abaa.mx\/tienda\/wp-json\/wp\/v2\/product_brand?post=2069"},{"taxonomy":"product_cat","embeddable":true,"href":"https:\/\/abaa.mx\/tienda\/wp-json\/wp\/v2\/product_cat?post=2069"},{"taxonomy":"product_tag","embeddable":true,"href":"https:\/\/abaa.mx\/tienda\/wp-json\/wp\/v2\/product_tag?post=2069"}],"curies":[{"name":"wp","href":"https:\/\/api.w.org\/{rel}","templated":true}]}}