{"id":2067,"date":"2023-09-19T19:46:51","date_gmt":"2023-09-19T19:46:51","guid":{"rendered":"https:\/\/abaa.mx\/tienda\/?post_type=product&#038;p=2067"},"modified":"2023-11-29T14:39:15","modified_gmt":"2023-11-29T14:39:15","slug":"pinza-amperimetrica-fluke-381-nist-remote-display-true-rms-ac-dc-con-iflex-incluye-certificado-trazable","status":"publish","type":"product","link":"https:\/\/abaa.mx\/tienda\/pinza-amperimetrica-fluke-381-nist-remote-display-true-rms-ac-dc-con-iflex-incluye-certificado-trazable\/","title":{"rendered":"pinza amperim\u00e9trica fluke 381-nist remote display true rms ac-dc con iflex, incluye certificado trazable"},"content":{"rendered":"<p>&nbsp;<\/p>\n<p><strong>Lo que una vez tom\u00f3 dos personas, ahora toma una<\/strong><\/p>\n<p>Permite que un t\u00e9cnico haga el trabajo que requerir\u00eda dos personas. Esta pantalla remota permite al usuario sujetar alrededor de un conductor, separar la pantalla. Adem\u00e1s, pueden caminar por la habitaci\u00f3n para configurar controles o quitar el equipo de protecci\u00f3n, todo mientras observan lecturas en tiempo real.<\/p>\n<p>La sonda de corriente flexible iFlex (incluida) ampl\u00eda el rango de medici\u00f3n a 2500 A AC al tiempo que proporciona una mayor flexibilidad de visualizaci\u00f3n. Con un cable que corre 6 &#8216;, finalmente puede medir esos espacios reducidos, conductores de tama\u00f1o inc\u00f3modo y cables desorganizados.<\/p>\n<p>&nbsp;<\/p>\n<p><strong>Capacidad de medici\u00f3n<\/strong><\/p>\n<ul>\n<li>Medici\u00f3n de corriente de CA y CC de 1000 A con mand\u00edbula fija.<\/li>\n<li>Medici\u00f3n de corriente alterna de 2500 A con sonda de corriente flexible iFlex.<\/li>\n<li>Medici\u00f3n de voltaje de 1000 V CA y CC.<\/li>\n<li>Voltaje y corriente de CA RMS reales para mediciones precisas en se\u00f1ales no lineales.<\/li>\n<li>Medici\u00f3n de frecuencia hasta 500 Hz con mand\u00edbula e iFlex.<\/li>\n<li>Medici\u00f3n de resistencia de 60 k\u03bc con detecci\u00f3n de continuidad.<\/li>\n<li>Grabaci\u00f3n m\u00ednima, m\u00e1x., media y de irrupci\u00f3n para capturar variaciones autom\u00e1ticamente.<\/li>\n<\/ul>\n<p>&nbsp;<\/p>\n<p><strong>Funciones<\/strong><\/p>\n<ul>\n<li>La tecnolog\u00eda inal\u00e1mbrica permite que la pantalla se lleve hasta 30&#8242; (9,15 m) de distancia del punto de medici\u00f3n para mayor flexibilidad sin interferir con la precisi\u00f3n de la medici\u00f3n.<\/li>\n<li>La sonda de corriente flexible iFlex ampl\u00eda el rango de medici\u00f3n a 2500 A de CA al tiempo que proporciona una mayor flexibilidad de visualizaci\u00f3n, capacidad para medir conductores de tama\u00f1o inc\u00f3modo y un mejor acceso al cable.<\/li>\n<li>CAT IV 600V, CAT III 1000 V.<\/li>\n<li>El filtro de paso bajo integrado y el procesamiento de se\u00f1al de \u00faltima generaci\u00f3n permiten su uso en entornos el\u00e9ctricos ruidosos al tiempo que proporcionan lecturas estables.<\/li>\n<li>Tecnolog\u00eda patentada de medici\u00f3n de irrupci\u00f3n para filtrar el ruido y capturar la corriente de arranque del motor exactamente como lo ve la protecci\u00f3n del circuito.<\/li>\n<li>El dise\u00f1o ergon\u00f3mico se adapta a la mano y se puede usar mientras se usa equipo de protecci\u00f3n personal.<\/li>\n<li>La pantalla magn\u00e9tica extra\u00edble se puede montar convenientemente donde se vea f\u00e1cilmente.<\/li>\n<li>El transmisor de radio se apaga autom\u00e1ticamente cuando la pantalla est\u00e1 conectada al medidor.<\/li>\n<li>La pantalla retroiluminada grande y f\u00e1cil de leer establece autom\u00e1ticamente el rango de medici\u00f3n correcto para que no tenga que cambiar las posiciones de los interruptores mientras realiza una medici\u00f3n.<\/li>\n<li>Conformidad de seguridad: IEC\/EN 61010-1:2001, 1000V CAT III, 600V CAT IV.<\/li>\n<\/ul>\n<p>&nbsp;<\/p>\n<h4><\/h4>\n<h4>Especificaciones de Fluke 381-NIST<\/h4>\n<table class=\"table table-striped\">\n<tbody>\n<tr>\n<td colspan=\"2\"><strong>Especificaciones el\u00e9ctricas<\/strong><\/td>\n<\/tr>\n<tr>\n<td>Gama<\/td>\n<td>999,9 A<\/td>\n<\/tr>\n<tr>\n<td>Resoluci\u00f3n<\/td>\n<td>0,1 A<\/td>\n<\/tr>\n<tr>\n<td>Exactitud<\/td>\n<td>2% \u00b1 5 d\u00edgitos (10 a 100 Hz)<br \/>\n5% &amp;plusn; 5 d\u00edgitos (100 a 500 Hz)<\/td>\n<\/tr>\n<tr>\n<td>Factor de cresta (50\/60 Hz)<\/td>\n<td>3 a 500 A 2.5 a 600 A 1.42 a 1000 A<\/p>\n<p>A\u00f1adir<br \/>\n2% para C.F. &gt;2<\/td>\n<\/tr>\n<tr>\n<td colspan=\"2\"><strong>Corriente alterna a trav\u00e9s de una sonda de corriente flexible<\/strong><\/td>\n<\/tr>\n<tr>\n<td>Gama<\/td>\n<td>999,9, 2500 A (45 a 500 Hz)<\/td>\n<\/tr>\n<tr>\n<td>Resoluci\u00f3n<\/td>\n<td>0.1, 1 A<\/td>\n<\/tr>\n<tr>\n<td>Exactitud<\/td>\n<td>3% \u00b1 5 d\u00edgitos<\/td>\n<\/tr>\n<tr>\n<td>Factor de cresta (50\/60 Hz)<\/td>\n<td>3.0 a 1100 A 2.5 a 1400 A 1.42 a 2500 A<\/p>\n<p>A\u00f1adir<br \/>\n2% para C.F. &gt;2<\/td>\n<\/tr>\n<tr>\n<td colspan=\"2\"><strong>Corriente continua<\/strong><\/td>\n<\/tr>\n<tr>\n<td>Gama<\/td>\n<td>999,9 A<\/td>\n<\/tr>\n<tr>\n<td>Resoluci\u00f3n<\/td>\n<td>0,1 A<\/td>\n<\/tr>\n<tr>\n<td>Exactitud<\/td>\n<td>2.5% \u00b1 5 d\u00edgitos<\/td>\n<\/tr>\n<\/tbody>\n<\/table>\n","protected":false},"excerpt":{"rendered":"<p>Permite que un t\u00e9cnico haga el trabajo que requerir\u00eda dos personas. Esta pantalla remota permite al usuario sujetar alrededor de un conductor, separar la pantalla. Adem\u00e1s, pueden caminar por la habitaci\u00f3n para configurar controles o quitar el equipo de protecci\u00f3n, todo mientras observan lecturas en tiempo real. La sonda de corriente flexible iFlex (incluida) ampl\u00eda el rango de medici\u00f3n a 2500 A AC al tiempo que proporciona una mayor flexibilidad de visualizaci\u00f3n. Con un cable que corre 6 &#8216;, finalmente puede medir esos espacios reducidos, conductores de tama\u00f1o inc\u00f3modo y cables desorganizados.<\/p>\n","protected":false},"featured_media":2075,"comment_status":"open","ping_status":"closed","template":"","meta":{"_joinchat":[]},"product_brand":[],"product_cat":[15],"product_tag":[],"class_list":{"0":"post-2067","1":"product","2":"type-product","3":"status-publish","4":"has-post-thumbnail","6":"product_cat-sin-categorizar","8":"first","9":"instock","10":"shipping-taxable","11":"product-type-simple"},"yoast_head":"<!-- This site is optimized with the Yoast SEO plugin v26.4 - https:\/\/yoast.com\/wordpress\/plugins\/seo\/ -->\n<title>pinza amperim\u00e9trica fluke 381-nist remote display true rms ac-dc con iflex, incluye certificado trazable - Abaa tienda online<\/title>\n<meta name=\"robots\" content=\"index, follow, max-snippet:-1, max-image-preview:large, max-video-preview:-1\" \/>\n<link rel=\"canonical\" href=\"https:\/\/abaa.mx\/tienda\/pinza-amperimetrica-fluke-381-nist-remote-display-true-rms-ac-dc-con-iflex-incluye-certificado-trazable\/\" \/>\n<meta property=\"og:locale\" content=\"es_MX\" \/>\n<meta property=\"og:type\" content=\"article\" \/>\n<meta property=\"og:title\" content=\"pinza amperim\u00e9trica fluke 381-nist remote display true rms ac-dc con iflex, incluye certificado trazable - Abaa tienda online\" \/>\n<meta property=\"og:description\" content=\"Permite que un t\u00e9cnico haga el trabajo que requerir\u00eda dos personas. Esta pantalla remota permite al usuario sujetar alrededor de un conductor, separar la pantalla. Adem\u00e1s, pueden caminar por la habitaci\u00f3n para configurar controles o quitar el equipo de protecci\u00f3n, todo mientras observan lecturas en tiempo real. La sonda de corriente flexible iFlex (incluida) ampl\u00eda el rango de medici\u00f3n a 2500 A AC al tiempo que proporciona una mayor flexibilidad de visualizaci\u00f3n. Con un cable que corre 6 &#039;, finalmente puede medir esos espacios reducidos, conductores de tama\u00f1o inc\u00f3modo y cables desorganizados.\" \/>\n<meta property=\"og:url\" content=\"https:\/\/abaa.mx\/tienda\/pinza-amperimetrica-fluke-381-nist-remote-display-true-rms-ac-dc-con-iflex-incluye-certificado-trazable\/\" \/>\n<meta property=\"og:site_name\" content=\"Abaa tienda online\" \/>\n<meta property=\"article:modified_time\" content=\"2023-11-29T14:39:15+00:00\" \/>\n<meta property=\"og:image\" content=\"https:\/\/abaa.mx\/tienda\/wp-content\/uploads\/2023\/09\/381-nist.jpg\" \/>\n\t<meta property=\"og:image:width\" content=\"270\" \/>\n\t<meta property=\"og:image:height\" content=\"200\" \/>\n\t<meta property=\"og:image:type\" content=\"image\/jpeg\" \/>\n<meta name=\"twitter:card\" content=\"summary_large_image\" \/>\n<meta name=\"twitter:label1\" content=\"Tiempo de lectura\" \/>\n\t<meta name=\"twitter:data1\" content=\"3 minutos\" \/>\n<script type=\"application\/ld+json\" class=\"yoast-schema-graph\">{\"@context\":\"https:\/\/schema.org\",\"@graph\":[{\"@type\":\"WebPage\",\"@id\":\"https:\/\/abaa.mx\/tienda\/pinza-amperimetrica-fluke-381-nist-remote-display-true-rms-ac-dc-con-iflex-incluye-certificado-trazable\/\",\"url\":\"https:\/\/abaa.mx\/tienda\/pinza-amperimetrica-fluke-381-nist-remote-display-true-rms-ac-dc-con-iflex-incluye-certificado-trazable\/\",\"name\":\"pinza amperim\u00e9trica fluke 381-nist remote display true rms ac-dc con iflex, incluye certificado trazable - Abaa tienda online\",\"isPartOf\":{\"@id\":\"https:\/\/abaa.mx\/tienda\/#website\"},\"primaryImageOfPage\":{\"@id\":\"https:\/\/abaa.mx\/tienda\/pinza-amperimetrica-fluke-381-nist-remote-display-true-rms-ac-dc-con-iflex-incluye-certificado-trazable\/#primaryimage\"},\"image\":{\"@id\":\"https:\/\/abaa.mx\/tienda\/pinza-amperimetrica-fluke-381-nist-remote-display-true-rms-ac-dc-con-iflex-incluye-certificado-trazable\/#primaryimage\"},\"thumbnailUrl\":\"https:\/\/abaa.mx\/tienda\/wp-content\/uploads\/2023\/09\/381-nist.jpg\",\"datePublished\":\"2023-09-19T19:46:51+00:00\",\"dateModified\":\"2023-11-29T14:39:15+00:00\",\"breadcrumb\":{\"@id\":\"https:\/\/abaa.mx\/tienda\/pinza-amperimetrica-fluke-381-nist-remote-display-true-rms-ac-dc-con-iflex-incluye-certificado-trazable\/#breadcrumb\"},\"inLanguage\":\"es\",\"potentialAction\":[{\"@type\":\"ReadAction\",\"target\":[\"https:\/\/abaa.mx\/tienda\/pinza-amperimetrica-fluke-381-nist-remote-display-true-rms-ac-dc-con-iflex-incluye-certificado-trazable\/\"]}]},{\"@type\":\"ImageObject\",\"inLanguage\":\"es\",\"@id\":\"https:\/\/abaa.mx\/tienda\/pinza-amperimetrica-fluke-381-nist-remote-display-true-rms-ac-dc-con-iflex-incluye-certificado-trazable\/#primaryimage\",\"url\":\"https:\/\/abaa.mx\/tienda\/wp-content\/uploads\/2023\/09\/381-nist.jpg\",\"contentUrl\":\"https:\/\/abaa.mx\/tienda\/wp-content\/uploads\/2023\/09\/381-nist.jpg\",\"width\":270,\"height\":200,\"caption\":\"381-nist\"},{\"@type\":\"BreadcrumbList\",\"@id\":\"https:\/\/abaa.mx\/tienda\/pinza-amperimetrica-fluke-381-nist-remote-display-true-rms-ac-dc-con-iflex-incluye-certificado-trazable\/#breadcrumb\",\"itemListElement\":[{\"@type\":\"ListItem\",\"position\":1,\"name\":\"Inicio\",\"item\":\"https:\/\/abaa.mx\/tienda\/\"},{\"@type\":\"ListItem\",\"position\":2,\"name\":\"Tienda\",\"item\":\"https:\/\/abaa.mx\/tienda\/\"},{\"@type\":\"ListItem\",\"position\":3,\"name\":\"pinza amperim\u00e9trica fluke 381-nist remote display true rms ac-dc con iflex, incluye certificado trazable\"}]},{\"@type\":\"WebSite\",\"@id\":\"https:\/\/abaa.mx\/tienda\/#website\",\"url\":\"https:\/\/abaa.mx\/tienda\/\",\"name\":\"Abaa tienda online\",\"description\":\"Instrumentos de medici\u00f3n\",\"publisher\":{\"@id\":\"https:\/\/abaa.mx\/tienda\/#organization\"},\"potentialAction\":[{\"@type\":\"SearchAction\",\"target\":{\"@type\":\"EntryPoint\",\"urlTemplate\":\"https:\/\/abaa.mx\/tienda\/?s={search_term_string}\"},\"query-input\":{\"@type\":\"PropertyValueSpecification\",\"valueRequired\":true,\"valueName\":\"search_term_string\"}}],\"inLanguage\":\"es\"},{\"@type\":\"Organization\",\"@id\":\"https:\/\/abaa.mx\/tienda\/#organization\",\"name\":\"Abaa tienda online\",\"url\":\"https:\/\/abaa.mx\/tienda\/\",\"logo\":{\"@type\":\"ImageObject\",\"inLanguage\":\"es\",\"@id\":\"https:\/\/abaa.mx\/tienda\/#\/schema\/logo\/image\/\",\"url\":\"https:\/\/abaa.mx\/tienda\/wp-content\/uploads\/2024\/01\/abaa-metrologia-tienda.png\",\"contentUrl\":\"https:\/\/abaa.mx\/tienda\/wp-content\/uploads\/2024\/01\/abaa-metrologia-tienda.png\",\"width\":300,\"height\":141,\"caption\":\"Abaa tienda online\"},\"image\":{\"@id\":\"https:\/\/abaa.mx\/tienda\/#\/schema\/logo\/image\/\"}}]}<\/script>\n<!-- \/ Yoast SEO plugin. -->","yoast_head_json":{"title":"pinza amperim\u00e9trica fluke 381-nist remote display true rms ac-dc con iflex, incluye certificado trazable - Abaa tienda online","robots":{"index":"index","follow":"follow","max-snippet":"max-snippet:-1","max-image-preview":"max-image-preview:large","max-video-preview":"max-video-preview:-1"},"canonical":"https:\/\/abaa.mx\/tienda\/pinza-amperimetrica-fluke-381-nist-remote-display-true-rms-ac-dc-con-iflex-incluye-certificado-trazable\/","og_locale":"es_MX","og_type":"article","og_title":"pinza amperim\u00e9trica fluke 381-nist remote display true rms ac-dc con iflex, incluye certificado trazable - Abaa tienda online","og_description":"Permite que un t\u00e9cnico haga el trabajo que requerir\u00eda dos personas. Esta pantalla remota permite al usuario sujetar alrededor de un conductor, separar la pantalla. Adem\u00e1s, pueden caminar por la habitaci\u00f3n para configurar controles o quitar el equipo de protecci\u00f3n, todo mientras observan lecturas en tiempo real. La sonda de corriente flexible iFlex (incluida) ampl\u00eda el rango de medici\u00f3n a 2500 A AC al tiempo que proporciona una mayor flexibilidad de visualizaci\u00f3n. Con un cable que corre 6 ', finalmente puede medir esos espacios reducidos, conductores de tama\u00f1o inc\u00f3modo y cables desorganizados.","og_url":"https:\/\/abaa.mx\/tienda\/pinza-amperimetrica-fluke-381-nist-remote-display-true-rms-ac-dc-con-iflex-incluye-certificado-trazable\/","og_site_name":"Abaa tienda online","article_modified_time":"2023-11-29T14:39:15+00:00","og_image":[{"width":270,"height":200,"url":"https:\/\/abaa.mx\/tienda\/wp-content\/uploads\/2023\/09\/381-nist.jpg","type":"image\/jpeg"}],"twitter_card":"summary_large_image","twitter_misc":{"Tiempo de lectura":"3 minutos"},"schema":{"@context":"https:\/\/schema.org","@graph":[{"@type":"WebPage","@id":"https:\/\/abaa.mx\/tienda\/pinza-amperimetrica-fluke-381-nist-remote-display-true-rms-ac-dc-con-iflex-incluye-certificado-trazable\/","url":"https:\/\/abaa.mx\/tienda\/pinza-amperimetrica-fluke-381-nist-remote-display-true-rms-ac-dc-con-iflex-incluye-certificado-trazable\/","name":"pinza amperim\u00e9trica fluke 381-nist remote display true rms ac-dc con iflex, incluye certificado trazable - Abaa tienda online","isPartOf":{"@id":"https:\/\/abaa.mx\/tienda\/#website"},"primaryImageOfPage":{"@id":"https:\/\/abaa.mx\/tienda\/pinza-amperimetrica-fluke-381-nist-remote-display-true-rms-ac-dc-con-iflex-incluye-certificado-trazable\/#primaryimage"},"image":{"@id":"https:\/\/abaa.mx\/tienda\/pinza-amperimetrica-fluke-381-nist-remote-display-true-rms-ac-dc-con-iflex-incluye-certificado-trazable\/#primaryimage"},"thumbnailUrl":"https:\/\/abaa.mx\/tienda\/wp-content\/uploads\/2023\/09\/381-nist.jpg","datePublished":"2023-09-19T19:46:51+00:00","dateModified":"2023-11-29T14:39:15+00:00","breadcrumb":{"@id":"https:\/\/abaa.mx\/tienda\/pinza-amperimetrica-fluke-381-nist-remote-display-true-rms-ac-dc-con-iflex-incluye-certificado-trazable\/#breadcrumb"},"inLanguage":"es","potentialAction":[{"@type":"ReadAction","target":["https:\/\/abaa.mx\/tienda\/pinza-amperimetrica-fluke-381-nist-remote-display-true-rms-ac-dc-con-iflex-incluye-certificado-trazable\/"]}]},{"@type":"ImageObject","inLanguage":"es","@id":"https:\/\/abaa.mx\/tienda\/pinza-amperimetrica-fluke-381-nist-remote-display-true-rms-ac-dc-con-iflex-incluye-certificado-trazable\/#primaryimage","url":"https:\/\/abaa.mx\/tienda\/wp-content\/uploads\/2023\/09\/381-nist.jpg","contentUrl":"https:\/\/abaa.mx\/tienda\/wp-content\/uploads\/2023\/09\/381-nist.jpg","width":270,"height":200,"caption":"381-nist"},{"@type":"BreadcrumbList","@id":"https:\/\/abaa.mx\/tienda\/pinza-amperimetrica-fluke-381-nist-remote-display-true-rms-ac-dc-con-iflex-incluye-certificado-trazable\/#breadcrumb","itemListElement":[{"@type":"ListItem","position":1,"name":"Inicio","item":"https:\/\/abaa.mx\/tienda\/"},{"@type":"ListItem","position":2,"name":"Tienda","item":"https:\/\/abaa.mx\/tienda\/"},{"@type":"ListItem","position":3,"name":"pinza amperim\u00e9trica fluke 381-nist remote display true rms ac-dc con iflex, incluye certificado trazable"}]},{"@type":"WebSite","@id":"https:\/\/abaa.mx\/tienda\/#website","url":"https:\/\/abaa.mx\/tienda\/","name":"Abaa tienda online","description":"Instrumentos de medici\u00f3n","publisher":{"@id":"https:\/\/abaa.mx\/tienda\/#organization"},"potentialAction":[{"@type":"SearchAction","target":{"@type":"EntryPoint","urlTemplate":"https:\/\/abaa.mx\/tienda\/?s={search_term_string}"},"query-input":{"@type":"PropertyValueSpecification","valueRequired":true,"valueName":"search_term_string"}}],"inLanguage":"es"},{"@type":"Organization","@id":"https:\/\/abaa.mx\/tienda\/#organization","name":"Abaa tienda online","url":"https:\/\/abaa.mx\/tienda\/","logo":{"@type":"ImageObject","inLanguage":"es","@id":"https:\/\/abaa.mx\/tienda\/#\/schema\/logo\/image\/","url":"https:\/\/abaa.mx\/tienda\/wp-content\/uploads\/2024\/01\/abaa-metrologia-tienda.png","contentUrl":"https:\/\/abaa.mx\/tienda\/wp-content\/uploads\/2024\/01\/abaa-metrologia-tienda.png","width":300,"height":141,"caption":"Abaa tienda online"},"image":{"@id":"https:\/\/abaa.mx\/tienda\/#\/schema\/logo\/image\/"}}]}},"_links":{"self":[{"href":"https:\/\/abaa.mx\/tienda\/wp-json\/wp\/v2\/product\/2067","targetHints":{"allow":["GET"]}}],"collection":[{"href":"https:\/\/abaa.mx\/tienda\/wp-json\/wp\/v2\/product"}],"about":[{"href":"https:\/\/abaa.mx\/tienda\/wp-json\/wp\/v2\/types\/product"}],"replies":[{"embeddable":true,"href":"https:\/\/abaa.mx\/tienda\/wp-json\/wp\/v2\/comments?post=2067"}],"wp:featuredmedia":[{"embeddable":true,"href":"https:\/\/abaa.mx\/tienda\/wp-json\/wp\/v2\/media\/2075"}],"wp:attachment":[{"href":"https:\/\/abaa.mx\/tienda\/wp-json\/wp\/v2\/media?parent=2067"}],"wp:term":[{"taxonomy":"product_brand","embeddable":true,"href":"https:\/\/abaa.mx\/tienda\/wp-json\/wp\/v2\/product_brand?post=2067"},{"taxonomy":"product_cat","embeddable":true,"href":"https:\/\/abaa.mx\/tienda\/wp-json\/wp\/v2\/product_cat?post=2067"},{"taxonomy":"product_tag","embeddable":true,"href":"https:\/\/abaa.mx\/tienda\/wp-json\/wp\/v2\/product_tag?post=2067"}],"curies":[{"name":"wp","href":"https:\/\/api.w.org\/{rel}","templated":true}]}}