{"id":2062,"date":"2023-09-19T19:42:19","date_gmt":"2023-09-19T19:42:19","guid":{"rendered":"https:\/\/abaa.mx\/tienda\/?post_type=product&#038;p=2062"},"modified":"2023-09-19T19:42:19","modified_gmt":"2023-09-19T19:42:19","slug":"multimetro-de-electricista-fluke-117-con-voltaje-sin-contacto","status":"publish","type":"product","link":"https:\/\/abaa.mx\/tienda\/multimetro-de-electricista-fluke-117-con-voltaje-sin-contacto\/","title":{"rendered":"Mult\u00edmetro de electricista fluke 117 con voltaje sin contacto"},"content":{"rendered":"<h1>Mult\u00edmetro de electricista fluke 117 con voltaje sin contacto<\/h1>\n<p>&nbsp;<\/p>\n<h4>Fluke 117 Ofertas<\/h4>\n<p><strong>El mult\u00edmetro digital incluye detecci\u00f3n de voltaje sin contacto integrada para ayudar a realizar el trabajo m\u00e1s r\u00e1pido<\/strong><\/p>\n<p>Ideal para aplicaciones como edificios comerciales, hospitales y escuelas, este mult\u00edmetro viene equipado con True-RMS. Este instrumento ayuda a prevenir lecturas falsas causadas por voltaje fantasma debido a la detecci\u00f3n de voltaje sin contacto integrada, los voltios autom\u00e1ticos y las funciones LoZ. Adem\u00e1s, esta herramienta viene suministrada con lecturas m\u00ednimas \/ m\u00e1ximas \/ promedio y mide la frecuencia, la capacitancia y una interfaz f\u00e1cil de usar.<\/p>\n<p><strong>Dise\u00f1ado y probado teniendo en cuenta su seguridad en el trabajo<\/strong><\/p>\n<p>Probado para un uso seguro en entornos CAT III 600 V y dise\u00f1ado en varias caracter\u00edsticas para que sea m\u00e1s f\u00e1cil y r\u00e1pido para usted obtener las mediciones que necesita.<\/p>\n<h3><strong>Funciones<\/strong><\/h3>\n<ul>\n<li>Tecnolog\u00eda VoltAlert\u00a0para la detecci\u00f3n de voltaje sin contacto<\/li>\n<li>Selecci\u00f3n autom\u00e1tica de voltaje CA\/CC AutoVolt<\/li>\n<li>LoZ: ayuda a prevenir lecturas falsas debido al voltaje fantasma<\/li>\n<li>Gran retroiluminaci\u00f3n LED blanca para trabajar en \u00e1reas poco iluminadas<\/li>\n<li>True-rms para mediciones precisas en cargas no lineales<\/li>\n<li>Mide 10 A (sobrecarga de 20 A durante 30 segundos)<\/li>\n<li>Resistencia, continuidad, frecuencia y capacitancia<\/li>\n<li>M\u00edn.\/m\u00e1x\/promedio para registrar las fluctuaciones de la se\u00f1al<\/li>\n<li>Compatible con colgador magn\u00e9tico opcional (ToolPak) para funcionamiento manos libres<\/li>\n<li>Preciso y f\u00e1cil de usar<\/li>\n<li>Proporciona baja impedancia de entrada para ayudar a prevenir lecturas falsas debido al voltaje fantasma<\/li>\n<li>CAT III 600 V con clasificaci\u00f3n de seguridad<\/li>\n<\/ul>\n<h3><strong>Aplicaciones<\/strong><\/h3>\n<ul>\n<li>Edificios comerciales<\/li>\n<li>Hospitales<\/li>\n<li>Escuelas<\/li>\n<\/ul>\n<h4>Especificaciones de Fluke 117<\/h4>\n<table class=\"table table-striped\">\n<tbody>\n<tr>\n<td colspan=\"2\"><strong>Milivoltios de CC<\/strong><\/td>\n<\/tr>\n<tr>\n<td>Gama<\/td>\n<td>600,0 mV<\/td>\n<\/tr>\n<tr>\n<td>Resoluci\u00f3n<\/td>\n<td>0,1 mV<\/td>\n<\/tr>\n<tr>\n<td>Exactitud<\/td>\n<td>\u00b10.5% de lectura + 2 cuentas<\/td>\n<\/tr>\n<tr>\n<td colspan=\"2\"><strong>Voltios DC<\/strong><\/td>\n<\/tr>\n<tr>\n<td>Gama<\/td>\n<td>6,000 V 60,00 V 600,0 V<\/td>\n<\/tr>\n<tr>\n<td>Resoluci\u00f3n<\/td>\n<td>0,001 V 0,01 V 0,1 V<\/td>\n<\/tr>\n<tr>\n<td>Exactitud<\/td>\n<td>\u00b10.5% de lectura + 2 cuentas<\/td>\n<\/tr>\n<tr>\n<td colspan=\"2\"><strong>Voltios autom\u00e1ticos<\/strong><\/td>\n<\/tr>\n<tr>\n<td>Gama<\/td>\n<td>600 mV<\/td>\n<\/tr>\n<tr>\n<td>Resoluci\u00f3n<\/td>\n<td>0,1 mV<\/td>\n<\/tr>\n<tr>\n<td>Exactitud<\/td>\n<td>2% + 3 (cc. 45 a 500 Hz) 4% + 3 (500 Hz a 1 kHz)<\/td>\n<\/tr>\n<tr>\n<td colspan=\"2\"><strong>Milivoltios de CA Verdadero RMS<\/strong><\/td>\n<\/tr>\n<tr>\n<td>Gama<\/td>\n<td>600,0 mV<\/td>\n<\/tr>\n<tr>\n<td>Resoluci\u00f3n<\/td>\n<td>0,1 mV<\/td>\n<\/tr>\n<tr>\n<td>Exactitud<\/td>\n<td>45 a 500 Hz: \u00b11,0% de lectura + 3 recuentos 500 Hz a 1 kHz: \u00b12,0% de lectura + 3 recuentos<\/td>\n<\/tr>\n<tr>\n<td colspan=\"2\"><strong>AC Volts True RMS<\/strong><\/td>\n<\/tr>\n<tr>\n<td>Gama<\/td>\n<td>6,000 V 60,00 V 600,0 V<\/td>\n<\/tr>\n<tr>\n<td>Resoluci\u00f3n<\/td>\n<td>0,001 V 0,01 V 0,1 V<\/td>\n<\/tr>\n<tr>\n<td>Exactitud<\/td>\n<td>45 a 500 Hz: \u00b11,0% de lectura + 3 recuentos 500 Hz a 1 kHz: \u00b12,0% de lectura + 3 recuentos<\/td>\n<\/tr>\n<tr>\n<td colspan=\"2\"><strong>Continuidad<\/strong><\/td>\n<\/tr>\n<tr>\n<td>Gama<\/td>\n<td>600 \u03a9<\/td>\n<\/tr>\n<tr>\n<td>Resoluci\u00f3n<\/td>\n<td>1 \u03a9<\/td>\n<\/tr>\n<tr>\n<td>Exactitud<\/td>\n<td>Beeper on &lt;20 \u03a9 off&gt; 250 \u03a9; Detecta aperturas o cortocircuitos de 500 \u03bcs o m\u00e1s<\/td>\n<\/tr>\n<tr>\n<td colspan=\"2\"><strong>Ohmios<\/strong><\/td>\n<\/tr>\n<tr>\n<td>Gama<\/td>\n<td>600 \u03a9<br \/>\n6 k\u03a9 60 k\u03a9<\/p>\n<p>600 k\u03a9<br \/>\n6 M\u03a9<br \/>\n40 M\u03a9<\/td>\n<\/tr>\n<tr>\n<td>Resoluci\u00f3n<\/td>\n<td>0,1 \u03a9<br \/>\n0,001 k\u03a9 0,01 k\u03a9 0,1 k\u03a9 0,001 M\u03a9<\/p>\n<p>0,01 M\u03a9<\/td>\n<\/tr>\n<tr>\n<td>Exactitud<\/td>\n<td>0.9% + 1<\/td>\n<\/tr>\n<tr>\n<td colspan=\"2\"><strong>Prueba de diodo<\/strong><\/td>\n<\/tr>\n<tr>\n<td>Gama<\/td>\n<td>2 V<\/td>\n<\/tr>\n<tr>\n<td>Resoluci\u00f3n<\/td>\n<td>0,001 V<\/td>\n<\/tr>\n<tr>\n<td>Exactitud<\/td>\n<td>0.9% + 2<\/td>\n<\/tr>\n<tr>\n<td colspan=\"2\"><strong>Capacitancia<\/strong><\/td>\n<\/tr>\n<tr>\n<td>Gama<\/td>\n<td>1000 nF 10 \u03bcF 100 \u03bcF 9999 \u03bcF 100 a 1000 \u03bcF &gt;1000 \u03bcF<\/td>\n<\/tr>\n<tr>\n<td>Resoluci\u00f3n<\/td>\n<td>1 nF 0.01 \u03bcF 0.1 \u03bcF 1 \u03bcF<\/td>\n<\/tr>\n<tr>\n<td>Exactitud<\/td>\n<td>1.9% + 2<br \/>\n1.9% + 2<br \/>\n5% + 20<\/td>\n<\/tr>\n<tr>\n<td colspan=\"2\"><strong>Capacitancia Lo-Z<\/strong><\/td>\n<\/tr>\n<tr>\n<td>Gama<\/td>\n<td>1 nF a 500 \u03bcF<\/td>\n<\/tr>\n<tr>\n<td>Exactitud<\/td>\n<td>10% + 2 t\u00edpicos<\/td>\n<\/tr>\n<tr>\n<td colspan=\"2\"><strong>Amplificadores de CA True RMS (45 a 500 Hz)<\/strong><\/td>\n<\/tr>\n<tr>\n<td>Gama<\/td>\n<td>6.000 A 10.00 A 20 A<\/p>\n<p>sobrecarga durante 30 segundos m\u00e1ximo<\/td>\n<\/tr>\n<tr>\n<td>Resoluci\u00f3n<\/td>\n<td>0,001 A 0,01 A<\/td>\n<\/tr>\n<tr>\n<td>Exactitud<\/td>\n<td>\u00b11.5% de lectura + 3 cuentas<\/td>\n<\/tr>\n<tr>\n<td colspan=\"2\"><strong>Amplificadores DC<\/strong><\/td>\n<\/tr>\n<tr>\n<td>Gama<\/td>\n<td>6.000 A 10.00 A 20 A<\/p>\n<p>sobrecarga durante 30 segundos m\u00e1ximo<\/td>\n<\/tr>\n<tr>\n<td>Resoluci\u00f3n<\/td>\n<td>0,001 A 0,01 A<\/td>\n<\/tr>\n<tr>\n<td>Exactitud<\/td>\n<td>\u00b11.0% de lecturas + 3 cuentas<\/td>\n<\/tr>\n<tr>\n<td colspan=\"2\"><strong>Hz (entrada V o A)<\/strong><\/td>\n<\/tr>\n<tr>\n<td>Gama<\/td>\n<td>99,99 Hz 999,9 Hz 9,999 kHz<\/p>\n<p>50,00 kHz<\/td>\n<\/tr>\n<tr>\n<td>Resoluci\u00f3n<\/td>\n<td>0,01 Hz 0,1 Hz 0,001 kHz<\/p>\n<p>0,01 kHz<\/td>\n<\/tr>\n<tr>\n<td>Exactitud<\/td>\n<td>\u00b10.1% de lecturas + 2 cuentas<\/td>\n<\/tr>\n<tr>\n<td colspan=\"2\"><strong>Especificaciones generales<\/strong><\/td>\n<\/tr>\n<tr>\n<td>Voltaje m\u00e1ximo entre cualquier terminal y tierra<\/td>\n<td>600 V<\/td>\n<\/tr>\n<tr>\n<td>Protecci\u00f3n contra sobretensiones<\/td>\n<td>Pico de 6 kV seg\u00fan IEC 61010-1 600 V CAT III, Grado de contaminaci\u00f3n 2<\/td>\n<\/tr>\n<tr>\n<td>Fusible para una entrada<\/td>\n<td>11 A, 1000 V FUSIBLE R\u00c1PIDO<\/td>\n<\/tr>\n<tr>\n<td>Monitor<\/td>\n<td>Digital: 6000 recuentos, actualizaciones 4\/seg<\/td>\n<\/tr>\n<tr>\n<td>Gr\u00e1fico de barras<\/td>\n<td>33 segmentos, actualizaciones 32\/seg<\/td>\n<\/tr>\n<tr>\n<td>Temperatura<\/td>\n<td>En funcionamiento: de 14 a 122 \u00b0C (10 a 50 \u00b0F) Almacenamiento: -40 a 140 \u00b0F (-40 a 60 \u00b0C)<\/td>\n<\/tr>\n<tr>\n<td>Bater\u00eda<\/td>\n<td>Tipo: 9 V alcalino, NEDA 1604A \/ IEC 6LR61<br \/>\nVida: 400 horas t\u00edpicas, sin luz de fondo<\/td>\n<\/tr>\n<tr>\n<td>Dimensiones<\/td>\n<td>6,57 x 3,31 x 1,82&#8243; (167 x 84 x 46 mm)<\/td>\n<\/tr>\n<tr>\n<td>Peso<\/td>\n<td>19,4 onzas (550 g)<\/td>\n<\/tr>\n<\/tbody>\n<\/table>\n","protected":false},"excerpt":{"rendered":"<p>Realiza la detecci\u00f3n de voltaje sin contacto y ayuda a prevenir lecturas falsas causadas por voltaje fantasma con tecnolog\u00eda VoltAlert integrada, funciones AutoVolts y LoZ. Adem\u00e1s, este mult\u00edmetro es ideal para electricistas y se utiliza para aplicaciones como edificios comerciales, hospitales y escuelas.<\/p>\n","protected":false},"featured_media":2071,"comment_status":"open","ping_status":"closed","template":"","meta":{"_joinchat":[]},"product_brand":[],"product_cat":[15],"product_tag":[],"class_list":{"0":"post-2062","1":"product","2":"type-product","3":"status-publish","4":"has-post-thumbnail","6":"product_cat-sin-categorizar","8":"first","9":"instock","10":"shipping-taxable","11":"product-type-simple"},"yoast_head":"<!-- This site is optimized with the Yoast SEO plugin v26.4 - https:\/\/yoast.com\/wordpress\/plugins\/seo\/ -->\n<title>Mult\u00edmetro de electricista fluke 117 con voltaje sin contacto - Abaa tienda online<\/title>\n<meta name=\"robots\" content=\"index, follow, max-snippet:-1, max-image-preview:large, max-video-preview:-1\" \/>\n<link rel=\"canonical\" href=\"https:\/\/abaa.mx\/tienda\/multimetro-de-electricista-fluke-117-con-voltaje-sin-contacto\/\" \/>\n<meta property=\"og:locale\" content=\"es_MX\" \/>\n<meta property=\"og:type\" content=\"article\" \/>\n<meta property=\"og:title\" content=\"Mult\u00edmetro de electricista fluke 117 con voltaje sin contacto - Abaa tienda online\" \/>\n<meta property=\"og:description\" content=\"Realiza la detecci\u00f3n de voltaje sin contacto y ayuda a prevenir lecturas falsas causadas por voltaje fantasma con tecnolog\u00eda VoltAlert integrada, funciones AutoVolts y LoZ. Adem\u00e1s, este mult\u00edmetro es ideal para electricistas y se utiliza para aplicaciones como edificios comerciales, hospitales y escuelas.\" \/>\n<meta property=\"og:url\" content=\"https:\/\/abaa.mx\/tienda\/multimetro-de-electricista-fluke-117-con-voltaje-sin-contacto\/\" \/>\n<meta property=\"og:site_name\" content=\"Abaa tienda online\" \/>\n<meta property=\"og:image\" content=\"https:\/\/abaa.mx\/tienda\/wp-content\/uploads\/2023\/09\/117.jpg\" \/>\n\t<meta property=\"og:image:width\" content=\"358\" \/>\n\t<meta property=\"og:image:height\" content=\"500\" \/>\n\t<meta property=\"og:image:type\" content=\"image\/jpeg\" \/>\n<meta name=\"twitter:card\" content=\"summary_large_image\" \/>\n<meta name=\"twitter:label1\" content=\"Tiempo de lectura\" \/>\n\t<meta name=\"twitter:data1\" content=\"4 minutos\" \/>\n<script type=\"application\/ld+json\" class=\"yoast-schema-graph\">{\"@context\":\"https:\/\/schema.org\",\"@graph\":[{\"@type\":\"WebPage\",\"@id\":\"https:\/\/abaa.mx\/tienda\/multimetro-de-electricista-fluke-117-con-voltaje-sin-contacto\/\",\"url\":\"https:\/\/abaa.mx\/tienda\/multimetro-de-electricista-fluke-117-con-voltaje-sin-contacto\/\",\"name\":\"Mult\u00edmetro de electricista fluke 117 con voltaje sin contacto - Abaa tienda online\",\"isPartOf\":{\"@id\":\"https:\/\/abaa.mx\/tienda\/#website\"},\"primaryImageOfPage\":{\"@id\":\"https:\/\/abaa.mx\/tienda\/multimetro-de-electricista-fluke-117-con-voltaje-sin-contacto\/#primaryimage\"},\"image\":{\"@id\":\"https:\/\/abaa.mx\/tienda\/multimetro-de-electricista-fluke-117-con-voltaje-sin-contacto\/#primaryimage\"},\"thumbnailUrl\":\"https:\/\/abaa.mx\/tienda\/wp-content\/uploads\/2023\/09\/117.jpg\",\"datePublished\":\"2023-09-19T19:42:19+00:00\",\"breadcrumb\":{\"@id\":\"https:\/\/abaa.mx\/tienda\/multimetro-de-electricista-fluke-117-con-voltaje-sin-contacto\/#breadcrumb\"},\"inLanguage\":\"es\",\"potentialAction\":[{\"@type\":\"ReadAction\",\"target\":[\"https:\/\/abaa.mx\/tienda\/multimetro-de-electricista-fluke-117-con-voltaje-sin-contacto\/\"]}]},{\"@type\":\"ImageObject\",\"inLanguage\":\"es\",\"@id\":\"https:\/\/abaa.mx\/tienda\/multimetro-de-electricista-fluke-117-con-voltaje-sin-contacto\/#primaryimage\",\"url\":\"https:\/\/abaa.mx\/tienda\/wp-content\/uploads\/2023\/09\/117.jpg\",\"contentUrl\":\"https:\/\/abaa.mx\/tienda\/wp-content\/uploads\/2023\/09\/117.jpg\",\"width\":358,\"height\":500,\"caption\":\"multimetro-de-electricista-fluke-117-con-voltaje-sin-contacto\"},{\"@type\":\"BreadcrumbList\",\"@id\":\"https:\/\/abaa.mx\/tienda\/multimetro-de-electricista-fluke-117-con-voltaje-sin-contacto\/#breadcrumb\",\"itemListElement\":[{\"@type\":\"ListItem\",\"position\":1,\"name\":\"Inicio\",\"item\":\"https:\/\/abaa.mx\/tienda\/\"},{\"@type\":\"ListItem\",\"position\":2,\"name\":\"Tienda\",\"item\":\"https:\/\/abaa.mx\/tienda\/\"},{\"@type\":\"ListItem\",\"position\":3,\"name\":\"Mult\u00edmetro de electricista fluke 117 con voltaje sin contacto\"}]},{\"@type\":\"WebSite\",\"@id\":\"https:\/\/abaa.mx\/tienda\/#website\",\"url\":\"https:\/\/abaa.mx\/tienda\/\",\"name\":\"Abaa tienda online\",\"description\":\"Instrumentos de medici\u00f3n\",\"publisher\":{\"@id\":\"https:\/\/abaa.mx\/tienda\/#organization\"},\"potentialAction\":[{\"@type\":\"SearchAction\",\"target\":{\"@type\":\"EntryPoint\",\"urlTemplate\":\"https:\/\/abaa.mx\/tienda\/?s={search_term_string}\"},\"query-input\":{\"@type\":\"PropertyValueSpecification\",\"valueRequired\":true,\"valueName\":\"search_term_string\"}}],\"inLanguage\":\"es\"},{\"@type\":\"Organization\",\"@id\":\"https:\/\/abaa.mx\/tienda\/#organization\",\"name\":\"Abaa tienda online\",\"url\":\"https:\/\/abaa.mx\/tienda\/\",\"logo\":{\"@type\":\"ImageObject\",\"inLanguage\":\"es\",\"@id\":\"https:\/\/abaa.mx\/tienda\/#\/schema\/logo\/image\/\",\"url\":\"https:\/\/abaa.mx\/tienda\/wp-content\/uploads\/2024\/01\/abaa-metrologia-tienda.png\",\"contentUrl\":\"https:\/\/abaa.mx\/tienda\/wp-content\/uploads\/2024\/01\/abaa-metrologia-tienda.png\",\"width\":300,\"height\":141,\"caption\":\"Abaa tienda online\"},\"image\":{\"@id\":\"https:\/\/abaa.mx\/tienda\/#\/schema\/logo\/image\/\"}}]}<\/script>\n<!-- \/ Yoast SEO plugin. -->","yoast_head_json":{"title":"Mult\u00edmetro de electricista fluke 117 con voltaje sin contacto - Abaa tienda online","robots":{"index":"index","follow":"follow","max-snippet":"max-snippet:-1","max-image-preview":"max-image-preview:large","max-video-preview":"max-video-preview:-1"},"canonical":"https:\/\/abaa.mx\/tienda\/multimetro-de-electricista-fluke-117-con-voltaje-sin-contacto\/","og_locale":"es_MX","og_type":"article","og_title":"Mult\u00edmetro de electricista fluke 117 con voltaje sin contacto - Abaa tienda online","og_description":"Realiza la detecci\u00f3n de voltaje sin contacto y ayuda a prevenir lecturas falsas causadas por voltaje fantasma con tecnolog\u00eda VoltAlert integrada, funciones AutoVolts y LoZ. Adem\u00e1s, este mult\u00edmetro es ideal para electricistas y se utiliza para aplicaciones como edificios comerciales, hospitales y escuelas.","og_url":"https:\/\/abaa.mx\/tienda\/multimetro-de-electricista-fluke-117-con-voltaje-sin-contacto\/","og_site_name":"Abaa tienda online","og_image":[{"width":358,"height":500,"url":"https:\/\/abaa.mx\/tienda\/wp-content\/uploads\/2023\/09\/117.jpg","type":"image\/jpeg"}],"twitter_card":"summary_large_image","twitter_misc":{"Tiempo de lectura":"4 minutos"},"schema":{"@context":"https:\/\/schema.org","@graph":[{"@type":"WebPage","@id":"https:\/\/abaa.mx\/tienda\/multimetro-de-electricista-fluke-117-con-voltaje-sin-contacto\/","url":"https:\/\/abaa.mx\/tienda\/multimetro-de-electricista-fluke-117-con-voltaje-sin-contacto\/","name":"Mult\u00edmetro de electricista fluke 117 con voltaje sin contacto - Abaa tienda online","isPartOf":{"@id":"https:\/\/abaa.mx\/tienda\/#website"},"primaryImageOfPage":{"@id":"https:\/\/abaa.mx\/tienda\/multimetro-de-electricista-fluke-117-con-voltaje-sin-contacto\/#primaryimage"},"image":{"@id":"https:\/\/abaa.mx\/tienda\/multimetro-de-electricista-fluke-117-con-voltaje-sin-contacto\/#primaryimage"},"thumbnailUrl":"https:\/\/abaa.mx\/tienda\/wp-content\/uploads\/2023\/09\/117.jpg","datePublished":"2023-09-19T19:42:19+00:00","breadcrumb":{"@id":"https:\/\/abaa.mx\/tienda\/multimetro-de-electricista-fluke-117-con-voltaje-sin-contacto\/#breadcrumb"},"inLanguage":"es","potentialAction":[{"@type":"ReadAction","target":["https:\/\/abaa.mx\/tienda\/multimetro-de-electricista-fluke-117-con-voltaje-sin-contacto\/"]}]},{"@type":"ImageObject","inLanguage":"es","@id":"https:\/\/abaa.mx\/tienda\/multimetro-de-electricista-fluke-117-con-voltaje-sin-contacto\/#primaryimage","url":"https:\/\/abaa.mx\/tienda\/wp-content\/uploads\/2023\/09\/117.jpg","contentUrl":"https:\/\/abaa.mx\/tienda\/wp-content\/uploads\/2023\/09\/117.jpg","width":358,"height":500,"caption":"multimetro-de-electricista-fluke-117-con-voltaje-sin-contacto"},{"@type":"BreadcrumbList","@id":"https:\/\/abaa.mx\/tienda\/multimetro-de-electricista-fluke-117-con-voltaje-sin-contacto\/#breadcrumb","itemListElement":[{"@type":"ListItem","position":1,"name":"Inicio","item":"https:\/\/abaa.mx\/tienda\/"},{"@type":"ListItem","position":2,"name":"Tienda","item":"https:\/\/abaa.mx\/tienda\/"},{"@type":"ListItem","position":3,"name":"Mult\u00edmetro de electricista fluke 117 con voltaje sin contacto"}]},{"@type":"WebSite","@id":"https:\/\/abaa.mx\/tienda\/#website","url":"https:\/\/abaa.mx\/tienda\/","name":"Abaa tienda online","description":"Instrumentos de medici\u00f3n","publisher":{"@id":"https:\/\/abaa.mx\/tienda\/#organization"},"potentialAction":[{"@type":"SearchAction","target":{"@type":"EntryPoint","urlTemplate":"https:\/\/abaa.mx\/tienda\/?s={search_term_string}"},"query-input":{"@type":"PropertyValueSpecification","valueRequired":true,"valueName":"search_term_string"}}],"inLanguage":"es"},{"@type":"Organization","@id":"https:\/\/abaa.mx\/tienda\/#organization","name":"Abaa tienda online","url":"https:\/\/abaa.mx\/tienda\/","logo":{"@type":"ImageObject","inLanguage":"es","@id":"https:\/\/abaa.mx\/tienda\/#\/schema\/logo\/image\/","url":"https:\/\/abaa.mx\/tienda\/wp-content\/uploads\/2024\/01\/abaa-metrologia-tienda.png","contentUrl":"https:\/\/abaa.mx\/tienda\/wp-content\/uploads\/2024\/01\/abaa-metrologia-tienda.png","width":300,"height":141,"caption":"Abaa tienda online"},"image":{"@id":"https:\/\/abaa.mx\/tienda\/#\/schema\/logo\/image\/"}}]}},"_links":{"self":[{"href":"https:\/\/abaa.mx\/tienda\/wp-json\/wp\/v2\/product\/2062","targetHints":{"allow":["GET"]}}],"collection":[{"href":"https:\/\/abaa.mx\/tienda\/wp-json\/wp\/v2\/product"}],"about":[{"href":"https:\/\/abaa.mx\/tienda\/wp-json\/wp\/v2\/types\/product"}],"replies":[{"embeddable":true,"href":"https:\/\/abaa.mx\/tienda\/wp-json\/wp\/v2\/comments?post=2062"}],"wp:featuredmedia":[{"embeddable":true,"href":"https:\/\/abaa.mx\/tienda\/wp-json\/wp\/v2\/media\/2071"}],"wp:attachment":[{"href":"https:\/\/abaa.mx\/tienda\/wp-json\/wp\/v2\/media?parent=2062"}],"wp:term":[{"taxonomy":"product_brand","embeddable":true,"href":"https:\/\/abaa.mx\/tienda\/wp-json\/wp\/v2\/product_brand?post=2062"},{"taxonomy":"product_cat","embeddable":true,"href":"https:\/\/abaa.mx\/tienda\/wp-json\/wp\/v2\/product_cat?post=2062"},{"taxonomy":"product_tag","embeddable":true,"href":"https:\/\/abaa.mx\/tienda\/wp-json\/wp\/v2\/product_tag?post=2062"}],"curies":[{"name":"wp","href":"https:\/\/api.w.org\/{rel}","templated":true}]}}