{"id":2060,"date":"2023-09-19T19:31:13","date_gmt":"2023-09-19T19:31:13","guid":{"rendered":"https:\/\/abaa.mx\/tienda\/?post_type=product&#038;p=2060"},"modified":"2023-11-29T15:09:34","modified_gmt":"2023-11-29T15:09:34","slug":"kit-de-pinza-amperimetrica-fluke-376-fc-true-rms-ac-dc-incluye-el-termometro-infrarrojo-ir-98-gratis","status":"publish","type":"product","link":"https:\/\/abaa.mx\/tienda\/kit-de-pinza-amperimetrica-fluke-376-fc-true-rms-ac-dc-incluye-el-termometro-infrarrojo-ir-98-gratis\/","title":{"rendered":"kit de pinza amperim\u00e9trica fluke 376 fc true rms ac-dc &#8211; incluye el term\u00f3metro infrarrojo ir-98 gratis"},"content":{"rendered":"<p>&nbsp;<\/p>\n<p>Ofrece un rendimiento mejorado ideal para una amplia gama de situaciones de medici\u00f3n de corriente y viene suministrado con mediciones de voltaje y corriente de CA True RMS, esta herramienta puede leer hasta 1000 V y 1000 A en los modos de CA y CC. Adem\u00e1s, este instrumento incluye la sonda de corriente flexible iFlex que ampl\u00eda el rango de medici\u00f3n a 2500 A ac al tiempo que permite una mayor flexibilidad de visualizaci\u00f3n, la capacidad de medir alrededor de conductores de tama\u00f1o inc\u00f3modo y un mejor acceso al cable.<\/p>\n<p>&nbsp;<\/p>\n<p><strong>Funciones:<\/strong><\/p>\n<ul>\n<li>La sonda de corriente flexible iFlex ampl\u00eda el rango de medici\u00f3n a 2500 A de CA al tiempo que proporciona una mayor flexibilidad de visualizaci\u00f3n, capacidad para medir conductores de tama\u00f1o inc\u00f3modo y un mejor acceso al cable.<\/li>\n<li>CAT IV 600 V, CAT III 1000 V.<\/li>\n<li>El filtro de paso bajo VFD integrado y el procesamiento de se\u00f1ales de \u00faltima generaci\u00f3n permiten su uso en entornos el\u00e9ctricos ruidosos al tiempo que proporcionan lecturas estables.<\/li>\n<li>Tecnolog\u00eda patentada de medici\u00f3n de irrupci\u00f3n para filtrar el ruido y capturar la corriente de arranque del motor exactamente como lo ve la protecci\u00f3n del circuito.<\/li>\n<li>El dise\u00f1o ergon\u00f3mico se adapta a la mano y se puede usar mientras se usa equipo de protecci\u00f3n personal.<\/li>\n<li>La pantalla retroiluminada grande y f\u00e1cil de leer establece autom\u00e1ticamente el rango de medici\u00f3n correcto para que no tenga que cambiar las posiciones de los interruptores mientras realiza una medici\u00f3n.<\/li>\n<li>Conecte su medidor a su smartphone con Fluke Connect Measurements.<\/li>\n<li>Lea las mediciones en su tel\u00e9fono a una distancia segura, usando menos EPP mientras su medidor asume todos los riesgos.<\/li>\n<li>Registre los resultados directamente en su tel\u00e9fono y en la nube.<\/li>\n<li>Capture errores intermitentes mientras realiza otras tareas mediante las capacidades de registro.<\/li>\n<li>Cree y comparta informes desde el campo por correo electr\u00f3nico, o converse en tiempo real con videollamadas ShareLive.<\/li>\n<li>Mediciones de registro y tendencias para identificar fallas intermitentes.<\/li>\n<li>Transmita los resultados de forma inal\u00e1mbrica a trav\u00e9s de la aplicaci\u00f3n Fluke Connect Measurements.<\/li>\n<\/ul>\n<p>&nbsp;<\/p>\n<p><strong>Capacidad de medici\u00f3n<\/strong><\/p>\n<ul>\n<li>Medici\u00f3n de corriente de CA y CC de 1000 A con mand\u00edbula fija.<\/li>\n<li>Medici\u00f3n de corriente alterna de 2500 A con sonda de corriente flexible iFlex.<\/li>\n<li>Medici\u00f3n de voltaje de 1000 V CA y CC.<\/li>\n<li>Voltaje y corriente de CA RMS reales para mediciones precisas en se\u00f1ales no lineales.<\/li>\n<li>Medici\u00f3n de frecuencia hasta 500 Hz con mand\u00edbula e iFlex.<\/li>\n<li>Medici\u00f3n de resistencia de 60 k\u03a9 con detecci\u00f3n de continuidad.<\/li>\n<li>Grabaci\u00f3n m\u00ednima, m\u00e1x., media y de irrupci\u00f3n para capturar variaciones autom\u00e1ticamente.<\/li>\n<li>Rango de medici\u00f3n de 500 mV CC para interactuar con otros accesorios.<\/li>\n<li>Medici\u00f3n de capacitancia de 1000 \u03bcF.<\/li>\n<\/ul>\n<p>&nbsp;<\/p>\n<p><strong>REED IR-98 Term\u00f3metro infrarrojo con sonda:<\/strong><\/p>\n<p>El IR-98 muestra mediciones de temperatura infrarrojas y de sonda. Cuenta con medici\u00f3n sin contacto de superficies con su sensor incorporado y medici\u00f3n de temperatura interna con la sonda de termistor integral. Cuenta con una relaci\u00f3n de distancia a punto de 1: 1 y es capaz de medir temperaturas sin contacto y centrales de hasta 500 \u00b0 F (260 \u00b0 C). La sonda es ajustable a trav\u00e9s de 180 \u00b0, lo que permite a los usuarios seleccionar el \u00e1ngulo de medici\u00f3n ideal.<\/p>\n<p>&nbsp;<\/p>\n<p><strong>Funciones:<\/strong><\/p>\n<ul>\n<li>Term\u00f3metro infrarrojo 2 en 1 con sonda de termistor integral.<\/li>\n<li>Conmutable \u00b0F o \u00b0C.<\/li>\n<li>Funci\u00f3n de grabaci\u00f3n m\u00ednima\/m\u00e1xima.<\/li>\n<li>Funci\u00f3n de retenci\u00f3n de datos.<\/li>\n<li>Funci\u00f3n de bloqueo para monitoreo continuo.<\/li>\n<li>Indicaci\u00f3n de sobrerango.<\/li>\n<li>Apagado autom\u00e1tico.<\/li>\n<\/ul>\n<p>&nbsp;<\/p>\n<h4>Fluke 376FC-KIT4 Especificaciones<\/h4>\n<table class=\"table table-striped\">\n<tbody>\n<tr>\n<td colspan=\"2\"><strong>Corriente alterna a trav\u00e9s de la mand\u00edbula<\/strong><\/td>\n<\/tr>\n<tr>\n<td>Gama<\/td>\n<td>999,9 A<\/td>\n<\/tr>\n<tr>\n<td>Resoluci\u00f3n<\/td>\n<td>0,1 A<\/td>\n<\/tr>\n<tr>\n<td>Exactitud<\/td>\n<td>2% \u00b1 5 d\u00edgitos<\/td>\n<\/tr>\n<tr>\n<td colspan=\"2\"><strong>Corriente alterna a trav\u00e9s de iFlex\u2122<\/strong><\/td>\n<\/tr>\n<tr>\n<td>Gama<\/td>\n<td>2500 A<\/td>\n<\/tr>\n<tr>\n<td>Resoluci\u00f3n<\/td>\n<td>0,1 A<\/td>\n<\/tr>\n<tr>\n<td>Exactitud<\/td>\n<td>3% \u00b1 5 d\u00edgitos<\/td>\n<\/tr>\n<tr>\n<td colspan=\"2\"><strong>Corriente continua<\/strong><\/td>\n<\/tr>\n<tr>\n<td>Gama<\/td>\n<td>999,9 A<\/td>\n<\/tr>\n<tr>\n<td>Resoluci\u00f3n<\/td>\n<td>0,1 A<\/td>\n<\/tr>\n<tr>\n<td>Exactitud<\/td>\n<td>2% \u00b1 5 d\u00edgitos<\/td>\n<\/tr>\n<tr>\n<td colspan=\"2\"><strong>Voltaje de CA<\/strong><\/td>\n<\/tr>\n<tr>\n<td>Gama<\/td>\n<td>1000 V<\/td>\n<\/tr>\n<tr>\n<td>Resoluci\u00f3n<\/td>\n<td>0,1 V<\/td>\n<\/tr>\n<tr>\n<td>Exactitud<\/td>\n<td>1.5% \u00b1 5 d\u00edgitos<\/td>\n<\/tr>\n<tr>\n<td colspan=\"2\"><strong>Voltaje de CC<\/strong><\/td>\n<\/tr>\n<tr>\n<td>Gama<\/td>\n<td>1000 V<\/td>\n<\/tr>\n<tr>\n<td>Resoluci\u00f3n<\/td>\n<td>0,1 mV<\/td>\n<\/tr>\n<tr>\n<td>Exactitud<\/td>\n<td>1% \u00b1 5 d\u00edgitos<\/td>\n<\/tr>\n<tr>\n<td colspan=\"2\"><strong>Resistencia<\/strong><\/td>\n<\/tr>\n<tr>\n<td>Gama<\/td>\n<td>60,000 \u03a9<\/td>\n<\/tr>\n<tr>\n<td>Resoluci\u00f3n<\/td>\n<td>0.1 \u03a9<\/td>\n<\/tr>\n<tr>\n<td>Exactitud<\/td>\n<td>1% \u00b1 5 d\u00edgitos<\/td>\n<\/tr>\n<tr>\n<td colspan=\"2\"><strong>Frecuencia<\/strong><\/td>\n<\/tr>\n<tr>\n<td>Gama<\/td>\n<td>500 Hz<\/td>\n<\/tr>\n<tr>\n<td>Resoluci\u00f3n<\/td>\n<td>0,1 Hz<\/td>\n<\/tr>\n<tr>\n<td>Exactitud<\/td>\n<td>0.5% \u00b1 5 d\u00edgitos<\/td>\n<\/tr>\n<tr>\n<td colspan=\"2\"><strong>Capacitancia<\/strong><\/td>\n<\/tr>\n<tr>\n<td>Gama<\/td>\n<td>1000 \u03bcF<\/td>\n<\/tr>\n<tr>\n<td>Resoluci\u00f3n<\/td>\n<td>1 \u03bcF<\/td>\n<\/tr>\n<tr>\n<td>Exactitud<\/td>\n<td>1% \u00b1 4 d\u00edgitos<\/td>\n<\/tr>\n<tr>\n<td colspan=\"2\"><strong>Especificaciones mec\u00e1nicas<\/strong><\/td>\n<\/tr>\n<tr>\n<td>Capacidad del cable<\/td>\n<td>750 MCM o 2 a 500 MCM<\/td>\n<\/tr>\n<tr>\n<td>Clasificaci\u00f3n de seguridad<\/td>\n<td>CAT III 1000 V, CAT IV 600 V<\/td>\n<\/tr>\n<\/tbody>\n<\/table>\n","protected":false},"excerpt":{"rendered":"<p>Ofrece un rendimiento mejorado ideal para una amplia gama de situaciones de medici\u00f3n de corriente y viene suministrado con mediciones de voltaje y corriente de CA True RMS, esta herramienta puede leer hasta 1000 V y 1000 A en los modos de CA y CC. Adem\u00e1s, este instrumento incluye la sonda de corriente flexible iFlex que ampl\u00eda el rango de medici\u00f3n a 2500 A ac al tiempo que permite una mayor flexibilidad de visualizaci\u00f3n, la capacidad de medir alrededor de conductores de tama\u00f1o inc\u00f3modo y un mejor acceso al cable.<\/p>\n","protected":false},"featured_media":2063,"comment_status":"open","ping_status":"closed","template":"","meta":{"_joinchat":[]},"product_brand":[],"product_cat":[15],"product_tag":[],"class_list":{"0":"post-2060","1":"product","2":"type-product","3":"status-publish","4":"has-post-thumbnail","6":"product_cat-sin-categorizar","8":"first","9":"instock","10":"shipping-taxable","11":"product-type-simple"},"yoast_head":"<!-- This site is optimized with the Yoast SEO plugin v26.4 - https:\/\/yoast.com\/wordpress\/plugins\/seo\/ -->\n<title>kit de pinza amperim\u00e9trica fluke 376 fc true rms ac-dc - incluye el term\u00f3metro infrarrojo ir-98 gratis - Abaa tienda online<\/title>\n<meta name=\"robots\" content=\"index, follow, max-snippet:-1, max-image-preview:large, max-video-preview:-1\" \/>\n<link rel=\"canonical\" href=\"https:\/\/abaa.mx\/tienda\/kit-de-pinza-amperimetrica-fluke-376-fc-true-rms-ac-dc-incluye-el-termometro-infrarrojo-ir-98-gratis\/\" \/>\n<meta property=\"og:locale\" content=\"es_MX\" \/>\n<meta property=\"og:type\" content=\"article\" \/>\n<meta property=\"og:title\" content=\"kit de pinza amperim\u00e9trica fluke 376 fc true rms ac-dc - incluye el term\u00f3metro infrarrojo ir-98 gratis - Abaa tienda online\" \/>\n<meta property=\"og:description\" content=\"Ofrece un rendimiento mejorado ideal para una amplia gama de situaciones de medici\u00f3n de corriente y viene suministrado con mediciones de voltaje y corriente de CA True RMS, esta herramienta puede leer hasta 1000 V y 1000 A en los modos de CA y CC. Adem\u00e1s, este instrumento incluye la sonda de corriente flexible iFlex que ampl\u00eda el rango de medici\u00f3n a 2500 A ac al tiempo que permite una mayor flexibilidad de visualizaci\u00f3n, la capacidad de medir alrededor de conductores de tama\u00f1o inc\u00f3modo y un mejor acceso al cable.\" \/>\n<meta property=\"og:url\" content=\"https:\/\/abaa.mx\/tienda\/kit-de-pinza-amperimetrica-fluke-376-fc-true-rms-ac-dc-incluye-el-termometro-infrarrojo-ir-98-gratis\/\" \/>\n<meta property=\"og:site_name\" content=\"Abaa tienda online\" \/>\n<meta property=\"article:modified_time\" content=\"2023-11-29T15:09:34+00:00\" \/>\n<meta property=\"og:image\" content=\"https:\/\/abaa.mx\/tienda\/wp-content\/uploads\/2023\/09\/376-FC-KIT4.webp\" \/>\n\t<meta property=\"og:image:width\" content=\"270\" \/>\n\t<meta property=\"og:image:height\" content=\"270\" \/>\n\t<meta property=\"og:image:type\" content=\"image\/webp\" \/>\n<meta name=\"twitter:card\" content=\"summary_large_image\" \/>\n<meta name=\"twitter:label1\" content=\"Tiempo de lectura\" \/>\n\t<meta name=\"twitter:data1\" content=\"4 minutos\" \/>\n<script type=\"application\/ld+json\" class=\"yoast-schema-graph\">{\"@context\":\"https:\/\/schema.org\",\"@graph\":[{\"@type\":\"WebPage\",\"@id\":\"https:\/\/abaa.mx\/tienda\/kit-de-pinza-amperimetrica-fluke-376-fc-true-rms-ac-dc-incluye-el-termometro-infrarrojo-ir-98-gratis\/\",\"url\":\"https:\/\/abaa.mx\/tienda\/kit-de-pinza-amperimetrica-fluke-376-fc-true-rms-ac-dc-incluye-el-termometro-infrarrojo-ir-98-gratis\/\",\"name\":\"kit de pinza amperim\u00e9trica fluke 376 fc true rms ac-dc - incluye el term\u00f3metro infrarrojo ir-98 gratis - Abaa tienda online\",\"isPartOf\":{\"@id\":\"https:\/\/abaa.mx\/tienda\/#website\"},\"primaryImageOfPage\":{\"@id\":\"https:\/\/abaa.mx\/tienda\/kit-de-pinza-amperimetrica-fluke-376-fc-true-rms-ac-dc-incluye-el-termometro-infrarrojo-ir-98-gratis\/#primaryimage\"},\"image\":{\"@id\":\"https:\/\/abaa.mx\/tienda\/kit-de-pinza-amperimetrica-fluke-376-fc-true-rms-ac-dc-incluye-el-termometro-infrarrojo-ir-98-gratis\/#primaryimage\"},\"thumbnailUrl\":\"https:\/\/abaa.mx\/tienda\/wp-content\/uploads\/2023\/09\/376-FC-KIT4.webp\",\"datePublished\":\"2023-09-19T19:31:13+00:00\",\"dateModified\":\"2023-11-29T15:09:34+00:00\",\"breadcrumb\":{\"@id\":\"https:\/\/abaa.mx\/tienda\/kit-de-pinza-amperimetrica-fluke-376-fc-true-rms-ac-dc-incluye-el-termometro-infrarrojo-ir-98-gratis\/#breadcrumb\"},\"inLanguage\":\"es\",\"potentialAction\":[{\"@type\":\"ReadAction\",\"target\":[\"https:\/\/abaa.mx\/tienda\/kit-de-pinza-amperimetrica-fluke-376-fc-true-rms-ac-dc-incluye-el-termometro-infrarrojo-ir-98-gratis\/\"]}]},{\"@type\":\"ImageObject\",\"inLanguage\":\"es\",\"@id\":\"https:\/\/abaa.mx\/tienda\/kit-de-pinza-amperimetrica-fluke-376-fc-true-rms-ac-dc-incluye-el-termometro-infrarrojo-ir-98-gratis\/#primaryimage\",\"url\":\"https:\/\/abaa.mx\/tienda\/wp-content\/uploads\/2023\/09\/376-FC-KIT4.webp\",\"contentUrl\":\"https:\/\/abaa.mx\/tienda\/wp-content\/uploads\/2023\/09\/376-FC-KIT4.webp\",\"width\":270,\"height\":270,\"caption\":\"376 FC-KIT4\"},{\"@type\":\"BreadcrumbList\",\"@id\":\"https:\/\/abaa.mx\/tienda\/kit-de-pinza-amperimetrica-fluke-376-fc-true-rms-ac-dc-incluye-el-termometro-infrarrojo-ir-98-gratis\/#breadcrumb\",\"itemListElement\":[{\"@type\":\"ListItem\",\"position\":1,\"name\":\"Inicio\",\"item\":\"https:\/\/abaa.mx\/tienda\/\"},{\"@type\":\"ListItem\",\"position\":2,\"name\":\"Tienda\",\"item\":\"https:\/\/abaa.mx\/tienda\/\"},{\"@type\":\"ListItem\",\"position\":3,\"name\":\"kit de pinza amperim\u00e9trica fluke 376 fc true rms ac-dc &#8211; incluye el term\u00f3metro infrarrojo ir-98 gratis\"}]},{\"@type\":\"WebSite\",\"@id\":\"https:\/\/abaa.mx\/tienda\/#website\",\"url\":\"https:\/\/abaa.mx\/tienda\/\",\"name\":\"Abaa tienda online\",\"description\":\"Instrumentos de medici\u00f3n\",\"publisher\":{\"@id\":\"https:\/\/abaa.mx\/tienda\/#organization\"},\"potentialAction\":[{\"@type\":\"SearchAction\",\"target\":{\"@type\":\"EntryPoint\",\"urlTemplate\":\"https:\/\/abaa.mx\/tienda\/?s={search_term_string}\"},\"query-input\":{\"@type\":\"PropertyValueSpecification\",\"valueRequired\":true,\"valueName\":\"search_term_string\"}}],\"inLanguage\":\"es\"},{\"@type\":\"Organization\",\"@id\":\"https:\/\/abaa.mx\/tienda\/#organization\",\"name\":\"Abaa tienda online\",\"url\":\"https:\/\/abaa.mx\/tienda\/\",\"logo\":{\"@type\":\"ImageObject\",\"inLanguage\":\"es\",\"@id\":\"https:\/\/abaa.mx\/tienda\/#\/schema\/logo\/image\/\",\"url\":\"https:\/\/abaa.mx\/tienda\/wp-content\/uploads\/2024\/01\/abaa-metrologia-tienda.png\",\"contentUrl\":\"https:\/\/abaa.mx\/tienda\/wp-content\/uploads\/2024\/01\/abaa-metrologia-tienda.png\",\"width\":300,\"height\":141,\"caption\":\"Abaa tienda online\"},\"image\":{\"@id\":\"https:\/\/abaa.mx\/tienda\/#\/schema\/logo\/image\/\"}}]}<\/script>\n<!-- \/ Yoast SEO plugin. -->","yoast_head_json":{"title":"kit de pinza amperim\u00e9trica fluke 376 fc true rms ac-dc - incluye el term\u00f3metro infrarrojo ir-98 gratis - Abaa tienda online","robots":{"index":"index","follow":"follow","max-snippet":"max-snippet:-1","max-image-preview":"max-image-preview:large","max-video-preview":"max-video-preview:-1"},"canonical":"https:\/\/abaa.mx\/tienda\/kit-de-pinza-amperimetrica-fluke-376-fc-true-rms-ac-dc-incluye-el-termometro-infrarrojo-ir-98-gratis\/","og_locale":"es_MX","og_type":"article","og_title":"kit de pinza amperim\u00e9trica fluke 376 fc true rms ac-dc - incluye el term\u00f3metro infrarrojo ir-98 gratis - Abaa tienda online","og_description":"Ofrece un rendimiento mejorado ideal para una amplia gama de situaciones de medici\u00f3n de corriente y viene suministrado con mediciones de voltaje y corriente de CA True RMS, esta herramienta puede leer hasta 1000 V y 1000 A en los modos de CA y CC. Adem\u00e1s, este instrumento incluye la sonda de corriente flexible iFlex que ampl\u00eda el rango de medici\u00f3n a 2500 A ac al tiempo que permite una mayor flexibilidad de visualizaci\u00f3n, la capacidad de medir alrededor de conductores de tama\u00f1o inc\u00f3modo y un mejor acceso al cable.","og_url":"https:\/\/abaa.mx\/tienda\/kit-de-pinza-amperimetrica-fluke-376-fc-true-rms-ac-dc-incluye-el-termometro-infrarrojo-ir-98-gratis\/","og_site_name":"Abaa tienda online","article_modified_time":"2023-11-29T15:09:34+00:00","og_image":[{"width":270,"height":270,"url":"https:\/\/abaa.mx\/tienda\/wp-content\/uploads\/2023\/09\/376-FC-KIT4.webp","type":"image\/webp"}],"twitter_card":"summary_large_image","twitter_misc":{"Tiempo de lectura":"4 minutos"},"schema":{"@context":"https:\/\/schema.org","@graph":[{"@type":"WebPage","@id":"https:\/\/abaa.mx\/tienda\/kit-de-pinza-amperimetrica-fluke-376-fc-true-rms-ac-dc-incluye-el-termometro-infrarrojo-ir-98-gratis\/","url":"https:\/\/abaa.mx\/tienda\/kit-de-pinza-amperimetrica-fluke-376-fc-true-rms-ac-dc-incluye-el-termometro-infrarrojo-ir-98-gratis\/","name":"kit de pinza amperim\u00e9trica fluke 376 fc true rms ac-dc - incluye el term\u00f3metro infrarrojo ir-98 gratis - Abaa tienda online","isPartOf":{"@id":"https:\/\/abaa.mx\/tienda\/#website"},"primaryImageOfPage":{"@id":"https:\/\/abaa.mx\/tienda\/kit-de-pinza-amperimetrica-fluke-376-fc-true-rms-ac-dc-incluye-el-termometro-infrarrojo-ir-98-gratis\/#primaryimage"},"image":{"@id":"https:\/\/abaa.mx\/tienda\/kit-de-pinza-amperimetrica-fluke-376-fc-true-rms-ac-dc-incluye-el-termometro-infrarrojo-ir-98-gratis\/#primaryimage"},"thumbnailUrl":"https:\/\/abaa.mx\/tienda\/wp-content\/uploads\/2023\/09\/376-FC-KIT4.webp","datePublished":"2023-09-19T19:31:13+00:00","dateModified":"2023-11-29T15:09:34+00:00","breadcrumb":{"@id":"https:\/\/abaa.mx\/tienda\/kit-de-pinza-amperimetrica-fluke-376-fc-true-rms-ac-dc-incluye-el-termometro-infrarrojo-ir-98-gratis\/#breadcrumb"},"inLanguage":"es","potentialAction":[{"@type":"ReadAction","target":["https:\/\/abaa.mx\/tienda\/kit-de-pinza-amperimetrica-fluke-376-fc-true-rms-ac-dc-incluye-el-termometro-infrarrojo-ir-98-gratis\/"]}]},{"@type":"ImageObject","inLanguage":"es","@id":"https:\/\/abaa.mx\/tienda\/kit-de-pinza-amperimetrica-fluke-376-fc-true-rms-ac-dc-incluye-el-termometro-infrarrojo-ir-98-gratis\/#primaryimage","url":"https:\/\/abaa.mx\/tienda\/wp-content\/uploads\/2023\/09\/376-FC-KIT4.webp","contentUrl":"https:\/\/abaa.mx\/tienda\/wp-content\/uploads\/2023\/09\/376-FC-KIT4.webp","width":270,"height":270,"caption":"376 FC-KIT4"},{"@type":"BreadcrumbList","@id":"https:\/\/abaa.mx\/tienda\/kit-de-pinza-amperimetrica-fluke-376-fc-true-rms-ac-dc-incluye-el-termometro-infrarrojo-ir-98-gratis\/#breadcrumb","itemListElement":[{"@type":"ListItem","position":1,"name":"Inicio","item":"https:\/\/abaa.mx\/tienda\/"},{"@type":"ListItem","position":2,"name":"Tienda","item":"https:\/\/abaa.mx\/tienda\/"},{"@type":"ListItem","position":3,"name":"kit de pinza amperim\u00e9trica fluke 376 fc true rms ac-dc &#8211; incluye el term\u00f3metro infrarrojo ir-98 gratis"}]},{"@type":"WebSite","@id":"https:\/\/abaa.mx\/tienda\/#website","url":"https:\/\/abaa.mx\/tienda\/","name":"Abaa tienda online","description":"Instrumentos de medici\u00f3n","publisher":{"@id":"https:\/\/abaa.mx\/tienda\/#organization"},"potentialAction":[{"@type":"SearchAction","target":{"@type":"EntryPoint","urlTemplate":"https:\/\/abaa.mx\/tienda\/?s={search_term_string}"},"query-input":{"@type":"PropertyValueSpecification","valueRequired":true,"valueName":"search_term_string"}}],"inLanguage":"es"},{"@type":"Organization","@id":"https:\/\/abaa.mx\/tienda\/#organization","name":"Abaa tienda online","url":"https:\/\/abaa.mx\/tienda\/","logo":{"@type":"ImageObject","inLanguage":"es","@id":"https:\/\/abaa.mx\/tienda\/#\/schema\/logo\/image\/","url":"https:\/\/abaa.mx\/tienda\/wp-content\/uploads\/2024\/01\/abaa-metrologia-tienda.png","contentUrl":"https:\/\/abaa.mx\/tienda\/wp-content\/uploads\/2024\/01\/abaa-metrologia-tienda.png","width":300,"height":141,"caption":"Abaa tienda online"},"image":{"@id":"https:\/\/abaa.mx\/tienda\/#\/schema\/logo\/image\/"}}]}},"_links":{"self":[{"href":"https:\/\/abaa.mx\/tienda\/wp-json\/wp\/v2\/product\/2060","targetHints":{"allow":["GET"]}}],"collection":[{"href":"https:\/\/abaa.mx\/tienda\/wp-json\/wp\/v2\/product"}],"about":[{"href":"https:\/\/abaa.mx\/tienda\/wp-json\/wp\/v2\/types\/product"}],"replies":[{"embeddable":true,"href":"https:\/\/abaa.mx\/tienda\/wp-json\/wp\/v2\/comments?post=2060"}],"wp:featuredmedia":[{"embeddable":true,"href":"https:\/\/abaa.mx\/tienda\/wp-json\/wp\/v2\/media\/2063"}],"wp:attachment":[{"href":"https:\/\/abaa.mx\/tienda\/wp-json\/wp\/v2\/media?parent=2060"}],"wp:term":[{"taxonomy":"product_brand","embeddable":true,"href":"https:\/\/abaa.mx\/tienda\/wp-json\/wp\/v2\/product_brand?post=2060"},{"taxonomy":"product_cat","embeddable":true,"href":"https:\/\/abaa.mx\/tienda\/wp-json\/wp\/v2\/product_cat?post=2060"},{"taxonomy":"product_tag","embeddable":true,"href":"https:\/\/abaa.mx\/tienda\/wp-json\/wp\/v2\/product_tag?post=2060"}],"curies":[{"name":"wp","href":"https:\/\/api.w.org\/{rel}","templated":true}]}}