{"id":2039,"date":"2023-09-19T19:02:07","date_gmt":"2023-09-19T19:02:07","guid":{"rendered":"https:\/\/abaa.mx\/tienda\/?post_type=product&#038;p=2039"},"modified":"2023-09-19T19:02:08","modified_gmt":"2023-09-19T19:02:08","slug":"campana-de-captura-de-flujo-de-aire-kanomax-6710-tabmaster-23-a-2500-cfm-2-x-2","status":"publish","type":"product","link":"https:\/\/abaa.mx\/tienda\/campana-de-captura-de-flujo-de-aire-kanomax-6710-tabmaster-23-a-2500-cfm-2-x-2\/","title":{"rendered":"Campana de captura de flujo de aire Kanomax 6710 TABmaster, 23 a 2500 CFM, 2 x 2&#8242;"},"content":{"rendered":"<h1>Campana de captura de flujo de aire Kanomax 6710 TABmaster, 23 a 2500 CFM, 2 x 2&#8242;<\/h1>\n<p>&nbsp;<\/p>\n<h4>Kanomax 6710 Ofertas<\/h4>\n<p>El Kanomax TABmaster es la herramienta perfecta para mediciones precisas del flujo de aire de suministro y retorno. Las campanas intercambiables hacen que sea muy f\u00e1cil tomar muestras del aire para cualquier tama\u00f1o de conducto. La unidad es ligera y f\u00e1cil de manejar. La pantalla a todo color se puede inclinar para que siempre est\u00e9 en el \u00e1ngulo de visi\u00f3n \u00f3ptimo, independientemente de la altura.<\/p>\n<h3><strong>Funciones:<\/strong><\/h3>\n<ul>\n<li>Rango de 23 a 2500 cfm (40 a 4250 m3\/h)<\/li>\n<li>Mide y muestra simult\u00e1neamente el flujo de aire, la temperatura y la humedad<\/li>\n<li>Muestra la direcci\u00f3n del flujo de aire, as\u00ed como la velocidad<\/li>\n<li>Almacene hasta 3.000 mediciones<\/li>\n<li>La funci\u00f3n de almacenamiento avanzado le permite almacenar m\u00faltiples mediciones bajo un solo ID#<\/li>\n<li>F\u00e1cil configuraci\u00f3n y uso para una sola persona<\/li>\n<li>Cinco tama\u00f1os de campana hacen que sea f\u00e1cil elegir uno que se adapte a su conducto<\/li>\n<li>La compensaci\u00f3n de contrapresi\u00f3n incorporada garantiza la precisi\u00f3n para mediciones de flujo volum\u00e9trico de gran tama\u00f1o<\/li>\n<li>Precio econ\u00f3mico competitivo con caracter\u00edsticas de nivel profesional<\/li>\n<\/ul>\n<h3><strong>Aplicaciones:<\/strong><\/h3>\n<ul>\n<li>Pruebas, ajuste y balanceo de HVAC\/R<\/li>\n<li>Mediciones de caudal volum\u00e9trico de aire a trav\u00e9s de registros, difusores y rejillas<\/li>\n<li>Lectura directa en el flujo de aire de suministro y retorno<\/li>\n<li>Medici\u00f3n de la velocidad del aire en el conducto<\/li>\n<li>Compruebe el ensuciamiento del filtro midiendo la presi\u00f3n diferencial<\/li>\n<\/ul>\n<h4>Kanomax 6710 Especificaciones<\/h4>\n<table class=\"table table-striped\">\n<tbody>\n<tr>\n<td>Rango de flujo de aire<\/td>\n<td>23 a 2500 CFM (40 a 4250 m3\/h)<\/td>\n<\/tr>\n<tr>\n<td>Precisi\u00f3n del flujo de aire<\/td>\n<td>+\/- 3% de LECTURA +\/- 8m3\/h (&gt;85m3\/h)<\/td>\n<\/tr>\n<tr>\n<td>Resoluci\u00f3n del flujo de aire<\/td>\n<td>1 m3\/h<\/td>\n<\/tr>\n<tr>\n<td>Rango de temperatura<\/td>\n<td>De 32 a 122 \u00b0C (de 0 a 50 \u00b0F)<\/td>\n<\/tr>\n<tr>\n<td>Precisi\u00f3n de temperatura<\/td>\n<td>+\/- 0.5\u00b0C<\/td>\n<\/tr>\n<tr>\n<td>Resoluci\u00f3n de temperatura<\/td>\n<td>0.1\u00b0C<\/td>\n<\/tr>\n<tr>\n<td>Rango de humedad<\/td>\n<td>0 a 100% HR<\/td>\n<\/tr>\n<tr>\n<td>Precisi\u00f3n de humedad<\/td>\n<td>&#8216;+\/- 3,0 % HR (10 a 90 % HR)<\/td>\n<\/tr>\n<tr>\n<td>Resoluci\u00f3n de humedad<\/td>\n<td>0,1 %HR<\/td>\n<\/tr>\n<tr>\n<td>Dimensiones est\u00e1ndar del cap\u00f3<\/td>\n<td>2\u2032 x 2\u2032 (610x610mm)<\/td>\n<\/tr>\n<tr>\n<td>Registro de datos<\/td>\n<td>Hasta 3.000 mediciones<\/td>\n<\/tr>\n<tr>\n<td>Fuente de alimentaci\u00f3n<\/td>\n<td>4 pilas AA o adaptador OPCIONAL<\/td>\n<\/tr>\n<tr>\n<td>Peso y dimensiones<\/td>\n<td>7.9 lbs (3.6 kg), Cuerpo principal: 3.4&#8243; x 7.4&#8243; x 1.6&#8243;<\/td>\n<\/tr>\n<\/tbody>\n<\/table>\n","protected":false},"excerpt":{"rendered":"<p>Ligera y f\u00e1cil de usar, esta campana de captura es la herramienta perfecta para mediciones precisas del flujo de aire de suministro y retorno y es econ\u00f3mica con todas las caracter\u00edsticas que desea. Adem\u00e1s, mide y muestra simult\u00e1neamente el flujo de aire, la temperatura y la humedad, lo que facilita las pruebas, el ajuste y el equilibrio.<\/p>\n","protected":false},"featured_media":2041,"comment_status":"open","ping_status":"closed","template":"","meta":{"_joinchat":[]},"product_brand":[],"product_cat":[15],"product_tag":[],"class_list":{"0":"post-2039","1":"product","2":"type-product","3":"status-publish","4":"has-post-thumbnail","6":"product_cat-sin-categorizar","8":"first","9":"instock","10":"shipping-taxable","11":"product-type-simple"},"yoast_head":"<!-- This site is optimized with the Yoast SEO plugin v26.4 - https:\/\/yoast.com\/wordpress\/plugins\/seo\/ -->\n<title>Campana de captura de flujo de aire Kanomax 6710 TABmaster, 23 a 2500 CFM, 2 x 2&#039; - Abaa tienda online<\/title>\n<meta name=\"robots\" content=\"index, follow, max-snippet:-1, max-image-preview:large, max-video-preview:-1\" \/>\n<link rel=\"canonical\" href=\"https:\/\/abaa.mx\/tienda\/campana-de-captura-de-flujo-de-aire-kanomax-6710-tabmaster-23-a-2500-cfm-2-x-2\/\" \/>\n<meta property=\"og:locale\" content=\"es_MX\" \/>\n<meta property=\"og:type\" content=\"article\" \/>\n<meta property=\"og:title\" content=\"Campana de captura de flujo de aire Kanomax 6710 TABmaster, 23 a 2500 CFM, 2 x 2&#039; - Abaa tienda online\" \/>\n<meta property=\"og:description\" content=\"Ligera y f\u00e1cil de usar, esta campana de captura es la herramienta perfecta para mediciones precisas del flujo de aire de suministro y retorno y es econ\u00f3mica con todas las caracter\u00edsticas que desea. Adem\u00e1s, mide y muestra simult\u00e1neamente el flujo de aire, la temperatura y la humedad, lo que facilita las pruebas, el ajuste y el equilibrio.\" \/>\n<meta property=\"og:url\" content=\"https:\/\/abaa.mx\/tienda\/campana-de-captura-de-flujo-de-aire-kanomax-6710-tabmaster-23-a-2500-cfm-2-x-2\/\" \/>\n<meta property=\"og:site_name\" content=\"Abaa tienda online\" \/>\n<meta property=\"article:modified_time\" content=\"2023-09-19T19:02:08+00:00\" \/>\n<meta property=\"og:image\" content=\"https:\/\/abaa.mx\/tienda\/wp-content\/uploads\/2023\/09\/6710.jpg\" \/>\n\t<meta property=\"og:image:width\" content=\"270\" \/>\n\t<meta property=\"og:image:height\" content=\"365\" \/>\n\t<meta property=\"og:image:type\" content=\"image\/jpeg\" \/>\n<meta name=\"twitter:card\" content=\"summary_large_image\" \/>\n<meta name=\"twitter:label1\" content=\"Tiempo de lectura\" \/>\n\t<meta name=\"twitter:data1\" content=\"2 minutos\" \/>\n<script type=\"application\/ld+json\" class=\"yoast-schema-graph\">{\"@context\":\"https:\/\/schema.org\",\"@graph\":[{\"@type\":\"WebPage\",\"@id\":\"https:\/\/abaa.mx\/tienda\/campana-de-captura-de-flujo-de-aire-kanomax-6710-tabmaster-23-a-2500-cfm-2-x-2\/\",\"url\":\"https:\/\/abaa.mx\/tienda\/campana-de-captura-de-flujo-de-aire-kanomax-6710-tabmaster-23-a-2500-cfm-2-x-2\/\",\"name\":\"Campana de captura de flujo de aire Kanomax 6710 TABmaster, 23 a 2500 CFM, 2 x 2' - Abaa tienda online\",\"isPartOf\":{\"@id\":\"https:\/\/abaa.mx\/tienda\/#website\"},\"primaryImageOfPage\":{\"@id\":\"https:\/\/abaa.mx\/tienda\/campana-de-captura-de-flujo-de-aire-kanomax-6710-tabmaster-23-a-2500-cfm-2-x-2\/#primaryimage\"},\"image\":{\"@id\":\"https:\/\/abaa.mx\/tienda\/campana-de-captura-de-flujo-de-aire-kanomax-6710-tabmaster-23-a-2500-cfm-2-x-2\/#primaryimage\"},\"thumbnailUrl\":\"https:\/\/abaa.mx\/tienda\/wp-content\/uploads\/2023\/09\/6710.jpg\",\"datePublished\":\"2023-09-19T19:02:07+00:00\",\"dateModified\":\"2023-09-19T19:02:08+00:00\",\"breadcrumb\":{\"@id\":\"https:\/\/abaa.mx\/tienda\/campana-de-captura-de-flujo-de-aire-kanomax-6710-tabmaster-23-a-2500-cfm-2-x-2\/#breadcrumb\"},\"inLanguage\":\"es\",\"potentialAction\":[{\"@type\":\"ReadAction\",\"target\":[\"https:\/\/abaa.mx\/tienda\/campana-de-captura-de-flujo-de-aire-kanomax-6710-tabmaster-23-a-2500-cfm-2-x-2\/\"]}]},{\"@type\":\"ImageObject\",\"inLanguage\":\"es\",\"@id\":\"https:\/\/abaa.mx\/tienda\/campana-de-captura-de-flujo-de-aire-kanomax-6710-tabmaster-23-a-2500-cfm-2-x-2\/#primaryimage\",\"url\":\"https:\/\/abaa.mx\/tienda\/wp-content\/uploads\/2023\/09\/6710.jpg\",\"contentUrl\":\"https:\/\/abaa.mx\/tienda\/wp-content\/uploads\/2023\/09\/6710.jpg\",\"width\":270,\"height\":365,\"caption\":\"campana-de-captura-de-flujo-de-aire-kanomax-6710-tabmaster-23-a-2500-cfm-2-x-2\"},{\"@type\":\"BreadcrumbList\",\"@id\":\"https:\/\/abaa.mx\/tienda\/campana-de-captura-de-flujo-de-aire-kanomax-6710-tabmaster-23-a-2500-cfm-2-x-2\/#breadcrumb\",\"itemListElement\":[{\"@type\":\"ListItem\",\"position\":1,\"name\":\"Inicio\",\"item\":\"https:\/\/abaa.mx\/tienda\/\"},{\"@type\":\"ListItem\",\"position\":2,\"name\":\"Tienda\",\"item\":\"https:\/\/abaa.mx\/tienda\/\"},{\"@type\":\"ListItem\",\"position\":3,\"name\":\"Campana de captura de flujo de aire Kanomax 6710 TABmaster, 23 a 2500 CFM, 2 x 2&#8242;\"}]},{\"@type\":\"WebSite\",\"@id\":\"https:\/\/abaa.mx\/tienda\/#website\",\"url\":\"https:\/\/abaa.mx\/tienda\/\",\"name\":\"Abaa tienda online\",\"description\":\"Instrumentos de medici\u00f3n\",\"publisher\":{\"@id\":\"https:\/\/abaa.mx\/tienda\/#organization\"},\"potentialAction\":[{\"@type\":\"SearchAction\",\"target\":{\"@type\":\"EntryPoint\",\"urlTemplate\":\"https:\/\/abaa.mx\/tienda\/?s={search_term_string}\"},\"query-input\":{\"@type\":\"PropertyValueSpecification\",\"valueRequired\":true,\"valueName\":\"search_term_string\"}}],\"inLanguage\":\"es\"},{\"@type\":\"Organization\",\"@id\":\"https:\/\/abaa.mx\/tienda\/#organization\",\"name\":\"Abaa tienda online\",\"url\":\"https:\/\/abaa.mx\/tienda\/\",\"logo\":{\"@type\":\"ImageObject\",\"inLanguage\":\"es\",\"@id\":\"https:\/\/abaa.mx\/tienda\/#\/schema\/logo\/image\/\",\"url\":\"https:\/\/abaa.mx\/tienda\/wp-content\/uploads\/2024\/01\/abaa-metrologia-tienda.png\",\"contentUrl\":\"https:\/\/abaa.mx\/tienda\/wp-content\/uploads\/2024\/01\/abaa-metrologia-tienda.png\",\"width\":300,\"height\":141,\"caption\":\"Abaa tienda online\"},\"image\":{\"@id\":\"https:\/\/abaa.mx\/tienda\/#\/schema\/logo\/image\/\"}}]}<\/script>\n<!-- \/ Yoast SEO plugin. -->","yoast_head_json":{"title":"Campana de captura de flujo de aire Kanomax 6710 TABmaster, 23 a 2500 CFM, 2 x 2' - Abaa tienda online","robots":{"index":"index","follow":"follow","max-snippet":"max-snippet:-1","max-image-preview":"max-image-preview:large","max-video-preview":"max-video-preview:-1"},"canonical":"https:\/\/abaa.mx\/tienda\/campana-de-captura-de-flujo-de-aire-kanomax-6710-tabmaster-23-a-2500-cfm-2-x-2\/","og_locale":"es_MX","og_type":"article","og_title":"Campana de captura de flujo de aire Kanomax 6710 TABmaster, 23 a 2500 CFM, 2 x 2' - Abaa tienda online","og_description":"Ligera y f\u00e1cil de usar, esta campana de captura es la herramienta perfecta para mediciones precisas del flujo de aire de suministro y retorno y es econ\u00f3mica con todas las caracter\u00edsticas que desea. Adem\u00e1s, mide y muestra simult\u00e1neamente el flujo de aire, la temperatura y la humedad, lo que facilita las pruebas, el ajuste y el equilibrio.","og_url":"https:\/\/abaa.mx\/tienda\/campana-de-captura-de-flujo-de-aire-kanomax-6710-tabmaster-23-a-2500-cfm-2-x-2\/","og_site_name":"Abaa tienda online","article_modified_time":"2023-09-19T19:02:08+00:00","og_image":[{"width":270,"height":365,"url":"https:\/\/abaa.mx\/tienda\/wp-content\/uploads\/2023\/09\/6710.jpg","type":"image\/jpeg"}],"twitter_card":"summary_large_image","twitter_misc":{"Tiempo de lectura":"2 minutos"},"schema":{"@context":"https:\/\/schema.org","@graph":[{"@type":"WebPage","@id":"https:\/\/abaa.mx\/tienda\/campana-de-captura-de-flujo-de-aire-kanomax-6710-tabmaster-23-a-2500-cfm-2-x-2\/","url":"https:\/\/abaa.mx\/tienda\/campana-de-captura-de-flujo-de-aire-kanomax-6710-tabmaster-23-a-2500-cfm-2-x-2\/","name":"Campana de captura de flujo de aire Kanomax 6710 TABmaster, 23 a 2500 CFM, 2 x 2' - Abaa tienda online","isPartOf":{"@id":"https:\/\/abaa.mx\/tienda\/#website"},"primaryImageOfPage":{"@id":"https:\/\/abaa.mx\/tienda\/campana-de-captura-de-flujo-de-aire-kanomax-6710-tabmaster-23-a-2500-cfm-2-x-2\/#primaryimage"},"image":{"@id":"https:\/\/abaa.mx\/tienda\/campana-de-captura-de-flujo-de-aire-kanomax-6710-tabmaster-23-a-2500-cfm-2-x-2\/#primaryimage"},"thumbnailUrl":"https:\/\/abaa.mx\/tienda\/wp-content\/uploads\/2023\/09\/6710.jpg","datePublished":"2023-09-19T19:02:07+00:00","dateModified":"2023-09-19T19:02:08+00:00","breadcrumb":{"@id":"https:\/\/abaa.mx\/tienda\/campana-de-captura-de-flujo-de-aire-kanomax-6710-tabmaster-23-a-2500-cfm-2-x-2\/#breadcrumb"},"inLanguage":"es","potentialAction":[{"@type":"ReadAction","target":["https:\/\/abaa.mx\/tienda\/campana-de-captura-de-flujo-de-aire-kanomax-6710-tabmaster-23-a-2500-cfm-2-x-2\/"]}]},{"@type":"ImageObject","inLanguage":"es","@id":"https:\/\/abaa.mx\/tienda\/campana-de-captura-de-flujo-de-aire-kanomax-6710-tabmaster-23-a-2500-cfm-2-x-2\/#primaryimage","url":"https:\/\/abaa.mx\/tienda\/wp-content\/uploads\/2023\/09\/6710.jpg","contentUrl":"https:\/\/abaa.mx\/tienda\/wp-content\/uploads\/2023\/09\/6710.jpg","width":270,"height":365,"caption":"campana-de-captura-de-flujo-de-aire-kanomax-6710-tabmaster-23-a-2500-cfm-2-x-2"},{"@type":"BreadcrumbList","@id":"https:\/\/abaa.mx\/tienda\/campana-de-captura-de-flujo-de-aire-kanomax-6710-tabmaster-23-a-2500-cfm-2-x-2\/#breadcrumb","itemListElement":[{"@type":"ListItem","position":1,"name":"Inicio","item":"https:\/\/abaa.mx\/tienda\/"},{"@type":"ListItem","position":2,"name":"Tienda","item":"https:\/\/abaa.mx\/tienda\/"},{"@type":"ListItem","position":3,"name":"Campana de captura de flujo de aire Kanomax 6710 TABmaster, 23 a 2500 CFM, 2 x 2&#8242;"}]},{"@type":"WebSite","@id":"https:\/\/abaa.mx\/tienda\/#website","url":"https:\/\/abaa.mx\/tienda\/","name":"Abaa tienda online","description":"Instrumentos de medici\u00f3n","publisher":{"@id":"https:\/\/abaa.mx\/tienda\/#organization"},"potentialAction":[{"@type":"SearchAction","target":{"@type":"EntryPoint","urlTemplate":"https:\/\/abaa.mx\/tienda\/?s={search_term_string}"},"query-input":{"@type":"PropertyValueSpecification","valueRequired":true,"valueName":"search_term_string"}}],"inLanguage":"es"},{"@type":"Organization","@id":"https:\/\/abaa.mx\/tienda\/#organization","name":"Abaa tienda online","url":"https:\/\/abaa.mx\/tienda\/","logo":{"@type":"ImageObject","inLanguage":"es","@id":"https:\/\/abaa.mx\/tienda\/#\/schema\/logo\/image\/","url":"https:\/\/abaa.mx\/tienda\/wp-content\/uploads\/2024\/01\/abaa-metrologia-tienda.png","contentUrl":"https:\/\/abaa.mx\/tienda\/wp-content\/uploads\/2024\/01\/abaa-metrologia-tienda.png","width":300,"height":141,"caption":"Abaa tienda online"},"image":{"@id":"https:\/\/abaa.mx\/tienda\/#\/schema\/logo\/image\/"}}]}},"_links":{"self":[{"href":"https:\/\/abaa.mx\/tienda\/wp-json\/wp\/v2\/product\/2039","targetHints":{"allow":["GET"]}}],"collection":[{"href":"https:\/\/abaa.mx\/tienda\/wp-json\/wp\/v2\/product"}],"about":[{"href":"https:\/\/abaa.mx\/tienda\/wp-json\/wp\/v2\/types\/product"}],"replies":[{"embeddable":true,"href":"https:\/\/abaa.mx\/tienda\/wp-json\/wp\/v2\/comments?post=2039"}],"wp:featuredmedia":[{"embeddable":true,"href":"https:\/\/abaa.mx\/tienda\/wp-json\/wp\/v2\/media\/2041"}],"wp:attachment":[{"href":"https:\/\/abaa.mx\/tienda\/wp-json\/wp\/v2\/media?parent=2039"}],"wp:term":[{"taxonomy":"product_brand","embeddable":true,"href":"https:\/\/abaa.mx\/tienda\/wp-json\/wp\/v2\/product_brand?post=2039"},{"taxonomy":"product_cat","embeddable":true,"href":"https:\/\/abaa.mx\/tienda\/wp-json\/wp\/v2\/product_cat?post=2039"},{"taxonomy":"product_tag","embeddable":true,"href":"https:\/\/abaa.mx\/tienda\/wp-json\/wp\/v2\/product_tag?post=2039"}],"curies":[{"name":"wp","href":"https:\/\/api.w.org\/{rel}","templated":true}]}}