{"id":2038,"date":"2023-09-19T19:01:48","date_gmt":"2023-09-19T19:01:48","guid":{"rendered":"https:\/\/abaa.mx\/tienda\/?post_type=product&#038;p=2038"},"modified":"2023-11-29T15:26:34","modified_gmt":"2023-11-29T15:26:34","slug":"pinza-amperimetrica-fluke-325-true-rms-ca-cc","status":"publish","type":"product","link":"https:\/\/abaa.mx\/tienda\/pinza-amperimetrica-fluke-325-true-rms-ca-cc\/","title":{"rendered":"pinza amperim\u00e9trica fluke 325 true rms, ca-cc"},"content":{"rendered":"<p>&nbsp;<\/p>\n<p>Viene en un dise\u00f1o delgado para facilitar el transporte, este mult\u00edmetro tambi\u00e9n es una herramienta de soluci\u00f3n de problemas confiable y vers\u00e1til para electricistas comerciales y residenciales. Cuenta con mediciones True RMS y una gran pantalla para una soluci\u00f3n de problemas eficiente.<\/p>\n<p>&nbsp;<\/p>\n<p><strong>Funciones:<\/strong><\/p>\n<ul>\n<li>Medici\u00f3n de corriente CA y CC de 400 A.<\/li>\n<li>Medici\u00f3n de voltaje de 600 V CA y CC.<\/li>\n<li>Voltaje y corriente de CA RMS reales para mediciones precisas en se\u00f1ales no lineales.<\/li>\n<li>Medici\u00f3n de resistencia de hasta 40 k\u03a9 con detecci\u00f3n de continuidad.<\/li>\n<li>Mide la frecuencia a 500 Hz.<\/li>\n<li>Medici\u00f3n de temperatura y capacitancia.<\/li>\n<li>Medici\u00f3n de frecuencia.<\/li>\n<li>Dise\u00f1o delgado y ergon\u00f3mico.<\/li>\n<li>Pantalla retroiluminada grande y f\u00e1cil de leer.<\/li>\n<li>Clasificaci\u00f3n de seguridad CAT IV 300V\/CAT III 600 V.<\/li>\n<li>Bot\u00f3n Mantener presionado.<\/li>\n<\/ul>\n<p>&nbsp;<\/p>\n<p><strong>Aplicaciones:<\/strong><\/p>\n<ul>\n<li>Electricistas.<\/li>\n<li>Comercial.<\/li>\n<li>Residencial.<\/li>\n<\/ul>\n<p>&nbsp;<\/p>\n<h4>Especificaciones de Fluke 325<\/h4>\n<table class=\"table table-striped\">\n<tbody>\n<tr>\n<td colspan=\"2\"><strong>Corriente alterna<\/strong><\/td>\n<\/tr>\n<tr>\n<td>Gama<\/td>\n<td>40,00 A\/400,0 A<\/td>\n<\/tr>\n<tr>\n<td>Exactitud<\/td>\n<td>2% \u00b1 5 d\u00edgitos (45 a 65 Hz) 2,5% \u00b1 5 d\u00edgitos (65 a 400 Hz)<\/td>\n<\/tr>\n<tr>\n<td colspan=\"2\"><strong>Corriente continua<\/strong><\/td>\n<\/tr>\n<tr>\n<td>Gama<\/td>\n<td>40,00 A\/400,0 A<\/td>\n<\/tr>\n<tr>\n<td>Exactitud<\/td>\n<td>2% \u00b1 5 d\u00edgitos<\/td>\n<\/tr>\n<tr>\n<td colspan=\"2\"><strong>Voltaje de CA<\/strong><\/td>\n<\/tr>\n<tr>\n<td>Gama<\/td>\n<td>600,0 V<\/td>\n<\/tr>\n<tr>\n<td>Exactitud<\/td>\n<td>1.5% \u00b1 5 d\u00edgitos<\/td>\n<\/tr>\n<tr>\n<td colspan=\"2\"><strong>Voltaje de CC<\/strong><\/td>\n<\/tr>\n<tr>\n<td>Gama<\/td>\n<td>600,0 V<\/td>\n<\/tr>\n<tr>\n<td>Exactitud<\/td>\n<td>1.0% \u00b1 5 d\u00edgitos<\/td>\n<\/tr>\n<tr>\n<td colspan=\"2\"><strong>Resistencia<\/strong><\/td>\n<\/tr>\n<tr>\n<td>Gama<\/td>\n<td>400,0 \u03a9\/4000 \u03a9\/40,00 k\u03a9<\/td>\n<\/tr>\n<tr>\n<td>Exactitud<\/td>\n<td>1.0% \u00b1 5 d\u00edgitos<\/td>\n<\/tr>\n<tr>\n<td colspan=\"2\"><strong>Especificaciones generales<\/strong><\/td>\n<\/tr>\n<tr>\n<td>Continuidad<\/td>\n<td>\u226430 \u03a9<\/td>\n<\/tr>\n<tr>\n<td>Capacitancia<\/td>\n<td>100.0 a 1000 \u03bcF<\/td>\n<\/tr>\n<tr>\n<td>Frecuencia<\/td>\n<td>De 5,0 a 500,0 Hz<\/td>\n<\/tr>\n<tr>\n<td>Respuesta AC<\/td>\n<td>RMS verdadero<\/td>\n<\/tr>\n<tr>\n<td>Luz de fondo<\/td>\n<td>S\u00ed<\/td>\n<\/tr>\n<tr>\n<td>Retenci\u00f3n de datos<\/td>\n<td>S\u00ed<\/td>\n<\/tr>\n<tr>\n<td>Temperatura de contacto<\/td>\n<td>De 14 a 752 \u00b0F (-10 a 400 \u00b0C)<\/td>\n<\/tr>\n<tr>\n<td>M\u00edn.\/M\u00e1x.<\/td>\n<td>S\u00ed<\/td>\n<\/tr>\n<tr>\n<td>Dimensiones<\/td>\n<td>8,1 x 2,9 x 1,3&#8243; (207 x 75 x 34 mm)<\/td>\n<\/tr>\n<tr>\n<td>Peso<\/td>\n<td>0,6 lb (283 g)<\/td>\n<\/tr>\n<tr>\n<td>Clasificaci\u00f3n de categor\u00edas<\/td>\n<td>CAT III 600 V<br \/>\nCAT IV 300 V<\/td>\n<\/tr>\n<\/tbody>\n<\/table>\n","protected":false},"excerpt":{"rendered":"<p>Viene en un dise\u00f1o delgado para facilitar el transporte, este mult\u00edmetro tambi\u00e9n es una herramienta de soluci\u00f3n de problemas confiable y vers\u00e1til para electricistas comerciales y residenciales. Cuenta con mediciones True RMS y una gran pantalla para una soluci\u00f3n de problemas eficiente.<\/p>\n<p>&nbsp;<\/p>\n","protected":false},"featured_media":2043,"comment_status":"open","ping_status":"closed","template":"","meta":{"_joinchat":[]},"product_brand":[],"product_cat":[15],"product_tag":[],"class_list":{"0":"post-2038","1":"product","2":"type-product","3":"status-publish","4":"has-post-thumbnail","6":"product_cat-sin-categorizar","8":"first","9":"instock","10":"shipping-taxable","11":"product-type-simple"},"yoast_head":"<!-- This site is optimized with the Yoast SEO plugin v26.4 - https:\/\/yoast.com\/wordpress\/plugins\/seo\/ -->\n<title>pinza amperim\u00e9trica fluke 325 true rms, ca-cc - Abaa tienda online<\/title>\n<meta name=\"robots\" content=\"index, follow, max-snippet:-1, max-image-preview:large, max-video-preview:-1\" \/>\n<link rel=\"canonical\" href=\"https:\/\/abaa.mx\/tienda\/pinza-amperimetrica-fluke-325-true-rms-ca-cc\/\" \/>\n<meta property=\"og:locale\" content=\"es_MX\" \/>\n<meta property=\"og:type\" content=\"article\" \/>\n<meta property=\"og:title\" content=\"pinza amperim\u00e9trica fluke 325 true rms, ca-cc - Abaa tienda online\" \/>\n<meta property=\"og:description\" content=\"Viene en un dise\u00f1o delgado para facilitar el transporte, este mult\u00edmetro tambi\u00e9n es una herramienta de soluci\u00f3n de problemas confiable y vers\u00e1til para electricistas comerciales y residenciales. Cuenta con mediciones True RMS y una gran pantalla para una soluci\u00f3n de problemas eficiente.  &nbsp;\" \/>\n<meta property=\"og:url\" content=\"https:\/\/abaa.mx\/tienda\/pinza-amperimetrica-fluke-325-true-rms-ca-cc\/\" \/>\n<meta property=\"og:site_name\" content=\"Abaa tienda online\" \/>\n<meta property=\"article:modified_time\" content=\"2023-11-29T15:26:34+00:00\" \/>\n<meta property=\"og:image\" content=\"https:\/\/abaa.mx\/tienda\/wp-content\/uploads\/2023\/09\/325.jpg\" \/>\n\t<meta property=\"og:image:width\" content=\"209\" \/>\n\t<meta property=\"og:image:height\" content=\"209\" \/>\n\t<meta property=\"og:image:type\" content=\"image\/jpeg\" \/>\n<meta name=\"twitter:card\" content=\"summary_large_image\" \/>\n<meta name=\"twitter:label1\" content=\"Tiempo de lectura\" \/>\n\t<meta name=\"twitter:data1\" content=\"2 minutos\" \/>\n<script type=\"application\/ld+json\" class=\"yoast-schema-graph\">{\"@context\":\"https:\/\/schema.org\",\"@graph\":[{\"@type\":\"WebPage\",\"@id\":\"https:\/\/abaa.mx\/tienda\/pinza-amperimetrica-fluke-325-true-rms-ca-cc\/\",\"url\":\"https:\/\/abaa.mx\/tienda\/pinza-amperimetrica-fluke-325-true-rms-ca-cc\/\",\"name\":\"pinza amperim\u00e9trica fluke 325 true rms, ca-cc - Abaa tienda online\",\"isPartOf\":{\"@id\":\"https:\/\/abaa.mx\/tienda\/#website\"},\"primaryImageOfPage\":{\"@id\":\"https:\/\/abaa.mx\/tienda\/pinza-amperimetrica-fluke-325-true-rms-ca-cc\/#primaryimage\"},\"image\":{\"@id\":\"https:\/\/abaa.mx\/tienda\/pinza-amperimetrica-fluke-325-true-rms-ca-cc\/#primaryimage\"},\"thumbnailUrl\":\"https:\/\/abaa.mx\/tienda\/wp-content\/uploads\/2023\/09\/325.jpg\",\"datePublished\":\"2023-09-19T19:01:48+00:00\",\"dateModified\":\"2023-11-29T15:26:34+00:00\",\"breadcrumb\":{\"@id\":\"https:\/\/abaa.mx\/tienda\/pinza-amperimetrica-fluke-325-true-rms-ca-cc\/#breadcrumb\"},\"inLanguage\":\"es\",\"potentialAction\":[{\"@type\":\"ReadAction\",\"target\":[\"https:\/\/abaa.mx\/tienda\/pinza-amperimetrica-fluke-325-true-rms-ca-cc\/\"]}]},{\"@type\":\"ImageObject\",\"inLanguage\":\"es\",\"@id\":\"https:\/\/abaa.mx\/tienda\/pinza-amperimetrica-fluke-325-true-rms-ca-cc\/#primaryimage\",\"url\":\"https:\/\/abaa.mx\/tienda\/wp-content\/uploads\/2023\/09\/325.jpg\",\"contentUrl\":\"https:\/\/abaa.mx\/tienda\/wp-content\/uploads\/2023\/09\/325.jpg\",\"width\":209,\"height\":209,\"caption\":\"fluke 325 true rms, ca-cc\"},{\"@type\":\"BreadcrumbList\",\"@id\":\"https:\/\/abaa.mx\/tienda\/pinza-amperimetrica-fluke-325-true-rms-ca-cc\/#breadcrumb\",\"itemListElement\":[{\"@type\":\"ListItem\",\"position\":1,\"name\":\"Inicio\",\"item\":\"https:\/\/abaa.mx\/tienda\/\"},{\"@type\":\"ListItem\",\"position\":2,\"name\":\"Tienda\",\"item\":\"https:\/\/abaa.mx\/tienda\/\"},{\"@type\":\"ListItem\",\"position\":3,\"name\":\"pinza amperim\u00e9trica fluke 325 true rms, ca-cc\"}]},{\"@type\":\"WebSite\",\"@id\":\"https:\/\/abaa.mx\/tienda\/#website\",\"url\":\"https:\/\/abaa.mx\/tienda\/\",\"name\":\"Abaa tienda online\",\"description\":\"Instrumentos de medici\u00f3n\",\"publisher\":{\"@id\":\"https:\/\/abaa.mx\/tienda\/#organization\"},\"potentialAction\":[{\"@type\":\"SearchAction\",\"target\":{\"@type\":\"EntryPoint\",\"urlTemplate\":\"https:\/\/abaa.mx\/tienda\/?s={search_term_string}\"},\"query-input\":{\"@type\":\"PropertyValueSpecification\",\"valueRequired\":true,\"valueName\":\"search_term_string\"}}],\"inLanguage\":\"es\"},{\"@type\":\"Organization\",\"@id\":\"https:\/\/abaa.mx\/tienda\/#organization\",\"name\":\"Abaa tienda online\",\"url\":\"https:\/\/abaa.mx\/tienda\/\",\"logo\":{\"@type\":\"ImageObject\",\"inLanguage\":\"es\",\"@id\":\"https:\/\/abaa.mx\/tienda\/#\/schema\/logo\/image\/\",\"url\":\"https:\/\/abaa.mx\/tienda\/wp-content\/uploads\/2024\/01\/abaa-metrologia-tienda.png\",\"contentUrl\":\"https:\/\/abaa.mx\/tienda\/wp-content\/uploads\/2024\/01\/abaa-metrologia-tienda.png\",\"width\":300,\"height\":141,\"caption\":\"Abaa tienda online\"},\"image\":{\"@id\":\"https:\/\/abaa.mx\/tienda\/#\/schema\/logo\/image\/\"}}]}<\/script>\n<!-- \/ Yoast SEO plugin. -->","yoast_head_json":{"title":"pinza amperim\u00e9trica fluke 325 true rms, ca-cc - Abaa tienda online","robots":{"index":"index","follow":"follow","max-snippet":"max-snippet:-1","max-image-preview":"max-image-preview:large","max-video-preview":"max-video-preview:-1"},"canonical":"https:\/\/abaa.mx\/tienda\/pinza-amperimetrica-fluke-325-true-rms-ca-cc\/","og_locale":"es_MX","og_type":"article","og_title":"pinza amperim\u00e9trica fluke 325 true rms, ca-cc - Abaa tienda online","og_description":"Viene en un dise\u00f1o delgado para facilitar el transporte, este mult\u00edmetro tambi\u00e9n es una herramienta de soluci\u00f3n de problemas confiable y vers\u00e1til para electricistas comerciales y residenciales. Cuenta con mediciones True RMS y una gran pantalla para una soluci\u00f3n de problemas eficiente.  &nbsp;","og_url":"https:\/\/abaa.mx\/tienda\/pinza-amperimetrica-fluke-325-true-rms-ca-cc\/","og_site_name":"Abaa tienda online","article_modified_time":"2023-11-29T15:26:34+00:00","og_image":[{"width":209,"height":209,"url":"https:\/\/abaa.mx\/tienda\/wp-content\/uploads\/2023\/09\/325.jpg","type":"image\/jpeg"}],"twitter_card":"summary_large_image","twitter_misc":{"Tiempo de lectura":"2 minutos"},"schema":{"@context":"https:\/\/schema.org","@graph":[{"@type":"WebPage","@id":"https:\/\/abaa.mx\/tienda\/pinza-amperimetrica-fluke-325-true-rms-ca-cc\/","url":"https:\/\/abaa.mx\/tienda\/pinza-amperimetrica-fluke-325-true-rms-ca-cc\/","name":"pinza amperim\u00e9trica fluke 325 true rms, ca-cc - Abaa tienda online","isPartOf":{"@id":"https:\/\/abaa.mx\/tienda\/#website"},"primaryImageOfPage":{"@id":"https:\/\/abaa.mx\/tienda\/pinza-amperimetrica-fluke-325-true-rms-ca-cc\/#primaryimage"},"image":{"@id":"https:\/\/abaa.mx\/tienda\/pinza-amperimetrica-fluke-325-true-rms-ca-cc\/#primaryimage"},"thumbnailUrl":"https:\/\/abaa.mx\/tienda\/wp-content\/uploads\/2023\/09\/325.jpg","datePublished":"2023-09-19T19:01:48+00:00","dateModified":"2023-11-29T15:26:34+00:00","breadcrumb":{"@id":"https:\/\/abaa.mx\/tienda\/pinza-amperimetrica-fluke-325-true-rms-ca-cc\/#breadcrumb"},"inLanguage":"es","potentialAction":[{"@type":"ReadAction","target":["https:\/\/abaa.mx\/tienda\/pinza-amperimetrica-fluke-325-true-rms-ca-cc\/"]}]},{"@type":"ImageObject","inLanguage":"es","@id":"https:\/\/abaa.mx\/tienda\/pinza-amperimetrica-fluke-325-true-rms-ca-cc\/#primaryimage","url":"https:\/\/abaa.mx\/tienda\/wp-content\/uploads\/2023\/09\/325.jpg","contentUrl":"https:\/\/abaa.mx\/tienda\/wp-content\/uploads\/2023\/09\/325.jpg","width":209,"height":209,"caption":"fluke 325 true rms, ca-cc"},{"@type":"BreadcrumbList","@id":"https:\/\/abaa.mx\/tienda\/pinza-amperimetrica-fluke-325-true-rms-ca-cc\/#breadcrumb","itemListElement":[{"@type":"ListItem","position":1,"name":"Inicio","item":"https:\/\/abaa.mx\/tienda\/"},{"@type":"ListItem","position":2,"name":"Tienda","item":"https:\/\/abaa.mx\/tienda\/"},{"@type":"ListItem","position":3,"name":"pinza amperim\u00e9trica fluke 325 true rms, ca-cc"}]},{"@type":"WebSite","@id":"https:\/\/abaa.mx\/tienda\/#website","url":"https:\/\/abaa.mx\/tienda\/","name":"Abaa tienda online","description":"Instrumentos de medici\u00f3n","publisher":{"@id":"https:\/\/abaa.mx\/tienda\/#organization"},"potentialAction":[{"@type":"SearchAction","target":{"@type":"EntryPoint","urlTemplate":"https:\/\/abaa.mx\/tienda\/?s={search_term_string}"},"query-input":{"@type":"PropertyValueSpecification","valueRequired":true,"valueName":"search_term_string"}}],"inLanguage":"es"},{"@type":"Organization","@id":"https:\/\/abaa.mx\/tienda\/#organization","name":"Abaa tienda online","url":"https:\/\/abaa.mx\/tienda\/","logo":{"@type":"ImageObject","inLanguage":"es","@id":"https:\/\/abaa.mx\/tienda\/#\/schema\/logo\/image\/","url":"https:\/\/abaa.mx\/tienda\/wp-content\/uploads\/2024\/01\/abaa-metrologia-tienda.png","contentUrl":"https:\/\/abaa.mx\/tienda\/wp-content\/uploads\/2024\/01\/abaa-metrologia-tienda.png","width":300,"height":141,"caption":"Abaa tienda online"},"image":{"@id":"https:\/\/abaa.mx\/tienda\/#\/schema\/logo\/image\/"}}]}},"_links":{"self":[{"href":"https:\/\/abaa.mx\/tienda\/wp-json\/wp\/v2\/product\/2038","targetHints":{"allow":["GET"]}}],"collection":[{"href":"https:\/\/abaa.mx\/tienda\/wp-json\/wp\/v2\/product"}],"about":[{"href":"https:\/\/abaa.mx\/tienda\/wp-json\/wp\/v2\/types\/product"}],"replies":[{"embeddable":true,"href":"https:\/\/abaa.mx\/tienda\/wp-json\/wp\/v2\/comments?post=2038"}],"wp:featuredmedia":[{"embeddable":true,"href":"https:\/\/abaa.mx\/tienda\/wp-json\/wp\/v2\/media\/2043"}],"wp:attachment":[{"href":"https:\/\/abaa.mx\/tienda\/wp-json\/wp\/v2\/media?parent=2038"}],"wp:term":[{"taxonomy":"product_brand","embeddable":true,"href":"https:\/\/abaa.mx\/tienda\/wp-json\/wp\/v2\/product_brand?post=2038"},{"taxonomy":"product_cat","embeddable":true,"href":"https:\/\/abaa.mx\/tienda\/wp-json\/wp\/v2\/product_cat?post=2038"},{"taxonomy":"product_tag","embeddable":true,"href":"https:\/\/abaa.mx\/tienda\/wp-json\/wp\/v2\/product_tag?post=2038"}],"curies":[{"name":"wp","href":"https:\/\/api.w.org\/{rel}","templated":true}]}}