{"id":2018,"date":"2023-09-19T17:07:47","date_gmt":"2023-09-19T17:07:47","guid":{"rendered":"https:\/\/abaa.mx\/tienda\/?post_type=product&#038;p=2018"},"modified":"2024-01-05T20:43:06","modified_gmt":"2024-01-05T20:43:06","slug":"campana-de-captura-del-balometro-loflo-tsi-alnor-6200f-16-x-16-x-18","status":"publish","type":"product","link":"https:\/\/abaa.mx\/tienda\/campana-de-captura-del-balometro-loflo-tsi-alnor-6200f-16-x-16-x-18\/","title":{"rendered":"Campana de captura del bal\u00f3metro loflo tsi-alnor 6200f, 16 x 16 x 18"},"content":{"rendered":"<h4>Ofertas TSI-Alnor 6200F<\/h4>\n<ul>\n<li>Incluye una capucha de 16&#8243; x 16&#8243; (406 mm x 406 mm), 18&#8243; (460 mm) de altura<\/li>\n<li>Pesa solo 6.5 lb (3 kg) con la capucha conectada<\/li>\n<li>32 pulgadas (813 mm) de altura de la base<\/li>\n<li>La pantalla anal\u00f3gica simulada muestra las tendencias del aire y las lecturas digitales<\/li>\n<li>Utiliza 4 pilas alcalinas de tama\u00f1o C; M\u00ednimo 10 horas de uso continuo<\/li>\n<li>Para difusores peque\u00f1os, la base se puede usar sin capucha<\/li>\n<\/ul>\n<h4>Especificaciones de TSI-Alnor 6200F<\/h4>\n<table class=\"table table-striped\">\n<tbody>\n<tr>\n<td>Gama<\/td>\n<td>10 a 500 cfm (17 a 850 m3\/h) (4,7 a 236 l\/s)<\/td>\n<\/tr>\n<tr>\n<td>Exactitud<\/td>\n<td>\u00b1(3% + 5 cfm) [\u00b1(3% + 8,5 m3\/h, 2,4 l\/s)]<\/td>\n<\/tr>\n<tr>\n<td>Altura<\/td>\n<td>32 pulgadas (813 mm)<\/td>\n<\/tr>\n<tr>\n<td>Peso<\/td>\n<td>Aproximadamente 6 lbs (2.7 kg) con capucha \/ 4.6 lbs (2.1 kg) base solamente<\/td>\n<\/tr>\n<tr>\n<td>Apertura del di\u00e1metro de la base<\/td>\n<td>13,3 pulg. (338 mm) de di\u00e1metro<\/td>\n<\/tr>\n<tr>\n<td>Di\u00e1metro de la base Tama\u00f1os de campana<\/td>\n<td>16 pulgadas x 16 pulg., 2 pies x 2 pies o 26 pulgadas x 26 pulgadas (406 mm x 406 mm, 610 mm x 610 mm, o 650 mm x 650 mm)<\/td>\n<\/tr>\n<tr>\n<td>Pantalla del di\u00e1metro de la base<\/td>\n<td>3.5 d\u00edgitos, .44 pulg. (11 mm) de alto, pantalla digital con pantalla anal\u00f3gica simulada de 26 segmentos<\/td>\n<\/tr>\n<tr>\n<td>Resoluci\u00f3n del di\u00e1metro de la base<\/td>\n<td>1 cfm de 10 a 500 cfm<br \/>\n(0.1 l\/s de 4.7 a 9.9 ) (1 l\/s de 10 a 236 l\/s)<\/td>\n<\/tr>\n<\/tbody>\n<\/table>\n","protected":false},"excerpt":{"rendered":"<h3><strong>Funciones<\/strong><\/h3>\n<ul>\n<li>Incluye una capucha de 16&#8243; x 16&#8243; (406 mm x 406 mm), 18&#8243; (460 mm) de altura<\/li>\n<li>Pesa solo 6.5 lb (3 kg) con la capucha conectada<\/li>\n<li>32 pulgadas (813 mm) de altura de la base<\/li>\n<li>La pantalla anal\u00f3gica simulada muestra las tendencias del aire y las lecturas digitales<\/li>\n<li>Utiliza 4 pilas alcalinas de tama\u00f1o C; M\u00ednimo 10 horas de uso continuo<\/li>\n<li>Para difusores peque\u00f1os, la base se puede usar sin capucha<\/li>\n<\/ul>\n","protected":false},"featured_media":2020,"comment_status":"open","ping_status":"closed","template":"","meta":{"_joinchat":[]},"product_brand":[],"product_cat":[15],"product_tag":[],"class_list":{"0":"post-2018","1":"product","2":"type-product","3":"status-publish","4":"has-post-thumbnail","6":"product_cat-sin-categorizar","8":"first","9":"instock","10":"shipping-taxable","11":"product-type-simple"},"yoast_head":"<!-- This site is optimized with the Yoast SEO plugin v26.4 - https:\/\/yoast.com\/wordpress\/plugins\/seo\/ -->\n<title>Campana de captura del bal\u00f3metro loflo tsi-alnor 6200f, 16 x 16 x 18 - Abaa tienda online<\/title>\n<meta name=\"robots\" content=\"index, follow, max-snippet:-1, max-image-preview:large, max-video-preview:-1\" \/>\n<link rel=\"canonical\" href=\"https:\/\/abaa.mx\/tienda\/campana-de-captura-del-balometro-loflo-tsi-alnor-6200f-16-x-16-x-18\/\" \/>\n<meta property=\"og:locale\" content=\"es_MX\" \/>\n<meta property=\"og:type\" content=\"article\" \/>\n<meta property=\"og:title\" content=\"Campana de captura del bal\u00f3metro loflo tsi-alnor 6200f, 16 x 16 x 18 - Abaa tienda online\" \/>\n<meta property=\"og:description\" content=\"Funciones   Incluye una capucha de 16&quot; x 16&quot; (406 mm x 406 mm), 18&quot; (460 mm) de altura  Pesa solo 6.5 lb (3 kg) con la capucha conectada  32 pulgadas (813 mm) de altura de la base  La pantalla anal\u00f3gica simulada muestra las tendencias del aire y las lecturas digitales  Utiliza 4 pilas alcalinas de tama\u00f1o C; M\u00ednimo 10 horas de uso continuo  Para difusores peque\u00f1os, la base se puede usar sin capucha\" \/>\n<meta property=\"og:url\" content=\"https:\/\/abaa.mx\/tienda\/campana-de-captura-del-balometro-loflo-tsi-alnor-6200f-16-x-16-x-18\/\" \/>\n<meta property=\"og:site_name\" content=\"Abaa tienda online\" \/>\n<meta property=\"article:modified_time\" content=\"2024-01-05T20:43:06+00:00\" \/>\n<meta property=\"og:image\" content=\"https:\/\/abaa.mx\/tienda\/wp-content\/uploads\/2023\/09\/6200F.jpg\" \/>\n\t<meta property=\"og:image:width\" content=\"270\" \/>\n\t<meta property=\"og:image:height\" content=\"338\" \/>\n\t<meta property=\"og:image:type\" content=\"image\/jpeg\" \/>\n<meta name=\"twitter:card\" content=\"summary_large_image\" \/>\n<meta name=\"twitter:label1\" content=\"Tiempo de lectura\" \/>\n\t<meta name=\"twitter:data1\" content=\"2 minutos\" \/>\n<script type=\"application\/ld+json\" class=\"yoast-schema-graph\">{\"@context\":\"https:\/\/schema.org\",\"@graph\":[{\"@type\":\"WebPage\",\"@id\":\"https:\/\/abaa.mx\/tienda\/campana-de-captura-del-balometro-loflo-tsi-alnor-6200f-16-x-16-x-18\/\",\"url\":\"https:\/\/abaa.mx\/tienda\/campana-de-captura-del-balometro-loflo-tsi-alnor-6200f-16-x-16-x-18\/\",\"name\":\"Campana de captura del bal\u00f3metro loflo tsi-alnor 6200f, 16 x 16 x 18 - Abaa tienda online\",\"isPartOf\":{\"@id\":\"https:\/\/abaa.mx\/tienda\/#website\"},\"primaryImageOfPage\":{\"@id\":\"https:\/\/abaa.mx\/tienda\/campana-de-captura-del-balometro-loflo-tsi-alnor-6200f-16-x-16-x-18\/#primaryimage\"},\"image\":{\"@id\":\"https:\/\/abaa.mx\/tienda\/campana-de-captura-del-balometro-loflo-tsi-alnor-6200f-16-x-16-x-18\/#primaryimage\"},\"thumbnailUrl\":\"https:\/\/abaa.mx\/tienda\/wp-content\/uploads\/2023\/09\/6200F.jpg\",\"datePublished\":\"2023-09-19T17:07:47+00:00\",\"dateModified\":\"2024-01-05T20:43:06+00:00\",\"breadcrumb\":{\"@id\":\"https:\/\/abaa.mx\/tienda\/campana-de-captura-del-balometro-loflo-tsi-alnor-6200f-16-x-16-x-18\/#breadcrumb\"},\"inLanguage\":\"es\",\"potentialAction\":[{\"@type\":\"ReadAction\",\"target\":[\"https:\/\/abaa.mx\/tienda\/campana-de-captura-del-balometro-loflo-tsi-alnor-6200f-16-x-16-x-18\/\"]}]},{\"@type\":\"ImageObject\",\"inLanguage\":\"es\",\"@id\":\"https:\/\/abaa.mx\/tienda\/campana-de-captura-del-balometro-loflo-tsi-alnor-6200f-16-x-16-x-18\/#primaryimage\",\"url\":\"https:\/\/abaa.mx\/tienda\/wp-content\/uploads\/2023\/09\/6200F.jpg\",\"contentUrl\":\"https:\/\/abaa.mx\/tienda\/wp-content\/uploads\/2023\/09\/6200F.jpg\",\"width\":270,\"height\":338,\"caption\":\"campana-de-captura-del-balometro-loflo-tsi-alnor-6200f-16-x-16-x-18\"},{\"@type\":\"BreadcrumbList\",\"@id\":\"https:\/\/abaa.mx\/tienda\/campana-de-captura-del-balometro-loflo-tsi-alnor-6200f-16-x-16-x-18\/#breadcrumb\",\"itemListElement\":[{\"@type\":\"ListItem\",\"position\":1,\"name\":\"Inicio\",\"item\":\"https:\/\/abaa.mx\/tienda\/\"},{\"@type\":\"ListItem\",\"position\":2,\"name\":\"Tienda\",\"item\":\"https:\/\/abaa.mx\/tienda\/\"},{\"@type\":\"ListItem\",\"position\":3,\"name\":\"Campana de captura del bal\u00f3metro loflo tsi-alnor 6200f, 16 x 16 x 18\"}]},{\"@type\":\"WebSite\",\"@id\":\"https:\/\/abaa.mx\/tienda\/#website\",\"url\":\"https:\/\/abaa.mx\/tienda\/\",\"name\":\"Abaa tienda online\",\"description\":\"Instrumentos de medici\u00f3n\",\"publisher\":{\"@id\":\"https:\/\/abaa.mx\/tienda\/#organization\"},\"potentialAction\":[{\"@type\":\"SearchAction\",\"target\":{\"@type\":\"EntryPoint\",\"urlTemplate\":\"https:\/\/abaa.mx\/tienda\/?s={search_term_string}\"},\"query-input\":{\"@type\":\"PropertyValueSpecification\",\"valueRequired\":true,\"valueName\":\"search_term_string\"}}],\"inLanguage\":\"es\"},{\"@type\":\"Organization\",\"@id\":\"https:\/\/abaa.mx\/tienda\/#organization\",\"name\":\"Abaa tienda online\",\"url\":\"https:\/\/abaa.mx\/tienda\/\",\"logo\":{\"@type\":\"ImageObject\",\"inLanguage\":\"es\",\"@id\":\"https:\/\/abaa.mx\/tienda\/#\/schema\/logo\/image\/\",\"url\":\"https:\/\/abaa.mx\/tienda\/wp-content\/uploads\/2024\/01\/abaa-metrologia-tienda.png\",\"contentUrl\":\"https:\/\/abaa.mx\/tienda\/wp-content\/uploads\/2024\/01\/abaa-metrologia-tienda.png\",\"width\":300,\"height\":141,\"caption\":\"Abaa tienda online\"},\"image\":{\"@id\":\"https:\/\/abaa.mx\/tienda\/#\/schema\/logo\/image\/\"}}]}<\/script>\n<!-- \/ Yoast SEO plugin. -->","yoast_head_json":{"title":"Campana de captura del bal\u00f3metro loflo tsi-alnor 6200f, 16 x 16 x 18 - Abaa tienda online","robots":{"index":"index","follow":"follow","max-snippet":"max-snippet:-1","max-image-preview":"max-image-preview:large","max-video-preview":"max-video-preview:-1"},"canonical":"https:\/\/abaa.mx\/tienda\/campana-de-captura-del-balometro-loflo-tsi-alnor-6200f-16-x-16-x-18\/","og_locale":"es_MX","og_type":"article","og_title":"Campana de captura del bal\u00f3metro loflo tsi-alnor 6200f, 16 x 16 x 18 - Abaa tienda online","og_description":"Funciones   Incluye una capucha de 16\" x 16\" (406 mm x 406 mm), 18\" (460 mm) de altura  Pesa solo 6.5 lb (3 kg) con la capucha conectada  32 pulgadas (813 mm) de altura de la base  La pantalla anal\u00f3gica simulada muestra las tendencias del aire y las lecturas digitales  Utiliza 4 pilas alcalinas de tama\u00f1o C; M\u00ednimo 10 horas de uso continuo  Para difusores peque\u00f1os, la base se puede usar sin capucha","og_url":"https:\/\/abaa.mx\/tienda\/campana-de-captura-del-balometro-loflo-tsi-alnor-6200f-16-x-16-x-18\/","og_site_name":"Abaa tienda online","article_modified_time":"2024-01-05T20:43:06+00:00","og_image":[{"width":270,"height":338,"url":"https:\/\/abaa.mx\/tienda\/wp-content\/uploads\/2023\/09\/6200F.jpg","type":"image\/jpeg"}],"twitter_card":"summary_large_image","twitter_misc":{"Tiempo de lectura":"2 minutos"},"schema":{"@context":"https:\/\/schema.org","@graph":[{"@type":"WebPage","@id":"https:\/\/abaa.mx\/tienda\/campana-de-captura-del-balometro-loflo-tsi-alnor-6200f-16-x-16-x-18\/","url":"https:\/\/abaa.mx\/tienda\/campana-de-captura-del-balometro-loflo-tsi-alnor-6200f-16-x-16-x-18\/","name":"Campana de captura del bal\u00f3metro loflo tsi-alnor 6200f, 16 x 16 x 18 - Abaa tienda online","isPartOf":{"@id":"https:\/\/abaa.mx\/tienda\/#website"},"primaryImageOfPage":{"@id":"https:\/\/abaa.mx\/tienda\/campana-de-captura-del-balometro-loflo-tsi-alnor-6200f-16-x-16-x-18\/#primaryimage"},"image":{"@id":"https:\/\/abaa.mx\/tienda\/campana-de-captura-del-balometro-loflo-tsi-alnor-6200f-16-x-16-x-18\/#primaryimage"},"thumbnailUrl":"https:\/\/abaa.mx\/tienda\/wp-content\/uploads\/2023\/09\/6200F.jpg","datePublished":"2023-09-19T17:07:47+00:00","dateModified":"2024-01-05T20:43:06+00:00","breadcrumb":{"@id":"https:\/\/abaa.mx\/tienda\/campana-de-captura-del-balometro-loflo-tsi-alnor-6200f-16-x-16-x-18\/#breadcrumb"},"inLanguage":"es","potentialAction":[{"@type":"ReadAction","target":["https:\/\/abaa.mx\/tienda\/campana-de-captura-del-balometro-loflo-tsi-alnor-6200f-16-x-16-x-18\/"]}]},{"@type":"ImageObject","inLanguage":"es","@id":"https:\/\/abaa.mx\/tienda\/campana-de-captura-del-balometro-loflo-tsi-alnor-6200f-16-x-16-x-18\/#primaryimage","url":"https:\/\/abaa.mx\/tienda\/wp-content\/uploads\/2023\/09\/6200F.jpg","contentUrl":"https:\/\/abaa.mx\/tienda\/wp-content\/uploads\/2023\/09\/6200F.jpg","width":270,"height":338,"caption":"campana-de-captura-del-balometro-loflo-tsi-alnor-6200f-16-x-16-x-18"},{"@type":"BreadcrumbList","@id":"https:\/\/abaa.mx\/tienda\/campana-de-captura-del-balometro-loflo-tsi-alnor-6200f-16-x-16-x-18\/#breadcrumb","itemListElement":[{"@type":"ListItem","position":1,"name":"Inicio","item":"https:\/\/abaa.mx\/tienda\/"},{"@type":"ListItem","position":2,"name":"Tienda","item":"https:\/\/abaa.mx\/tienda\/"},{"@type":"ListItem","position":3,"name":"Campana de captura del bal\u00f3metro loflo tsi-alnor 6200f, 16 x 16 x 18"}]},{"@type":"WebSite","@id":"https:\/\/abaa.mx\/tienda\/#website","url":"https:\/\/abaa.mx\/tienda\/","name":"Abaa tienda online","description":"Instrumentos de medici\u00f3n","publisher":{"@id":"https:\/\/abaa.mx\/tienda\/#organization"},"potentialAction":[{"@type":"SearchAction","target":{"@type":"EntryPoint","urlTemplate":"https:\/\/abaa.mx\/tienda\/?s={search_term_string}"},"query-input":{"@type":"PropertyValueSpecification","valueRequired":true,"valueName":"search_term_string"}}],"inLanguage":"es"},{"@type":"Organization","@id":"https:\/\/abaa.mx\/tienda\/#organization","name":"Abaa tienda online","url":"https:\/\/abaa.mx\/tienda\/","logo":{"@type":"ImageObject","inLanguage":"es","@id":"https:\/\/abaa.mx\/tienda\/#\/schema\/logo\/image\/","url":"https:\/\/abaa.mx\/tienda\/wp-content\/uploads\/2024\/01\/abaa-metrologia-tienda.png","contentUrl":"https:\/\/abaa.mx\/tienda\/wp-content\/uploads\/2024\/01\/abaa-metrologia-tienda.png","width":300,"height":141,"caption":"Abaa tienda online"},"image":{"@id":"https:\/\/abaa.mx\/tienda\/#\/schema\/logo\/image\/"}}]}},"_links":{"self":[{"href":"https:\/\/abaa.mx\/tienda\/wp-json\/wp\/v2\/product\/2018","targetHints":{"allow":["GET"]}}],"collection":[{"href":"https:\/\/abaa.mx\/tienda\/wp-json\/wp\/v2\/product"}],"about":[{"href":"https:\/\/abaa.mx\/tienda\/wp-json\/wp\/v2\/types\/product"}],"replies":[{"embeddable":true,"href":"https:\/\/abaa.mx\/tienda\/wp-json\/wp\/v2\/comments?post=2018"}],"wp:featuredmedia":[{"embeddable":true,"href":"https:\/\/abaa.mx\/tienda\/wp-json\/wp\/v2\/media\/2020"}],"wp:attachment":[{"href":"https:\/\/abaa.mx\/tienda\/wp-json\/wp\/v2\/media?parent=2018"}],"wp:term":[{"taxonomy":"product_brand","embeddable":true,"href":"https:\/\/abaa.mx\/tienda\/wp-json\/wp\/v2\/product_brand?post=2018"},{"taxonomy":"product_cat","embeddable":true,"href":"https:\/\/abaa.mx\/tienda\/wp-json\/wp\/v2\/product_cat?post=2018"},{"taxonomy":"product_tag","embeddable":true,"href":"https:\/\/abaa.mx\/tienda\/wp-json\/wp\/v2\/product_tag?post=2018"}],"curies":[{"name":"wp","href":"https:\/\/api.w.org\/{rel}","templated":true}]}}