{"id":2017,"date":"2023-09-19T19:09:35","date_gmt":"2023-09-19T19:09:35","guid":{"rendered":"https:\/\/abaa.mx\/tienda\/?post_type=product&#038;p=2017"},"modified":"2023-09-19T19:09:36","modified_gmt":"2023-09-19T19:09:36","slug":"pinza-amperimetrica-fluke-324-true-rms-con-temperatura-400a","status":"publish","type":"product","link":"https:\/\/abaa.mx\/tienda\/pinza-amperimetrica-fluke-324-true-rms-con-temperatura-400a\/","title":{"rendered":"pinza amperim\u00e9trica fluke 324 true rms con temperatura, 400a"},"content":{"rendered":"<p>Valide el voltaje de un individuo o una serie de paneles en una matriz fotovoltaica conectando de forma segura los cables de prueba solares MC4 al medidor. Obtener la cantidad de irradiancia solar necesaria para calcular la curva IV de la potencia de salida. Adem\u00e1s, esta pinza amperim\u00e9trica tiene temperatura y capacitancia, que es todo lo que un t\u00e9cnico de HVAC podr\u00eda necesitar.<\/p>\n<p><strong>Funciones<\/strong><\/p>\n<ul>\n<li>Pinza amperim\u00e9trica RMS b\u00e1sica robusta y fiable<\/li>\n<li>Mida corriente alterna hasta 400 A, voltaje CA\/CC hasta 600 V<\/li>\n<li>Mida la resistencia hasta 4 k\u03a9, detecci\u00f3n de continuidad \u226430 \u03a9<\/li>\n<li>Temperatura, capacitancia y retroiluminaci\u00f3n<\/li>\n<\/ul>\n<p><strong>Aplicaciones<\/strong><\/p>\n<ul>\n<li>T\u00e9cnicos de HVAC<\/li>\n<li>Electricistas comerciales y residenciales<\/li>\n<li>Sistemas fotovoltaicos residenciales o comerciales ligeros<\/li>\n<li>T\u00e9cnicos de instalaci\u00f3n solar fotovoltaica (PV)<br \/>\n<h4>Especificaciones de Fluke 324<\/h4>\n<table class=\"table table-striped\">\n<tbody>\n<tr>\n<td>Corriente alterna<\/td>\n<td>Rango: 40 a 400 A<br \/>\nPrecisi\u00f3n: 1,5% \u00b15 d\u00edgitos (45 a 400 Hz)<br \/>\nNota: Agregue un 2% para la sensibilidad de posici\u00f3n<\/td>\n<\/tr>\n<tr>\n<td>Voltaje de CA<\/td>\n<td>Rango: 600 V<br \/>\nPrecisi\u00f3n: 1.5% \u00b15 d\u00edgitos<\/td>\n<\/tr>\n<tr>\n<td>Voltaje de CC<\/td>\n<td>Rango: 600 V<br \/>\nPrecisi\u00f3n: 1.0% \u00b15 d\u00edgitos<\/td>\n<\/tr>\n<tr>\n<td>Resistencia<\/td>\n<td>Rango: 400 a 4000 \u03a9<br \/>\nPrecisi\u00f3n: 1.0% \u00b15 d\u00edgitos<\/td>\n<\/tr>\n<tr>\n<td>Continuidad<\/td>\n<td>\u226430 \u03a9<\/td>\n<\/tr>\n<tr>\n<td>Capacitancia<\/td>\n<td>0 a 100 \u03bcF 100 a 1000 \u03bcF<\/td>\n<\/tr>\n<tr>\n<td>Respuesta AC<\/td>\n<td>RMS verdadero<\/td>\n<\/tr>\n<tr>\n<td>Retroiluminaci\u00f3n y retenci\u00f3n de datos<\/td>\n<td>S\u00ed<\/td>\n<\/tr>\n<tr>\n<td>Temperatura de contacto<\/td>\n<td>De 14 a 752 \u00b0F (-10 a 400 \u00b0C)<\/td>\n<\/tr>\n<tr>\n<td>Clasificaci\u00f3n de categor\u00edas<\/td>\n<td>CAT III 600 V<br \/>\nCAT IV 300 V<\/td>\n<\/tr>\n<tr>\n<td>Dimensiones<\/td>\n<td>Total: 1,34 x 2,95 x 8,15&#8243; (34 x 75 x 207 mm) Di\u00e1metro m\u00e1ximo del cable: 1,18&#8243;\/30 mm (600 MCM)<\/td>\n<\/tr>\n<tr>\n<td>Peso<\/td>\n<td>0,456 libras (208 g)<\/td>\n<\/tr>\n<\/tbody>\n<\/table>\n<\/li>\n<\/ul>\n","protected":false},"excerpt":{"rendered":"<p>Valide el voltaje de un individuo o una serie de paneles en una matriz fotovoltaica conectando de forma segura los cables de prueba solares MC4 al medidor. Obtener la cantidad de irradiancia solar necesaria para calcular la curva IV de la potencia de salida. Adem\u00e1s, esta pinza amperim\u00e9trica tiene temperatura y capacitancia, que es todo lo que un t\u00e9cnico de HVAC podr\u00eda necesitar.<\/p>\n","protected":false},"featured_media":2051,"comment_status":"open","ping_status":"closed","template":"","meta":{"_joinchat":[]},"product_brand":[],"product_cat":[15],"product_tag":[],"class_list":{"0":"post-2017","1":"product","2":"type-product","3":"status-publish","4":"has-post-thumbnail","6":"product_cat-sin-categorizar","8":"first","9":"instock","10":"shipping-taxable","11":"product-type-simple"},"yoast_head":"<!-- This site is optimized with the Yoast SEO plugin v26.4 - https:\/\/yoast.com\/wordpress\/plugins\/seo\/ -->\n<title>pinza amperim\u00e9trica fluke 324 true rms con temperatura, 400a - Abaa tienda online<\/title>\n<meta name=\"robots\" content=\"index, follow, max-snippet:-1, max-image-preview:large, max-video-preview:-1\" \/>\n<link rel=\"canonical\" href=\"https:\/\/abaa.mx\/tienda\/pinza-amperimetrica-fluke-324-true-rms-con-temperatura-400a\/\" \/>\n<meta property=\"og:locale\" content=\"es_MX\" \/>\n<meta property=\"og:type\" content=\"article\" \/>\n<meta property=\"og:title\" content=\"pinza amperim\u00e9trica fluke 324 true rms con temperatura, 400a - Abaa tienda online\" \/>\n<meta property=\"og:description\" content=\"Valide el voltaje de un individuo o una serie de paneles en una matriz fotovoltaica conectando de forma segura los cables de prueba solares MC4 al medidor. Obtener la cantidad de irradiancia solar necesaria para calcular la curva IV de la potencia de salida. Adem\u00e1s, esta pinza amperim\u00e9trica tiene temperatura y capacitancia, que es todo lo que un t\u00e9cnico de HVAC podr\u00eda necesitar.\" \/>\n<meta property=\"og:url\" content=\"https:\/\/abaa.mx\/tienda\/pinza-amperimetrica-fluke-324-true-rms-con-temperatura-400a\/\" \/>\n<meta property=\"og:site_name\" content=\"Abaa tienda online\" \/>\n<meta property=\"article:modified_time\" content=\"2023-09-19T19:09:36+00:00\" \/>\n<meta property=\"og:image\" content=\"https:\/\/abaa.mx\/tienda\/wp-content\/uploads\/2023\/09\/324.jpg\" \/>\n\t<meta property=\"og:image:width\" content=\"1098\" \/>\n\t<meta property=\"og:image:height\" content=\"1095\" \/>\n\t<meta property=\"og:image:type\" content=\"image\/jpeg\" \/>\n<meta name=\"twitter:card\" content=\"summary_large_image\" \/>\n<meta name=\"twitter:label1\" content=\"Tiempo de lectura\" \/>\n\t<meta name=\"twitter:data1\" content=\"2 minutos\" \/>\n<script type=\"application\/ld+json\" class=\"yoast-schema-graph\">{\"@context\":\"https:\/\/schema.org\",\"@graph\":[{\"@type\":\"WebPage\",\"@id\":\"https:\/\/abaa.mx\/tienda\/pinza-amperimetrica-fluke-324-true-rms-con-temperatura-400a\/\",\"url\":\"https:\/\/abaa.mx\/tienda\/pinza-amperimetrica-fluke-324-true-rms-con-temperatura-400a\/\",\"name\":\"pinza amperim\u00e9trica fluke 324 true rms con temperatura, 400a - Abaa tienda online\",\"isPartOf\":{\"@id\":\"https:\/\/abaa.mx\/tienda\/#website\"},\"primaryImageOfPage\":{\"@id\":\"https:\/\/abaa.mx\/tienda\/pinza-amperimetrica-fluke-324-true-rms-con-temperatura-400a\/#primaryimage\"},\"image\":{\"@id\":\"https:\/\/abaa.mx\/tienda\/pinza-amperimetrica-fluke-324-true-rms-con-temperatura-400a\/#primaryimage\"},\"thumbnailUrl\":\"https:\/\/abaa.mx\/tienda\/wp-content\/uploads\/2023\/09\/324.jpg\",\"datePublished\":\"2023-09-19T19:09:35+00:00\",\"dateModified\":\"2023-09-19T19:09:36+00:00\",\"breadcrumb\":{\"@id\":\"https:\/\/abaa.mx\/tienda\/pinza-amperimetrica-fluke-324-true-rms-con-temperatura-400a\/#breadcrumb\"},\"inLanguage\":\"es\",\"potentialAction\":[{\"@type\":\"ReadAction\",\"target\":[\"https:\/\/abaa.mx\/tienda\/pinza-amperimetrica-fluke-324-true-rms-con-temperatura-400a\/\"]}]},{\"@type\":\"ImageObject\",\"inLanguage\":\"es\",\"@id\":\"https:\/\/abaa.mx\/tienda\/pinza-amperimetrica-fluke-324-true-rms-con-temperatura-400a\/#primaryimage\",\"url\":\"https:\/\/abaa.mx\/tienda\/wp-content\/uploads\/2023\/09\/324.jpg\",\"contentUrl\":\"https:\/\/abaa.mx\/tienda\/wp-content\/uploads\/2023\/09\/324.jpg\",\"width\":1098,\"height\":1095,\"caption\":\"324\"},{\"@type\":\"BreadcrumbList\",\"@id\":\"https:\/\/abaa.mx\/tienda\/pinza-amperimetrica-fluke-324-true-rms-con-temperatura-400a\/#breadcrumb\",\"itemListElement\":[{\"@type\":\"ListItem\",\"position\":1,\"name\":\"Inicio\",\"item\":\"https:\/\/abaa.mx\/tienda\/\"},{\"@type\":\"ListItem\",\"position\":2,\"name\":\"Tienda\",\"item\":\"https:\/\/abaa.mx\/tienda\/\"},{\"@type\":\"ListItem\",\"position\":3,\"name\":\"pinza amperim\u00e9trica fluke 324 true rms con temperatura, 400a\"}]},{\"@type\":\"WebSite\",\"@id\":\"https:\/\/abaa.mx\/tienda\/#website\",\"url\":\"https:\/\/abaa.mx\/tienda\/\",\"name\":\"Abaa tienda online\",\"description\":\"Instrumentos de medici\u00f3n\",\"publisher\":{\"@id\":\"https:\/\/abaa.mx\/tienda\/#organization\"},\"potentialAction\":[{\"@type\":\"SearchAction\",\"target\":{\"@type\":\"EntryPoint\",\"urlTemplate\":\"https:\/\/abaa.mx\/tienda\/?s={search_term_string}\"},\"query-input\":{\"@type\":\"PropertyValueSpecification\",\"valueRequired\":true,\"valueName\":\"search_term_string\"}}],\"inLanguage\":\"es\"},{\"@type\":\"Organization\",\"@id\":\"https:\/\/abaa.mx\/tienda\/#organization\",\"name\":\"Abaa tienda online\",\"url\":\"https:\/\/abaa.mx\/tienda\/\",\"logo\":{\"@type\":\"ImageObject\",\"inLanguage\":\"es\",\"@id\":\"https:\/\/abaa.mx\/tienda\/#\/schema\/logo\/image\/\",\"url\":\"https:\/\/abaa.mx\/tienda\/wp-content\/uploads\/2024\/01\/abaa-metrologia-tienda.png\",\"contentUrl\":\"https:\/\/abaa.mx\/tienda\/wp-content\/uploads\/2024\/01\/abaa-metrologia-tienda.png\",\"width\":300,\"height\":141,\"caption\":\"Abaa tienda online\"},\"image\":{\"@id\":\"https:\/\/abaa.mx\/tienda\/#\/schema\/logo\/image\/\"}}]}<\/script>\n<!-- \/ Yoast SEO plugin. -->","yoast_head_json":{"title":"pinza amperim\u00e9trica fluke 324 true rms con temperatura, 400a - Abaa tienda online","robots":{"index":"index","follow":"follow","max-snippet":"max-snippet:-1","max-image-preview":"max-image-preview:large","max-video-preview":"max-video-preview:-1"},"canonical":"https:\/\/abaa.mx\/tienda\/pinza-amperimetrica-fluke-324-true-rms-con-temperatura-400a\/","og_locale":"es_MX","og_type":"article","og_title":"pinza amperim\u00e9trica fluke 324 true rms con temperatura, 400a - Abaa tienda online","og_description":"Valide el voltaje de un individuo o una serie de paneles en una matriz fotovoltaica conectando de forma segura los cables de prueba solares MC4 al medidor. Obtener la cantidad de irradiancia solar necesaria para calcular la curva IV de la potencia de salida. Adem\u00e1s, esta pinza amperim\u00e9trica tiene temperatura y capacitancia, que es todo lo que un t\u00e9cnico de HVAC podr\u00eda necesitar.","og_url":"https:\/\/abaa.mx\/tienda\/pinza-amperimetrica-fluke-324-true-rms-con-temperatura-400a\/","og_site_name":"Abaa tienda online","article_modified_time":"2023-09-19T19:09:36+00:00","og_image":[{"width":1098,"height":1095,"url":"https:\/\/abaa.mx\/tienda\/wp-content\/uploads\/2023\/09\/324.jpg","type":"image\/jpeg"}],"twitter_card":"summary_large_image","twitter_misc":{"Tiempo de lectura":"2 minutos"},"schema":{"@context":"https:\/\/schema.org","@graph":[{"@type":"WebPage","@id":"https:\/\/abaa.mx\/tienda\/pinza-amperimetrica-fluke-324-true-rms-con-temperatura-400a\/","url":"https:\/\/abaa.mx\/tienda\/pinza-amperimetrica-fluke-324-true-rms-con-temperatura-400a\/","name":"pinza amperim\u00e9trica fluke 324 true rms con temperatura, 400a - Abaa tienda online","isPartOf":{"@id":"https:\/\/abaa.mx\/tienda\/#website"},"primaryImageOfPage":{"@id":"https:\/\/abaa.mx\/tienda\/pinza-amperimetrica-fluke-324-true-rms-con-temperatura-400a\/#primaryimage"},"image":{"@id":"https:\/\/abaa.mx\/tienda\/pinza-amperimetrica-fluke-324-true-rms-con-temperatura-400a\/#primaryimage"},"thumbnailUrl":"https:\/\/abaa.mx\/tienda\/wp-content\/uploads\/2023\/09\/324.jpg","datePublished":"2023-09-19T19:09:35+00:00","dateModified":"2023-09-19T19:09:36+00:00","breadcrumb":{"@id":"https:\/\/abaa.mx\/tienda\/pinza-amperimetrica-fluke-324-true-rms-con-temperatura-400a\/#breadcrumb"},"inLanguage":"es","potentialAction":[{"@type":"ReadAction","target":["https:\/\/abaa.mx\/tienda\/pinza-amperimetrica-fluke-324-true-rms-con-temperatura-400a\/"]}]},{"@type":"ImageObject","inLanguage":"es","@id":"https:\/\/abaa.mx\/tienda\/pinza-amperimetrica-fluke-324-true-rms-con-temperatura-400a\/#primaryimage","url":"https:\/\/abaa.mx\/tienda\/wp-content\/uploads\/2023\/09\/324.jpg","contentUrl":"https:\/\/abaa.mx\/tienda\/wp-content\/uploads\/2023\/09\/324.jpg","width":1098,"height":1095,"caption":"324"},{"@type":"BreadcrumbList","@id":"https:\/\/abaa.mx\/tienda\/pinza-amperimetrica-fluke-324-true-rms-con-temperatura-400a\/#breadcrumb","itemListElement":[{"@type":"ListItem","position":1,"name":"Inicio","item":"https:\/\/abaa.mx\/tienda\/"},{"@type":"ListItem","position":2,"name":"Tienda","item":"https:\/\/abaa.mx\/tienda\/"},{"@type":"ListItem","position":3,"name":"pinza amperim\u00e9trica fluke 324 true rms con temperatura, 400a"}]},{"@type":"WebSite","@id":"https:\/\/abaa.mx\/tienda\/#website","url":"https:\/\/abaa.mx\/tienda\/","name":"Abaa tienda online","description":"Instrumentos de medici\u00f3n","publisher":{"@id":"https:\/\/abaa.mx\/tienda\/#organization"},"potentialAction":[{"@type":"SearchAction","target":{"@type":"EntryPoint","urlTemplate":"https:\/\/abaa.mx\/tienda\/?s={search_term_string}"},"query-input":{"@type":"PropertyValueSpecification","valueRequired":true,"valueName":"search_term_string"}}],"inLanguage":"es"},{"@type":"Organization","@id":"https:\/\/abaa.mx\/tienda\/#organization","name":"Abaa tienda online","url":"https:\/\/abaa.mx\/tienda\/","logo":{"@type":"ImageObject","inLanguage":"es","@id":"https:\/\/abaa.mx\/tienda\/#\/schema\/logo\/image\/","url":"https:\/\/abaa.mx\/tienda\/wp-content\/uploads\/2024\/01\/abaa-metrologia-tienda.png","contentUrl":"https:\/\/abaa.mx\/tienda\/wp-content\/uploads\/2024\/01\/abaa-metrologia-tienda.png","width":300,"height":141,"caption":"Abaa tienda online"},"image":{"@id":"https:\/\/abaa.mx\/tienda\/#\/schema\/logo\/image\/"}}]}},"_links":{"self":[{"href":"https:\/\/abaa.mx\/tienda\/wp-json\/wp\/v2\/product\/2017","targetHints":{"allow":["GET"]}}],"collection":[{"href":"https:\/\/abaa.mx\/tienda\/wp-json\/wp\/v2\/product"}],"about":[{"href":"https:\/\/abaa.mx\/tienda\/wp-json\/wp\/v2\/types\/product"}],"replies":[{"embeddable":true,"href":"https:\/\/abaa.mx\/tienda\/wp-json\/wp\/v2\/comments?post=2017"}],"wp:featuredmedia":[{"embeddable":true,"href":"https:\/\/abaa.mx\/tienda\/wp-json\/wp\/v2\/media\/2051"}],"wp:attachment":[{"href":"https:\/\/abaa.mx\/tienda\/wp-json\/wp\/v2\/media?parent=2017"}],"wp:term":[{"taxonomy":"product_brand","embeddable":true,"href":"https:\/\/abaa.mx\/tienda\/wp-json\/wp\/v2\/product_brand?post=2017"},{"taxonomy":"product_cat","embeddable":true,"href":"https:\/\/abaa.mx\/tienda\/wp-json\/wp\/v2\/product_cat?post=2017"},{"taxonomy":"product_tag","embeddable":true,"href":"https:\/\/abaa.mx\/tienda\/wp-json\/wp\/v2\/product_tag?post=2017"}],"curies":[{"name":"wp","href":"https:\/\/api.w.org\/{rel}","templated":true}]}}