{"id":2010,"date":"2023-09-19T16:24:16","date_gmt":"2023-09-19T16:24:16","guid":{"rendered":"https:\/\/abaa.mx\/tienda\/?post_type=product&#038;p=2010"},"modified":"2023-09-19T16:24:16","modified_gmt":"2023-09-19T16:24:16","slug":"campana-de-captura-del-balometro-tsi-ebt731-sta-con-soporte-y-tableta","status":"publish","type":"product","link":"https:\/\/abaa.mx\/tienda\/campana-de-captura-del-balometro-tsi-ebt731-sta-con-soporte-y-tableta\/","title":{"rendered":"Campana de captura del bal\u00f3metro tsi ebt731-sta con soporte y tableta"},"content":{"rendered":"<h1>Campana de captura del bal\u00f3metro tsi ebt731-sta con soporte y tableta<\/h1>\n<p>&nbsp;<\/p>\n<h4>Ofertas de TSI\/Alnor EBT731-STA<\/h4>\n<p>Este kit de campana de captura ligero y de dise\u00f1o ergon\u00f3mico, que ofrece un funcionamiento duradero y sin problemas, ahorra tiempo y dinero al combinar m\u00faltiples herramientas de medici\u00f3n en un solo paquete. La campana de captura del bal\u00f3metro le ayuda a crear entornos saludables y energ\u00e9ticamente eficientes al tiempo que cumple con los c\u00f3digos, directrices y regulaciones locales para sistemas de ventilaci\u00f3n.<\/p>\n<p>La campana de captura cuenta con un microman\u00f3metro desmontable que se puede utilizar con sondas opcionales para una mayor flexibilidad en m\u00faltiples aplicaciones de medici\u00f3n.<\/p>\n<h3><strong>Funciones:<\/strong><\/h3>\n<ul>\n<li>El dise\u00f1o ergon\u00f3mico y ligero permite una f\u00e1cil operaci\u00f3n de una sola persona<\/li>\n<li>La detecci\u00f3n autom\u00e1tica y la visualizaci\u00f3n de los flujos de suministro o retorno ahorran tiempo en el trabajo<\/li>\n<li>La compensaci\u00f3n de contrapresi\u00f3n garantiza lecturas precisas a altos caudales<\/li>\n<li>El microman\u00f3metro digital desmontable proporciona capacidad de medici\u00f3n adicional<\/li>\n<li>Las m\u00faltiples opciones de tama\u00f1o de campana permiten medir diferentes dimensiones de salida<\/li>\n<li>El software compatible LogDat Mobile Remote Reader y Data Logger simplifica la documentaci\u00f3n de los resultados y el env\u00edo por correo electr\u00f3nico de informes<\/li>\n<li>El soporte de capucha de captura elimina la necesidad de escaleras (llegando a difusores de hasta 15&#8242;)<\/li>\n<\/ul>\n<h3><strong>Aplicaciones:<\/strong><\/h3>\n<ul>\n<li>Contratistas de prueba y equilibrio<\/li>\n<li>Agentes de puesta en marcha<\/li>\n<li>Gerentes de instalaciones<\/li>\n<li>Especialistas en salud y seguridad<\/li>\n<li>Instaladores de sistemas de ventilaci\u00f3n<\/li>\n<\/ul>\n<h4 style=\"text-align: center;\">Especificaciones de TSI\/Alnor EBT731-STA<\/h4>\n<table class=\"table table-striped\">\n<tbody>\n<tr>\n<td colspan=\"2\"><strong>Rango de velocidad<\/strong><\/td>\n<\/tr>\n<tr>\n<td>Sondas Pitot<\/td>\n<td>25 a 15.500 pies\/min (0,125 a 78 m\/s)<\/td>\n<\/tr>\n<tr>\n<td>Sonda de flujo de aire<\/td>\n<td>25 a 5.000 pies\/min (0,125 a 25 m\/s)<\/td>\n<\/tr>\n<tr>\n<td>Matriz de velocidad<\/td>\n<td>25 a 2.500 pies\/min (0,125 a 12,5 m\/s)<\/td>\n<\/tr>\n<tr>\n<td>Exactitud<\/td>\n<td>\u00b13% de la lectura \u00b17 pies\/min (\u00b10,04 m\/s) a velocidades &gt;50 pies\/min (&gt;0,25 m\/s)<\/td>\n<\/tr>\n<tr>\n<td>Resoluci\u00f3n<\/td>\n<td>1 ft\/min (0,01 m\/s)<\/td>\n<\/tr>\n<tr>\n<td colspan=\"2\"><strong>Presi\u00f3n<\/strong><\/td>\n<\/tr>\n<tr>\n<td>Presi\u00f3n diferencial<\/td>\n<td><span>\u00b115 pulgadas<\/span><sub>2<\/sub><span>O (\u00b13735 Pa)<br \/>\n150 inH<\/span><sub>2<\/sub><span>O (37,5 kPa)<br \/>\nPresi\u00f3n m\u00e1xima de funcionamiento segura<\/span><\/td>\n<\/tr>\n<tr>\n<td>Presi\u00f3n absoluta<\/td>\n<td>15 a 40 inHg (356 a 1016 mmHg)<\/td>\n<\/tr>\n<tr>\n<td>Exactitud<\/td>\n<td><span>\u00b12% de lectura \u00b10.0001 inH<\/span><sub>2<\/sub><span>O (\u00b10,025 Pa) est\u00e1tica y diferencial<br \/>\n\u00b12% de lectura absoluta<\/span><\/td>\n<\/tr>\n<tr>\n<td>Resoluci\u00f3n<\/td>\n<td><span>0,00001 pulgadas<\/span><sub>2<\/sub><span>O (0.001 Pa) est\u00e1tico y diferencial<br \/>\n0.01 inHg (1 mmHg) absoluto<\/span><\/td>\n<\/tr>\n<tr>\n<td colspan=\"2\"><strong>Especificaciones generales<\/strong><\/td>\n<\/tr>\n<tr>\n<td>Rango de temperatura del instrumento<\/td>\n<td>En funcionamiento: 40 a 140 \u00b0F (4,4 a 60 \u00b0C) Almacenamiento: -4 a 160 \u00b0F (-20 a 71 \u00b0C)<\/td>\n<\/tr>\n<tr>\n<td>Peso<\/td>\n<td>7,4 lb (3,4 kg)<\/td>\n<\/tr>\n<\/tbody>\n<\/table>\n","protected":false},"excerpt":{"rendered":"<h3>Ofertas de TSI\/Alnor EBT731-STA<\/h3>\n<p>Este kit de campana de captura ligero y de dise\u00f1o ergon\u00f3mico, que ofrece un funcionamiento duradero y sin problemas, ahorra tiempo y dinero al combinar m\u00faltiples herramientas de medici\u00f3n en un solo paquete. La campana de captura del bal\u00f3metro le ayuda a crear entornos saludables y energ\u00e9ticamente eficientes al tiempo que cumple con los c\u00f3digos, directrices y regulaciones locales para sistemas de ventilaci\u00f3n<\/p>\n","protected":false},"featured_media":2012,"comment_status":"open","ping_status":"closed","template":"","meta":{"_joinchat":[]},"product_brand":[],"product_cat":[15],"product_tag":[],"class_list":{"0":"post-2010","1":"product","2":"type-product","3":"status-publish","4":"has-post-thumbnail","6":"product_cat-sin-categorizar","8":"first","9":"instock","10":"shipping-taxable","11":"product-type-simple"},"yoast_head":"<!-- This site is optimized with the Yoast SEO plugin v26.4 - https:\/\/yoast.com\/wordpress\/plugins\/seo\/ -->\n<title>Campana de captura del bal\u00f3metro tsi ebt731-sta con soporte y tableta - Abaa tienda online<\/title>\n<meta name=\"robots\" content=\"index, follow, max-snippet:-1, max-image-preview:large, max-video-preview:-1\" \/>\n<link rel=\"canonical\" href=\"https:\/\/abaa.mx\/tienda\/campana-de-captura-del-balometro-tsi-ebt731-sta-con-soporte-y-tableta\/\" \/>\n<meta property=\"og:locale\" content=\"es_MX\" \/>\n<meta property=\"og:type\" content=\"article\" \/>\n<meta property=\"og:title\" content=\"Campana de captura del bal\u00f3metro tsi ebt731-sta con soporte y tableta - Abaa tienda online\" \/>\n<meta property=\"og:description\" content=\"Ofertas de TSI\/Alnor EBT731-STA Este kit de campana de captura ligero y de dise\u00f1o ergon\u00f3mico, que ofrece un funcionamiento duradero y sin problemas, ahorra tiempo y dinero al combinar m\u00faltiples herramientas de medici\u00f3n en un solo paquete. La campana de captura del bal\u00f3metro le ayuda a crear entornos saludables y energ\u00e9ticamente eficientes al tiempo que cumple con los c\u00f3digos, directrices y regulaciones locales para sistemas de ventilaci\u00f3n\" \/>\n<meta property=\"og:url\" content=\"https:\/\/abaa.mx\/tienda\/campana-de-captura-del-balometro-tsi-ebt731-sta-con-soporte-y-tableta\/\" \/>\n<meta property=\"og:site_name\" content=\"Abaa tienda online\" \/>\n<meta property=\"og:image\" content=\"https:\/\/abaa.mx\/tienda\/wp-content\/uploads\/2023\/09\/EBT731-STA.jpg\" \/>\n\t<meta property=\"og:image:width\" content=\"270\" \/>\n\t<meta property=\"og:image:height\" content=\"245\" \/>\n\t<meta property=\"og:image:type\" content=\"image\/jpeg\" \/>\n<meta name=\"twitter:card\" content=\"summary_large_image\" \/>\n<meta name=\"twitter:label1\" content=\"Tiempo de lectura\" \/>\n\t<meta name=\"twitter:data1\" content=\"2 minutos\" \/>\n<script type=\"application\/ld+json\" class=\"yoast-schema-graph\">{\"@context\":\"https:\/\/schema.org\",\"@graph\":[{\"@type\":\"WebPage\",\"@id\":\"https:\/\/abaa.mx\/tienda\/campana-de-captura-del-balometro-tsi-ebt731-sta-con-soporte-y-tableta\/\",\"url\":\"https:\/\/abaa.mx\/tienda\/campana-de-captura-del-balometro-tsi-ebt731-sta-con-soporte-y-tableta\/\",\"name\":\"Campana de captura del bal\u00f3metro tsi ebt731-sta con soporte y tableta - Abaa tienda online\",\"isPartOf\":{\"@id\":\"https:\/\/abaa.mx\/tienda\/#website\"},\"primaryImageOfPage\":{\"@id\":\"https:\/\/abaa.mx\/tienda\/campana-de-captura-del-balometro-tsi-ebt731-sta-con-soporte-y-tableta\/#primaryimage\"},\"image\":{\"@id\":\"https:\/\/abaa.mx\/tienda\/campana-de-captura-del-balometro-tsi-ebt731-sta-con-soporte-y-tableta\/#primaryimage\"},\"thumbnailUrl\":\"https:\/\/abaa.mx\/tienda\/wp-content\/uploads\/2023\/09\/EBT731-STA.jpg\",\"datePublished\":\"2023-09-19T16:24:16+00:00\",\"breadcrumb\":{\"@id\":\"https:\/\/abaa.mx\/tienda\/campana-de-captura-del-balometro-tsi-ebt731-sta-con-soporte-y-tableta\/#breadcrumb\"},\"inLanguage\":\"es\",\"potentialAction\":[{\"@type\":\"ReadAction\",\"target\":[\"https:\/\/abaa.mx\/tienda\/campana-de-captura-del-balometro-tsi-ebt731-sta-con-soporte-y-tableta\/\"]}]},{\"@type\":\"ImageObject\",\"inLanguage\":\"es\",\"@id\":\"https:\/\/abaa.mx\/tienda\/campana-de-captura-del-balometro-tsi-ebt731-sta-con-soporte-y-tableta\/#primaryimage\",\"url\":\"https:\/\/abaa.mx\/tienda\/wp-content\/uploads\/2023\/09\/EBT731-STA.jpg\",\"contentUrl\":\"https:\/\/abaa.mx\/tienda\/wp-content\/uploads\/2023\/09\/EBT731-STA.jpg\",\"width\":270,\"height\":245,\"caption\":\"campana-de-captura-del-balometro-tsi-ebt731-sta-con-soporte-y-tableta\"},{\"@type\":\"BreadcrumbList\",\"@id\":\"https:\/\/abaa.mx\/tienda\/campana-de-captura-del-balometro-tsi-ebt731-sta-con-soporte-y-tableta\/#breadcrumb\",\"itemListElement\":[{\"@type\":\"ListItem\",\"position\":1,\"name\":\"Inicio\",\"item\":\"https:\/\/abaa.mx\/tienda\/\"},{\"@type\":\"ListItem\",\"position\":2,\"name\":\"Tienda\",\"item\":\"https:\/\/abaa.mx\/tienda\/\"},{\"@type\":\"ListItem\",\"position\":3,\"name\":\"Campana de captura del bal\u00f3metro tsi ebt731-sta con soporte y tableta\"}]},{\"@type\":\"WebSite\",\"@id\":\"https:\/\/abaa.mx\/tienda\/#website\",\"url\":\"https:\/\/abaa.mx\/tienda\/\",\"name\":\"Abaa tienda online\",\"description\":\"Instrumentos de medici\u00f3n\",\"publisher\":{\"@id\":\"https:\/\/abaa.mx\/tienda\/#organization\"},\"potentialAction\":[{\"@type\":\"SearchAction\",\"target\":{\"@type\":\"EntryPoint\",\"urlTemplate\":\"https:\/\/abaa.mx\/tienda\/?s={search_term_string}\"},\"query-input\":{\"@type\":\"PropertyValueSpecification\",\"valueRequired\":true,\"valueName\":\"search_term_string\"}}],\"inLanguage\":\"es\"},{\"@type\":\"Organization\",\"@id\":\"https:\/\/abaa.mx\/tienda\/#organization\",\"name\":\"Abaa tienda online\",\"url\":\"https:\/\/abaa.mx\/tienda\/\",\"logo\":{\"@type\":\"ImageObject\",\"inLanguage\":\"es\",\"@id\":\"https:\/\/abaa.mx\/tienda\/#\/schema\/logo\/image\/\",\"url\":\"https:\/\/abaa.mx\/tienda\/wp-content\/uploads\/2024\/01\/abaa-metrologia-tienda.png\",\"contentUrl\":\"https:\/\/abaa.mx\/tienda\/wp-content\/uploads\/2024\/01\/abaa-metrologia-tienda.png\",\"width\":300,\"height\":141,\"caption\":\"Abaa tienda online\"},\"image\":{\"@id\":\"https:\/\/abaa.mx\/tienda\/#\/schema\/logo\/image\/\"}}]}<\/script>\n<!-- \/ Yoast SEO plugin. -->","yoast_head_json":{"title":"Campana de captura del bal\u00f3metro tsi ebt731-sta con soporte y tableta - Abaa tienda online","robots":{"index":"index","follow":"follow","max-snippet":"max-snippet:-1","max-image-preview":"max-image-preview:large","max-video-preview":"max-video-preview:-1"},"canonical":"https:\/\/abaa.mx\/tienda\/campana-de-captura-del-balometro-tsi-ebt731-sta-con-soporte-y-tableta\/","og_locale":"es_MX","og_type":"article","og_title":"Campana de captura del bal\u00f3metro tsi ebt731-sta con soporte y tableta - Abaa tienda online","og_description":"Ofertas de TSI\/Alnor EBT731-STA Este kit de campana de captura ligero y de dise\u00f1o ergon\u00f3mico, que ofrece un funcionamiento duradero y sin problemas, ahorra tiempo y dinero al combinar m\u00faltiples herramientas de medici\u00f3n en un solo paquete. La campana de captura del bal\u00f3metro le ayuda a crear entornos saludables y energ\u00e9ticamente eficientes al tiempo que cumple con los c\u00f3digos, directrices y regulaciones locales para sistemas de ventilaci\u00f3n","og_url":"https:\/\/abaa.mx\/tienda\/campana-de-captura-del-balometro-tsi-ebt731-sta-con-soporte-y-tableta\/","og_site_name":"Abaa tienda online","og_image":[{"width":270,"height":245,"url":"https:\/\/abaa.mx\/tienda\/wp-content\/uploads\/2023\/09\/EBT731-STA.jpg","type":"image\/jpeg"}],"twitter_card":"summary_large_image","twitter_misc":{"Tiempo de lectura":"2 minutos"},"schema":{"@context":"https:\/\/schema.org","@graph":[{"@type":"WebPage","@id":"https:\/\/abaa.mx\/tienda\/campana-de-captura-del-balometro-tsi-ebt731-sta-con-soporte-y-tableta\/","url":"https:\/\/abaa.mx\/tienda\/campana-de-captura-del-balometro-tsi-ebt731-sta-con-soporte-y-tableta\/","name":"Campana de captura del bal\u00f3metro tsi ebt731-sta con soporte y tableta - Abaa tienda online","isPartOf":{"@id":"https:\/\/abaa.mx\/tienda\/#website"},"primaryImageOfPage":{"@id":"https:\/\/abaa.mx\/tienda\/campana-de-captura-del-balometro-tsi-ebt731-sta-con-soporte-y-tableta\/#primaryimage"},"image":{"@id":"https:\/\/abaa.mx\/tienda\/campana-de-captura-del-balometro-tsi-ebt731-sta-con-soporte-y-tableta\/#primaryimage"},"thumbnailUrl":"https:\/\/abaa.mx\/tienda\/wp-content\/uploads\/2023\/09\/EBT731-STA.jpg","datePublished":"2023-09-19T16:24:16+00:00","breadcrumb":{"@id":"https:\/\/abaa.mx\/tienda\/campana-de-captura-del-balometro-tsi-ebt731-sta-con-soporte-y-tableta\/#breadcrumb"},"inLanguage":"es","potentialAction":[{"@type":"ReadAction","target":["https:\/\/abaa.mx\/tienda\/campana-de-captura-del-balometro-tsi-ebt731-sta-con-soporte-y-tableta\/"]}]},{"@type":"ImageObject","inLanguage":"es","@id":"https:\/\/abaa.mx\/tienda\/campana-de-captura-del-balometro-tsi-ebt731-sta-con-soporte-y-tableta\/#primaryimage","url":"https:\/\/abaa.mx\/tienda\/wp-content\/uploads\/2023\/09\/EBT731-STA.jpg","contentUrl":"https:\/\/abaa.mx\/tienda\/wp-content\/uploads\/2023\/09\/EBT731-STA.jpg","width":270,"height":245,"caption":"campana-de-captura-del-balometro-tsi-ebt731-sta-con-soporte-y-tableta"},{"@type":"BreadcrumbList","@id":"https:\/\/abaa.mx\/tienda\/campana-de-captura-del-balometro-tsi-ebt731-sta-con-soporte-y-tableta\/#breadcrumb","itemListElement":[{"@type":"ListItem","position":1,"name":"Inicio","item":"https:\/\/abaa.mx\/tienda\/"},{"@type":"ListItem","position":2,"name":"Tienda","item":"https:\/\/abaa.mx\/tienda\/"},{"@type":"ListItem","position":3,"name":"Campana de captura del bal\u00f3metro tsi ebt731-sta con soporte y tableta"}]},{"@type":"WebSite","@id":"https:\/\/abaa.mx\/tienda\/#website","url":"https:\/\/abaa.mx\/tienda\/","name":"Abaa tienda online","description":"Instrumentos de medici\u00f3n","publisher":{"@id":"https:\/\/abaa.mx\/tienda\/#organization"},"potentialAction":[{"@type":"SearchAction","target":{"@type":"EntryPoint","urlTemplate":"https:\/\/abaa.mx\/tienda\/?s={search_term_string}"},"query-input":{"@type":"PropertyValueSpecification","valueRequired":true,"valueName":"search_term_string"}}],"inLanguage":"es"},{"@type":"Organization","@id":"https:\/\/abaa.mx\/tienda\/#organization","name":"Abaa tienda online","url":"https:\/\/abaa.mx\/tienda\/","logo":{"@type":"ImageObject","inLanguage":"es","@id":"https:\/\/abaa.mx\/tienda\/#\/schema\/logo\/image\/","url":"https:\/\/abaa.mx\/tienda\/wp-content\/uploads\/2024\/01\/abaa-metrologia-tienda.png","contentUrl":"https:\/\/abaa.mx\/tienda\/wp-content\/uploads\/2024\/01\/abaa-metrologia-tienda.png","width":300,"height":141,"caption":"Abaa tienda online"},"image":{"@id":"https:\/\/abaa.mx\/tienda\/#\/schema\/logo\/image\/"}}]}},"_links":{"self":[{"href":"https:\/\/abaa.mx\/tienda\/wp-json\/wp\/v2\/product\/2010","targetHints":{"allow":["GET"]}}],"collection":[{"href":"https:\/\/abaa.mx\/tienda\/wp-json\/wp\/v2\/product"}],"about":[{"href":"https:\/\/abaa.mx\/tienda\/wp-json\/wp\/v2\/types\/product"}],"replies":[{"embeddable":true,"href":"https:\/\/abaa.mx\/tienda\/wp-json\/wp\/v2\/comments?post=2010"}],"wp:featuredmedia":[{"embeddable":true,"href":"https:\/\/abaa.mx\/tienda\/wp-json\/wp\/v2\/media\/2012"}],"wp:attachment":[{"href":"https:\/\/abaa.mx\/tienda\/wp-json\/wp\/v2\/media?parent=2010"}],"wp:term":[{"taxonomy":"product_brand","embeddable":true,"href":"https:\/\/abaa.mx\/tienda\/wp-json\/wp\/v2\/product_brand?post=2010"},{"taxonomy":"product_cat","embeddable":true,"href":"https:\/\/abaa.mx\/tienda\/wp-json\/wp\/v2\/product_cat?post=2010"},{"taxonomy":"product_tag","embeddable":true,"href":"https:\/\/abaa.mx\/tienda\/wp-json\/wp\/v2\/product_tag?post=2010"}],"curies":[{"name":"wp","href":"https:\/\/api.w.org\/{rel}","templated":true}]}}