{"id":2009,"date":"2023-09-19T16:24:12","date_gmt":"2023-09-19T16:24:12","guid":{"rendered":"https:\/\/abaa.mx\/tienda\/?post_type=product&#038;p=2009"},"modified":"2023-09-19T16:24:12","modified_gmt":"2023-09-19T16:24:12","slug":"campana-de-captura-del-balometro-loflo-tsi-alnor-6200d-2-x-2-610-mm-x-610-mm","status":"publish","type":"product","link":"https:\/\/abaa.mx\/tienda\/campana-de-captura-del-balometro-loflo-tsi-alnor-6200d-2-x-2-610-mm-x-610-mm\/","title":{"rendered":"Campana de captura del bal\u00f3metro loflo tsi alnor 6200d, 2&#8242; x 2&#8242; (610 mm x 610 mm)"},"content":{"rendered":"<h1>Campana de captura del bal\u00f3metro loflo tsi alnor 6200d, 2&#8242; x 2&#8242; (610 mm x 610 mm)<\/h1>\n<h4>Campana de captura del bal\u00f3metro LoFlo TSI\/Alnor 6200D, 2 x 2<\/h4>\n<p>La campana de captura del bal\u00f3metro LoFlo modelo 6200D de Alnor es la forma ideal de medir un flujo volum\u00e9trico muy bajo. Mida con confianza y precisi\u00f3n los flujos de suministro o retorno de 10 a 500 cfm (17 a 850 m3\/h). Este instrumento ligero es ideal para uso residencial o comercial ligero. El tama\u00f1o compacto permite que se utilicen donde no caben campanas de tama\u00f1o completo, como sobre los puestos de ba\u00f1o o los archivadores.<\/p>\n<h3><strong>Caracter\u00edsticas y beneficios:<\/strong><\/h3>\n<ul>\n<li>Tiene una capucha de 2&#8242; x 2&#8242; (610 mm x 610 mm) de altura<\/li>\n<li>Pesa solo 6.5 lb (3 kg) con la capucha conectada<\/li>\n<li>34,5 pulg. (876 mm) base<\/li>\n<li>La pantalla anal\u00f3gica simulada muestra las tendencias del aire y las lecturas digitales<\/li>\n<li>Utiliza 4 pilas alcalinas de tama\u00f1o C; M\u00ednimo 10 horas de uso continuo<\/li>\n<li>Para difusores peque\u00f1os, la base se puede usar sin capucha<\/li>\n<\/ul>\n<h4>TSI\/Alnor 6200D Especificaciones<\/h4>\n<table class=\"table table-striped\">\n<tbody>\n<tr>\n<td>Gama<\/td>\n<td>10 a 500 cfm (17 a 850 m3 \/h) (4.7 a 236 l\/s)<\/td>\n<\/tr>\n<tr>\n<td>Exactitud<\/td>\n<td>\u00b1(3% + 5 cfm) [\u00b1(3% + 8,5 m3\/h, 2,4 l\/s)]<\/td>\n<\/tr>\n<tr>\n<td>Peso<\/td>\n<td>aproximadamente 6 lb (2,7 kg) con capucha de 4,6 lb (2,1 kg) de base solamente<\/td>\n<\/tr>\n<tr>\n<td>Apertura del di\u00e1metro de la base<\/td>\n<td>13,3 pulg. (338 mm) de di\u00e1metro<\/td>\n<\/tr>\n<tr>\n<td>Tama\u00f1os de capucha<\/td>\n<td>16 pulgadas x 16 pulg., 2 pies x 2 pies o 26 pulgadas x 26 pulgadas (406 mm x 406 mm, 610 mm x 610 mm o 650 mm x 650 mm)<\/td>\n<\/tr>\n<tr>\n<td>Fuente de alimentaci\u00f3n<\/td>\n<td>Bater\u00edas alcalinas 4C 1.5V (N\u00edquel Cadmio opcional)<\/td>\n<\/tr>\n<tr>\n<td>Duraci\u00f3n de la bater\u00eda<\/td>\n<td>10 hrs. m\u00ednimo con uso continuo<\/td>\n<\/tr>\n<tr>\n<td>Monitor<\/td>\n<td>3.5 d\u00edgitos, .44 pulg. (11 mm) de alto, pantalla digital con pantalla anal\u00f3gica simulada de 26 segmentos<\/td>\n<\/tr>\n<tr>\n<td>Resoluci\u00f3n<\/td>\n<td>1 cfm de 10 a 500 cfm (0.1 l\/s de 4.7 a 9.9 ) (1 l\/s de 10 a 236 l\/s)<\/td>\n<\/tr>\n<\/tbody>\n<\/table>\n","protected":false},"excerpt":{"rendered":"<h3>Campana de captura del bal\u00f3metro LoFlo TSI\/Alnor 6200D, 2 x 2<\/h3>\n<p>La campana de captura del bal\u00f3metro LoFlo modelo 6200D de Alnor es la forma ideal de medir un flujo volum\u00e9trico muy bajo. Mida con confianza y precisi\u00f3n los flujos de suministro o retorno de 10 a 500 cfm (17 a 850 m3\/h). Este instrumento ligero es ideal para uso residencial o comercial ligero. El tama\u00f1o compacto permite que se utilicen donde no caben campanas de tama\u00f1o completo, como sobre los puestos de ba\u00f1o o los archivadores.<\/p>\n","protected":false},"featured_media":2011,"comment_status":"open","ping_status":"closed","template":"","meta":{"_joinchat":[]},"product_brand":[],"product_cat":[15],"product_tag":[],"class_list":{"0":"post-2009","1":"product","2":"type-product","3":"status-publish","4":"has-post-thumbnail","6":"product_cat-sin-categorizar","8":"first","9":"instock","10":"shipping-taxable","11":"product-type-simple"},"yoast_head":"<!-- This site is optimized with the Yoast SEO plugin v26.4 - https:\/\/yoast.com\/wordpress\/plugins\/seo\/ -->\n<title>Campana de captura del bal\u00f3metro loflo tsi alnor 6200d, 2&#039; x 2&#039; (610 mm x 610 mm) - Abaa tienda online<\/title>\n<meta name=\"robots\" content=\"index, follow, max-snippet:-1, max-image-preview:large, max-video-preview:-1\" \/>\n<link rel=\"canonical\" href=\"https:\/\/abaa.mx\/tienda\/campana-de-captura-del-balometro-loflo-tsi-alnor-6200d-2-x-2-610-mm-x-610-mm\/\" \/>\n<meta property=\"og:locale\" content=\"es_MX\" \/>\n<meta property=\"og:type\" content=\"article\" \/>\n<meta property=\"og:title\" content=\"Campana de captura del bal\u00f3metro loflo tsi alnor 6200d, 2&#039; x 2&#039; (610 mm x 610 mm) - Abaa tienda online\" \/>\n<meta property=\"og:description\" content=\"Campana de captura del bal\u00f3metro LoFlo TSI\/Alnor 6200D, 2 x 2 La campana de captura del bal\u00f3metro LoFlo modelo 6200D de Alnor es la forma ideal de medir un flujo volum\u00e9trico muy bajo. Mida con confianza y precisi\u00f3n los flujos de suministro o retorno de 10 a 500 cfm (17 a 850 m3\/h). Este instrumento ligero es ideal para uso residencial o comercial ligero. El tama\u00f1o compacto permite que se utilicen donde no caben campanas de tama\u00f1o completo, como sobre los puestos de ba\u00f1o o los archivadores.\" \/>\n<meta property=\"og:url\" content=\"https:\/\/abaa.mx\/tienda\/campana-de-captura-del-balometro-loflo-tsi-alnor-6200d-2-x-2-610-mm-x-610-mm\/\" \/>\n<meta property=\"og:site_name\" content=\"Abaa tienda online\" \/>\n<meta property=\"og:image\" content=\"https:\/\/abaa.mx\/tienda\/wp-content\/uploads\/2023\/09\/6200D.jpg\" \/>\n\t<meta property=\"og:image:width\" content=\"270\" \/>\n\t<meta property=\"og:image:height\" content=\"355\" \/>\n\t<meta property=\"og:image:type\" content=\"image\/jpeg\" \/>\n<meta name=\"twitter:card\" content=\"summary_large_image\" \/>\n<meta name=\"twitter:label1\" content=\"Tiempo de lectura\" \/>\n\t<meta name=\"twitter:data1\" content=\"2 minutos\" \/>\n<script type=\"application\/ld+json\" class=\"yoast-schema-graph\">{\"@context\":\"https:\/\/schema.org\",\"@graph\":[{\"@type\":\"WebPage\",\"@id\":\"https:\/\/abaa.mx\/tienda\/campana-de-captura-del-balometro-loflo-tsi-alnor-6200d-2-x-2-610-mm-x-610-mm\/\",\"url\":\"https:\/\/abaa.mx\/tienda\/campana-de-captura-del-balometro-loflo-tsi-alnor-6200d-2-x-2-610-mm-x-610-mm\/\",\"name\":\"Campana de captura del bal\u00f3metro loflo tsi alnor 6200d, 2' x 2' (610 mm x 610 mm) - Abaa tienda online\",\"isPartOf\":{\"@id\":\"https:\/\/abaa.mx\/tienda\/#website\"},\"primaryImageOfPage\":{\"@id\":\"https:\/\/abaa.mx\/tienda\/campana-de-captura-del-balometro-loflo-tsi-alnor-6200d-2-x-2-610-mm-x-610-mm\/#primaryimage\"},\"image\":{\"@id\":\"https:\/\/abaa.mx\/tienda\/campana-de-captura-del-balometro-loflo-tsi-alnor-6200d-2-x-2-610-mm-x-610-mm\/#primaryimage\"},\"thumbnailUrl\":\"https:\/\/abaa.mx\/tienda\/wp-content\/uploads\/2023\/09\/6200D.jpg\",\"datePublished\":\"2023-09-19T16:24:12+00:00\",\"breadcrumb\":{\"@id\":\"https:\/\/abaa.mx\/tienda\/campana-de-captura-del-balometro-loflo-tsi-alnor-6200d-2-x-2-610-mm-x-610-mm\/#breadcrumb\"},\"inLanguage\":\"es\",\"potentialAction\":[{\"@type\":\"ReadAction\",\"target\":[\"https:\/\/abaa.mx\/tienda\/campana-de-captura-del-balometro-loflo-tsi-alnor-6200d-2-x-2-610-mm-x-610-mm\/\"]}]},{\"@type\":\"ImageObject\",\"inLanguage\":\"es\",\"@id\":\"https:\/\/abaa.mx\/tienda\/campana-de-captura-del-balometro-loflo-tsi-alnor-6200d-2-x-2-610-mm-x-610-mm\/#primaryimage\",\"url\":\"https:\/\/abaa.mx\/tienda\/wp-content\/uploads\/2023\/09\/6200D.jpg\",\"contentUrl\":\"https:\/\/abaa.mx\/tienda\/wp-content\/uploads\/2023\/09\/6200D.jpg\",\"width\":270,\"height\":355,\"caption\":\"campana-de-captura-del-balometro-loflo-tsi-alnor-6200d-2-x-2-610-mm-x-610-mm\"},{\"@type\":\"BreadcrumbList\",\"@id\":\"https:\/\/abaa.mx\/tienda\/campana-de-captura-del-balometro-loflo-tsi-alnor-6200d-2-x-2-610-mm-x-610-mm\/#breadcrumb\",\"itemListElement\":[{\"@type\":\"ListItem\",\"position\":1,\"name\":\"Inicio\",\"item\":\"https:\/\/abaa.mx\/tienda\/\"},{\"@type\":\"ListItem\",\"position\":2,\"name\":\"Tienda\",\"item\":\"https:\/\/abaa.mx\/tienda\/\"},{\"@type\":\"ListItem\",\"position\":3,\"name\":\"Campana de captura del bal\u00f3metro loflo tsi alnor 6200d, 2&#8242; x 2&#8242; (610 mm x 610 mm)\"}]},{\"@type\":\"WebSite\",\"@id\":\"https:\/\/abaa.mx\/tienda\/#website\",\"url\":\"https:\/\/abaa.mx\/tienda\/\",\"name\":\"Abaa tienda online\",\"description\":\"Instrumentos de medici\u00f3n\",\"publisher\":{\"@id\":\"https:\/\/abaa.mx\/tienda\/#organization\"},\"potentialAction\":[{\"@type\":\"SearchAction\",\"target\":{\"@type\":\"EntryPoint\",\"urlTemplate\":\"https:\/\/abaa.mx\/tienda\/?s={search_term_string}\"},\"query-input\":{\"@type\":\"PropertyValueSpecification\",\"valueRequired\":true,\"valueName\":\"search_term_string\"}}],\"inLanguage\":\"es\"},{\"@type\":\"Organization\",\"@id\":\"https:\/\/abaa.mx\/tienda\/#organization\",\"name\":\"Abaa tienda online\",\"url\":\"https:\/\/abaa.mx\/tienda\/\",\"logo\":{\"@type\":\"ImageObject\",\"inLanguage\":\"es\",\"@id\":\"https:\/\/abaa.mx\/tienda\/#\/schema\/logo\/image\/\",\"url\":\"https:\/\/abaa.mx\/tienda\/wp-content\/uploads\/2024\/01\/abaa-metrologia-tienda.png\",\"contentUrl\":\"https:\/\/abaa.mx\/tienda\/wp-content\/uploads\/2024\/01\/abaa-metrologia-tienda.png\",\"width\":300,\"height\":141,\"caption\":\"Abaa tienda online\"},\"image\":{\"@id\":\"https:\/\/abaa.mx\/tienda\/#\/schema\/logo\/image\/\"}}]}<\/script>\n<!-- \/ Yoast SEO plugin. -->","yoast_head_json":{"title":"Campana de captura del bal\u00f3metro loflo tsi alnor 6200d, 2' x 2' (610 mm x 610 mm) - Abaa tienda online","robots":{"index":"index","follow":"follow","max-snippet":"max-snippet:-1","max-image-preview":"max-image-preview:large","max-video-preview":"max-video-preview:-1"},"canonical":"https:\/\/abaa.mx\/tienda\/campana-de-captura-del-balometro-loflo-tsi-alnor-6200d-2-x-2-610-mm-x-610-mm\/","og_locale":"es_MX","og_type":"article","og_title":"Campana de captura del bal\u00f3metro loflo tsi alnor 6200d, 2' x 2' (610 mm x 610 mm) - Abaa tienda online","og_description":"Campana de captura del bal\u00f3metro LoFlo TSI\/Alnor 6200D, 2 x 2 La campana de captura del bal\u00f3metro LoFlo modelo 6200D de Alnor es la forma ideal de medir un flujo volum\u00e9trico muy bajo. Mida con confianza y precisi\u00f3n los flujos de suministro o retorno de 10 a 500 cfm (17 a 850 m3\/h). Este instrumento ligero es ideal para uso residencial o comercial ligero. El tama\u00f1o compacto permite que se utilicen donde no caben campanas de tama\u00f1o completo, como sobre los puestos de ba\u00f1o o los archivadores.","og_url":"https:\/\/abaa.mx\/tienda\/campana-de-captura-del-balometro-loflo-tsi-alnor-6200d-2-x-2-610-mm-x-610-mm\/","og_site_name":"Abaa tienda online","og_image":[{"width":270,"height":355,"url":"https:\/\/abaa.mx\/tienda\/wp-content\/uploads\/2023\/09\/6200D.jpg","type":"image\/jpeg"}],"twitter_card":"summary_large_image","twitter_misc":{"Tiempo de lectura":"2 minutos"},"schema":{"@context":"https:\/\/schema.org","@graph":[{"@type":"WebPage","@id":"https:\/\/abaa.mx\/tienda\/campana-de-captura-del-balometro-loflo-tsi-alnor-6200d-2-x-2-610-mm-x-610-mm\/","url":"https:\/\/abaa.mx\/tienda\/campana-de-captura-del-balometro-loflo-tsi-alnor-6200d-2-x-2-610-mm-x-610-mm\/","name":"Campana de captura del bal\u00f3metro loflo tsi alnor 6200d, 2' x 2' (610 mm x 610 mm) - Abaa tienda online","isPartOf":{"@id":"https:\/\/abaa.mx\/tienda\/#website"},"primaryImageOfPage":{"@id":"https:\/\/abaa.mx\/tienda\/campana-de-captura-del-balometro-loflo-tsi-alnor-6200d-2-x-2-610-mm-x-610-mm\/#primaryimage"},"image":{"@id":"https:\/\/abaa.mx\/tienda\/campana-de-captura-del-balometro-loflo-tsi-alnor-6200d-2-x-2-610-mm-x-610-mm\/#primaryimage"},"thumbnailUrl":"https:\/\/abaa.mx\/tienda\/wp-content\/uploads\/2023\/09\/6200D.jpg","datePublished":"2023-09-19T16:24:12+00:00","breadcrumb":{"@id":"https:\/\/abaa.mx\/tienda\/campana-de-captura-del-balometro-loflo-tsi-alnor-6200d-2-x-2-610-mm-x-610-mm\/#breadcrumb"},"inLanguage":"es","potentialAction":[{"@type":"ReadAction","target":["https:\/\/abaa.mx\/tienda\/campana-de-captura-del-balometro-loflo-tsi-alnor-6200d-2-x-2-610-mm-x-610-mm\/"]}]},{"@type":"ImageObject","inLanguage":"es","@id":"https:\/\/abaa.mx\/tienda\/campana-de-captura-del-balometro-loflo-tsi-alnor-6200d-2-x-2-610-mm-x-610-mm\/#primaryimage","url":"https:\/\/abaa.mx\/tienda\/wp-content\/uploads\/2023\/09\/6200D.jpg","contentUrl":"https:\/\/abaa.mx\/tienda\/wp-content\/uploads\/2023\/09\/6200D.jpg","width":270,"height":355,"caption":"campana-de-captura-del-balometro-loflo-tsi-alnor-6200d-2-x-2-610-mm-x-610-mm"},{"@type":"BreadcrumbList","@id":"https:\/\/abaa.mx\/tienda\/campana-de-captura-del-balometro-loflo-tsi-alnor-6200d-2-x-2-610-mm-x-610-mm\/#breadcrumb","itemListElement":[{"@type":"ListItem","position":1,"name":"Inicio","item":"https:\/\/abaa.mx\/tienda\/"},{"@type":"ListItem","position":2,"name":"Tienda","item":"https:\/\/abaa.mx\/tienda\/"},{"@type":"ListItem","position":3,"name":"Campana de captura del bal\u00f3metro loflo tsi alnor 6200d, 2&#8242; x 2&#8242; (610 mm x 610 mm)"}]},{"@type":"WebSite","@id":"https:\/\/abaa.mx\/tienda\/#website","url":"https:\/\/abaa.mx\/tienda\/","name":"Abaa tienda online","description":"Instrumentos de medici\u00f3n","publisher":{"@id":"https:\/\/abaa.mx\/tienda\/#organization"},"potentialAction":[{"@type":"SearchAction","target":{"@type":"EntryPoint","urlTemplate":"https:\/\/abaa.mx\/tienda\/?s={search_term_string}"},"query-input":{"@type":"PropertyValueSpecification","valueRequired":true,"valueName":"search_term_string"}}],"inLanguage":"es"},{"@type":"Organization","@id":"https:\/\/abaa.mx\/tienda\/#organization","name":"Abaa tienda online","url":"https:\/\/abaa.mx\/tienda\/","logo":{"@type":"ImageObject","inLanguage":"es","@id":"https:\/\/abaa.mx\/tienda\/#\/schema\/logo\/image\/","url":"https:\/\/abaa.mx\/tienda\/wp-content\/uploads\/2024\/01\/abaa-metrologia-tienda.png","contentUrl":"https:\/\/abaa.mx\/tienda\/wp-content\/uploads\/2024\/01\/abaa-metrologia-tienda.png","width":300,"height":141,"caption":"Abaa tienda online"},"image":{"@id":"https:\/\/abaa.mx\/tienda\/#\/schema\/logo\/image\/"}}]}},"_links":{"self":[{"href":"https:\/\/abaa.mx\/tienda\/wp-json\/wp\/v2\/product\/2009","targetHints":{"allow":["GET"]}}],"collection":[{"href":"https:\/\/abaa.mx\/tienda\/wp-json\/wp\/v2\/product"}],"about":[{"href":"https:\/\/abaa.mx\/tienda\/wp-json\/wp\/v2\/types\/product"}],"replies":[{"embeddable":true,"href":"https:\/\/abaa.mx\/tienda\/wp-json\/wp\/v2\/comments?post=2009"}],"wp:featuredmedia":[{"embeddable":true,"href":"https:\/\/abaa.mx\/tienda\/wp-json\/wp\/v2\/media\/2011"}],"wp:attachment":[{"href":"https:\/\/abaa.mx\/tienda\/wp-json\/wp\/v2\/media?parent=2009"}],"wp:term":[{"taxonomy":"product_brand","embeddable":true,"href":"https:\/\/abaa.mx\/tienda\/wp-json\/wp\/v2\/product_brand?post=2009"},{"taxonomy":"product_cat","embeddable":true,"href":"https:\/\/abaa.mx\/tienda\/wp-json\/wp\/v2\/product_cat?post=2009"},{"taxonomy":"product_tag","embeddable":true,"href":"https:\/\/abaa.mx\/tienda\/wp-json\/wp\/v2\/product_tag?post=2009"}],"curies":[{"name":"wp","href":"https:\/\/api.w.org\/{rel}","templated":true}]}}