{"id":2007,"date":"2023-09-19T17:26:57","date_gmt":"2023-09-19T17:26:57","guid":{"rendered":"https:\/\/abaa.mx\/tienda\/?post_type=product&#038;p=2007"},"modified":"2023-11-29T15:29:37","modified_gmt":"2023-11-29T15:29:37","slug":"pinza-amperimetrica-fluke-325-cal-true-rms-con-certificado-de-calibracion-400-a-ac-dc","status":"publish","type":"product","link":"https:\/\/abaa.mx\/tienda\/pinza-amperimetrica-fluke-325-cal-true-rms-con-certificado-de-calibracion-400-a-ac-dc\/","title":{"rendered":"pinza amperim\u00e9trica fluke 325 cal true rms con certificado de calibraci\u00f3n, 400 a ac-dc"},"content":{"rendered":"<p>&nbsp;<\/p>\n<p>La pinza amperim\u00e9trica Fluke 325 CAL True RMS con certificado de calibraci\u00f3n puede determinar las propiedades de cada secci\u00f3n del circuito. Cuenta con True RMS para recibir mediciones con precisi\u00f3n independientemente de la resistencia del circuito. El medidor puede funcionar en cualquiera de los sistemas de corrientes para una versatilidad adicional en todo el lugar de trabajo.<\/p>\n<p>&nbsp;<\/p>\n<p><strong>Funciones:<\/strong><\/p>\n<ul>\n<li>El estilo robusto proporciona durabilidad durante largas horas de operaci\u00f3n.<\/li>\n<li>Las mediciones RMS reales pueden leer con precisi\u00f3n valores altos y bajos.<\/li>\n<li>Filtro de paso bajo VFD para mediciones fiables de accionamientos de motor.<\/li>\n<\/ul>\n<p>&nbsp;<\/p>\n<h4><strong>Especificaciones<\/strong>:<\/h4>\n<table class=\"table table-striped\">\n<tbody>\n<tr>\n<td>Rango de corriente<\/td>\n<td>0 a 400 A CA\/CC<\/td>\n<\/tr>\n<\/tbody>\n<\/table>\n","protected":false},"excerpt":{"rendered":"<p>La pinza amperim\u00e9trica Fluke 325 CAL True RMS con certificado de calibraci\u00f3n puede determinar las propiedades de cada secci\u00f3n del circuito. Cuenta con True RMS para recibir mediciones con precisi\u00f3n independientemente de la resistencia del circuito. El medidor puede funcionar en cualquiera de los sistemas de corrientes para una versatilidad adicional en todo el lugar de trabajo.<\/p>\n","protected":false},"featured_media":2025,"comment_status":"open","ping_status":"closed","template":"","meta":{"_joinchat":[]},"product_brand":[],"product_cat":[15],"product_tag":[],"class_list":{"0":"post-2007","1":"product","2":"type-product","3":"status-publish","4":"has-post-thumbnail","6":"product_cat-sin-categorizar","8":"first","9":"instock","10":"shipping-taxable","11":"product-type-simple"},"yoast_head":"<!-- This site is optimized with the Yoast SEO plugin v26.4 - https:\/\/yoast.com\/wordpress\/plugins\/seo\/ -->\n<title>pinza amperim\u00e9trica fluke 325 cal true rms con certificado de calibraci\u00f3n, 400 a ac-dc - Abaa tienda online<\/title>\n<meta name=\"robots\" content=\"index, follow, max-snippet:-1, max-image-preview:large, max-video-preview:-1\" \/>\n<link rel=\"canonical\" href=\"https:\/\/abaa.mx\/tienda\/pinza-amperimetrica-fluke-325-cal-true-rms-con-certificado-de-calibracion-400-a-ac-dc\/\" \/>\n<meta property=\"og:locale\" content=\"es_MX\" \/>\n<meta property=\"og:type\" content=\"article\" \/>\n<meta property=\"og:title\" content=\"pinza amperim\u00e9trica fluke 325 cal true rms con certificado de calibraci\u00f3n, 400 a ac-dc - Abaa tienda online\" \/>\n<meta property=\"og:description\" content=\"La pinza amperim\u00e9trica Fluke 325 CAL True RMS con certificado de calibraci\u00f3n puede determinar las propiedades de cada secci\u00f3n del circuito. Cuenta con True RMS para recibir mediciones con precisi\u00f3n independientemente de la resistencia del circuito. El medidor puede funcionar en cualquiera de los sistemas de corrientes para una versatilidad adicional en todo el lugar de trabajo.\" \/>\n<meta property=\"og:url\" content=\"https:\/\/abaa.mx\/tienda\/pinza-amperimetrica-fluke-325-cal-true-rms-con-certificado-de-calibracion-400-a-ac-dc\/\" \/>\n<meta property=\"og:site_name\" content=\"Abaa tienda online\" \/>\n<meta property=\"article:modified_time\" content=\"2023-11-29T15:29:37+00:00\" \/>\n<meta property=\"og:image\" content=\"https:\/\/abaa.mx\/tienda\/wp-content\/uploads\/2023\/09\/325-CAL.jpg\" \/>\n\t<meta property=\"og:image:width\" content=\"213\" \/>\n\t<meta property=\"og:image:height\" content=\"213\" \/>\n\t<meta property=\"og:image:type\" content=\"image\/jpeg\" \/>\n<meta name=\"twitter:card\" content=\"summary_large_image\" \/>\n<meta name=\"twitter:label1\" content=\"Tiempo de lectura\" \/>\n\t<meta name=\"twitter:data1\" content=\"1 minuto\" \/>\n<script type=\"application\/ld+json\" class=\"yoast-schema-graph\">{\"@context\":\"https:\/\/schema.org\",\"@graph\":[{\"@type\":\"WebPage\",\"@id\":\"https:\/\/abaa.mx\/tienda\/pinza-amperimetrica-fluke-325-cal-true-rms-con-certificado-de-calibracion-400-a-ac-dc\/\",\"url\":\"https:\/\/abaa.mx\/tienda\/pinza-amperimetrica-fluke-325-cal-true-rms-con-certificado-de-calibracion-400-a-ac-dc\/\",\"name\":\"pinza amperim\u00e9trica fluke 325 cal true rms con certificado de calibraci\u00f3n, 400 a ac-dc - Abaa tienda online\",\"isPartOf\":{\"@id\":\"https:\/\/abaa.mx\/tienda\/#website\"},\"primaryImageOfPage\":{\"@id\":\"https:\/\/abaa.mx\/tienda\/pinza-amperimetrica-fluke-325-cal-true-rms-con-certificado-de-calibracion-400-a-ac-dc\/#primaryimage\"},\"image\":{\"@id\":\"https:\/\/abaa.mx\/tienda\/pinza-amperimetrica-fluke-325-cal-true-rms-con-certificado-de-calibracion-400-a-ac-dc\/#primaryimage\"},\"thumbnailUrl\":\"https:\/\/abaa.mx\/tienda\/wp-content\/uploads\/2023\/09\/325-CAL.jpg\",\"datePublished\":\"2023-09-19T17:26:57+00:00\",\"dateModified\":\"2023-11-29T15:29:37+00:00\",\"breadcrumb\":{\"@id\":\"https:\/\/abaa.mx\/tienda\/pinza-amperimetrica-fluke-325-cal-true-rms-con-certificado-de-calibracion-400-a-ac-dc\/#breadcrumb\"},\"inLanguage\":\"es\",\"potentialAction\":[{\"@type\":\"ReadAction\",\"target\":[\"https:\/\/abaa.mx\/tienda\/pinza-amperimetrica-fluke-325-cal-true-rms-con-certificado-de-calibracion-400-a-ac-dc\/\"]}]},{\"@type\":\"ImageObject\",\"inLanguage\":\"es\",\"@id\":\"https:\/\/abaa.mx\/tienda\/pinza-amperimetrica-fluke-325-cal-true-rms-con-certificado-de-calibracion-400-a-ac-dc\/#primaryimage\",\"url\":\"https:\/\/abaa.mx\/tienda\/wp-content\/uploads\/2023\/09\/325-CAL.jpg\",\"contentUrl\":\"https:\/\/abaa.mx\/tienda\/wp-content\/uploads\/2023\/09\/325-CAL.jpg\",\"width\":213,\"height\":213,\"caption\":\"325 CAL\"},{\"@type\":\"BreadcrumbList\",\"@id\":\"https:\/\/abaa.mx\/tienda\/pinza-amperimetrica-fluke-325-cal-true-rms-con-certificado-de-calibracion-400-a-ac-dc\/#breadcrumb\",\"itemListElement\":[{\"@type\":\"ListItem\",\"position\":1,\"name\":\"Inicio\",\"item\":\"https:\/\/abaa.mx\/tienda\/\"},{\"@type\":\"ListItem\",\"position\":2,\"name\":\"Tienda\",\"item\":\"https:\/\/abaa.mx\/tienda\/\"},{\"@type\":\"ListItem\",\"position\":3,\"name\":\"pinza amperim\u00e9trica fluke 325 cal true rms con certificado de calibraci\u00f3n, 400 a ac-dc\"}]},{\"@type\":\"WebSite\",\"@id\":\"https:\/\/abaa.mx\/tienda\/#website\",\"url\":\"https:\/\/abaa.mx\/tienda\/\",\"name\":\"Abaa tienda online\",\"description\":\"Instrumentos de medici\u00f3n\",\"publisher\":{\"@id\":\"https:\/\/abaa.mx\/tienda\/#organization\"},\"potentialAction\":[{\"@type\":\"SearchAction\",\"target\":{\"@type\":\"EntryPoint\",\"urlTemplate\":\"https:\/\/abaa.mx\/tienda\/?s={search_term_string}\"},\"query-input\":{\"@type\":\"PropertyValueSpecification\",\"valueRequired\":true,\"valueName\":\"search_term_string\"}}],\"inLanguage\":\"es\"},{\"@type\":\"Organization\",\"@id\":\"https:\/\/abaa.mx\/tienda\/#organization\",\"name\":\"Abaa tienda online\",\"url\":\"https:\/\/abaa.mx\/tienda\/\",\"logo\":{\"@type\":\"ImageObject\",\"inLanguage\":\"es\",\"@id\":\"https:\/\/abaa.mx\/tienda\/#\/schema\/logo\/image\/\",\"url\":\"https:\/\/abaa.mx\/tienda\/wp-content\/uploads\/2024\/01\/abaa-metrologia-tienda.png\",\"contentUrl\":\"https:\/\/abaa.mx\/tienda\/wp-content\/uploads\/2024\/01\/abaa-metrologia-tienda.png\",\"width\":300,\"height\":141,\"caption\":\"Abaa tienda online\"},\"image\":{\"@id\":\"https:\/\/abaa.mx\/tienda\/#\/schema\/logo\/image\/\"}}]}<\/script>\n<!-- \/ Yoast SEO plugin. -->","yoast_head_json":{"title":"pinza amperim\u00e9trica fluke 325 cal true rms con certificado de calibraci\u00f3n, 400 a ac-dc - Abaa tienda online","robots":{"index":"index","follow":"follow","max-snippet":"max-snippet:-1","max-image-preview":"max-image-preview:large","max-video-preview":"max-video-preview:-1"},"canonical":"https:\/\/abaa.mx\/tienda\/pinza-amperimetrica-fluke-325-cal-true-rms-con-certificado-de-calibracion-400-a-ac-dc\/","og_locale":"es_MX","og_type":"article","og_title":"pinza amperim\u00e9trica fluke 325 cal true rms con certificado de calibraci\u00f3n, 400 a ac-dc - Abaa tienda online","og_description":"La pinza amperim\u00e9trica Fluke 325 CAL True RMS con certificado de calibraci\u00f3n puede determinar las propiedades de cada secci\u00f3n del circuito. Cuenta con True RMS para recibir mediciones con precisi\u00f3n independientemente de la resistencia del circuito. El medidor puede funcionar en cualquiera de los sistemas de corrientes para una versatilidad adicional en todo el lugar de trabajo.","og_url":"https:\/\/abaa.mx\/tienda\/pinza-amperimetrica-fluke-325-cal-true-rms-con-certificado-de-calibracion-400-a-ac-dc\/","og_site_name":"Abaa tienda online","article_modified_time":"2023-11-29T15:29:37+00:00","og_image":[{"width":213,"height":213,"url":"https:\/\/abaa.mx\/tienda\/wp-content\/uploads\/2023\/09\/325-CAL.jpg","type":"image\/jpeg"}],"twitter_card":"summary_large_image","twitter_misc":{"Tiempo de lectura":"1 minuto"},"schema":{"@context":"https:\/\/schema.org","@graph":[{"@type":"WebPage","@id":"https:\/\/abaa.mx\/tienda\/pinza-amperimetrica-fluke-325-cal-true-rms-con-certificado-de-calibracion-400-a-ac-dc\/","url":"https:\/\/abaa.mx\/tienda\/pinza-amperimetrica-fluke-325-cal-true-rms-con-certificado-de-calibracion-400-a-ac-dc\/","name":"pinza amperim\u00e9trica fluke 325 cal true rms con certificado de calibraci\u00f3n, 400 a ac-dc - Abaa tienda online","isPartOf":{"@id":"https:\/\/abaa.mx\/tienda\/#website"},"primaryImageOfPage":{"@id":"https:\/\/abaa.mx\/tienda\/pinza-amperimetrica-fluke-325-cal-true-rms-con-certificado-de-calibracion-400-a-ac-dc\/#primaryimage"},"image":{"@id":"https:\/\/abaa.mx\/tienda\/pinza-amperimetrica-fluke-325-cal-true-rms-con-certificado-de-calibracion-400-a-ac-dc\/#primaryimage"},"thumbnailUrl":"https:\/\/abaa.mx\/tienda\/wp-content\/uploads\/2023\/09\/325-CAL.jpg","datePublished":"2023-09-19T17:26:57+00:00","dateModified":"2023-11-29T15:29:37+00:00","breadcrumb":{"@id":"https:\/\/abaa.mx\/tienda\/pinza-amperimetrica-fluke-325-cal-true-rms-con-certificado-de-calibracion-400-a-ac-dc\/#breadcrumb"},"inLanguage":"es","potentialAction":[{"@type":"ReadAction","target":["https:\/\/abaa.mx\/tienda\/pinza-amperimetrica-fluke-325-cal-true-rms-con-certificado-de-calibracion-400-a-ac-dc\/"]}]},{"@type":"ImageObject","inLanguage":"es","@id":"https:\/\/abaa.mx\/tienda\/pinza-amperimetrica-fluke-325-cal-true-rms-con-certificado-de-calibracion-400-a-ac-dc\/#primaryimage","url":"https:\/\/abaa.mx\/tienda\/wp-content\/uploads\/2023\/09\/325-CAL.jpg","contentUrl":"https:\/\/abaa.mx\/tienda\/wp-content\/uploads\/2023\/09\/325-CAL.jpg","width":213,"height":213,"caption":"325 CAL"},{"@type":"BreadcrumbList","@id":"https:\/\/abaa.mx\/tienda\/pinza-amperimetrica-fluke-325-cal-true-rms-con-certificado-de-calibracion-400-a-ac-dc\/#breadcrumb","itemListElement":[{"@type":"ListItem","position":1,"name":"Inicio","item":"https:\/\/abaa.mx\/tienda\/"},{"@type":"ListItem","position":2,"name":"Tienda","item":"https:\/\/abaa.mx\/tienda\/"},{"@type":"ListItem","position":3,"name":"pinza amperim\u00e9trica fluke 325 cal true rms con certificado de calibraci\u00f3n, 400 a ac-dc"}]},{"@type":"WebSite","@id":"https:\/\/abaa.mx\/tienda\/#website","url":"https:\/\/abaa.mx\/tienda\/","name":"Abaa tienda online","description":"Instrumentos de medici\u00f3n","publisher":{"@id":"https:\/\/abaa.mx\/tienda\/#organization"},"potentialAction":[{"@type":"SearchAction","target":{"@type":"EntryPoint","urlTemplate":"https:\/\/abaa.mx\/tienda\/?s={search_term_string}"},"query-input":{"@type":"PropertyValueSpecification","valueRequired":true,"valueName":"search_term_string"}}],"inLanguage":"es"},{"@type":"Organization","@id":"https:\/\/abaa.mx\/tienda\/#organization","name":"Abaa tienda online","url":"https:\/\/abaa.mx\/tienda\/","logo":{"@type":"ImageObject","inLanguage":"es","@id":"https:\/\/abaa.mx\/tienda\/#\/schema\/logo\/image\/","url":"https:\/\/abaa.mx\/tienda\/wp-content\/uploads\/2024\/01\/abaa-metrologia-tienda.png","contentUrl":"https:\/\/abaa.mx\/tienda\/wp-content\/uploads\/2024\/01\/abaa-metrologia-tienda.png","width":300,"height":141,"caption":"Abaa tienda online"},"image":{"@id":"https:\/\/abaa.mx\/tienda\/#\/schema\/logo\/image\/"}}]}},"_links":{"self":[{"href":"https:\/\/abaa.mx\/tienda\/wp-json\/wp\/v2\/product\/2007","targetHints":{"allow":["GET"]}}],"collection":[{"href":"https:\/\/abaa.mx\/tienda\/wp-json\/wp\/v2\/product"}],"about":[{"href":"https:\/\/abaa.mx\/tienda\/wp-json\/wp\/v2\/types\/product"}],"replies":[{"embeddable":true,"href":"https:\/\/abaa.mx\/tienda\/wp-json\/wp\/v2\/comments?post=2007"}],"wp:featuredmedia":[{"embeddable":true,"href":"https:\/\/abaa.mx\/tienda\/wp-json\/wp\/v2\/media\/2025"}],"wp:attachment":[{"href":"https:\/\/abaa.mx\/tienda\/wp-json\/wp\/v2\/media?parent=2007"}],"wp:term":[{"taxonomy":"product_brand","embeddable":true,"href":"https:\/\/abaa.mx\/tienda\/wp-json\/wp\/v2\/product_brand?post=2007"},{"taxonomy":"product_cat","embeddable":true,"href":"https:\/\/abaa.mx\/tienda\/wp-json\/wp\/v2\/product_cat?post=2007"},{"taxonomy":"product_tag","embeddable":true,"href":"https:\/\/abaa.mx\/tienda\/wp-json\/wp\/v2\/product_tag?post=2007"}],"curies":[{"name":"wp","href":"https:\/\/api.w.org\/{rel}","templated":true}]}}