{"id":2002,"date":"2023-09-19T16:08:21","date_gmt":"2023-09-19T16:08:21","guid":{"rendered":"https:\/\/abaa.mx\/tienda\/?post_type=product&#038;p=2002"},"modified":"2023-09-19T16:08:22","modified_gmt":"2023-09-19T16:08:22","slug":"testo-477-estroboscopio-con-led","status":"publish","type":"product","link":"https:\/\/abaa.mx\/tienda\/testo-477-estroboscopio-con-led\/","title":{"rendered":"testo 477 &#8211; estroboscopio con led"},"content":{"rendered":"<div class=\"c2a-tabSection m-tabs\">\n<div id=\"tab-main\" class=\"large-12 column\">\n<div class=\"row\">\n<div class=\"large-6 medium-12 column m-pdp-txt\">\n<section class=\"m-pdp-txt-position\">\n<article class=\"child-1\">\n<div class=\"m-list\">\n<ul class=\"list-elements\">\n<li>Rango de medici\u00f3n extremadamente alto: hasta 300\u202f000 destellos por minuto (fpm)<\/li>\n<li>Intensidad de la luz muy alta: hasta 4800 lux<\/li>\n<li>Autonom\u00eda prolongada: duraci\u00f3n de la bater\u00eda hasta 5 horas<\/li>\n<li>Entrada y salida de control para la conexi\u00f3n a instalaciones externas y disparador externo<\/li>\n<\/ul>\n<\/div>\n<p class=\"text\">Inspecci\u00f3n y control de calidad en m\u00e1quinas e instalaciones, medici\u00f3n de rotaciones en objetos de dif\u00edcil acceso, peque\u00f1os y de r\u00e1pido movimiento, sin interrumpir su funcionamiento: el estroboscopio con luz LED testo 477 lo hace posible.<\/p>\n<\/article>\n<\/section>\n<\/div>\n<\/div>\n<\/div>\n<\/div>\n<div class=\"medium-6 column m-pdp-txt\">\n<div class=\"yCmsContentSlot\"><\/div>\n<\/div>\n<section id=\"varianWizardSection\" class=\"medium-12 column\"><\/section>\n<div class=\"c2a-tabSection m-tabs\">\n<div id=\"tab-details\" class=\"large-12 column m-tab-pdp\">\n<h2>Detalles<\/h2>\n<div class=\"medium-8\">\n<h3>Descripci\u00f3n del producto<\/h3>\n<article class=\"child-1 paragraph\">\u00a0El estroboscopio con LED testo 477 permite ver movimientos extremadamente r\u00e1pidos como en c\u00e1mara lenta. De esta forma puede controlar m\u00e1quinas e instalaciones y medir la velocidad hasta 300\u202f000 destellos por minuto.<\/p>\n<p>A simple vista es imposible detectar la gu\u00eda correcta del hilo de una m\u00e1quina de tejer, por lo que no queda claro si existen imprecisiones en los procesos de vibraci\u00f3n o rotaci\u00f3n de las m\u00e1quinas e instalaciones. Sin embargo, con el estroboscopio con LED podr\u00e1 detectarlas con precisi\u00f3n, pues mediante los destellos estrobosc\u00f3picos toma forma una \u00abimagen fija\u00bb.<\/p>\n<p>El estroboscopio con LED testo 477 detecta tambi\u00e9n la rotaci\u00f3n de objetos muy peque\u00f1os y dif\u00edciles de acceder sin interrumpir el proceso de producci\u00f3n, pues no son necesarias las marcas reflectantes.<\/p>\n<p>&nbsp;<\/p>\n<h3>Funciones t\u00e9cnicas del estroboscopio con LED<\/h3>\n<p>Un rango de medici\u00f3n especialmente elevado de hasta 300\u202f000 destellos por minuto (fpm) y una intensidad de la luz muy alta de hasta 1\u202f500 lux permite la medici\u00f3n de la rotaci\u00f3n de hasta 300\u202f000 rotaciones por minuto. Est\u00e1 equipado con un disparador que permite conectarlo a la instalaci\u00f3n del cliente o a controladores externos.<\/p>\n<p>Gracias a la protecci\u00f3n integrada contra golpes y al dise\u00f1o robusto de la carcasa de acuerdo con la clase de protecci\u00f3n IP65 (resistente a salpicaduras), el estroboscopio con LED est\u00e1 equipado de forma inmejorable para las mediciones diarias. Gracias a su bater\u00eda de larga duraci\u00f3n podr\u00e1 efectuar mediciones prolongadas de hasta 5 horas.<\/p>\n<\/article>\n<h3>Volumen de suministro<\/h3>\n<article class=\"child-2 paragraph\">Estroboscopio con LED testo 477 con maleta de transporte, enchufe para disparador, protocolo de calibraci\u00f3n y pilas.<\/p>\n<\/article>\n<\/div>\n<div class=\"medium-4\">\n<div class=\"m-cert large-12 column\"><\/div>\n<\/div>\n<\/div>\n<\/div>\n<div class=\"c2a-tabSection m-tabs\">\n<div id=\"tab-technicalData\" class=\"large-12 column m-data-tab\">\n<h2>Datos t\u00e9cnicos<\/h2>\n<table>\n<colgroup>\n<col class=\"colWidth25\" \/>\n<col \/><\/colgroup>\n<thead>\n<tr>\n<th colspan=\"2\">Datos t\u00e9cnicos generales<\/th>\n<\/tr>\n<\/thead>\n<tbody>\n<tr>\n<td class=\"table-bold\">Clase de protecci\u00f3n<\/td>\n<td>IP65<\/td>\n<\/tr>\n<tr>\n<td class=\"table-bold\">Duraci\u00f3n del destello<\/td>\n<td>Ajustable<\/td>\n<\/tr>\n<tr>\n<td class=\"table-bold\">Intensidad del destello<\/td>\n<td>4800 Lux a 6000 FPM \/ 30 cm<\/td>\n<\/tr>\n<tr>\n<td class=\"table-bold\">Color del destello<\/td>\n<td>Aprox. 6500 K<\/td>\n<\/tr>\n<tr>\n<td class=\"table-bold\">Autonom\u00eda<\/td>\n<td>Bater\u00eda recargable NiMH: aprox. 11 h a 6000 fpm; Pilas: aprox. 5 h a 6000 fpm<\/td>\n<\/tr>\n<tr>\n<td class=\"table-bold\">Tipo de pantalla<\/td>\n<td>LCD (Liquid Crystal Display)<\/td>\n<\/tr>\n<tr>\n<td class=\"table-bold\">Medidas de la pantalla<\/td>\n<td>multil\u00ednea<\/td>\n<\/tr>\n<tr>\n<td class=\"table-bold\">Protecci\u00f3n contra polaridad invertida<\/td>\n<td>si<\/td>\n<\/tr>\n<tr>\n<td class=\"table-bold\">Nivel inferior<\/td>\n<td>&lt; 1 V<\/td>\n<\/tr>\n<tr>\n<td class=\"table-bold\">Corriente m\u00e1xima<\/td>\n<td>50 mA<\/td>\n<\/tr>\n<\/tbody>\n<\/table>\n<table>\n<colgroup>\n<col class=\"colWidth25\" \/>\n<col \/><\/colgroup>\n<thead>\n<tr>\n<th colspan=\"2\">N\u00famero de revoluciones (LED)<\/th>\n<\/tr>\n<\/thead>\n<tbody>\n<tr>\n<td class=\"table-bold\">Rango<\/td>\n<td>30 hasta 300000 fpm<\/td>\n<\/tr>\n<tr>\n<td class=\"table-bold\">Exactitud<\/td>\n<td>0,02 % del v.m.<\/td>\n<\/tr>\n<tr>\n<td class=\"table-bold\">Resoluci\u00f3n<\/td>\n<td>\u00b10,1 (30 hasta 999 fpm)<\/p>\n<p>\u00b11 (1000 hasta 300000 fpm)<\/td>\n<\/tr>\n<\/tbody>\n<\/table>\n<\/div>\n<\/div>\n","protected":false},"excerpt":{"rendered":"<p>El estroboscopio con LED testo 477 permite ver movimientos extremadamente r\u00e1pidos como en c\u00e1mara lenta. De esta forma puede controlar m\u00e1quinas e instalaciones y medir la velocidad hasta 300\u202f000 destellos por minuto.<\/p>\n<p>A simple vista es imposible detectar la gu\u00eda correcta del hilo de una m\u00e1quina de tejer, por lo que no queda claro si existen imprecisiones en los procesos de vibraci\u00f3n o rotaci\u00f3n de las m\u00e1quinas e instalaciones. Sin embargo, con el estroboscopio con LED podr\u00e1 detectarlas con precisi\u00f3n, pues mediante los destellos estrobosc\u00f3picos toma forma una \u00abimagen fija\u00bb.<\/p>\n<p>El estroboscopio con LED testo 477 detecta tambi\u00e9n la rotaci\u00f3n de objetos muy peque\u00f1os y dif\u00edciles de acceder sin interrumpir el proceso de producci\u00f3n, pues no son necesarias las marcas reflectantes.<\/p>\n","protected":false},"featured_media":2006,"comment_status":"open","ping_status":"closed","template":"","meta":{"_joinchat":[]},"product_brand":[],"product_cat":[15],"product_tag":[],"class_list":{"0":"post-2002","1":"product","2":"type-product","3":"status-publish","4":"has-post-thumbnail","6":"product_cat-sin-categorizar","8":"first","9":"instock","10":"shipping-taxable","11":"product-type-simple"},"yoast_head":"<!-- This site is optimized with the Yoast SEO plugin v26.4 - https:\/\/yoast.com\/wordpress\/plugins\/seo\/ -->\n<title>testo 477 - estroboscopio con led - Abaa tienda online<\/title>\n<meta name=\"robots\" content=\"index, follow, max-snippet:-1, max-image-preview:large, max-video-preview:-1\" \/>\n<link rel=\"canonical\" href=\"https:\/\/abaa.mx\/tienda\/testo-477-estroboscopio-con-led\/\" \/>\n<meta property=\"og:locale\" content=\"es_MX\" \/>\n<meta property=\"og:type\" content=\"article\" \/>\n<meta property=\"og:title\" content=\"testo 477 - estroboscopio con led - Abaa tienda online\" \/>\n<meta property=\"og:description\" content=\"El estroboscopio con LED testo 477 permite ver movimientos extremadamente r\u00e1pidos como en c\u00e1mara lenta. De esta forma puede controlar m\u00e1quinas e instalaciones y medir la velocidad hasta 300\u202f000 destellos por minuto.  A simple vista es imposible detectar la gu\u00eda correcta del hilo de una m\u00e1quina de tejer, por lo que no queda claro si existen imprecisiones en los procesos de vibraci\u00f3n o rotaci\u00f3n de las m\u00e1quinas e instalaciones. Sin embargo, con el estroboscopio con LED podr\u00e1 detectarlas con precisi\u00f3n, pues mediante los destellos estrobosc\u00f3picos toma forma una \u00abimagen fija\u00bb.  El estroboscopio con LED testo 477 detecta tambi\u00e9n la rotaci\u00f3n de objetos muy peque\u00f1os y dif\u00edciles de acceder sin interrumpir el proceso de producci\u00f3n, pues no son necesarias las marcas reflectantes.\" \/>\n<meta property=\"og:url\" content=\"https:\/\/abaa.mx\/tienda\/testo-477-estroboscopio-con-led\/\" \/>\n<meta property=\"og:site_name\" content=\"Abaa tienda online\" \/>\n<meta property=\"article:modified_time\" content=\"2023-09-19T16:08:22+00:00\" \/>\n<meta property=\"og:image\" content=\"https:\/\/abaa.mx\/tienda\/wp-content\/uploads\/2023\/09\/testo-477.jpg\" \/>\n\t<meta property=\"og:image:width\" content=\"292\" \/>\n\t<meta property=\"og:image:height\" content=\"659\" \/>\n\t<meta property=\"og:image:type\" content=\"image\/jpeg\" \/>\n<meta name=\"twitter:card\" content=\"summary_large_image\" \/>\n<meta name=\"twitter:label1\" content=\"Tiempo de lectura\" \/>\n\t<meta name=\"twitter:data1\" content=\"3 minutos\" \/>\n<script type=\"application\/ld+json\" class=\"yoast-schema-graph\">{\"@context\":\"https:\/\/schema.org\",\"@graph\":[{\"@type\":\"WebPage\",\"@id\":\"https:\/\/abaa.mx\/tienda\/testo-477-estroboscopio-con-led\/\",\"url\":\"https:\/\/abaa.mx\/tienda\/testo-477-estroboscopio-con-led\/\",\"name\":\"testo 477 - estroboscopio con led - Abaa tienda online\",\"isPartOf\":{\"@id\":\"https:\/\/abaa.mx\/tienda\/#website\"},\"primaryImageOfPage\":{\"@id\":\"https:\/\/abaa.mx\/tienda\/testo-477-estroboscopio-con-led\/#primaryimage\"},\"image\":{\"@id\":\"https:\/\/abaa.mx\/tienda\/testo-477-estroboscopio-con-led\/#primaryimage\"},\"thumbnailUrl\":\"https:\/\/abaa.mx\/tienda\/wp-content\/uploads\/2023\/09\/testo-477.jpg\",\"datePublished\":\"2023-09-19T16:08:21+00:00\",\"dateModified\":\"2023-09-19T16:08:22+00:00\",\"breadcrumb\":{\"@id\":\"https:\/\/abaa.mx\/tienda\/testo-477-estroboscopio-con-led\/#breadcrumb\"},\"inLanguage\":\"es\",\"potentialAction\":[{\"@type\":\"ReadAction\",\"target\":[\"https:\/\/abaa.mx\/tienda\/testo-477-estroboscopio-con-led\/\"]}]},{\"@type\":\"ImageObject\",\"inLanguage\":\"es\",\"@id\":\"https:\/\/abaa.mx\/tienda\/testo-477-estroboscopio-con-led\/#primaryimage\",\"url\":\"https:\/\/abaa.mx\/tienda\/wp-content\/uploads\/2023\/09\/testo-477.jpg\",\"contentUrl\":\"https:\/\/abaa.mx\/tienda\/wp-content\/uploads\/2023\/09\/testo-477.jpg\",\"width\":292,\"height\":659,\"caption\":\"testo 477\"},{\"@type\":\"BreadcrumbList\",\"@id\":\"https:\/\/abaa.mx\/tienda\/testo-477-estroboscopio-con-led\/#breadcrumb\",\"itemListElement\":[{\"@type\":\"ListItem\",\"position\":1,\"name\":\"Inicio\",\"item\":\"https:\/\/abaa.mx\/tienda\/\"},{\"@type\":\"ListItem\",\"position\":2,\"name\":\"Tienda\",\"item\":\"https:\/\/abaa.mx\/tienda\/\"},{\"@type\":\"ListItem\",\"position\":3,\"name\":\"testo 477 &#8211; estroboscopio con led\"}]},{\"@type\":\"WebSite\",\"@id\":\"https:\/\/abaa.mx\/tienda\/#website\",\"url\":\"https:\/\/abaa.mx\/tienda\/\",\"name\":\"Abaa tienda online\",\"description\":\"Instrumentos de medici\u00f3n\",\"publisher\":{\"@id\":\"https:\/\/abaa.mx\/tienda\/#organization\"},\"potentialAction\":[{\"@type\":\"SearchAction\",\"target\":{\"@type\":\"EntryPoint\",\"urlTemplate\":\"https:\/\/abaa.mx\/tienda\/?s={search_term_string}\"},\"query-input\":{\"@type\":\"PropertyValueSpecification\",\"valueRequired\":true,\"valueName\":\"search_term_string\"}}],\"inLanguage\":\"es\"},{\"@type\":\"Organization\",\"@id\":\"https:\/\/abaa.mx\/tienda\/#organization\",\"name\":\"Abaa tienda online\",\"url\":\"https:\/\/abaa.mx\/tienda\/\",\"logo\":{\"@type\":\"ImageObject\",\"inLanguage\":\"es\",\"@id\":\"https:\/\/abaa.mx\/tienda\/#\/schema\/logo\/image\/\",\"url\":\"https:\/\/abaa.mx\/tienda\/wp-content\/uploads\/2024\/01\/abaa-metrologia-tienda.png\",\"contentUrl\":\"https:\/\/abaa.mx\/tienda\/wp-content\/uploads\/2024\/01\/abaa-metrologia-tienda.png\",\"width\":300,\"height\":141,\"caption\":\"Abaa tienda online\"},\"image\":{\"@id\":\"https:\/\/abaa.mx\/tienda\/#\/schema\/logo\/image\/\"}}]}<\/script>\n<!-- \/ Yoast SEO plugin. -->","yoast_head_json":{"title":"testo 477 - estroboscopio con led - Abaa tienda online","robots":{"index":"index","follow":"follow","max-snippet":"max-snippet:-1","max-image-preview":"max-image-preview:large","max-video-preview":"max-video-preview:-1"},"canonical":"https:\/\/abaa.mx\/tienda\/testo-477-estroboscopio-con-led\/","og_locale":"es_MX","og_type":"article","og_title":"testo 477 - estroboscopio con led - Abaa tienda online","og_description":"El estroboscopio con LED testo 477 permite ver movimientos extremadamente r\u00e1pidos como en c\u00e1mara lenta. De esta forma puede controlar m\u00e1quinas e instalaciones y medir la velocidad hasta 300\u202f000 destellos por minuto.  A simple vista es imposible detectar la gu\u00eda correcta del hilo de una m\u00e1quina de tejer, por lo que no queda claro si existen imprecisiones en los procesos de vibraci\u00f3n o rotaci\u00f3n de las m\u00e1quinas e instalaciones. Sin embargo, con el estroboscopio con LED podr\u00e1 detectarlas con precisi\u00f3n, pues mediante los destellos estrobosc\u00f3picos toma forma una \u00abimagen fija\u00bb.  El estroboscopio con LED testo 477 detecta tambi\u00e9n la rotaci\u00f3n de objetos muy peque\u00f1os y dif\u00edciles de acceder sin interrumpir el proceso de producci\u00f3n, pues no son necesarias las marcas reflectantes.","og_url":"https:\/\/abaa.mx\/tienda\/testo-477-estroboscopio-con-led\/","og_site_name":"Abaa tienda online","article_modified_time":"2023-09-19T16:08:22+00:00","og_image":[{"width":292,"height":659,"url":"https:\/\/abaa.mx\/tienda\/wp-content\/uploads\/2023\/09\/testo-477.jpg","type":"image\/jpeg"}],"twitter_card":"summary_large_image","twitter_misc":{"Tiempo de lectura":"3 minutos"},"schema":{"@context":"https:\/\/schema.org","@graph":[{"@type":"WebPage","@id":"https:\/\/abaa.mx\/tienda\/testo-477-estroboscopio-con-led\/","url":"https:\/\/abaa.mx\/tienda\/testo-477-estroboscopio-con-led\/","name":"testo 477 - estroboscopio con led - Abaa tienda online","isPartOf":{"@id":"https:\/\/abaa.mx\/tienda\/#website"},"primaryImageOfPage":{"@id":"https:\/\/abaa.mx\/tienda\/testo-477-estroboscopio-con-led\/#primaryimage"},"image":{"@id":"https:\/\/abaa.mx\/tienda\/testo-477-estroboscopio-con-led\/#primaryimage"},"thumbnailUrl":"https:\/\/abaa.mx\/tienda\/wp-content\/uploads\/2023\/09\/testo-477.jpg","datePublished":"2023-09-19T16:08:21+00:00","dateModified":"2023-09-19T16:08:22+00:00","breadcrumb":{"@id":"https:\/\/abaa.mx\/tienda\/testo-477-estroboscopio-con-led\/#breadcrumb"},"inLanguage":"es","potentialAction":[{"@type":"ReadAction","target":["https:\/\/abaa.mx\/tienda\/testo-477-estroboscopio-con-led\/"]}]},{"@type":"ImageObject","inLanguage":"es","@id":"https:\/\/abaa.mx\/tienda\/testo-477-estroboscopio-con-led\/#primaryimage","url":"https:\/\/abaa.mx\/tienda\/wp-content\/uploads\/2023\/09\/testo-477.jpg","contentUrl":"https:\/\/abaa.mx\/tienda\/wp-content\/uploads\/2023\/09\/testo-477.jpg","width":292,"height":659,"caption":"testo 477"},{"@type":"BreadcrumbList","@id":"https:\/\/abaa.mx\/tienda\/testo-477-estroboscopio-con-led\/#breadcrumb","itemListElement":[{"@type":"ListItem","position":1,"name":"Inicio","item":"https:\/\/abaa.mx\/tienda\/"},{"@type":"ListItem","position":2,"name":"Tienda","item":"https:\/\/abaa.mx\/tienda\/"},{"@type":"ListItem","position":3,"name":"testo 477 &#8211; estroboscopio con led"}]},{"@type":"WebSite","@id":"https:\/\/abaa.mx\/tienda\/#website","url":"https:\/\/abaa.mx\/tienda\/","name":"Abaa tienda online","description":"Instrumentos de medici\u00f3n","publisher":{"@id":"https:\/\/abaa.mx\/tienda\/#organization"},"potentialAction":[{"@type":"SearchAction","target":{"@type":"EntryPoint","urlTemplate":"https:\/\/abaa.mx\/tienda\/?s={search_term_string}"},"query-input":{"@type":"PropertyValueSpecification","valueRequired":true,"valueName":"search_term_string"}}],"inLanguage":"es"},{"@type":"Organization","@id":"https:\/\/abaa.mx\/tienda\/#organization","name":"Abaa tienda online","url":"https:\/\/abaa.mx\/tienda\/","logo":{"@type":"ImageObject","inLanguage":"es","@id":"https:\/\/abaa.mx\/tienda\/#\/schema\/logo\/image\/","url":"https:\/\/abaa.mx\/tienda\/wp-content\/uploads\/2024\/01\/abaa-metrologia-tienda.png","contentUrl":"https:\/\/abaa.mx\/tienda\/wp-content\/uploads\/2024\/01\/abaa-metrologia-tienda.png","width":300,"height":141,"caption":"Abaa tienda online"},"image":{"@id":"https:\/\/abaa.mx\/tienda\/#\/schema\/logo\/image\/"}}]}},"_links":{"self":[{"href":"https:\/\/abaa.mx\/tienda\/wp-json\/wp\/v2\/product\/2002","targetHints":{"allow":["GET"]}}],"collection":[{"href":"https:\/\/abaa.mx\/tienda\/wp-json\/wp\/v2\/product"}],"about":[{"href":"https:\/\/abaa.mx\/tienda\/wp-json\/wp\/v2\/types\/product"}],"replies":[{"embeddable":true,"href":"https:\/\/abaa.mx\/tienda\/wp-json\/wp\/v2\/comments?post=2002"}],"wp:featuredmedia":[{"embeddable":true,"href":"https:\/\/abaa.mx\/tienda\/wp-json\/wp\/v2\/media\/2006"}],"wp:attachment":[{"href":"https:\/\/abaa.mx\/tienda\/wp-json\/wp\/v2\/media?parent=2002"}],"wp:term":[{"taxonomy":"product_brand","embeddable":true,"href":"https:\/\/abaa.mx\/tienda\/wp-json\/wp\/v2\/product_brand?post=2002"},{"taxonomy":"product_cat","embeddable":true,"href":"https:\/\/abaa.mx\/tienda\/wp-json\/wp\/v2\/product_cat?post=2002"},{"taxonomy":"product_tag","embeddable":true,"href":"https:\/\/abaa.mx\/tienda\/wp-json\/wp\/v2\/product_tag?post=2002"}],"curies":[{"name":"wp","href":"https:\/\/api.w.org\/{rel}","templated":true}]}}