{"id":1999,"date":"2023-09-19T16:04:32","date_gmt":"2023-09-19T16:04:32","guid":{"rendered":"https:\/\/abaa.mx\/tienda\/?post_type=product&#038;p=1999"},"modified":"2023-09-19T16:04:33","modified_gmt":"2023-09-19T16:04:33","slug":"testo-465-tacometro","status":"publish","type":"product","link":"https:\/\/abaa.mx\/tienda\/testo-465-tacometro\/","title":{"rendered":"testo 465 &#8211; Tac\u00f3metro"},"content":{"rendered":"<div class=\"c2a-tabSection m-tabs\">\n<div id=\"tab-main\" class=\"large-12 column\">\n<div class=\"row\">\n<div class=\"large-6 medium-12 column m-pdp-txt\">\n<section class=\"m-pdp-txt-position\">\n<article class=\"child-1\">\n<div class=\"m-list\">\n<ul class=\"list-elements\">\n<li>Manejo facil\u00edsimo con una sola mano<\/li>\n<li>Almacenamiento de valores promedio, m\u00e1ximos, m\u00ednimos y del \u00faltimo valor medido<\/li>\n<li>Tac\u00f3metro robusto, especialmente gracias a la funda protectora suministrada (SoftCase)<\/li>\n<li>Incluye cintas reflectantes<\/li>\n<\/ul>\n<\/div>\n<p class=\"text\">Utilice el tac\u00f3metro testo 465 para la medici\u00f3n de rpm f\u00e1cil y r\u00e1pida en piezas giratorias, tales como ventiladores o ejes.\n<\/p>\n<\/article>\n<\/section>\n<\/div>\n<\/div>\n<\/div>\n<\/div>\n<div class=\"medium-6 column m-pdp-txt\">\n<div class=\"yCmsContentSlot\"><\/div>\n<\/div>\n<div class=\"c2a-tabSection m-tabs\">\n<div id=\"tab-details\" class=\"large-12 column m-tab-pdp\">\n<h2>Detalles<\/h2>\n<div class=\"medium-8\">\n<h3>Descripci\u00f3n del producto<\/h3>\n<article class=\"child-1 paragraph\">Con el tac\u00f3metro testo 465 es posible medir las rpm sin contacto, usando una sola mano. El tac\u00f3metro es ideal para mediciones en piezas giratorias, tales como ventiladores o ejes. Para la medici\u00f3n de rpm, simplemente se debe pegar una cinta reflectante al objeto de medici\u00f3n, apuntar con el haz de luz roja a la cinta y medir las rpm. Puede medir en distancias entre el tac\u00f3metro y el objeto de hasta 600 mm.<\/p>\n<p>Especialmente pr\u00e1ctico es la posibilidad de almacenar el valor m\u00ednimo, m\u00e1ximo y promedio, as\u00ed como el \u00faltimo valor medido. La funda protectora suministrada SoftCase le ayuda a proteger el tac\u00f3metro. Adem\u00e1s, el volumen de suministro tambi\u00e9n incluye cintas reflectantes y un malet\u00edn de transporte.<br \/>\n<\/article>\n<h3>Volumen de suministro<\/h3>\n<article class=\"child-2 paragraph\">Tac\u00f3metro testo 465 incl. malet\u00edn de transporte de pl\u00e1stico, funda protectora SoftCase, cintas reflectantes y pilas.<br \/>\n<\/article>\n<\/div>\n<div class=\"medium-4\">\n<div class=\"m-cert large-12 column\"><\/div>\n<\/div>\n<\/div>\n<\/div>\n<div class=\"c2a-tabSection m-tabs\">\n<div id=\"tab-technicalData\" class=\"large-12 column m-data-tab\">\n<h2>Datos t\u00e9cnicos<\/h2>\n<table>\n<colgroup>\n<col class=\"colWidth25\" \/>\n<col \/><\/colgroup>\n<thead>\n<tr>\n<th colspan=\"2\">Datos t\u00e9cnicos generales<\/th>\n<\/tr>\n<\/thead>\n<tbody>\n<tr>\n<td class=\"table-bold\">Tipo de pantalla<\/td>\n<td>LCD (Liquid Crystal Display)<\/td>\n<\/tr>\n<tr>\n<td class=\"table-bold\">Medidas de la pantalla<\/td>\n<td>1 l\u00ednea<\/td>\n<\/tr>\n<\/tbody>\n<\/table>\n<table>\n<colgroup>\n<col class=\"colWidth25\" \/>\n<col \/><\/colgroup>\n<thead>\n<tr>\n<th colspan=\"2\">rpm &#8211; \u00f3ptico<\/th>\n<\/tr>\n<\/thead>\n<tbody>\n<tr>\n<td class=\"table-bold\">Rango<\/td>\n<td>1 hasta 99999 rpm<\/td>\n<\/tr>\n<tr>\n<td class=\"table-bold\">Exactitud<\/td>\n<td>\u00b10,02 % del v.m.<\/td>\n<\/tr>\n<tr>\n<td class=\"table-bold\">Resoluci\u00f3n<\/td>\n<td>0,01 rpm (1 hasta 99,99 rpm)<\/p>\n<p>0,1 rpm (100 hasta 999,9 rpm)<\/p>\n<p>1 rpm (1000 hasta 99999 rpm)<\/td>\n<\/tr>\n<\/tbody>\n<\/table>\n<\/div>\n<\/div>\n","protected":false},"excerpt":{"rendered":"<p>Con el tac\u00f3metro testo 465 es posible medir las rpm sin contacto, usando una sola mano. El tac\u00f3metro es ideal para mediciones en piezas giratorias, tales como ventiladores o ejes. Para la medici\u00f3n de rpm, simplemente se debe pegar una cinta reflectante al objeto de medici\u00f3n, apuntar con el haz de luz roja a la cinta y medir las rpm. Puede medir en distancias entre el tac\u00f3metro y el objeto de hasta 600 mm.<\/p>\n<p>Especialmente pr\u00e1ctico es la posibilidad de almacenar el valor m\u00ednimo, m\u00e1ximo y promedio, as\u00ed como el \u00faltimo valor medido. La funda protectora suministrada SoftCase le ayuda a proteger el tac\u00f3metro. Adem\u00e1s, el volumen de suministro tambi\u00e9n incluye cintas reflectantes y un malet\u00edn de transporte.<\/p>\n","protected":false},"featured_media":2003,"comment_status":"open","ping_status":"closed","template":"","meta":{"_joinchat":[]},"product_brand":[],"product_cat":[15],"product_tag":[],"class_list":{"0":"post-1999","1":"product","2":"type-product","3":"status-publish","4":"has-post-thumbnail","6":"product_cat-sin-categorizar","8":"first","9":"instock","10":"shipping-taxable","11":"product-type-simple"},"yoast_head":"<!-- This site is optimized with the Yoast SEO plugin v26.4 - https:\/\/yoast.com\/wordpress\/plugins\/seo\/ -->\n<title>testo 465 - Tac\u00f3metro - Abaa tienda online<\/title>\n<meta name=\"robots\" content=\"index, follow, max-snippet:-1, max-image-preview:large, max-video-preview:-1\" \/>\n<link rel=\"canonical\" href=\"https:\/\/abaa.mx\/tienda\/testo-465-tacometro\/\" \/>\n<meta property=\"og:locale\" content=\"es_MX\" \/>\n<meta property=\"og:type\" content=\"article\" \/>\n<meta property=\"og:title\" content=\"testo 465 - Tac\u00f3metro - Abaa tienda online\" \/>\n<meta property=\"og:description\" content=\"Con el tac\u00f3metro testo 465 es posible medir las rpm sin contacto, usando una sola mano. El tac\u00f3metro es ideal para mediciones en piezas giratorias, tales como ventiladores o ejes. Para la medici\u00f3n de rpm, simplemente se debe pegar una cinta reflectante al objeto de medici\u00f3n, apuntar con el haz de luz roja a la cinta y medir las rpm. Puede medir en distancias entre el tac\u00f3metro y el objeto de hasta 600 mm.  Especialmente pr\u00e1ctico es la posibilidad de almacenar el valor m\u00ednimo, m\u00e1ximo y promedio, as\u00ed como el \u00faltimo valor medido. La funda protectora suministrada SoftCase le ayuda a proteger el tac\u00f3metro. Adem\u00e1s, el volumen de suministro tambi\u00e9n incluye cintas reflectantes y un malet\u00edn de transporte.\" \/>\n<meta property=\"og:url\" content=\"https:\/\/abaa.mx\/tienda\/testo-465-tacometro\/\" \/>\n<meta property=\"og:site_name\" content=\"Abaa tienda online\" \/>\n<meta property=\"article:modified_time\" content=\"2023-09-19T16:04:33+00:00\" \/>\n<meta property=\"og:image\" content=\"https:\/\/abaa.mx\/tienda\/wp-content\/uploads\/2023\/09\/testo-465.jpg\" \/>\n\t<meta property=\"og:image:width\" content=\"315\" \/>\n\t<meta property=\"og:image:height\" content=\"655\" \/>\n\t<meta property=\"og:image:type\" content=\"image\/jpeg\" \/>\n<meta name=\"twitter:card\" content=\"summary_large_image\" \/>\n<meta name=\"twitter:label1\" content=\"Tiempo de lectura\" \/>\n\t<meta name=\"twitter:data1\" content=\"2 minutos\" \/>\n<script type=\"application\/ld+json\" class=\"yoast-schema-graph\">{\"@context\":\"https:\/\/schema.org\",\"@graph\":[{\"@type\":\"WebPage\",\"@id\":\"https:\/\/abaa.mx\/tienda\/testo-465-tacometro\/\",\"url\":\"https:\/\/abaa.mx\/tienda\/testo-465-tacometro\/\",\"name\":\"testo 465 - Tac\u00f3metro - Abaa tienda online\",\"isPartOf\":{\"@id\":\"https:\/\/abaa.mx\/tienda\/#website\"},\"primaryImageOfPage\":{\"@id\":\"https:\/\/abaa.mx\/tienda\/testo-465-tacometro\/#primaryimage\"},\"image\":{\"@id\":\"https:\/\/abaa.mx\/tienda\/testo-465-tacometro\/#primaryimage\"},\"thumbnailUrl\":\"https:\/\/abaa.mx\/tienda\/wp-content\/uploads\/2023\/09\/testo-465.jpg\",\"datePublished\":\"2023-09-19T16:04:32+00:00\",\"dateModified\":\"2023-09-19T16:04:33+00:00\",\"breadcrumb\":{\"@id\":\"https:\/\/abaa.mx\/tienda\/testo-465-tacometro\/#breadcrumb\"},\"inLanguage\":\"es\",\"potentialAction\":[{\"@type\":\"ReadAction\",\"target\":[\"https:\/\/abaa.mx\/tienda\/testo-465-tacometro\/\"]}]},{\"@type\":\"ImageObject\",\"inLanguage\":\"es\",\"@id\":\"https:\/\/abaa.mx\/tienda\/testo-465-tacometro\/#primaryimage\",\"url\":\"https:\/\/abaa.mx\/tienda\/wp-content\/uploads\/2023\/09\/testo-465.jpg\",\"contentUrl\":\"https:\/\/abaa.mx\/tienda\/wp-content\/uploads\/2023\/09\/testo-465.jpg\",\"width\":315,\"height\":655,\"caption\":\"testo 465\"},{\"@type\":\"BreadcrumbList\",\"@id\":\"https:\/\/abaa.mx\/tienda\/testo-465-tacometro\/#breadcrumb\",\"itemListElement\":[{\"@type\":\"ListItem\",\"position\":1,\"name\":\"Inicio\",\"item\":\"https:\/\/abaa.mx\/tienda\/\"},{\"@type\":\"ListItem\",\"position\":2,\"name\":\"Tienda\",\"item\":\"https:\/\/abaa.mx\/tienda\/\"},{\"@type\":\"ListItem\",\"position\":3,\"name\":\"testo 465 &#8211; Tac\u00f3metro\"}]},{\"@type\":\"WebSite\",\"@id\":\"https:\/\/abaa.mx\/tienda\/#website\",\"url\":\"https:\/\/abaa.mx\/tienda\/\",\"name\":\"Abaa tienda online\",\"description\":\"Instrumentos de medici\u00f3n\",\"publisher\":{\"@id\":\"https:\/\/abaa.mx\/tienda\/#organization\"},\"potentialAction\":[{\"@type\":\"SearchAction\",\"target\":{\"@type\":\"EntryPoint\",\"urlTemplate\":\"https:\/\/abaa.mx\/tienda\/?s={search_term_string}\"},\"query-input\":{\"@type\":\"PropertyValueSpecification\",\"valueRequired\":true,\"valueName\":\"search_term_string\"}}],\"inLanguage\":\"es\"},{\"@type\":\"Organization\",\"@id\":\"https:\/\/abaa.mx\/tienda\/#organization\",\"name\":\"Abaa tienda online\",\"url\":\"https:\/\/abaa.mx\/tienda\/\",\"logo\":{\"@type\":\"ImageObject\",\"inLanguage\":\"es\",\"@id\":\"https:\/\/abaa.mx\/tienda\/#\/schema\/logo\/image\/\",\"url\":\"https:\/\/abaa.mx\/tienda\/wp-content\/uploads\/2024\/01\/abaa-metrologia-tienda.png\",\"contentUrl\":\"https:\/\/abaa.mx\/tienda\/wp-content\/uploads\/2024\/01\/abaa-metrologia-tienda.png\",\"width\":300,\"height\":141,\"caption\":\"Abaa tienda online\"},\"image\":{\"@id\":\"https:\/\/abaa.mx\/tienda\/#\/schema\/logo\/image\/\"}}]}<\/script>\n<!-- \/ Yoast SEO plugin. -->","yoast_head_json":{"title":"testo 465 - Tac\u00f3metro - Abaa tienda online","robots":{"index":"index","follow":"follow","max-snippet":"max-snippet:-1","max-image-preview":"max-image-preview:large","max-video-preview":"max-video-preview:-1"},"canonical":"https:\/\/abaa.mx\/tienda\/testo-465-tacometro\/","og_locale":"es_MX","og_type":"article","og_title":"testo 465 - Tac\u00f3metro - Abaa tienda online","og_description":"Con el tac\u00f3metro testo 465 es posible medir las rpm sin contacto, usando una sola mano. El tac\u00f3metro es ideal para mediciones en piezas giratorias, tales como ventiladores o ejes. Para la medici\u00f3n de rpm, simplemente se debe pegar una cinta reflectante al objeto de medici\u00f3n, apuntar con el haz de luz roja a la cinta y medir las rpm. Puede medir en distancias entre el tac\u00f3metro y el objeto de hasta 600 mm.  Especialmente pr\u00e1ctico es la posibilidad de almacenar el valor m\u00ednimo, m\u00e1ximo y promedio, as\u00ed como el \u00faltimo valor medido. La funda protectora suministrada SoftCase le ayuda a proteger el tac\u00f3metro. Adem\u00e1s, el volumen de suministro tambi\u00e9n incluye cintas reflectantes y un malet\u00edn de transporte.","og_url":"https:\/\/abaa.mx\/tienda\/testo-465-tacometro\/","og_site_name":"Abaa tienda online","article_modified_time":"2023-09-19T16:04:33+00:00","og_image":[{"width":315,"height":655,"url":"https:\/\/abaa.mx\/tienda\/wp-content\/uploads\/2023\/09\/testo-465.jpg","type":"image\/jpeg"}],"twitter_card":"summary_large_image","twitter_misc":{"Tiempo de lectura":"2 minutos"},"schema":{"@context":"https:\/\/schema.org","@graph":[{"@type":"WebPage","@id":"https:\/\/abaa.mx\/tienda\/testo-465-tacometro\/","url":"https:\/\/abaa.mx\/tienda\/testo-465-tacometro\/","name":"testo 465 - Tac\u00f3metro - Abaa tienda online","isPartOf":{"@id":"https:\/\/abaa.mx\/tienda\/#website"},"primaryImageOfPage":{"@id":"https:\/\/abaa.mx\/tienda\/testo-465-tacometro\/#primaryimage"},"image":{"@id":"https:\/\/abaa.mx\/tienda\/testo-465-tacometro\/#primaryimage"},"thumbnailUrl":"https:\/\/abaa.mx\/tienda\/wp-content\/uploads\/2023\/09\/testo-465.jpg","datePublished":"2023-09-19T16:04:32+00:00","dateModified":"2023-09-19T16:04:33+00:00","breadcrumb":{"@id":"https:\/\/abaa.mx\/tienda\/testo-465-tacometro\/#breadcrumb"},"inLanguage":"es","potentialAction":[{"@type":"ReadAction","target":["https:\/\/abaa.mx\/tienda\/testo-465-tacometro\/"]}]},{"@type":"ImageObject","inLanguage":"es","@id":"https:\/\/abaa.mx\/tienda\/testo-465-tacometro\/#primaryimage","url":"https:\/\/abaa.mx\/tienda\/wp-content\/uploads\/2023\/09\/testo-465.jpg","contentUrl":"https:\/\/abaa.mx\/tienda\/wp-content\/uploads\/2023\/09\/testo-465.jpg","width":315,"height":655,"caption":"testo 465"},{"@type":"BreadcrumbList","@id":"https:\/\/abaa.mx\/tienda\/testo-465-tacometro\/#breadcrumb","itemListElement":[{"@type":"ListItem","position":1,"name":"Inicio","item":"https:\/\/abaa.mx\/tienda\/"},{"@type":"ListItem","position":2,"name":"Tienda","item":"https:\/\/abaa.mx\/tienda\/"},{"@type":"ListItem","position":3,"name":"testo 465 &#8211; Tac\u00f3metro"}]},{"@type":"WebSite","@id":"https:\/\/abaa.mx\/tienda\/#website","url":"https:\/\/abaa.mx\/tienda\/","name":"Abaa tienda online","description":"Instrumentos de medici\u00f3n","publisher":{"@id":"https:\/\/abaa.mx\/tienda\/#organization"},"potentialAction":[{"@type":"SearchAction","target":{"@type":"EntryPoint","urlTemplate":"https:\/\/abaa.mx\/tienda\/?s={search_term_string}"},"query-input":{"@type":"PropertyValueSpecification","valueRequired":true,"valueName":"search_term_string"}}],"inLanguage":"es"},{"@type":"Organization","@id":"https:\/\/abaa.mx\/tienda\/#organization","name":"Abaa tienda online","url":"https:\/\/abaa.mx\/tienda\/","logo":{"@type":"ImageObject","inLanguage":"es","@id":"https:\/\/abaa.mx\/tienda\/#\/schema\/logo\/image\/","url":"https:\/\/abaa.mx\/tienda\/wp-content\/uploads\/2024\/01\/abaa-metrologia-tienda.png","contentUrl":"https:\/\/abaa.mx\/tienda\/wp-content\/uploads\/2024\/01\/abaa-metrologia-tienda.png","width":300,"height":141,"caption":"Abaa tienda online"},"image":{"@id":"https:\/\/abaa.mx\/tienda\/#\/schema\/logo\/image\/"}}]}},"_links":{"self":[{"href":"https:\/\/abaa.mx\/tienda\/wp-json\/wp\/v2\/product\/1999","targetHints":{"allow":["GET"]}}],"collection":[{"href":"https:\/\/abaa.mx\/tienda\/wp-json\/wp\/v2\/product"}],"about":[{"href":"https:\/\/abaa.mx\/tienda\/wp-json\/wp\/v2\/types\/product"}],"replies":[{"embeddable":true,"href":"https:\/\/abaa.mx\/tienda\/wp-json\/wp\/v2\/comments?post=1999"}],"wp:featuredmedia":[{"embeddable":true,"href":"https:\/\/abaa.mx\/tienda\/wp-json\/wp\/v2\/media\/2003"}],"wp:attachment":[{"href":"https:\/\/abaa.mx\/tienda\/wp-json\/wp\/v2\/media?parent=1999"}],"wp:term":[{"taxonomy":"product_brand","embeddable":true,"href":"https:\/\/abaa.mx\/tienda\/wp-json\/wp\/v2\/product_brand?post=1999"},{"taxonomy":"product_cat","embeddable":true,"href":"https:\/\/abaa.mx\/tienda\/wp-json\/wp\/v2\/product_cat?post=1999"},{"taxonomy":"product_tag","embeddable":true,"href":"https:\/\/abaa.mx\/tienda\/wp-json\/wp\/v2\/product_tag?post=1999"}],"curies":[{"name":"wp","href":"https:\/\/api.w.org\/{rel}","templated":true}]}}