{"id":1993,"date":"2023-09-19T15:59:31","date_gmt":"2023-09-19T15:59:31","guid":{"rendered":"https:\/\/abaa.mx\/tienda\/?post_type=product&#038;p=1993"},"modified":"2023-09-19T15:59:31","modified_gmt":"2023-09-19T15:59:31","slug":"testo-476-estroboscopio-de-mano-xenon","status":"publish","type":"product","link":"https:\/\/abaa.mx\/tienda\/testo-476-estroboscopio-de-mano-xenon\/","title":{"rendered":"testo 476 &#8211; estroboscopio de mano (xen\u00f3n)"},"content":{"rendered":"<div class=\"c2a-tabSection m-tabs\">\n<div id=\"tab-main\" class=\"large-12 column\">\n<div class=\"row\">\n<div class=\"large-6 medium-12 column m-pdp-txt\">\n<section class=\"m-pdp-txt-position\">\n<article class=\"child-1\">\n<div class=\"m-list\">\n<ul class=\"list-elements\">\n<li>Ajuste de gran precisi\u00f3n y estabilidad gracias a la rueda con reacci\u00f3n din\u00e1mica<\/li>\n<li>Luz de alta intensidad gracias a la potente l\u00e1mpara de xen\u00f3n<\/li>\n<li>Bater\u00eda Li-Ion de alto rendimiento para m\u00ednimo 2 horas de funcionamiento continuo<\/li>\n<li>Duraci\u00f3n extremadamente corta del destello (&lt; 9\u00b5s)<\/li>\n<\/ul>\n<\/div>\n<p class=\"text\">El estroboscopio de mano testo 476 con alta intensidad de luz es ideal para la medici\u00f3n de rpm y la inspecci\u00f3n de piezas que se mueven a altas frecuencias.<\/p>\n<\/article>\n<\/section>\n<\/div>\n<\/div>\n<\/div>\n<\/div>\n<section id=\"varianWizardSection\" class=\"medium-12 column\"><\/section>\n<div class=\"c2a-tabSection m-tabs\">\n<div id=\"tab-details\" class=\"large-12 column m-tab-pdp\">\n<h2>Detalles<\/h2>\n<div class=\"medium-8\">\n<h3>Descripci\u00f3n del producto<\/h3>\n<article class=\"child-1 paragraph\">Con el estroboscopio de mano xen\u00f3n con potente intensidad de luz testo 476 se visualizan en c\u00e1mara lenta objetos que se mueven a gran velocidad. Con el estroboscopio manual se mide y se comprueba la rotaci\u00f3n y la vibraci\u00f3n de los objetos. Posibilita la medici\u00f3n de objetos muy peque\u00f1os o en lugares de dif\u00edcil acceso sin necesidad de interrumpir el proceso de producci\u00f3n. Por ello, el testo 476 es ideal para mediciones de rpm y la inspecci\u00f3n de piezas que se mueven a altas frecuencias.<\/p>\n<h3>\u00c1rea de aplicaci\u00f3n del estroboscopio de mano testo 476<\/h3>\n<ul>\n<li>Tecnolog\u00eda de climatizaci\u00f3n y ventilaci\u00f3n: supervisi\u00f3n\/control del funcionamiento correcto de las instalaciones de ventilaci\u00f3n y climatizaci\u00f3n<\/li>\n<li>Industria textil: supervisi\u00f3n de la gu\u00eda de hilos en tricotosas (se requiere una frecuencia de destello extremadamente r\u00e1pida)<\/li>\n<li>Industria automovil\u00edstica: detecci\u00f3n de puntos calientes de vibraci\u00f3n en sistemas de escape<\/li>\n<li>M\u00e1quinas empaquetadoras: supervisi\u00f3n del cierre de botellas y el etiquetado<\/li>\n<li>Fabricaci\u00f3n de l\u00e1minas met\u00e1licas: monitorizaci\u00f3n de la calidad del producto<\/li>\n<li>Tecnolog\u00eda de transporte por vibraci\u00f3n: revisi\u00f3n de defectos durante el funcionamiento<\/li>\n<li>Industria de impresi\u00f3n\/flexograf\u00eda\/impresi\u00f3n de etiquetas: control de calidad de la impresi\u00f3n<\/li>\n<\/ul>\n<\/article>\n<h3>Volumen de suministro<\/h3>\n<article class=\"child-2 paragraph\">Estroboscopio de mano (xen\u00f3n) testo 476 para medici\u00f3n de rpm incl. malet\u00edn de transporte, cargador con 4 adaptadores para determinados pa\u00edses y conector de se\u00f1al de disparador.<\/article>\n<\/div>\n<div class=\"medium-4\">\n<div class=\"m-cert large-12 column\"><\/div>\n<\/div>\n<\/div>\n<\/div>\n<div class=\"c2a-tabSection m-tabs\">\n<div id=\"tab-technicalData\" class=\"large-12 column m-data-tab\">\n<h2>Datos t\u00e9cnicos<\/h2>\n<table>\n<colgroup>\n<col class=\"colWidth25\" \/>\n<col \/><\/colgroup>\n<thead>\n<tr>\n<th colspan=\"2\">Datos t\u00e9cnicos generales<\/th>\n<\/tr>\n<\/thead>\n<tbody>\n<tr>\n<td class=\"table-bold\">Grado de iluminaci\u00f3n<\/td>\n<td>1200 lux a aprox. 20 cm de distancia<\/td>\n<\/tr>\n<tr>\n<td class=\"table-bold\">Color del destello<\/td>\n<td>6000&#8230;6500 K<\/td>\n<\/tr>\n<tr>\n<td class=\"table-bold\">Duraci\u00f3n l\u00e1mpara flash<\/td>\n<td>200.000.000 destellos<\/td>\n<\/tr>\n<tr>\n<td class=\"table-bold\">Conexi\u00f3n para disparador externo<\/td>\n<td>0 a 5 V compatible DTL\/TTL; 3,5 mm\/ 1\/8; Uout=7.2 V sin regular<\/td>\n<\/tr>\n<tr>\n<td class=\"table-bold\">Tipo de pantalla<\/td>\n<td>LCD (Liquid Crystal Display)<\/td>\n<\/tr>\n<tr>\n<td class=\"table-bold\">Medidas de la pantalla<\/td>\n<td>1 l\u00ednea<\/td>\n<\/tr>\n<tr>\n<td class=\"table-bold\">Funciones de pantalla<\/td>\n<td>Pantalla LCD de 5 d\u00edgitos<\/td>\n<\/tr>\n<tr>\n<td class=\"table-bold\">Tipo de bater\u00eda<\/td>\n<td>Bater\u00eda NiMH<\/td>\n<\/tr>\n<tr>\n<td class=\"table-bold\">Tiempo de recarga bater\u00eda<\/td>\n<td>m\u00e1x. 3.5 h<\/td>\n<\/tr>\n<tr>\n<td class=\"table-bold\">Protecci\u00f3n contra descarga total<\/td>\n<td>si<\/td>\n<\/tr>\n<tr>\n<td class=\"table-bold\">Protecci\u00f3n contra sobrecarga<\/td>\n<td>si<\/td>\n<\/tr>\n<tr>\n<td class=\"table-bold\">Carga de mantenimiento<\/td>\n<td>si<\/td>\n<\/tr>\n<tr>\n<td class=\"table-bold\">Voltaje pila recargable<\/td>\n<td>100 a 240 V, 50\/60 Hz<\/td>\n<\/tr>\n<\/tbody>\n<\/table>\n<table>\n<colgroup>\n<col class=\"colWidth25\" \/>\n<col \/><\/colgroup>\n<thead>\n<tr>\n<th colspan=\"2\">N\u00famero de revoluciones (Xen\u00f3n)<\/th>\n<\/tr>\n<\/thead>\n<tbody>\n<tr>\n<td class=\"table-bold\">Rango<\/td>\n<td>30 hasta 12500 rpm<\/td>\n<\/tr>\n<tr>\n<td class=\"table-bold\">Exactitud<\/td>\n<td>\u00b10,01 % del v.m.<\/td>\n<\/tr>\n<tr>\n<td class=\"table-bold\">Resoluci\u00f3n<\/td>\n<td>1 rpm<\/td>\n<\/tr>\n<\/tbody>\n<\/table>\n<\/div>\n<\/div>\n","protected":false},"excerpt":{"rendered":"<p>Con el estroboscopio de mano xen\u00f3n con potente intensidad de luz testo 476 se visualizan en c\u00e1mara lenta objetos que se mueven a gran velocidad. Con el estroboscopio manual se mide y se comprueba la rotaci\u00f3n y la vibraci\u00f3n de los objetos. Posibilita la medici\u00f3n de objetos muy peque\u00f1os o en lugares de dif\u00edcil acceso sin necesidad de interrumpir el proceso de producci\u00f3n. Por ello, el testo 476 es ideal para mediciones de rpm y la inspecci\u00f3n de piezas que se mueven a altas frecuencias<\/p>\n","protected":false},"featured_media":1998,"comment_status":"open","ping_status":"closed","template":"","meta":{"_joinchat":[]},"product_brand":[],"product_cat":[15],"product_tag":[],"class_list":{"0":"post-1993","1":"product","2":"type-product","3":"status-publish","4":"has-post-thumbnail","6":"product_cat-sin-categorizar","8":"first","9":"instock","10":"shipping-taxable","11":"product-type-simple"},"yoast_head":"<!-- This site is optimized with the Yoast SEO plugin v26.4 - https:\/\/yoast.com\/wordpress\/plugins\/seo\/ -->\n<title>testo 476 - estroboscopio de mano (xen\u00f3n) - Abaa tienda online<\/title>\n<meta name=\"robots\" content=\"index, follow, max-snippet:-1, max-image-preview:large, max-video-preview:-1\" \/>\n<link rel=\"canonical\" href=\"https:\/\/abaa.mx\/tienda\/testo-476-estroboscopio-de-mano-xenon\/\" \/>\n<meta property=\"og:locale\" content=\"es_MX\" \/>\n<meta property=\"og:type\" content=\"article\" \/>\n<meta property=\"og:title\" content=\"testo 476 - estroboscopio de mano (xen\u00f3n) - Abaa tienda online\" \/>\n<meta property=\"og:description\" content=\"Con el estroboscopio de mano xen\u00f3n con potente intensidad de luz testo 476 se visualizan en c\u00e1mara lenta objetos que se mueven a gran velocidad. Con el estroboscopio manual se mide y se comprueba la rotaci\u00f3n y la vibraci\u00f3n de los objetos. Posibilita la medici\u00f3n de objetos muy peque\u00f1os o en lugares de dif\u00edcil acceso sin necesidad de interrumpir el proceso de producci\u00f3n. Por ello, el testo 476 es ideal para mediciones de rpm y la inspecci\u00f3n de piezas que se mueven a altas frecuencias\" \/>\n<meta property=\"og:url\" content=\"https:\/\/abaa.mx\/tienda\/testo-476-estroboscopio-de-mano-xenon\/\" \/>\n<meta property=\"og:site_name\" content=\"Abaa tienda online\" \/>\n<meta property=\"og:image\" content=\"https:\/\/abaa.mx\/tienda\/wp-content\/uploads\/2023\/09\/testo-476.jpg\" \/>\n\t<meta property=\"og:image:width\" content=\"216\" \/>\n\t<meta property=\"og:image:height\" content=\"660\" \/>\n\t<meta property=\"og:image:type\" content=\"image\/jpeg\" \/>\n<meta name=\"twitter:card\" content=\"summary_large_image\" \/>\n<meta name=\"twitter:label1\" content=\"Tiempo de lectura\" \/>\n\t<meta name=\"twitter:data1\" content=\"2 minutos\" \/>\n<script type=\"application\/ld+json\" class=\"yoast-schema-graph\">{\"@context\":\"https:\/\/schema.org\",\"@graph\":[{\"@type\":\"WebPage\",\"@id\":\"https:\/\/abaa.mx\/tienda\/testo-476-estroboscopio-de-mano-xenon\/\",\"url\":\"https:\/\/abaa.mx\/tienda\/testo-476-estroboscopio-de-mano-xenon\/\",\"name\":\"testo 476 - estroboscopio de mano (xen\u00f3n) - Abaa tienda online\",\"isPartOf\":{\"@id\":\"https:\/\/abaa.mx\/tienda\/#website\"},\"primaryImageOfPage\":{\"@id\":\"https:\/\/abaa.mx\/tienda\/testo-476-estroboscopio-de-mano-xenon\/#primaryimage\"},\"image\":{\"@id\":\"https:\/\/abaa.mx\/tienda\/testo-476-estroboscopio-de-mano-xenon\/#primaryimage\"},\"thumbnailUrl\":\"https:\/\/abaa.mx\/tienda\/wp-content\/uploads\/2023\/09\/testo-476.jpg\",\"datePublished\":\"2023-09-19T15:59:31+00:00\",\"breadcrumb\":{\"@id\":\"https:\/\/abaa.mx\/tienda\/testo-476-estroboscopio-de-mano-xenon\/#breadcrumb\"},\"inLanguage\":\"es\",\"potentialAction\":[{\"@type\":\"ReadAction\",\"target\":[\"https:\/\/abaa.mx\/tienda\/testo-476-estroboscopio-de-mano-xenon\/\"]}]},{\"@type\":\"ImageObject\",\"inLanguage\":\"es\",\"@id\":\"https:\/\/abaa.mx\/tienda\/testo-476-estroboscopio-de-mano-xenon\/#primaryimage\",\"url\":\"https:\/\/abaa.mx\/tienda\/wp-content\/uploads\/2023\/09\/testo-476.jpg\",\"contentUrl\":\"https:\/\/abaa.mx\/tienda\/wp-content\/uploads\/2023\/09\/testo-476.jpg\",\"width\":216,\"height\":660,\"caption\":\"testo 476\"},{\"@type\":\"BreadcrumbList\",\"@id\":\"https:\/\/abaa.mx\/tienda\/testo-476-estroboscopio-de-mano-xenon\/#breadcrumb\",\"itemListElement\":[{\"@type\":\"ListItem\",\"position\":1,\"name\":\"Inicio\",\"item\":\"https:\/\/abaa.mx\/tienda\/\"},{\"@type\":\"ListItem\",\"position\":2,\"name\":\"Tienda\",\"item\":\"https:\/\/abaa.mx\/tienda\/\"},{\"@type\":\"ListItem\",\"position\":3,\"name\":\"testo 476 &#8211; estroboscopio de mano (xen\u00f3n)\"}]},{\"@type\":\"WebSite\",\"@id\":\"https:\/\/abaa.mx\/tienda\/#website\",\"url\":\"https:\/\/abaa.mx\/tienda\/\",\"name\":\"Abaa tienda online\",\"description\":\"Instrumentos de medici\u00f3n\",\"publisher\":{\"@id\":\"https:\/\/abaa.mx\/tienda\/#organization\"},\"potentialAction\":[{\"@type\":\"SearchAction\",\"target\":{\"@type\":\"EntryPoint\",\"urlTemplate\":\"https:\/\/abaa.mx\/tienda\/?s={search_term_string}\"},\"query-input\":{\"@type\":\"PropertyValueSpecification\",\"valueRequired\":true,\"valueName\":\"search_term_string\"}}],\"inLanguage\":\"es\"},{\"@type\":\"Organization\",\"@id\":\"https:\/\/abaa.mx\/tienda\/#organization\",\"name\":\"Abaa tienda online\",\"url\":\"https:\/\/abaa.mx\/tienda\/\",\"logo\":{\"@type\":\"ImageObject\",\"inLanguage\":\"es\",\"@id\":\"https:\/\/abaa.mx\/tienda\/#\/schema\/logo\/image\/\",\"url\":\"https:\/\/abaa.mx\/tienda\/wp-content\/uploads\/2024\/01\/abaa-metrologia-tienda.png\",\"contentUrl\":\"https:\/\/abaa.mx\/tienda\/wp-content\/uploads\/2024\/01\/abaa-metrologia-tienda.png\",\"width\":300,\"height\":141,\"caption\":\"Abaa tienda online\"},\"image\":{\"@id\":\"https:\/\/abaa.mx\/tienda\/#\/schema\/logo\/image\/\"}}]}<\/script>\n<!-- \/ Yoast SEO plugin. -->","yoast_head_json":{"title":"testo 476 - estroboscopio de mano (xen\u00f3n) - Abaa tienda online","robots":{"index":"index","follow":"follow","max-snippet":"max-snippet:-1","max-image-preview":"max-image-preview:large","max-video-preview":"max-video-preview:-1"},"canonical":"https:\/\/abaa.mx\/tienda\/testo-476-estroboscopio-de-mano-xenon\/","og_locale":"es_MX","og_type":"article","og_title":"testo 476 - estroboscopio de mano (xen\u00f3n) - Abaa tienda online","og_description":"Con el estroboscopio de mano xen\u00f3n con potente intensidad de luz testo 476 se visualizan en c\u00e1mara lenta objetos que se mueven a gran velocidad. Con el estroboscopio manual se mide y se comprueba la rotaci\u00f3n y la vibraci\u00f3n de los objetos. Posibilita la medici\u00f3n de objetos muy peque\u00f1os o en lugares de dif\u00edcil acceso sin necesidad de interrumpir el proceso de producci\u00f3n. Por ello, el testo 476 es ideal para mediciones de rpm y la inspecci\u00f3n de piezas que se mueven a altas frecuencias","og_url":"https:\/\/abaa.mx\/tienda\/testo-476-estroboscopio-de-mano-xenon\/","og_site_name":"Abaa tienda online","og_image":[{"width":216,"height":660,"url":"https:\/\/abaa.mx\/tienda\/wp-content\/uploads\/2023\/09\/testo-476.jpg","type":"image\/jpeg"}],"twitter_card":"summary_large_image","twitter_misc":{"Tiempo de lectura":"2 minutos"},"schema":{"@context":"https:\/\/schema.org","@graph":[{"@type":"WebPage","@id":"https:\/\/abaa.mx\/tienda\/testo-476-estroboscopio-de-mano-xenon\/","url":"https:\/\/abaa.mx\/tienda\/testo-476-estroboscopio-de-mano-xenon\/","name":"testo 476 - estroboscopio de mano (xen\u00f3n) - Abaa tienda online","isPartOf":{"@id":"https:\/\/abaa.mx\/tienda\/#website"},"primaryImageOfPage":{"@id":"https:\/\/abaa.mx\/tienda\/testo-476-estroboscopio-de-mano-xenon\/#primaryimage"},"image":{"@id":"https:\/\/abaa.mx\/tienda\/testo-476-estroboscopio-de-mano-xenon\/#primaryimage"},"thumbnailUrl":"https:\/\/abaa.mx\/tienda\/wp-content\/uploads\/2023\/09\/testo-476.jpg","datePublished":"2023-09-19T15:59:31+00:00","breadcrumb":{"@id":"https:\/\/abaa.mx\/tienda\/testo-476-estroboscopio-de-mano-xenon\/#breadcrumb"},"inLanguage":"es","potentialAction":[{"@type":"ReadAction","target":["https:\/\/abaa.mx\/tienda\/testo-476-estroboscopio-de-mano-xenon\/"]}]},{"@type":"ImageObject","inLanguage":"es","@id":"https:\/\/abaa.mx\/tienda\/testo-476-estroboscopio-de-mano-xenon\/#primaryimage","url":"https:\/\/abaa.mx\/tienda\/wp-content\/uploads\/2023\/09\/testo-476.jpg","contentUrl":"https:\/\/abaa.mx\/tienda\/wp-content\/uploads\/2023\/09\/testo-476.jpg","width":216,"height":660,"caption":"testo 476"},{"@type":"BreadcrumbList","@id":"https:\/\/abaa.mx\/tienda\/testo-476-estroboscopio-de-mano-xenon\/#breadcrumb","itemListElement":[{"@type":"ListItem","position":1,"name":"Inicio","item":"https:\/\/abaa.mx\/tienda\/"},{"@type":"ListItem","position":2,"name":"Tienda","item":"https:\/\/abaa.mx\/tienda\/"},{"@type":"ListItem","position":3,"name":"testo 476 &#8211; estroboscopio de mano (xen\u00f3n)"}]},{"@type":"WebSite","@id":"https:\/\/abaa.mx\/tienda\/#website","url":"https:\/\/abaa.mx\/tienda\/","name":"Abaa tienda online","description":"Instrumentos de medici\u00f3n","publisher":{"@id":"https:\/\/abaa.mx\/tienda\/#organization"},"potentialAction":[{"@type":"SearchAction","target":{"@type":"EntryPoint","urlTemplate":"https:\/\/abaa.mx\/tienda\/?s={search_term_string}"},"query-input":{"@type":"PropertyValueSpecification","valueRequired":true,"valueName":"search_term_string"}}],"inLanguage":"es"},{"@type":"Organization","@id":"https:\/\/abaa.mx\/tienda\/#organization","name":"Abaa tienda online","url":"https:\/\/abaa.mx\/tienda\/","logo":{"@type":"ImageObject","inLanguage":"es","@id":"https:\/\/abaa.mx\/tienda\/#\/schema\/logo\/image\/","url":"https:\/\/abaa.mx\/tienda\/wp-content\/uploads\/2024\/01\/abaa-metrologia-tienda.png","contentUrl":"https:\/\/abaa.mx\/tienda\/wp-content\/uploads\/2024\/01\/abaa-metrologia-tienda.png","width":300,"height":141,"caption":"Abaa tienda online"},"image":{"@id":"https:\/\/abaa.mx\/tienda\/#\/schema\/logo\/image\/"}}]}},"_links":{"self":[{"href":"https:\/\/abaa.mx\/tienda\/wp-json\/wp\/v2\/product\/1993","targetHints":{"allow":["GET"]}}],"collection":[{"href":"https:\/\/abaa.mx\/tienda\/wp-json\/wp\/v2\/product"}],"about":[{"href":"https:\/\/abaa.mx\/tienda\/wp-json\/wp\/v2\/types\/product"}],"replies":[{"embeddable":true,"href":"https:\/\/abaa.mx\/tienda\/wp-json\/wp\/v2\/comments?post=1993"}],"wp:featuredmedia":[{"embeddable":true,"href":"https:\/\/abaa.mx\/tienda\/wp-json\/wp\/v2\/media\/1998"}],"wp:attachment":[{"href":"https:\/\/abaa.mx\/tienda\/wp-json\/wp\/v2\/media?parent=1993"}],"wp:term":[{"taxonomy":"product_brand","embeddable":true,"href":"https:\/\/abaa.mx\/tienda\/wp-json\/wp\/v2\/product_brand?post=1993"},{"taxonomy":"product_cat","embeddable":true,"href":"https:\/\/abaa.mx\/tienda\/wp-json\/wp\/v2\/product_cat?post=1993"},{"taxonomy":"product_tag","embeddable":true,"href":"https:\/\/abaa.mx\/tienda\/wp-json\/wp\/v2\/product_tag?post=1993"}],"curies":[{"name":"wp","href":"https:\/\/api.w.org\/{rel}","templated":true}]}}