{"id":1990,"date":"2023-09-19T15:51:40","date_gmt":"2023-09-19T15:51:40","guid":{"rendered":"https:\/\/abaa.mx\/tienda\/?post_type=product&#038;p=1990"},"modified":"2023-09-19T15:51:40","modified_gmt":"2023-09-19T15:51:40","slug":"campana-de-captura-de-flujo-de-aire-testo-420-con-bluetooth","status":"publish","type":"product","link":"https:\/\/abaa.mx\/tienda\/campana-de-captura-de-flujo-de-aire-testo-420-con-bluetooth\/","title":{"rendered":"Campana De Captura De Flujo De Aire Testo 420 Con Bluetooth"},"content":{"rendered":"<h1>Campana de Captura de Flujo de Aire Testo 420 Con Bluetooth<\/h1>\n<p>&nbsp;<\/p>\n<h4>Testo 420 Ofertas<\/h4>\n<p>Ideal para suministros y retornos de aire m\u00e1s grandes, esta campana de captura permite pruebas y equilibrios r\u00e1pidos y precisos de sistemas ambientales interiores. Adem\u00e1s, proporciona datos confiables con c\u00e1lculos precisos del flujo volum\u00e9trico total en sistemas HVAC\/R.<\/p>\n<h4><strong>Funciones:<\/strong><\/h4>\n<ul>\n<li>Las enderezadoras de flujo mejoran en gran medida la precisi\u00f3n y la estabilidad de las mediciones en salidas turbulentas<\/li>\n<li>Pesa menos de 6,4 kg (2,9 lb)<\/li>\n<li>Instrumento de flujo multifunci\u00f3n desmontable que se puede usar con la campana de flujo, tubos pitot o matriz de flujo<\/li>\n<li>Monitoreo e informes remotos r\u00e1pidos y f\u00e1ciles con Bluetooth y aplicaci\u00f3n gratuita<\/li>\n<li>Registro de datos con memoria integrada de 2 GB<\/li>\n<li>Los datos registrados se pueden transferir a la PC mediante un cable mini-USB<\/li>\n<li>C\u00f3moda navegaci\u00f3n con joystick dentro del men\u00fa para configurar carpetas individuales<\/li>\n<li>Se muestra el caudal volum\u00e9trico total en CFM (pies c\u00fabicos por minuto)<\/li>\n<li>Los datos de medici\u00f3n individuales guardados en carpetas se pueden recuperar y mostrar como flujo de volumen total de todas las mediciones<\/li>\n<li>Aprobaci\u00f3n de la CCA<\/li>\n<\/ul>\n<h4><strong>Excepcionalmente ligero:<\/strong><\/h4>\n<p>Esta campana de captura de flujo de aire con asas ergon\u00f3micas y pantalla inclinable tiene un peso ligero excepcional de menos de 6.4 lbs. Esto significa que los c\u00e1lculos frecuentes del caudal volum\u00e9trico en salas grandes y las mediciones por encima de la altura de la cabeza se pueden llevar a cabo de forma fiable y c\u00f3moda. Durante su uso, un gran bot\u00f3n de medici\u00f3n en la campana de captura garantiza un registro f\u00e1cil de las mediciones.<\/p>\n<h4><strong>Unidad de control extra\u00edble:<\/strong><\/h4>\n<p>La unidad de control de esta campana de captura le permite medir la velocidad del flujo, el caudal volum\u00e9trico, la presi\u00f3n absoluta, la temperatura y la humedad relativa. La puesta a cero autom\u00e1tica garantiza una mayor precisi\u00f3n para bajas presiones. Esta unidad de control de medici\u00f3n integrada no solo se desarroll\u00f3 para la medici\u00f3n de caudal volum\u00e9trico en las salidas del techo, sino que se puede quitar de la campana de captura y utilizarse para mediciones de presi\u00f3n, caudal y caudal volum\u00e9trico en el conducto. Solo necesita conectar un tubo de pitot y mangueras de conexi\u00f3n (se venden por separado) para mediciones en conductos. El c\u00e1lculo de la media cronometrada y multipunto, as\u00ed como la combinaci\u00f3n de ambos, junto con la entrada simple de la geometr\u00eda del conducto, le proporcionan mediciones de flujo precisas en los conductos.<\/p>\n<h4><strong>Aplicaciones:<\/strong><\/h4>\n<ul>\n<li>HVAC\/R<\/li>\n<\/ul>\n<p>&nbsp;<\/p>\n<h4>Testo 420 Especificaciones:<\/h4>\n<table class=\"table table-striped\">\n<tbody>\n<tr>\n<td>Volumen de flujo<\/td>\n<td><span>Rango: 25 a 2300 CFM (40 a 4000 m<\/span><sup>3<\/sup><span>\/h) Precisi\u00f3n: \u00b13 % de m.v. (+7 CFM)<\/p>\n<p>Resoluci\u00f3n: 1 CFM<\/span><\/td>\n<\/tr>\n<tr>\n<td>Velocidad de flujo<\/td>\n<td>Rango: 0 a 2750 pies\/min (0 a 14 m\/s) Precisi\u00f3n: \u00b12 pies\/m (0,01 m\/s) Resoluci\u00f3n: 0,01 pies\/min (0,0001 m\/s)<\/td>\n<\/tr>\n<tr>\n<td>Temperatura del flujo de aire<\/td>\n<td>Rango: -5 a 140 \u00b0F (-20 a 60 \u00b0C) Precisi\u00f3n: \u00b10.9 \u00b0 F (20 a 140 \u00b0 F), \u00b1 0.5 \u00b0 C (-5 a 60 \u00b0 C)<\/p>\n<p>Resoluci\u00f3n: 0.1 \u00b0 F<\/td>\n<\/tr>\n<tr>\n<td>Presi\u00f3n diferencial<\/td>\n<td>Rango: -0.5 a 0.5 inWC (-120 a 120 Pa)<br \/>\nPrecisi\u00f3n: \u00b12 % de m.v. +0.02<br \/>\nResoluci\u00f3n: 0.000001 inWC<\/td>\n<\/tr>\n<tr>\n<td>Presi\u00f3n absoluta<\/td>\n<td>Rango: 700 a 1100 mbar Precisi\u00f3n: \u00b11.2 inWC, \u00b13 mbar Resoluci\u00f3n: 0.1 mbar<\/td>\n<\/tr>\n<tr>\n<td>Humedad relativa<\/td>\n<td>Rango: 0 a 100% HR Precisi\u00f3n: \u00b11.8% HR +3% m.v. Resoluci\u00f3n: 0.1<br \/>\n% HR<\/td>\n<\/tr>\n<tr>\n<td>Punto de roc\u00edo\/bulbo h\u00famedo<\/td>\n<td>Rango: 20 a 140 \u00b0F \/ (-104 a 140 \u00b0F)<br \/>\nResoluci\u00f3n: 0.1 \u00b0 F<\/td>\n<\/tr>\n<tr>\n<td>Memoria<\/td>\n<td>2 GB internos<\/td>\n<\/tr>\n<tr>\n<td>Interfaz<\/td>\n<td>Micro USB y Bluetooth<\/td>\n<\/tr>\n<tr>\n<td>Monitor<\/td>\n<td>LCD de matriz de puntos con retroiluminaci\u00f3n<\/td>\n<\/tr>\n<tr>\n<td>Temperatura<\/td>\n<td>En funcionamiento: 20 a 140 \u00b0F (-5 a 60 \u00b0C) Almacenamiento: -5 a 140 \u00b0F (-20 a 60 \u00b0C)<\/td>\n<\/tr>\n<tr>\n<td>Bater\u00eda<\/td>\n<td>Tipo: AA<br \/>\nVida: 30 horas<\/td>\n<\/tr>\n<tr>\n<td>Dimensiones<\/td>\n<td>24 x 24&#8243; (610 x 610 mm)<\/td>\n<\/tr>\n<tr>\n<td>Peso<\/td>\n<td>6,4 lb (2,9 kg)<\/td>\n<\/tr>\n<\/tbody>\n<\/table>\n","protected":false},"excerpt":{"rendered":"<h3><strong>Testo 420 Ofertas<\/strong><\/h3>\n<p>Ideal para suministros y retornos de aire m\u00e1s grandes, esta campana de captura permite pruebas y equilibrios r\u00e1pidos y precisos de sistemas ambientales interiores. Adem\u00e1s, proporciona datos confiables con c\u00e1lculos precisos del flujo volum\u00e9trico total en sistemas HVAC\/R.<\/p>\n","protected":false},"featured_media":1992,"comment_status":"open","ping_status":"closed","template":"","meta":{"_joinchat":[]},"product_brand":[],"product_cat":[15],"product_tag":[],"class_list":{"0":"post-1990","1":"product","2":"type-product","3":"status-publish","4":"has-post-thumbnail","6":"product_cat-sin-categorizar","8":"first","9":"instock","10":"shipping-taxable","11":"product-type-simple"},"yoast_head":"<!-- This site is optimized with the Yoast SEO plugin v26.4 - https:\/\/yoast.com\/wordpress\/plugins\/seo\/ -->\n<title>Campana De Captura De Flujo De Aire Testo 420 Con Bluetooth - Abaa tienda online<\/title>\n<meta name=\"robots\" content=\"index, follow, max-snippet:-1, max-image-preview:large, max-video-preview:-1\" \/>\n<link rel=\"canonical\" href=\"https:\/\/abaa.mx\/tienda\/campana-de-captura-de-flujo-de-aire-testo-420-con-bluetooth\/\" \/>\n<meta property=\"og:locale\" content=\"es_MX\" \/>\n<meta property=\"og:type\" content=\"article\" \/>\n<meta property=\"og:title\" content=\"Campana De Captura De Flujo De Aire Testo 420 Con Bluetooth - Abaa tienda online\" \/>\n<meta property=\"og:description\" content=\"Testo 420 Ofertas Ideal para suministros y retornos de aire m\u00e1s grandes, esta campana de captura permite pruebas y equilibrios r\u00e1pidos y precisos de sistemas ambientales interiores. Adem\u00e1s, proporciona datos confiables con c\u00e1lculos precisos del flujo volum\u00e9trico total en sistemas HVAC\/R.\" \/>\n<meta property=\"og:url\" content=\"https:\/\/abaa.mx\/tienda\/campana-de-captura-de-flujo-de-aire-testo-420-con-bluetooth\/\" \/>\n<meta property=\"og:site_name\" content=\"Abaa tienda online\" \/>\n<meta property=\"og:image\" content=\"https:\/\/abaa.mx\/tienda\/wp-content\/uploads\/2023\/09\/420-con-bluetooth.jpg\" \/>\n\t<meta property=\"og:image:width\" content=\"1024\" \/>\n\t<meta property=\"og:image:height\" content=\"768\" \/>\n\t<meta property=\"og:image:type\" content=\"image\/jpeg\" \/>\n<meta name=\"twitter:card\" content=\"summary_large_image\" \/>\n<meta name=\"twitter:label1\" content=\"Tiempo de lectura\" \/>\n\t<meta name=\"twitter:data1\" content=\"3 minutos\" \/>\n<script type=\"application\/ld+json\" class=\"yoast-schema-graph\">{\"@context\":\"https:\/\/schema.org\",\"@graph\":[{\"@type\":\"WebPage\",\"@id\":\"https:\/\/abaa.mx\/tienda\/campana-de-captura-de-flujo-de-aire-testo-420-con-bluetooth\/\",\"url\":\"https:\/\/abaa.mx\/tienda\/campana-de-captura-de-flujo-de-aire-testo-420-con-bluetooth\/\",\"name\":\"Campana De Captura De Flujo De Aire Testo 420 Con Bluetooth - Abaa tienda online\",\"isPartOf\":{\"@id\":\"https:\/\/abaa.mx\/tienda\/#website\"},\"primaryImageOfPage\":{\"@id\":\"https:\/\/abaa.mx\/tienda\/campana-de-captura-de-flujo-de-aire-testo-420-con-bluetooth\/#primaryimage\"},\"image\":{\"@id\":\"https:\/\/abaa.mx\/tienda\/campana-de-captura-de-flujo-de-aire-testo-420-con-bluetooth\/#primaryimage\"},\"thumbnailUrl\":\"https:\/\/abaa.mx\/tienda\/wp-content\/uploads\/2023\/09\/420-con-bluetooth.jpg\",\"datePublished\":\"2023-09-19T15:51:40+00:00\",\"breadcrumb\":{\"@id\":\"https:\/\/abaa.mx\/tienda\/campana-de-captura-de-flujo-de-aire-testo-420-con-bluetooth\/#breadcrumb\"},\"inLanguage\":\"es\",\"potentialAction\":[{\"@type\":\"ReadAction\",\"target\":[\"https:\/\/abaa.mx\/tienda\/campana-de-captura-de-flujo-de-aire-testo-420-con-bluetooth\/\"]}]},{\"@type\":\"ImageObject\",\"inLanguage\":\"es\",\"@id\":\"https:\/\/abaa.mx\/tienda\/campana-de-captura-de-flujo-de-aire-testo-420-con-bluetooth\/#primaryimage\",\"url\":\"https:\/\/abaa.mx\/tienda\/wp-content\/uploads\/2023\/09\/420-con-bluetooth.jpg\",\"contentUrl\":\"https:\/\/abaa.mx\/tienda\/wp-content\/uploads\/2023\/09\/420-con-bluetooth.jpg\",\"width\":1024,\"height\":768,\"caption\":\"campana-de-captura-de-flujo-de-aire-testo-420-con-bluetooth\"},{\"@type\":\"BreadcrumbList\",\"@id\":\"https:\/\/abaa.mx\/tienda\/campana-de-captura-de-flujo-de-aire-testo-420-con-bluetooth\/#breadcrumb\",\"itemListElement\":[{\"@type\":\"ListItem\",\"position\":1,\"name\":\"Inicio\",\"item\":\"https:\/\/abaa.mx\/tienda\/\"},{\"@type\":\"ListItem\",\"position\":2,\"name\":\"Tienda\",\"item\":\"https:\/\/abaa.mx\/tienda\/\"},{\"@type\":\"ListItem\",\"position\":3,\"name\":\"Campana De Captura De Flujo De Aire Testo 420 Con Bluetooth\"}]},{\"@type\":\"WebSite\",\"@id\":\"https:\/\/abaa.mx\/tienda\/#website\",\"url\":\"https:\/\/abaa.mx\/tienda\/\",\"name\":\"Abaa tienda online\",\"description\":\"Instrumentos de medici\u00f3n\",\"publisher\":{\"@id\":\"https:\/\/abaa.mx\/tienda\/#organization\"},\"potentialAction\":[{\"@type\":\"SearchAction\",\"target\":{\"@type\":\"EntryPoint\",\"urlTemplate\":\"https:\/\/abaa.mx\/tienda\/?s={search_term_string}\"},\"query-input\":{\"@type\":\"PropertyValueSpecification\",\"valueRequired\":true,\"valueName\":\"search_term_string\"}}],\"inLanguage\":\"es\"},{\"@type\":\"Organization\",\"@id\":\"https:\/\/abaa.mx\/tienda\/#organization\",\"name\":\"Abaa tienda online\",\"url\":\"https:\/\/abaa.mx\/tienda\/\",\"logo\":{\"@type\":\"ImageObject\",\"inLanguage\":\"es\",\"@id\":\"https:\/\/abaa.mx\/tienda\/#\/schema\/logo\/image\/\",\"url\":\"https:\/\/abaa.mx\/tienda\/wp-content\/uploads\/2024\/01\/abaa-metrologia-tienda.png\",\"contentUrl\":\"https:\/\/abaa.mx\/tienda\/wp-content\/uploads\/2024\/01\/abaa-metrologia-tienda.png\",\"width\":300,\"height\":141,\"caption\":\"Abaa tienda online\"},\"image\":{\"@id\":\"https:\/\/abaa.mx\/tienda\/#\/schema\/logo\/image\/\"}}]}<\/script>\n<!-- \/ Yoast SEO plugin. -->","yoast_head_json":{"title":"Campana De Captura De Flujo De Aire Testo 420 Con Bluetooth - Abaa tienda online","robots":{"index":"index","follow":"follow","max-snippet":"max-snippet:-1","max-image-preview":"max-image-preview:large","max-video-preview":"max-video-preview:-1"},"canonical":"https:\/\/abaa.mx\/tienda\/campana-de-captura-de-flujo-de-aire-testo-420-con-bluetooth\/","og_locale":"es_MX","og_type":"article","og_title":"Campana De Captura De Flujo De Aire Testo 420 Con Bluetooth - Abaa tienda online","og_description":"Testo 420 Ofertas Ideal para suministros y retornos de aire m\u00e1s grandes, esta campana de captura permite pruebas y equilibrios r\u00e1pidos y precisos de sistemas ambientales interiores. Adem\u00e1s, proporciona datos confiables con c\u00e1lculos precisos del flujo volum\u00e9trico total en sistemas HVAC\/R.","og_url":"https:\/\/abaa.mx\/tienda\/campana-de-captura-de-flujo-de-aire-testo-420-con-bluetooth\/","og_site_name":"Abaa tienda online","og_image":[{"width":1024,"height":768,"url":"https:\/\/abaa.mx\/tienda\/wp-content\/uploads\/2023\/09\/420-con-bluetooth.jpg","type":"image\/jpeg"}],"twitter_card":"summary_large_image","twitter_misc":{"Tiempo de lectura":"3 minutos"},"schema":{"@context":"https:\/\/schema.org","@graph":[{"@type":"WebPage","@id":"https:\/\/abaa.mx\/tienda\/campana-de-captura-de-flujo-de-aire-testo-420-con-bluetooth\/","url":"https:\/\/abaa.mx\/tienda\/campana-de-captura-de-flujo-de-aire-testo-420-con-bluetooth\/","name":"Campana De Captura De Flujo De Aire Testo 420 Con Bluetooth - Abaa tienda online","isPartOf":{"@id":"https:\/\/abaa.mx\/tienda\/#website"},"primaryImageOfPage":{"@id":"https:\/\/abaa.mx\/tienda\/campana-de-captura-de-flujo-de-aire-testo-420-con-bluetooth\/#primaryimage"},"image":{"@id":"https:\/\/abaa.mx\/tienda\/campana-de-captura-de-flujo-de-aire-testo-420-con-bluetooth\/#primaryimage"},"thumbnailUrl":"https:\/\/abaa.mx\/tienda\/wp-content\/uploads\/2023\/09\/420-con-bluetooth.jpg","datePublished":"2023-09-19T15:51:40+00:00","breadcrumb":{"@id":"https:\/\/abaa.mx\/tienda\/campana-de-captura-de-flujo-de-aire-testo-420-con-bluetooth\/#breadcrumb"},"inLanguage":"es","potentialAction":[{"@type":"ReadAction","target":["https:\/\/abaa.mx\/tienda\/campana-de-captura-de-flujo-de-aire-testo-420-con-bluetooth\/"]}]},{"@type":"ImageObject","inLanguage":"es","@id":"https:\/\/abaa.mx\/tienda\/campana-de-captura-de-flujo-de-aire-testo-420-con-bluetooth\/#primaryimage","url":"https:\/\/abaa.mx\/tienda\/wp-content\/uploads\/2023\/09\/420-con-bluetooth.jpg","contentUrl":"https:\/\/abaa.mx\/tienda\/wp-content\/uploads\/2023\/09\/420-con-bluetooth.jpg","width":1024,"height":768,"caption":"campana-de-captura-de-flujo-de-aire-testo-420-con-bluetooth"},{"@type":"BreadcrumbList","@id":"https:\/\/abaa.mx\/tienda\/campana-de-captura-de-flujo-de-aire-testo-420-con-bluetooth\/#breadcrumb","itemListElement":[{"@type":"ListItem","position":1,"name":"Inicio","item":"https:\/\/abaa.mx\/tienda\/"},{"@type":"ListItem","position":2,"name":"Tienda","item":"https:\/\/abaa.mx\/tienda\/"},{"@type":"ListItem","position":3,"name":"Campana De Captura De Flujo De Aire Testo 420 Con Bluetooth"}]},{"@type":"WebSite","@id":"https:\/\/abaa.mx\/tienda\/#website","url":"https:\/\/abaa.mx\/tienda\/","name":"Abaa tienda online","description":"Instrumentos de medici\u00f3n","publisher":{"@id":"https:\/\/abaa.mx\/tienda\/#organization"},"potentialAction":[{"@type":"SearchAction","target":{"@type":"EntryPoint","urlTemplate":"https:\/\/abaa.mx\/tienda\/?s={search_term_string}"},"query-input":{"@type":"PropertyValueSpecification","valueRequired":true,"valueName":"search_term_string"}}],"inLanguage":"es"},{"@type":"Organization","@id":"https:\/\/abaa.mx\/tienda\/#organization","name":"Abaa tienda online","url":"https:\/\/abaa.mx\/tienda\/","logo":{"@type":"ImageObject","inLanguage":"es","@id":"https:\/\/abaa.mx\/tienda\/#\/schema\/logo\/image\/","url":"https:\/\/abaa.mx\/tienda\/wp-content\/uploads\/2024\/01\/abaa-metrologia-tienda.png","contentUrl":"https:\/\/abaa.mx\/tienda\/wp-content\/uploads\/2024\/01\/abaa-metrologia-tienda.png","width":300,"height":141,"caption":"Abaa tienda online"},"image":{"@id":"https:\/\/abaa.mx\/tienda\/#\/schema\/logo\/image\/"}}]}},"_links":{"self":[{"href":"https:\/\/abaa.mx\/tienda\/wp-json\/wp\/v2\/product\/1990","targetHints":{"allow":["GET"]}}],"collection":[{"href":"https:\/\/abaa.mx\/tienda\/wp-json\/wp\/v2\/product"}],"about":[{"href":"https:\/\/abaa.mx\/tienda\/wp-json\/wp\/v2\/types\/product"}],"replies":[{"embeddable":true,"href":"https:\/\/abaa.mx\/tienda\/wp-json\/wp\/v2\/comments?post=1990"}],"wp:featuredmedia":[{"embeddable":true,"href":"https:\/\/abaa.mx\/tienda\/wp-json\/wp\/v2\/media\/1992"}],"wp:attachment":[{"href":"https:\/\/abaa.mx\/tienda\/wp-json\/wp\/v2\/media?parent=1990"}],"wp:term":[{"taxonomy":"product_brand","embeddable":true,"href":"https:\/\/abaa.mx\/tienda\/wp-json\/wp\/v2\/product_brand?post=1990"},{"taxonomy":"product_cat","embeddable":true,"href":"https:\/\/abaa.mx\/tienda\/wp-json\/wp\/v2\/product_cat?post=1990"},{"taxonomy":"product_tag","embeddable":true,"href":"https:\/\/abaa.mx\/tienda\/wp-json\/wp\/v2\/product_tag?post=1990"}],"curies":[{"name":"wp","href":"https:\/\/api.w.org\/{rel}","templated":true}]}}