{"id":1986,"date":"2023-09-19T15:46:34","date_gmt":"2023-09-19T15:46:34","guid":{"rendered":"https:\/\/abaa.mx\/tienda\/?post_type=product&#038;p=1986"},"modified":"2023-09-19T15:46:35","modified_gmt":"2023-09-19T15:46:35","slug":"testo-816-1-medidor-de-ruido","status":"publish","type":"product","link":"https:\/\/abaa.mx\/tienda\/testo-816-1-medidor-de-ruido\/","title":{"rendered":"testo 816-1 &#8211; medidor de ruido"},"content":{"rendered":"<p>El medidor de ruido testo 816-1 cumple, con su equipamiento de primera, todos los requisitos de la medici\u00f3n de ruidos seg\u00fan la norma IEC 61672-1 de clase 2 y ANSI S1.4 tipo 2. Por ello resulta \u00f3ptima la medici\u00f3n de ruidos en los puestos de trabajo y lugares p\u00fablicos o tambi\u00e9n en la industria y la fabricaci\u00f3n.<\/p>\n<p>En comparaci\u00f3n con el medidor de ruido testo 816, el testo 816-1 dispone adem\u00e1s de un registrador de datos interno para 31 000 valores de medici\u00f3n y se suministra adem\u00e1s con software para PC incluido.<\/p>\n<div class=\"m-list\">\n<ul class=\"list-elements\">\n<li>Medidor de ruido preciso seg\u00fan IEC\u200961672-1 clase\u20092 y ANSI\u2009S1.4\u2009tipo\u20092<\/li>\n<li>Ideal para la medici\u00f3n de ruidos en la protecci\u00f3n laboral y de emisiones<\/li>\n<li>Capacidad de almacenamiento integrado para un m\u00e1ximo de 31 000 valores de medici\u00f3n: Posibilidad de mediciones a largo plazo<\/li>\n<li>Incluido software para PC y cable USB para la transmisi\u00f3n de datos<\/li>\n<\/ul>\n<\/div>\n<p class=\"text\">El medidor de ruido testo 816-1 es el equipo profesional de los dispositivos de medici\u00f3n de sonido de Testo. Para la medici\u00f3n de ruidos profesional en puestos de trabajo y lugares p\u00fablicos, en la industria y la fabricaci\u00f3n, inclusive el guardado y la valoraci\u00f3n de datos.<\/p>\n<div class=\"c2a-tabSection m-tabs\">\n<div id=\"tab-details\" class=\"large-12 column m-tab-pdp\">\n<div class=\"medium-8\">\n<article class=\"child-1 paragraph\">\n<h3>El medidor de ruido para profesionales: medir, guardar, valorar<\/h3>\n<p>Al igual que con el medidor de ruido testo 816, el testo 816-1 se suministra en una pr\u00e1ctica bolsa de transporte, pudi\u00e9ndose beneficiar de muchas funciones t\u00e9cnicas para la medici\u00f3n de ruidos profesional en la protecci\u00f3n laboral y la protecci\u00f3n de emisiones sonoras:<\/p>\n<p>El tiempo de medici\u00f3n se puede cambiar seg\u00fan las necesidades de \u00abSlow\u00bb (medici\u00f3n un vez por segundo) a \u00abFast\u00bb (medici\u00f3n cada 125 milisegundos). Adem\u00e1s puede elegir entre dos valoraciones de frecuencia: la curva caracter\u00edstica A corresponde a la percepci\u00f3n sonora del o\u00eddo humano, la curva caracter\u00edstica C valora la parte de bajas frecuencias de un ruido.<\/p>\n<p>Adem\u00e1s, el medidor de ruido testo 816-1 se puede recalibrar directamente in situ con ayuda de un calibrador de ruido disponible opcionalmente y del destornillador suministrado.<\/p>\n<p>Los valores de medici\u00f3n se pueden leer bien en la pantalla iluminada incluso en malas condiciones de visibilidad.<\/p>\n<p>El medidor de ruido testo 816-1 tiene a\u00fan m\u00e1s prestaciones: dispone de un registrador de datos interno y puede guardar hasta 31 000 valores de medici\u00f3n directamente en el instrumento. Con el cable de conexi\u00f3n USB suministrado, los datos de medici\u00f3n se pueden transferir muy f\u00e1cilmente a un PC. El software para PC, tambi\u00e9n incluido en el volumen de suministro, le ayuda a gestionar y valorar los datos. Adem\u00e1s, el software permite tambi\u00e9n realizar mediciones a largo plazo en las que es posible seguir los datos de medici\u00f3n actuales directamente en el PC. Para ello, el medidor de ruido debe estar conectado con el PC.<\/p>\n<h3>\nCampos de aplicaci\u00f3n para el medidor de ruido testo 816-1<\/h3>\n<p>La protecci\u00f3n laboral regula que los ruidos en el lugar de trabajo deben permanecer por debajo de un determinado valor de decibelios. Tambi\u00e9n en lugares p\u00fablicos existen las molestias por ruido, pues el tr\u00e1fico y los eventos no deben perjudicar en gran medida a los habitantes.<\/p>\n<p>El medidor de ruido testo 816-1 est\u00e1 indicado tanto para la medici\u00f3n de ruidos en el puesto de trabajo como para la medici\u00f3n en lugares p\u00fablicos, pues permite las mediciones puntuales y precisas, as\u00ed como las valoraciones a largo plazo.<\/p>\n<\/article>\n<h3>Volumen de suministro<\/h3>\n<article class=\"child-2 paragraph\">Medidor de ruido testo 816-1, conforme a IEC 61672-1 clase 2 y ANSI S1.4 tipo 2. Incluye bolsa de transporte, pantalla antiviento, software para PC (para descargar) y cable para la conexi\u00f3n v\u00eda USB, destornillador para la calibraci\u00f3n, pilas y manual de instrucciones.<\/article>\n<\/div>\n<div class=\"medium-4\">\n<div class=\"m-cert large-12 column\"><\/div>\n<\/div>\n<\/div>\n<\/div>\n<hr \/>\n<div class=\"c2a-tabSection m-tabs\">\n<div id=\"tab-technicalData\" class=\"large-12 column m-data-tab\">\n<h2>Datos t\u00e9cnicos<\/h2>\n<table>\n<colgroup>\n<col class=\"colWidth25\" \/>\n<col \/><\/colgroup>\n<thead>\n<tr>\n<th colspan=\"2\">Datos t\u00e9cnicos generales<\/th>\n<\/tr>\n<\/thead>\n<tbody>\n<tr>\n<td class=\"table-bold\">Peso<\/td>\n<td>390 g<\/td>\n<\/tr>\n<tr>\n<td class=\"table-bold\">Medidas<\/td>\n<td>272 X 83 X 42 mm<\/td>\n<\/tr>\n<tr>\n<td class=\"table-bold\">Temperatura de funcionamiento<\/td>\n<td>0 hasta +40 \u00baC<\/td>\n<\/tr>\n<tr>\n<td class=\"table-bold\">Evaluaci\u00f3n de las frecuencias<\/td>\n<td>A \/ C<\/td>\n<\/tr>\n<tr>\n<td class=\"table-bold\">Micr\u00f3fono<\/td>\n<td>0,5 &#8220;<\/td>\n<\/tr>\n<tr>\n<td class=\"table-bold\">Rango din\u00e1mico<\/td>\n<td>100 dB<\/td>\n<\/tr>\n<tr>\n<td class=\"table-bold\">Ponderaci\u00f3n temporal<\/td>\n<td>FAST 125 ms \/ SLOW 1 sec<\/td>\n<\/tr>\n<tr>\n<td class=\"table-bold\">Tipo de bater\u00eda<\/td>\n<td>4 pilas AA alcalinas de manganeso<\/td>\n<\/tr>\n<tr>\n<td class=\"table-bold\">Temperatura de almacenamiento<\/td>\n<td>-10 hasta +60 \u00baC<\/td>\n<\/tr>\n<\/tbody>\n<\/table>\n<table>\n<colgroup>\n<col class=\"colWidth25\" \/>\n<col \/><\/colgroup>\n<thead>\n<tr>\n<th colspan=\"2\">Presi\u00f3n ac\u00fastica<\/th>\n<\/tr>\n<\/thead>\n<tbody>\n<tr>\n<td class=\"table-bold\">Rango de frecuencias<\/td>\n<td>20 Hz hasta 8 kHz<\/td>\n<\/tr>\n<tr>\n<td class=\"table-bold\">Rango<\/td>\n<td>30 hasta 130 dB<\/td>\n<\/tr>\n<tr>\n<td class=\"table-bold\">Exactitud<\/td>\n<td>\u00b11,4 dB (en las condiciones de referencia: 94 dB, 1 kHz)<\/td>\n<\/tr>\n<tr>\n<td class=\"table-bold\">Resoluci\u00f3n<\/td>\n<td>0,1 dB<\/td>\n<\/tr>\n<tr>\n<td class=\"table-bold\">C\u00edclo de medici\u00f3n<\/td>\n<td>0,5 s<\/td>\n<\/tr>\n<\/tbody>\n<\/table>\n<\/div>\n<\/div>\n","protected":false},"excerpt":{"rendered":"<p>El medidor de ruido testo 816-1 cumple, con su equipamiento de primera, todos los requisitos de la medici\u00f3n de ruidos seg\u00fan la norma IEC 61672-1 de clase 2 y ANSI S1.4 tipo 2. Por ello resulta \u00f3ptima la medici\u00f3n de ruidos en los puestos de trabajo y lugares p\u00fablicos o tambi\u00e9n en la industria y la fabricaci\u00f3n.<\/p>\n<p>En comparaci\u00f3n con el medidor de ruido testo 816, el testo 816-1 dispone adem\u00e1s de un registrador de datos interno para 31 000 valores de medici\u00f3n y se suministra adem\u00e1s con software para PC incluido.<\/p>\n","protected":false},"featured_media":1991,"comment_status":"open","ping_status":"closed","template":"","meta":{"_joinchat":[]},"product_brand":[],"product_cat":[15],"product_tag":[],"class_list":{"0":"post-1986","1":"product","2":"type-product","3":"status-publish","4":"has-post-thumbnail","6":"product_cat-sin-categorizar","8":"first","9":"instock","10":"shipping-taxable","11":"product-type-simple"},"yoast_head":"<!-- This site is optimized with the Yoast SEO plugin v26.4 - https:\/\/yoast.com\/wordpress\/plugins\/seo\/ -->\n<title>testo 816-1 - medidor de ruido - Abaa tienda online<\/title>\n<meta name=\"robots\" content=\"index, follow, max-snippet:-1, max-image-preview:large, max-video-preview:-1\" \/>\n<link rel=\"canonical\" href=\"https:\/\/abaa.mx\/tienda\/testo-816-1-medidor-de-ruido\/\" \/>\n<meta property=\"og:locale\" content=\"es_MX\" \/>\n<meta property=\"og:type\" content=\"article\" \/>\n<meta property=\"og:title\" content=\"testo 816-1 - medidor de ruido - Abaa tienda online\" \/>\n<meta property=\"og:description\" content=\"El medidor de ruido testo 816-1 cumple, con su equipamiento de primera, todos los requisitos de la medici\u00f3n de ruidos seg\u00fan la norma IEC 61672-1 de clase 2 y ANSI S1.4 tipo 2. Por ello resulta \u00f3ptima la medici\u00f3n de ruidos en los puestos de trabajo y lugares p\u00fablicos o tambi\u00e9n en la industria y la fabricaci\u00f3n.  En comparaci\u00f3n con el medidor de ruido testo 816, el testo 816-1 dispone adem\u00e1s de un registrador de datos interno para 31 000 valores de medici\u00f3n y se suministra adem\u00e1s con software para PC incluido.\" \/>\n<meta property=\"og:url\" content=\"https:\/\/abaa.mx\/tienda\/testo-816-1-medidor-de-ruido\/\" \/>\n<meta property=\"og:site_name\" content=\"Abaa tienda online\" \/>\n<meta property=\"article:modified_time\" content=\"2023-09-19T15:46:35+00:00\" \/>\n<meta property=\"og:image\" content=\"https:\/\/abaa.mx\/tienda\/wp-content\/uploads\/2023\/09\/testo-816-1.jpg\" \/>\n\t<meta property=\"og:image:width\" content=\"474\" \/>\n\t<meta property=\"og:image:height\" content=\"474\" \/>\n\t<meta property=\"og:image:type\" content=\"image\/jpeg\" \/>\n<meta name=\"twitter:card\" content=\"summary_large_image\" \/>\n<meta name=\"twitter:label1\" content=\"Tiempo de lectura\" \/>\n\t<meta name=\"twitter:data1\" content=\"4 minutos\" \/>\n<script type=\"application\/ld+json\" class=\"yoast-schema-graph\">{\"@context\":\"https:\/\/schema.org\",\"@graph\":[{\"@type\":\"WebPage\",\"@id\":\"https:\/\/abaa.mx\/tienda\/testo-816-1-medidor-de-ruido\/\",\"url\":\"https:\/\/abaa.mx\/tienda\/testo-816-1-medidor-de-ruido\/\",\"name\":\"testo 816-1 - medidor de ruido - Abaa tienda online\",\"isPartOf\":{\"@id\":\"https:\/\/abaa.mx\/tienda\/#website\"},\"primaryImageOfPage\":{\"@id\":\"https:\/\/abaa.mx\/tienda\/testo-816-1-medidor-de-ruido\/#primaryimage\"},\"image\":{\"@id\":\"https:\/\/abaa.mx\/tienda\/testo-816-1-medidor-de-ruido\/#primaryimage\"},\"thumbnailUrl\":\"https:\/\/abaa.mx\/tienda\/wp-content\/uploads\/2023\/09\/testo-816-1.jpg\",\"datePublished\":\"2023-09-19T15:46:34+00:00\",\"dateModified\":\"2023-09-19T15:46:35+00:00\",\"breadcrumb\":{\"@id\":\"https:\/\/abaa.mx\/tienda\/testo-816-1-medidor-de-ruido\/#breadcrumb\"},\"inLanguage\":\"es\",\"potentialAction\":[{\"@type\":\"ReadAction\",\"target\":[\"https:\/\/abaa.mx\/tienda\/testo-816-1-medidor-de-ruido\/\"]}]},{\"@type\":\"ImageObject\",\"inLanguage\":\"es\",\"@id\":\"https:\/\/abaa.mx\/tienda\/testo-816-1-medidor-de-ruido\/#primaryimage\",\"url\":\"https:\/\/abaa.mx\/tienda\/wp-content\/uploads\/2023\/09\/testo-816-1.jpg\",\"contentUrl\":\"https:\/\/abaa.mx\/tienda\/wp-content\/uploads\/2023\/09\/testo-816-1.jpg\",\"width\":474,\"height\":474,\"caption\":\"testo 816-1\"},{\"@type\":\"BreadcrumbList\",\"@id\":\"https:\/\/abaa.mx\/tienda\/testo-816-1-medidor-de-ruido\/#breadcrumb\",\"itemListElement\":[{\"@type\":\"ListItem\",\"position\":1,\"name\":\"Inicio\",\"item\":\"https:\/\/abaa.mx\/tienda\/\"},{\"@type\":\"ListItem\",\"position\":2,\"name\":\"Tienda\",\"item\":\"https:\/\/abaa.mx\/tienda\/\"},{\"@type\":\"ListItem\",\"position\":3,\"name\":\"testo 816-1 &#8211; medidor de ruido\"}]},{\"@type\":\"WebSite\",\"@id\":\"https:\/\/abaa.mx\/tienda\/#website\",\"url\":\"https:\/\/abaa.mx\/tienda\/\",\"name\":\"Abaa tienda online\",\"description\":\"Instrumentos de medici\u00f3n\",\"publisher\":{\"@id\":\"https:\/\/abaa.mx\/tienda\/#organization\"},\"potentialAction\":[{\"@type\":\"SearchAction\",\"target\":{\"@type\":\"EntryPoint\",\"urlTemplate\":\"https:\/\/abaa.mx\/tienda\/?s={search_term_string}\"},\"query-input\":{\"@type\":\"PropertyValueSpecification\",\"valueRequired\":true,\"valueName\":\"search_term_string\"}}],\"inLanguage\":\"es\"},{\"@type\":\"Organization\",\"@id\":\"https:\/\/abaa.mx\/tienda\/#organization\",\"name\":\"Abaa tienda online\",\"url\":\"https:\/\/abaa.mx\/tienda\/\",\"logo\":{\"@type\":\"ImageObject\",\"inLanguage\":\"es\",\"@id\":\"https:\/\/abaa.mx\/tienda\/#\/schema\/logo\/image\/\",\"url\":\"https:\/\/abaa.mx\/tienda\/wp-content\/uploads\/2024\/01\/abaa-metrologia-tienda.png\",\"contentUrl\":\"https:\/\/abaa.mx\/tienda\/wp-content\/uploads\/2024\/01\/abaa-metrologia-tienda.png\",\"width\":300,\"height\":141,\"caption\":\"Abaa tienda online\"},\"image\":{\"@id\":\"https:\/\/abaa.mx\/tienda\/#\/schema\/logo\/image\/\"}}]}<\/script>\n<!-- \/ Yoast SEO plugin. -->","yoast_head_json":{"title":"testo 816-1 - medidor de ruido - Abaa tienda online","robots":{"index":"index","follow":"follow","max-snippet":"max-snippet:-1","max-image-preview":"max-image-preview:large","max-video-preview":"max-video-preview:-1"},"canonical":"https:\/\/abaa.mx\/tienda\/testo-816-1-medidor-de-ruido\/","og_locale":"es_MX","og_type":"article","og_title":"testo 816-1 - medidor de ruido - Abaa tienda online","og_description":"El medidor de ruido testo 816-1 cumple, con su equipamiento de primera, todos los requisitos de la medici\u00f3n de ruidos seg\u00fan la norma IEC 61672-1 de clase 2 y ANSI S1.4 tipo 2. Por ello resulta \u00f3ptima la medici\u00f3n de ruidos en los puestos de trabajo y lugares p\u00fablicos o tambi\u00e9n en la industria y la fabricaci\u00f3n.  En comparaci\u00f3n con el medidor de ruido testo 816, el testo 816-1 dispone adem\u00e1s de un registrador de datos interno para 31 000 valores de medici\u00f3n y se suministra adem\u00e1s con software para PC incluido.","og_url":"https:\/\/abaa.mx\/tienda\/testo-816-1-medidor-de-ruido\/","og_site_name":"Abaa tienda online","article_modified_time":"2023-09-19T15:46:35+00:00","og_image":[{"width":474,"height":474,"url":"https:\/\/abaa.mx\/tienda\/wp-content\/uploads\/2023\/09\/testo-816-1.jpg","type":"image\/jpeg"}],"twitter_card":"summary_large_image","twitter_misc":{"Tiempo de lectura":"4 minutos"},"schema":{"@context":"https:\/\/schema.org","@graph":[{"@type":"WebPage","@id":"https:\/\/abaa.mx\/tienda\/testo-816-1-medidor-de-ruido\/","url":"https:\/\/abaa.mx\/tienda\/testo-816-1-medidor-de-ruido\/","name":"testo 816-1 - medidor de ruido - Abaa tienda online","isPartOf":{"@id":"https:\/\/abaa.mx\/tienda\/#website"},"primaryImageOfPage":{"@id":"https:\/\/abaa.mx\/tienda\/testo-816-1-medidor-de-ruido\/#primaryimage"},"image":{"@id":"https:\/\/abaa.mx\/tienda\/testo-816-1-medidor-de-ruido\/#primaryimage"},"thumbnailUrl":"https:\/\/abaa.mx\/tienda\/wp-content\/uploads\/2023\/09\/testo-816-1.jpg","datePublished":"2023-09-19T15:46:34+00:00","dateModified":"2023-09-19T15:46:35+00:00","breadcrumb":{"@id":"https:\/\/abaa.mx\/tienda\/testo-816-1-medidor-de-ruido\/#breadcrumb"},"inLanguage":"es","potentialAction":[{"@type":"ReadAction","target":["https:\/\/abaa.mx\/tienda\/testo-816-1-medidor-de-ruido\/"]}]},{"@type":"ImageObject","inLanguage":"es","@id":"https:\/\/abaa.mx\/tienda\/testo-816-1-medidor-de-ruido\/#primaryimage","url":"https:\/\/abaa.mx\/tienda\/wp-content\/uploads\/2023\/09\/testo-816-1.jpg","contentUrl":"https:\/\/abaa.mx\/tienda\/wp-content\/uploads\/2023\/09\/testo-816-1.jpg","width":474,"height":474,"caption":"testo 816-1"},{"@type":"BreadcrumbList","@id":"https:\/\/abaa.mx\/tienda\/testo-816-1-medidor-de-ruido\/#breadcrumb","itemListElement":[{"@type":"ListItem","position":1,"name":"Inicio","item":"https:\/\/abaa.mx\/tienda\/"},{"@type":"ListItem","position":2,"name":"Tienda","item":"https:\/\/abaa.mx\/tienda\/"},{"@type":"ListItem","position":3,"name":"testo 816-1 &#8211; medidor de ruido"}]},{"@type":"WebSite","@id":"https:\/\/abaa.mx\/tienda\/#website","url":"https:\/\/abaa.mx\/tienda\/","name":"Abaa tienda online","description":"Instrumentos de medici\u00f3n","publisher":{"@id":"https:\/\/abaa.mx\/tienda\/#organization"},"potentialAction":[{"@type":"SearchAction","target":{"@type":"EntryPoint","urlTemplate":"https:\/\/abaa.mx\/tienda\/?s={search_term_string}"},"query-input":{"@type":"PropertyValueSpecification","valueRequired":true,"valueName":"search_term_string"}}],"inLanguage":"es"},{"@type":"Organization","@id":"https:\/\/abaa.mx\/tienda\/#organization","name":"Abaa tienda online","url":"https:\/\/abaa.mx\/tienda\/","logo":{"@type":"ImageObject","inLanguage":"es","@id":"https:\/\/abaa.mx\/tienda\/#\/schema\/logo\/image\/","url":"https:\/\/abaa.mx\/tienda\/wp-content\/uploads\/2024\/01\/abaa-metrologia-tienda.png","contentUrl":"https:\/\/abaa.mx\/tienda\/wp-content\/uploads\/2024\/01\/abaa-metrologia-tienda.png","width":300,"height":141,"caption":"Abaa tienda online"},"image":{"@id":"https:\/\/abaa.mx\/tienda\/#\/schema\/logo\/image\/"}}]}},"_links":{"self":[{"href":"https:\/\/abaa.mx\/tienda\/wp-json\/wp\/v2\/product\/1986","targetHints":{"allow":["GET"]}}],"collection":[{"href":"https:\/\/abaa.mx\/tienda\/wp-json\/wp\/v2\/product"}],"about":[{"href":"https:\/\/abaa.mx\/tienda\/wp-json\/wp\/v2\/types\/product"}],"replies":[{"embeddable":true,"href":"https:\/\/abaa.mx\/tienda\/wp-json\/wp\/v2\/comments?post=1986"}],"wp:featuredmedia":[{"embeddable":true,"href":"https:\/\/abaa.mx\/tienda\/wp-json\/wp\/v2\/media\/1991"}],"wp:attachment":[{"href":"https:\/\/abaa.mx\/tienda\/wp-json\/wp\/v2\/media?parent=1986"}],"wp:term":[{"taxonomy":"product_brand","embeddable":true,"href":"https:\/\/abaa.mx\/tienda\/wp-json\/wp\/v2\/product_brand?post=1986"},{"taxonomy":"product_cat","embeddable":true,"href":"https:\/\/abaa.mx\/tienda\/wp-json\/wp\/v2\/product_cat?post=1986"},{"taxonomy":"product_tag","embeddable":true,"href":"https:\/\/abaa.mx\/tienda\/wp-json\/wp\/v2\/product_tag?post=1986"}],"curies":[{"name":"wp","href":"https:\/\/api.w.org\/{rel}","templated":true}]}}