{"id":1982,"date":"2023-09-19T15:32:08","date_gmt":"2023-09-19T15:32:08","guid":{"rendered":"https:\/\/abaa.mx\/tienda\/?post_type=product&#038;p=1982"},"modified":"2023-09-19T15:32:09","modified_gmt":"2023-09-19T15:32:09","slug":"campana-de-flujo-testo-420-con-bluetooth-incluye-estuche-y-certificado-nist","status":"publish","type":"product","link":"https:\/\/abaa.mx\/tienda\/campana-de-flujo-testo-420-con-bluetooth-incluye-estuche-y-certificado-nist\/","title":{"rendered":"Campana de flujo testo 420 con Bluetooth, incluye estuche y certificado NIST"},"content":{"rendered":"<h1 class=\"product-name\">Campana de flujo testo 420 con Bluetooth, incluye estuche y certificado NIST<\/h1>\n<h4>Ofertas del kit testo 420<\/h4>\n<p>Al regular los flujos volum\u00e9tricos en salidas turbulentas, la plancha mejora la precisi\u00f3n de la medici\u00f3n y le ahorra tiempo y dolores de cabeza en situaciones dif\u00edciles.<\/p>\n<p><strong>Aplicaci\u00f3n destacada: c\u00f3mo las salidas turbulentas afectan las lecturas del flujo de aire<\/strong><\/p>\n<p>Es dif\u00edcil medir la velocidad en salidas altamente turbulentas con precisi\u00f3n. Adem\u00e1s del flujo de aire turbulento, tambi\u00e9n ten\u00eda diferentes patrones de propagaci\u00f3n y est\u00e1 parcialmente bloqueado por barras o conos difusores. Cuando la habitaci\u00f3n tiene una salida grande, el aire no se sopla directamente en la habitaci\u00f3n. Las consecuencias de esto es que los flujos de aire a menudo se miden incorrectamente en las ubicaciones. Esto complica sustancialmente el flujo de volumen. La campana de flujo ligera testo 420 resuelve estos problemas con su enderezador de flujo integrado, que permite obtener un resultado de medici\u00f3n m\u00e1s preciso en salidas grandes y turbulentas.<\/p>\n<h4><strong>Funciones:<\/strong><\/h4>\n<ul>\n<li>Pesa menos de 6,2 kg (2,9 lb)<\/li>\n<li>Pantalla grande, inclinable, retroiluminada (extra\u00edble)<\/li>\n<\/ul>\n<h4><strong>Aplicaciones:<\/strong><\/h4>\n<p>Mediciones de tubos de Pitot y mediciones de presi\u00f3n para sistemas de aire acondicionado y ventilaci\u00f3n.<\/p>\n<h4>Testo 420 Especificaciones<\/h4>\n<table class=\"table table-striped\">\n<tbody>\n<tr>\n<td>Directrices UE\/CE<\/td>\n<td>Directriz UE 2014\/30\/UE<\/td>\n<\/tr>\n<tr>\n<td>Garant\u00eda<\/td>\n<td>2 a\u00f1os<\/td>\n<\/tr>\n<tr>\n<td>Tipo de bater\u00eda<\/td>\n<td>Alcalino, tipo AA<\/td>\n<\/tr>\n<tr>\n<td>Duraci\u00f3n de la bater\u00eda<\/td>\n<td>40 h<\/td>\n<\/tr>\n<tr>\n<td>Tama\u00f1o de la pantalla<\/td>\n<td>3.5&#8243;<\/td>\n<\/tr>\n<tr>\n<td>Funci\u00f3n de visualizaci\u00f3n<\/td>\n<td>Matriz de puntos<\/td>\n<\/tr>\n<tr>\n<td>Mostrar iluminaci\u00f3n<\/td>\n<td>con iluminaci\u00f3n<\/td>\n<\/tr>\n<tr>\n<td>Interfaz<\/td>\n<td>Micro-USB; Tecnolog\u00eda inal\u00e1mbrica Bluetooth 4.0<\/td>\n<\/tr>\n<tr>\n<td>Memoria<\/td>\n<td>2 GB (interno)<\/td>\n<\/tr>\n<tr>\n<td>Temperatura de almacenamiento<\/td>\n<td>-4\u00b0-140\u00b0F (-20-60\u00b0C)<\/td>\n<\/tr>\n<tr>\n<td>Peso<\/td>\n<td>102 onzas \/ 2900 g<\/td>\n<\/tr>\n<tr>\n<td>Dimensiones<\/td>\n<td>24 x 24 pulgadas (Capucha est\u00e1ndar) \/ 610 x 610 mm (Capucha est\u00e1ndar)<\/td>\n<\/tr>\n<tr>\n<td>Temperatura de funcionamiento<\/td>\n<td>23\u00b0-122\u00b0F (-5-50\u00b0C)<\/td>\n<\/tr>\n<\/tbody>\n<\/table>\n","protected":false},"excerpt":{"rendered":"<h3>Ofertas del kit testo 420<\/h3>\n<p>Al regular los flujos volum\u00e9tricos en salidas turbulentas, la plancha mejora la precisi\u00f3n de la medici\u00f3n y le ahorra tiempo y dolores de cabeza en situaciones dif\u00edciles.<\/p>\n","protected":false},"featured_media":1984,"comment_status":"open","ping_status":"closed","template":"","meta":{"_joinchat":[]},"product_brand":[],"product_cat":[15],"product_tag":[],"class_list":{"0":"post-1982","1":"product","2":"type-product","3":"status-publish","4":"has-post-thumbnail","6":"product_cat-sin-categorizar","8":"first","9":"instock","10":"shipping-taxable","11":"product-type-simple"},"yoast_head":"<!-- This site is optimized with the Yoast SEO plugin v26.4 - https:\/\/yoast.com\/wordpress\/plugins\/seo\/ -->\n<title>Campana de flujo testo 420 con Bluetooth, incluye estuche y certificado NIST - Abaa tienda online<\/title>\n<meta name=\"robots\" content=\"index, follow, max-snippet:-1, max-image-preview:large, max-video-preview:-1\" \/>\n<link rel=\"canonical\" href=\"https:\/\/abaa.mx\/tienda\/campana-de-flujo-testo-420-con-bluetooth-incluye-estuche-y-certificado-nist\/\" \/>\n<meta property=\"og:locale\" content=\"es_MX\" \/>\n<meta property=\"og:type\" content=\"article\" \/>\n<meta property=\"og:title\" content=\"Campana de flujo testo 420 con Bluetooth, incluye estuche y certificado NIST - Abaa tienda online\" \/>\n<meta property=\"og:description\" content=\"Ofertas del kit testo 420 Al regular los flujos volum\u00e9tricos en salidas turbulentas, la plancha mejora la precisi\u00f3n de la medici\u00f3n y le ahorra tiempo y dolores de cabeza en situaciones dif\u00edciles.\" \/>\n<meta property=\"og:url\" content=\"https:\/\/abaa.mx\/tienda\/campana-de-flujo-testo-420-con-bluetooth-incluye-estuche-y-certificado-nist\/\" \/>\n<meta property=\"og:site_name\" content=\"Abaa tienda online\" \/>\n<meta property=\"article:modified_time\" content=\"2023-09-19T15:32:09+00:00\" \/>\n<meta property=\"og:image\" content=\"https:\/\/abaa.mx\/tienda\/wp-content\/uploads\/2023\/09\/420.jpg\" \/>\n\t<meta property=\"og:image:width\" content=\"270\" \/>\n\t<meta property=\"og:image:height\" content=\"363\" \/>\n\t<meta property=\"og:image:type\" content=\"image\/jpeg\" \/>\n<meta name=\"twitter:card\" content=\"summary_large_image\" \/>\n<meta name=\"twitter:label1\" content=\"Tiempo de lectura\" \/>\n\t<meta name=\"twitter:data1\" content=\"2 minutos\" \/>\n<script type=\"application\/ld+json\" class=\"yoast-schema-graph\">{\"@context\":\"https:\/\/schema.org\",\"@graph\":[{\"@type\":\"WebPage\",\"@id\":\"https:\/\/abaa.mx\/tienda\/campana-de-flujo-testo-420-con-bluetooth-incluye-estuche-y-certificado-nist\/\",\"url\":\"https:\/\/abaa.mx\/tienda\/campana-de-flujo-testo-420-con-bluetooth-incluye-estuche-y-certificado-nist\/\",\"name\":\"Campana de flujo testo 420 con Bluetooth, incluye estuche y certificado NIST - Abaa tienda online\",\"isPartOf\":{\"@id\":\"https:\/\/abaa.mx\/tienda\/#website\"},\"primaryImageOfPage\":{\"@id\":\"https:\/\/abaa.mx\/tienda\/campana-de-flujo-testo-420-con-bluetooth-incluye-estuche-y-certificado-nist\/#primaryimage\"},\"image\":{\"@id\":\"https:\/\/abaa.mx\/tienda\/campana-de-flujo-testo-420-con-bluetooth-incluye-estuche-y-certificado-nist\/#primaryimage\"},\"thumbnailUrl\":\"https:\/\/abaa.mx\/tienda\/wp-content\/uploads\/2023\/09\/420.jpg\",\"datePublished\":\"2023-09-19T15:32:08+00:00\",\"dateModified\":\"2023-09-19T15:32:09+00:00\",\"breadcrumb\":{\"@id\":\"https:\/\/abaa.mx\/tienda\/campana-de-flujo-testo-420-con-bluetooth-incluye-estuche-y-certificado-nist\/#breadcrumb\"},\"inLanguage\":\"es\",\"potentialAction\":[{\"@type\":\"ReadAction\",\"target\":[\"https:\/\/abaa.mx\/tienda\/campana-de-flujo-testo-420-con-bluetooth-incluye-estuche-y-certificado-nist\/\"]}]},{\"@type\":\"ImageObject\",\"inLanguage\":\"es\",\"@id\":\"https:\/\/abaa.mx\/tienda\/campana-de-flujo-testo-420-con-bluetooth-incluye-estuche-y-certificado-nist\/#primaryimage\",\"url\":\"https:\/\/abaa.mx\/tienda\/wp-content\/uploads\/2023\/09\/420.jpg\",\"contentUrl\":\"https:\/\/abaa.mx\/tienda\/wp-content\/uploads\/2023\/09\/420.jpg\",\"width\":270,\"height\":363,\"caption\":\"campana-de-flujo-testo-420-con-bluetooth-incluye-estuche-y-certificado-nist\"},{\"@type\":\"BreadcrumbList\",\"@id\":\"https:\/\/abaa.mx\/tienda\/campana-de-flujo-testo-420-con-bluetooth-incluye-estuche-y-certificado-nist\/#breadcrumb\",\"itemListElement\":[{\"@type\":\"ListItem\",\"position\":1,\"name\":\"Inicio\",\"item\":\"https:\/\/abaa.mx\/tienda\/\"},{\"@type\":\"ListItem\",\"position\":2,\"name\":\"Tienda\",\"item\":\"https:\/\/abaa.mx\/tienda\/\"},{\"@type\":\"ListItem\",\"position\":3,\"name\":\"Campana de flujo testo 420 con Bluetooth, incluye estuche y certificado NIST\"}]},{\"@type\":\"WebSite\",\"@id\":\"https:\/\/abaa.mx\/tienda\/#website\",\"url\":\"https:\/\/abaa.mx\/tienda\/\",\"name\":\"Abaa tienda online\",\"description\":\"Instrumentos de medici\u00f3n\",\"publisher\":{\"@id\":\"https:\/\/abaa.mx\/tienda\/#organization\"},\"potentialAction\":[{\"@type\":\"SearchAction\",\"target\":{\"@type\":\"EntryPoint\",\"urlTemplate\":\"https:\/\/abaa.mx\/tienda\/?s={search_term_string}\"},\"query-input\":{\"@type\":\"PropertyValueSpecification\",\"valueRequired\":true,\"valueName\":\"search_term_string\"}}],\"inLanguage\":\"es\"},{\"@type\":\"Organization\",\"@id\":\"https:\/\/abaa.mx\/tienda\/#organization\",\"name\":\"Abaa tienda online\",\"url\":\"https:\/\/abaa.mx\/tienda\/\",\"logo\":{\"@type\":\"ImageObject\",\"inLanguage\":\"es\",\"@id\":\"https:\/\/abaa.mx\/tienda\/#\/schema\/logo\/image\/\",\"url\":\"https:\/\/abaa.mx\/tienda\/wp-content\/uploads\/2024\/01\/abaa-metrologia-tienda.png\",\"contentUrl\":\"https:\/\/abaa.mx\/tienda\/wp-content\/uploads\/2024\/01\/abaa-metrologia-tienda.png\",\"width\":300,\"height\":141,\"caption\":\"Abaa tienda online\"},\"image\":{\"@id\":\"https:\/\/abaa.mx\/tienda\/#\/schema\/logo\/image\/\"}}]}<\/script>\n<!-- \/ Yoast SEO plugin. -->","yoast_head_json":{"title":"Campana de flujo testo 420 con Bluetooth, incluye estuche y certificado NIST - Abaa tienda online","robots":{"index":"index","follow":"follow","max-snippet":"max-snippet:-1","max-image-preview":"max-image-preview:large","max-video-preview":"max-video-preview:-1"},"canonical":"https:\/\/abaa.mx\/tienda\/campana-de-flujo-testo-420-con-bluetooth-incluye-estuche-y-certificado-nist\/","og_locale":"es_MX","og_type":"article","og_title":"Campana de flujo testo 420 con Bluetooth, incluye estuche y certificado NIST - Abaa tienda online","og_description":"Ofertas del kit testo 420 Al regular los flujos volum\u00e9tricos en salidas turbulentas, la plancha mejora la precisi\u00f3n de la medici\u00f3n y le ahorra tiempo y dolores de cabeza en situaciones dif\u00edciles.","og_url":"https:\/\/abaa.mx\/tienda\/campana-de-flujo-testo-420-con-bluetooth-incluye-estuche-y-certificado-nist\/","og_site_name":"Abaa tienda online","article_modified_time":"2023-09-19T15:32:09+00:00","og_image":[{"width":270,"height":363,"url":"https:\/\/abaa.mx\/tienda\/wp-content\/uploads\/2023\/09\/420.jpg","type":"image\/jpeg"}],"twitter_card":"summary_large_image","twitter_misc":{"Tiempo de lectura":"2 minutos"},"schema":{"@context":"https:\/\/schema.org","@graph":[{"@type":"WebPage","@id":"https:\/\/abaa.mx\/tienda\/campana-de-flujo-testo-420-con-bluetooth-incluye-estuche-y-certificado-nist\/","url":"https:\/\/abaa.mx\/tienda\/campana-de-flujo-testo-420-con-bluetooth-incluye-estuche-y-certificado-nist\/","name":"Campana de flujo testo 420 con Bluetooth, incluye estuche y certificado NIST - Abaa tienda online","isPartOf":{"@id":"https:\/\/abaa.mx\/tienda\/#website"},"primaryImageOfPage":{"@id":"https:\/\/abaa.mx\/tienda\/campana-de-flujo-testo-420-con-bluetooth-incluye-estuche-y-certificado-nist\/#primaryimage"},"image":{"@id":"https:\/\/abaa.mx\/tienda\/campana-de-flujo-testo-420-con-bluetooth-incluye-estuche-y-certificado-nist\/#primaryimage"},"thumbnailUrl":"https:\/\/abaa.mx\/tienda\/wp-content\/uploads\/2023\/09\/420.jpg","datePublished":"2023-09-19T15:32:08+00:00","dateModified":"2023-09-19T15:32:09+00:00","breadcrumb":{"@id":"https:\/\/abaa.mx\/tienda\/campana-de-flujo-testo-420-con-bluetooth-incluye-estuche-y-certificado-nist\/#breadcrumb"},"inLanguage":"es","potentialAction":[{"@type":"ReadAction","target":["https:\/\/abaa.mx\/tienda\/campana-de-flujo-testo-420-con-bluetooth-incluye-estuche-y-certificado-nist\/"]}]},{"@type":"ImageObject","inLanguage":"es","@id":"https:\/\/abaa.mx\/tienda\/campana-de-flujo-testo-420-con-bluetooth-incluye-estuche-y-certificado-nist\/#primaryimage","url":"https:\/\/abaa.mx\/tienda\/wp-content\/uploads\/2023\/09\/420.jpg","contentUrl":"https:\/\/abaa.mx\/tienda\/wp-content\/uploads\/2023\/09\/420.jpg","width":270,"height":363,"caption":"campana-de-flujo-testo-420-con-bluetooth-incluye-estuche-y-certificado-nist"},{"@type":"BreadcrumbList","@id":"https:\/\/abaa.mx\/tienda\/campana-de-flujo-testo-420-con-bluetooth-incluye-estuche-y-certificado-nist\/#breadcrumb","itemListElement":[{"@type":"ListItem","position":1,"name":"Inicio","item":"https:\/\/abaa.mx\/tienda\/"},{"@type":"ListItem","position":2,"name":"Tienda","item":"https:\/\/abaa.mx\/tienda\/"},{"@type":"ListItem","position":3,"name":"Campana de flujo testo 420 con Bluetooth, incluye estuche y certificado NIST"}]},{"@type":"WebSite","@id":"https:\/\/abaa.mx\/tienda\/#website","url":"https:\/\/abaa.mx\/tienda\/","name":"Abaa tienda online","description":"Instrumentos de medici\u00f3n","publisher":{"@id":"https:\/\/abaa.mx\/tienda\/#organization"},"potentialAction":[{"@type":"SearchAction","target":{"@type":"EntryPoint","urlTemplate":"https:\/\/abaa.mx\/tienda\/?s={search_term_string}"},"query-input":{"@type":"PropertyValueSpecification","valueRequired":true,"valueName":"search_term_string"}}],"inLanguage":"es"},{"@type":"Organization","@id":"https:\/\/abaa.mx\/tienda\/#organization","name":"Abaa tienda online","url":"https:\/\/abaa.mx\/tienda\/","logo":{"@type":"ImageObject","inLanguage":"es","@id":"https:\/\/abaa.mx\/tienda\/#\/schema\/logo\/image\/","url":"https:\/\/abaa.mx\/tienda\/wp-content\/uploads\/2024\/01\/abaa-metrologia-tienda.png","contentUrl":"https:\/\/abaa.mx\/tienda\/wp-content\/uploads\/2024\/01\/abaa-metrologia-tienda.png","width":300,"height":141,"caption":"Abaa tienda online"},"image":{"@id":"https:\/\/abaa.mx\/tienda\/#\/schema\/logo\/image\/"}}]}},"_links":{"self":[{"href":"https:\/\/abaa.mx\/tienda\/wp-json\/wp\/v2\/product\/1982","targetHints":{"allow":["GET"]}}],"collection":[{"href":"https:\/\/abaa.mx\/tienda\/wp-json\/wp\/v2\/product"}],"about":[{"href":"https:\/\/abaa.mx\/tienda\/wp-json\/wp\/v2\/types\/product"}],"replies":[{"embeddable":true,"href":"https:\/\/abaa.mx\/tienda\/wp-json\/wp\/v2\/comments?post=1982"}],"wp:featuredmedia":[{"embeddable":true,"href":"https:\/\/abaa.mx\/tienda\/wp-json\/wp\/v2\/media\/1984"}],"wp:attachment":[{"href":"https:\/\/abaa.mx\/tienda\/wp-json\/wp\/v2\/media?parent=1982"}],"wp:term":[{"taxonomy":"product_brand","embeddable":true,"href":"https:\/\/abaa.mx\/tienda\/wp-json\/wp\/v2\/product_brand?post=1982"},{"taxonomy":"product_cat","embeddable":true,"href":"https:\/\/abaa.mx\/tienda\/wp-json\/wp\/v2\/product_cat?post=1982"},{"taxonomy":"product_tag","embeddable":true,"href":"https:\/\/abaa.mx\/tienda\/wp-json\/wp\/v2\/product_tag?post=1982"}],"curies":[{"name":"wp","href":"https:\/\/api.w.org\/{rel}","templated":true}]}}