{"id":1974,"date":"2023-09-19T15:17:38","date_gmt":"2023-09-19T15:17:38","guid":{"rendered":"https:\/\/abaa.mx\/tienda\/?post_type=product&#038;p=1974"},"modified":"2024-01-05T20:32:47","modified_gmt":"2024-01-05T20:32:47","slug":"campana-de-captura-del-balometro-tsi-alnor-ebt731","status":"publish","type":"product","link":"https:\/\/abaa.mx\/tienda\/campana-de-captura-del-balometro-tsi-alnor-ebt731\/","title":{"rendered":"Campana De Captura Del Bal\u00f3metro Tsi-Alnor Ebt731"},"content":{"rendered":"<h4>Ofertas de TSI\/Alnor EBT731<\/h4>\n<p>Utilizado principalmente para tomar eficientemente lecturas directas de volumen de aire en difusores y rejillas, este kit de campana de captura cuenta con un microman\u00f3metro desmontable que se puede usar con sondas opcionales (se venden por separado) para una mayor flexibilidad en m\u00faltiples aplicaciones de medici\u00f3n.<\/p>\n<h4><strong>Funciones de capucha de captura:<\/strong><\/h4>\n<ul>\n<li>El dise\u00f1o ergon\u00f3mico y ligero permite una f\u00e1cil operaci\u00f3n de una sola persona<\/li>\n<li>La detecci\u00f3n autom\u00e1tica y la visualizaci\u00f3n de los flujos de suministro o retorno ahorran tiempo en el trabajo<\/li>\n<li>La compensaci\u00f3n de contrapresi\u00f3n garantiza lecturas precisas a altos caudales<\/li>\n<li>El microman\u00f3metro digital desmontable proporciona capacidad de medici\u00f3n adicional<\/li>\n<li>Las m\u00faltiples opciones de tama\u00f1o de campana permiten medir diferentes dimensiones de salida<\/li>\n<li>La opci\u00f3n compatible LogDat Mobile Remote Reader and Data Logger Software simplifica la documentaci\u00f3n de los resultados y el env\u00edo por correo electr\u00f3nico de informes<\/li>\n<li>El soporte de capucha de captura elimina la necesidad de escaleras (llegando a difusores de hasta 15&#8242; [4,5 m])<\/li>\n<\/ul>\n<h4><strong>Caracter\u00edsticas del microman\u00f3metro:<\/strong><\/h4>\n<ul>\n<li>La medici\u00f3n precisa de presi\u00f3n, velocidad y flujo cumple con los est\u00e1ndares de la industria<\/li>\n<li>El sensor de presi\u00f3n de puesta a cero autom\u00e1tico reduce los pasos del usuario y ahorra tiempo<\/li>\n<li>La correcci\u00f3n autom\u00e1tica de densidad aumenta la precisi\u00f3n de lectura<\/li>\n<li>La gran pantalla gr\u00e1fica retroiluminada ofrece una interfaz f\u00e1cil de usar: hasta cinco mediciones simult\u00e1neas, mensajes e instrucciones en pantalla, capacidad multiling\u00fce<\/li>\n<li>Estructura de men\u00fa intuitiva para una f\u00e1cil operaci\u00f3n<\/li>\n<li>La aplicaci\u00f3n integrada de mapeo de recorrido de conductos Log-Tchebycheff simplifica los c\u00e1lculos<\/li>\n<li>La comunicaci\u00f3n bidireccional Bluetooth facilita la transferencia de datos y permite el uso del software LogDat Mobile Remote Reader y Data Logger para dispositivos Android<\/li>\n<\/ul>\n<h4><strong>Aplicaciones:<\/strong><\/h4>\n<ul>\n<li>Prueba y equilibrio<\/li>\n<li>Comisionamiento<\/li>\n<li>Gesti\u00f3n de instalaciones<\/li>\n<li>Salud y seguridad<\/li>\n<li>Sistema de ventilaci\u00f3n<\/li>\n<li>HVAC\/R<\/li>\n<\/ul>\n<p>&nbsp;<\/p>\n","protected":false},"excerpt":{"rendered":"<h3>Ofertas de TSI\/Alnor EBT731.<\/h3>\n<p>Utilizado principalmente para tomar eficientemente lecturas directas de volumen de aire en difusores y rejillas, este kit de campana de captura cuenta con un microman\u00f3metro desmontable que se puede usar con sondas opcionales (se venden por separado) para una mayor flexibilidad en m\u00faltiples aplicaciones de medici\u00f3n.<\/p>\n","protected":false},"featured_media":1975,"comment_status":"open","ping_status":"closed","template":"","meta":{"_joinchat":[]},"product_brand":[],"product_cat":[15],"product_tag":[],"class_list":{"0":"post-1974","1":"product","2":"type-product","3":"status-publish","4":"has-post-thumbnail","6":"product_cat-sin-categorizar","8":"first","9":"instock","10":"shipping-taxable","11":"product-type-simple"},"yoast_head":"<!-- This site is optimized with the Yoast SEO plugin v26.4 - https:\/\/yoast.com\/wordpress\/plugins\/seo\/ -->\n<title>Campana De Captura Del Bal\u00f3metro Tsi-Alnor Ebt731 - Abaa tienda online<\/title>\n<meta name=\"robots\" content=\"index, follow, max-snippet:-1, max-image-preview:large, max-video-preview:-1\" \/>\n<link rel=\"canonical\" href=\"https:\/\/abaa.mx\/tienda\/campana-de-captura-del-balometro-tsi-alnor-ebt731\/\" \/>\n<meta property=\"og:locale\" content=\"es_MX\" \/>\n<meta property=\"og:type\" content=\"article\" \/>\n<meta property=\"og:title\" content=\"Campana De Captura Del Bal\u00f3metro Tsi-Alnor Ebt731 - Abaa tienda online\" \/>\n<meta property=\"og:description\" content=\"Ofertas de TSI\/Alnor EBT731. Utilizado principalmente para tomar eficientemente lecturas directas de volumen de aire en difusores y rejillas, este kit de campana de captura cuenta con un microman\u00f3metro desmontable que se puede usar con sondas opcionales (se venden por separado) para una mayor flexibilidad en m\u00faltiples aplicaciones de medici\u00f3n.\" \/>\n<meta property=\"og:url\" content=\"https:\/\/abaa.mx\/tienda\/campana-de-captura-del-balometro-tsi-alnor-ebt731\/\" \/>\n<meta property=\"og:site_name\" content=\"Abaa tienda online\" \/>\n<meta property=\"article:modified_time\" content=\"2024-01-05T20:32:47+00:00\" \/>\n<meta property=\"og:image\" content=\"https:\/\/abaa.mx\/tienda\/wp-content\/uploads\/2023\/09\/EBT721.jpg\" \/>\n\t<meta property=\"og:image:width\" content=\"270\" \/>\n\t<meta property=\"og:image:height\" content=\"320\" \/>\n\t<meta property=\"og:image:type\" content=\"image\/jpeg\" \/>\n<meta name=\"twitter:card\" content=\"summary_large_image\" \/>\n<meta name=\"twitter:label1\" content=\"Tiempo de lectura\" \/>\n\t<meta name=\"twitter:data1\" content=\"2 minutos\" \/>\n<script type=\"application\/ld+json\" class=\"yoast-schema-graph\">{\"@context\":\"https:\/\/schema.org\",\"@graph\":[{\"@type\":\"WebPage\",\"@id\":\"https:\/\/abaa.mx\/tienda\/campana-de-captura-del-balometro-tsi-alnor-ebt731\/\",\"url\":\"https:\/\/abaa.mx\/tienda\/campana-de-captura-del-balometro-tsi-alnor-ebt731\/\",\"name\":\"Campana De Captura Del Bal\u00f3metro Tsi-Alnor Ebt731 - Abaa tienda online\",\"isPartOf\":{\"@id\":\"https:\/\/abaa.mx\/tienda\/#website\"},\"primaryImageOfPage\":{\"@id\":\"https:\/\/abaa.mx\/tienda\/campana-de-captura-del-balometro-tsi-alnor-ebt731\/#primaryimage\"},\"image\":{\"@id\":\"https:\/\/abaa.mx\/tienda\/campana-de-captura-del-balometro-tsi-alnor-ebt731\/#primaryimage\"},\"thumbnailUrl\":\"https:\/\/abaa.mx\/tienda\/wp-content\/uploads\/2023\/09\/EBT721.jpg\",\"datePublished\":\"2023-09-19T15:17:38+00:00\",\"dateModified\":\"2024-01-05T20:32:47+00:00\",\"breadcrumb\":{\"@id\":\"https:\/\/abaa.mx\/tienda\/campana-de-captura-del-balometro-tsi-alnor-ebt731\/#breadcrumb\"},\"inLanguage\":\"es\",\"potentialAction\":[{\"@type\":\"ReadAction\",\"target\":[\"https:\/\/abaa.mx\/tienda\/campana-de-captura-del-balometro-tsi-alnor-ebt731\/\"]}]},{\"@type\":\"ImageObject\",\"inLanguage\":\"es\",\"@id\":\"https:\/\/abaa.mx\/tienda\/campana-de-captura-del-balometro-tsi-alnor-ebt731\/#primaryimage\",\"url\":\"https:\/\/abaa.mx\/tienda\/wp-content\/uploads\/2023\/09\/EBT721.jpg\",\"contentUrl\":\"https:\/\/abaa.mx\/tienda\/wp-content\/uploads\/2023\/09\/EBT721.jpg\",\"width\":270,\"height\":320,\"caption\":\"campana-de-captura-del-balometro-tsi-alnor-ebt731\"},{\"@type\":\"BreadcrumbList\",\"@id\":\"https:\/\/abaa.mx\/tienda\/campana-de-captura-del-balometro-tsi-alnor-ebt731\/#breadcrumb\",\"itemListElement\":[{\"@type\":\"ListItem\",\"position\":1,\"name\":\"Inicio\",\"item\":\"https:\/\/abaa.mx\/tienda\/\"},{\"@type\":\"ListItem\",\"position\":2,\"name\":\"Tienda\",\"item\":\"https:\/\/abaa.mx\/tienda\/\"},{\"@type\":\"ListItem\",\"position\":3,\"name\":\"Campana De Captura Del Bal\u00f3metro Tsi-Alnor Ebt731\"}]},{\"@type\":\"WebSite\",\"@id\":\"https:\/\/abaa.mx\/tienda\/#website\",\"url\":\"https:\/\/abaa.mx\/tienda\/\",\"name\":\"Abaa tienda online\",\"description\":\"Instrumentos de medici\u00f3n\",\"publisher\":{\"@id\":\"https:\/\/abaa.mx\/tienda\/#organization\"},\"potentialAction\":[{\"@type\":\"SearchAction\",\"target\":{\"@type\":\"EntryPoint\",\"urlTemplate\":\"https:\/\/abaa.mx\/tienda\/?s={search_term_string}\"},\"query-input\":{\"@type\":\"PropertyValueSpecification\",\"valueRequired\":true,\"valueName\":\"search_term_string\"}}],\"inLanguage\":\"es\"},{\"@type\":\"Organization\",\"@id\":\"https:\/\/abaa.mx\/tienda\/#organization\",\"name\":\"Abaa tienda online\",\"url\":\"https:\/\/abaa.mx\/tienda\/\",\"logo\":{\"@type\":\"ImageObject\",\"inLanguage\":\"es\",\"@id\":\"https:\/\/abaa.mx\/tienda\/#\/schema\/logo\/image\/\",\"url\":\"https:\/\/abaa.mx\/tienda\/wp-content\/uploads\/2024\/01\/abaa-metrologia-tienda.png\",\"contentUrl\":\"https:\/\/abaa.mx\/tienda\/wp-content\/uploads\/2024\/01\/abaa-metrologia-tienda.png\",\"width\":300,\"height\":141,\"caption\":\"Abaa tienda online\"},\"image\":{\"@id\":\"https:\/\/abaa.mx\/tienda\/#\/schema\/logo\/image\/\"}}]}<\/script>\n<!-- \/ Yoast SEO plugin. -->","yoast_head_json":{"title":"Campana De Captura Del Bal\u00f3metro Tsi-Alnor Ebt731 - Abaa tienda online","robots":{"index":"index","follow":"follow","max-snippet":"max-snippet:-1","max-image-preview":"max-image-preview:large","max-video-preview":"max-video-preview:-1"},"canonical":"https:\/\/abaa.mx\/tienda\/campana-de-captura-del-balometro-tsi-alnor-ebt731\/","og_locale":"es_MX","og_type":"article","og_title":"Campana De Captura Del Bal\u00f3metro Tsi-Alnor Ebt731 - Abaa tienda online","og_description":"Ofertas de TSI\/Alnor EBT731. Utilizado principalmente para tomar eficientemente lecturas directas de volumen de aire en difusores y rejillas, este kit de campana de captura cuenta con un microman\u00f3metro desmontable que se puede usar con sondas opcionales (se venden por separado) para una mayor flexibilidad en m\u00faltiples aplicaciones de medici\u00f3n.","og_url":"https:\/\/abaa.mx\/tienda\/campana-de-captura-del-balometro-tsi-alnor-ebt731\/","og_site_name":"Abaa tienda online","article_modified_time":"2024-01-05T20:32:47+00:00","og_image":[{"width":270,"height":320,"url":"https:\/\/abaa.mx\/tienda\/wp-content\/uploads\/2023\/09\/EBT721.jpg","type":"image\/jpeg"}],"twitter_card":"summary_large_image","twitter_misc":{"Tiempo de lectura":"2 minutos"},"schema":{"@context":"https:\/\/schema.org","@graph":[{"@type":"WebPage","@id":"https:\/\/abaa.mx\/tienda\/campana-de-captura-del-balometro-tsi-alnor-ebt731\/","url":"https:\/\/abaa.mx\/tienda\/campana-de-captura-del-balometro-tsi-alnor-ebt731\/","name":"Campana De Captura Del Bal\u00f3metro Tsi-Alnor Ebt731 - Abaa tienda online","isPartOf":{"@id":"https:\/\/abaa.mx\/tienda\/#website"},"primaryImageOfPage":{"@id":"https:\/\/abaa.mx\/tienda\/campana-de-captura-del-balometro-tsi-alnor-ebt731\/#primaryimage"},"image":{"@id":"https:\/\/abaa.mx\/tienda\/campana-de-captura-del-balometro-tsi-alnor-ebt731\/#primaryimage"},"thumbnailUrl":"https:\/\/abaa.mx\/tienda\/wp-content\/uploads\/2023\/09\/EBT721.jpg","datePublished":"2023-09-19T15:17:38+00:00","dateModified":"2024-01-05T20:32:47+00:00","breadcrumb":{"@id":"https:\/\/abaa.mx\/tienda\/campana-de-captura-del-balometro-tsi-alnor-ebt731\/#breadcrumb"},"inLanguage":"es","potentialAction":[{"@type":"ReadAction","target":["https:\/\/abaa.mx\/tienda\/campana-de-captura-del-balometro-tsi-alnor-ebt731\/"]}]},{"@type":"ImageObject","inLanguage":"es","@id":"https:\/\/abaa.mx\/tienda\/campana-de-captura-del-balometro-tsi-alnor-ebt731\/#primaryimage","url":"https:\/\/abaa.mx\/tienda\/wp-content\/uploads\/2023\/09\/EBT721.jpg","contentUrl":"https:\/\/abaa.mx\/tienda\/wp-content\/uploads\/2023\/09\/EBT721.jpg","width":270,"height":320,"caption":"campana-de-captura-del-balometro-tsi-alnor-ebt731"},{"@type":"BreadcrumbList","@id":"https:\/\/abaa.mx\/tienda\/campana-de-captura-del-balometro-tsi-alnor-ebt731\/#breadcrumb","itemListElement":[{"@type":"ListItem","position":1,"name":"Inicio","item":"https:\/\/abaa.mx\/tienda\/"},{"@type":"ListItem","position":2,"name":"Tienda","item":"https:\/\/abaa.mx\/tienda\/"},{"@type":"ListItem","position":3,"name":"Campana De Captura Del Bal\u00f3metro Tsi-Alnor Ebt731"}]},{"@type":"WebSite","@id":"https:\/\/abaa.mx\/tienda\/#website","url":"https:\/\/abaa.mx\/tienda\/","name":"Abaa tienda online","description":"Instrumentos de medici\u00f3n","publisher":{"@id":"https:\/\/abaa.mx\/tienda\/#organization"},"potentialAction":[{"@type":"SearchAction","target":{"@type":"EntryPoint","urlTemplate":"https:\/\/abaa.mx\/tienda\/?s={search_term_string}"},"query-input":{"@type":"PropertyValueSpecification","valueRequired":true,"valueName":"search_term_string"}}],"inLanguage":"es"},{"@type":"Organization","@id":"https:\/\/abaa.mx\/tienda\/#organization","name":"Abaa tienda online","url":"https:\/\/abaa.mx\/tienda\/","logo":{"@type":"ImageObject","inLanguage":"es","@id":"https:\/\/abaa.mx\/tienda\/#\/schema\/logo\/image\/","url":"https:\/\/abaa.mx\/tienda\/wp-content\/uploads\/2024\/01\/abaa-metrologia-tienda.png","contentUrl":"https:\/\/abaa.mx\/tienda\/wp-content\/uploads\/2024\/01\/abaa-metrologia-tienda.png","width":300,"height":141,"caption":"Abaa tienda online"},"image":{"@id":"https:\/\/abaa.mx\/tienda\/#\/schema\/logo\/image\/"}}]}},"_links":{"self":[{"href":"https:\/\/abaa.mx\/tienda\/wp-json\/wp\/v2\/product\/1974","targetHints":{"allow":["GET"]}}],"collection":[{"href":"https:\/\/abaa.mx\/tienda\/wp-json\/wp\/v2\/product"}],"about":[{"href":"https:\/\/abaa.mx\/tienda\/wp-json\/wp\/v2\/types\/product"}],"replies":[{"embeddable":true,"href":"https:\/\/abaa.mx\/tienda\/wp-json\/wp\/v2\/comments?post=1974"}],"wp:featuredmedia":[{"embeddable":true,"href":"https:\/\/abaa.mx\/tienda\/wp-json\/wp\/v2\/media\/1975"}],"wp:attachment":[{"href":"https:\/\/abaa.mx\/tienda\/wp-json\/wp\/v2\/media?parent=1974"}],"wp:term":[{"taxonomy":"product_brand","embeddable":true,"href":"https:\/\/abaa.mx\/tienda\/wp-json\/wp\/v2\/product_brand?post=1974"},{"taxonomy":"product_cat","embeddable":true,"href":"https:\/\/abaa.mx\/tienda\/wp-json\/wp\/v2\/product_cat?post=1974"},{"taxonomy":"product_tag","embeddable":true,"href":"https:\/\/abaa.mx\/tienda\/wp-json\/wp\/v2\/product_tag?post=1974"}],"curies":[{"name":"wp","href":"https:\/\/api.w.org\/{rel}","templated":true}]}}