{"id":1970,"date":"2023-09-19T15:00:39","date_gmt":"2023-09-19T15:00:39","guid":{"rendered":"https:\/\/abaa.mx\/tienda\/?post_type=product&#038;p=1970"},"modified":"2023-09-19T15:00:40","modified_gmt":"2023-09-19T15:00:40","slug":"termometro-digital-steren-ter-100","status":"publish","type":"product","link":"https:\/\/abaa.mx\/tienda\/termometro-digital-steren-ter-100\/","title":{"rendered":"Termometro digital steren ter-100"},"content":{"rendered":"<h1>Term\u00f3metro digital Steren\u00a0ter-100<\/h1>\n<p>Este term\u00f3metro digital permite conocer la temperatura de espacios interiores y exteriores, incluso puede ser medida simult\u00e1neamente, ya que, gracias a su sensor con cable de 1,8 m, podr\u00e1s colocar el term\u00f3metro adentro y el sensor afuera. Puedes definir una temperatura m\u00e1xima o m\u00ednima para que, en caso de que esta salga del rango que fijaste, se active una alarma. Tiene pantalla LCD que muestra ambas temperaturas en grados cent\u00edgrados o Fahrenheit.<\/p>\n<div id=\"contentRecommendationWidget_7_-2000_3074457345618401504\" class=\"contentRecommendationWidget\">\n<div class=\"left_espot\">\n<div class=\"title\">\n<h4 id=\"title-bloque1\" class=\"title-ribbon\">Especificaciones T\u00e9cnicas<\/h4>\n<\/div>\n<\/div>\n<\/div>\n<table id=\"descriptive_Attribute_Table\" class=\"tablePod tableSplit\" role=\"presentation\" border=\"0\" width=\"100%\">\n<tbody>\n<tr>\n<td class=\"even\" width=\"25%\"><span id=\"descAttributeName_1_7_-2018_3074457345618325082\">Largo<\/span><\/td>\n<td width=\"25%\"><span id=\"descAttributeValue_1_7_-2018_3074457345618325082\">10,5 cm<\/span><\/td>\n<td class=\"even\" width=\"25%\"><span id=\"descAttributeName_2_7_-2018_3074457345618325082\">Ancho<\/span><\/td>\n<td width=\"25%\"><span id=\"descAttributeValue_2_7_-2018_3074457345618325082\">12,3 cm<\/span><\/td>\n<\/tr>\n<tr>\n<td class=\"even\" width=\"25%\"><span id=\"descAttributeName_3_7_-2018_3074457345618325082\">Profundidad<\/span><\/td>\n<td width=\"25%\"><span id=\"descAttributeValue_3_7_-2018_3074457345618325082\">19 cm<\/span><\/td>\n<td class=\"even\" width=\"25%\"><span id=\"descAttributeName_4_7_-2018_3074457345618325082\">Di\u00e1metro<\/span><\/td>\n<td width=\"25%\"><span id=\"descAttributeValue_4_7_-2018_3074457345618325082\">2,337 cm<\/span><\/td>\n<\/tr>\n<tr>\n<td class=\"even\" width=\"25%\"><span id=\"descAttributeName_5_7_-2018_3074457345618325082\">Espesor<\/span><\/td>\n<td width=\"25%\"><span id=\"descAttributeValue_5_7_-2018_3074457345618325082\">10,5 mm<\/span><\/td>\n<td class=\"even\" width=\"25%\"><span id=\"descAttributeName_6_7_-2018_3074457345618325082\">Material<\/span><\/td>\n<td width=\"25%\"><span id=\"descAttributeValue_6_7_-2018_3074457345618325082\">Pl\u00e1stico, metal<\/span><\/td>\n<\/tr>\n<tr>\n<td class=\"even\" width=\"25%\"><span id=\"descAttributeName_7_7_-2018_3074457345618325082\">Color<\/span><\/td>\n<td width=\"25%\"><span id=\"descAttributeValue_7_7_-2018_3074457345618325082\">Blanco<\/span><\/td>\n<td class=\"even\" width=\"25%\"><span id=\"descAttributeName_8_7_-2018_3074457345618325082\">Peso<\/span><\/td>\n<td width=\"25%\"><span id=\"descAttributeValue_8_7_-2018_3074457345618325082\">0,14 kg<\/span><\/td>\n<\/tr>\n<tr>\n<td class=\"even\" width=\"25%\"><span id=\"descAttributeName_9_7_-2018_3074457345618325082\">Garant\u00eda proveedor<\/span><\/td>\n<td width=\"25%\"><span id=\"descAttributeValue_9_7_-2018_3074457345618325082\">12 meses<\/span><\/td>\n<td class=\"even\" width=\"25%\"><span id=\"descAttributeName_10_7_-2018_3074457345618325082\">Modelo<\/span><\/td>\n<td width=\"25%\"><span id=\"descAttributeValue_10_7_-2018_3074457345618325082\">Mar-100<\/span><\/td>\n<\/tr>\n<tr>\n<td class=\"even\" width=\"25%\"><span id=\"descAttributeName_11_7_-2018_3074457345618325082\">Legal<\/span><\/td>\n<td width=\"25%\"><span id=\"descAttributeValue_11_7_-2018_3074457345618325082\">Por defecto de fabricaci\u00f3n<\/span><\/td>\n<td class=\"even\" width=\"25%\"><span id=\"descAttributeName_12_7_-2018_3074457345618325082\">Acabado<\/span><\/td>\n<td width=\"25%\"><span id=\"descAttributeValue_12_7_-2018_3074457345618325082\">Compa\u00f1ero<\/span><\/td>\n<\/tr>\n<\/tbody>\n<\/table>\n","protected":false},"excerpt":{"rendered":"<p>Este term\u00f3metro digital permite conocer la temperatura de espacios interiores y exteriores, incluso puede ser medida simult\u00e1neamente, ya que, gracias a su sensor con cable de 1,8 m, podr\u00e1s colocar el term\u00f3metro adentro y el sensor afuera. Puedes definir una temperatura m\u00e1xima o m\u00ednima para que, en caso de que esta salga del rango que fijaste, se active una alarma. Tiene pantalla LCD que muestra ambas temperaturas en grados cent\u00edgrados o Fahrenheit<\/p>\n","protected":false},"featured_media":1971,"comment_status":"open","ping_status":"closed","template":"","meta":{"_joinchat":[]},"product_brand":[],"product_cat":[15],"product_tag":[],"class_list":{"0":"post-1970","1":"product","2":"type-product","3":"status-publish","4":"has-post-thumbnail","6":"product_cat-sin-categorizar","8":"first","9":"instock","10":"shipping-taxable","11":"product-type-simple"},"yoast_head":"<!-- This site is optimized with the Yoast SEO plugin v26.4 - https:\/\/yoast.com\/wordpress\/plugins\/seo\/ -->\n<title>Termometro digital steren ter-100 - Abaa tienda online<\/title>\n<meta name=\"robots\" content=\"index, follow, max-snippet:-1, max-image-preview:large, max-video-preview:-1\" \/>\n<link rel=\"canonical\" href=\"https:\/\/abaa.mx\/tienda\/termometro-digital-steren-ter-100\/\" \/>\n<meta property=\"og:locale\" content=\"es_MX\" \/>\n<meta property=\"og:type\" content=\"article\" \/>\n<meta property=\"og:title\" content=\"Termometro digital steren ter-100 - Abaa tienda online\" \/>\n<meta property=\"og:description\" content=\"Este term\u00f3metro digital permite conocer la temperatura de espacios interiores y exteriores, incluso puede ser medida simult\u00e1neamente, ya que, gracias a su sensor con cable de 1,8 m, podr\u00e1s colocar el term\u00f3metro adentro y el sensor afuera. Puedes definir una temperatura m\u00e1xima o m\u00ednima para que, en caso de que esta salga del rango que fijaste, se active una alarma. Tiene pantalla LCD que muestra ambas temperaturas en grados cent\u00edgrados o Fahrenheit\" \/>\n<meta property=\"og:url\" content=\"https:\/\/abaa.mx\/tienda\/termometro-digital-steren-ter-100\/\" \/>\n<meta property=\"og:site_name\" content=\"Abaa tienda online\" \/>\n<meta property=\"article:modified_time\" content=\"2023-09-19T15:00:40+00:00\" \/>\n<meta property=\"og:image\" content=\"https:\/\/abaa.mx\/tienda\/wp-content\/uploads\/2023\/09\/TER-100.jpg\" \/>\n\t<meta property=\"og:image:width\" content=\"400\" \/>\n\t<meta property=\"og:image:height\" content=\"400\" \/>\n\t<meta property=\"og:image:type\" content=\"image\/jpeg\" \/>\n<meta name=\"twitter:card\" content=\"summary_large_image\" \/>\n<meta name=\"twitter:label1\" content=\"Tiempo de lectura\" \/>\n\t<meta name=\"twitter:data1\" content=\"1 minuto\" \/>\n<script type=\"application\/ld+json\" class=\"yoast-schema-graph\">{\"@context\":\"https:\/\/schema.org\",\"@graph\":[{\"@type\":\"WebPage\",\"@id\":\"https:\/\/abaa.mx\/tienda\/termometro-digital-steren-ter-100\/\",\"url\":\"https:\/\/abaa.mx\/tienda\/termometro-digital-steren-ter-100\/\",\"name\":\"Termometro digital steren ter-100 - Abaa tienda online\",\"isPartOf\":{\"@id\":\"https:\/\/abaa.mx\/tienda\/#website\"},\"primaryImageOfPage\":{\"@id\":\"https:\/\/abaa.mx\/tienda\/termometro-digital-steren-ter-100\/#primaryimage\"},\"image\":{\"@id\":\"https:\/\/abaa.mx\/tienda\/termometro-digital-steren-ter-100\/#primaryimage\"},\"thumbnailUrl\":\"https:\/\/abaa.mx\/tienda\/wp-content\/uploads\/2023\/09\/TER-100.jpg\",\"datePublished\":\"2023-09-19T15:00:39+00:00\",\"dateModified\":\"2023-09-19T15:00:40+00:00\",\"breadcrumb\":{\"@id\":\"https:\/\/abaa.mx\/tienda\/termometro-digital-steren-ter-100\/#breadcrumb\"},\"inLanguage\":\"es\",\"potentialAction\":[{\"@type\":\"ReadAction\",\"target\":[\"https:\/\/abaa.mx\/tienda\/termometro-digital-steren-ter-100\/\"]}]},{\"@type\":\"ImageObject\",\"inLanguage\":\"es\",\"@id\":\"https:\/\/abaa.mx\/tienda\/termometro-digital-steren-ter-100\/#primaryimage\",\"url\":\"https:\/\/abaa.mx\/tienda\/wp-content\/uploads\/2023\/09\/TER-100.jpg\",\"contentUrl\":\"https:\/\/abaa.mx\/tienda\/wp-content\/uploads\/2023\/09\/TER-100.jpg\",\"width\":400,\"height\":400,\"caption\":\"termometro-digital-steren-ter-100\"},{\"@type\":\"BreadcrumbList\",\"@id\":\"https:\/\/abaa.mx\/tienda\/termometro-digital-steren-ter-100\/#breadcrumb\",\"itemListElement\":[{\"@type\":\"ListItem\",\"position\":1,\"name\":\"Inicio\",\"item\":\"https:\/\/abaa.mx\/tienda\/\"},{\"@type\":\"ListItem\",\"position\":2,\"name\":\"Tienda\",\"item\":\"https:\/\/abaa.mx\/tienda\/\"},{\"@type\":\"ListItem\",\"position\":3,\"name\":\"Termometro digital steren ter-100\"}]},{\"@type\":\"WebSite\",\"@id\":\"https:\/\/abaa.mx\/tienda\/#website\",\"url\":\"https:\/\/abaa.mx\/tienda\/\",\"name\":\"Abaa tienda online\",\"description\":\"Instrumentos de medici\u00f3n\",\"publisher\":{\"@id\":\"https:\/\/abaa.mx\/tienda\/#organization\"},\"potentialAction\":[{\"@type\":\"SearchAction\",\"target\":{\"@type\":\"EntryPoint\",\"urlTemplate\":\"https:\/\/abaa.mx\/tienda\/?s={search_term_string}\"},\"query-input\":{\"@type\":\"PropertyValueSpecification\",\"valueRequired\":true,\"valueName\":\"search_term_string\"}}],\"inLanguage\":\"es\"},{\"@type\":\"Organization\",\"@id\":\"https:\/\/abaa.mx\/tienda\/#organization\",\"name\":\"Abaa tienda online\",\"url\":\"https:\/\/abaa.mx\/tienda\/\",\"logo\":{\"@type\":\"ImageObject\",\"inLanguage\":\"es\",\"@id\":\"https:\/\/abaa.mx\/tienda\/#\/schema\/logo\/image\/\",\"url\":\"https:\/\/abaa.mx\/tienda\/wp-content\/uploads\/2024\/01\/abaa-metrologia-tienda.png\",\"contentUrl\":\"https:\/\/abaa.mx\/tienda\/wp-content\/uploads\/2024\/01\/abaa-metrologia-tienda.png\",\"width\":300,\"height\":141,\"caption\":\"Abaa tienda online\"},\"image\":{\"@id\":\"https:\/\/abaa.mx\/tienda\/#\/schema\/logo\/image\/\"}}]}<\/script>\n<!-- \/ Yoast SEO plugin. -->","yoast_head_json":{"title":"Termometro digital steren ter-100 - Abaa tienda online","robots":{"index":"index","follow":"follow","max-snippet":"max-snippet:-1","max-image-preview":"max-image-preview:large","max-video-preview":"max-video-preview:-1"},"canonical":"https:\/\/abaa.mx\/tienda\/termometro-digital-steren-ter-100\/","og_locale":"es_MX","og_type":"article","og_title":"Termometro digital steren ter-100 - Abaa tienda online","og_description":"Este term\u00f3metro digital permite conocer la temperatura de espacios interiores y exteriores, incluso puede ser medida simult\u00e1neamente, ya que, gracias a su sensor con cable de 1,8 m, podr\u00e1s colocar el term\u00f3metro adentro y el sensor afuera. Puedes definir una temperatura m\u00e1xima o m\u00ednima para que, en caso de que esta salga del rango que fijaste, se active una alarma. Tiene pantalla LCD que muestra ambas temperaturas en grados cent\u00edgrados o Fahrenheit","og_url":"https:\/\/abaa.mx\/tienda\/termometro-digital-steren-ter-100\/","og_site_name":"Abaa tienda online","article_modified_time":"2023-09-19T15:00:40+00:00","og_image":[{"width":400,"height":400,"url":"https:\/\/abaa.mx\/tienda\/wp-content\/uploads\/2023\/09\/TER-100.jpg","type":"image\/jpeg"}],"twitter_card":"summary_large_image","twitter_misc":{"Tiempo de lectura":"1 minuto"},"schema":{"@context":"https:\/\/schema.org","@graph":[{"@type":"WebPage","@id":"https:\/\/abaa.mx\/tienda\/termometro-digital-steren-ter-100\/","url":"https:\/\/abaa.mx\/tienda\/termometro-digital-steren-ter-100\/","name":"Termometro digital steren ter-100 - Abaa tienda online","isPartOf":{"@id":"https:\/\/abaa.mx\/tienda\/#website"},"primaryImageOfPage":{"@id":"https:\/\/abaa.mx\/tienda\/termometro-digital-steren-ter-100\/#primaryimage"},"image":{"@id":"https:\/\/abaa.mx\/tienda\/termometro-digital-steren-ter-100\/#primaryimage"},"thumbnailUrl":"https:\/\/abaa.mx\/tienda\/wp-content\/uploads\/2023\/09\/TER-100.jpg","datePublished":"2023-09-19T15:00:39+00:00","dateModified":"2023-09-19T15:00:40+00:00","breadcrumb":{"@id":"https:\/\/abaa.mx\/tienda\/termometro-digital-steren-ter-100\/#breadcrumb"},"inLanguage":"es","potentialAction":[{"@type":"ReadAction","target":["https:\/\/abaa.mx\/tienda\/termometro-digital-steren-ter-100\/"]}]},{"@type":"ImageObject","inLanguage":"es","@id":"https:\/\/abaa.mx\/tienda\/termometro-digital-steren-ter-100\/#primaryimage","url":"https:\/\/abaa.mx\/tienda\/wp-content\/uploads\/2023\/09\/TER-100.jpg","contentUrl":"https:\/\/abaa.mx\/tienda\/wp-content\/uploads\/2023\/09\/TER-100.jpg","width":400,"height":400,"caption":"termometro-digital-steren-ter-100"},{"@type":"BreadcrumbList","@id":"https:\/\/abaa.mx\/tienda\/termometro-digital-steren-ter-100\/#breadcrumb","itemListElement":[{"@type":"ListItem","position":1,"name":"Inicio","item":"https:\/\/abaa.mx\/tienda\/"},{"@type":"ListItem","position":2,"name":"Tienda","item":"https:\/\/abaa.mx\/tienda\/"},{"@type":"ListItem","position":3,"name":"Termometro digital steren ter-100"}]},{"@type":"WebSite","@id":"https:\/\/abaa.mx\/tienda\/#website","url":"https:\/\/abaa.mx\/tienda\/","name":"Abaa tienda online","description":"Instrumentos de medici\u00f3n","publisher":{"@id":"https:\/\/abaa.mx\/tienda\/#organization"},"potentialAction":[{"@type":"SearchAction","target":{"@type":"EntryPoint","urlTemplate":"https:\/\/abaa.mx\/tienda\/?s={search_term_string}"},"query-input":{"@type":"PropertyValueSpecification","valueRequired":true,"valueName":"search_term_string"}}],"inLanguage":"es"},{"@type":"Organization","@id":"https:\/\/abaa.mx\/tienda\/#organization","name":"Abaa tienda online","url":"https:\/\/abaa.mx\/tienda\/","logo":{"@type":"ImageObject","inLanguage":"es","@id":"https:\/\/abaa.mx\/tienda\/#\/schema\/logo\/image\/","url":"https:\/\/abaa.mx\/tienda\/wp-content\/uploads\/2024\/01\/abaa-metrologia-tienda.png","contentUrl":"https:\/\/abaa.mx\/tienda\/wp-content\/uploads\/2024\/01\/abaa-metrologia-tienda.png","width":300,"height":141,"caption":"Abaa tienda online"},"image":{"@id":"https:\/\/abaa.mx\/tienda\/#\/schema\/logo\/image\/"}}]}},"_links":{"self":[{"href":"https:\/\/abaa.mx\/tienda\/wp-json\/wp\/v2\/product\/1970","targetHints":{"allow":["GET"]}}],"collection":[{"href":"https:\/\/abaa.mx\/tienda\/wp-json\/wp\/v2\/product"}],"about":[{"href":"https:\/\/abaa.mx\/tienda\/wp-json\/wp\/v2\/types\/product"}],"replies":[{"embeddable":true,"href":"https:\/\/abaa.mx\/tienda\/wp-json\/wp\/v2\/comments?post=1970"}],"wp:featuredmedia":[{"embeddable":true,"href":"https:\/\/abaa.mx\/tienda\/wp-json\/wp\/v2\/media\/1971"}],"wp:attachment":[{"href":"https:\/\/abaa.mx\/tienda\/wp-json\/wp\/v2\/media?parent=1970"}],"wp:term":[{"taxonomy":"product_brand","embeddable":true,"href":"https:\/\/abaa.mx\/tienda\/wp-json\/wp\/v2\/product_brand?post=1970"},{"taxonomy":"product_cat","embeddable":true,"href":"https:\/\/abaa.mx\/tienda\/wp-json\/wp\/v2\/product_cat?post=1970"},{"taxonomy":"product_tag","embeddable":true,"href":"https:\/\/abaa.mx\/tienda\/wp-json\/wp\/v2\/product_tag?post=1970"}],"curies":[{"name":"wp","href":"https:\/\/api.w.org\/{rel}","templated":true}]}}