{"id":1968,"date":"2023-09-19T15:21:18","date_gmt":"2023-09-19T15:21:18","guid":{"rendered":"https:\/\/abaa.mx\/tienda\/?post_type=product&#038;p=1968"},"modified":"2023-12-20T14:52:14","modified_gmt":"2023-12-20T14:52:14","slug":"testo-540-luxometro","status":"publish","type":"product","link":"https:\/\/abaa.mx\/tienda\/testo-540-luxometro\/","title":{"rendered":"testo 540 &#8211; lux\u00f3metro"},"content":{"rendered":"<div class=\"c2a-tabSection m-tabs\">\n<div id=\"tab-main\" class=\"large-12 column\">\n<div class=\"row\">\n<div class=\"large-6 medium-12 column m-pdp-txt\">\n<section class=\"m-pdp-txt-position\">\n<article class=\"child-1\">\n<div class=\"m-list\">\n<p>El lux\u00f3metro testo 540 sirve para medir la intensidad de la luz en los puestos de trabajo. El modelo b\u00e1sico convence por la medici\u00f3n r\u00e1pida y un manejo sencillo.<\/p>\n<p><b>Caracter\u00edsticas<\/b>:<\/p>\n<ul class=\"list-elements\">\n<li>Medici\u00f3n r\u00e1pida de la intensidad de la luz.<\/li>\n<li>El sensor est\u00e1 inspirado en la sensibilidad espectral del ojov humano.<\/li>\n<li>Funci\u00f3n de retenci\u00f3n, indicaci\u00f3n de valores m\u00e1ximos y m\u00ednimos.<\/li>\n<li>Tapa protectora incluida para una conservaci\u00f3n segura.<\/li>\n<\/ul>\n<\/div>\n<\/article>\n<\/section>\n<\/div>\n<\/div>\n<\/div>\n<\/div>\n<div class=\"c2a-tabSection m-tabs\">\n<div id=\"tab-details\" class=\"large-12 column m-tab-pdp\">\n<div class=\"medium-8\">\n<p><strong>Descripci\u00f3n del producto:<\/strong><\/p>\n<p class=\"child-1 paragraph\">Con el lux\u00f3metro testo 540 para luz artificial y natural podr\u00e1 valorar en cuesti\u00f3n de segundos la intensidad de la luz en los puestos de trabajo.<\/p>\n<p><strong>El lux\u00f3metro testo 540: peque\u00f1o, manejable, preciso:<\/strong><\/p>\n<p>El lux\u00f3metro testo 540 es un modelo b\u00e1sico y ha sido desarrollado especialmente para la medici\u00f3n r\u00e1pida in situ de puestos de trabajo, oficinas y comercios. El sensor est\u00e1 inspirado en la sensibilidad espectral del ojo humano y es \u00f3ptimo para la valoraci\u00f3n de la intensidad de la luz.<\/p>\n<p>Los valores de medici\u00f3n se pueden leer c\u00f3modamente en la pantalla iluminada y con s\u00f3lo pulsar un bot\u00f3n se muestran los valores m\u00e1ximos y m\u00ednimos. La funci\u00f3n de retenci\u00f3n permite leer c\u00f3modamente los valores de medici\u00f3n. El medidor de luz es muy f\u00e1cil de manejar y gracias a la tapa protectora suministrada se puede guardar con seguridad hasta la siguiente medici\u00f3n.<\/p>\n<p><strong>Volumen de suministro:<\/strong><\/p>\n<p class=\"child-2 paragraph\">El lux\u00f3metro testo 540 con tapa protectora, protocolo de calibraci\u00f3n y pilas.<\/p>\n<\/div>\n<div class=\"medium-4\">\n<div class=\"m-cert large-12 column\"><\/div>\n<\/div>\n<\/div>\n<\/div>\n<div class=\"c2a-tabSection m-tabs\">\n<div id=\"tab-technicalData\" class=\"large-12 column m-data-tab\">\n<h2>Datos t\u00e9cnicos<\/h2>\n<table>\n<colgroup>\n<col class=\"colWidth25\" \/>\n<col \/><\/colgroup>\n<thead>\n<tr>\n<th colspan=\"2\">Datos t\u00e9cnicos generales<\/th>\n<\/tr>\n<\/thead>\n<tbody>\n<tr>\n<td class=\"table-bold\">Peso<\/td>\n<td>95 g (incl. pilas y tapa de protecci\u00f3n)<\/td>\n<\/tr>\n<tr>\n<td class=\"table-bold\">Medidas<\/td>\n<td>133 X 46 X 25 mm<\/td>\n<\/tr>\n<tr>\n<td class=\"table-bold\">Temperatura de funcionamiento<\/td>\n<td>0 hasta +50 \u00baC<\/td>\n<\/tr>\n<tr>\n<td class=\"table-bold\">Clase de protecci\u00f3n<\/td>\n<td>IP40<\/td>\n<\/tr>\n<tr>\n<td class=\"table-bold\">Tipo de bater\u00eda<\/td>\n<td>2 pilas AAA<\/td>\n<\/tr>\n<tr>\n<td class=\"table-bold\">Autonom\u00eda<\/td>\n<td>200 h (t\u00edpico con pantalla sin iluminaci\u00f3n)<\/td>\n<\/tr>\n<tr>\n<td class=\"table-bold\">Temperatura de almacenamiento<\/td>\n<td>-40 hasta +70 \u00baC<\/td>\n<\/tr>\n<\/tbody>\n<\/table>\n<table>\n<colgroup>\n<col class=\"colWidth25\" \/>\n<col \/><\/colgroup>\n<thead>\n<tr>\n<th colspan=\"2\">Medici\u00f3n Lux<\/th>\n<\/tr>\n<\/thead>\n<tbody>\n<tr>\n<td class=\"table-bold\">Rango<\/td>\n<td>0 hasta 99999 lux<\/p>\n<p>0 hasta 9300 ftc<\/td>\n<\/tr>\n<tr>\n<td class=\"table-bold\">Exactitud<\/td>\n<td>\u00b13 lux o \u00b13 % (comparado con el dispositivo de referencia con una incidencia de luz de 90\u00b0)<\/td>\n<\/tr>\n<tr>\n<td class=\"table-bold\">Resoluci\u00f3n<\/td>\n<td>1 lux (0 hasta 19999 lux)<\/p>\n<p>10 lux (Resto rango)<\/td>\n<\/tr>\n<tr>\n<td class=\"table-bold\">C\u00edclo de medici\u00f3n<\/td>\n<td>0,5 s<\/td>\n<\/tr>\n<\/tbody>\n<\/table>\n<\/div>\n<\/div>\n","protected":false},"excerpt":{"rendered":"<p>Con el lux\u00f3metro testo 540 para luz artificial y natural podr\u00e1 valorar en cuesti\u00f3n de segundos la intensidad de la luz en los puestos de trabajo.<\/p>\n","protected":false},"featured_media":1978,"comment_status":"open","ping_status":"closed","template":"","meta":{"_joinchat":[]},"product_brand":[],"product_cat":[15],"product_tag":[],"class_list":{"0":"post-1968","1":"product","2":"type-product","3":"status-publish","4":"has-post-thumbnail","6":"product_cat-sin-categorizar","8":"first","9":"instock","10":"shipping-taxable","11":"product-type-simple"},"yoast_head":"<!-- This site is optimized with the Yoast SEO plugin v26.4 - https:\/\/yoast.com\/wordpress\/plugins\/seo\/ -->\n<title>testo 540 - lux\u00f3metro - Abaa tienda online<\/title>\n<meta name=\"robots\" content=\"index, follow, max-snippet:-1, max-image-preview:large, max-video-preview:-1\" \/>\n<link rel=\"canonical\" href=\"https:\/\/abaa.mx\/tienda\/testo-540-luxometro\/\" \/>\n<meta property=\"og:locale\" content=\"es_MX\" \/>\n<meta property=\"og:type\" content=\"article\" \/>\n<meta property=\"og:title\" content=\"testo 540 - lux\u00f3metro - Abaa tienda online\" \/>\n<meta property=\"og:description\" content=\"Con el lux\u00f3metro testo 540 para luz artificial y natural podr\u00e1 valorar en cuesti\u00f3n de segundos la intensidad de la luz en los puestos de trabajo.\" \/>\n<meta property=\"og:url\" content=\"https:\/\/abaa.mx\/tienda\/testo-540-luxometro\/\" \/>\n<meta property=\"og:site_name\" content=\"Abaa tienda online\" \/>\n<meta property=\"article:modified_time\" content=\"2023-12-20T14:52:14+00:00\" \/>\n<meta property=\"og:image\" content=\"https:\/\/abaa.mx\/tienda\/wp-content\/uploads\/2023\/09\/testo-540-1.jpg\" \/>\n\t<meta property=\"og:image:width\" content=\"258\" \/>\n\t<meta property=\"og:image:height\" content=\"660\" \/>\n\t<meta property=\"og:image:type\" content=\"image\/jpeg\" \/>\n<meta name=\"twitter:card\" content=\"summary_large_image\" \/>\n<meta name=\"twitter:label1\" content=\"Tiempo de lectura\" \/>\n\t<meta name=\"twitter:data1\" content=\"2 minutos\" \/>\n<script type=\"application\/ld+json\" class=\"yoast-schema-graph\">{\"@context\":\"https:\/\/schema.org\",\"@graph\":[{\"@type\":\"WebPage\",\"@id\":\"https:\/\/abaa.mx\/tienda\/testo-540-luxometro\/\",\"url\":\"https:\/\/abaa.mx\/tienda\/testo-540-luxometro\/\",\"name\":\"testo 540 - lux\u00f3metro - Abaa tienda online\",\"isPartOf\":{\"@id\":\"https:\/\/abaa.mx\/tienda\/#website\"},\"primaryImageOfPage\":{\"@id\":\"https:\/\/abaa.mx\/tienda\/testo-540-luxometro\/#primaryimage\"},\"image\":{\"@id\":\"https:\/\/abaa.mx\/tienda\/testo-540-luxometro\/#primaryimage\"},\"thumbnailUrl\":\"https:\/\/abaa.mx\/tienda\/wp-content\/uploads\/2023\/09\/testo-540-1.jpg\",\"datePublished\":\"2023-09-19T15:21:18+00:00\",\"dateModified\":\"2023-12-20T14:52:14+00:00\",\"breadcrumb\":{\"@id\":\"https:\/\/abaa.mx\/tienda\/testo-540-luxometro\/#breadcrumb\"},\"inLanguage\":\"es\",\"potentialAction\":[{\"@type\":\"ReadAction\",\"target\":[\"https:\/\/abaa.mx\/tienda\/testo-540-luxometro\/\"]}]},{\"@type\":\"ImageObject\",\"inLanguage\":\"es\",\"@id\":\"https:\/\/abaa.mx\/tienda\/testo-540-luxometro\/#primaryimage\",\"url\":\"https:\/\/abaa.mx\/tienda\/wp-content\/uploads\/2023\/09\/testo-540-1.jpg\",\"contentUrl\":\"https:\/\/abaa.mx\/tienda\/wp-content\/uploads\/2023\/09\/testo-540-1.jpg\",\"width\":258,\"height\":660,\"caption\":\"testo 540\"},{\"@type\":\"BreadcrumbList\",\"@id\":\"https:\/\/abaa.mx\/tienda\/testo-540-luxometro\/#breadcrumb\",\"itemListElement\":[{\"@type\":\"ListItem\",\"position\":1,\"name\":\"Inicio\",\"item\":\"https:\/\/abaa.mx\/tienda\/\"},{\"@type\":\"ListItem\",\"position\":2,\"name\":\"Tienda\",\"item\":\"https:\/\/abaa.mx\/tienda\/\"},{\"@type\":\"ListItem\",\"position\":3,\"name\":\"testo 540 &#8211; lux\u00f3metro\"}]},{\"@type\":\"WebSite\",\"@id\":\"https:\/\/abaa.mx\/tienda\/#website\",\"url\":\"https:\/\/abaa.mx\/tienda\/\",\"name\":\"Abaa tienda online\",\"description\":\"Instrumentos de medici\u00f3n\",\"publisher\":{\"@id\":\"https:\/\/abaa.mx\/tienda\/#organization\"},\"potentialAction\":[{\"@type\":\"SearchAction\",\"target\":{\"@type\":\"EntryPoint\",\"urlTemplate\":\"https:\/\/abaa.mx\/tienda\/?s={search_term_string}\"},\"query-input\":{\"@type\":\"PropertyValueSpecification\",\"valueRequired\":true,\"valueName\":\"search_term_string\"}}],\"inLanguage\":\"es\"},{\"@type\":\"Organization\",\"@id\":\"https:\/\/abaa.mx\/tienda\/#organization\",\"name\":\"Abaa tienda online\",\"url\":\"https:\/\/abaa.mx\/tienda\/\",\"logo\":{\"@type\":\"ImageObject\",\"inLanguage\":\"es\",\"@id\":\"https:\/\/abaa.mx\/tienda\/#\/schema\/logo\/image\/\",\"url\":\"https:\/\/abaa.mx\/tienda\/wp-content\/uploads\/2024\/01\/abaa-metrologia-tienda.png\",\"contentUrl\":\"https:\/\/abaa.mx\/tienda\/wp-content\/uploads\/2024\/01\/abaa-metrologia-tienda.png\",\"width\":300,\"height\":141,\"caption\":\"Abaa tienda online\"},\"image\":{\"@id\":\"https:\/\/abaa.mx\/tienda\/#\/schema\/logo\/image\/\"}}]}<\/script>\n<!-- \/ Yoast SEO plugin. -->","yoast_head_json":{"title":"testo 540 - lux\u00f3metro - Abaa tienda online","robots":{"index":"index","follow":"follow","max-snippet":"max-snippet:-1","max-image-preview":"max-image-preview:large","max-video-preview":"max-video-preview:-1"},"canonical":"https:\/\/abaa.mx\/tienda\/testo-540-luxometro\/","og_locale":"es_MX","og_type":"article","og_title":"testo 540 - lux\u00f3metro - Abaa tienda online","og_description":"Con el lux\u00f3metro testo 540 para luz artificial y natural podr\u00e1 valorar en cuesti\u00f3n de segundos la intensidad de la luz en los puestos de trabajo.","og_url":"https:\/\/abaa.mx\/tienda\/testo-540-luxometro\/","og_site_name":"Abaa tienda online","article_modified_time":"2023-12-20T14:52:14+00:00","og_image":[{"width":258,"height":660,"url":"https:\/\/abaa.mx\/tienda\/wp-content\/uploads\/2023\/09\/testo-540-1.jpg","type":"image\/jpeg"}],"twitter_card":"summary_large_image","twitter_misc":{"Tiempo de lectura":"2 minutos"},"schema":{"@context":"https:\/\/schema.org","@graph":[{"@type":"WebPage","@id":"https:\/\/abaa.mx\/tienda\/testo-540-luxometro\/","url":"https:\/\/abaa.mx\/tienda\/testo-540-luxometro\/","name":"testo 540 - lux\u00f3metro - Abaa tienda online","isPartOf":{"@id":"https:\/\/abaa.mx\/tienda\/#website"},"primaryImageOfPage":{"@id":"https:\/\/abaa.mx\/tienda\/testo-540-luxometro\/#primaryimage"},"image":{"@id":"https:\/\/abaa.mx\/tienda\/testo-540-luxometro\/#primaryimage"},"thumbnailUrl":"https:\/\/abaa.mx\/tienda\/wp-content\/uploads\/2023\/09\/testo-540-1.jpg","datePublished":"2023-09-19T15:21:18+00:00","dateModified":"2023-12-20T14:52:14+00:00","breadcrumb":{"@id":"https:\/\/abaa.mx\/tienda\/testo-540-luxometro\/#breadcrumb"},"inLanguage":"es","potentialAction":[{"@type":"ReadAction","target":["https:\/\/abaa.mx\/tienda\/testo-540-luxometro\/"]}]},{"@type":"ImageObject","inLanguage":"es","@id":"https:\/\/abaa.mx\/tienda\/testo-540-luxometro\/#primaryimage","url":"https:\/\/abaa.mx\/tienda\/wp-content\/uploads\/2023\/09\/testo-540-1.jpg","contentUrl":"https:\/\/abaa.mx\/tienda\/wp-content\/uploads\/2023\/09\/testo-540-1.jpg","width":258,"height":660,"caption":"testo 540"},{"@type":"BreadcrumbList","@id":"https:\/\/abaa.mx\/tienda\/testo-540-luxometro\/#breadcrumb","itemListElement":[{"@type":"ListItem","position":1,"name":"Inicio","item":"https:\/\/abaa.mx\/tienda\/"},{"@type":"ListItem","position":2,"name":"Tienda","item":"https:\/\/abaa.mx\/tienda\/"},{"@type":"ListItem","position":3,"name":"testo 540 &#8211; lux\u00f3metro"}]},{"@type":"WebSite","@id":"https:\/\/abaa.mx\/tienda\/#website","url":"https:\/\/abaa.mx\/tienda\/","name":"Abaa tienda online","description":"Instrumentos de medici\u00f3n","publisher":{"@id":"https:\/\/abaa.mx\/tienda\/#organization"},"potentialAction":[{"@type":"SearchAction","target":{"@type":"EntryPoint","urlTemplate":"https:\/\/abaa.mx\/tienda\/?s={search_term_string}"},"query-input":{"@type":"PropertyValueSpecification","valueRequired":true,"valueName":"search_term_string"}}],"inLanguage":"es"},{"@type":"Organization","@id":"https:\/\/abaa.mx\/tienda\/#organization","name":"Abaa tienda online","url":"https:\/\/abaa.mx\/tienda\/","logo":{"@type":"ImageObject","inLanguage":"es","@id":"https:\/\/abaa.mx\/tienda\/#\/schema\/logo\/image\/","url":"https:\/\/abaa.mx\/tienda\/wp-content\/uploads\/2024\/01\/abaa-metrologia-tienda.png","contentUrl":"https:\/\/abaa.mx\/tienda\/wp-content\/uploads\/2024\/01\/abaa-metrologia-tienda.png","width":300,"height":141,"caption":"Abaa tienda online"},"image":{"@id":"https:\/\/abaa.mx\/tienda\/#\/schema\/logo\/image\/"}}]}},"_links":{"self":[{"href":"https:\/\/abaa.mx\/tienda\/wp-json\/wp\/v2\/product\/1968","targetHints":{"allow":["GET"]}}],"collection":[{"href":"https:\/\/abaa.mx\/tienda\/wp-json\/wp\/v2\/product"}],"about":[{"href":"https:\/\/abaa.mx\/tienda\/wp-json\/wp\/v2\/types\/product"}],"replies":[{"embeddable":true,"href":"https:\/\/abaa.mx\/tienda\/wp-json\/wp\/v2\/comments?post=1968"}],"wp:featuredmedia":[{"embeddable":true,"href":"https:\/\/abaa.mx\/tienda\/wp-json\/wp\/v2\/media\/1978"}],"wp:attachment":[{"href":"https:\/\/abaa.mx\/tienda\/wp-json\/wp\/v2\/media?parent=1968"}],"wp:term":[{"taxonomy":"product_brand","embeddable":true,"href":"https:\/\/abaa.mx\/tienda\/wp-json\/wp\/v2\/product_brand?post=1968"},{"taxonomy":"product_cat","embeddable":true,"href":"https:\/\/abaa.mx\/tienda\/wp-json\/wp\/v2\/product_cat?post=1968"},{"taxonomy":"product_tag","embeddable":true,"href":"https:\/\/abaa.mx\/tienda\/wp-json\/wp\/v2\/product_tag?post=1968"}],"curies":[{"name":"wp","href":"https:\/\/api.w.org\/{rel}","templated":true}]}}