{"id":1967,"date":"2023-09-19T15:18:49","date_gmt":"2023-09-19T15:18:49","guid":{"rendered":"https:\/\/abaa.mx\/tienda\/?post_type=product&#038;p=1967"},"modified":"2023-09-19T15:18:50","modified_gmt":"2023-09-19T15:18:50","slug":"testo-545-luxometro-digital-con-conexion-a-la-app","status":"publish","type":"product","link":"https:\/\/abaa.mx\/tienda\/testo-545-luxometro-digital-con-conexion-a-la-app\/","title":{"rendered":"testo 545 &#8211; lux\u00f3metro digital con conexi\u00f3n a la app"},"content":{"rendered":"<p>Particularmente en los lugares de trabajo, la intensidad de iluminaci\u00f3n es un factor decisivo para la productividad, el bienestar y la salud. Las fuentes de luz demasiado brillantes deslumbran, mientras que las demasiado oscuras pueden provocar problemas de concentraci\u00f3n y dolores de cabeza. Con el lux\u00f3metro testo\u00a0545 es posible medir la intensidad de iluminaci\u00f3n de todas las fuentes de luz convencionales, de forma sencilla, r\u00e1pida y precisa. El analizador es compatible con casi todos los LED convencionales y le garantiza de este modo una amplia gama de aplicaci\u00f3n. Tendr\u00e1 toda la informaci\u00f3n relevante bajo control calculando autom\u00e1ticamente el valor medio temporal y puntual mediante el lux\u00f3metro. El testo 545 se complementa perfectamente con la App testo Smart. Con esta podr\u00e1 realizar la configuraci\u00f3n del analizador, visualizar y almacenar los valores medidos, as\u00ed como encargarse de la documentaci\u00f3n de forma c\u00f3moda. La App tambi\u00e9n convierte su smartphone en una segunda pantalla.<\/p>\n<div class=\"m-list\">\n<ul class=\"list-elements\">\n<li>Medici\u00f3n sencilla, r\u00e1pida y precisa de la intensidad de iluminaci\u00f3n (lux) para todas las fuentes de luz convencionales seg\u00fan la curva V-Lambda<\/li>\n<li>Amplia gama de aplicaci\u00f3n gracias a la compatibilidad con LED (excepto LED de un solo color azul)<\/li>\n<li>Configuraci\u00f3n r\u00e1pida en la App, historial gr\u00e1fico, segunda pantalla y memoria de los datos de medici\u00f3n en la App testo Smart<\/li>\n<li>Alarma ac\u00fastica en caso de sobrepasar el valor l\u00edmite<\/li>\n<\/ul>\n<\/div>\n<p class=\"text\">Con el compacto lux\u00f3metro testo 545 es posible medir la intensidad de iluminaci\u00f3n de todas las fuentes de luz convencionales de forma sencilla, r\u00e1pida y precisa con el fin de garantizar la productividad, el rendimiento y la salud en los lugares de trabajo. En este sentido, la App testo Smart le apoya con \u00fatiles funciones, por ejemplo, la configuraci\u00f3n, la visualizaci\u00f3n (incluso como segunda pantalla) y el almacenamiento, as\u00ed como la documentaci\u00f3n de los valores medidos directamente en la App.<\/p>\n<div class=\"c2a-tabSection m-tabs\">\n<div id=\"tab-details\" class=\"large-12 column m-tab-pdp\">\n<div class=\"medium-8\">\n<h3>Volumen de suministro<\/h3>\n<article class=\"child-2 paragraph\">\n<ul>\n<li>Lux\u00f3metro testo 545 con conexi\u00f3n a la App y alarma ac\u00fastica<\/li>\n<li>Bolsa de transporte<\/li>\n<li>Protocolo de calibraci\u00f3n<\/li>\n<li>3 pilas AA<\/li>\n<\/ul>\n<\/article>\n<\/div>\n<div class=\"medium-4\">\n<div class=\"m-cert large-12 column\"><\/div>\n<\/div>\n<\/div>\n<\/div>\n<hr \/>\n<div class=\"c2a-tabSection m-tabs\">\n<div id=\"tab-technicalData\" class=\"large-12 column m-data-tab\">\n<h2>Datos t\u00e9cnicos<\/h2>\n<table>\n<colgroup>\n<col class=\"colWidth25\" \/>\n<col \/><\/colgroup>\n<thead>\n<tr>\n<th colspan=\"2\">Datos t\u00e9cnicos generales<\/th>\n<\/tr>\n<\/thead>\n<tbody>\n<tr>\n<td class=\"table-bold\">Peso<\/td>\n<td>288 g<\/td>\n<\/tr>\n<tr>\n<td class=\"table-bold\">Medidas<\/td>\n<td>149 X 60 X 28 mm<\/p>\n<p>Sonda: 134 X 54 X 23 mm<\/td>\n<\/tr>\n<tr>\n<td class=\"table-bold\">Temperatura de funcionamiento<\/td>\n<td>-10 hasta +50 \u00baC<\/p>\n<p>Sonda: 0 hasta +50 \u00baC<\/td>\n<\/tr>\n<tr>\n<td class=\"table-bold\">Material de la carcasa \/ del producto<\/td>\n<td>ABS + PC \/ TPE<\/td>\n<\/tr>\n<tr>\n<td class=\"table-bold\">Longitud del cable<\/td>\n<td>1,4 m<\/td>\n<\/tr>\n<tr>\n<td class=\"table-bold\">Clase de protecci\u00f3n<\/td>\n<td>IP40<\/p>\n<p>IP20<\/td>\n<\/tr>\n<tr>\n<td class=\"table-bold\">Autonom\u00eda<\/td>\n<td>70 h<\/td>\n<\/tr>\n<tr>\n<td class=\"table-bold\">Tipo de bater\u00eda<\/td>\n<td>3x AA<\/td>\n<\/tr>\n<tr>\n<td class=\"table-bold\">Temperatura de almacenamiento<\/td>\n<td>-20 hasta +50 \u00baC<\/td>\n<\/tr>\n<\/tbody>\n<\/table>\n<table>\n<colgroup>\n<col class=\"colWidth25\" \/>\n<col \/><\/colgroup>\n<thead>\n<tr>\n<th colspan=\"2\">Medici\u00f3n Lux<\/th>\n<\/tr>\n<\/thead>\n<tbody>\n<tr>\n<td class=\"table-bold\">Rango<\/td>\n<td>0 hasta 100000 lux<\/td>\n<\/tr>\n<tr>\n<td class=\"table-bold\">Exactitud<\/td>\n<td>Class C \u00b9\u207e<\/p>\n<p>F1 = 6% = adaptaci\u00f3n V(de Lambda)<\/p>\n<p>F1 = 5% = valoraci\u00f3n como ley de coseno<\/p>\n<p>Total \u2264 15%<\/p>\n<p>\u00b13% del v.m.\u00b11Digito<\/td>\n<\/tr>\n<tr>\n<td class=\"table-bold\">Resoluci\u00f3n<\/td>\n<td>0,1 lux (&lt; 10000 lux)<\/p>\n<p>1 lux (\u2265 10000 lux)<\/td>\n<\/tr>\n<\/tbody>\n<\/table>\n<p class=\"footnote\">1) conforme a DIN 5032-7 \/ EN 13032-1, Anexo B<\/p>\n<\/div>\n<\/div>\n","protected":false},"excerpt":{"rendered":"<p>Particularmente en los lugares de trabajo, la intensidad de iluminaci\u00f3n es un factor decisivo para la productividad, el bienestar y la salud. Las fuentes de luz demasiado brillantes deslumbran, mientras que las demasiado oscuras pueden provocar problemas de concentraci\u00f3n y dolores de cabeza. Con el lux\u00f3metro testo\u00a0545 es posible medir la intensidad de iluminaci\u00f3n de todas las fuentes de luz convencionales, de forma sencilla, r\u00e1pida y precisa. El analizador es compatible con casi todos los LED convencionales y le garantiza de este modo una amplia gama de aplicaci\u00f3n. Tendr\u00e1 toda la informaci\u00f3n relevante bajo control calculando autom\u00e1ticamente el valor medio temporal y puntual mediante el lux\u00f3metro. El testo 545 se complementa perfectamente con la App testo Smart. Con esta podr\u00e1 realizar la configuraci\u00f3n del analizador, visualizar y almacenar los valores medidos, as\u00ed como encargarse de la documentaci\u00f3n de forma c\u00f3moda. La App tambi\u00e9n convierte su smartphone en una segunda pantalla.<\/p>\n","protected":false},"featured_media":1976,"comment_status":"open","ping_status":"closed","template":"","meta":{"_joinchat":[]},"product_brand":[],"product_cat":[15],"product_tag":[],"class_list":{"0":"post-1967","1":"product","2":"type-product","3":"status-publish","4":"has-post-thumbnail","6":"product_cat-sin-categorizar","8":"first","9":"instock","10":"shipping-taxable","11":"product-type-simple"},"yoast_head":"<!-- This site is optimized with the Yoast SEO plugin v26.4 - https:\/\/yoast.com\/wordpress\/plugins\/seo\/ -->\n<title>testo 545 - lux\u00f3metro digital con conexi\u00f3n a la app - Abaa tienda online<\/title>\n<meta name=\"robots\" content=\"index, follow, max-snippet:-1, max-image-preview:large, max-video-preview:-1\" \/>\n<link rel=\"canonical\" href=\"https:\/\/abaa.mx\/tienda\/testo-545-luxometro-digital-con-conexion-a-la-app\/\" \/>\n<meta property=\"og:locale\" content=\"es_MX\" \/>\n<meta property=\"og:type\" content=\"article\" \/>\n<meta property=\"og:title\" content=\"testo 545 - lux\u00f3metro digital con conexi\u00f3n a la app - Abaa tienda online\" \/>\n<meta property=\"og:description\" content=\"Particularmente en los lugares de trabajo, la intensidad de iluminaci\u00f3n es un factor decisivo para la productividad, el bienestar y la salud. Las fuentes de luz demasiado brillantes deslumbran, mientras que las demasiado oscuras pueden provocar problemas de concentraci\u00f3n y dolores de cabeza. Con el lux\u00f3metro testo\u00a0545 es posible medir la intensidad de iluminaci\u00f3n de todas las fuentes de luz convencionales, de forma sencilla, r\u00e1pida y precisa. El analizador es compatible con casi todos los LED convencionales y le garantiza de este modo una amplia gama de aplicaci\u00f3n. Tendr\u00e1 toda la informaci\u00f3n relevante bajo control calculando autom\u00e1ticamente el valor medio temporal y puntual mediante el lux\u00f3metro. El testo 545 se complementa perfectamente con la App testo Smart. Con esta podr\u00e1 realizar la configuraci\u00f3n del analizador, visualizar y almacenar los valores medidos, as\u00ed como encargarse de la documentaci\u00f3n de forma c\u00f3moda. La App tambi\u00e9n convierte su smartphone en una segunda pantalla.\" \/>\n<meta property=\"og:url\" content=\"https:\/\/abaa.mx\/tienda\/testo-545-luxometro-digital-con-conexion-a-la-app\/\" \/>\n<meta property=\"og:site_name\" content=\"Abaa tienda online\" \/>\n<meta property=\"article:modified_time\" content=\"2023-09-19T15:18:50+00:00\" \/>\n<meta property=\"og:image\" content=\"https:\/\/abaa.mx\/tienda\/wp-content\/uploads\/2023\/09\/testo-545.jpg\" \/>\n\t<meta property=\"og:image:width\" content=\"660\" \/>\n\t<meta property=\"og:image:height\" content=\"495\" \/>\n\t<meta property=\"og:image:type\" content=\"image\/jpeg\" \/>\n<meta name=\"twitter:card\" content=\"summary_large_image\" \/>\n<meta name=\"twitter:label1\" content=\"Tiempo de lectura\" \/>\n\t<meta name=\"twitter:data1\" content=\"3 minutos\" \/>\n<script type=\"application\/ld+json\" class=\"yoast-schema-graph\">{\"@context\":\"https:\/\/schema.org\",\"@graph\":[{\"@type\":\"WebPage\",\"@id\":\"https:\/\/abaa.mx\/tienda\/testo-545-luxometro-digital-con-conexion-a-la-app\/\",\"url\":\"https:\/\/abaa.mx\/tienda\/testo-545-luxometro-digital-con-conexion-a-la-app\/\",\"name\":\"testo 545 - lux\u00f3metro digital con conexi\u00f3n a la app - Abaa tienda online\",\"isPartOf\":{\"@id\":\"https:\/\/abaa.mx\/tienda\/#website\"},\"primaryImageOfPage\":{\"@id\":\"https:\/\/abaa.mx\/tienda\/testo-545-luxometro-digital-con-conexion-a-la-app\/#primaryimage\"},\"image\":{\"@id\":\"https:\/\/abaa.mx\/tienda\/testo-545-luxometro-digital-con-conexion-a-la-app\/#primaryimage\"},\"thumbnailUrl\":\"https:\/\/abaa.mx\/tienda\/wp-content\/uploads\/2023\/09\/testo-545.jpg\",\"datePublished\":\"2023-09-19T15:18:49+00:00\",\"dateModified\":\"2023-09-19T15:18:50+00:00\",\"breadcrumb\":{\"@id\":\"https:\/\/abaa.mx\/tienda\/testo-545-luxometro-digital-con-conexion-a-la-app\/#breadcrumb\"},\"inLanguage\":\"es\",\"potentialAction\":[{\"@type\":\"ReadAction\",\"target\":[\"https:\/\/abaa.mx\/tienda\/testo-545-luxometro-digital-con-conexion-a-la-app\/\"]}]},{\"@type\":\"ImageObject\",\"inLanguage\":\"es\",\"@id\":\"https:\/\/abaa.mx\/tienda\/testo-545-luxometro-digital-con-conexion-a-la-app\/#primaryimage\",\"url\":\"https:\/\/abaa.mx\/tienda\/wp-content\/uploads\/2023\/09\/testo-545.jpg\",\"contentUrl\":\"https:\/\/abaa.mx\/tienda\/wp-content\/uploads\/2023\/09\/testo-545.jpg\",\"width\":660,\"height\":495,\"caption\":\"testo 545\"},{\"@type\":\"BreadcrumbList\",\"@id\":\"https:\/\/abaa.mx\/tienda\/testo-545-luxometro-digital-con-conexion-a-la-app\/#breadcrumb\",\"itemListElement\":[{\"@type\":\"ListItem\",\"position\":1,\"name\":\"Inicio\",\"item\":\"https:\/\/abaa.mx\/tienda\/\"},{\"@type\":\"ListItem\",\"position\":2,\"name\":\"Tienda\",\"item\":\"https:\/\/abaa.mx\/tienda\/\"},{\"@type\":\"ListItem\",\"position\":3,\"name\":\"testo 545 &#8211; lux\u00f3metro digital con conexi\u00f3n a la app\"}]},{\"@type\":\"WebSite\",\"@id\":\"https:\/\/abaa.mx\/tienda\/#website\",\"url\":\"https:\/\/abaa.mx\/tienda\/\",\"name\":\"Abaa tienda online\",\"description\":\"Instrumentos de medici\u00f3n\",\"publisher\":{\"@id\":\"https:\/\/abaa.mx\/tienda\/#organization\"},\"potentialAction\":[{\"@type\":\"SearchAction\",\"target\":{\"@type\":\"EntryPoint\",\"urlTemplate\":\"https:\/\/abaa.mx\/tienda\/?s={search_term_string}\"},\"query-input\":{\"@type\":\"PropertyValueSpecification\",\"valueRequired\":true,\"valueName\":\"search_term_string\"}}],\"inLanguage\":\"es\"},{\"@type\":\"Organization\",\"@id\":\"https:\/\/abaa.mx\/tienda\/#organization\",\"name\":\"Abaa tienda online\",\"url\":\"https:\/\/abaa.mx\/tienda\/\",\"logo\":{\"@type\":\"ImageObject\",\"inLanguage\":\"es\",\"@id\":\"https:\/\/abaa.mx\/tienda\/#\/schema\/logo\/image\/\",\"url\":\"https:\/\/abaa.mx\/tienda\/wp-content\/uploads\/2024\/01\/abaa-metrologia-tienda.png\",\"contentUrl\":\"https:\/\/abaa.mx\/tienda\/wp-content\/uploads\/2024\/01\/abaa-metrologia-tienda.png\",\"width\":300,\"height\":141,\"caption\":\"Abaa tienda online\"},\"image\":{\"@id\":\"https:\/\/abaa.mx\/tienda\/#\/schema\/logo\/image\/\"}}]}<\/script>\n<!-- \/ Yoast SEO plugin. -->","yoast_head_json":{"title":"testo 545 - lux\u00f3metro digital con conexi\u00f3n a la app - Abaa tienda online","robots":{"index":"index","follow":"follow","max-snippet":"max-snippet:-1","max-image-preview":"max-image-preview:large","max-video-preview":"max-video-preview:-1"},"canonical":"https:\/\/abaa.mx\/tienda\/testo-545-luxometro-digital-con-conexion-a-la-app\/","og_locale":"es_MX","og_type":"article","og_title":"testo 545 - lux\u00f3metro digital con conexi\u00f3n a la app - Abaa tienda online","og_description":"Particularmente en los lugares de trabajo, la intensidad de iluminaci\u00f3n es un factor decisivo para la productividad, el bienestar y la salud. Las fuentes de luz demasiado brillantes deslumbran, mientras que las demasiado oscuras pueden provocar problemas de concentraci\u00f3n y dolores de cabeza. Con el lux\u00f3metro testo\u00a0545 es posible medir la intensidad de iluminaci\u00f3n de todas las fuentes de luz convencionales, de forma sencilla, r\u00e1pida y precisa. El analizador es compatible con casi todos los LED convencionales y le garantiza de este modo una amplia gama de aplicaci\u00f3n. Tendr\u00e1 toda la informaci\u00f3n relevante bajo control calculando autom\u00e1ticamente el valor medio temporal y puntual mediante el lux\u00f3metro. El testo 545 se complementa perfectamente con la App testo Smart. Con esta podr\u00e1 realizar la configuraci\u00f3n del analizador, visualizar y almacenar los valores medidos, as\u00ed como encargarse de la documentaci\u00f3n de forma c\u00f3moda. La App tambi\u00e9n convierte su smartphone en una segunda pantalla.","og_url":"https:\/\/abaa.mx\/tienda\/testo-545-luxometro-digital-con-conexion-a-la-app\/","og_site_name":"Abaa tienda online","article_modified_time":"2023-09-19T15:18:50+00:00","og_image":[{"width":660,"height":495,"url":"https:\/\/abaa.mx\/tienda\/wp-content\/uploads\/2023\/09\/testo-545.jpg","type":"image\/jpeg"}],"twitter_card":"summary_large_image","twitter_misc":{"Tiempo de lectura":"3 minutos"},"schema":{"@context":"https:\/\/schema.org","@graph":[{"@type":"WebPage","@id":"https:\/\/abaa.mx\/tienda\/testo-545-luxometro-digital-con-conexion-a-la-app\/","url":"https:\/\/abaa.mx\/tienda\/testo-545-luxometro-digital-con-conexion-a-la-app\/","name":"testo 545 - lux\u00f3metro digital con conexi\u00f3n a la app - Abaa tienda online","isPartOf":{"@id":"https:\/\/abaa.mx\/tienda\/#website"},"primaryImageOfPage":{"@id":"https:\/\/abaa.mx\/tienda\/testo-545-luxometro-digital-con-conexion-a-la-app\/#primaryimage"},"image":{"@id":"https:\/\/abaa.mx\/tienda\/testo-545-luxometro-digital-con-conexion-a-la-app\/#primaryimage"},"thumbnailUrl":"https:\/\/abaa.mx\/tienda\/wp-content\/uploads\/2023\/09\/testo-545.jpg","datePublished":"2023-09-19T15:18:49+00:00","dateModified":"2023-09-19T15:18:50+00:00","breadcrumb":{"@id":"https:\/\/abaa.mx\/tienda\/testo-545-luxometro-digital-con-conexion-a-la-app\/#breadcrumb"},"inLanguage":"es","potentialAction":[{"@type":"ReadAction","target":["https:\/\/abaa.mx\/tienda\/testo-545-luxometro-digital-con-conexion-a-la-app\/"]}]},{"@type":"ImageObject","inLanguage":"es","@id":"https:\/\/abaa.mx\/tienda\/testo-545-luxometro-digital-con-conexion-a-la-app\/#primaryimage","url":"https:\/\/abaa.mx\/tienda\/wp-content\/uploads\/2023\/09\/testo-545.jpg","contentUrl":"https:\/\/abaa.mx\/tienda\/wp-content\/uploads\/2023\/09\/testo-545.jpg","width":660,"height":495,"caption":"testo 545"},{"@type":"BreadcrumbList","@id":"https:\/\/abaa.mx\/tienda\/testo-545-luxometro-digital-con-conexion-a-la-app\/#breadcrumb","itemListElement":[{"@type":"ListItem","position":1,"name":"Inicio","item":"https:\/\/abaa.mx\/tienda\/"},{"@type":"ListItem","position":2,"name":"Tienda","item":"https:\/\/abaa.mx\/tienda\/"},{"@type":"ListItem","position":3,"name":"testo 545 &#8211; lux\u00f3metro digital con conexi\u00f3n a la app"}]},{"@type":"WebSite","@id":"https:\/\/abaa.mx\/tienda\/#website","url":"https:\/\/abaa.mx\/tienda\/","name":"Abaa tienda online","description":"Instrumentos de medici\u00f3n","publisher":{"@id":"https:\/\/abaa.mx\/tienda\/#organization"},"potentialAction":[{"@type":"SearchAction","target":{"@type":"EntryPoint","urlTemplate":"https:\/\/abaa.mx\/tienda\/?s={search_term_string}"},"query-input":{"@type":"PropertyValueSpecification","valueRequired":true,"valueName":"search_term_string"}}],"inLanguage":"es"},{"@type":"Organization","@id":"https:\/\/abaa.mx\/tienda\/#organization","name":"Abaa tienda online","url":"https:\/\/abaa.mx\/tienda\/","logo":{"@type":"ImageObject","inLanguage":"es","@id":"https:\/\/abaa.mx\/tienda\/#\/schema\/logo\/image\/","url":"https:\/\/abaa.mx\/tienda\/wp-content\/uploads\/2024\/01\/abaa-metrologia-tienda.png","contentUrl":"https:\/\/abaa.mx\/tienda\/wp-content\/uploads\/2024\/01\/abaa-metrologia-tienda.png","width":300,"height":141,"caption":"Abaa tienda online"},"image":{"@id":"https:\/\/abaa.mx\/tienda\/#\/schema\/logo\/image\/"}}]}},"_links":{"self":[{"href":"https:\/\/abaa.mx\/tienda\/wp-json\/wp\/v2\/product\/1967","targetHints":{"allow":["GET"]}}],"collection":[{"href":"https:\/\/abaa.mx\/tienda\/wp-json\/wp\/v2\/product"}],"about":[{"href":"https:\/\/abaa.mx\/tienda\/wp-json\/wp\/v2\/types\/product"}],"replies":[{"embeddable":true,"href":"https:\/\/abaa.mx\/tienda\/wp-json\/wp\/v2\/comments?post=1967"}],"wp:featuredmedia":[{"embeddable":true,"href":"https:\/\/abaa.mx\/tienda\/wp-json\/wp\/v2\/media\/1976"}],"wp:attachment":[{"href":"https:\/\/abaa.mx\/tienda\/wp-json\/wp\/v2\/media?parent=1967"}],"wp:term":[{"taxonomy":"product_brand","embeddable":true,"href":"https:\/\/abaa.mx\/tienda\/wp-json\/wp\/v2\/product_brand?post=1967"},{"taxonomy":"product_cat","embeddable":true,"href":"https:\/\/abaa.mx\/tienda\/wp-json\/wp\/v2\/product_cat?post=1967"},{"taxonomy":"product_tag","embeddable":true,"href":"https:\/\/abaa.mx\/tienda\/wp-json\/wp\/v2\/product_tag?post=1967"}],"curies":[{"name":"wp","href":"https:\/\/api.w.org\/{rel}","templated":true}]}}