{"id":1966,"date":"2023-09-19T15:05:11","date_gmt":"2023-09-19T15:05:11","guid":{"rendered":"https:\/\/abaa.mx\/tienda\/?post_type=product&#038;p=1966"},"modified":"2023-09-19T15:05:11","modified_gmt":"2023-09-19T15:05:11","slug":"testo-317-3-detector-de-co-con-visualizador-y-alarma","status":"publish","type":"product","link":"https:\/\/abaa.mx\/tienda\/testo-317-3-detector-de-co-con-visualizador-y-alarma\/","title":{"rendered":"testo 317-3 &#8211; detector de CO con visualizador y alarma"},"content":{"rendered":"<p>El detector de CO 317-3 detecta la presencia de mon\u00f3xido de carbono en el area examinada y emite una se\u00f1al ac\u00fastica y visual cuando hay concentraciones peligrosas de dicho gas, por ejemplo, al instalar o revisar calderas de gas.<\/p>\n<div class=\"m-list\">\n<ul class=\"list-elements\">\n<li>Sin cero, el instrumento esta inmediatamente listo para su uso<\/li>\n<li>Alarma ac\u00fastica y visualizador<\/li>\n<li>3 a\u00f1os de garant\u00eda del sensor de CO<\/li>\n<li>Funci\u00f3n de auto-test<\/li>\n<\/ul>\n<\/div>\n<p class=\"text\">testo 317-3, detector de CO, incl. funda de piel con soporte para cintur\u00f3n, auriculares, cinta de sujeci\u00f3n, sampler y protocolo de calibraci\u00f3n.<\/p>\n<div class=\"c2a-tabSection m-tabs\">\n<div id=\"tab-details\" class=\"large-12 column m-tab-pdp\">\n<div class=\"medium-8\">\n<h3>Volumen de suministro<\/h3>\n<article class=\"child-2 paragraph\">testo 317-3, detector de CO, incl. funda de piel con soporte para cintur\u00f3n, auriculares, cinta de sujeci\u00f3n y protocolo de calibraci\u00f3n.<\/article>\n<\/div>\n<div class=\"medium-4\">\n<div class=\"m-cert large-12 column\"><\/div>\n<\/div>\n<\/div>\n<\/div>\n<div class=\"c2a-tabSection m-tabs\">\n<div id=\"tab-technicalData\" class=\"large-12 column m-data-tab\">\n<h2>Datos t\u00e9cnicos<\/h2>\n<table>\n<colgroup>\n<col class=\"colWidth25\" \/>\n<col \/><\/colgroup>\n<thead>\n<tr>\n<th colspan=\"2\">Datos t\u00e9cnicos generales<\/th>\n<\/tr>\n<\/thead>\n<tbody>\n<tr>\n<td class=\"table-bold\">Temperatura de funcionamiento<\/td>\n<td>-5 hasta +45 \u00baC<\/td>\n<\/tr>\n<tr>\n<td class=\"table-bold\">Tipo de bater\u00eda<\/td>\n<td>2 pilas AAA<\/td>\n<\/tr>\n<tr>\n<td class=\"table-bold\">Autonom\u00eda<\/td>\n<td>150 h (con el zumbador desconectado)<\/td>\n<\/tr>\n<tr>\n<td class=\"table-bold\">Temperatura de almacenamiento<\/td>\n<td>-20 hasta +45 \u00baC<\/td>\n<\/tr>\n<\/tbody>\n<\/table>\n<table>\n<colgroup>\n<col class=\"colWidth25\" \/>\n<col \/><\/colgroup>\n<thead>\n<tr>\n<th colspan=\"2\">Medici\u00f3n de CO<\/th>\n<\/tr>\n<\/thead>\n<tbody>\n<tr>\n<td class=\"table-bold\">Rango<\/td>\n<td>0 hasta +1999 ppm<\/td>\n<\/tr>\n<tr>\n<td class=\"table-bold\">Exactitud<\/td>\n<td>\u00b13 ppm (0 hasta +29 ppm)<\/p>\n<p>\u00b110 % (+30 hasta +1999 ppm)<\/td>\n<\/tr>\n<tr>\n<td class=\"table-bold\">Resoluci\u00f3n<\/td>\n<td>1 ppm<\/td>\n<\/tr>\n<\/tbody>\n<\/table>\n<\/div>\n<\/div>\n<div class=\"c2a-tabSection m-tabs\">\n<div id=\"tab-applications\" class=\"large-12 column m-application-tab-pdp\">\n<h2>Aplicaciones<\/h2>\n<div class=\"large-12\">\n<div class=\"medium-6\">\n<div class=\"m-paragraph\">\n<h2 class=\"s4 title\">Medici\u00f3n de CO en ambientes calentados<\/h2>\n<p>El mon\u00f3xido de carbono (CO) es un gas incoloro, inodoro y sin sabor, pero tambi\u00e9n venenoso. Sus fuentes incluyen la combusti\u00f3n incompleta de sustancias que contienen carbono (petr\u00f3leo, gas y combustibles s\u00f3lidos, etc.). Si el CO logra entrar en el torrente sangu\u00edneo a trav\u00e9s de los pulmones, se combina con la hemoglobina, evitando as\u00ed que el ox\u00edgeno sea transportado en la sangre; Esto a su vez resultar\u00e1 en la muerte por asfixia. Por eso es necesario controlar regularmente las emisiones de CO en los puntos de combusti\u00f3n de los sistemas de calefacci\u00f3n y tambi\u00e9n en las \u00e1reas circundantes.<\/p>\n<\/div>\n<\/div>\n<\/div>\n<\/div>\n<\/div>\n","protected":false},"excerpt":{"rendered":"<p>El detector de CO 317-3 detecta la presencia de mon\u00f3xido de carbono en el area examinada y emite una se\u00f1al ac\u00fastica y visual cuando hay concentraciones peligrosas de dicho gas, por ejemplo, al instalar o revisar calderas de gas.<\/p>\n","protected":false},"featured_media":1973,"comment_status":"open","ping_status":"closed","template":"","meta":{"_joinchat":[]},"product_brand":[],"product_cat":[15],"product_tag":[],"class_list":{"0":"post-1966","1":"product","2":"type-product","3":"status-publish","4":"has-post-thumbnail","6":"product_cat-sin-categorizar","8":"first","9":"instock","10":"shipping-taxable","11":"product-type-simple"},"yoast_head":"<!-- This site is optimized with the Yoast SEO plugin v26.4 - https:\/\/yoast.com\/wordpress\/plugins\/seo\/ -->\n<title>testo 317-3 - detector de CO con visualizador y alarma - Abaa tienda online<\/title>\n<meta name=\"robots\" content=\"index, follow, max-snippet:-1, max-image-preview:large, max-video-preview:-1\" \/>\n<link rel=\"canonical\" href=\"https:\/\/abaa.mx\/tienda\/testo-317-3-detector-de-co-con-visualizador-y-alarma\/\" \/>\n<meta property=\"og:locale\" content=\"es_MX\" \/>\n<meta property=\"og:type\" content=\"article\" \/>\n<meta property=\"og:title\" content=\"testo 317-3 - detector de CO con visualizador y alarma - Abaa tienda online\" \/>\n<meta property=\"og:description\" content=\"El detector de CO 317-3 detecta la presencia de mon\u00f3xido de carbono en el area examinada y emite una se\u00f1al ac\u00fastica y visual cuando hay concentraciones peligrosas de dicho gas, por ejemplo, al instalar o revisar calderas de gas.\" \/>\n<meta property=\"og:url\" content=\"https:\/\/abaa.mx\/tienda\/testo-317-3-detector-de-co-con-visualizador-y-alarma\/\" \/>\n<meta property=\"og:site_name\" content=\"Abaa tienda online\" \/>\n<meta property=\"og:image\" content=\"https:\/\/abaa.mx\/tienda\/wp-content\/uploads\/2023\/09\/testo-317-3.jpg\" \/>\n\t<meta property=\"og:image:width\" content=\"660\" \/>\n\t<meta property=\"og:image:height\" content=\"495\" \/>\n\t<meta property=\"og:image:type\" content=\"image\/jpeg\" \/>\n<meta name=\"twitter:card\" content=\"summary_large_image\" \/>\n<meta name=\"twitter:label1\" content=\"Tiempo de lectura\" \/>\n\t<meta name=\"twitter:data1\" content=\"2 minutos\" \/>\n<script type=\"application\/ld+json\" class=\"yoast-schema-graph\">{\"@context\":\"https:\/\/schema.org\",\"@graph\":[{\"@type\":\"WebPage\",\"@id\":\"https:\/\/abaa.mx\/tienda\/testo-317-3-detector-de-co-con-visualizador-y-alarma\/\",\"url\":\"https:\/\/abaa.mx\/tienda\/testo-317-3-detector-de-co-con-visualizador-y-alarma\/\",\"name\":\"testo 317-3 - detector de CO con visualizador y alarma - Abaa tienda online\",\"isPartOf\":{\"@id\":\"https:\/\/abaa.mx\/tienda\/#website\"},\"primaryImageOfPage\":{\"@id\":\"https:\/\/abaa.mx\/tienda\/testo-317-3-detector-de-co-con-visualizador-y-alarma\/#primaryimage\"},\"image\":{\"@id\":\"https:\/\/abaa.mx\/tienda\/testo-317-3-detector-de-co-con-visualizador-y-alarma\/#primaryimage\"},\"thumbnailUrl\":\"https:\/\/abaa.mx\/tienda\/wp-content\/uploads\/2023\/09\/testo-317-3.jpg\",\"datePublished\":\"2023-09-19T15:05:11+00:00\",\"breadcrumb\":{\"@id\":\"https:\/\/abaa.mx\/tienda\/testo-317-3-detector-de-co-con-visualizador-y-alarma\/#breadcrumb\"},\"inLanguage\":\"es\",\"potentialAction\":[{\"@type\":\"ReadAction\",\"target\":[\"https:\/\/abaa.mx\/tienda\/testo-317-3-detector-de-co-con-visualizador-y-alarma\/\"]}]},{\"@type\":\"ImageObject\",\"inLanguage\":\"es\",\"@id\":\"https:\/\/abaa.mx\/tienda\/testo-317-3-detector-de-co-con-visualizador-y-alarma\/#primaryimage\",\"url\":\"https:\/\/abaa.mx\/tienda\/wp-content\/uploads\/2023\/09\/testo-317-3.jpg\",\"contentUrl\":\"https:\/\/abaa.mx\/tienda\/wp-content\/uploads\/2023\/09\/testo-317-3.jpg\",\"width\":660,\"height\":495,\"caption\":\"testo 317-3\"},{\"@type\":\"BreadcrumbList\",\"@id\":\"https:\/\/abaa.mx\/tienda\/testo-317-3-detector-de-co-con-visualizador-y-alarma\/#breadcrumb\",\"itemListElement\":[{\"@type\":\"ListItem\",\"position\":1,\"name\":\"Inicio\",\"item\":\"https:\/\/abaa.mx\/tienda\/\"},{\"@type\":\"ListItem\",\"position\":2,\"name\":\"Tienda\",\"item\":\"https:\/\/abaa.mx\/tienda\/\"},{\"@type\":\"ListItem\",\"position\":3,\"name\":\"testo 317-3 &#8211; detector de CO con visualizador y alarma\"}]},{\"@type\":\"WebSite\",\"@id\":\"https:\/\/abaa.mx\/tienda\/#website\",\"url\":\"https:\/\/abaa.mx\/tienda\/\",\"name\":\"Abaa tienda online\",\"description\":\"Instrumentos de medici\u00f3n\",\"publisher\":{\"@id\":\"https:\/\/abaa.mx\/tienda\/#organization\"},\"potentialAction\":[{\"@type\":\"SearchAction\",\"target\":{\"@type\":\"EntryPoint\",\"urlTemplate\":\"https:\/\/abaa.mx\/tienda\/?s={search_term_string}\"},\"query-input\":{\"@type\":\"PropertyValueSpecification\",\"valueRequired\":true,\"valueName\":\"search_term_string\"}}],\"inLanguage\":\"es\"},{\"@type\":\"Organization\",\"@id\":\"https:\/\/abaa.mx\/tienda\/#organization\",\"name\":\"Abaa tienda online\",\"url\":\"https:\/\/abaa.mx\/tienda\/\",\"logo\":{\"@type\":\"ImageObject\",\"inLanguage\":\"es\",\"@id\":\"https:\/\/abaa.mx\/tienda\/#\/schema\/logo\/image\/\",\"url\":\"https:\/\/abaa.mx\/tienda\/wp-content\/uploads\/2024\/01\/abaa-metrologia-tienda.png\",\"contentUrl\":\"https:\/\/abaa.mx\/tienda\/wp-content\/uploads\/2024\/01\/abaa-metrologia-tienda.png\",\"width\":300,\"height\":141,\"caption\":\"Abaa tienda online\"},\"image\":{\"@id\":\"https:\/\/abaa.mx\/tienda\/#\/schema\/logo\/image\/\"}}]}<\/script>\n<!-- \/ Yoast SEO plugin. -->","yoast_head_json":{"title":"testo 317-3 - detector de CO con visualizador y alarma - Abaa tienda online","robots":{"index":"index","follow":"follow","max-snippet":"max-snippet:-1","max-image-preview":"max-image-preview:large","max-video-preview":"max-video-preview:-1"},"canonical":"https:\/\/abaa.mx\/tienda\/testo-317-3-detector-de-co-con-visualizador-y-alarma\/","og_locale":"es_MX","og_type":"article","og_title":"testo 317-3 - detector de CO con visualizador y alarma - Abaa tienda online","og_description":"El detector de CO 317-3 detecta la presencia de mon\u00f3xido de carbono en el area examinada y emite una se\u00f1al ac\u00fastica y visual cuando hay concentraciones peligrosas de dicho gas, por ejemplo, al instalar o revisar calderas de gas.","og_url":"https:\/\/abaa.mx\/tienda\/testo-317-3-detector-de-co-con-visualizador-y-alarma\/","og_site_name":"Abaa tienda online","og_image":[{"width":660,"height":495,"url":"https:\/\/abaa.mx\/tienda\/wp-content\/uploads\/2023\/09\/testo-317-3.jpg","type":"image\/jpeg"}],"twitter_card":"summary_large_image","twitter_misc":{"Tiempo de lectura":"2 minutos"},"schema":{"@context":"https:\/\/schema.org","@graph":[{"@type":"WebPage","@id":"https:\/\/abaa.mx\/tienda\/testo-317-3-detector-de-co-con-visualizador-y-alarma\/","url":"https:\/\/abaa.mx\/tienda\/testo-317-3-detector-de-co-con-visualizador-y-alarma\/","name":"testo 317-3 - detector de CO con visualizador y alarma - Abaa tienda online","isPartOf":{"@id":"https:\/\/abaa.mx\/tienda\/#website"},"primaryImageOfPage":{"@id":"https:\/\/abaa.mx\/tienda\/testo-317-3-detector-de-co-con-visualizador-y-alarma\/#primaryimage"},"image":{"@id":"https:\/\/abaa.mx\/tienda\/testo-317-3-detector-de-co-con-visualizador-y-alarma\/#primaryimage"},"thumbnailUrl":"https:\/\/abaa.mx\/tienda\/wp-content\/uploads\/2023\/09\/testo-317-3.jpg","datePublished":"2023-09-19T15:05:11+00:00","breadcrumb":{"@id":"https:\/\/abaa.mx\/tienda\/testo-317-3-detector-de-co-con-visualizador-y-alarma\/#breadcrumb"},"inLanguage":"es","potentialAction":[{"@type":"ReadAction","target":["https:\/\/abaa.mx\/tienda\/testo-317-3-detector-de-co-con-visualizador-y-alarma\/"]}]},{"@type":"ImageObject","inLanguage":"es","@id":"https:\/\/abaa.mx\/tienda\/testo-317-3-detector-de-co-con-visualizador-y-alarma\/#primaryimage","url":"https:\/\/abaa.mx\/tienda\/wp-content\/uploads\/2023\/09\/testo-317-3.jpg","contentUrl":"https:\/\/abaa.mx\/tienda\/wp-content\/uploads\/2023\/09\/testo-317-3.jpg","width":660,"height":495,"caption":"testo 317-3"},{"@type":"BreadcrumbList","@id":"https:\/\/abaa.mx\/tienda\/testo-317-3-detector-de-co-con-visualizador-y-alarma\/#breadcrumb","itemListElement":[{"@type":"ListItem","position":1,"name":"Inicio","item":"https:\/\/abaa.mx\/tienda\/"},{"@type":"ListItem","position":2,"name":"Tienda","item":"https:\/\/abaa.mx\/tienda\/"},{"@type":"ListItem","position":3,"name":"testo 317-3 &#8211; detector de CO con visualizador y alarma"}]},{"@type":"WebSite","@id":"https:\/\/abaa.mx\/tienda\/#website","url":"https:\/\/abaa.mx\/tienda\/","name":"Abaa tienda online","description":"Instrumentos de medici\u00f3n","publisher":{"@id":"https:\/\/abaa.mx\/tienda\/#organization"},"potentialAction":[{"@type":"SearchAction","target":{"@type":"EntryPoint","urlTemplate":"https:\/\/abaa.mx\/tienda\/?s={search_term_string}"},"query-input":{"@type":"PropertyValueSpecification","valueRequired":true,"valueName":"search_term_string"}}],"inLanguage":"es"},{"@type":"Organization","@id":"https:\/\/abaa.mx\/tienda\/#organization","name":"Abaa tienda online","url":"https:\/\/abaa.mx\/tienda\/","logo":{"@type":"ImageObject","inLanguage":"es","@id":"https:\/\/abaa.mx\/tienda\/#\/schema\/logo\/image\/","url":"https:\/\/abaa.mx\/tienda\/wp-content\/uploads\/2024\/01\/abaa-metrologia-tienda.png","contentUrl":"https:\/\/abaa.mx\/tienda\/wp-content\/uploads\/2024\/01\/abaa-metrologia-tienda.png","width":300,"height":141,"caption":"Abaa tienda online"},"image":{"@id":"https:\/\/abaa.mx\/tienda\/#\/schema\/logo\/image\/"}}]}},"_links":{"self":[{"href":"https:\/\/abaa.mx\/tienda\/wp-json\/wp\/v2\/product\/1966","targetHints":{"allow":["GET"]}}],"collection":[{"href":"https:\/\/abaa.mx\/tienda\/wp-json\/wp\/v2\/product"}],"about":[{"href":"https:\/\/abaa.mx\/tienda\/wp-json\/wp\/v2\/types\/product"}],"replies":[{"embeddable":true,"href":"https:\/\/abaa.mx\/tienda\/wp-json\/wp\/v2\/comments?post=1966"}],"wp:featuredmedia":[{"embeddable":true,"href":"https:\/\/abaa.mx\/tienda\/wp-json\/wp\/v2\/media\/1973"}],"wp:attachment":[{"href":"https:\/\/abaa.mx\/tienda\/wp-json\/wp\/v2\/media?parent=1966"}],"wp:term":[{"taxonomy":"product_brand","embeddable":true,"href":"https:\/\/abaa.mx\/tienda\/wp-json\/wp\/v2\/product_brand?post=1966"},{"taxonomy":"product_cat","embeddable":true,"href":"https:\/\/abaa.mx\/tienda\/wp-json\/wp\/v2\/product_cat?post=1966"},{"taxonomy":"product_tag","embeddable":true,"href":"https:\/\/abaa.mx\/tienda\/wp-json\/wp\/v2\/product_tag?post=1966"}],"curies":[{"name":"wp","href":"https:\/\/api.w.org\/{rel}","templated":true}]}}