{"id":1965,"date":"2023-09-19T14:56:29","date_gmt":"2023-09-19T14:56:29","guid":{"rendered":"https:\/\/abaa.mx\/tienda\/?post_type=product&#038;p=1965"},"modified":"2023-09-19T14:56:30","modified_gmt":"2023-09-19T14:56:30","slug":"termometro-digital-avaly-va-edt-1-54","status":"publish","type":"product","link":"https:\/\/abaa.mx\/tienda\/termometro-digital-avaly-va-edt-1-54\/","title":{"rendered":"Term\u00f3metro digital avaly va-edt-1-54"},"content":{"rendered":"<h1><strong>Term\u00f3metro digital avaly va-edt-1-54<\/strong><\/h1>\n<div class=\"x-el x-el-div c2-1 c2-2 c2-g c2-26 c2-27 c2-28 c2-29 c2-2a c2-2b c2-2c c2-3 c2-4 c2-2d c2-2e c2-2f c2-2g c2-5 c2-6 c2-7 c2-8\" data-ux=\"Grid\">\n<div class=\"x-el x-el-div c2-1 c2-2 c2-26 c2-2h c2-2i c2-2j c2-14 c2-2k c2-2l c2-2m c2-2n c2-3 c2-4 c2-2o c2-2p c2-2q c2-2r c2-2s c2-2t c2-5 c2-6 c2-7 c2-8\" data-ux=\"GridCell\">\n<div class=\"x-el x-el-div c2-1 c2-2 c2-3 c2-4 c2-5 c2-6 c2-7 c2-8\" data-ux=\"Block\">\n<div class=\"x-el c2-1 c2-2 c2-1g c2-1h c2-3d c2-29 c2-3e c2-3 c2-4q c2-4 c2-3b c2-5 c2-6 c2-7 c2-8 x-rt\" data-ux=\"Text\" data-aid=\"PRODUCT_DESCRIPTION_RENDERED\" data-typography=\"BodyAlpha\">\n<p>Temperatura interior: -20 a 50\u00b0 C.<br \/>\nTemperatura exterior: -50 a 70\u00b0C.<\/p>\n<p>Usos sugeridos: Refrigeraci\u00f3n, congelaci\u00f3n, etc.<\/p>\n<p>Tipo de medici\u00f3n: Ambiental.<br \/>\nUnidades de medici\u00f3n: \u00b0C.<br \/>\nIndicaci\u00f3n: Digital.<\/p>\n<\/div>\n<\/div>\n<\/div>\n<\/div>\n<p>Este term\u00f3metro digital es un instrumento muy utilizado en las industrias y en muchas actividades relacionadas con el an\u00e1lisis t\u00e9cnico-cient\u00edfico. Est\u00e1 conformado por una cadena termom\u00e9trica compuesta por una sonda de temperatura con un sensor resistente al agua y el sol, siendo este mismo de longitud de 2.00 m, al igual que un indicador digital. Emplea tres formas de instalaci\u00f3n, entre ellas: en pared y\u00a0soporte para mesa. En cuanto a su exactitud y precisi\u00f3n es de excelente calidad. Es recomendable que la calibraci\u00f3n de term\u00f3metros digitales sea realizada por laboratorios de calibraci\u00f3n acreditados. Su mecanismo funciona por medio de bater\u00edas AAA, dependiendo del modelo, permiti\u00e9ndole una durabilidad funcional.<\/p>\n<div>\n<p><strong>ESPECIFICACIONES<\/strong><\/p>\n<p>Car\u00e1tula LCD: 2\u201d.<br \/>\nCar\u00e1tula lcd dual: s\u00ed.<br \/>\nRango de temperatura exterior: -50 a 70\u00baC (-58 a 158\u00baF).<br \/>\nRango de temperatura interior: 0\u00ba a 50\u00bac (32\u00ba a 122\u00baF).<br \/>\nExactitud de temperatura: +\/- 1\u00baC.<br \/>\nTemperatura (min \/ max): s\u00ed.<br \/>\nRango de humedad: 5 a 85% HR.<br \/>\nExactitud de humedad: 1% HR.<br \/>\nFuente de energ\u00eda: 1 bater\u00eda alcalina AAA. 1.5V.<br \/>\nInterruptor \u00bac \/ \u00baf: s\u00ed.<br \/>\nSensor remoto (2.00 mts): s\u00ed.<br \/>\nMontaje: pared \/ escritorio.<br \/>\nGarant\u00eda: 1 a\u00f1o..<\/p>\n<p>&nbsp;<\/p>\n<\/div>\n","protected":false},"excerpt":{"rendered":"<div class=\"x-el x-el-div c2-1 c2-2 c2-g c2-26 c2-27 c2-28 c2-29 c2-2a c2-2b c2-2c c2-3 c2-4 c2-2d c2-2e c2-2f c2-2g c2-5 c2-6 c2-7 c2-8\" data-ux=\"Grid\">\n<div class=\"x-el x-el-div c2-1 c2-2 c2-26 c2-2h c2-2i c2-2j c2-14 c2-2k c2-2l c2-2m c2-2n c2-3 c2-4 c2-2o c2-2p c2-2q c2-2r c2-2s c2-2t c2-5 c2-6 c2-7 c2-8\" data-ux=\"GridCell\">\n<div class=\"x-el x-el-div c2-1 c2-2 c2-3 c2-4 c2-5 c2-6 c2-7 c2-8\" data-ux=\"Block\">\n<div class=\"x-el c2-1 c2-2 c2-1g c2-1h c2-3d c2-29 c2-3e c2-3 c2-4q c2-4 c2-3b c2-5 c2-6 c2-7 c2-8 x-rt\" data-ux=\"Text\" data-aid=\"PRODUCT_DESCRIPTION_RENDERED\" data-typography=\"BodyAlpha\">\n<p>CARACTER\u00cdSTICAS\/FICHA T\u00c9CNICA:<\/p>\n<p>Temperatura interior: -20 a 50\u00b0 C<br \/>\nTemperatura exterior: -50 a 70\u00b0C<\/p>\n<p>Usos sugeridos: Refrigeraci\u00f3n, congelaci\u00f3n, etc.<\/p>\n<p>Tipo de medici\u00f3n: Ambiental<br \/>\nUnidades de medici\u00f3n: \u00b0C<br \/>\nIndicaci\u00f3n: Digital<\/p>\n<\/div>\n<\/div>\n<\/div>\n<\/div>\n<div class=\"x-el x-el-div c2-1 c2-2 c2-g c2-26 c2-27 c2-28 c2-29 c2-2a c2-2b c2-2c c2-3 c2-4 c2-2d c2-2e c2-2f c2-2g c2-5 c2-6 c2-7 c2-8\" data-ux=\"Grid\"><\/div>\n","protected":false},"featured_media":1969,"comment_status":"open","ping_status":"closed","template":"","meta":{"_joinchat":[]},"product_brand":[],"product_cat":[15],"product_tag":[],"class_list":{"0":"post-1965","1":"product","2":"type-product","3":"status-publish","4":"has-post-thumbnail","6":"product_cat-sin-categorizar","8":"first","9":"instock","10":"shipping-taxable","11":"product-type-simple"},"yoast_head":"<!-- This site is optimized with the Yoast SEO plugin v26.4 - https:\/\/yoast.com\/wordpress\/plugins\/seo\/ -->\n<title>Term\u00f3metro digital avaly va-edt-1-54 - Abaa tienda online<\/title>\n<meta name=\"robots\" content=\"index, follow, max-snippet:-1, max-image-preview:large, max-video-preview:-1\" \/>\n<link rel=\"canonical\" href=\"https:\/\/abaa.mx\/tienda\/termometro-digital-avaly-va-edt-1-54\/\" \/>\n<meta property=\"og:locale\" content=\"es_MX\" \/>\n<meta property=\"og:type\" content=\"article\" \/>\n<meta property=\"og:title\" content=\"Term\u00f3metro digital avaly va-edt-1-54 - Abaa tienda online\" \/>\n<meta property=\"og:description\" content=\"CARACTER\u00cdSTICAS\/FICHA T\u00c9CNICA:  Temperatura interior: -20 a 50\u00b0 C Temperatura exterior: -50 a 70\u00b0C  Usos sugeridos: Refrigeraci\u00f3n, congelaci\u00f3n, etc.  Tipo de medici\u00f3n: Ambiental Unidades de medici\u00f3n: \u00b0C Indicaci\u00f3n: Digital\" \/>\n<meta property=\"og:url\" content=\"https:\/\/abaa.mx\/tienda\/termometro-digital-avaly-va-edt-1-54\/\" \/>\n<meta property=\"og:site_name\" content=\"Abaa tienda online\" \/>\n<meta property=\"article:modified_time\" content=\"2023-09-19T14:56:30+00:00\" \/>\n<meta property=\"og:image\" content=\"https:\/\/abaa.mx\/tienda\/wp-content\/uploads\/2023\/09\/VA-EDT-1-54.jpg\" \/>\n\t<meta property=\"og:image:width\" content=\"400\" \/>\n\t<meta property=\"og:image:height\" content=\"400\" \/>\n\t<meta property=\"og:image:type\" content=\"image\/jpeg\" \/>\n<meta name=\"twitter:card\" content=\"summary_large_image\" \/>\n<meta name=\"twitter:label1\" content=\"Tiempo de lectura\" \/>\n\t<meta name=\"twitter:data1\" content=\"1 minuto\" \/>\n<script type=\"application\/ld+json\" class=\"yoast-schema-graph\">{\"@context\":\"https:\/\/schema.org\",\"@graph\":[{\"@type\":\"WebPage\",\"@id\":\"https:\/\/abaa.mx\/tienda\/termometro-digital-avaly-va-edt-1-54\/\",\"url\":\"https:\/\/abaa.mx\/tienda\/termometro-digital-avaly-va-edt-1-54\/\",\"name\":\"Term\u00f3metro digital avaly va-edt-1-54 - Abaa tienda online\",\"isPartOf\":{\"@id\":\"https:\/\/abaa.mx\/tienda\/#website\"},\"primaryImageOfPage\":{\"@id\":\"https:\/\/abaa.mx\/tienda\/termometro-digital-avaly-va-edt-1-54\/#primaryimage\"},\"image\":{\"@id\":\"https:\/\/abaa.mx\/tienda\/termometro-digital-avaly-va-edt-1-54\/#primaryimage\"},\"thumbnailUrl\":\"https:\/\/abaa.mx\/tienda\/wp-content\/uploads\/2023\/09\/VA-EDT-1-54.jpg\",\"datePublished\":\"2023-09-19T14:56:29+00:00\",\"dateModified\":\"2023-09-19T14:56:30+00:00\",\"breadcrumb\":{\"@id\":\"https:\/\/abaa.mx\/tienda\/termometro-digital-avaly-va-edt-1-54\/#breadcrumb\"},\"inLanguage\":\"es\",\"potentialAction\":[{\"@type\":\"ReadAction\",\"target\":[\"https:\/\/abaa.mx\/tienda\/termometro-digital-avaly-va-edt-1-54\/\"]}]},{\"@type\":\"ImageObject\",\"inLanguage\":\"es\",\"@id\":\"https:\/\/abaa.mx\/tienda\/termometro-digital-avaly-va-edt-1-54\/#primaryimage\",\"url\":\"https:\/\/abaa.mx\/tienda\/wp-content\/uploads\/2023\/09\/VA-EDT-1-54.jpg\",\"contentUrl\":\"https:\/\/abaa.mx\/tienda\/wp-content\/uploads\/2023\/09\/VA-EDT-1-54.jpg\",\"width\":400,\"height\":400,\"caption\":\"termometro-digital-avaly-va-edt-1-54\"},{\"@type\":\"BreadcrumbList\",\"@id\":\"https:\/\/abaa.mx\/tienda\/termometro-digital-avaly-va-edt-1-54\/#breadcrumb\",\"itemListElement\":[{\"@type\":\"ListItem\",\"position\":1,\"name\":\"Inicio\",\"item\":\"https:\/\/abaa.mx\/tienda\/\"},{\"@type\":\"ListItem\",\"position\":2,\"name\":\"Tienda\",\"item\":\"https:\/\/abaa.mx\/tienda\/\"},{\"@type\":\"ListItem\",\"position\":3,\"name\":\"Term\u00f3metro digital avaly va-edt-1-54\"}]},{\"@type\":\"WebSite\",\"@id\":\"https:\/\/abaa.mx\/tienda\/#website\",\"url\":\"https:\/\/abaa.mx\/tienda\/\",\"name\":\"Abaa tienda online\",\"description\":\"Instrumentos de medici\u00f3n\",\"publisher\":{\"@id\":\"https:\/\/abaa.mx\/tienda\/#organization\"},\"potentialAction\":[{\"@type\":\"SearchAction\",\"target\":{\"@type\":\"EntryPoint\",\"urlTemplate\":\"https:\/\/abaa.mx\/tienda\/?s={search_term_string}\"},\"query-input\":{\"@type\":\"PropertyValueSpecification\",\"valueRequired\":true,\"valueName\":\"search_term_string\"}}],\"inLanguage\":\"es\"},{\"@type\":\"Organization\",\"@id\":\"https:\/\/abaa.mx\/tienda\/#organization\",\"name\":\"Abaa tienda online\",\"url\":\"https:\/\/abaa.mx\/tienda\/\",\"logo\":{\"@type\":\"ImageObject\",\"inLanguage\":\"es\",\"@id\":\"https:\/\/abaa.mx\/tienda\/#\/schema\/logo\/image\/\",\"url\":\"https:\/\/abaa.mx\/tienda\/wp-content\/uploads\/2024\/01\/abaa-metrologia-tienda.png\",\"contentUrl\":\"https:\/\/abaa.mx\/tienda\/wp-content\/uploads\/2024\/01\/abaa-metrologia-tienda.png\",\"width\":300,\"height\":141,\"caption\":\"Abaa tienda online\"},\"image\":{\"@id\":\"https:\/\/abaa.mx\/tienda\/#\/schema\/logo\/image\/\"}}]}<\/script>\n<!-- \/ Yoast SEO plugin. -->","yoast_head_json":{"title":"Term\u00f3metro digital avaly va-edt-1-54 - Abaa tienda online","robots":{"index":"index","follow":"follow","max-snippet":"max-snippet:-1","max-image-preview":"max-image-preview:large","max-video-preview":"max-video-preview:-1"},"canonical":"https:\/\/abaa.mx\/tienda\/termometro-digital-avaly-va-edt-1-54\/","og_locale":"es_MX","og_type":"article","og_title":"Term\u00f3metro digital avaly va-edt-1-54 - Abaa tienda online","og_description":"CARACTER\u00cdSTICAS\/FICHA T\u00c9CNICA:  Temperatura interior: -20 a 50\u00b0 C Temperatura exterior: -50 a 70\u00b0C  Usos sugeridos: Refrigeraci\u00f3n, congelaci\u00f3n, etc.  Tipo de medici\u00f3n: Ambiental Unidades de medici\u00f3n: \u00b0C Indicaci\u00f3n: Digital","og_url":"https:\/\/abaa.mx\/tienda\/termometro-digital-avaly-va-edt-1-54\/","og_site_name":"Abaa tienda online","article_modified_time":"2023-09-19T14:56:30+00:00","og_image":[{"width":400,"height":400,"url":"https:\/\/abaa.mx\/tienda\/wp-content\/uploads\/2023\/09\/VA-EDT-1-54.jpg","type":"image\/jpeg"}],"twitter_card":"summary_large_image","twitter_misc":{"Tiempo de lectura":"1 minuto"},"schema":{"@context":"https:\/\/schema.org","@graph":[{"@type":"WebPage","@id":"https:\/\/abaa.mx\/tienda\/termometro-digital-avaly-va-edt-1-54\/","url":"https:\/\/abaa.mx\/tienda\/termometro-digital-avaly-va-edt-1-54\/","name":"Term\u00f3metro digital avaly va-edt-1-54 - Abaa tienda online","isPartOf":{"@id":"https:\/\/abaa.mx\/tienda\/#website"},"primaryImageOfPage":{"@id":"https:\/\/abaa.mx\/tienda\/termometro-digital-avaly-va-edt-1-54\/#primaryimage"},"image":{"@id":"https:\/\/abaa.mx\/tienda\/termometro-digital-avaly-va-edt-1-54\/#primaryimage"},"thumbnailUrl":"https:\/\/abaa.mx\/tienda\/wp-content\/uploads\/2023\/09\/VA-EDT-1-54.jpg","datePublished":"2023-09-19T14:56:29+00:00","dateModified":"2023-09-19T14:56:30+00:00","breadcrumb":{"@id":"https:\/\/abaa.mx\/tienda\/termometro-digital-avaly-va-edt-1-54\/#breadcrumb"},"inLanguage":"es","potentialAction":[{"@type":"ReadAction","target":["https:\/\/abaa.mx\/tienda\/termometro-digital-avaly-va-edt-1-54\/"]}]},{"@type":"ImageObject","inLanguage":"es","@id":"https:\/\/abaa.mx\/tienda\/termometro-digital-avaly-va-edt-1-54\/#primaryimage","url":"https:\/\/abaa.mx\/tienda\/wp-content\/uploads\/2023\/09\/VA-EDT-1-54.jpg","contentUrl":"https:\/\/abaa.mx\/tienda\/wp-content\/uploads\/2023\/09\/VA-EDT-1-54.jpg","width":400,"height":400,"caption":"termometro-digital-avaly-va-edt-1-54"},{"@type":"BreadcrumbList","@id":"https:\/\/abaa.mx\/tienda\/termometro-digital-avaly-va-edt-1-54\/#breadcrumb","itemListElement":[{"@type":"ListItem","position":1,"name":"Inicio","item":"https:\/\/abaa.mx\/tienda\/"},{"@type":"ListItem","position":2,"name":"Tienda","item":"https:\/\/abaa.mx\/tienda\/"},{"@type":"ListItem","position":3,"name":"Term\u00f3metro digital avaly va-edt-1-54"}]},{"@type":"WebSite","@id":"https:\/\/abaa.mx\/tienda\/#website","url":"https:\/\/abaa.mx\/tienda\/","name":"Abaa tienda online","description":"Instrumentos de medici\u00f3n","publisher":{"@id":"https:\/\/abaa.mx\/tienda\/#organization"},"potentialAction":[{"@type":"SearchAction","target":{"@type":"EntryPoint","urlTemplate":"https:\/\/abaa.mx\/tienda\/?s={search_term_string}"},"query-input":{"@type":"PropertyValueSpecification","valueRequired":true,"valueName":"search_term_string"}}],"inLanguage":"es"},{"@type":"Organization","@id":"https:\/\/abaa.mx\/tienda\/#organization","name":"Abaa tienda online","url":"https:\/\/abaa.mx\/tienda\/","logo":{"@type":"ImageObject","inLanguage":"es","@id":"https:\/\/abaa.mx\/tienda\/#\/schema\/logo\/image\/","url":"https:\/\/abaa.mx\/tienda\/wp-content\/uploads\/2024\/01\/abaa-metrologia-tienda.png","contentUrl":"https:\/\/abaa.mx\/tienda\/wp-content\/uploads\/2024\/01\/abaa-metrologia-tienda.png","width":300,"height":141,"caption":"Abaa tienda online"},"image":{"@id":"https:\/\/abaa.mx\/tienda\/#\/schema\/logo\/image\/"}}]}},"_links":{"self":[{"href":"https:\/\/abaa.mx\/tienda\/wp-json\/wp\/v2\/product\/1965","targetHints":{"allow":["GET"]}}],"collection":[{"href":"https:\/\/abaa.mx\/tienda\/wp-json\/wp\/v2\/product"}],"about":[{"href":"https:\/\/abaa.mx\/tienda\/wp-json\/wp\/v2\/types\/product"}],"replies":[{"embeddable":true,"href":"https:\/\/abaa.mx\/tienda\/wp-json\/wp\/v2\/comments?post=1965"}],"wp:featuredmedia":[{"embeddable":true,"href":"https:\/\/abaa.mx\/tienda\/wp-json\/wp\/v2\/media\/1969"}],"wp:attachment":[{"href":"https:\/\/abaa.mx\/tienda\/wp-json\/wp\/v2\/media?parent=1965"}],"wp:term":[{"taxonomy":"product_brand","embeddable":true,"href":"https:\/\/abaa.mx\/tienda\/wp-json\/wp\/v2\/product_brand?post=1965"},{"taxonomy":"product_cat","embeddable":true,"href":"https:\/\/abaa.mx\/tienda\/wp-json\/wp\/v2\/product_cat?post=1965"},{"taxonomy":"product_tag","embeddable":true,"href":"https:\/\/abaa.mx\/tienda\/wp-json\/wp\/v2\/product_tag?post=1965"}],"curies":[{"name":"wp","href":"https:\/\/api.w.org\/{rel}","templated":true}]}}