{"id":1962,"date":"2023-09-19T14:42:56","date_gmt":"2023-09-19T14:42:56","guid":{"rendered":"https:\/\/abaa.mx\/tienda\/?post_type=product&#038;p=1962"},"modified":"2023-11-07T16:12:30","modified_gmt":"2023-11-07T16:12:30","slug":"termometro-digital-taylor-1442-10","status":"publish","type":"product","link":"https:\/\/abaa.mx\/tienda\/termometro-digital-taylor-1442-10\/","title":{"rendered":"Term\u00f3metro digital Taylor 1442-10"},"content":{"rendered":"<p>Term\u00f3metro\u00a0digital Taylor 1442-10<br \/>\nTerm\u00f3metro digital, de doble sensor para industria farmac\u00e9utica, refrigeradores en farmacia y laboratorios.<br \/>\nEl term\u00f3metro digital de doble sonda, es perfecto para aplicaciones de monitoreo en almacenes, refrigeradores que requieran indicar temperatura en 2 sitios.<br \/>\nEs un instrumento de doble sensor, muy \u00fatil para la indicaci\u00f3n doble de lectura en la magnitud de temperatura, tiene una excelente precisi\u00f3n en medici\u00f3n t\u00e9rmica interior, gracias a sus dos sensores que, registran la temperatura y que se conectan al equipo.<\/p>\n<p>La temperatura que se mide y que registra en el equipo, v\u00eda los sensores al\u00e1mbricos conectados al instrumento, ayudan mucho y con gran precisi\u00f3n. Es una la mejor alternativa para medir e indicar la temperatura en sus procesos.<\/p>\n<p><strong>Rango:<\/strong><\/p>\n<p>-40\u00b0C a 105 \u00b0C<\/p>\n<p>-40\u00b0F a 221 \u00b0F<\/p>\n<p><strong>Tipo de Medici\u00f3n:<\/strong><\/p>\n<p>Ambiental, por contacto<\/p>\n<p><strong>Unidad de Indicaci\u00f3n:\u00a0<\/strong><\/p>\n<p>\u00b0C \/ \u00b0F<\/p>\n<p><strong>Indicaci\u00f3n:<\/strong><\/p>\n<p>Digital<\/p>\n<p><strong>Aplicaciones:<\/strong><\/p>\n<p>Term\u00f3metro\u00a0para medir temperatura<br \/>\nIndica temperatura\u00a0M\u00e1xima y\u00a0M\u00ednima<br \/>\n<strong>Uso:<\/strong><\/p>\n<p>Industria farmac\u00e9utica y alimenticia<br \/>\nRefrigerador y Congelador<br \/>\n<strong>Dimensi\u00f3n:<\/strong><\/p>\n<p>Cuerpo 5 x 3.5&#8243;<\/p>\n<p>Display 3.5&#8243;<\/p>\n<p><strong>Serie:<\/strong><\/p>\n<p>Nueva serie<\/p>\n<p>&nbsp;<\/p>\n","protected":false},"excerpt":{"rendered":"<p>Es un instrumento de doble sensor, muy \u00fatil para la indicaci\u00f3n doble de lectura en la magnitud de temperatura, tiene una excelente precisi\u00f3n en medici\u00f3n t\u00e9rmica interior, gracias a sus dos sensores que, registran la temperatura y que se conectan al equipo.<\/p>\n","protected":false},"featured_media":1963,"comment_status":"open","ping_status":"closed","template":"","meta":{"_joinchat":[]},"product_brand":[],"product_cat":[15],"product_tag":[],"class_list":{"0":"post-1962","1":"product","2":"type-product","3":"status-publish","4":"has-post-thumbnail","6":"product_cat-sin-categorizar","8":"first","9":"instock","10":"shipping-taxable","11":"product-type-simple"},"yoast_head":"<!-- This site is optimized with the Yoast SEO plugin v26.4 - https:\/\/yoast.com\/wordpress\/plugins\/seo\/ -->\n<title>Term\u00f3metro digital Taylor 1442-10 - Abaa tienda online<\/title>\n<meta name=\"robots\" content=\"index, follow, max-snippet:-1, max-image-preview:large, max-video-preview:-1\" \/>\n<link rel=\"canonical\" href=\"https:\/\/abaa.mx\/tienda\/termometro-digital-taylor-1442-10\/\" \/>\n<meta property=\"og:locale\" content=\"es_MX\" \/>\n<meta property=\"og:type\" content=\"article\" \/>\n<meta property=\"og:title\" content=\"Term\u00f3metro digital Taylor 1442-10 - Abaa tienda online\" \/>\n<meta property=\"og:description\" content=\"Es un instrumento de doble sensor, muy \u00fatil para la indicaci\u00f3n doble de lectura en la magnitud de temperatura, tiene una excelente precisi\u00f3n en medici\u00f3n t\u00e9rmica interior, gracias a sus dos sensores que, registran la temperatura y que se conectan al equipo.\" \/>\n<meta property=\"og:url\" content=\"https:\/\/abaa.mx\/tienda\/termometro-digital-taylor-1442-10\/\" \/>\n<meta property=\"og:site_name\" content=\"Abaa tienda online\" \/>\n<meta property=\"article:modified_time\" content=\"2023-11-07T16:12:30+00:00\" \/>\n<meta property=\"og:image\" content=\"https:\/\/abaa.mx\/tienda\/wp-content\/uploads\/2023\/09\/1442-10.jpg\" \/>\n\t<meta property=\"og:image:width\" content=\"515\" \/>\n\t<meta property=\"og:image:height\" content=\"417\" \/>\n\t<meta property=\"og:image:type\" content=\"image\/jpeg\" \/>\n<meta name=\"twitter:card\" content=\"summary_large_image\" \/>\n<meta name=\"twitter:label1\" content=\"Tiempo de lectura\" \/>\n\t<meta name=\"twitter:data1\" content=\"1 minuto\" \/>\n<script type=\"application\/ld+json\" class=\"yoast-schema-graph\">{\"@context\":\"https:\/\/schema.org\",\"@graph\":[{\"@type\":\"WebPage\",\"@id\":\"https:\/\/abaa.mx\/tienda\/termometro-digital-taylor-1442-10\/\",\"url\":\"https:\/\/abaa.mx\/tienda\/termometro-digital-taylor-1442-10\/\",\"name\":\"Term\u00f3metro digital Taylor 1442-10 - Abaa tienda online\",\"isPartOf\":{\"@id\":\"https:\/\/abaa.mx\/tienda\/#website\"},\"primaryImageOfPage\":{\"@id\":\"https:\/\/abaa.mx\/tienda\/termometro-digital-taylor-1442-10\/#primaryimage\"},\"image\":{\"@id\":\"https:\/\/abaa.mx\/tienda\/termometro-digital-taylor-1442-10\/#primaryimage\"},\"thumbnailUrl\":\"https:\/\/abaa.mx\/tienda\/wp-content\/uploads\/2023\/09\/1442-10.jpg\",\"datePublished\":\"2023-09-19T14:42:56+00:00\",\"dateModified\":\"2023-11-07T16:12:30+00:00\",\"breadcrumb\":{\"@id\":\"https:\/\/abaa.mx\/tienda\/termometro-digital-taylor-1442-10\/#breadcrumb\"},\"inLanguage\":\"es\",\"potentialAction\":[{\"@type\":\"ReadAction\",\"target\":[\"https:\/\/abaa.mx\/tienda\/termometro-digital-taylor-1442-10\/\"]}]},{\"@type\":\"ImageObject\",\"inLanguage\":\"es\",\"@id\":\"https:\/\/abaa.mx\/tienda\/termometro-digital-taylor-1442-10\/#primaryimage\",\"url\":\"https:\/\/abaa.mx\/tienda\/wp-content\/uploads\/2023\/09\/1442-10.jpg\",\"contentUrl\":\"https:\/\/abaa.mx\/tienda\/wp-content\/uploads\/2023\/09\/1442-10.jpg\",\"width\":515,\"height\":417,\"caption\":\"termometro-digital-taylor-1442-10\"},{\"@type\":\"BreadcrumbList\",\"@id\":\"https:\/\/abaa.mx\/tienda\/termometro-digital-taylor-1442-10\/#breadcrumb\",\"itemListElement\":[{\"@type\":\"ListItem\",\"position\":1,\"name\":\"Inicio\",\"item\":\"https:\/\/abaa.mx\/tienda\/\"},{\"@type\":\"ListItem\",\"position\":2,\"name\":\"Tienda\",\"item\":\"https:\/\/abaa.mx\/tienda\/\"},{\"@type\":\"ListItem\",\"position\":3,\"name\":\"Term\u00f3metro digital Taylor 1442-10\"}]},{\"@type\":\"WebSite\",\"@id\":\"https:\/\/abaa.mx\/tienda\/#website\",\"url\":\"https:\/\/abaa.mx\/tienda\/\",\"name\":\"Abaa tienda online\",\"description\":\"Instrumentos de medici\u00f3n\",\"publisher\":{\"@id\":\"https:\/\/abaa.mx\/tienda\/#organization\"},\"potentialAction\":[{\"@type\":\"SearchAction\",\"target\":{\"@type\":\"EntryPoint\",\"urlTemplate\":\"https:\/\/abaa.mx\/tienda\/?s={search_term_string}\"},\"query-input\":{\"@type\":\"PropertyValueSpecification\",\"valueRequired\":true,\"valueName\":\"search_term_string\"}}],\"inLanguage\":\"es\"},{\"@type\":\"Organization\",\"@id\":\"https:\/\/abaa.mx\/tienda\/#organization\",\"name\":\"Abaa tienda online\",\"url\":\"https:\/\/abaa.mx\/tienda\/\",\"logo\":{\"@type\":\"ImageObject\",\"inLanguage\":\"es\",\"@id\":\"https:\/\/abaa.mx\/tienda\/#\/schema\/logo\/image\/\",\"url\":\"https:\/\/abaa.mx\/tienda\/wp-content\/uploads\/2024\/01\/abaa-metrologia-tienda.png\",\"contentUrl\":\"https:\/\/abaa.mx\/tienda\/wp-content\/uploads\/2024\/01\/abaa-metrologia-tienda.png\",\"width\":300,\"height\":141,\"caption\":\"Abaa tienda online\"},\"image\":{\"@id\":\"https:\/\/abaa.mx\/tienda\/#\/schema\/logo\/image\/\"}}]}<\/script>\n<!-- \/ Yoast SEO plugin. -->","yoast_head_json":{"title":"Term\u00f3metro digital Taylor 1442-10 - Abaa tienda online","robots":{"index":"index","follow":"follow","max-snippet":"max-snippet:-1","max-image-preview":"max-image-preview:large","max-video-preview":"max-video-preview:-1"},"canonical":"https:\/\/abaa.mx\/tienda\/termometro-digital-taylor-1442-10\/","og_locale":"es_MX","og_type":"article","og_title":"Term\u00f3metro digital Taylor 1442-10 - Abaa tienda online","og_description":"Es un instrumento de doble sensor, muy \u00fatil para la indicaci\u00f3n doble de lectura en la magnitud de temperatura, tiene una excelente precisi\u00f3n en medici\u00f3n t\u00e9rmica interior, gracias a sus dos sensores que, registran la temperatura y que se conectan al equipo.","og_url":"https:\/\/abaa.mx\/tienda\/termometro-digital-taylor-1442-10\/","og_site_name":"Abaa tienda online","article_modified_time":"2023-11-07T16:12:30+00:00","og_image":[{"width":515,"height":417,"url":"https:\/\/abaa.mx\/tienda\/wp-content\/uploads\/2023\/09\/1442-10.jpg","type":"image\/jpeg"}],"twitter_card":"summary_large_image","twitter_misc":{"Tiempo de lectura":"1 minuto"},"schema":{"@context":"https:\/\/schema.org","@graph":[{"@type":"WebPage","@id":"https:\/\/abaa.mx\/tienda\/termometro-digital-taylor-1442-10\/","url":"https:\/\/abaa.mx\/tienda\/termometro-digital-taylor-1442-10\/","name":"Term\u00f3metro digital Taylor 1442-10 - Abaa tienda online","isPartOf":{"@id":"https:\/\/abaa.mx\/tienda\/#website"},"primaryImageOfPage":{"@id":"https:\/\/abaa.mx\/tienda\/termometro-digital-taylor-1442-10\/#primaryimage"},"image":{"@id":"https:\/\/abaa.mx\/tienda\/termometro-digital-taylor-1442-10\/#primaryimage"},"thumbnailUrl":"https:\/\/abaa.mx\/tienda\/wp-content\/uploads\/2023\/09\/1442-10.jpg","datePublished":"2023-09-19T14:42:56+00:00","dateModified":"2023-11-07T16:12:30+00:00","breadcrumb":{"@id":"https:\/\/abaa.mx\/tienda\/termometro-digital-taylor-1442-10\/#breadcrumb"},"inLanguage":"es","potentialAction":[{"@type":"ReadAction","target":["https:\/\/abaa.mx\/tienda\/termometro-digital-taylor-1442-10\/"]}]},{"@type":"ImageObject","inLanguage":"es","@id":"https:\/\/abaa.mx\/tienda\/termometro-digital-taylor-1442-10\/#primaryimage","url":"https:\/\/abaa.mx\/tienda\/wp-content\/uploads\/2023\/09\/1442-10.jpg","contentUrl":"https:\/\/abaa.mx\/tienda\/wp-content\/uploads\/2023\/09\/1442-10.jpg","width":515,"height":417,"caption":"termometro-digital-taylor-1442-10"},{"@type":"BreadcrumbList","@id":"https:\/\/abaa.mx\/tienda\/termometro-digital-taylor-1442-10\/#breadcrumb","itemListElement":[{"@type":"ListItem","position":1,"name":"Inicio","item":"https:\/\/abaa.mx\/tienda\/"},{"@type":"ListItem","position":2,"name":"Tienda","item":"https:\/\/abaa.mx\/tienda\/"},{"@type":"ListItem","position":3,"name":"Term\u00f3metro digital Taylor 1442-10"}]},{"@type":"WebSite","@id":"https:\/\/abaa.mx\/tienda\/#website","url":"https:\/\/abaa.mx\/tienda\/","name":"Abaa tienda online","description":"Instrumentos de medici\u00f3n","publisher":{"@id":"https:\/\/abaa.mx\/tienda\/#organization"},"potentialAction":[{"@type":"SearchAction","target":{"@type":"EntryPoint","urlTemplate":"https:\/\/abaa.mx\/tienda\/?s={search_term_string}"},"query-input":{"@type":"PropertyValueSpecification","valueRequired":true,"valueName":"search_term_string"}}],"inLanguage":"es"},{"@type":"Organization","@id":"https:\/\/abaa.mx\/tienda\/#organization","name":"Abaa tienda online","url":"https:\/\/abaa.mx\/tienda\/","logo":{"@type":"ImageObject","inLanguage":"es","@id":"https:\/\/abaa.mx\/tienda\/#\/schema\/logo\/image\/","url":"https:\/\/abaa.mx\/tienda\/wp-content\/uploads\/2024\/01\/abaa-metrologia-tienda.png","contentUrl":"https:\/\/abaa.mx\/tienda\/wp-content\/uploads\/2024\/01\/abaa-metrologia-tienda.png","width":300,"height":141,"caption":"Abaa tienda online"},"image":{"@id":"https:\/\/abaa.mx\/tienda\/#\/schema\/logo\/image\/"}}]}},"_links":{"self":[{"href":"https:\/\/abaa.mx\/tienda\/wp-json\/wp\/v2\/product\/1962","targetHints":{"allow":["GET"]}}],"collection":[{"href":"https:\/\/abaa.mx\/tienda\/wp-json\/wp\/v2\/product"}],"about":[{"href":"https:\/\/abaa.mx\/tienda\/wp-json\/wp\/v2\/types\/product"}],"replies":[{"embeddable":true,"href":"https:\/\/abaa.mx\/tienda\/wp-json\/wp\/v2\/comments?post=1962"}],"wp:featuredmedia":[{"embeddable":true,"href":"https:\/\/abaa.mx\/tienda\/wp-json\/wp\/v2\/media\/1963"}],"wp:attachment":[{"href":"https:\/\/abaa.mx\/tienda\/wp-json\/wp\/v2\/media?parent=1962"}],"wp:term":[{"taxonomy":"product_brand","embeddable":true,"href":"https:\/\/abaa.mx\/tienda\/wp-json\/wp\/v2\/product_brand?post=1962"},{"taxonomy":"product_cat","embeddable":true,"href":"https:\/\/abaa.mx\/tienda\/wp-json\/wp\/v2\/product_cat?post=1962"},{"taxonomy":"product_tag","embeddable":true,"href":"https:\/\/abaa.mx\/tienda\/wp-json\/wp\/v2\/product_tag?post=1962"}],"curies":[{"name":"wp","href":"https:\/\/api.w.org\/{rel}","templated":true}]}}