{"id":1948,"date":"2023-09-18T21:59:10","date_gmt":"2023-09-18T21:59:10","guid":{"rendered":"https:\/\/abaa.mx\/tienda\/?post_type=product&#038;p=1948"},"modified":"2023-09-18T21:59:11","modified_gmt":"2023-09-18T21:59:11","slug":"set-combinado-para-el-nivel-de-confort-testo-440-con-bluetooth","status":"publish","type":"product","link":"https:\/\/abaa.mx\/tienda\/set-combinado-para-el-nivel-de-confort-testo-440-con-bluetooth\/","title":{"rendered":"set combinado para el nivel de confort testo 440 con bluetooth"},"content":{"rendered":"<p>Con este pr\u00e1ctico set para el nivel de confort es posible ejecutar todas las mediciones relacionadas con la valoraci\u00f3n de la calidad del aire interior en recintos y para el c\u00e1lculo del riesgo de corrientes de aire y el grado de turbulencia en el lugar de trabajo. El medidor para climatizaci\u00f3n testo 440, la sonda de CO<sub>2<\/sub>\u00a0con Bluetooth<sup>\u00ae<\/sup> incl. sensor de humedad y temperatura y la sonda de grado de turbulencia se entregan en un malet\u00edn seguro. \u00a1De este modo puede comenzar directamente con su trabajo!.<\/p>\n<ul class=\"list-elements\">\n<li>Intuitivo: Men\u00fa de medici\u00f3n claramente estructurado para mediciones a largo plazo as\u00ed como para la determinaci\u00f3n paralela de la concentraci\u00f3n de CO\u2082, humedad y temperatura ambiente y grado de turbulencia en el lugar de trabajo<\/li>\n<li>Preciso: C\u00e1lculo de la temperatura de bulbo h\u00famedo, punto de roc\u00edo y humedad absoluta \u2013 determinaci\u00f3n del grado de turbulencia y el riesgo de corrientes de aire seg\u00fan EN ISO 7730 \/ ASHRAE 55<\/li>\n<li>C\u00f3modo: Sonda inal\u00e1mbrica, memoria interna y puerto USB para la exportaci\u00f3n de datos<\/li>\n<li>Tan vers\u00e1til como sus desaf\u00edos: El medidor para climatizaci\u00f3n puede ampliarse mediante una gran gama de sondas digitales.<br \/>\n<h3>Volumen de suministro<\/h3>\n<article class=\"child-2 paragraph\">\n<ul>\n<li>Medidor para climatizaci\u00f3n testo 440, 3 pilas del tipo AA, cable USB y protocolo de calibraci\u00f3n (0560 4401)<\/li>\n<li>Sonda de CO<sub>2<\/sub>\u00a0con Bluetooth<sup>\u00ae<\/sup>\u00a0incl. sensor de humedad y temperatura (compuesta de un cabezal de la sonda CO<sub>2<\/sub>\u00a0y empu\u00f1adura Bluetooth<sup>\u00ae<\/sup>); 4 pilas AA, soporte de mesa y protocolo de calibraci\u00f3n (0632 1551)<\/li>\n<li>Sonda de grado de turbulencia con cable fijo (longitud del cable 1,4 m) y protocolo de calibraci\u00f3n (0628 0152)<\/li>\n<li>Malet\u00edn combinado para el testo 440 y varias sondas (0516 4401)<\/li>\n<\/ul>\n<p>*No usar la sonda en atm\u00f3sferas con condensaci\u00f3n. Para el uso continuo en rangos de alta humedad &gt; 80 %HR a \u2264 30 \u00b0C por &gt; 12 h &gt; 60 %HR a &gt; 30 \u00b0C por &gt; 12 h dir\u00edjase al servicio t\u00e9cnico de Testo o p\u00f3ngase en contacto con nosotros a trav\u00e9s del sitio web.<\/article>\n<\/li>\n<li>\n<h2>Aplicaciones<\/h2>\n<div class=\"large-12\">\n<div class=\"medium-6\">\n<div class=\"m-paragraph\">\n<h2 class=\"s4 title\">Monitorizaci\u00f3n a largo plazo de la calidad del aire interior<\/h2>\n<p>La mala calidad del aire en interiores a causa una alta concentraci\u00f3n de CO<sub>2<\/sub>\u00a0produce cansancio, falta de concentraci\u00f3n e incluso puede provocar enfermedades. El medidor para climatizaci\u00f3n testo\u00a0440 es ideal para la supervisi\u00f3n de la calidad del aire interior con su men\u00fa para registrar los valores medidos. Introduzca la hora y el ciclo de medici\u00f3n y, por ejemplo, siga el cambio de la concentraci\u00f3n de CO<sub>2<\/sub>\u00a0o los valores de humedad y temperatura en el historial diario. Simplemente seleccione entre sondas con Bluetooth o con cable fijo para CO<sub>2<\/sub>, CO o humedad (no incluido en el set, solicitar las sondas por separado).<\/div>\n<\/div>\n<div class=\"medium-6\">\n<div class=\"m-image\">\n<div class=\"image_tn start-gallery\"><\/div>\n<\/div>\n<\/div>\n<\/div>\n<div class=\"large-12\">\n<div class=\"medium-6\">\n<div class=\"m-paragraph\">\n<h2 class=\"s4 title\">Medici\u00f3n del grado de turbulencia seg\u00fan EN ISO 7730 \/ ASHRAE 55<\/h2>\n<p>C\u00e1lculo del grado de turbulencia y riesgo de corrientes de aire en el lugar de trabajo: Las corrientes de aire limitan el nivel de confort y representan el motivo m\u00e1s frecuente de quejas sobre las condiciones ambientales. La sonda de grado de turbulencia mide la velocidad y la temperatura del aire y calcula autom\u00e1ticamente el riesgo de corrientes de aire y el grado de turbulencia seg\u00fan EN ISO 7730\/ASHRAE 55.<br \/>\nPara realizar mediciones c\u00f3modas en diferentes alturas recomendamos el uso de nuestro tr\u00edpode para mediciones del nivel de confort (solicitar por separado). De este modo, el posicionamiento conforme a la norma de las sondas de grado de turbulencia es especialmente sencillo.<\/p><\/div>\n<\/div>\n<div class=\"medium-6\">\n<div class=\"m-image\">\n<div class=\"image_tn start-gallery\"><\/div>\n<\/div>\n<\/div>\n<\/div>\n<div class=\"large-12\">\n<div class=\"medium-6\">\n<div class=\"m-paragraph\">\n<h2 class=\"s4 title\">Confort y m\u00e1xima flexibilidad para mediciones en canales y salidas de aire<\/h2>\n<p>Con nuestra gran oferta de sondas de velocidad (no incluido en el set, solicitar por separado) tambi\u00e9n es posible medir de forma c\u00f3moda en lugares de dif\u00edcil acceso en canales de ventilaci\u00f3n o en salidas de aire:<\/p>\n<p>Incluso en canales de gran tama\u00f1o es posible ejecutar mediciones de forma c\u00f3moda. En este caso, el brazo telesc\u00f3pico extensible de la sonda de hilo caliente y de molinete (\u00d8 16\u00a0mm) con empu\u00f1adura universal puede prolongarse adicionalmente con la extensi\u00f3n del telescopio alcanzando una longitud total de 2 metros.<\/p>\n<p>Tambi\u00e9n es posible ejecutar mediciones en las salidas de aire\/salidas de techo sin complicaciones y sin necesidad de escaleras. Equipe su sonda de molinete (\u00d8 100\u00a0mm) con el telescopio con \u00e1ngulo de 90\u00b0 y, si es necesario, con la extensi\u00f3n del telescopio (solicitar por separado).<\/p>\n<p>M\u00e1s libertad gracias a Bluetooth: Las sondas de velocidad con Bluetooth no tienen una conexi\u00f3n de cable molesta hacia el analizador y transmiten valores medidos hasta una distancia de 20 m. El analizador se maneja accionando la tecla en la sonda, por ejemplo, para iniciar y detener una serie de medici\u00f3n (generaci\u00f3n temporal del valor medio).<\/p>\n<p>Sujete el medidor para climatizaci\u00f3n testo\u00a0440 sin complicaciones a las superficies met\u00e1licas con los pr\u00e1cticos imanes (p. ej. en canales de flujo).<br \/>\nAproveche el c\u00e1lculo r\u00e1pido del caudal volum\u00e9trico: En el men\u00fa de medici\u00f3n \u201cCaudal volum\u00e9trico\u201d del medidor multifuncional es posible configurar la dimensi\u00f3n y la geometr\u00eda de la secci\u00f3n del canal; el analizador le indica directamente el caudal volum\u00e9trico.<\/p><\/div>\n<\/div>\n<div class=\"medium-6\">\n<div class=\"m-image\">\n<div class=\"image_tn start-gallery\"><\/div>\n<\/div>\n<\/div>\n<\/div>\n<div class=\"large-12\">\n<div class=\"medium-6\">\n<div class=\"m-paragraph\">\n<h2 class=\"s4 title\">Gama de sondas para salas blancas y laboratorios<\/h2>\n<p>El instrumento para climatizaci\u00f3n testo\u00a0440 tambi\u00e9n es ideal para diversas aplicaciones en salas blancas y en el laboratorio en combinaci\u00f3n con las siguientes sondas:<\/p>\n<ul>\n<li>Precisa medici\u00f3n de velocidad en la campana de laboratorio con la sonda de campana de laboratorio<\/li>\n<li>La sonda de molinete de alta precisi\u00f3n (\u00d8 100 mm) es ideal para ejecutar mediciones de flujo laminar en salas blancas gracias a la baja velocidad de arranque de 0,1 m\/s. Disponible opcionalmente con Bluetooth o cable fijo<\/li>\n<li>Para medir la humedad en las salas blancas recomendamos la sonda de temperatura y humedad de alta precisi\u00f3n (0636 9771 o 0636 9772). Con la exactitud: \u00b1(0,6\u00a0%HR + 0,7\u00a0% del v.m.) (0\u00a0\u2026\u00a090\u00a0%HR) tambi\u00e9n cumple con las exigencias expuestas a las mediciones de humedad en esta zona tan sensible<\/li>\n<li>Utilice la sonda de temperatura digital de alta precisi\u00f3n Pt100, por ejemplo para mediciones de comparaci\u00f3n de precisi\u00f3n en el laboratorio de calibraci\u00f3n, mediciones de temperatura en el laboratorio qu\u00edmico o en la industria cosm\u00e9tica as\u00ed como para determinar la distribuci\u00f3n de temperatura en refrigeradores y armarios de climatizaci\u00f3n<\/li>\n<\/ul>\n<\/div>\n<\/div>\n<\/div>\n<\/li>\n<\/ul>\n","protected":false},"excerpt":{"rendered":"<p>Con este pr\u00e1ctico set para el nivel de confort es posible ejecutar todas las mediciones relacionadas con la valoraci\u00f3n de la calidad del aire interior en recintos y para el c\u00e1lculo del riesgo de corrientes de aire y el grado de turbulencia en el lugar de trabajo. El medidor para climatizaci\u00f3n testo 440, la sonda de CO<sub>2<\/sub>\u00a0con Bluetooth<sup>\u00ae<\/sup>\u00a0incl. sensor de humedad y temperatura y la sonda de grado de turbulencia se entregan en un malet\u00edn seguro. \u00a1De este modo puede comenzar directamente con su trabajo!<\/p>\n","protected":false},"featured_media":1955,"comment_status":"open","ping_status":"closed","template":"","meta":{"_joinchat":[]},"product_brand":[],"product_cat":[15],"product_tag":[],"class_list":{"0":"post-1948","1":"product","2":"type-product","3":"status-publish","4":"has-post-thumbnail","6":"product_cat-sin-categorizar","8":"first","9":"instock","10":"shipping-taxable","11":"product-type-simple"},"yoast_head":"<!-- This site is optimized with the Yoast SEO plugin v26.4 - https:\/\/yoast.com\/wordpress\/plugins\/seo\/ -->\n<title>set combinado para el nivel de confort testo 440 con bluetooth - Abaa tienda online<\/title>\n<meta name=\"robots\" content=\"index, follow, max-snippet:-1, max-image-preview:large, max-video-preview:-1\" \/>\n<link rel=\"canonical\" href=\"https:\/\/abaa.mx\/tienda\/set-combinado-para-el-nivel-de-confort-testo-440-con-bluetooth\/\" \/>\n<meta property=\"og:locale\" content=\"es_MX\" \/>\n<meta property=\"og:type\" content=\"article\" \/>\n<meta property=\"og:title\" content=\"set combinado para el nivel de confort testo 440 con bluetooth - Abaa tienda online\" \/>\n<meta property=\"og:description\" content=\"Con este pr\u00e1ctico set para el nivel de confort es posible ejecutar todas las mediciones relacionadas con la valoraci\u00f3n de la calidad del aire interior en recintos y para el c\u00e1lculo del riesgo de corrientes de aire y el grado de turbulencia en el lugar de trabajo. El medidor para climatizaci\u00f3n testo 440, la sonda de CO2\u00a0con Bluetooth\u00ae\u00a0incl. sensor de humedad y temperatura y la sonda de grado de turbulencia se entregan en un malet\u00edn seguro. \u00a1De este modo puede comenzar directamente con su trabajo!\" \/>\n<meta property=\"og:url\" content=\"https:\/\/abaa.mx\/tienda\/set-combinado-para-el-nivel-de-confort-testo-440-con-bluetooth\/\" \/>\n<meta property=\"og:site_name\" content=\"Abaa tienda online\" \/>\n<meta property=\"article:modified_time\" content=\"2023-09-18T21:59:11+00:00\" \/>\n<meta property=\"og:image\" content=\"https:\/\/abaa.mx\/tienda\/wp-content\/uploads\/2023\/09\/4408.jpg\" \/>\n\t<meta property=\"og:image:width\" content=\"660\" \/>\n\t<meta property=\"og:image:height\" content=\"507\" \/>\n\t<meta property=\"og:image:type\" content=\"image\/jpeg\" \/>\n<meta name=\"twitter:card\" content=\"summary_large_image\" \/>\n<meta name=\"twitter:label1\" content=\"Tiempo de lectura\" \/>\n\t<meta name=\"twitter:data1\" content=\"5 minutos\" \/>\n<script type=\"application\/ld+json\" class=\"yoast-schema-graph\">{\"@context\":\"https:\/\/schema.org\",\"@graph\":[{\"@type\":\"WebPage\",\"@id\":\"https:\/\/abaa.mx\/tienda\/set-combinado-para-el-nivel-de-confort-testo-440-con-bluetooth\/\",\"url\":\"https:\/\/abaa.mx\/tienda\/set-combinado-para-el-nivel-de-confort-testo-440-con-bluetooth\/\",\"name\":\"set combinado para el nivel de confort testo 440 con bluetooth - Abaa tienda online\",\"isPartOf\":{\"@id\":\"https:\/\/abaa.mx\/tienda\/#website\"},\"primaryImageOfPage\":{\"@id\":\"https:\/\/abaa.mx\/tienda\/set-combinado-para-el-nivel-de-confort-testo-440-con-bluetooth\/#primaryimage\"},\"image\":{\"@id\":\"https:\/\/abaa.mx\/tienda\/set-combinado-para-el-nivel-de-confort-testo-440-con-bluetooth\/#primaryimage\"},\"thumbnailUrl\":\"https:\/\/abaa.mx\/tienda\/wp-content\/uploads\/2023\/09\/4408.jpg\",\"datePublished\":\"2023-09-18T21:59:10+00:00\",\"dateModified\":\"2023-09-18T21:59:11+00:00\",\"breadcrumb\":{\"@id\":\"https:\/\/abaa.mx\/tienda\/set-combinado-para-el-nivel-de-confort-testo-440-con-bluetooth\/#breadcrumb\"},\"inLanguage\":\"es\",\"potentialAction\":[{\"@type\":\"ReadAction\",\"target\":[\"https:\/\/abaa.mx\/tienda\/set-combinado-para-el-nivel-de-confort-testo-440-con-bluetooth\/\"]}]},{\"@type\":\"ImageObject\",\"inLanguage\":\"es\",\"@id\":\"https:\/\/abaa.mx\/tienda\/set-combinado-para-el-nivel-de-confort-testo-440-con-bluetooth\/#primaryimage\",\"url\":\"https:\/\/abaa.mx\/tienda\/wp-content\/uploads\/2023\/09\/4408.jpg\",\"contentUrl\":\"https:\/\/abaa.mx\/tienda\/wp-content\/uploads\/2023\/09\/4408.jpg\",\"width\":660,\"height\":507,\"caption\":\"4408\"},{\"@type\":\"BreadcrumbList\",\"@id\":\"https:\/\/abaa.mx\/tienda\/set-combinado-para-el-nivel-de-confort-testo-440-con-bluetooth\/#breadcrumb\",\"itemListElement\":[{\"@type\":\"ListItem\",\"position\":1,\"name\":\"Inicio\",\"item\":\"https:\/\/abaa.mx\/tienda\/\"},{\"@type\":\"ListItem\",\"position\":2,\"name\":\"Tienda\",\"item\":\"https:\/\/abaa.mx\/tienda\/\"},{\"@type\":\"ListItem\",\"position\":3,\"name\":\"set combinado para el nivel de confort testo 440 con bluetooth\"}]},{\"@type\":\"WebSite\",\"@id\":\"https:\/\/abaa.mx\/tienda\/#website\",\"url\":\"https:\/\/abaa.mx\/tienda\/\",\"name\":\"Abaa tienda online\",\"description\":\"Instrumentos de medici\u00f3n\",\"publisher\":{\"@id\":\"https:\/\/abaa.mx\/tienda\/#organization\"},\"potentialAction\":[{\"@type\":\"SearchAction\",\"target\":{\"@type\":\"EntryPoint\",\"urlTemplate\":\"https:\/\/abaa.mx\/tienda\/?s={search_term_string}\"},\"query-input\":{\"@type\":\"PropertyValueSpecification\",\"valueRequired\":true,\"valueName\":\"search_term_string\"}}],\"inLanguage\":\"es\"},{\"@type\":\"Organization\",\"@id\":\"https:\/\/abaa.mx\/tienda\/#organization\",\"name\":\"Abaa tienda online\",\"url\":\"https:\/\/abaa.mx\/tienda\/\",\"logo\":{\"@type\":\"ImageObject\",\"inLanguage\":\"es\",\"@id\":\"https:\/\/abaa.mx\/tienda\/#\/schema\/logo\/image\/\",\"url\":\"https:\/\/abaa.mx\/tienda\/wp-content\/uploads\/2024\/01\/abaa-metrologia-tienda.png\",\"contentUrl\":\"https:\/\/abaa.mx\/tienda\/wp-content\/uploads\/2024\/01\/abaa-metrologia-tienda.png\",\"width\":300,\"height\":141,\"caption\":\"Abaa tienda online\"},\"image\":{\"@id\":\"https:\/\/abaa.mx\/tienda\/#\/schema\/logo\/image\/\"}}]}<\/script>\n<!-- \/ Yoast SEO plugin. -->","yoast_head_json":{"title":"set combinado para el nivel de confort testo 440 con bluetooth - Abaa tienda online","robots":{"index":"index","follow":"follow","max-snippet":"max-snippet:-1","max-image-preview":"max-image-preview:large","max-video-preview":"max-video-preview:-1"},"canonical":"https:\/\/abaa.mx\/tienda\/set-combinado-para-el-nivel-de-confort-testo-440-con-bluetooth\/","og_locale":"es_MX","og_type":"article","og_title":"set combinado para el nivel de confort testo 440 con bluetooth - Abaa tienda online","og_description":"Con este pr\u00e1ctico set para el nivel de confort es posible ejecutar todas las mediciones relacionadas con la valoraci\u00f3n de la calidad del aire interior en recintos y para el c\u00e1lculo del riesgo de corrientes de aire y el grado de turbulencia en el lugar de trabajo. El medidor para climatizaci\u00f3n testo 440, la sonda de CO2\u00a0con Bluetooth\u00ae\u00a0incl. sensor de humedad y temperatura y la sonda de grado de turbulencia se entregan en un malet\u00edn seguro. \u00a1De este modo puede comenzar directamente con su trabajo!","og_url":"https:\/\/abaa.mx\/tienda\/set-combinado-para-el-nivel-de-confort-testo-440-con-bluetooth\/","og_site_name":"Abaa tienda online","article_modified_time":"2023-09-18T21:59:11+00:00","og_image":[{"width":660,"height":507,"url":"https:\/\/abaa.mx\/tienda\/wp-content\/uploads\/2023\/09\/4408.jpg","type":"image\/jpeg"}],"twitter_card":"summary_large_image","twitter_misc":{"Tiempo de lectura":"5 minutos"},"schema":{"@context":"https:\/\/schema.org","@graph":[{"@type":"WebPage","@id":"https:\/\/abaa.mx\/tienda\/set-combinado-para-el-nivel-de-confort-testo-440-con-bluetooth\/","url":"https:\/\/abaa.mx\/tienda\/set-combinado-para-el-nivel-de-confort-testo-440-con-bluetooth\/","name":"set combinado para el nivel de confort testo 440 con bluetooth - Abaa tienda online","isPartOf":{"@id":"https:\/\/abaa.mx\/tienda\/#website"},"primaryImageOfPage":{"@id":"https:\/\/abaa.mx\/tienda\/set-combinado-para-el-nivel-de-confort-testo-440-con-bluetooth\/#primaryimage"},"image":{"@id":"https:\/\/abaa.mx\/tienda\/set-combinado-para-el-nivel-de-confort-testo-440-con-bluetooth\/#primaryimage"},"thumbnailUrl":"https:\/\/abaa.mx\/tienda\/wp-content\/uploads\/2023\/09\/4408.jpg","datePublished":"2023-09-18T21:59:10+00:00","dateModified":"2023-09-18T21:59:11+00:00","breadcrumb":{"@id":"https:\/\/abaa.mx\/tienda\/set-combinado-para-el-nivel-de-confort-testo-440-con-bluetooth\/#breadcrumb"},"inLanguage":"es","potentialAction":[{"@type":"ReadAction","target":["https:\/\/abaa.mx\/tienda\/set-combinado-para-el-nivel-de-confort-testo-440-con-bluetooth\/"]}]},{"@type":"ImageObject","inLanguage":"es","@id":"https:\/\/abaa.mx\/tienda\/set-combinado-para-el-nivel-de-confort-testo-440-con-bluetooth\/#primaryimage","url":"https:\/\/abaa.mx\/tienda\/wp-content\/uploads\/2023\/09\/4408.jpg","contentUrl":"https:\/\/abaa.mx\/tienda\/wp-content\/uploads\/2023\/09\/4408.jpg","width":660,"height":507,"caption":"4408"},{"@type":"BreadcrumbList","@id":"https:\/\/abaa.mx\/tienda\/set-combinado-para-el-nivel-de-confort-testo-440-con-bluetooth\/#breadcrumb","itemListElement":[{"@type":"ListItem","position":1,"name":"Inicio","item":"https:\/\/abaa.mx\/tienda\/"},{"@type":"ListItem","position":2,"name":"Tienda","item":"https:\/\/abaa.mx\/tienda\/"},{"@type":"ListItem","position":3,"name":"set combinado para el nivel de confort testo 440 con bluetooth"}]},{"@type":"WebSite","@id":"https:\/\/abaa.mx\/tienda\/#website","url":"https:\/\/abaa.mx\/tienda\/","name":"Abaa tienda online","description":"Instrumentos de medici\u00f3n","publisher":{"@id":"https:\/\/abaa.mx\/tienda\/#organization"},"potentialAction":[{"@type":"SearchAction","target":{"@type":"EntryPoint","urlTemplate":"https:\/\/abaa.mx\/tienda\/?s={search_term_string}"},"query-input":{"@type":"PropertyValueSpecification","valueRequired":true,"valueName":"search_term_string"}}],"inLanguage":"es"},{"@type":"Organization","@id":"https:\/\/abaa.mx\/tienda\/#organization","name":"Abaa tienda online","url":"https:\/\/abaa.mx\/tienda\/","logo":{"@type":"ImageObject","inLanguage":"es","@id":"https:\/\/abaa.mx\/tienda\/#\/schema\/logo\/image\/","url":"https:\/\/abaa.mx\/tienda\/wp-content\/uploads\/2024\/01\/abaa-metrologia-tienda.png","contentUrl":"https:\/\/abaa.mx\/tienda\/wp-content\/uploads\/2024\/01\/abaa-metrologia-tienda.png","width":300,"height":141,"caption":"Abaa tienda online"},"image":{"@id":"https:\/\/abaa.mx\/tienda\/#\/schema\/logo\/image\/"}}]}},"_links":{"self":[{"href":"https:\/\/abaa.mx\/tienda\/wp-json\/wp\/v2\/product\/1948","targetHints":{"allow":["GET"]}}],"collection":[{"href":"https:\/\/abaa.mx\/tienda\/wp-json\/wp\/v2\/product"}],"about":[{"href":"https:\/\/abaa.mx\/tienda\/wp-json\/wp\/v2\/types\/product"}],"replies":[{"embeddable":true,"href":"https:\/\/abaa.mx\/tienda\/wp-json\/wp\/v2\/comments?post=1948"}],"wp:featuredmedia":[{"embeddable":true,"href":"https:\/\/abaa.mx\/tienda\/wp-json\/wp\/v2\/media\/1955"}],"wp:attachment":[{"href":"https:\/\/abaa.mx\/tienda\/wp-json\/wp\/v2\/media?parent=1948"}],"wp:term":[{"taxonomy":"product_brand","embeddable":true,"href":"https:\/\/abaa.mx\/tienda\/wp-json\/wp\/v2\/product_brand?post=1948"},{"taxonomy":"product_cat","embeddable":true,"href":"https:\/\/abaa.mx\/tienda\/wp-json\/wp\/v2\/product_cat?post=1948"},{"taxonomy":"product_tag","embeddable":true,"href":"https:\/\/abaa.mx\/tienda\/wp-json\/wp\/v2\/product_tag?post=1948"}],"curies":[{"name":"wp","href":"https:\/\/api.w.org\/{rel}","templated":true}]}}