{"id":1942,"date":"2023-09-18T21:46:05","date_gmt":"2023-09-18T21:46:05","guid":{"rendered":"https:\/\/abaa.mx\/tienda\/?post_type=product&#038;p=1942"},"modified":"2023-09-18T21:46:05","modified_gmt":"2023-09-18T21:46:05","slug":"pesa-patron-paralelepipeda-20-kg","status":"publish","type":"product","link":"https:\/\/abaa.mx\/tienda\/pesa-patron-paralelepipeda-20-kg\/","title":{"rendered":"Pesa patr\u00f3n paralelep\u00edpeda 20 kg"},"content":{"rendered":"<h1><strong>Pesa patr\u00f3n paralelep\u00edpeda 20 kg<\/strong><\/h1>\n<p class=\"ui-pdp-description__content\">Provimexcientifica.<\/p>\n<p>Excelente Pesa patr\u00f3n elaborada en Hierro fundido<br \/>\nTotalmente plana de la parte inferior y superior para apilarse con seguridad<br \/>\nDise\u00f1o ergonomico de mango redondo sin costura para mejor comodidad y agarre al sujetar<br \/>\nClase M1, de acuerdo a las Normas Oficiales Mexicanas y R-111 de la OIML<br \/>\nPintadas al color de su preferencia<br \/>\nMarcada, codifcada y numerada<br \/>\nLetras fundidas en un costado sin costo a partir de 25 piezas<br \/>\nMuy util para calibrar o verificar Basculas<br \/>\nIncluye IVA y Factura<br \/>\nIncluye Certificado Informe de calibraci\u00f3n Acreditado ante EMA<\/p>\n<h3 class=\"ui-vpp-striped-specs__header\">Caracter\u00edsticas principales<\/h3>\n<table class=\"andes-table\">\n<tbody class=\"andes-table__body\">\n<tr class=\"andes-table__row ui-vpp-striped-specs__row\">\n<th class=\"andes-table__header andes-table__header--left ui-vpp-striped-specs__row__column ui-vpp-striped-specs__row__column--id\" scope=\"col\">\n<div class=\"andes-table__header__container\">Marca<\/div>\n<\/th>\n<td id=\":R56van9lacd:\" class=\"andes-table__column andes-table__column--left andes-table__column--vertical-align-center ui-vpp-striped-specs__row__column\" title=\"Provimex Cientifica\"><span class=\"andes-table__column--value\">Provimex Cient\u00edfica<\/span><\/td>\n<\/tr>\n<tr class=\"andes-table__row ui-vpp-striped-specs__row\">\n<th class=\"andes-table__header andes-table__header--left ui-vpp-striped-specs__row__column ui-vpp-striped-specs__row__column--id\" scope=\"col\">\n<div class=\"andes-table__header__container\">Modelo<\/div>\n<\/th>\n<td id=\":R57fan9lacd:\" class=\"andes-table__column andes-table__column--left andes-table__column--vertical-align-center ui-vpp-striped-specs__row__column\" title=\"PVE-20KGM1C\"><span class=\"andes-table__column--value\">PVE-20KGM1C<\/span><\/td>\n<\/tr>\n<\/tbody>\n<\/table>\n<p>&nbsp;<\/p>\n","protected":false},"excerpt":{"rendered":"<h1><strong>Caracter\u00edsticas\u00a0<\/strong><\/h1>\n<ul>\n<li>Las pesas cumplen con ASTM Clases 5, 6, o 7 (antes NIST Clase F).<\/li>\n<li><b>Pesas Cil\u00edndricas de Acero Inoxidable<\/b>\u00a0&#8211; Usadas en las industrias farmac\u00e9utica, alimenticia y de bebidas.<\/li>\n<li><b>Pesas de Hierro Fundido con Asa<\/b>\u00a0&#8211; Se usan con b\u00e1sculas m\u00e1s grandes. Asa de agarre para colocaci\u00f3n f\u00e1cil. Acabado resistente al astillamiento resiste la corrosi\u00f3n.<\/li>\n<li><b>Certificado de Trazabilidad NIST<\/b>\u00a0&#8211; Se usa para cumplir con est\u00e1ndares ISO en laboratorios de investigaci\u00f3n y control de calidad.<\/li>\n<\/ul>\n","protected":false},"featured_media":1945,"comment_status":"open","ping_status":"closed","template":"","meta":{"_joinchat":[]},"product_brand":[],"product_cat":[15],"product_tag":[],"class_list":{"0":"post-1942","1":"product","2":"type-product","3":"status-publish","4":"has-post-thumbnail","6":"product_cat-sin-categorizar","8":"first","9":"instock","10":"shipping-taxable","11":"product-type-simple"},"yoast_head":"<!-- This site is optimized with the Yoast SEO plugin v26.4 - https:\/\/yoast.com\/wordpress\/plugins\/seo\/ -->\n<title>Pesa patr\u00f3n paralelep\u00edpeda 20 kg - Abaa tienda online<\/title>\n<meta name=\"robots\" content=\"index, follow, max-snippet:-1, max-image-preview:large, max-video-preview:-1\" \/>\n<link rel=\"canonical\" href=\"https:\/\/abaa.mx\/tienda\/pesa-patron-paralelepipeda-20-kg\/\" \/>\n<meta property=\"og:locale\" content=\"es_MX\" \/>\n<meta property=\"og:type\" content=\"article\" \/>\n<meta property=\"og:title\" content=\"Pesa patr\u00f3n paralelep\u00edpeda 20 kg - Abaa tienda online\" \/>\n<meta property=\"og:description\" content=\"Caracter\u00edsticas\u00a0   Las pesas cumplen con ASTM Clases 5, 6, o 7 (antes NIST Clase F).  Pesas Cil\u00edndricas de Acero Inoxidable\u00a0- Usadas en las industrias farmac\u00e9utica, alimenticia y de bebidas.  Pesas de Hierro Fundido con Asa\u00a0- Se usan con b\u00e1sculas m\u00e1s grandes. Asa de agarre para colocaci\u00f3n f\u00e1cil. Acabado resistente al astillamiento resiste la corrosi\u00f3n.  Certificado de Trazabilidad NIST\u00a0- Se usa para cumplir con est\u00e1ndares ISO en laboratorios de investigaci\u00f3n y control de calidad.\" \/>\n<meta property=\"og:url\" content=\"https:\/\/abaa.mx\/tienda\/pesa-patron-paralelepipeda-20-kg\/\" \/>\n<meta property=\"og:site_name\" content=\"Abaa tienda online\" \/>\n<meta property=\"og:image\" content=\"https:\/\/abaa.mx\/tienda\/wp-content\/uploads\/2023\/09\/20.jpg\" \/>\n\t<meta property=\"og:image:width\" content=\"900\" \/>\n\t<meta property=\"og:image:height\" content=\"554\" \/>\n\t<meta property=\"og:image:type\" content=\"image\/jpeg\" \/>\n<meta name=\"twitter:card\" content=\"summary_large_image\" \/>\n<meta name=\"twitter:label1\" content=\"Tiempo de lectura\" \/>\n\t<meta name=\"twitter:data1\" content=\"1 minuto\" \/>\n<script type=\"application\/ld+json\" class=\"yoast-schema-graph\">{\"@context\":\"https:\/\/schema.org\",\"@graph\":[{\"@type\":\"WebPage\",\"@id\":\"https:\/\/abaa.mx\/tienda\/pesa-patron-paralelepipeda-20-kg\/\",\"url\":\"https:\/\/abaa.mx\/tienda\/pesa-patron-paralelepipeda-20-kg\/\",\"name\":\"Pesa patr\u00f3n paralelep\u00edpeda 20 kg - Abaa tienda online\",\"isPartOf\":{\"@id\":\"https:\/\/abaa.mx\/tienda\/#website\"},\"primaryImageOfPage\":{\"@id\":\"https:\/\/abaa.mx\/tienda\/pesa-patron-paralelepipeda-20-kg\/#primaryimage\"},\"image\":{\"@id\":\"https:\/\/abaa.mx\/tienda\/pesa-patron-paralelepipeda-20-kg\/#primaryimage\"},\"thumbnailUrl\":\"https:\/\/abaa.mx\/tienda\/wp-content\/uploads\/2023\/09\/20.jpg\",\"datePublished\":\"2023-09-18T21:46:05+00:00\",\"breadcrumb\":{\"@id\":\"https:\/\/abaa.mx\/tienda\/pesa-patron-paralelepipeda-20-kg\/#breadcrumb\"},\"inLanguage\":\"es\",\"potentialAction\":[{\"@type\":\"ReadAction\",\"target\":[\"https:\/\/abaa.mx\/tienda\/pesa-patron-paralelepipeda-20-kg\/\"]}]},{\"@type\":\"ImageObject\",\"inLanguage\":\"es\",\"@id\":\"https:\/\/abaa.mx\/tienda\/pesa-patron-paralelepipeda-20-kg\/#primaryimage\",\"url\":\"https:\/\/abaa.mx\/tienda\/wp-content\/uploads\/2023\/09\/20.jpg\",\"contentUrl\":\"https:\/\/abaa.mx\/tienda\/wp-content\/uploads\/2023\/09\/20.jpg\",\"width\":900,\"height\":554,\"caption\":\"pesa-patron-paralelepipeda-20-kg\"},{\"@type\":\"BreadcrumbList\",\"@id\":\"https:\/\/abaa.mx\/tienda\/pesa-patron-paralelepipeda-20-kg\/#breadcrumb\",\"itemListElement\":[{\"@type\":\"ListItem\",\"position\":1,\"name\":\"Inicio\",\"item\":\"https:\/\/abaa.mx\/tienda\/\"},{\"@type\":\"ListItem\",\"position\":2,\"name\":\"Tienda\",\"item\":\"https:\/\/abaa.mx\/tienda\/\"},{\"@type\":\"ListItem\",\"position\":3,\"name\":\"Pesa patr\u00f3n paralelep\u00edpeda 20 kg\"}]},{\"@type\":\"WebSite\",\"@id\":\"https:\/\/abaa.mx\/tienda\/#website\",\"url\":\"https:\/\/abaa.mx\/tienda\/\",\"name\":\"Abaa tienda online\",\"description\":\"Instrumentos de medici\u00f3n\",\"publisher\":{\"@id\":\"https:\/\/abaa.mx\/tienda\/#organization\"},\"potentialAction\":[{\"@type\":\"SearchAction\",\"target\":{\"@type\":\"EntryPoint\",\"urlTemplate\":\"https:\/\/abaa.mx\/tienda\/?s={search_term_string}\"},\"query-input\":{\"@type\":\"PropertyValueSpecification\",\"valueRequired\":true,\"valueName\":\"search_term_string\"}}],\"inLanguage\":\"es\"},{\"@type\":\"Organization\",\"@id\":\"https:\/\/abaa.mx\/tienda\/#organization\",\"name\":\"Abaa tienda online\",\"url\":\"https:\/\/abaa.mx\/tienda\/\",\"logo\":{\"@type\":\"ImageObject\",\"inLanguage\":\"es\",\"@id\":\"https:\/\/abaa.mx\/tienda\/#\/schema\/logo\/image\/\",\"url\":\"https:\/\/abaa.mx\/tienda\/wp-content\/uploads\/2024\/01\/abaa-metrologia-tienda.png\",\"contentUrl\":\"https:\/\/abaa.mx\/tienda\/wp-content\/uploads\/2024\/01\/abaa-metrologia-tienda.png\",\"width\":300,\"height\":141,\"caption\":\"Abaa tienda online\"},\"image\":{\"@id\":\"https:\/\/abaa.mx\/tienda\/#\/schema\/logo\/image\/\"}}]}<\/script>\n<!-- \/ Yoast SEO plugin. -->","yoast_head_json":{"title":"Pesa patr\u00f3n paralelep\u00edpeda 20 kg - Abaa tienda online","robots":{"index":"index","follow":"follow","max-snippet":"max-snippet:-1","max-image-preview":"max-image-preview:large","max-video-preview":"max-video-preview:-1"},"canonical":"https:\/\/abaa.mx\/tienda\/pesa-patron-paralelepipeda-20-kg\/","og_locale":"es_MX","og_type":"article","og_title":"Pesa patr\u00f3n paralelep\u00edpeda 20 kg - Abaa tienda online","og_description":"Caracter\u00edsticas\u00a0   Las pesas cumplen con ASTM Clases 5, 6, o 7 (antes NIST Clase F).  Pesas Cil\u00edndricas de Acero Inoxidable\u00a0- Usadas en las industrias farmac\u00e9utica, alimenticia y de bebidas.  Pesas de Hierro Fundido con Asa\u00a0- Se usan con b\u00e1sculas m\u00e1s grandes. Asa de agarre para colocaci\u00f3n f\u00e1cil. Acabado resistente al astillamiento resiste la corrosi\u00f3n.  Certificado de Trazabilidad NIST\u00a0- Se usa para cumplir con est\u00e1ndares ISO en laboratorios de investigaci\u00f3n y control de calidad.","og_url":"https:\/\/abaa.mx\/tienda\/pesa-patron-paralelepipeda-20-kg\/","og_site_name":"Abaa tienda online","og_image":[{"width":900,"height":554,"url":"https:\/\/abaa.mx\/tienda\/wp-content\/uploads\/2023\/09\/20.jpg","type":"image\/jpeg"}],"twitter_card":"summary_large_image","twitter_misc":{"Tiempo de lectura":"1 minuto"},"schema":{"@context":"https:\/\/schema.org","@graph":[{"@type":"WebPage","@id":"https:\/\/abaa.mx\/tienda\/pesa-patron-paralelepipeda-20-kg\/","url":"https:\/\/abaa.mx\/tienda\/pesa-patron-paralelepipeda-20-kg\/","name":"Pesa patr\u00f3n paralelep\u00edpeda 20 kg - Abaa tienda online","isPartOf":{"@id":"https:\/\/abaa.mx\/tienda\/#website"},"primaryImageOfPage":{"@id":"https:\/\/abaa.mx\/tienda\/pesa-patron-paralelepipeda-20-kg\/#primaryimage"},"image":{"@id":"https:\/\/abaa.mx\/tienda\/pesa-patron-paralelepipeda-20-kg\/#primaryimage"},"thumbnailUrl":"https:\/\/abaa.mx\/tienda\/wp-content\/uploads\/2023\/09\/20.jpg","datePublished":"2023-09-18T21:46:05+00:00","breadcrumb":{"@id":"https:\/\/abaa.mx\/tienda\/pesa-patron-paralelepipeda-20-kg\/#breadcrumb"},"inLanguage":"es","potentialAction":[{"@type":"ReadAction","target":["https:\/\/abaa.mx\/tienda\/pesa-patron-paralelepipeda-20-kg\/"]}]},{"@type":"ImageObject","inLanguage":"es","@id":"https:\/\/abaa.mx\/tienda\/pesa-patron-paralelepipeda-20-kg\/#primaryimage","url":"https:\/\/abaa.mx\/tienda\/wp-content\/uploads\/2023\/09\/20.jpg","contentUrl":"https:\/\/abaa.mx\/tienda\/wp-content\/uploads\/2023\/09\/20.jpg","width":900,"height":554,"caption":"pesa-patron-paralelepipeda-20-kg"},{"@type":"BreadcrumbList","@id":"https:\/\/abaa.mx\/tienda\/pesa-patron-paralelepipeda-20-kg\/#breadcrumb","itemListElement":[{"@type":"ListItem","position":1,"name":"Inicio","item":"https:\/\/abaa.mx\/tienda\/"},{"@type":"ListItem","position":2,"name":"Tienda","item":"https:\/\/abaa.mx\/tienda\/"},{"@type":"ListItem","position":3,"name":"Pesa patr\u00f3n paralelep\u00edpeda 20 kg"}]},{"@type":"WebSite","@id":"https:\/\/abaa.mx\/tienda\/#website","url":"https:\/\/abaa.mx\/tienda\/","name":"Abaa tienda online","description":"Instrumentos de medici\u00f3n","publisher":{"@id":"https:\/\/abaa.mx\/tienda\/#organization"},"potentialAction":[{"@type":"SearchAction","target":{"@type":"EntryPoint","urlTemplate":"https:\/\/abaa.mx\/tienda\/?s={search_term_string}"},"query-input":{"@type":"PropertyValueSpecification","valueRequired":true,"valueName":"search_term_string"}}],"inLanguage":"es"},{"@type":"Organization","@id":"https:\/\/abaa.mx\/tienda\/#organization","name":"Abaa tienda online","url":"https:\/\/abaa.mx\/tienda\/","logo":{"@type":"ImageObject","inLanguage":"es","@id":"https:\/\/abaa.mx\/tienda\/#\/schema\/logo\/image\/","url":"https:\/\/abaa.mx\/tienda\/wp-content\/uploads\/2024\/01\/abaa-metrologia-tienda.png","contentUrl":"https:\/\/abaa.mx\/tienda\/wp-content\/uploads\/2024\/01\/abaa-metrologia-tienda.png","width":300,"height":141,"caption":"Abaa tienda online"},"image":{"@id":"https:\/\/abaa.mx\/tienda\/#\/schema\/logo\/image\/"}}]}},"_links":{"self":[{"href":"https:\/\/abaa.mx\/tienda\/wp-json\/wp\/v2\/product\/1942","targetHints":{"allow":["GET"]}}],"collection":[{"href":"https:\/\/abaa.mx\/tienda\/wp-json\/wp\/v2\/product"}],"about":[{"href":"https:\/\/abaa.mx\/tienda\/wp-json\/wp\/v2\/types\/product"}],"replies":[{"embeddable":true,"href":"https:\/\/abaa.mx\/tienda\/wp-json\/wp\/v2\/comments?post=1942"}],"wp:featuredmedia":[{"embeddable":true,"href":"https:\/\/abaa.mx\/tienda\/wp-json\/wp\/v2\/media\/1945"}],"wp:attachment":[{"href":"https:\/\/abaa.mx\/tienda\/wp-json\/wp\/v2\/media?parent=1942"}],"wp:term":[{"taxonomy":"product_brand","embeddable":true,"href":"https:\/\/abaa.mx\/tienda\/wp-json\/wp\/v2\/product_brand?post=1942"},{"taxonomy":"product_cat","embeddable":true,"href":"https:\/\/abaa.mx\/tienda\/wp-json\/wp\/v2\/product_cat?post=1942"},{"taxonomy":"product_tag","embeddable":true,"href":"https:\/\/abaa.mx\/tienda\/wp-json\/wp\/v2\/product_tag?post=1942"}],"curies":[{"name":"wp","href":"https:\/\/api.w.org\/{rel}","templated":true}]}}