{"id":1932,"date":"2023-09-18T21:35:49","date_gmt":"2023-09-18T21:35:49","guid":{"rendered":"https:\/\/abaa.mx\/tienda\/?post_type=product&#038;p=1932"},"modified":"2023-09-18T21:35:50","modified_gmt":"2023-09-18T21:35:50","slug":"testo-315-3-medidor-de-co-co2-para-la-medicion-ambiental","status":"publish","type":"product","link":"https:\/\/abaa.mx\/tienda\/testo-315-3-medidor-de-co-co2-para-la-medicion-ambiental\/","title":{"rendered":"testo 315-3 &#8211; medidor de co-co2 para la medici\u00f3n ambiental"},"content":{"rendered":"<p>Alta tecnolog\u00eda, manejo sencillo, dise\u00f1o robusto: esto es lo que define al medidor de CO-CO<sub>2<\/sub>\u00a0testo 315-3 para mediciones ambientales. Con este dispositivo se mide paralelamente el mon\u00f3xido y el di\u00f3xido de carbono en el ambiente de instalaciones y salidas de calefacci\u00f3n. Los resultados de la medici\u00f3n se pueden leer directamente en la pantalla digital. En caso de excederse los valores l\u00edmite (de libre definici\u00f3n), el medidor de CO-CO<sub>2<\/sub>-emite una alarma visual y ac\u00fastica.<br \/>\nEste instrumento cuenta con una bater\u00eda de pol\u00edmero de litio para funcionar de forma aut\u00f3noma y que ahorra energ\u00eda: en caso de no usarse, se desconecta autom\u00e1ticamente.<br \/>\nPr\u00e1ctico: el medidor de CO-CO<sub>2<\/sub>\u00a0se puede utilizar en combinaci\u00f3n con el analizador de gases de combusti\u00f3n testo 330-2. Los resultados de la medici\u00f3n CO-CO<sub>2<\/sub>\u00a0se pueden transferir f\u00e1cilmente a trav\u00e9s de la interfaz de infrarrojos.<\/p>\n<div class=\"m-list\">\n<ul class=\"list-elements\">\n<li>Sensor electroqu\u00edmico de CO de alta precisi\u00f3n, sensor de infrarrojos CO<sub>2<\/sub>\u00a0resistente a los golpes<\/li>\n<li>Alarma visual y ac\u00fastica de ajuste flexible que se activa en caso de excederse los valores l\u00edmite<\/li>\n<li>Dise\u00f1o robusto<\/li>\n<li>Probado por la T\u00dcV seg\u00fan DIN EN 50543<\/li>\n<\/ul>\n<\/div>\n<p class=\"text\">Para la medici\u00f3n ambiental r\u00e1pida y precisa de mon\u00f3xido de carbono y di\u00f3xido de carbono seg\u00fan DIN EN 50543: el medidor de CO-CO<sub>2<\/sub>\u00a0testo 315-3 se caracteriza por su manejo sencillo, su dise\u00f1o robusto y una calidad duradera.<\/p>\n<div class=\"c2a-tabSection m-tabs\">\n<div id=\"tab-details\" class=\"large-12 column m-tab-pdp\">\n<div class=\"medium-8\">\n<article class=\"child-1 paragraph\">\n<h3>Uso del medidor de CO-CO<sub>2<\/sub>: con accesorios se asegurar\u00e1 m\u00e1s ventajas<\/h3>\n<p>Aunque el medidor de CO-CO<sub>2<\/sub>-ya est\u00e1 bien equipado, con estos accesorios Testo ampliar\u00e1 su rango de utilizaci\u00f3n:<\/p>\n<ul>\n<li>Funda protectora TopSafe: repele el agua y la suciedad, protege al medidor de CO-CO<sub>2<\/sub>\u00a0testo 315-3 tambi\u00e9n en entornos de trabajo h\u00famedos y sucios<\/li>\n<li>Impresora port\u00e1til testo: la impresora imprime los resultados de la medici\u00f3n directamente in situ, por ejemplo como documentaci\u00f3n para los clientes. La transmisi\u00f3n de los resultados de la medici\u00f3n se realiza a trav\u00e9s de una interfaz por infrarrojos desde el medidor de CO-CO<sub>2<\/sub>\u00a0testo 315-3 de forma inal\u00e1mbrica hasta la impresora r\u00e1pida testo de f\u00e1cil manejo.<\/li>\n<li>M\u00f3dulo de temperatura y humedad: mida adem\u00e1s del CO y el CO<sub>2<\/sub>\u00a0tambi\u00e9n la temperatura y la humedad<\/li>\n<\/ul>\n<\/article>\n<h3>Volumen de suministro<\/h3>\n<article class=\"child-2 paragraph\">Medidor de CO-CO<sub>2<\/sub>\u00a0para la medici\u00f3n ambiental testo 315-3 con fuente de alimentaci\u00f3n por USB y cable.<\/p>\n<\/article>\n<\/div>\n<div class=\"medium-4\">\n<div class=\"m-cert large-12 column\"><\/div>\n<\/div>\n<\/div>\n<\/div>\n<div class=\"c2a-tabSection m-tabs\">\n<div id=\"tab-technicalData\" class=\"large-12 column m-data-tab\">\n<h2>Datos t\u00e9cnicos<\/h2>\n<table>\n<colgroup>\n<col class=\"colWidth25\" \/>\n<col \/><\/colgroup>\n<thead>\n<tr>\n<th colspan=\"2\">Datos t\u00e9cnicos generales<\/th>\n<\/tr>\n<\/thead>\n<tbody>\n<tr>\n<td class=\"table-bold\">Humedad de funcionamiento<\/td>\n<td>0 hasta 95 %HR<\/td>\n<\/tr>\n<tr>\n<td class=\"table-bold\">Peso<\/td>\n<td>200 g<\/td>\n<\/tr>\n<tr>\n<td class=\"table-bold\">Medidas<\/td>\n<td>190 X 65 X 40 mm<\/td>\n<\/tr>\n<tr>\n<td class=\"table-bold\">Temperatura de funcionamiento<\/td>\n<td>0 hasta +40 \u00baC<\/td>\n<\/tr>\n<tr>\n<td class=\"table-bold\">Clase de protecci\u00f3n<\/td>\n<td>IP40 acc. to EN 60529<\/td>\n<\/tr>\n<tr>\n<td class=\"table-bold\">Norma<\/td>\n<td>Seg\u00fan EN 50543<\/td>\n<\/tr>\n<tr>\n<td class=\"table-bold\">Directiva UE\/CE<\/td>\n<td>2004\/108\/CE<\/td>\n<\/tr>\n<tr>\n<td class=\"table-bold\">Interfaces<\/td>\n<td>IRDA \/ Bluetooth\u00ae opcional<\/td>\n<\/tr>\n<tr>\n<td class=\"table-bold\">Tipo de bater\u00eda<\/td>\n<td>Pack de bater\u00eda de pol\u00edmero de litio<\/td>\n<\/tr>\n<tr>\n<td class=\"table-bold\">Autonom\u00eda<\/td>\n<td>10 h de medici\u00f3n ( a +20 C\/+68 F \/ Funciona conectado a la red el\u00e9ctrica<\/td>\n<\/tr>\n<tr>\n<td class=\"table-bold\">Recarga de la bater\u00eda<\/td>\n<td>En el instrumento a trav\u00e9s de la fuente de alimentaci\u00f3n<\/td>\n<\/tr>\n<tr>\n<td class=\"table-bold\">Opciones de recarga<\/td>\n<td>En el instrumento a trav\u00e9s de la fuente de alimentaci\u00f3n<\/td>\n<\/tr>\n<tr>\n<td class=\"table-bold\">Temperatura de almacenamiento<\/td>\n<td>-20 hasta +60 \u00baC<\/td>\n<\/tr>\n<\/tbody>\n<\/table>\n<table>\n<colgroup>\n<col class=\"colWidth25\" \/>\n<col \/><\/colgroup>\n<thead>\n<tr>\n<th colspan=\"2\">M\u00f3dulo de humedad enchufable &#8211; capacitivo<\/th>\n<\/tr>\n<\/thead>\n<tbody>\n<tr>\n<td class=\"table-bold\">Rango<\/td>\n<td>+5 hasta +95 %HR<\/td>\n<\/tr>\n<tr>\n<td class=\"table-bold\">Exactitud<\/td>\n<td>\u00b12,5 %HR (5 hasta +95 %HR)<\/td>\n<\/tr>\n<tr>\n<td class=\"table-bold\">Resoluci\u00f3n<\/td>\n<td>0,1 %HR<\/td>\n<\/tr>\n<\/tbody>\n<\/table>\n<table>\n<colgroup>\n<col class=\"colWidth25\" \/>\n<col \/><\/colgroup>\n<thead>\n<tr>\n<th colspan=\"2\">Medici\u00f3n de CO\u2082<\/th>\n<\/tr>\n<\/thead>\n<tbody>\n<tr>\n<td class=\"table-bold\">Rango<\/td>\n<td>0 hasta 10000 ppm<\/td>\n<\/tr>\n<tr>\n<td class=\"table-bold\">Exactitud<\/td>\n<td>\u00b1300 ppm (0 hasta 4000 ppm)<\/p>\n<p>8 % del v.m. (4000 hasta 6000 ppm)<\/p>\n<p>500 ppm (6000 hasta 10000 ppm)<\/td>\n<\/tr>\n<tr>\n<td class=\"table-bold\">Resoluci\u00f3n<\/td>\n<td>10 ppm<\/td>\n<\/tr>\n<\/tbody>\n<\/table>\n<table>\n<colgroup>\n<col class=\"colWidth25\" \/>\n<col \/><\/colgroup>\n<thead>\n<tr>\n<th colspan=\"2\">Medici\u00f3n de CO<\/th>\n<\/tr>\n<\/thead>\n<tbody>\n<tr>\n<td class=\"table-bold\">Rango<\/td>\n<td>0 hasta 100 ppm<\/td>\n<\/tr>\n<tr>\n<td class=\"table-bold\">Exactitud<\/td>\n<td>\u00b13 ppm (0 hasta 20 ppm)<\/p>\n<p>\u00b15 ppm (&gt;20 ppm)<\/td>\n<\/tr>\n<tr>\n<td class=\"table-bold\">Resoluci\u00f3n<\/td>\n<td>0,5 ppm<\/td>\n<\/tr>\n<\/tbody>\n<\/table>\n<table>\n<colgroup>\n<col class=\"colWidth25\" \/>\n<col \/><\/colgroup>\n<thead>\n<tr>\n<th colspan=\"2\">Medici\u00f3n Temperatura<\/th>\n<\/tr>\n<\/thead>\n<tbody>\n<tr>\n<td class=\"table-bold\">Rango<\/td>\n<td>-10 hasta +60 \u00baC<\/td>\n<\/tr>\n<tr>\n<td class=\"table-bold\">Exactitud<\/td>\n<td>\u00b10,5 \u00baC (\u00b11 Digito)<\/td>\n<\/tr>\n<tr>\n<td class=\"table-bold\">Resoluci\u00f3n<\/td>\n<td>0,1 \u00baC<\/td>\n<\/tr>\n<\/tbody>\n<\/table>\n<\/div>\n<\/div>\n","protected":false},"excerpt":{"rendered":"<p>Alta tecnolog\u00eda, manejo sencillo, dise\u00f1o robusto: esto es lo que define al medidor de CO-CO<sub>2<\/sub>\u00a0testo 315-3 para mediciones ambientales. Con este dispositivo se mide paralelamente el mon\u00f3xido y el di\u00f3xido de carbono en el ambiente de instalaciones y salidas de calefacci\u00f3n. Los resultados de la medici\u00f3n se pueden leer directamente en la pantalla digital. En caso de excederse los valores l\u00edmite (de libre definici\u00f3n), el medidor de CO-CO<sub>2<\/sub>-emite una alarma visual y ac\u00fastica.<br \/>\nEste instrumento cuenta con una bater\u00eda de pol\u00edmero de litio para funcionar de forma aut\u00f3noma y que ahorra energ\u00eda: en caso de no usarse, se desconecta autom\u00e1ticamente.<br \/>\nPr\u00e1ctico: el medidor de CO-CO<sub>2<\/sub>\u00a0se puede utilizar en combinaci\u00f3n con el analizador de gases de combusti\u00f3n testo 330-2. Los resultados de la medici\u00f3n CO-CO<sub>2<\/sub>\u00a0se pueden transferir f\u00e1cilmente a trav\u00e9s de la interfaz de infrarrojos.<\/p>\n","protected":false},"featured_media":1941,"comment_status":"open","ping_status":"closed","template":"","meta":{"_joinchat":[]},"product_brand":[],"product_cat":[15],"product_tag":[],"class_list":{"0":"post-1932","1":"product","2":"type-product","3":"status-publish","4":"has-post-thumbnail","6":"product_cat-sin-categorizar","8":"first","9":"instock","10":"shipping-taxable","11":"product-type-simple"},"yoast_head":"<!-- This site is optimized with the Yoast SEO plugin v26.4 - https:\/\/yoast.com\/wordpress\/plugins\/seo\/ -->\n<title>testo 315-3 - medidor de co-co2 para la medici\u00f3n ambiental - Abaa tienda online<\/title>\n<meta name=\"robots\" content=\"index, follow, max-snippet:-1, max-image-preview:large, max-video-preview:-1\" \/>\n<link rel=\"canonical\" href=\"https:\/\/abaa.mx\/tienda\/testo-315-3-medidor-de-co-co2-para-la-medicion-ambiental\/\" \/>\n<meta property=\"og:locale\" content=\"es_MX\" \/>\n<meta property=\"og:type\" content=\"article\" \/>\n<meta property=\"og:title\" content=\"testo 315-3 - medidor de co-co2 para la medici\u00f3n ambiental - Abaa tienda online\" \/>\n<meta property=\"og:description\" content=\"Alta tecnolog\u00eda, manejo sencillo, dise\u00f1o robusto: esto es lo que define al medidor de CO-CO2\u00a0testo 315-3 para mediciones ambientales. Con este dispositivo se mide paralelamente el mon\u00f3xido y el di\u00f3xido de carbono en el ambiente de instalaciones y salidas de calefacci\u00f3n. Los resultados de la medici\u00f3n se pueden leer directamente en la pantalla digital. En caso de excederse los valores l\u00edmite (de libre definici\u00f3n), el medidor de CO-CO2-emite una alarma visual y ac\u00fastica. Este instrumento cuenta con una bater\u00eda de pol\u00edmero de litio para funcionar de forma aut\u00f3noma y que ahorra energ\u00eda: en caso de no usarse, se desconecta autom\u00e1ticamente. Pr\u00e1ctico: el medidor de CO-CO2\u00a0se puede utilizar en combinaci\u00f3n con el analizador de gases de combusti\u00f3n testo 330-2. Los resultados de la medici\u00f3n CO-CO2\u00a0se pueden transferir f\u00e1cilmente a trav\u00e9s de la interfaz de infrarrojos.\" \/>\n<meta property=\"og:url\" content=\"https:\/\/abaa.mx\/tienda\/testo-315-3-medidor-de-co-co2-para-la-medicion-ambiental\/\" \/>\n<meta property=\"og:site_name\" content=\"Abaa tienda online\" \/>\n<meta property=\"article:modified_time\" content=\"2023-09-18T21:35:50+00:00\" \/>\n<meta property=\"og:image\" content=\"https:\/\/abaa.mx\/tienda\/wp-content\/uploads\/2023\/09\/testo-315-3.jpg\" \/>\n\t<meta property=\"og:image:width\" content=\"750\" \/>\n\t<meta property=\"og:image:height\" content=\"563\" \/>\n\t<meta property=\"og:image:type\" content=\"image\/jpeg\" \/>\n<meta name=\"twitter:card\" content=\"summary_large_image\" \/>\n<meta name=\"twitter:label1\" content=\"Tiempo de lectura\" \/>\n\t<meta name=\"twitter:data1\" content=\"3 minutos\" \/>\n<script type=\"application\/ld+json\" class=\"yoast-schema-graph\">{\"@context\":\"https:\/\/schema.org\",\"@graph\":[{\"@type\":\"WebPage\",\"@id\":\"https:\/\/abaa.mx\/tienda\/testo-315-3-medidor-de-co-co2-para-la-medicion-ambiental\/\",\"url\":\"https:\/\/abaa.mx\/tienda\/testo-315-3-medidor-de-co-co2-para-la-medicion-ambiental\/\",\"name\":\"testo 315-3 - medidor de co-co2 para la medici\u00f3n ambiental - Abaa tienda online\",\"isPartOf\":{\"@id\":\"https:\/\/abaa.mx\/tienda\/#website\"},\"primaryImageOfPage\":{\"@id\":\"https:\/\/abaa.mx\/tienda\/testo-315-3-medidor-de-co-co2-para-la-medicion-ambiental\/#primaryimage\"},\"image\":{\"@id\":\"https:\/\/abaa.mx\/tienda\/testo-315-3-medidor-de-co-co2-para-la-medicion-ambiental\/#primaryimage\"},\"thumbnailUrl\":\"https:\/\/abaa.mx\/tienda\/wp-content\/uploads\/2023\/09\/testo-315-3.jpg\",\"datePublished\":\"2023-09-18T21:35:49+00:00\",\"dateModified\":\"2023-09-18T21:35:50+00:00\",\"breadcrumb\":{\"@id\":\"https:\/\/abaa.mx\/tienda\/testo-315-3-medidor-de-co-co2-para-la-medicion-ambiental\/#breadcrumb\"},\"inLanguage\":\"es\",\"potentialAction\":[{\"@type\":\"ReadAction\",\"target\":[\"https:\/\/abaa.mx\/tienda\/testo-315-3-medidor-de-co-co2-para-la-medicion-ambiental\/\"]}]},{\"@type\":\"ImageObject\",\"inLanguage\":\"es\",\"@id\":\"https:\/\/abaa.mx\/tienda\/testo-315-3-medidor-de-co-co2-para-la-medicion-ambiental\/#primaryimage\",\"url\":\"https:\/\/abaa.mx\/tienda\/wp-content\/uploads\/2023\/09\/testo-315-3.jpg\",\"contentUrl\":\"https:\/\/abaa.mx\/tienda\/wp-content\/uploads\/2023\/09\/testo-315-3.jpg\",\"width\":750,\"height\":563,\"caption\":\"testo 315-3\"},{\"@type\":\"BreadcrumbList\",\"@id\":\"https:\/\/abaa.mx\/tienda\/testo-315-3-medidor-de-co-co2-para-la-medicion-ambiental\/#breadcrumb\",\"itemListElement\":[{\"@type\":\"ListItem\",\"position\":1,\"name\":\"Inicio\",\"item\":\"https:\/\/abaa.mx\/tienda\/\"},{\"@type\":\"ListItem\",\"position\":2,\"name\":\"Tienda\",\"item\":\"https:\/\/abaa.mx\/tienda\/\"},{\"@type\":\"ListItem\",\"position\":3,\"name\":\"testo 315-3 &#8211; medidor de co-co2 para la medici\u00f3n ambiental\"}]},{\"@type\":\"WebSite\",\"@id\":\"https:\/\/abaa.mx\/tienda\/#website\",\"url\":\"https:\/\/abaa.mx\/tienda\/\",\"name\":\"Abaa tienda online\",\"description\":\"Instrumentos de medici\u00f3n\",\"publisher\":{\"@id\":\"https:\/\/abaa.mx\/tienda\/#organization\"},\"potentialAction\":[{\"@type\":\"SearchAction\",\"target\":{\"@type\":\"EntryPoint\",\"urlTemplate\":\"https:\/\/abaa.mx\/tienda\/?s={search_term_string}\"},\"query-input\":{\"@type\":\"PropertyValueSpecification\",\"valueRequired\":true,\"valueName\":\"search_term_string\"}}],\"inLanguage\":\"es\"},{\"@type\":\"Organization\",\"@id\":\"https:\/\/abaa.mx\/tienda\/#organization\",\"name\":\"Abaa tienda online\",\"url\":\"https:\/\/abaa.mx\/tienda\/\",\"logo\":{\"@type\":\"ImageObject\",\"inLanguage\":\"es\",\"@id\":\"https:\/\/abaa.mx\/tienda\/#\/schema\/logo\/image\/\",\"url\":\"https:\/\/abaa.mx\/tienda\/wp-content\/uploads\/2024\/01\/abaa-metrologia-tienda.png\",\"contentUrl\":\"https:\/\/abaa.mx\/tienda\/wp-content\/uploads\/2024\/01\/abaa-metrologia-tienda.png\",\"width\":300,\"height\":141,\"caption\":\"Abaa tienda online\"},\"image\":{\"@id\":\"https:\/\/abaa.mx\/tienda\/#\/schema\/logo\/image\/\"}}]}<\/script>\n<!-- \/ Yoast SEO plugin. -->","yoast_head_json":{"title":"testo 315-3 - medidor de co-co2 para la medici\u00f3n ambiental - Abaa tienda online","robots":{"index":"index","follow":"follow","max-snippet":"max-snippet:-1","max-image-preview":"max-image-preview:large","max-video-preview":"max-video-preview:-1"},"canonical":"https:\/\/abaa.mx\/tienda\/testo-315-3-medidor-de-co-co2-para-la-medicion-ambiental\/","og_locale":"es_MX","og_type":"article","og_title":"testo 315-3 - medidor de co-co2 para la medici\u00f3n ambiental - Abaa tienda online","og_description":"Alta tecnolog\u00eda, manejo sencillo, dise\u00f1o robusto: esto es lo que define al medidor de CO-CO2\u00a0testo 315-3 para mediciones ambientales. Con este dispositivo se mide paralelamente el mon\u00f3xido y el di\u00f3xido de carbono en el ambiente de instalaciones y salidas de calefacci\u00f3n. Los resultados de la medici\u00f3n se pueden leer directamente en la pantalla digital. En caso de excederse los valores l\u00edmite (de libre definici\u00f3n), el medidor de CO-CO2-emite una alarma visual y ac\u00fastica. Este instrumento cuenta con una bater\u00eda de pol\u00edmero de litio para funcionar de forma aut\u00f3noma y que ahorra energ\u00eda: en caso de no usarse, se desconecta autom\u00e1ticamente. Pr\u00e1ctico: el medidor de CO-CO2\u00a0se puede utilizar en combinaci\u00f3n con el analizador de gases de combusti\u00f3n testo 330-2. Los resultados de la medici\u00f3n CO-CO2\u00a0se pueden transferir f\u00e1cilmente a trav\u00e9s de la interfaz de infrarrojos.","og_url":"https:\/\/abaa.mx\/tienda\/testo-315-3-medidor-de-co-co2-para-la-medicion-ambiental\/","og_site_name":"Abaa tienda online","article_modified_time":"2023-09-18T21:35:50+00:00","og_image":[{"width":750,"height":563,"url":"https:\/\/abaa.mx\/tienda\/wp-content\/uploads\/2023\/09\/testo-315-3.jpg","type":"image\/jpeg"}],"twitter_card":"summary_large_image","twitter_misc":{"Tiempo de lectura":"3 minutos"},"schema":{"@context":"https:\/\/schema.org","@graph":[{"@type":"WebPage","@id":"https:\/\/abaa.mx\/tienda\/testo-315-3-medidor-de-co-co2-para-la-medicion-ambiental\/","url":"https:\/\/abaa.mx\/tienda\/testo-315-3-medidor-de-co-co2-para-la-medicion-ambiental\/","name":"testo 315-3 - medidor de co-co2 para la medici\u00f3n ambiental - Abaa tienda online","isPartOf":{"@id":"https:\/\/abaa.mx\/tienda\/#website"},"primaryImageOfPage":{"@id":"https:\/\/abaa.mx\/tienda\/testo-315-3-medidor-de-co-co2-para-la-medicion-ambiental\/#primaryimage"},"image":{"@id":"https:\/\/abaa.mx\/tienda\/testo-315-3-medidor-de-co-co2-para-la-medicion-ambiental\/#primaryimage"},"thumbnailUrl":"https:\/\/abaa.mx\/tienda\/wp-content\/uploads\/2023\/09\/testo-315-3.jpg","datePublished":"2023-09-18T21:35:49+00:00","dateModified":"2023-09-18T21:35:50+00:00","breadcrumb":{"@id":"https:\/\/abaa.mx\/tienda\/testo-315-3-medidor-de-co-co2-para-la-medicion-ambiental\/#breadcrumb"},"inLanguage":"es","potentialAction":[{"@type":"ReadAction","target":["https:\/\/abaa.mx\/tienda\/testo-315-3-medidor-de-co-co2-para-la-medicion-ambiental\/"]}]},{"@type":"ImageObject","inLanguage":"es","@id":"https:\/\/abaa.mx\/tienda\/testo-315-3-medidor-de-co-co2-para-la-medicion-ambiental\/#primaryimage","url":"https:\/\/abaa.mx\/tienda\/wp-content\/uploads\/2023\/09\/testo-315-3.jpg","contentUrl":"https:\/\/abaa.mx\/tienda\/wp-content\/uploads\/2023\/09\/testo-315-3.jpg","width":750,"height":563,"caption":"testo 315-3"},{"@type":"BreadcrumbList","@id":"https:\/\/abaa.mx\/tienda\/testo-315-3-medidor-de-co-co2-para-la-medicion-ambiental\/#breadcrumb","itemListElement":[{"@type":"ListItem","position":1,"name":"Inicio","item":"https:\/\/abaa.mx\/tienda\/"},{"@type":"ListItem","position":2,"name":"Tienda","item":"https:\/\/abaa.mx\/tienda\/"},{"@type":"ListItem","position":3,"name":"testo 315-3 &#8211; medidor de co-co2 para la medici\u00f3n ambiental"}]},{"@type":"WebSite","@id":"https:\/\/abaa.mx\/tienda\/#website","url":"https:\/\/abaa.mx\/tienda\/","name":"Abaa tienda online","description":"Instrumentos de medici\u00f3n","publisher":{"@id":"https:\/\/abaa.mx\/tienda\/#organization"},"potentialAction":[{"@type":"SearchAction","target":{"@type":"EntryPoint","urlTemplate":"https:\/\/abaa.mx\/tienda\/?s={search_term_string}"},"query-input":{"@type":"PropertyValueSpecification","valueRequired":true,"valueName":"search_term_string"}}],"inLanguage":"es"},{"@type":"Organization","@id":"https:\/\/abaa.mx\/tienda\/#organization","name":"Abaa tienda online","url":"https:\/\/abaa.mx\/tienda\/","logo":{"@type":"ImageObject","inLanguage":"es","@id":"https:\/\/abaa.mx\/tienda\/#\/schema\/logo\/image\/","url":"https:\/\/abaa.mx\/tienda\/wp-content\/uploads\/2024\/01\/abaa-metrologia-tienda.png","contentUrl":"https:\/\/abaa.mx\/tienda\/wp-content\/uploads\/2024\/01\/abaa-metrologia-tienda.png","width":300,"height":141,"caption":"Abaa tienda online"},"image":{"@id":"https:\/\/abaa.mx\/tienda\/#\/schema\/logo\/image\/"}}]}},"_links":{"self":[{"href":"https:\/\/abaa.mx\/tienda\/wp-json\/wp\/v2\/product\/1932","targetHints":{"allow":["GET"]}}],"collection":[{"href":"https:\/\/abaa.mx\/tienda\/wp-json\/wp\/v2\/product"}],"about":[{"href":"https:\/\/abaa.mx\/tienda\/wp-json\/wp\/v2\/types\/product"}],"replies":[{"embeddable":true,"href":"https:\/\/abaa.mx\/tienda\/wp-json\/wp\/v2\/comments?post=1932"}],"wp:featuredmedia":[{"embeddable":true,"href":"https:\/\/abaa.mx\/tienda\/wp-json\/wp\/v2\/media\/1941"}],"wp:attachment":[{"href":"https:\/\/abaa.mx\/tienda\/wp-json\/wp\/v2\/media?parent=1932"}],"wp:term":[{"taxonomy":"product_brand","embeddable":true,"href":"https:\/\/abaa.mx\/tienda\/wp-json\/wp\/v2\/product_brand?post=1932"},{"taxonomy":"product_cat","embeddable":true,"href":"https:\/\/abaa.mx\/tienda\/wp-json\/wp\/v2\/product_cat?post=1932"},{"taxonomy":"product_tag","embeddable":true,"href":"https:\/\/abaa.mx\/tienda\/wp-json\/wp\/v2\/product_tag?post=1932"}],"curies":[{"name":"wp","href":"https:\/\/api.w.org\/{rel}","templated":true}]}}