{"id":1928,"date":"2023-09-18T21:09:26","date_gmt":"2023-09-18T21:09:26","guid":{"rendered":"https:\/\/abaa.mx\/tienda\/?post_type=product&#038;p=1928"},"modified":"2023-09-18T21:09:27","modified_gmt":"2023-09-18T21:09:27","slug":"testo-420-manometro-diferencial","status":"publish","type":"product","link":"https:\/\/abaa.mx\/tienda\/testo-420-manometro-diferencial\/","title":{"rendered":"testo 420 &#8211; man\u00f3metro diferencial"},"content":{"rendered":"<p>El man\u00f3metro diferencial testo 420 es ideal para la medici\u00f3n de la presi\u00f3n diferencial hasta 120 Pa, p. ej. para la comprobaci\u00f3n de filtro en sistemas de climatizaci\u00f3n y ventilaci\u00f3n. El testo 420 calcula la velocidad de flujo y el caudal volum\u00e9trico. Adem\u00e1s, el instrumento de medici\u00f3n permite una medici\u00f3n de la presi\u00f3n absoluta.<\/p>\n<article class=\"child-1 paragraph\">\n<h3>Man\u00f3metro diferencial con funciones pr\u00e1cticas<\/h3>\n<p>Mediante un tubo de Pitot y los tubos flexibles de conexi\u00f3n adecuados (los dos disponibles opcionalmente) es posible medir la velocidad de flujo y el caudal volum\u00e9trico en el canal de ventilaci\u00f3n. El c\u00e1lculo de un valor medio temporal y puntual as\u00ed como la combinaci\u00f3n de ambos con una introducci\u00f3n simple de la geometr\u00eda del canal le ser\u00e1 de ayuda durante la medici\u00f3n en el canal.<\/p>\n<p>Con bajas presiones, el ajuste autom\u00e1tico del punto cero ofrece una gran exactitud. Todas las mediciones son f\u00e1ciles de leer en la amplia pantalla con retoiluminaci\u00f3n.<\/p>\n<h3>Documentaci\u00f3n de los datos medidos<\/h3>\n<p>Para el an\u00e1lisis y la documentaci\u00f3n es posible almacenar los datos medidos en el man\u00f3metro diferencial. La gesti\u00f3n de los datos medidos en el ordenador es una tarea completamente sencilla que no requiere un software adicional a trav\u00e9s de la funci\u00f3n Plug &amp; Play.<\/article>\n<h3>Volumen de suministro<\/h3>\n<article class=\"child-2 paragraph\">Man\u00f3metro diferencial testo 420, se incluye pilas y un protocolo de calibraci\u00f3n.<\/article>\n<article>\n<div class=\"m-list\">\n<ul class=\"list-elements\">\n<li>Medici\u00f3n de la presi\u00f3n diferencial, p. ej. para comprobar los filtros de los sistemas de climatizaci\u00f3n y ventilaci\u00f3n<\/li>\n<li>C\u00e1lculo de la velocidad de flujo y el caudal volum\u00e9trico mediante un tubo de Pitot<\/li>\n<li>Instrumento pr\u00e1ctico con pantalla grande y men\u00fa confortable<\/li>\n<li>Almacenamiento de datos medidos para el an\u00e1lisis y la documentaci\u00f3n<\/li>\n<\/ul>\n<\/div>\n<p class=\"text\">Utilice el man\u00f3metro diferencial testo 420 para ejecutar pruebas sencillas y eficientes en los filtros. Con el instrumento de medici\u00f3n es posible medir sin problemas la velocidad de flujo y el caudal volum\u00e9trico en combinaci\u00f3n con un tubo de Pitot en el canal de ventilaci\u00f3n.<\/p>\n<h2>Datos t\u00e9cnicos<\/h2>\n<table>\n<colgroup>\n<col class=\"colWidth25\" \/>\n<col \/><\/colgroup>\n<thead>\n<tr>\n<th colspan=\"2\">Datos t\u00e9cnicos generales<\/th>\n<\/tr>\n<\/thead>\n<tbody>\n<tr>\n<td class=\"table-bold\">Medidas<\/td>\n<td>150 X 85 X 35 mm<\/td>\n<\/tr>\n<tr>\n<td class=\"table-bold\">Temperatura de funcionamiento<\/td>\n<td>-5 hasta +50 \u00baC<\/td>\n<\/tr>\n<tr>\n<td class=\"table-bold\">Directiva UE\/CE<\/td>\n<td>Directriz UE 2014\/30\/EU<\/td>\n<\/tr>\n<tr>\n<td class=\"table-bold\">Tipo de bater\u00eda<\/td>\n<td>Pila AA alcalina de manganeso (AlMn)<\/td>\n<\/tr>\n<tr>\n<td class=\"table-bold\">Autonom\u00eda<\/td>\n<td>40 h<\/td>\n<\/tr>\n<tr>\n<td class=\"table-bold\">Medidas de la pantalla<\/td>\n<td>3.5&#8243;<\/td>\n<\/tr>\n<tr>\n<td class=\"table-bold\">Funciones de pantalla<\/td>\n<td>Matriz de punto<\/td>\n<\/tr>\n<tr>\n<td class=\"table-bold\">Iluminaci\u00f3n de pantalla<\/td>\n<td>con iluminaci\u00f3n<\/td>\n<\/tr>\n<tr>\n<td class=\"table-bold\">Interfaces<\/td>\n<td>Micro-USB<\/td>\n<\/tr>\n<tr>\n<td class=\"table-bold\">Memoria<\/td>\n<td>2 GB (internos)<\/td>\n<\/tr>\n<tr>\n<td class=\"table-bold\">Temperatura de almacenamiento<\/td>\n<td>-20 hasta +60 \u00baC<\/td>\n<\/tr>\n<\/tbody>\n<\/table>\n<table>\n<colgroup>\n<col class=\"colWidth25\" \/>\n<col \/><\/colgroup>\n<thead>\n<tr>\n<th colspan=\"2\">Presi\u00f3n diferencial &#8211; piezoresistiva<\/th>\n<\/tr>\n<\/thead>\n<tbody>\n<tr>\n<td class=\"table-bold\">Rango<\/td>\n<td>-120 hasta +120 Pa<\/p>\n<p>+0,1 hasta +14 m\/s<\/td>\n<\/tr>\n<tr>\n<td class=\"table-bold\">Exactitud<\/td>\n<td>\u00b12 % del v.m. + 0,5 Pa at +22 \u00baC, 1013 hPa<\/td>\n<\/tr>\n<tr>\n<td class=\"table-bold\">Resoluci\u00f3n<\/td>\n<td>0,001 Pa<\/p>\n<p>0,01 m\/s<\/td>\n<\/tr>\n<tr>\n<td class=\"table-bold\">Tiempo de respuesta t\u2089\u2080<\/td>\n<td>1 s (t\u2089\u2080)<\/td>\n<\/tr>\n<\/tbody>\n<\/table>\n<table>\n<colgroup>\n<col class=\"colWidth25\" \/>\n<col \/><\/colgroup>\n<thead>\n<tr>\n<th colspan=\"2\">Presi\u00f3n absoluta<\/th>\n<\/tr>\n<\/thead>\n<tbody>\n<tr>\n<td class=\"table-bold\">Rango<\/td>\n<td>700 hasta 1100 hPa<\/td>\n<\/tr>\n<tr>\n<td class=\"table-bold\">Exactitud<\/td>\n<td>\u00b13 hPa<\/td>\n<\/tr>\n<tr>\n<td class=\"table-bold\">Resoluci\u00f3n<\/td>\n<td>0,1 hPa<\/td>\n<\/tr>\n<tr>\n<td class=\"table-bold\">Tiempo de respuesta<\/td>\n<td>1 s<\/td>\n<\/tr>\n<\/tbody>\n<\/table>\n<\/article>\n","protected":false},"excerpt":{"rendered":"<p>El man\u00f3metro diferencial testo 420 es ideal para la medici\u00f3n de la presi\u00f3n diferencial hasta 120 Pa, p. ej. para la comprobaci\u00f3n de filtro en sistemas de climatizaci\u00f3n y ventilaci\u00f3n. El testo 420 calcula la velocidad de flujo y el caudal volum\u00e9trico. Adem\u00e1s, el instrumento de medici\u00f3n permite una medici\u00f3n de la presi\u00f3n absoluta.<\/p>\n","protected":false},"featured_media":1934,"comment_status":"open","ping_status":"closed","template":"","meta":{"_joinchat":[]},"product_brand":[],"product_cat":[15],"product_tag":[],"class_list":{"0":"post-1928","1":"product","2":"type-product","3":"status-publish","4":"has-post-thumbnail","6":"product_cat-sin-categorizar","8":"first","9":"instock","10":"shipping-taxable","11":"product-type-simple"},"yoast_head":"<!-- This site is optimized with the Yoast SEO plugin v26.4 - https:\/\/yoast.com\/wordpress\/plugins\/seo\/ -->\n<title>testo 420 - man\u00f3metro diferencial - Abaa tienda online<\/title>\n<meta name=\"robots\" content=\"index, follow, max-snippet:-1, max-image-preview:large, max-video-preview:-1\" \/>\n<link rel=\"canonical\" href=\"https:\/\/abaa.mx\/tienda\/testo-420-manometro-diferencial\/\" \/>\n<meta property=\"og:locale\" content=\"es_MX\" \/>\n<meta property=\"og:type\" content=\"article\" \/>\n<meta property=\"og:title\" content=\"testo 420 - man\u00f3metro diferencial - Abaa tienda online\" \/>\n<meta property=\"og:description\" content=\"El man\u00f3metro diferencial testo 420 es ideal para la medici\u00f3n de la presi\u00f3n diferencial hasta 120 Pa, p. ej. para la comprobaci\u00f3n de filtro en sistemas de climatizaci\u00f3n y ventilaci\u00f3n. El testo 420 calcula la velocidad de flujo y el caudal volum\u00e9trico. Adem\u00e1s, el instrumento de medici\u00f3n permite una medici\u00f3n de la presi\u00f3n absoluta.\" \/>\n<meta property=\"og:url\" content=\"https:\/\/abaa.mx\/tienda\/testo-420-manometro-diferencial\/\" \/>\n<meta property=\"og:site_name\" content=\"Abaa tienda online\" \/>\n<meta property=\"article:modified_time\" content=\"2023-09-18T21:09:27+00:00\" \/>\n<meta property=\"og:image\" content=\"https:\/\/abaa.mx\/tienda\/wp-content\/uploads\/2023\/09\/testo-420-manometro.jpg\" \/>\n\t<meta property=\"og:image:width\" content=\"500\" \/>\n\t<meta property=\"og:image:height\" content=\"289\" \/>\n\t<meta property=\"og:image:type\" content=\"image\/jpeg\" \/>\n<meta name=\"twitter:card\" content=\"summary_large_image\" \/>\n<meta name=\"twitter:label1\" content=\"Tiempo de lectura\" \/>\n\t<meta name=\"twitter:data1\" content=\"2 minutos\" \/>\n<script type=\"application\/ld+json\" class=\"yoast-schema-graph\">{\"@context\":\"https:\/\/schema.org\",\"@graph\":[{\"@type\":\"WebPage\",\"@id\":\"https:\/\/abaa.mx\/tienda\/testo-420-manometro-diferencial\/\",\"url\":\"https:\/\/abaa.mx\/tienda\/testo-420-manometro-diferencial\/\",\"name\":\"testo 420 - man\u00f3metro diferencial - Abaa tienda online\",\"isPartOf\":{\"@id\":\"https:\/\/abaa.mx\/tienda\/#website\"},\"primaryImageOfPage\":{\"@id\":\"https:\/\/abaa.mx\/tienda\/testo-420-manometro-diferencial\/#primaryimage\"},\"image\":{\"@id\":\"https:\/\/abaa.mx\/tienda\/testo-420-manometro-diferencial\/#primaryimage\"},\"thumbnailUrl\":\"https:\/\/abaa.mx\/tienda\/wp-content\/uploads\/2023\/09\/testo-420-manometro.jpg\",\"datePublished\":\"2023-09-18T21:09:26+00:00\",\"dateModified\":\"2023-09-18T21:09:27+00:00\",\"breadcrumb\":{\"@id\":\"https:\/\/abaa.mx\/tienda\/testo-420-manometro-diferencial\/#breadcrumb\"},\"inLanguage\":\"es\",\"potentialAction\":[{\"@type\":\"ReadAction\",\"target\":[\"https:\/\/abaa.mx\/tienda\/testo-420-manometro-diferencial\/\"]}]},{\"@type\":\"ImageObject\",\"inLanguage\":\"es\",\"@id\":\"https:\/\/abaa.mx\/tienda\/testo-420-manometro-diferencial\/#primaryimage\",\"url\":\"https:\/\/abaa.mx\/tienda\/wp-content\/uploads\/2023\/09\/testo-420-manometro.jpg\",\"contentUrl\":\"https:\/\/abaa.mx\/tienda\/wp-content\/uploads\/2023\/09\/testo-420-manometro.jpg\",\"width\":500,\"height\":289,\"caption\":\"testo 420 manometro\"},{\"@type\":\"BreadcrumbList\",\"@id\":\"https:\/\/abaa.mx\/tienda\/testo-420-manometro-diferencial\/#breadcrumb\",\"itemListElement\":[{\"@type\":\"ListItem\",\"position\":1,\"name\":\"Inicio\",\"item\":\"https:\/\/abaa.mx\/tienda\/\"},{\"@type\":\"ListItem\",\"position\":2,\"name\":\"Tienda\",\"item\":\"https:\/\/abaa.mx\/tienda\/\"},{\"@type\":\"ListItem\",\"position\":3,\"name\":\"testo 420 &#8211; man\u00f3metro diferencial\"}]},{\"@type\":\"WebSite\",\"@id\":\"https:\/\/abaa.mx\/tienda\/#website\",\"url\":\"https:\/\/abaa.mx\/tienda\/\",\"name\":\"Abaa tienda online\",\"description\":\"Instrumentos de medici\u00f3n\",\"publisher\":{\"@id\":\"https:\/\/abaa.mx\/tienda\/#organization\"},\"potentialAction\":[{\"@type\":\"SearchAction\",\"target\":{\"@type\":\"EntryPoint\",\"urlTemplate\":\"https:\/\/abaa.mx\/tienda\/?s={search_term_string}\"},\"query-input\":{\"@type\":\"PropertyValueSpecification\",\"valueRequired\":true,\"valueName\":\"search_term_string\"}}],\"inLanguage\":\"es\"},{\"@type\":\"Organization\",\"@id\":\"https:\/\/abaa.mx\/tienda\/#organization\",\"name\":\"Abaa tienda online\",\"url\":\"https:\/\/abaa.mx\/tienda\/\",\"logo\":{\"@type\":\"ImageObject\",\"inLanguage\":\"es\",\"@id\":\"https:\/\/abaa.mx\/tienda\/#\/schema\/logo\/image\/\",\"url\":\"https:\/\/abaa.mx\/tienda\/wp-content\/uploads\/2024\/01\/abaa-metrologia-tienda.png\",\"contentUrl\":\"https:\/\/abaa.mx\/tienda\/wp-content\/uploads\/2024\/01\/abaa-metrologia-tienda.png\",\"width\":300,\"height\":141,\"caption\":\"Abaa tienda online\"},\"image\":{\"@id\":\"https:\/\/abaa.mx\/tienda\/#\/schema\/logo\/image\/\"}}]}<\/script>\n<!-- \/ Yoast SEO plugin. -->","yoast_head_json":{"title":"testo 420 - man\u00f3metro diferencial - Abaa tienda online","robots":{"index":"index","follow":"follow","max-snippet":"max-snippet:-1","max-image-preview":"max-image-preview:large","max-video-preview":"max-video-preview:-1"},"canonical":"https:\/\/abaa.mx\/tienda\/testo-420-manometro-diferencial\/","og_locale":"es_MX","og_type":"article","og_title":"testo 420 - man\u00f3metro diferencial - Abaa tienda online","og_description":"El man\u00f3metro diferencial testo 420 es ideal para la medici\u00f3n de la presi\u00f3n diferencial hasta 120 Pa, p. ej. para la comprobaci\u00f3n de filtro en sistemas de climatizaci\u00f3n y ventilaci\u00f3n. El testo 420 calcula la velocidad de flujo y el caudal volum\u00e9trico. Adem\u00e1s, el instrumento de medici\u00f3n permite una medici\u00f3n de la presi\u00f3n absoluta.","og_url":"https:\/\/abaa.mx\/tienda\/testo-420-manometro-diferencial\/","og_site_name":"Abaa tienda online","article_modified_time":"2023-09-18T21:09:27+00:00","og_image":[{"width":500,"height":289,"url":"https:\/\/abaa.mx\/tienda\/wp-content\/uploads\/2023\/09\/testo-420-manometro.jpg","type":"image\/jpeg"}],"twitter_card":"summary_large_image","twitter_misc":{"Tiempo de lectura":"2 minutos"},"schema":{"@context":"https:\/\/schema.org","@graph":[{"@type":"WebPage","@id":"https:\/\/abaa.mx\/tienda\/testo-420-manometro-diferencial\/","url":"https:\/\/abaa.mx\/tienda\/testo-420-manometro-diferencial\/","name":"testo 420 - man\u00f3metro diferencial - Abaa tienda online","isPartOf":{"@id":"https:\/\/abaa.mx\/tienda\/#website"},"primaryImageOfPage":{"@id":"https:\/\/abaa.mx\/tienda\/testo-420-manometro-diferencial\/#primaryimage"},"image":{"@id":"https:\/\/abaa.mx\/tienda\/testo-420-manometro-diferencial\/#primaryimage"},"thumbnailUrl":"https:\/\/abaa.mx\/tienda\/wp-content\/uploads\/2023\/09\/testo-420-manometro.jpg","datePublished":"2023-09-18T21:09:26+00:00","dateModified":"2023-09-18T21:09:27+00:00","breadcrumb":{"@id":"https:\/\/abaa.mx\/tienda\/testo-420-manometro-diferencial\/#breadcrumb"},"inLanguage":"es","potentialAction":[{"@type":"ReadAction","target":["https:\/\/abaa.mx\/tienda\/testo-420-manometro-diferencial\/"]}]},{"@type":"ImageObject","inLanguage":"es","@id":"https:\/\/abaa.mx\/tienda\/testo-420-manometro-diferencial\/#primaryimage","url":"https:\/\/abaa.mx\/tienda\/wp-content\/uploads\/2023\/09\/testo-420-manometro.jpg","contentUrl":"https:\/\/abaa.mx\/tienda\/wp-content\/uploads\/2023\/09\/testo-420-manometro.jpg","width":500,"height":289,"caption":"testo 420 manometro"},{"@type":"BreadcrumbList","@id":"https:\/\/abaa.mx\/tienda\/testo-420-manometro-diferencial\/#breadcrumb","itemListElement":[{"@type":"ListItem","position":1,"name":"Inicio","item":"https:\/\/abaa.mx\/tienda\/"},{"@type":"ListItem","position":2,"name":"Tienda","item":"https:\/\/abaa.mx\/tienda\/"},{"@type":"ListItem","position":3,"name":"testo 420 &#8211; man\u00f3metro diferencial"}]},{"@type":"WebSite","@id":"https:\/\/abaa.mx\/tienda\/#website","url":"https:\/\/abaa.mx\/tienda\/","name":"Abaa tienda online","description":"Instrumentos de medici\u00f3n","publisher":{"@id":"https:\/\/abaa.mx\/tienda\/#organization"},"potentialAction":[{"@type":"SearchAction","target":{"@type":"EntryPoint","urlTemplate":"https:\/\/abaa.mx\/tienda\/?s={search_term_string}"},"query-input":{"@type":"PropertyValueSpecification","valueRequired":true,"valueName":"search_term_string"}}],"inLanguage":"es"},{"@type":"Organization","@id":"https:\/\/abaa.mx\/tienda\/#organization","name":"Abaa tienda online","url":"https:\/\/abaa.mx\/tienda\/","logo":{"@type":"ImageObject","inLanguage":"es","@id":"https:\/\/abaa.mx\/tienda\/#\/schema\/logo\/image\/","url":"https:\/\/abaa.mx\/tienda\/wp-content\/uploads\/2024\/01\/abaa-metrologia-tienda.png","contentUrl":"https:\/\/abaa.mx\/tienda\/wp-content\/uploads\/2024\/01\/abaa-metrologia-tienda.png","width":300,"height":141,"caption":"Abaa tienda online"},"image":{"@id":"https:\/\/abaa.mx\/tienda\/#\/schema\/logo\/image\/"}}]}},"_links":{"self":[{"href":"https:\/\/abaa.mx\/tienda\/wp-json\/wp\/v2\/product\/1928","targetHints":{"allow":["GET"]}}],"collection":[{"href":"https:\/\/abaa.mx\/tienda\/wp-json\/wp\/v2\/product"}],"about":[{"href":"https:\/\/abaa.mx\/tienda\/wp-json\/wp\/v2\/types\/product"}],"replies":[{"embeddable":true,"href":"https:\/\/abaa.mx\/tienda\/wp-json\/wp\/v2\/comments?post=1928"}],"wp:featuredmedia":[{"embeddable":true,"href":"https:\/\/abaa.mx\/tienda\/wp-json\/wp\/v2\/media\/1934"}],"wp:attachment":[{"href":"https:\/\/abaa.mx\/tienda\/wp-json\/wp\/v2\/media?parent=1928"}],"wp:term":[{"taxonomy":"product_brand","embeddable":true,"href":"https:\/\/abaa.mx\/tienda\/wp-json\/wp\/v2\/product_brand?post=1928"},{"taxonomy":"product_cat","embeddable":true,"href":"https:\/\/abaa.mx\/tienda\/wp-json\/wp\/v2\/product_cat?post=1928"},{"taxonomy":"product_tag","embeddable":true,"href":"https:\/\/abaa.mx\/tienda\/wp-json\/wp\/v2\/product_tag?post=1928"}],"curies":[{"name":"wp","href":"https:\/\/api.w.org\/{rel}","templated":true}]}}