{"id":1927,"date":"2023-09-18T21:04:11","date_gmt":"2023-09-18T21:04:11","guid":{"rendered":"https:\/\/abaa.mx\/tienda\/?post_type=product&#038;p=1927"},"modified":"2023-11-15T16:22:59","modified_gmt":"2023-11-15T16:22:59","slug":"data-logger-humedad-y-temperatura-elitech-gsp-8","status":"publish","type":"product","link":"https:\/\/abaa.mx\/tienda\/data-logger-humedad-y-temperatura-elitech-gsp-8\/","title":{"rendered":"Data logger humedad y temperatura elitech GSP-8"},"content":{"rendered":"<p>&nbsp;<\/p>\n<p>El Elitech GSP-8 datalogger de temperatura y humedad se utiliza principalmente para el monitoreo y registro de la temperatura y la humedad en ambientes interiores, tales como salas de almacenamiento, oficinas, museos, salas de servidores, invernaderos, laboratorios, entre otros. El dispositivo es \u00fatil en cualquier lugar donde es importante mantener un ambiente controlado en t\u00e9rminos de temperatura y humedad para la protecci\u00f3n de bienes, equipos o la seguridad de los ocupantes.<\/p>\n<p>&nbsp;<\/p>\n<p><strong>Funciones:<\/strong><\/p>\n<ul>\n<li>Registro de temperatura y humedad en tiempo real.<\/li>\n<li>Capacidad de almacenamiento de datos de hasta 8000 registros.<\/li>\n<li>Funci\u00f3n de alarmas de l\u00edmites superiores e inferiores para la temperatura y la humedad.<\/li>\n<li>Pantalla LCD para visualizaci\u00f3n de datos.<\/li>\n<li>Puerto USB para descarga de datos y configuraci\u00f3n del dispositivo.<\/li>\n<li>Bater\u00eda de larga duraci\u00f3n y reemplazable.<\/li>\n<li>Software gratuito para an\u00e1lisis de datos y generaci\u00f3n de informes.<\/li>\n<\/ul>\n<p>&nbsp;<\/p>\n<p><strong>Especificaciones<\/strong>:<\/p>\n<ul>\n<li>Rango de medici\u00f3n de temperatura: -40\u00b0C a 70\u00b0C.<\/li>\n<li>Precisi\u00f3n de la medici\u00f3n de temperatura: +\/- 0.5\u00b0C.<\/li>\n<li>Rango de medici\u00f3n de humedad: 0% a 100% RH.<\/li>\n<li>Precisi\u00f3n de la medici\u00f3n de humedad: +\/- 3% RH.<\/li>\n<li>Intervalo de registro: ajustable entre 10 segundos y 24 horas.<\/li>\n<li>Capacidad de almacenamiento: 8000 registros.<\/li>\n<li>Comunicaci\u00f3n: puerto USB.<\/li>\n<li>Bater\u00eda: 1 x pila de litio CR2032 (reemplazable).<\/li>\n<li>Dimensiones: 84mm x 44mm x 20mm.<\/li>\n<li>Peso: 42g.<\/li>\n<\/ul>\n","protected":false},"excerpt":{"rendered":"<p>El Elitech GSP-8 datalogger de temperatura y humedad se utiliza principalmente para el monitoreo y registro de la temperatura y la humedad en ambientes interiores, tales como salas de almacenamiento, oficinas, museos, salas de servidores, invernaderos, laboratorios, entre otros.<\/p>\n","protected":false},"featured_media":1929,"comment_status":"open","ping_status":"closed","template":"","meta":{"_joinchat":[]},"product_brand":[],"product_cat":[15],"product_tag":[],"class_list":{"0":"post-1927","1":"product","2":"type-product","3":"status-publish","4":"has-post-thumbnail","6":"product_cat-sin-categorizar","8":"first","9":"instock","10":"shipping-taxable","11":"product-type-simple"},"yoast_head":"<!-- This site is optimized with the Yoast SEO plugin v26.4 - https:\/\/yoast.com\/wordpress\/plugins\/seo\/ -->\n<title>Data logger humedad y temperatura elitech GSP-8 - Abaa tienda online<\/title>\n<meta name=\"robots\" content=\"index, follow, max-snippet:-1, max-image-preview:large, max-video-preview:-1\" \/>\n<link rel=\"canonical\" href=\"https:\/\/abaa.mx\/tienda\/data-logger-humedad-y-temperatura-elitech-gsp-8\/\" \/>\n<meta property=\"og:locale\" content=\"es_MX\" \/>\n<meta property=\"og:type\" content=\"article\" \/>\n<meta property=\"og:title\" content=\"Data logger humedad y temperatura elitech GSP-8 - Abaa tienda online\" \/>\n<meta property=\"og:description\" content=\"El Elitech GSP-8 datalogger de temperatura y humedad se utiliza principalmente para el monitoreo y registro de la temperatura y la humedad en ambientes interiores, tales como salas de almacenamiento, oficinas, museos, salas de servidores, invernaderos, laboratorios, entre otros.\" \/>\n<meta property=\"og:url\" content=\"https:\/\/abaa.mx\/tienda\/data-logger-humedad-y-temperatura-elitech-gsp-8\/\" \/>\n<meta property=\"og:site_name\" content=\"Abaa tienda online\" \/>\n<meta property=\"article:modified_time\" content=\"2023-11-15T16:22:59+00:00\" \/>\n<meta property=\"og:image\" content=\"https:\/\/abaa.mx\/tienda\/wp-content\/uploads\/2023\/09\/GSP-8.jpg\" \/>\n\t<meta property=\"og:image:width\" content=\"474\" \/>\n\t<meta property=\"og:image:height\" content=\"474\" \/>\n\t<meta property=\"og:image:type\" content=\"image\/jpeg\" \/>\n<meta name=\"twitter:card\" content=\"summary_large_image\" \/>\n<meta name=\"twitter:label1\" content=\"Tiempo de lectura\" \/>\n\t<meta name=\"twitter:data1\" content=\"1 minuto\" \/>\n<script type=\"application\/ld+json\" class=\"yoast-schema-graph\">{\"@context\":\"https:\/\/schema.org\",\"@graph\":[{\"@type\":\"WebPage\",\"@id\":\"https:\/\/abaa.mx\/tienda\/data-logger-humedad-y-temperatura-elitech-gsp-8\/\",\"url\":\"https:\/\/abaa.mx\/tienda\/data-logger-humedad-y-temperatura-elitech-gsp-8\/\",\"name\":\"Data logger humedad y temperatura elitech GSP-8 - Abaa tienda online\",\"isPartOf\":{\"@id\":\"https:\/\/abaa.mx\/tienda\/#website\"},\"primaryImageOfPage\":{\"@id\":\"https:\/\/abaa.mx\/tienda\/data-logger-humedad-y-temperatura-elitech-gsp-8\/#primaryimage\"},\"image\":{\"@id\":\"https:\/\/abaa.mx\/tienda\/data-logger-humedad-y-temperatura-elitech-gsp-8\/#primaryimage\"},\"thumbnailUrl\":\"https:\/\/abaa.mx\/tienda\/wp-content\/uploads\/2023\/09\/GSP-8.jpg\",\"datePublished\":\"2023-09-18T21:04:11+00:00\",\"dateModified\":\"2023-11-15T16:22:59+00:00\",\"breadcrumb\":{\"@id\":\"https:\/\/abaa.mx\/tienda\/data-logger-humedad-y-temperatura-elitech-gsp-8\/#breadcrumb\"},\"inLanguage\":\"es\",\"potentialAction\":[{\"@type\":\"ReadAction\",\"target\":[\"https:\/\/abaa.mx\/tienda\/data-logger-humedad-y-temperatura-elitech-gsp-8\/\"]}]},{\"@type\":\"ImageObject\",\"inLanguage\":\"es\",\"@id\":\"https:\/\/abaa.mx\/tienda\/data-logger-humedad-y-temperatura-elitech-gsp-8\/#primaryimage\",\"url\":\"https:\/\/abaa.mx\/tienda\/wp-content\/uploads\/2023\/09\/GSP-8.jpg\",\"contentUrl\":\"https:\/\/abaa.mx\/tienda\/wp-content\/uploads\/2023\/09\/GSP-8.jpg\",\"width\":474,\"height\":474,\"caption\":\"data-logger-humedad-y-temperatura-elitech-gsp-8\"},{\"@type\":\"BreadcrumbList\",\"@id\":\"https:\/\/abaa.mx\/tienda\/data-logger-humedad-y-temperatura-elitech-gsp-8\/#breadcrumb\",\"itemListElement\":[{\"@type\":\"ListItem\",\"position\":1,\"name\":\"Inicio\",\"item\":\"https:\/\/abaa.mx\/tienda\/\"},{\"@type\":\"ListItem\",\"position\":2,\"name\":\"Tienda\",\"item\":\"https:\/\/abaa.mx\/tienda\/\"},{\"@type\":\"ListItem\",\"position\":3,\"name\":\"Data logger humedad y temperatura elitech GSP-8\"}]},{\"@type\":\"WebSite\",\"@id\":\"https:\/\/abaa.mx\/tienda\/#website\",\"url\":\"https:\/\/abaa.mx\/tienda\/\",\"name\":\"Abaa tienda online\",\"description\":\"Instrumentos de medici\u00f3n\",\"publisher\":{\"@id\":\"https:\/\/abaa.mx\/tienda\/#organization\"},\"potentialAction\":[{\"@type\":\"SearchAction\",\"target\":{\"@type\":\"EntryPoint\",\"urlTemplate\":\"https:\/\/abaa.mx\/tienda\/?s={search_term_string}\"},\"query-input\":{\"@type\":\"PropertyValueSpecification\",\"valueRequired\":true,\"valueName\":\"search_term_string\"}}],\"inLanguage\":\"es\"},{\"@type\":\"Organization\",\"@id\":\"https:\/\/abaa.mx\/tienda\/#organization\",\"name\":\"Abaa tienda online\",\"url\":\"https:\/\/abaa.mx\/tienda\/\",\"logo\":{\"@type\":\"ImageObject\",\"inLanguage\":\"es\",\"@id\":\"https:\/\/abaa.mx\/tienda\/#\/schema\/logo\/image\/\",\"url\":\"https:\/\/abaa.mx\/tienda\/wp-content\/uploads\/2024\/01\/abaa-metrologia-tienda.png\",\"contentUrl\":\"https:\/\/abaa.mx\/tienda\/wp-content\/uploads\/2024\/01\/abaa-metrologia-tienda.png\",\"width\":300,\"height\":141,\"caption\":\"Abaa tienda online\"},\"image\":{\"@id\":\"https:\/\/abaa.mx\/tienda\/#\/schema\/logo\/image\/\"}}]}<\/script>\n<!-- \/ Yoast SEO plugin. -->","yoast_head_json":{"title":"Data logger humedad y temperatura elitech GSP-8 - Abaa tienda online","robots":{"index":"index","follow":"follow","max-snippet":"max-snippet:-1","max-image-preview":"max-image-preview:large","max-video-preview":"max-video-preview:-1"},"canonical":"https:\/\/abaa.mx\/tienda\/data-logger-humedad-y-temperatura-elitech-gsp-8\/","og_locale":"es_MX","og_type":"article","og_title":"Data logger humedad y temperatura elitech GSP-8 - Abaa tienda online","og_description":"El Elitech GSP-8 datalogger de temperatura y humedad se utiliza principalmente para el monitoreo y registro de la temperatura y la humedad en ambientes interiores, tales como salas de almacenamiento, oficinas, museos, salas de servidores, invernaderos, laboratorios, entre otros.","og_url":"https:\/\/abaa.mx\/tienda\/data-logger-humedad-y-temperatura-elitech-gsp-8\/","og_site_name":"Abaa tienda online","article_modified_time":"2023-11-15T16:22:59+00:00","og_image":[{"width":474,"height":474,"url":"https:\/\/abaa.mx\/tienda\/wp-content\/uploads\/2023\/09\/GSP-8.jpg","type":"image\/jpeg"}],"twitter_card":"summary_large_image","twitter_misc":{"Tiempo de lectura":"1 minuto"},"schema":{"@context":"https:\/\/schema.org","@graph":[{"@type":"WebPage","@id":"https:\/\/abaa.mx\/tienda\/data-logger-humedad-y-temperatura-elitech-gsp-8\/","url":"https:\/\/abaa.mx\/tienda\/data-logger-humedad-y-temperatura-elitech-gsp-8\/","name":"Data logger humedad y temperatura elitech GSP-8 - Abaa tienda online","isPartOf":{"@id":"https:\/\/abaa.mx\/tienda\/#website"},"primaryImageOfPage":{"@id":"https:\/\/abaa.mx\/tienda\/data-logger-humedad-y-temperatura-elitech-gsp-8\/#primaryimage"},"image":{"@id":"https:\/\/abaa.mx\/tienda\/data-logger-humedad-y-temperatura-elitech-gsp-8\/#primaryimage"},"thumbnailUrl":"https:\/\/abaa.mx\/tienda\/wp-content\/uploads\/2023\/09\/GSP-8.jpg","datePublished":"2023-09-18T21:04:11+00:00","dateModified":"2023-11-15T16:22:59+00:00","breadcrumb":{"@id":"https:\/\/abaa.mx\/tienda\/data-logger-humedad-y-temperatura-elitech-gsp-8\/#breadcrumb"},"inLanguage":"es","potentialAction":[{"@type":"ReadAction","target":["https:\/\/abaa.mx\/tienda\/data-logger-humedad-y-temperatura-elitech-gsp-8\/"]}]},{"@type":"ImageObject","inLanguage":"es","@id":"https:\/\/abaa.mx\/tienda\/data-logger-humedad-y-temperatura-elitech-gsp-8\/#primaryimage","url":"https:\/\/abaa.mx\/tienda\/wp-content\/uploads\/2023\/09\/GSP-8.jpg","contentUrl":"https:\/\/abaa.mx\/tienda\/wp-content\/uploads\/2023\/09\/GSP-8.jpg","width":474,"height":474,"caption":"data-logger-humedad-y-temperatura-elitech-gsp-8"},{"@type":"BreadcrumbList","@id":"https:\/\/abaa.mx\/tienda\/data-logger-humedad-y-temperatura-elitech-gsp-8\/#breadcrumb","itemListElement":[{"@type":"ListItem","position":1,"name":"Inicio","item":"https:\/\/abaa.mx\/tienda\/"},{"@type":"ListItem","position":2,"name":"Tienda","item":"https:\/\/abaa.mx\/tienda\/"},{"@type":"ListItem","position":3,"name":"Data logger humedad y temperatura elitech GSP-8"}]},{"@type":"WebSite","@id":"https:\/\/abaa.mx\/tienda\/#website","url":"https:\/\/abaa.mx\/tienda\/","name":"Abaa tienda online","description":"Instrumentos de medici\u00f3n","publisher":{"@id":"https:\/\/abaa.mx\/tienda\/#organization"},"potentialAction":[{"@type":"SearchAction","target":{"@type":"EntryPoint","urlTemplate":"https:\/\/abaa.mx\/tienda\/?s={search_term_string}"},"query-input":{"@type":"PropertyValueSpecification","valueRequired":true,"valueName":"search_term_string"}}],"inLanguage":"es"},{"@type":"Organization","@id":"https:\/\/abaa.mx\/tienda\/#organization","name":"Abaa tienda online","url":"https:\/\/abaa.mx\/tienda\/","logo":{"@type":"ImageObject","inLanguage":"es","@id":"https:\/\/abaa.mx\/tienda\/#\/schema\/logo\/image\/","url":"https:\/\/abaa.mx\/tienda\/wp-content\/uploads\/2024\/01\/abaa-metrologia-tienda.png","contentUrl":"https:\/\/abaa.mx\/tienda\/wp-content\/uploads\/2024\/01\/abaa-metrologia-tienda.png","width":300,"height":141,"caption":"Abaa tienda online"},"image":{"@id":"https:\/\/abaa.mx\/tienda\/#\/schema\/logo\/image\/"}}]}},"_links":{"self":[{"href":"https:\/\/abaa.mx\/tienda\/wp-json\/wp\/v2\/product\/1927","targetHints":{"allow":["GET"]}}],"collection":[{"href":"https:\/\/abaa.mx\/tienda\/wp-json\/wp\/v2\/product"}],"about":[{"href":"https:\/\/abaa.mx\/tienda\/wp-json\/wp\/v2\/types\/product"}],"replies":[{"embeddable":true,"href":"https:\/\/abaa.mx\/tienda\/wp-json\/wp\/v2\/comments?post=1927"}],"wp:featuredmedia":[{"embeddable":true,"href":"https:\/\/abaa.mx\/tienda\/wp-json\/wp\/v2\/media\/1929"}],"wp:attachment":[{"href":"https:\/\/abaa.mx\/tienda\/wp-json\/wp\/v2\/media?parent=1927"}],"wp:term":[{"taxonomy":"product_brand","embeddable":true,"href":"https:\/\/abaa.mx\/tienda\/wp-json\/wp\/v2\/product_brand?post=1927"},{"taxonomy":"product_cat","embeddable":true,"href":"https:\/\/abaa.mx\/tienda\/wp-json\/wp\/v2\/product_cat?post=1927"},{"taxonomy":"product_tag","embeddable":true,"href":"https:\/\/abaa.mx\/tienda\/wp-json\/wp\/v2\/product_tag?post=1927"}],"curies":[{"name":"wp","href":"https:\/\/api.w.org\/{rel}","templated":true}]}}