{"id":1919,"date":"2023-09-18T21:05:43","date_gmt":"2023-09-18T21:05:43","guid":{"rendered":"https:\/\/abaa.mx\/tienda\/?post_type=product&#038;p=1919"},"modified":"2023-09-18T21:05:43","modified_gmt":"2023-09-18T21:05:43","slug":"testo-512-1-manometro-diferencial-digital-con-conexion-a-la-app","status":"publish","type":"product","link":"https:\/\/abaa.mx\/tienda\/testo-512-1-manometro-diferencial-digital-con-conexion-a-la-app\/","title":{"rendered":"testo 512-1 &#8211; man\u00f3metro diferencial digital con conexi\u00f3n a la app"},"content":{"rendered":"<p>Medici\u00f3n de presi\u00f3n diferencial r\u00e1pida, sencilla y precisa: Para esto existe el analizador compacto testo 512-1 que mide presiones hasta de 200 hPa. En la pr\u00e1ctica convence por su flexibilidad y versatilidad de aplicaci\u00f3n. El control de la presi\u00f3n del gas en quemadores mediante la medici\u00f3n de la presi\u00f3n de flujo de gas y la presi\u00f3n en reposo de gas tambi\u00e9n se ejecuta de forma r\u00e1pida y precisa, as\u00ed como la revisi\u00f3n de los filtros y la medici\u00f3n con tubo Pitot en el conducto de ventilaci\u00f3n. El sensor de presi\u00f3n diferencial independiente de la ubicaci\u00f3n garantiza resultados de medici\u00f3n fiables y altamente precisos. La App testo Smart para smartphones y tablets le brinda apoyo con estas funciones:<\/p>\n<div class=\"c2a-tabSection m-tabs\">\n<div id=\"tab-details\" class=\"large-12 column m-tab-pdp\">\n<div class=\"medium-8\">\n<article class=\"child-1 paragraph\">\n<ul>\n<li>Configuraci\u00f3n del analizador<\/li>\n<li>Visualizaci\u00f3n del historial gr\u00e1fico de los valores medidos<\/li>\n<li>Almacenamiento de los datos de medici\u00f3n<\/li>\n<li>Gesti\u00f3n de clientes y puntos de medici\u00f3n<\/li>\n<li>Documentaci\u00f3n in situ<\/li>\n<li>Env\u00edo del informe por correo electr\u00f3nico<\/li>\n<\/ul>\n<\/article>\n<h3>Volumen de suministro<\/h3>\n<article class=\"child-2 paragraph\">\n<ul>\n<li>testo 512-1 \u2013 Man\u00f3metro diferencial con conexi\u00f3n a la App, rango de medici\u00f3n 0 &#8230; 200 hPa, alarma ac\u00fastica<\/li>\n<li>Bolsa de transporte<\/li>\n<li>Tubo flexible de conexi\u00f3n hecho de silicona<\/li>\n<li>Protocolo de calibraci\u00f3n<\/li>\n<li>3 pilas AA<\/li>\n<\/ul>\n<\/article>\n<\/div>\n<div class=\"medium-4\">\n<div class=\"m-cert large-12 column\"><\/div>\n<\/div>\n<\/div>\n<\/div>\n<div class=\"c2a-tabSection m-tabs\">\n<div id=\"tab-technicalData\" class=\"large-12 column m-data-tab\">\n<h2>Datos t\u00e9cnicos<\/h2>\n<table>\n<colgroup>\n<col class=\"colWidth25\" \/>\n<col \/><\/colgroup>\n<thead>\n<tr>\n<th colspan=\"2\">Datos t\u00e9cnicos generales<\/th>\n<\/tr>\n<\/thead>\n<tbody>\n<tr>\n<td class=\"table-bold\">Medidas<\/td>\n<td>146 X 60 X 28 mm<\/td>\n<\/tr>\n<tr>\n<td class=\"table-bold\">Temperatura de funcionamiento<\/td>\n<td>-20 hasta +50 \u00baC<\/td>\n<\/tr>\n<tr>\n<td class=\"table-bold\">Material de la carcasa \/ del producto<\/td>\n<td>ABS + PC \/ TPE<\/td>\n<\/tr>\n<tr>\n<td class=\"table-bold\">Clase de protecci\u00f3n<\/td>\n<td>IP40<\/td>\n<\/tr>\n<tr>\n<td class=\"table-bold\">Autonom\u00eda<\/td>\n<td>120 h<\/td>\n<\/tr>\n<tr>\n<td class=\"table-bold\">Tipo de bater\u00eda<\/td>\n<td>3x AA<\/td>\n<\/tr>\n<tr>\n<td class=\"table-bold\">Temperatura de almacenamiento<\/td>\n<td>-20 hasta +50 \u00baC<\/td>\n<\/tr>\n<tr>\n<td class=\"table-bold\">Peso<\/td>\n<td>190,0 g<\/td>\n<\/tr>\n<\/tbody>\n<\/table>\n<table>\n<colgroup>\n<col class=\"colWidth25\" \/>\n<col \/><\/colgroup>\n<thead>\n<tr>\n<th colspan=\"2\">Presi\u00f3n diferencial &#8211; piezoresistiva<\/th>\n<\/tr>\n<\/thead>\n<tbody>\n<tr>\n<td class=\"table-bold\">Sobrecarga<\/td>\n<td>\u00b1500 hPa<\/td>\n<\/tr>\n<tr>\n<td class=\"table-bold\">Rango<\/td>\n<td>0 hasta +200 hPa<\/td>\n<\/tr>\n<tr>\n<td class=\"table-bold\">Exactitud<\/td>\n<td>\u00b1(0,3 Pa + 1 % del v.m.)\u00b1 1 d\u00edgito (0 hasta 25 hPa)<\/p>\n<p>\u00b1(0,1 hPa + 1,5 % del v.m.)\u00b1 1 d\u00edgito (25,001 hasta 200 hPa)<\/td>\n<\/tr>\n<tr>\n<td class=\"table-bold\">Resoluci\u00f3n<\/td>\n<td>0,001 hPa (0 hasta + 2 hPa)<\/p>\n<p>0,01 hPa (2,01 hasta + 20 hPa)<\/p>\n<p>0,10 hPa (20,1 hasta + 200 hPa)<\/td>\n<\/tr>\n<\/tbody>\n<\/table>\n<\/div>\n<\/div>\n<div class=\"m-list\">\n<ul class=\"list-elements\">\n<li>Medici\u00f3n de la presi\u00f3n diferencial sencilla, r\u00e1pida y precisa (0\u2026200 hPa) para la revisi\u00f3n de filtros y para la medici\u00f3n con tubo Pitot en el conducto de ventilaci\u00f3n<\/li>\n<li>Resultados de medici\u00f3n fiables mediante un sensor de presi\u00f3n diferencial independiente de la ubicaci\u00f3n de gran exactitud<\/li>\n<li>Configuraci\u00f3n (de canal) r\u00e1pida en la App, historial gr\u00e1fico, segunda pantalla y memoria de los datos de medici\u00f3n en la App testo Smart<\/li>\n<li>C\u00e1lculo del caudal en el analizador y la App<\/li>\n<\/ul>\n<\/div>\n<p class=\"text\">Con el compacto man\u00f3metro diferencial testo 512-1 (0\u2026200 hPa) tendr\u00e1 la soluci\u00f3n ideal para una medici\u00f3n sencilla, r\u00e1pida y precisa del flujo de gas y la presi\u00f3n en reposo de gas en sistemas de calefacci\u00f3n, para el control de filtros en sistemas de climatizaci\u00f3n y para la medici\u00f3n con tubo Pitot en el conducto de ventilaci\u00f3n. En este sentido, la App testo Smart le apoya con \u00fatiles funciones tales como la configuraci\u00f3n, la visualizaci\u00f3n (incluso como segunda pantalla) y el almacenamiento, as\u00ed como la documentaci\u00f3n de los valores medidos directamente en la App.<\/p>\n","protected":false},"excerpt":{"rendered":"<p>Medici\u00f3n de presi\u00f3n diferencial r\u00e1pida, sencilla y precisa: Para esto existe el analizador compacto testo 512-1 que mide presiones hasta de 200 hPa. En la pr\u00e1ctica convence por su flexibilidad y versatilidad de aplicaci\u00f3n. El control de la presi\u00f3n del gas en quemadores mediante la medici\u00f3n de la presi\u00f3n de flujo de gas y la presi\u00f3n en reposo de gas tambi\u00e9n se ejecuta de forma r\u00e1pida y precisa, as\u00ed como la revisi\u00f3n de los filtros y la medici\u00f3n con tubo Pitot en el conducto de ventilaci\u00f3n. El sensor de presi\u00f3n diferencial independiente de la ubicaci\u00f3n garantiza resultados de medici\u00f3n fiables y altamente precisos. La App testo Smart para smartphones y tablets le brinda apoyo con estas funciones:<\/p>\n","protected":false},"featured_media":1930,"comment_status":"open","ping_status":"closed","template":"","meta":{"_joinchat":[]},"product_brand":[],"product_cat":[15],"product_tag":[],"class_list":{"0":"post-1919","1":"product","2":"type-product","3":"status-publish","4":"has-post-thumbnail","6":"product_cat-sin-categorizar","8":"first","9":"instock","10":"shipping-taxable","11":"product-type-simple"},"yoast_head":"<!-- This site is optimized with the Yoast SEO plugin v26.4 - https:\/\/yoast.com\/wordpress\/plugins\/seo\/ -->\n<title>testo 512-1 - man\u00f3metro diferencial digital con conexi\u00f3n a la app - Abaa tienda online<\/title>\n<meta name=\"robots\" content=\"index, follow, max-snippet:-1, max-image-preview:large, max-video-preview:-1\" \/>\n<link rel=\"canonical\" href=\"https:\/\/abaa.mx\/tienda\/testo-512-1-manometro-diferencial-digital-con-conexion-a-la-app\/\" \/>\n<meta property=\"og:locale\" content=\"es_MX\" \/>\n<meta property=\"og:type\" content=\"article\" \/>\n<meta property=\"og:title\" content=\"testo 512-1 - man\u00f3metro diferencial digital con conexi\u00f3n a la app - Abaa tienda online\" \/>\n<meta property=\"og:description\" content=\"Medici\u00f3n de presi\u00f3n diferencial r\u00e1pida, sencilla y precisa: Para esto existe el analizador compacto testo 512-1 que mide presiones hasta de 200 hPa. En la pr\u00e1ctica convence por su flexibilidad y versatilidad de aplicaci\u00f3n. El control de la presi\u00f3n del gas en quemadores mediante la medici\u00f3n de la presi\u00f3n de flujo de gas y la presi\u00f3n en reposo de gas tambi\u00e9n se ejecuta de forma r\u00e1pida y precisa, as\u00ed como la revisi\u00f3n de los filtros y la medici\u00f3n con tubo Pitot en el conducto de ventilaci\u00f3n. El sensor de presi\u00f3n diferencial independiente de la ubicaci\u00f3n garantiza resultados de medici\u00f3n fiables y altamente precisos. La App testo Smart para smartphones y tablets le brinda apoyo con estas funciones:\" \/>\n<meta property=\"og:url\" content=\"https:\/\/abaa.mx\/tienda\/testo-512-1-manometro-diferencial-digital-con-conexion-a-la-app\/\" \/>\n<meta property=\"og:site_name\" content=\"Abaa tienda online\" \/>\n<meta property=\"og:image\" content=\"https:\/\/abaa.mx\/tienda\/wp-content\/uploads\/2023\/09\/testo-512-1.jpg\" \/>\n\t<meta property=\"og:image:width\" content=\"660\" \/>\n\t<meta property=\"og:image:height\" content=\"495\" \/>\n\t<meta property=\"og:image:type\" content=\"image\/jpeg\" \/>\n<meta name=\"twitter:card\" content=\"summary_large_image\" \/>\n<meta name=\"twitter:label1\" content=\"Tiempo de lectura\" \/>\n\t<meta name=\"twitter:data1\" content=\"3 minutos\" \/>\n<script type=\"application\/ld+json\" class=\"yoast-schema-graph\">{\"@context\":\"https:\/\/schema.org\",\"@graph\":[{\"@type\":\"WebPage\",\"@id\":\"https:\/\/abaa.mx\/tienda\/testo-512-1-manometro-diferencial-digital-con-conexion-a-la-app\/\",\"url\":\"https:\/\/abaa.mx\/tienda\/testo-512-1-manometro-diferencial-digital-con-conexion-a-la-app\/\",\"name\":\"testo 512-1 - man\u00f3metro diferencial digital con conexi\u00f3n a la app - Abaa tienda online\",\"isPartOf\":{\"@id\":\"https:\/\/abaa.mx\/tienda\/#website\"},\"primaryImageOfPage\":{\"@id\":\"https:\/\/abaa.mx\/tienda\/testo-512-1-manometro-diferencial-digital-con-conexion-a-la-app\/#primaryimage\"},\"image\":{\"@id\":\"https:\/\/abaa.mx\/tienda\/testo-512-1-manometro-diferencial-digital-con-conexion-a-la-app\/#primaryimage\"},\"thumbnailUrl\":\"https:\/\/abaa.mx\/tienda\/wp-content\/uploads\/2023\/09\/testo-512-1.jpg\",\"datePublished\":\"2023-09-18T21:05:43+00:00\",\"breadcrumb\":{\"@id\":\"https:\/\/abaa.mx\/tienda\/testo-512-1-manometro-diferencial-digital-con-conexion-a-la-app\/#breadcrumb\"},\"inLanguage\":\"es\",\"potentialAction\":[{\"@type\":\"ReadAction\",\"target\":[\"https:\/\/abaa.mx\/tienda\/testo-512-1-manometro-diferencial-digital-con-conexion-a-la-app\/\"]}]},{\"@type\":\"ImageObject\",\"inLanguage\":\"es\",\"@id\":\"https:\/\/abaa.mx\/tienda\/testo-512-1-manometro-diferencial-digital-con-conexion-a-la-app\/#primaryimage\",\"url\":\"https:\/\/abaa.mx\/tienda\/wp-content\/uploads\/2023\/09\/testo-512-1.jpg\",\"contentUrl\":\"https:\/\/abaa.mx\/tienda\/wp-content\/uploads\/2023\/09\/testo-512-1.jpg\",\"width\":660,\"height\":495,\"caption\":\"testo 512-1\"},{\"@type\":\"BreadcrumbList\",\"@id\":\"https:\/\/abaa.mx\/tienda\/testo-512-1-manometro-diferencial-digital-con-conexion-a-la-app\/#breadcrumb\",\"itemListElement\":[{\"@type\":\"ListItem\",\"position\":1,\"name\":\"Inicio\",\"item\":\"https:\/\/abaa.mx\/tienda\/\"},{\"@type\":\"ListItem\",\"position\":2,\"name\":\"Tienda\",\"item\":\"https:\/\/abaa.mx\/tienda\/\"},{\"@type\":\"ListItem\",\"position\":3,\"name\":\"testo 512-1 &#8211; man\u00f3metro diferencial digital con conexi\u00f3n a la app\"}]},{\"@type\":\"WebSite\",\"@id\":\"https:\/\/abaa.mx\/tienda\/#website\",\"url\":\"https:\/\/abaa.mx\/tienda\/\",\"name\":\"Abaa tienda online\",\"description\":\"Instrumentos de medici\u00f3n\",\"publisher\":{\"@id\":\"https:\/\/abaa.mx\/tienda\/#organization\"},\"potentialAction\":[{\"@type\":\"SearchAction\",\"target\":{\"@type\":\"EntryPoint\",\"urlTemplate\":\"https:\/\/abaa.mx\/tienda\/?s={search_term_string}\"},\"query-input\":{\"@type\":\"PropertyValueSpecification\",\"valueRequired\":true,\"valueName\":\"search_term_string\"}}],\"inLanguage\":\"es\"},{\"@type\":\"Organization\",\"@id\":\"https:\/\/abaa.mx\/tienda\/#organization\",\"name\":\"Abaa tienda online\",\"url\":\"https:\/\/abaa.mx\/tienda\/\",\"logo\":{\"@type\":\"ImageObject\",\"inLanguage\":\"es\",\"@id\":\"https:\/\/abaa.mx\/tienda\/#\/schema\/logo\/image\/\",\"url\":\"https:\/\/abaa.mx\/tienda\/wp-content\/uploads\/2024\/01\/abaa-metrologia-tienda.png\",\"contentUrl\":\"https:\/\/abaa.mx\/tienda\/wp-content\/uploads\/2024\/01\/abaa-metrologia-tienda.png\",\"width\":300,\"height\":141,\"caption\":\"Abaa tienda online\"},\"image\":{\"@id\":\"https:\/\/abaa.mx\/tienda\/#\/schema\/logo\/image\/\"}}]}<\/script>\n<!-- \/ Yoast SEO plugin. -->","yoast_head_json":{"title":"testo 512-1 - man\u00f3metro diferencial digital con conexi\u00f3n a la app - Abaa tienda online","robots":{"index":"index","follow":"follow","max-snippet":"max-snippet:-1","max-image-preview":"max-image-preview:large","max-video-preview":"max-video-preview:-1"},"canonical":"https:\/\/abaa.mx\/tienda\/testo-512-1-manometro-diferencial-digital-con-conexion-a-la-app\/","og_locale":"es_MX","og_type":"article","og_title":"testo 512-1 - man\u00f3metro diferencial digital con conexi\u00f3n a la app - Abaa tienda online","og_description":"Medici\u00f3n de presi\u00f3n diferencial r\u00e1pida, sencilla y precisa: Para esto existe el analizador compacto testo 512-1 que mide presiones hasta de 200 hPa. En la pr\u00e1ctica convence por su flexibilidad y versatilidad de aplicaci\u00f3n. El control de la presi\u00f3n del gas en quemadores mediante la medici\u00f3n de la presi\u00f3n de flujo de gas y la presi\u00f3n en reposo de gas tambi\u00e9n se ejecuta de forma r\u00e1pida y precisa, as\u00ed como la revisi\u00f3n de los filtros y la medici\u00f3n con tubo Pitot en el conducto de ventilaci\u00f3n. El sensor de presi\u00f3n diferencial independiente de la ubicaci\u00f3n garantiza resultados de medici\u00f3n fiables y altamente precisos. La App testo Smart para smartphones y tablets le brinda apoyo con estas funciones:","og_url":"https:\/\/abaa.mx\/tienda\/testo-512-1-manometro-diferencial-digital-con-conexion-a-la-app\/","og_site_name":"Abaa tienda online","og_image":[{"width":660,"height":495,"url":"https:\/\/abaa.mx\/tienda\/wp-content\/uploads\/2023\/09\/testo-512-1.jpg","type":"image\/jpeg"}],"twitter_card":"summary_large_image","twitter_misc":{"Tiempo de lectura":"3 minutos"},"schema":{"@context":"https:\/\/schema.org","@graph":[{"@type":"WebPage","@id":"https:\/\/abaa.mx\/tienda\/testo-512-1-manometro-diferencial-digital-con-conexion-a-la-app\/","url":"https:\/\/abaa.mx\/tienda\/testo-512-1-manometro-diferencial-digital-con-conexion-a-la-app\/","name":"testo 512-1 - man\u00f3metro diferencial digital con conexi\u00f3n a la app - Abaa tienda online","isPartOf":{"@id":"https:\/\/abaa.mx\/tienda\/#website"},"primaryImageOfPage":{"@id":"https:\/\/abaa.mx\/tienda\/testo-512-1-manometro-diferencial-digital-con-conexion-a-la-app\/#primaryimage"},"image":{"@id":"https:\/\/abaa.mx\/tienda\/testo-512-1-manometro-diferencial-digital-con-conexion-a-la-app\/#primaryimage"},"thumbnailUrl":"https:\/\/abaa.mx\/tienda\/wp-content\/uploads\/2023\/09\/testo-512-1.jpg","datePublished":"2023-09-18T21:05:43+00:00","breadcrumb":{"@id":"https:\/\/abaa.mx\/tienda\/testo-512-1-manometro-diferencial-digital-con-conexion-a-la-app\/#breadcrumb"},"inLanguage":"es","potentialAction":[{"@type":"ReadAction","target":["https:\/\/abaa.mx\/tienda\/testo-512-1-manometro-diferencial-digital-con-conexion-a-la-app\/"]}]},{"@type":"ImageObject","inLanguage":"es","@id":"https:\/\/abaa.mx\/tienda\/testo-512-1-manometro-diferencial-digital-con-conexion-a-la-app\/#primaryimage","url":"https:\/\/abaa.mx\/tienda\/wp-content\/uploads\/2023\/09\/testo-512-1.jpg","contentUrl":"https:\/\/abaa.mx\/tienda\/wp-content\/uploads\/2023\/09\/testo-512-1.jpg","width":660,"height":495,"caption":"testo 512-1"},{"@type":"BreadcrumbList","@id":"https:\/\/abaa.mx\/tienda\/testo-512-1-manometro-diferencial-digital-con-conexion-a-la-app\/#breadcrumb","itemListElement":[{"@type":"ListItem","position":1,"name":"Inicio","item":"https:\/\/abaa.mx\/tienda\/"},{"@type":"ListItem","position":2,"name":"Tienda","item":"https:\/\/abaa.mx\/tienda\/"},{"@type":"ListItem","position":3,"name":"testo 512-1 &#8211; man\u00f3metro diferencial digital con conexi\u00f3n a la app"}]},{"@type":"WebSite","@id":"https:\/\/abaa.mx\/tienda\/#website","url":"https:\/\/abaa.mx\/tienda\/","name":"Abaa tienda online","description":"Instrumentos de medici\u00f3n","publisher":{"@id":"https:\/\/abaa.mx\/tienda\/#organization"},"potentialAction":[{"@type":"SearchAction","target":{"@type":"EntryPoint","urlTemplate":"https:\/\/abaa.mx\/tienda\/?s={search_term_string}"},"query-input":{"@type":"PropertyValueSpecification","valueRequired":true,"valueName":"search_term_string"}}],"inLanguage":"es"},{"@type":"Organization","@id":"https:\/\/abaa.mx\/tienda\/#organization","name":"Abaa tienda online","url":"https:\/\/abaa.mx\/tienda\/","logo":{"@type":"ImageObject","inLanguage":"es","@id":"https:\/\/abaa.mx\/tienda\/#\/schema\/logo\/image\/","url":"https:\/\/abaa.mx\/tienda\/wp-content\/uploads\/2024\/01\/abaa-metrologia-tienda.png","contentUrl":"https:\/\/abaa.mx\/tienda\/wp-content\/uploads\/2024\/01\/abaa-metrologia-tienda.png","width":300,"height":141,"caption":"Abaa tienda online"},"image":{"@id":"https:\/\/abaa.mx\/tienda\/#\/schema\/logo\/image\/"}}]}},"_links":{"self":[{"href":"https:\/\/abaa.mx\/tienda\/wp-json\/wp\/v2\/product\/1919","targetHints":{"allow":["GET"]}}],"collection":[{"href":"https:\/\/abaa.mx\/tienda\/wp-json\/wp\/v2\/product"}],"about":[{"href":"https:\/\/abaa.mx\/tienda\/wp-json\/wp\/v2\/types\/product"}],"replies":[{"embeddable":true,"href":"https:\/\/abaa.mx\/tienda\/wp-json\/wp\/v2\/comments?post=1919"}],"wp:featuredmedia":[{"embeddable":true,"href":"https:\/\/abaa.mx\/tienda\/wp-json\/wp\/v2\/media\/1930"}],"wp:attachment":[{"href":"https:\/\/abaa.mx\/tienda\/wp-json\/wp\/v2\/media?parent=1919"}],"wp:term":[{"taxonomy":"product_brand","embeddable":true,"href":"https:\/\/abaa.mx\/tienda\/wp-json\/wp\/v2\/product_brand?post=1919"},{"taxonomy":"product_cat","embeddable":true,"href":"https:\/\/abaa.mx\/tienda\/wp-json\/wp\/v2\/product_cat?post=1919"},{"taxonomy":"product_tag","embeddable":true,"href":"https:\/\/abaa.mx\/tienda\/wp-json\/wp\/v2\/product_tag?post=1919"}],"curies":[{"name":"wp","href":"https:\/\/api.w.org\/{rel}","templated":true}]}}