{"id":1916,"date":"2023-09-18T20:32:16","date_gmt":"2023-09-18T20:32:16","guid":{"rendered":"https:\/\/abaa.mx\/tienda\/?post_type=product&#038;p=1916"},"modified":"2023-09-18T20:32:17","modified_gmt":"2023-09-18T20:32:17","slug":"termometro-infrarrojo-unit-ut306s","status":"publish","type":"product","link":"https:\/\/abaa.mx\/tienda\/termometro-infrarrojo-unit-ut306s\/","title":{"rendered":"Termometro infrarrojo UNIT UT306S\u00a0"},"content":{"rendered":"<h1>Term\u00f3metro<strong>\u00a0infrarrojo UNIT UT306S\u00a0<\/strong><\/h1>\n<div id=\"productDescription\" class=\"a-section a-spacing-small\">\n<p>El UT306S es robusto y f\u00e1cil de usar. Los usuarios pueden medir la temperatura de la superficie sin contactar con el objeto. Esta serie de productos se puede utilizar en varios campos como industria alimentaria, mantenimiento de m\u00e1quinas, trabajo de metal, almacenamiento en fr\u00edo y otros campos industriales.<\/p>\n<h3>Caracter\u00edsticas<\/h3>\n<p>1. Amplio rango de temperatura: -50 \u2103 ~ 500 \u2103.<\/p>\n<p>2. Nivel de seguridad l\u00e1ser: Clase 2.<\/p>\n<p>3. Alarma de alta y baja temperatura.<\/p>\n<p>Opciones de 4.\u2103\/\u2109<\/p>\n<p>5. Apagado autom\u00e1tico<\/p>\n<p>6. Indicaci\u00f3n de bater\u00eda baja.<\/p>\n<p>7. Punto l\u00e1ser: l\u00e1ser \u00fanico.<\/p>\n<p>Nota: bater\u00eda no incluida.<\/p>\n<p>&nbsp;<\/p>\n<\/div>\n<p>&nbsp;<\/p>\n","protected":false},"excerpt":{"rendered":"<div id=\"productDescription\" class=\"a-section a-spacing-small\">\n<h3>Caracter\u00edsticas.<\/h3>\n<p>1. Amplio rango de temperatura: -50 \u2103 ~ 500 \u2103.<\/p>\n<p>2. Nivel de seguridad l\u00e1ser: Clase 2.<\/p>\n<p>3. Alarma de alta y baja temperatura.<\/p>\n<p>4. Opciones de 4.\u2103\/\u2109<\/p>\n<p>5. Apagado autom\u00e1tico<\/p>\n<p>6. Indicaci\u00f3n de bater\u00eda baja.<\/p>\n<p>7. Punto l\u00e1ser: l\u00e1ser \u00fanico.<\/p>\n<p>Nota: bater\u00eda no incluida.<\/p>\n<\/div>\n","protected":false},"featured_media":1920,"comment_status":"open","ping_status":"closed","template":"","meta":{"_joinchat":[]},"product_brand":[],"product_cat":[15],"product_tag":[],"class_list":{"0":"post-1916","1":"product","2":"type-product","3":"status-publish","4":"has-post-thumbnail","6":"product_cat-sin-categorizar","8":"first","9":"instock","10":"shipping-taxable","11":"product-type-simple"},"yoast_head":"<!-- This site is optimized with the Yoast SEO plugin v26.4 - https:\/\/yoast.com\/wordpress\/plugins\/seo\/ -->\n<title>Termometro infrarrojo UNIT UT306S\u00a0 - Abaa tienda online<\/title>\n<meta name=\"robots\" content=\"index, follow, max-snippet:-1, max-image-preview:large, max-video-preview:-1\" \/>\n<link rel=\"canonical\" href=\"https:\/\/abaa.mx\/tienda\/termometro-infrarrojo-unit-ut306s\/\" \/>\n<meta property=\"og:locale\" content=\"es_MX\" \/>\n<meta property=\"og:type\" content=\"article\" \/>\n<meta property=\"og:title\" content=\"Termometro infrarrojo UNIT UT306S\u00a0 - Abaa tienda online\" \/>\n<meta property=\"og:description\" content=\"Caracter\u00edsticas. 1. Amplio rango de temperatura: -50 \u2103 ~ 500 \u2103.  2. Nivel de seguridad l\u00e1ser: Clase 2.  3. Alarma de alta y baja temperatura.  4. Opciones de 4.\u2103\/\u2109  5. Apagado autom\u00e1tico  6. Indicaci\u00f3n de bater\u00eda baja.  7. Punto l\u00e1ser: l\u00e1ser \u00fanico.  Nota: bater\u00eda no incluida.\" \/>\n<meta property=\"og:url\" content=\"https:\/\/abaa.mx\/tienda\/termometro-infrarrojo-unit-ut306s\/\" \/>\n<meta property=\"og:site_name\" content=\"Abaa tienda online\" \/>\n<meta property=\"article:modified_time\" content=\"2023-09-18T20:32:17+00:00\" \/>\n<meta property=\"og:image\" content=\"https:\/\/abaa.mx\/tienda\/wp-content\/uploads\/2023\/09\/UT306S.jpg\" \/>\n\t<meta property=\"og:image:width\" content=\"522\" \/>\n\t<meta property=\"og:image:height\" content=\"522\" \/>\n\t<meta property=\"og:image:type\" content=\"image\/jpeg\" \/>\n<meta name=\"twitter:card\" content=\"summary_large_image\" \/>\n<meta name=\"twitter:label1\" content=\"Tiempo de lectura\" \/>\n\t<meta name=\"twitter:data1\" content=\"1 minuto\" \/>\n<script type=\"application\/ld+json\" class=\"yoast-schema-graph\">{\"@context\":\"https:\/\/schema.org\",\"@graph\":[{\"@type\":\"WebPage\",\"@id\":\"https:\/\/abaa.mx\/tienda\/termometro-infrarrojo-unit-ut306s\/\",\"url\":\"https:\/\/abaa.mx\/tienda\/termometro-infrarrojo-unit-ut306s\/\",\"name\":\"Termometro infrarrojo UNIT UT306S\u00a0 - Abaa tienda online\",\"isPartOf\":{\"@id\":\"https:\/\/abaa.mx\/tienda\/#website\"},\"primaryImageOfPage\":{\"@id\":\"https:\/\/abaa.mx\/tienda\/termometro-infrarrojo-unit-ut306s\/#primaryimage\"},\"image\":{\"@id\":\"https:\/\/abaa.mx\/tienda\/termometro-infrarrojo-unit-ut306s\/#primaryimage\"},\"thumbnailUrl\":\"https:\/\/abaa.mx\/tienda\/wp-content\/uploads\/2023\/09\/UT306S.jpg\",\"datePublished\":\"2023-09-18T20:32:16+00:00\",\"dateModified\":\"2023-09-18T20:32:17+00:00\",\"breadcrumb\":{\"@id\":\"https:\/\/abaa.mx\/tienda\/termometro-infrarrojo-unit-ut306s\/#breadcrumb\"},\"inLanguage\":\"es\",\"potentialAction\":[{\"@type\":\"ReadAction\",\"target\":[\"https:\/\/abaa.mx\/tienda\/termometro-infrarrojo-unit-ut306s\/\"]}]},{\"@type\":\"ImageObject\",\"inLanguage\":\"es\",\"@id\":\"https:\/\/abaa.mx\/tienda\/termometro-infrarrojo-unit-ut306s\/#primaryimage\",\"url\":\"https:\/\/abaa.mx\/tienda\/wp-content\/uploads\/2023\/09\/UT306S.jpg\",\"contentUrl\":\"https:\/\/abaa.mx\/tienda\/wp-content\/uploads\/2023\/09\/UT306S.jpg\",\"width\":522,\"height\":522,\"caption\":\"termometro-infrarrojo-unit-ut306s\"},{\"@type\":\"BreadcrumbList\",\"@id\":\"https:\/\/abaa.mx\/tienda\/termometro-infrarrojo-unit-ut306s\/#breadcrumb\",\"itemListElement\":[{\"@type\":\"ListItem\",\"position\":1,\"name\":\"Inicio\",\"item\":\"https:\/\/abaa.mx\/tienda\/\"},{\"@type\":\"ListItem\",\"position\":2,\"name\":\"Tienda\",\"item\":\"https:\/\/abaa.mx\/tienda\/\"},{\"@type\":\"ListItem\",\"position\":3,\"name\":\"Termometro infrarrojo UNIT UT306S\u00a0\"}]},{\"@type\":\"WebSite\",\"@id\":\"https:\/\/abaa.mx\/tienda\/#website\",\"url\":\"https:\/\/abaa.mx\/tienda\/\",\"name\":\"Abaa tienda online\",\"description\":\"Instrumentos de medici\u00f3n\",\"publisher\":{\"@id\":\"https:\/\/abaa.mx\/tienda\/#organization\"},\"potentialAction\":[{\"@type\":\"SearchAction\",\"target\":{\"@type\":\"EntryPoint\",\"urlTemplate\":\"https:\/\/abaa.mx\/tienda\/?s={search_term_string}\"},\"query-input\":{\"@type\":\"PropertyValueSpecification\",\"valueRequired\":true,\"valueName\":\"search_term_string\"}}],\"inLanguage\":\"es\"},{\"@type\":\"Organization\",\"@id\":\"https:\/\/abaa.mx\/tienda\/#organization\",\"name\":\"Abaa tienda online\",\"url\":\"https:\/\/abaa.mx\/tienda\/\",\"logo\":{\"@type\":\"ImageObject\",\"inLanguage\":\"es\",\"@id\":\"https:\/\/abaa.mx\/tienda\/#\/schema\/logo\/image\/\",\"url\":\"https:\/\/abaa.mx\/tienda\/wp-content\/uploads\/2024\/01\/abaa-metrologia-tienda.png\",\"contentUrl\":\"https:\/\/abaa.mx\/tienda\/wp-content\/uploads\/2024\/01\/abaa-metrologia-tienda.png\",\"width\":300,\"height\":141,\"caption\":\"Abaa tienda online\"},\"image\":{\"@id\":\"https:\/\/abaa.mx\/tienda\/#\/schema\/logo\/image\/\"}}]}<\/script>\n<!-- \/ Yoast SEO plugin. -->","yoast_head_json":{"title":"Termometro infrarrojo UNIT UT306S\u00a0 - Abaa tienda online","robots":{"index":"index","follow":"follow","max-snippet":"max-snippet:-1","max-image-preview":"max-image-preview:large","max-video-preview":"max-video-preview:-1"},"canonical":"https:\/\/abaa.mx\/tienda\/termometro-infrarrojo-unit-ut306s\/","og_locale":"es_MX","og_type":"article","og_title":"Termometro infrarrojo UNIT UT306S\u00a0 - Abaa tienda online","og_description":"Caracter\u00edsticas. 1. Amplio rango de temperatura: -50 \u2103 ~ 500 \u2103.  2. Nivel de seguridad l\u00e1ser: Clase 2.  3. Alarma de alta y baja temperatura.  4. Opciones de 4.\u2103\/\u2109  5. Apagado autom\u00e1tico  6. Indicaci\u00f3n de bater\u00eda baja.  7. Punto l\u00e1ser: l\u00e1ser \u00fanico.  Nota: bater\u00eda no incluida.","og_url":"https:\/\/abaa.mx\/tienda\/termometro-infrarrojo-unit-ut306s\/","og_site_name":"Abaa tienda online","article_modified_time":"2023-09-18T20:32:17+00:00","og_image":[{"width":522,"height":522,"url":"https:\/\/abaa.mx\/tienda\/wp-content\/uploads\/2023\/09\/UT306S.jpg","type":"image\/jpeg"}],"twitter_card":"summary_large_image","twitter_misc":{"Tiempo de lectura":"1 minuto"},"schema":{"@context":"https:\/\/schema.org","@graph":[{"@type":"WebPage","@id":"https:\/\/abaa.mx\/tienda\/termometro-infrarrojo-unit-ut306s\/","url":"https:\/\/abaa.mx\/tienda\/termometro-infrarrojo-unit-ut306s\/","name":"Termometro infrarrojo UNIT UT306S\u00a0 - Abaa tienda online","isPartOf":{"@id":"https:\/\/abaa.mx\/tienda\/#website"},"primaryImageOfPage":{"@id":"https:\/\/abaa.mx\/tienda\/termometro-infrarrojo-unit-ut306s\/#primaryimage"},"image":{"@id":"https:\/\/abaa.mx\/tienda\/termometro-infrarrojo-unit-ut306s\/#primaryimage"},"thumbnailUrl":"https:\/\/abaa.mx\/tienda\/wp-content\/uploads\/2023\/09\/UT306S.jpg","datePublished":"2023-09-18T20:32:16+00:00","dateModified":"2023-09-18T20:32:17+00:00","breadcrumb":{"@id":"https:\/\/abaa.mx\/tienda\/termometro-infrarrojo-unit-ut306s\/#breadcrumb"},"inLanguage":"es","potentialAction":[{"@type":"ReadAction","target":["https:\/\/abaa.mx\/tienda\/termometro-infrarrojo-unit-ut306s\/"]}]},{"@type":"ImageObject","inLanguage":"es","@id":"https:\/\/abaa.mx\/tienda\/termometro-infrarrojo-unit-ut306s\/#primaryimage","url":"https:\/\/abaa.mx\/tienda\/wp-content\/uploads\/2023\/09\/UT306S.jpg","contentUrl":"https:\/\/abaa.mx\/tienda\/wp-content\/uploads\/2023\/09\/UT306S.jpg","width":522,"height":522,"caption":"termometro-infrarrojo-unit-ut306s"},{"@type":"BreadcrumbList","@id":"https:\/\/abaa.mx\/tienda\/termometro-infrarrojo-unit-ut306s\/#breadcrumb","itemListElement":[{"@type":"ListItem","position":1,"name":"Inicio","item":"https:\/\/abaa.mx\/tienda\/"},{"@type":"ListItem","position":2,"name":"Tienda","item":"https:\/\/abaa.mx\/tienda\/"},{"@type":"ListItem","position":3,"name":"Termometro infrarrojo UNIT UT306S\u00a0"}]},{"@type":"WebSite","@id":"https:\/\/abaa.mx\/tienda\/#website","url":"https:\/\/abaa.mx\/tienda\/","name":"Abaa tienda online","description":"Instrumentos de medici\u00f3n","publisher":{"@id":"https:\/\/abaa.mx\/tienda\/#organization"},"potentialAction":[{"@type":"SearchAction","target":{"@type":"EntryPoint","urlTemplate":"https:\/\/abaa.mx\/tienda\/?s={search_term_string}"},"query-input":{"@type":"PropertyValueSpecification","valueRequired":true,"valueName":"search_term_string"}}],"inLanguage":"es"},{"@type":"Organization","@id":"https:\/\/abaa.mx\/tienda\/#organization","name":"Abaa tienda online","url":"https:\/\/abaa.mx\/tienda\/","logo":{"@type":"ImageObject","inLanguage":"es","@id":"https:\/\/abaa.mx\/tienda\/#\/schema\/logo\/image\/","url":"https:\/\/abaa.mx\/tienda\/wp-content\/uploads\/2024\/01\/abaa-metrologia-tienda.png","contentUrl":"https:\/\/abaa.mx\/tienda\/wp-content\/uploads\/2024\/01\/abaa-metrologia-tienda.png","width":300,"height":141,"caption":"Abaa tienda online"},"image":{"@id":"https:\/\/abaa.mx\/tienda\/#\/schema\/logo\/image\/"}}]}},"_links":{"self":[{"href":"https:\/\/abaa.mx\/tienda\/wp-json\/wp\/v2\/product\/1916","targetHints":{"allow":["GET"]}}],"collection":[{"href":"https:\/\/abaa.mx\/tienda\/wp-json\/wp\/v2\/product"}],"about":[{"href":"https:\/\/abaa.mx\/tienda\/wp-json\/wp\/v2\/types\/product"}],"replies":[{"embeddable":true,"href":"https:\/\/abaa.mx\/tienda\/wp-json\/wp\/v2\/comments?post=1916"}],"wp:featuredmedia":[{"embeddable":true,"href":"https:\/\/abaa.mx\/tienda\/wp-json\/wp\/v2\/media\/1920"}],"wp:attachment":[{"href":"https:\/\/abaa.mx\/tienda\/wp-json\/wp\/v2\/media?parent=1916"}],"wp:term":[{"taxonomy":"product_brand","embeddable":true,"href":"https:\/\/abaa.mx\/tienda\/wp-json\/wp\/v2\/product_brand?post=1916"},{"taxonomy":"product_cat","embeddable":true,"href":"https:\/\/abaa.mx\/tienda\/wp-json\/wp\/v2\/product_cat?post=1916"},{"taxonomy":"product_tag","embeddable":true,"href":"https:\/\/abaa.mx\/tienda\/wp-json\/wp\/v2\/product_tag?post=1916"}],"curies":[{"name":"wp","href":"https:\/\/api.w.org\/{rel}","templated":true}]}}