{"id":1914,"date":"2023-09-18T20:29:09","date_gmt":"2023-09-18T20:29:09","guid":{"rendered":"https:\/\/abaa.mx\/tienda\/?post_type=product&#038;p=1914"},"modified":"2023-09-18T20:29:10","modified_gmt":"2023-09-18T20:29:10","slug":"testo-405-anemometro-termico","status":"publish","type":"product","link":"https:\/\/abaa.mx\/tienda\/testo-405-anemometro-termico\/","title":{"rendered":"testo 405 &#8211; anem\u00f3metro t\u00e9rmico"},"content":{"rendered":"<p>Si usted es un t\u00e9cnico de HVAC y tiene que realizar mediciones de control r\u00e1pidas en los conductos de ventilaci\u00f3n o en recintos, en su equipo no debe faltar nuestro anem\u00f3metro t\u00e9rmico testo 405. El anem\u00f3metro tiene un telescopio montado permanentemente y permite la medici\u00f3n de la velocidad del aire, caudal volum\u00e9trico y temperatura ambiente. El rango de medici\u00f3n para el flujo se sit\u00faa entre 0\u202610 m\/s, los caudales volum\u00e9tricos se calculan hasta 99\u202f990 m3\/h.<\/p>\n<p>Gracias al telescopio extensible (hasta 300 mm), el anem\u00f3metro t\u00e9rmico es particularmente adecuado para las mediciones de velocidad en el canal de ventilaci\u00f3n. La pantalla retroiluminada puede girarse en diferentes posiciones para permitir una lectura \u00f3ptima de los valores medidos. Una ventaja pr\u00e1ctica importante es el soporte para conducto (incluido) con el cual el telescopio se puede colocar de forma \u00f3ptima en el canal de ventilaci\u00f3n y lograr, as\u00ed, resultados precisos.<\/p>\n<p>Como el anem\u00f3metro t\u00e9rmico testo 405 realiza mediciones particularmente precisas en el rango entre 0 y 2 m\/s, se puede utilizar en recintos para medir la velocidad del aire. Con el anem\u00f3metro t\u00e9rmico se pueden localizar y medir con precisi\u00f3n las bajas velocidades del aire en ventanas con fugas.<\/p>\n<p>Protecci\u00f3n del sensor integrada: cuando no utilice el anem\u00f3metro t\u00e9rmico testo 405, la tapa de protecci\u00f3n giratoria protege el sensor contra golpes y suciedad.<\/p>\n<div class=\"m-list\">\n<ul class=\"list-elements\">\n<li>Medici\u00f3n de la velocidad del aire, caudal volum\u00e9trico y temperatura ambiente<\/li>\n<li>Para las mediciones en conductos de ventilaci\u00f3n y en recintos<\/li>\n<li>Particularmente preciso en el rango entre 0 y 2 m\/s<\/li>\n<li>Telescopio extensible hasta 300 mm<\/li>\n<\/ul>\n<\/div>\n<p class=\"text\">Con el anem\u00f3metro t\u00e9rmico testo 405 medir\u00e1 la velocidad del aire, el caudal volum\u00e9trico y la temperatura ambiente. Es adecuado para mediciones de control r\u00e1pidas en los conductos de ventilaci\u00f3n y para la medici\u00f3n de la velocidad del aire en zonas como ventanas con fugas.<\/p>\n<h2>Datos t\u00e9cnicos<\/h2>\n<table>\n<colgroup>\n<col class=\"colWidth25\" \/>\n<col \/><\/colgroup>\n<thead>\n<tr>\n<th colspan=\"2\">Datos t\u00e9cnicos generales<\/th>\n<\/tr>\n<\/thead>\n<tbody>\n<tr>\n<td class=\"table-bold\">Peso<\/td>\n<td>115 g (con pilas, sin embalaje)<\/td>\n<\/tr>\n<tr>\n<td class=\"table-bold\">Medidas<\/td>\n<td>490 X 37 X 36 mm<\/td>\n<\/tr>\n<tr>\n<td class=\"table-bold\">Temperatura de funcionamiento<\/td>\n<td>0 hasta +50 \u00baC<\/td>\n<\/tr>\n<tr>\n<td class=\"table-bold\">Tipo de bater\u00eda<\/td>\n<td>3 pilas AAA<\/td>\n<\/tr>\n<tr>\n<td class=\"table-bold\">Autonom\u00eda<\/td>\n<td>20 h aprox.<\/td>\n<\/tr>\n<tr>\n<td class=\"table-bold\">Tipo de pantalla<\/td>\n<td>LCD (Liquid Crystal Display)<\/td>\n<\/tr>\n<tr>\n<td class=\"table-bold\">Longitud del tubo de la sonda<\/td>\n<td>300 mm<\/td>\n<\/tr>\n<tr>\n<td class=\"table-bold\">Di\u00e1metro tubo de la sonda<\/td>\n<td>16 mm<\/td>\n<\/tr>\n<tr>\n<td class=\"table-bold\">Di\u00e1metro punta del tubo de la sonda<\/td>\n<td>12 mm<\/td>\n<\/tr>\n<tr>\n<td class=\"table-bold\">Temperatura de almacenamiento<\/td>\n<td>-20 hasta +70 \u00baC<\/td>\n<\/tr>\n<\/tbody>\n<\/table>\n<table>\n<colgroup>\n<col class=\"colWidth25\" \/>\n<col \/><\/colgroup>\n<thead>\n<tr>\n<th colspan=\"2\">NTC<\/th>\n<\/tr>\n<\/thead>\n<tbody>\n<tr>\n<td class=\"table-bold\">Rango<\/td>\n<td>-20 hasta +50 \u00baC<\/td>\n<\/tr>\n<tr>\n<td class=\"table-bold\">Exactitud<\/td>\n<td>\u00b10,5 \u00baC<\/td>\n<\/tr>\n<tr>\n<td class=\"table-bold\">Resoluci\u00f3n<\/td>\n<td>0,1 \u00baC<\/td>\n<\/tr>\n<\/tbody>\n<\/table>\n<table>\n<colgroup>\n<col class=\"colWidth25\" \/>\n<col \/><\/colgroup>\n<thead>\n<tr>\n<th colspan=\"2\">Velocidad &#8211; Anem\u00f3metro t\u00e9rmico<\/th>\n<\/tr>\n<\/thead>\n<tbody>\n<tr>\n<td class=\"table-bold\">Rango<\/td>\n<td>0 hasta 5 m\/s (-20 hasta 0 \u00baC)<\/p>\n<p>0 hasta 10 m\/s (0 hasta +50 \u00baC)<\/p>\n<p>0 hasta 99990 m\u00b3\/h<\/td>\n<\/tr>\n<tr>\n<td class=\"table-bold\">Exactitud<\/td>\n<td>\u00b1(0,1 m\/s + 5 % del v.m.) (0 hasta 2 m\/s)<\/p>\n<p>\u00b1(0,3 m\/s + 5 % del v.m.) (Resto rango)<\/td>\n<\/tr>\n<tr>\n<td class=\"table-bold\">Resoluci\u00f3n<\/td>\n<td>0,01 m\/s<\/td>\n<\/tr>\n<\/tbody>\n<\/table>\n<h2>Aplicaciones<\/h2>\n<div class=\"large-12\">\n<div class=\"medium-6\">\n<div class=\"m-paragraph\">\n<h2 class=\"s4 title\">Medici\u00f3n de la velocidad del aire interior<\/h2>\n<p>Para que los trabajadores se sientan c\u00f3modos en sus entornos de trabajo interiores, debe prevalecer el &#8220;confort t\u00e9rmico&#8221;. La norma EN 13779 describe esto como un estado que prevalece cuando las personas est\u00e1n satisfechas con la temperatura del aire, la humedad, el movimiento del aire y la radiaci\u00f3n t\u00e9rmica en una habitaci\u00f3n, y no requieren aire interior m\u00e1s caliente, m\u00e1s fr\u00edo, ni m\u00e1s seco o m\u00e1s h\u00famedo.<\/p>\n<p>El testo 405 es especialmente adecuado para medir la velocidad del caudal interior. Por lo tanto, las bajas velocidades del aire, como en las ventanas con corrientes de aire, se pueden localizar con precisi\u00f3n y medir con extrema precisi\u00f3n.<\/p>\n<\/div>\n<\/div>\n<div class=\"medium-6\">\n<div class=\"m-image\">\n<div class=\"image_tn start-gallery\"><\/div>\n<\/div>\n<\/div>\n<\/div>\n<div class=\"large-12\">\n<div class=\"medium-6\">\n<div class=\"m-paragraph\">\n<h2 class=\"s4 title\">Medici\u00f3n en conductos de ventilaci\u00f3n<\/h2>\n<p>La observancia de los flujos de aire en el conducto de ventilaci\u00f3n es de suma importancia para la funci\u00f3n del sistema de ventilaci\u00f3n y aire acondicionado. Si los flujos de aire son menores de lo previsto, es posible que no se garantice la eliminaci\u00f3n de las cargas de la sala (calefacci\u00f3n, refrigeraci\u00f3n y cargas de sustancias) en determinadas circunstancias. Por lo tanto, el registro m\u00e1s preciso posible de los flujos de aire es particularmente importante.<\/p>\n<p>Nuestro anem\u00f3metro t\u00e9rmico testo 405 permite una medici\u00f3n particularmente rentable de bajas velocidades de aire. Permite la medici\u00f3n precisa y paralela del flujo de aire, el flujo volum\u00e9trico y la temperatura. El telescopio extensible permite la medici\u00f3n a una profundidad de hasta 300 mm.<\/p>\n<p>La pantalla se puede girar en varias posiciones, lo que permite una lectura de medici\u00f3n \u00f3ptima.<\/p>\n<\/div>\n<\/div>\n<\/div>\n","protected":false},"excerpt":{"rendered":"<p>Si usted es un t\u00e9cnico de HVAC y tiene que realizar mediciones de control r\u00e1pidas en los conductos de ventilaci\u00f3n o en recintos, en su equipo no debe faltar nuestro anem\u00f3metro t\u00e9rmico testo 405. El anem\u00f3metro tiene un telescopio montado permanentemente y permite la medici\u00f3n de la velocidad del aire, caudal volum\u00e9trico y temperatura ambiente. El rango de medici\u00f3n para el flujo se sit\u00faa entre 0\u202610 m\/s, los caudales volum\u00e9tricos se calculan hasta 99\u202f990 m3\/h.<\/p>\n<p>Gracias al telescopio extensible (hasta 300 mm), el anem\u00f3metro t\u00e9rmico es particularmente adecuado para las mediciones de velocidad en el canal de ventilaci\u00f3n. La pantalla retroiluminada puede girarse en diferentes posiciones para permitir una lectura \u00f3ptima de los valores medidos. Una ventaja pr\u00e1ctica importante es el soporte para conducto (incluido) con el cual el telescopio se puede colocar de forma \u00f3ptima en el canal de ventilaci\u00f3n y lograr, as\u00ed, resultados precisos.<\/p>\n<p>Como el anem\u00f3metro t\u00e9rmico testo 405 realiza mediciones particularmente precisas en el rango entre 0 y 2 m\/s, se puede utilizar en recintos para medir la velocidad del aire. Con el anem\u00f3metro t\u00e9rmico se pueden localizar y medir con precisi\u00f3n las bajas velocidades del aire en ventanas con fugas.<\/p>\n<p>Protecci\u00f3n del sensor integrada: cuando no utilice el anem\u00f3metro t\u00e9rmico testo 405, la tapa de protecci\u00f3n giratoria protege el sensor contra golpes y suciedad.<\/p>\n","protected":false},"featured_media":1917,"comment_status":"open","ping_status":"closed","template":"","meta":{"_joinchat":[]},"product_brand":[],"product_cat":[15],"product_tag":[],"class_list":{"0":"post-1914","1":"product","2":"type-product","3":"status-publish","4":"has-post-thumbnail","6":"product_cat-sin-categorizar","8":"first","9":"instock","10":"shipping-taxable","11":"product-type-simple"},"yoast_head":"<!-- This site is optimized with the Yoast SEO plugin v26.4 - https:\/\/yoast.com\/wordpress\/plugins\/seo\/ -->\n<title>testo 405 - anem\u00f3metro t\u00e9rmico - Abaa tienda online<\/title>\n<meta name=\"robots\" content=\"index, follow, max-snippet:-1, max-image-preview:large, max-video-preview:-1\" \/>\n<link rel=\"canonical\" href=\"https:\/\/abaa.mx\/tienda\/testo-405-anemometro-termico\/\" \/>\n<meta property=\"og:locale\" content=\"es_MX\" \/>\n<meta property=\"og:type\" content=\"article\" \/>\n<meta property=\"og:title\" content=\"testo 405 - anem\u00f3metro t\u00e9rmico - Abaa tienda online\" \/>\n<meta property=\"og:description\" content=\"Si usted es un t\u00e9cnico de HVAC y tiene que realizar mediciones de control r\u00e1pidas en los conductos de ventilaci\u00f3n o en recintos, en su equipo no debe faltar nuestro anem\u00f3metro t\u00e9rmico testo 405. El anem\u00f3metro tiene un telescopio montado permanentemente y permite la medici\u00f3n de la velocidad del aire, caudal volum\u00e9trico y temperatura ambiente. El rango de medici\u00f3n para el flujo se sit\u00faa entre 0\u202610 m\/s, los caudales volum\u00e9tricos se calculan hasta 99\u202f990 m3\/h.  Gracias al telescopio extensible (hasta 300 mm), el anem\u00f3metro t\u00e9rmico es particularmente adecuado para las mediciones de velocidad en el canal de ventilaci\u00f3n. La pantalla retroiluminada puede girarse en diferentes posiciones para permitir una lectura \u00f3ptima de los valores medidos. Una ventaja pr\u00e1ctica importante es el soporte para conducto (incluido) con el cual el telescopio se puede colocar de forma \u00f3ptima en el canal de ventilaci\u00f3n y lograr, as\u00ed, resultados precisos.  Como el anem\u00f3metro t\u00e9rmico testo 405 realiza mediciones particularmente precisas en el rango entre 0 y 2 m\/s, se puede utilizar en recintos para medir la velocidad del aire. Con el anem\u00f3metro t\u00e9rmico se pueden localizar y medir con precisi\u00f3n las bajas velocidades del aire en ventanas con fugas.  Protecci\u00f3n del sensor integrada: cuando no utilice el anem\u00f3metro t\u00e9rmico testo 405, la tapa de protecci\u00f3n giratoria protege el sensor contra golpes y suciedad.\" \/>\n<meta property=\"og:url\" content=\"https:\/\/abaa.mx\/tienda\/testo-405-anemometro-termico\/\" \/>\n<meta property=\"og:site_name\" content=\"Abaa tienda online\" \/>\n<meta property=\"article:modified_time\" content=\"2023-09-18T20:29:10+00:00\" \/>\n<meta property=\"og:image\" content=\"https:\/\/abaa.mx\/tienda\/wp-content\/uploads\/2023\/09\/testo-405.jpg\" \/>\n\t<meta property=\"og:image:width\" content=\"537\" \/>\n\t<meta property=\"og:image:height\" content=\"660\" \/>\n\t<meta property=\"og:image:type\" content=\"image\/jpeg\" \/>\n<meta name=\"twitter:card\" content=\"summary_large_image\" \/>\n<meta name=\"twitter:label1\" content=\"Tiempo de lectura\" \/>\n\t<meta name=\"twitter:data1\" content=\"4 minutos\" \/>\n<script type=\"application\/ld+json\" class=\"yoast-schema-graph\">{\"@context\":\"https:\/\/schema.org\",\"@graph\":[{\"@type\":\"WebPage\",\"@id\":\"https:\/\/abaa.mx\/tienda\/testo-405-anemometro-termico\/\",\"url\":\"https:\/\/abaa.mx\/tienda\/testo-405-anemometro-termico\/\",\"name\":\"testo 405 - anem\u00f3metro t\u00e9rmico - Abaa tienda online\",\"isPartOf\":{\"@id\":\"https:\/\/abaa.mx\/tienda\/#website\"},\"primaryImageOfPage\":{\"@id\":\"https:\/\/abaa.mx\/tienda\/testo-405-anemometro-termico\/#primaryimage\"},\"image\":{\"@id\":\"https:\/\/abaa.mx\/tienda\/testo-405-anemometro-termico\/#primaryimage\"},\"thumbnailUrl\":\"https:\/\/abaa.mx\/tienda\/wp-content\/uploads\/2023\/09\/testo-405.jpg\",\"datePublished\":\"2023-09-18T20:29:09+00:00\",\"dateModified\":\"2023-09-18T20:29:10+00:00\",\"breadcrumb\":{\"@id\":\"https:\/\/abaa.mx\/tienda\/testo-405-anemometro-termico\/#breadcrumb\"},\"inLanguage\":\"es\",\"potentialAction\":[{\"@type\":\"ReadAction\",\"target\":[\"https:\/\/abaa.mx\/tienda\/testo-405-anemometro-termico\/\"]}]},{\"@type\":\"ImageObject\",\"inLanguage\":\"es\",\"@id\":\"https:\/\/abaa.mx\/tienda\/testo-405-anemometro-termico\/#primaryimage\",\"url\":\"https:\/\/abaa.mx\/tienda\/wp-content\/uploads\/2023\/09\/testo-405.jpg\",\"contentUrl\":\"https:\/\/abaa.mx\/tienda\/wp-content\/uploads\/2023\/09\/testo-405.jpg\",\"width\":537,\"height\":660,\"caption\":\"testo 405\"},{\"@type\":\"BreadcrumbList\",\"@id\":\"https:\/\/abaa.mx\/tienda\/testo-405-anemometro-termico\/#breadcrumb\",\"itemListElement\":[{\"@type\":\"ListItem\",\"position\":1,\"name\":\"Inicio\",\"item\":\"https:\/\/abaa.mx\/tienda\/\"},{\"@type\":\"ListItem\",\"position\":2,\"name\":\"Tienda\",\"item\":\"https:\/\/abaa.mx\/tienda\/\"},{\"@type\":\"ListItem\",\"position\":3,\"name\":\"testo 405 &#8211; anem\u00f3metro t\u00e9rmico\"}]},{\"@type\":\"WebSite\",\"@id\":\"https:\/\/abaa.mx\/tienda\/#website\",\"url\":\"https:\/\/abaa.mx\/tienda\/\",\"name\":\"Abaa tienda online\",\"description\":\"Instrumentos de medici\u00f3n\",\"publisher\":{\"@id\":\"https:\/\/abaa.mx\/tienda\/#organization\"},\"potentialAction\":[{\"@type\":\"SearchAction\",\"target\":{\"@type\":\"EntryPoint\",\"urlTemplate\":\"https:\/\/abaa.mx\/tienda\/?s={search_term_string}\"},\"query-input\":{\"@type\":\"PropertyValueSpecification\",\"valueRequired\":true,\"valueName\":\"search_term_string\"}}],\"inLanguage\":\"es\"},{\"@type\":\"Organization\",\"@id\":\"https:\/\/abaa.mx\/tienda\/#organization\",\"name\":\"Abaa tienda online\",\"url\":\"https:\/\/abaa.mx\/tienda\/\",\"logo\":{\"@type\":\"ImageObject\",\"inLanguage\":\"es\",\"@id\":\"https:\/\/abaa.mx\/tienda\/#\/schema\/logo\/image\/\",\"url\":\"https:\/\/abaa.mx\/tienda\/wp-content\/uploads\/2024\/01\/abaa-metrologia-tienda.png\",\"contentUrl\":\"https:\/\/abaa.mx\/tienda\/wp-content\/uploads\/2024\/01\/abaa-metrologia-tienda.png\",\"width\":300,\"height\":141,\"caption\":\"Abaa tienda online\"},\"image\":{\"@id\":\"https:\/\/abaa.mx\/tienda\/#\/schema\/logo\/image\/\"}}]}<\/script>\n<!-- \/ Yoast SEO plugin. -->","yoast_head_json":{"title":"testo 405 - anem\u00f3metro t\u00e9rmico - Abaa tienda online","robots":{"index":"index","follow":"follow","max-snippet":"max-snippet:-1","max-image-preview":"max-image-preview:large","max-video-preview":"max-video-preview:-1"},"canonical":"https:\/\/abaa.mx\/tienda\/testo-405-anemometro-termico\/","og_locale":"es_MX","og_type":"article","og_title":"testo 405 - anem\u00f3metro t\u00e9rmico - Abaa tienda online","og_description":"Si usted es un t\u00e9cnico de HVAC y tiene que realizar mediciones de control r\u00e1pidas en los conductos de ventilaci\u00f3n o en recintos, en su equipo no debe faltar nuestro anem\u00f3metro t\u00e9rmico testo 405. El anem\u00f3metro tiene un telescopio montado permanentemente y permite la medici\u00f3n de la velocidad del aire, caudal volum\u00e9trico y temperatura ambiente. El rango de medici\u00f3n para el flujo se sit\u00faa entre 0\u202610 m\/s, los caudales volum\u00e9tricos se calculan hasta 99\u202f990 m3\/h.  Gracias al telescopio extensible (hasta 300 mm), el anem\u00f3metro t\u00e9rmico es particularmente adecuado para las mediciones de velocidad en el canal de ventilaci\u00f3n. La pantalla retroiluminada puede girarse en diferentes posiciones para permitir una lectura \u00f3ptima de los valores medidos. Una ventaja pr\u00e1ctica importante es el soporte para conducto (incluido) con el cual el telescopio se puede colocar de forma \u00f3ptima en el canal de ventilaci\u00f3n y lograr, as\u00ed, resultados precisos.  Como el anem\u00f3metro t\u00e9rmico testo 405 realiza mediciones particularmente precisas en el rango entre 0 y 2 m\/s, se puede utilizar en recintos para medir la velocidad del aire. Con el anem\u00f3metro t\u00e9rmico se pueden localizar y medir con precisi\u00f3n las bajas velocidades del aire en ventanas con fugas.  Protecci\u00f3n del sensor integrada: cuando no utilice el anem\u00f3metro t\u00e9rmico testo 405, la tapa de protecci\u00f3n giratoria protege el sensor contra golpes y suciedad.","og_url":"https:\/\/abaa.mx\/tienda\/testo-405-anemometro-termico\/","og_site_name":"Abaa tienda online","article_modified_time":"2023-09-18T20:29:10+00:00","og_image":[{"width":537,"height":660,"url":"https:\/\/abaa.mx\/tienda\/wp-content\/uploads\/2023\/09\/testo-405.jpg","type":"image\/jpeg"}],"twitter_card":"summary_large_image","twitter_misc":{"Tiempo de lectura":"4 minutos"},"schema":{"@context":"https:\/\/schema.org","@graph":[{"@type":"WebPage","@id":"https:\/\/abaa.mx\/tienda\/testo-405-anemometro-termico\/","url":"https:\/\/abaa.mx\/tienda\/testo-405-anemometro-termico\/","name":"testo 405 - anem\u00f3metro t\u00e9rmico - Abaa tienda online","isPartOf":{"@id":"https:\/\/abaa.mx\/tienda\/#website"},"primaryImageOfPage":{"@id":"https:\/\/abaa.mx\/tienda\/testo-405-anemometro-termico\/#primaryimage"},"image":{"@id":"https:\/\/abaa.mx\/tienda\/testo-405-anemometro-termico\/#primaryimage"},"thumbnailUrl":"https:\/\/abaa.mx\/tienda\/wp-content\/uploads\/2023\/09\/testo-405.jpg","datePublished":"2023-09-18T20:29:09+00:00","dateModified":"2023-09-18T20:29:10+00:00","breadcrumb":{"@id":"https:\/\/abaa.mx\/tienda\/testo-405-anemometro-termico\/#breadcrumb"},"inLanguage":"es","potentialAction":[{"@type":"ReadAction","target":["https:\/\/abaa.mx\/tienda\/testo-405-anemometro-termico\/"]}]},{"@type":"ImageObject","inLanguage":"es","@id":"https:\/\/abaa.mx\/tienda\/testo-405-anemometro-termico\/#primaryimage","url":"https:\/\/abaa.mx\/tienda\/wp-content\/uploads\/2023\/09\/testo-405.jpg","contentUrl":"https:\/\/abaa.mx\/tienda\/wp-content\/uploads\/2023\/09\/testo-405.jpg","width":537,"height":660,"caption":"testo 405"},{"@type":"BreadcrumbList","@id":"https:\/\/abaa.mx\/tienda\/testo-405-anemometro-termico\/#breadcrumb","itemListElement":[{"@type":"ListItem","position":1,"name":"Inicio","item":"https:\/\/abaa.mx\/tienda\/"},{"@type":"ListItem","position":2,"name":"Tienda","item":"https:\/\/abaa.mx\/tienda\/"},{"@type":"ListItem","position":3,"name":"testo 405 &#8211; anem\u00f3metro t\u00e9rmico"}]},{"@type":"WebSite","@id":"https:\/\/abaa.mx\/tienda\/#website","url":"https:\/\/abaa.mx\/tienda\/","name":"Abaa tienda online","description":"Instrumentos de medici\u00f3n","publisher":{"@id":"https:\/\/abaa.mx\/tienda\/#organization"},"potentialAction":[{"@type":"SearchAction","target":{"@type":"EntryPoint","urlTemplate":"https:\/\/abaa.mx\/tienda\/?s={search_term_string}"},"query-input":{"@type":"PropertyValueSpecification","valueRequired":true,"valueName":"search_term_string"}}],"inLanguage":"es"},{"@type":"Organization","@id":"https:\/\/abaa.mx\/tienda\/#organization","name":"Abaa tienda online","url":"https:\/\/abaa.mx\/tienda\/","logo":{"@type":"ImageObject","inLanguage":"es","@id":"https:\/\/abaa.mx\/tienda\/#\/schema\/logo\/image\/","url":"https:\/\/abaa.mx\/tienda\/wp-content\/uploads\/2024\/01\/abaa-metrologia-tienda.png","contentUrl":"https:\/\/abaa.mx\/tienda\/wp-content\/uploads\/2024\/01\/abaa-metrologia-tienda.png","width":300,"height":141,"caption":"Abaa tienda online"},"image":{"@id":"https:\/\/abaa.mx\/tienda\/#\/schema\/logo\/image\/"}}]}},"_links":{"self":[{"href":"https:\/\/abaa.mx\/tienda\/wp-json\/wp\/v2\/product\/1914","targetHints":{"allow":["GET"]}}],"collection":[{"href":"https:\/\/abaa.mx\/tienda\/wp-json\/wp\/v2\/product"}],"about":[{"href":"https:\/\/abaa.mx\/tienda\/wp-json\/wp\/v2\/types\/product"}],"replies":[{"embeddable":true,"href":"https:\/\/abaa.mx\/tienda\/wp-json\/wp\/v2\/comments?post=1914"}],"wp:featuredmedia":[{"embeddable":true,"href":"https:\/\/abaa.mx\/tienda\/wp-json\/wp\/v2\/media\/1917"}],"wp:attachment":[{"href":"https:\/\/abaa.mx\/tienda\/wp-json\/wp\/v2\/media?parent=1914"}],"wp:term":[{"taxonomy":"product_brand","embeddable":true,"href":"https:\/\/abaa.mx\/tienda\/wp-json\/wp\/v2\/product_brand?post=1914"},{"taxonomy":"product_cat","embeddable":true,"href":"https:\/\/abaa.mx\/tienda\/wp-json\/wp\/v2\/product_cat?post=1914"},{"taxonomy":"product_tag","embeddable":true,"href":"https:\/\/abaa.mx\/tienda\/wp-json\/wp\/v2\/product_tag?post=1914"}],"curies":[{"name":"wp","href":"https:\/\/api.w.org\/{rel}","templated":true}]}}