{"id":1913,"date":"2023-09-18T20:38:03","date_gmt":"2023-09-18T20:38:03","guid":{"rendered":"https:\/\/abaa.mx\/tienda\/?post_type=product&#038;p=1913"},"modified":"2023-09-18T20:38:04","modified_gmt":"2023-09-18T20:38:04","slug":"testo-420-balometro","status":"publish","type":"product","link":"https:\/\/abaa.mx\/tienda\/testo-420-balometro\/","title":{"rendered":"testo 420 &#8211; bal\u00f3metro"},"content":{"rendered":"<p>Con el bal\u00f3metro testo\u00a0420 para grandes entradas y salidas de aire, podr\u00e1 cumplir con rapidez y precisi\u00f3n las directivas y disposiciones relativas a la higiene sobre la calidad del aire interior. Le ayudar\u00e1 con total fiabilidad en el c\u00e1lculo del caudal volum\u00e9trico total en los sistemas HVAC, por ejemplo, en hospitales, edificios de oficinas y edificios empresariales.<\/p>\n<div class=\"m-list\">\n<ul class=\"list-elements\">\n<li>Bal\u00f3metro para salidas de aire grandes en techos para medir el caudal volum\u00e9trico, la temperatura y la humedad relativa<\/li>\n<li>Con un peso de 2,9 kg es incre\u00edblemente ligero<\/li>\n<li>Medici\u00f3n precisa tambi\u00e9n en difusores gracias al rectificador de caudal volum\u00e9trico<\/li>\n<li>Montaje r\u00e1pido, manejo simple y funciones pr\u00e1cticas como la gesti\u00f3n de datos de medici\u00f3n y generaci\u00f3n de protocolos desde el mismo lugar de medici\u00f3n usando la App testo Smart<\/li>\n<\/ul>\n<\/div>\n<p class=\"text\">H\u00e1gase con el bal\u00f3metro testo 420 para salidas de aire grandes en techos y benef\u00edciese de las m\u00faltiples ventajas que ofrece para el mantenimiento en los sistemas HVAC. El bal\u00f3metro con su instrumento de medici\u00f3n desmontable no solo es incre\u00edblemente ligero, sino que tambi\u00e9n garantiza c\u00e1lculos precisos del caudal volum\u00e9trico en difusores de salida de aire grandes.<\/p>\n<div class=\"c2a-tabSection m-tabs\">\n<div id=\"tab-details\" class=\"large-12 column m-tab-pdp\">\n<div class=\"medium-8\">\n<article class=\"child-1 paragraph\">\n<h3>Gran exactitud al realizar mediciones en los difusores de salida de aire gracias al estabilizador de caudal<\/h3>\n<p>La medici\u00f3n del caudal volum\u00e9trico se efect\u00faa con frecuencia en los difusores de salida de aire. Debido a los remolinos de aire que se forman en las salidas, las corriente de aire se miden a menudo incorrectamente.<\/p>\n<p>Con el bal\u00f3metro testo\u00a0420, estos errores de medici\u00f3n se reducen significativamente. El estabilizador de caudal integrado calma el aire arremolinado y lo convierte en una corriente de aire casi uniforme. De esta forma, calcula con precisi\u00f3n el caudal volum\u00e9trico en un rango de 80 \u2026 3500 m3\/h.<\/p>\n<h3>Bal\u00f3metro incre\u00edblemente ligero y de montaje r\u00e1pido<\/h3>\n<p>El bal\u00f3metro con asas ergon\u00f3micas y pantalla giratoria tiene un peso \u00fanico inferior a 2,9\u00a0kg. As\u00ed se pueden realizar con seguridad y comodidad frecuentes c\u00e1lculos de caudal volum\u00e9trico en grandes habitaciones y mediciones por encima de la altura de la cabeza. Un bot\u00f3n grande de medici\u00f3n en el bal\u00f3metro asegura un registro f\u00e1cil de los valores medidos.<\/p>\n<p>La campana mide 610 x 610 mm. Para las mediciones en salidas de aire en techos ofrecemos campanas adicionales como accesorios. Para las entradas y salidas de aire que quedan a mucha altura, nuestro tr\u00edpode opcional le ser\u00e1 de ayuda. Se puede extender hasta 3,3 metros.<\/p>\n<p>El montaje del bal\u00f3metro es r\u00e1pido y sencillo gracias a las varillas de tensi\u00f3n. El malet\u00edn suministrado garantiza un transporte seguro.<\/p>\n<h3>Generaci\u00f3n y env\u00edo de protocolos mediante la App directamente desde el sitio de medici\u00f3n<\/h3>\n<p>Disfrute de otras funciones pr\u00e1cticas y descargue nuestra App testo Smart gratuita. Mediante conexi\u00f3n a la App: es posible utilizar dispositivos m\u00f3viles como smartphones o tablets a trav\u00e9s de Bluetooth como una segunda pantalla, para la gesti\u00f3n de clientes y de datos de medici\u00f3n, as\u00ed como mando a distancia. Esto resulta especialmente conveniente para poder realizar mediciones con un tr\u00edpode en techos altos.<\/p>\n<p>La App permite la medici\u00f3n en tiempo real en sistemas HVAC por medio de una funci\u00f3n de inicio y parada y el almacenamiento de los datos de medici\u00f3n en el smartphone o la tablet. Directamente desde el lugar de medici\u00f3n se pueden generar protocolos de medici\u00f3n con la App, agregar datos de clientes y de los puntos de medici\u00f3n, as\u00ed como im\u00e1genes. La funci\u00f3n de correo electr\u00f3nico le permitir\u00e1 enviar sus valores medidos y protocolos como archivo PDF, Excel o JSON. lo que le ahorrar\u00e1 mucho tiempo y aumentar\u00e1 al mismo tiempo la eficiencia.<\/p>\n<h3>Bal\u00f3metro con analizador extra\u00edble &#8211; Lista de funciones<\/h3>\n<p>El bal\u00f3metro para sistemas HVAC est\u00e1 equipado con un analizador para mostrar los datos de medici\u00f3n. Para una lectura c\u00f3moda de los valores medidos, el instrumento se puede inclinar y desmontar.<\/p>\n<p>Con el analizador testo\u00a0420 medir\u00e1 la velocidad de flujo, el caudal volum\u00e9trico, la presi\u00f3n absoluta, la temperatura y la humedad ambiental relativa. Con bajas presiones, el ajuste autom\u00e1tico del punto cero ofrece una gran exactitud.<\/p>\n<p>Todas las mediciones son f\u00e1ciles de leer en la amplia pantalla con retroiluminaci\u00f3n. En cuanto al an\u00e1lisis y a la documentaci\u00f3n, se pueden almacenar los datos de medici\u00f3n y generar los protocolos de medici\u00f3n en un dispositivo m\u00f3vil directamente in situ por medio de la conexi\u00f3n a la App. La gesti\u00f3n de los datos de medici\u00f3n en el ordenador es una tarea completamente sencilla que no requiere un software adicional a trav\u00e9s de la funci\u00f3n Plug&amp;Play<\/p>\n<p>El bal\u00f3metro testo\u00a0420 con analizador integrado no solo se ha desarrollado para las mediciones de caudal volum\u00e9trico en grandes salidas de aire en techos. El analizador tambi\u00e9n puede extraerse de la campana y utilizarse para efectuar mediciones de presi\u00f3n, de flujo y caudal volum\u00e9trico en el canal. De esta manera se ahorra adquirir otro analizador.<\/p>\n<p>Para la medici\u00f3n en el canal es preciso conectar es un tubo Pitot y manguitos de conexi\u00f3n (ambos opcionales). El c\u00e1lculo de un valor medio temporal y puntual as\u00ed como la combinaci\u00f3n ambos con una introducci\u00f3n simple de la geometr\u00eda de canal le ser\u00e1 de ayuda durante la medici\u00f3n en el canal.<\/p>\n<p>Especialmente pr\u00e1ctico: A trav\u00e9s de Bluetooth puede conectar el bal\u00f3metro testo\u00a0420 con el instrumento multifunci\u00f3n de climatizaci\u00f3n testo\u00a0400. De este modo tendr\u00e1 a su disposici\u00f3n otras funciones inteligentes como toda la gesti\u00f3n de clientes y puntos de medici\u00f3n a trav\u00e9s del instrumento para climatizaci\u00f3n testo\u00a0400.<\/article>\n<h3>Volumen de suministro<\/h3>\n<article class=\"child-2 paragraph\">testo 420 bal\u00f3metro testo 420 con instrumento de medici\u00f3n, campana de 610 x 610 mm, 5 x varillas de tensi\u00f3n, cable USB, pilas y malet\u00edn, incl. protocolo de calibraci\u00f3n.<\/article>\n<\/div>\n<div class=\"medium-4\">\n<div class=\"m-cert large-12 column\"><\/div>\n<\/div>\n<\/div>\n<\/div>\n<hr \/>\n<div class=\"c2a-tabSection m-tabs\">\n<div id=\"tab-technicalData\" class=\"large-12 column m-data-tab\">\n<h2>Datos t\u00e9cnicos<\/h2>\n<table>\n<colgroup>\n<col class=\"colWidth25\" \/>\n<col \/><\/colgroup>\n<thead>\n<tr>\n<th colspan=\"2\">Datos t\u00e9cnicos generales<\/th>\n<\/tr>\n<\/thead>\n<tbody>\n<tr>\n<td class=\"table-bold\">Peso<\/td>\n<td>2900 g<\/td>\n<\/tr>\n<tr>\n<td class=\"table-bold\">Medidas<\/td>\n<td>610 X 610 mm (Standard hood)<\/td>\n<\/tr>\n<tr>\n<td class=\"table-bold\">Temperatura de funcionamiento<\/td>\n<td>-5 hasta +50 \u00baC<\/td>\n<\/tr>\n<tr>\n<td class=\"table-bold\">Requisitos del sistema<\/td>\n<td>requiere iOS 12.0 o superior; requiere Android 6.0 o superior; Requiere dispositivo port\u00e1til con Bluetooth 4.0<\/td>\n<\/tr>\n<tr>\n<td class=\"table-bold\">Directiva UE\/CE<\/td>\n<td>Directriz UE 2014\/30\/EU<\/td>\n<\/tr>\n<tr>\n<td class=\"table-bold\">Tipo de bater\u00eda<\/td>\n<td>Pila AA alcalina de manganeso (AlMn)<\/td>\n<\/tr>\n<tr>\n<td class=\"table-bold\">Autonom\u00eda<\/td>\n<td>40 h<\/td>\n<\/tr>\n<tr>\n<td class=\"table-bold\">Medidas de la pantalla<\/td>\n<td>3.5&#8243;<\/td>\n<\/tr>\n<tr>\n<td class=\"table-bold\">Funciones de pantalla<\/td>\n<td>Matriz de punto<\/td>\n<\/tr>\n<tr>\n<td class=\"table-bold\">Iluminaci\u00f3n de pantalla<\/td>\n<td>con iluminaci\u00f3n<\/td>\n<\/tr>\n<tr>\n<td class=\"table-bold\">Interfaces<\/td>\n<td>Micro-USB; Tecnolog\u00eda inal\u00e1mbrica Bluetooth\u00ae 4.0<\/td>\n<\/tr>\n<tr>\n<td class=\"table-bold\">Transmisi\u00f3n de datos<\/td>\n<td>Bluetooth\u00ae<\/td>\n<\/tr>\n<tr>\n<td class=\"table-bold\">Alcance radio<\/td>\n<td>10 m<\/td>\n<\/tr>\n<tr>\n<td class=\"table-bold\">Memoria<\/td>\n<td>2 GB (internos)<\/td>\n<\/tr>\n<tr>\n<td class=\"table-bold\">Temperatura de almacenamiento<\/td>\n<td>-20 hasta +60 \u00baC<\/td>\n<\/tr>\n<\/tbody>\n<\/table>\n<table>\n<colgroup>\n<col class=\"colWidth25\" \/>\n<col \/><\/colgroup>\n<thead>\n<tr>\n<th colspan=\"2\">NTC<\/th>\n<\/tr>\n<\/thead>\n<tbody>\n<tr>\n<td class=\"table-bold\">Rango<\/td>\n<td>-20 hasta +60 \u00baC<\/td>\n<\/tr>\n<tr>\n<td class=\"table-bold\">Exactitud<\/td>\n<td>\u00b10,5 \u00baC (0 hasta +60 \u00baC)<\/p>\n<p>\u00b10,8 \u00baC (-20 hasta +0 \u00baC)<\/td>\n<\/tr>\n<tr>\n<td class=\"table-bold\">Resoluci\u00f3n<\/td>\n<td>0,1 \u00baC<\/td>\n<\/tr>\n<tr>\n<td class=\"table-bold\">Tiempo de respuesta<\/td>\n<td>45 s (t\u2089\u2080)<\/td>\n<\/tr>\n<\/tbody>\n<\/table>\n<table>\n<colgroup>\n<col class=\"colWidth25\" \/>\n<col \/><\/colgroup>\n<thead>\n<tr>\n<th colspan=\"2\">Humedad &#8211; capacitivo<\/th>\n<\/tr>\n<\/thead>\n<tbody>\n<tr>\n<td class=\"table-bold\">Rango<\/td>\n<td>0 hasta 100 %HR<\/td>\n<\/tr>\n<tr>\n<td class=\"table-bold\">Exactitud<\/td>\n<td>\u00b11,8 %HR + 3 % del v.m. at +25 \u00baC<\/p>\n<p>(5 hasta 80 %HR)<\/td>\n<\/tr>\n<tr>\n<td class=\"table-bold\">Resoluci\u00f3n<\/td>\n<td>0,1 %HR<\/td>\n<\/tr>\n<\/tbody>\n<\/table>\n<table>\n<colgroup>\n<col class=\"colWidth25\" \/>\n<col \/><\/colgroup>\n<thead>\n<tr>\n<th colspan=\"2\">Presi\u00f3n diferencial &#8211; piezoresistiva<\/th>\n<\/tr>\n<\/thead>\n<tbody>\n<tr>\n<td class=\"table-bold\">Rango<\/td>\n<td>-120 hasta +120 Pa<\/td>\n<\/tr>\n<tr>\n<td class=\"table-bold\">Exactitud<\/td>\n<td>\u00b12 % del v.m. + 0,5 Pa at +22 \u00baC, 1013 hPa<\/td>\n<\/tr>\n<tr>\n<td class=\"table-bold\">Resoluci\u00f3n<\/td>\n<td>0,001 Pa<\/td>\n<\/tr>\n<tr>\n<td class=\"table-bold\">Tiempo de respuesta t\u2089\u2080<\/td>\n<td>1 s (t\u2089\u2080)<\/td>\n<\/tr>\n<\/tbody>\n<\/table>\n<table>\n<colgroup>\n<col class=\"colWidth25\" \/>\n<col \/><\/colgroup>\n<thead>\n<tr>\n<th colspan=\"2\">Presi\u00f3n absoluta<\/th>\n<\/tr>\n<\/thead>\n<tbody>\n<tr>\n<td class=\"table-bold\">Rango<\/td>\n<td>700 hasta 1100 hPa<\/td>\n<\/tr>\n<tr>\n<td class=\"table-bold\">Exactitud<\/td>\n<td>\u00b13 hPa<\/td>\n<\/tr>\n<tr>\n<td class=\"table-bold\">Resoluci\u00f3n<\/td>\n<td>0,1 hPa<\/td>\n<\/tr>\n<tr>\n<td class=\"table-bold\">Tiempo de respuesta<\/td>\n<td>1 s<\/td>\n<\/tr>\n<\/tbody>\n<\/table>\n<table>\n<colgroup>\n<col class=\"colWidth25\" \/>\n<col \/><\/colgroup>\n<thead>\n<tr>\n<th colspan=\"2\">Caudal volum\u00e9trico<\/th>\n<\/tr>\n<\/thead>\n<tbody>\n<tr>\n<td class=\"table-bold\">Rango<\/td>\n<td>50 hasta 4000 m\u00b3\/h<\/td>\n<\/tr>\n<tr>\n<td class=\"table-bold\">Exactitud<\/td>\n<td>\u00b13 % del v.m. + 12 m\u00b3\/h at +22 \u00baC<\/p>\n<p>1013 hPa (85 hasta 3500 m\u00b3\/h)<\/td>\n<\/tr>\n<tr>\n<td class=\"table-bold\">Resoluci\u00f3n<\/td>\n<td>1 m\u00b3\/h<\/td>\n<\/tr>\n<tr>\n<td class=\"table-bold\">Tiempo de respuesta t\u2089\u2080<\/td>\n<td>1 s (t\u2089\u2080)<\/td>\n<\/tr>\n<\/tbody>\n<\/table>\n<\/div>\n<\/div>\n","protected":false},"excerpt":{"rendered":"<p>Con el bal\u00f3metro testo\u00a0420 para grandes entradas y salidas de aire, podr\u00e1 cumplir con rapidez y precisi\u00f3n las directivas y disposiciones relativas a la higiene sobre la calidad del aire interior. Le ayudar\u00e1 con total fiabilidad en el c\u00e1lculo del caudal volum\u00e9trico total en los sistemas HVAC, por ejemplo, en hospitales, edificios de oficinas y edificios empresariales.<\/p>\n","protected":false},"featured_media":1921,"comment_status":"open","ping_status":"closed","template":"","meta":{"_joinchat":[]},"product_brand":[],"product_cat":[15],"product_tag":[],"class_list":{"0":"post-1913","1":"product","2":"type-product","3":"status-publish","4":"has-post-thumbnail","6":"product_cat-sin-categorizar","8":"first","9":"instock","10":"shipping-taxable","11":"product-type-simple"},"yoast_head":"<!-- This site is optimized with the Yoast SEO plugin v26.4 - https:\/\/yoast.com\/wordpress\/plugins\/seo\/ -->\n<title>testo 420 - bal\u00f3metro - Abaa tienda online<\/title>\n<meta name=\"robots\" content=\"index, follow, max-snippet:-1, max-image-preview:large, max-video-preview:-1\" \/>\n<link rel=\"canonical\" href=\"https:\/\/abaa.mx\/tienda\/testo-420-balometro\/\" \/>\n<meta property=\"og:locale\" content=\"es_MX\" \/>\n<meta property=\"og:type\" content=\"article\" \/>\n<meta property=\"og:title\" content=\"testo 420 - bal\u00f3metro - Abaa tienda online\" \/>\n<meta property=\"og:description\" content=\"Con el bal\u00f3metro testo\u00a0420 para grandes entradas y salidas de aire, podr\u00e1 cumplir con rapidez y precisi\u00f3n las directivas y disposiciones relativas a la higiene sobre la calidad del aire interior. Le ayudar\u00e1 con total fiabilidad en el c\u00e1lculo del caudal volum\u00e9trico total en los sistemas HVAC, por ejemplo, en hospitales, edificios de oficinas y edificios empresariales.\" \/>\n<meta property=\"og:url\" content=\"https:\/\/abaa.mx\/tienda\/testo-420-balometro\/\" \/>\n<meta property=\"og:site_name\" content=\"Abaa tienda online\" \/>\n<meta property=\"article:modified_time\" content=\"2023-09-18T20:38:04+00:00\" \/>\n<meta property=\"og:image\" content=\"https:\/\/abaa.mx\/tienda\/wp-content\/uploads\/2023\/09\/testo-420.jpg\" \/>\n\t<meta property=\"og:image:width\" content=\"412\" \/>\n\t<meta property=\"og:image:height\" content=\"650\" \/>\n\t<meta property=\"og:image:type\" content=\"image\/jpeg\" \/>\n<meta name=\"twitter:card\" content=\"summary_large_image\" \/>\n<meta name=\"twitter:label1\" content=\"Tiempo de lectura\" \/>\n\t<meta name=\"twitter:data1\" content=\"6 minutos\" \/>\n<script type=\"application\/ld+json\" class=\"yoast-schema-graph\">{\"@context\":\"https:\/\/schema.org\",\"@graph\":[{\"@type\":\"WebPage\",\"@id\":\"https:\/\/abaa.mx\/tienda\/testo-420-balometro\/\",\"url\":\"https:\/\/abaa.mx\/tienda\/testo-420-balometro\/\",\"name\":\"testo 420 - bal\u00f3metro - Abaa tienda online\",\"isPartOf\":{\"@id\":\"https:\/\/abaa.mx\/tienda\/#website\"},\"primaryImageOfPage\":{\"@id\":\"https:\/\/abaa.mx\/tienda\/testo-420-balometro\/#primaryimage\"},\"image\":{\"@id\":\"https:\/\/abaa.mx\/tienda\/testo-420-balometro\/#primaryimage\"},\"thumbnailUrl\":\"https:\/\/abaa.mx\/tienda\/wp-content\/uploads\/2023\/09\/testo-420.jpg\",\"datePublished\":\"2023-09-18T20:38:03+00:00\",\"dateModified\":\"2023-09-18T20:38:04+00:00\",\"breadcrumb\":{\"@id\":\"https:\/\/abaa.mx\/tienda\/testo-420-balometro\/#breadcrumb\"},\"inLanguage\":\"es\",\"potentialAction\":[{\"@type\":\"ReadAction\",\"target\":[\"https:\/\/abaa.mx\/tienda\/testo-420-balometro\/\"]}]},{\"@type\":\"ImageObject\",\"inLanguage\":\"es\",\"@id\":\"https:\/\/abaa.mx\/tienda\/testo-420-balometro\/#primaryimage\",\"url\":\"https:\/\/abaa.mx\/tienda\/wp-content\/uploads\/2023\/09\/testo-420.jpg\",\"contentUrl\":\"https:\/\/abaa.mx\/tienda\/wp-content\/uploads\/2023\/09\/testo-420.jpg\",\"width\":412,\"height\":650,\"caption\":\"testo 420\"},{\"@type\":\"BreadcrumbList\",\"@id\":\"https:\/\/abaa.mx\/tienda\/testo-420-balometro\/#breadcrumb\",\"itemListElement\":[{\"@type\":\"ListItem\",\"position\":1,\"name\":\"Inicio\",\"item\":\"https:\/\/abaa.mx\/tienda\/\"},{\"@type\":\"ListItem\",\"position\":2,\"name\":\"Tienda\",\"item\":\"https:\/\/abaa.mx\/tienda\/\"},{\"@type\":\"ListItem\",\"position\":3,\"name\":\"testo 420 &#8211; bal\u00f3metro\"}]},{\"@type\":\"WebSite\",\"@id\":\"https:\/\/abaa.mx\/tienda\/#website\",\"url\":\"https:\/\/abaa.mx\/tienda\/\",\"name\":\"Abaa tienda online\",\"description\":\"Instrumentos de medici\u00f3n\",\"publisher\":{\"@id\":\"https:\/\/abaa.mx\/tienda\/#organization\"},\"potentialAction\":[{\"@type\":\"SearchAction\",\"target\":{\"@type\":\"EntryPoint\",\"urlTemplate\":\"https:\/\/abaa.mx\/tienda\/?s={search_term_string}\"},\"query-input\":{\"@type\":\"PropertyValueSpecification\",\"valueRequired\":true,\"valueName\":\"search_term_string\"}}],\"inLanguage\":\"es\"},{\"@type\":\"Organization\",\"@id\":\"https:\/\/abaa.mx\/tienda\/#organization\",\"name\":\"Abaa tienda online\",\"url\":\"https:\/\/abaa.mx\/tienda\/\",\"logo\":{\"@type\":\"ImageObject\",\"inLanguage\":\"es\",\"@id\":\"https:\/\/abaa.mx\/tienda\/#\/schema\/logo\/image\/\",\"url\":\"https:\/\/abaa.mx\/tienda\/wp-content\/uploads\/2024\/01\/abaa-metrologia-tienda.png\",\"contentUrl\":\"https:\/\/abaa.mx\/tienda\/wp-content\/uploads\/2024\/01\/abaa-metrologia-tienda.png\",\"width\":300,\"height\":141,\"caption\":\"Abaa tienda online\"},\"image\":{\"@id\":\"https:\/\/abaa.mx\/tienda\/#\/schema\/logo\/image\/\"}}]}<\/script>\n<!-- \/ Yoast SEO plugin. -->","yoast_head_json":{"title":"testo 420 - bal\u00f3metro - Abaa tienda online","robots":{"index":"index","follow":"follow","max-snippet":"max-snippet:-1","max-image-preview":"max-image-preview:large","max-video-preview":"max-video-preview:-1"},"canonical":"https:\/\/abaa.mx\/tienda\/testo-420-balometro\/","og_locale":"es_MX","og_type":"article","og_title":"testo 420 - bal\u00f3metro - Abaa tienda online","og_description":"Con el bal\u00f3metro testo\u00a0420 para grandes entradas y salidas de aire, podr\u00e1 cumplir con rapidez y precisi\u00f3n las directivas y disposiciones relativas a la higiene sobre la calidad del aire interior. Le ayudar\u00e1 con total fiabilidad en el c\u00e1lculo del caudal volum\u00e9trico total en los sistemas HVAC, por ejemplo, en hospitales, edificios de oficinas y edificios empresariales.","og_url":"https:\/\/abaa.mx\/tienda\/testo-420-balometro\/","og_site_name":"Abaa tienda online","article_modified_time":"2023-09-18T20:38:04+00:00","og_image":[{"width":412,"height":650,"url":"https:\/\/abaa.mx\/tienda\/wp-content\/uploads\/2023\/09\/testo-420.jpg","type":"image\/jpeg"}],"twitter_card":"summary_large_image","twitter_misc":{"Tiempo de lectura":"6 minutos"},"schema":{"@context":"https:\/\/schema.org","@graph":[{"@type":"WebPage","@id":"https:\/\/abaa.mx\/tienda\/testo-420-balometro\/","url":"https:\/\/abaa.mx\/tienda\/testo-420-balometro\/","name":"testo 420 - bal\u00f3metro - Abaa tienda online","isPartOf":{"@id":"https:\/\/abaa.mx\/tienda\/#website"},"primaryImageOfPage":{"@id":"https:\/\/abaa.mx\/tienda\/testo-420-balometro\/#primaryimage"},"image":{"@id":"https:\/\/abaa.mx\/tienda\/testo-420-balometro\/#primaryimage"},"thumbnailUrl":"https:\/\/abaa.mx\/tienda\/wp-content\/uploads\/2023\/09\/testo-420.jpg","datePublished":"2023-09-18T20:38:03+00:00","dateModified":"2023-09-18T20:38:04+00:00","breadcrumb":{"@id":"https:\/\/abaa.mx\/tienda\/testo-420-balometro\/#breadcrumb"},"inLanguage":"es","potentialAction":[{"@type":"ReadAction","target":["https:\/\/abaa.mx\/tienda\/testo-420-balometro\/"]}]},{"@type":"ImageObject","inLanguage":"es","@id":"https:\/\/abaa.mx\/tienda\/testo-420-balometro\/#primaryimage","url":"https:\/\/abaa.mx\/tienda\/wp-content\/uploads\/2023\/09\/testo-420.jpg","contentUrl":"https:\/\/abaa.mx\/tienda\/wp-content\/uploads\/2023\/09\/testo-420.jpg","width":412,"height":650,"caption":"testo 420"},{"@type":"BreadcrumbList","@id":"https:\/\/abaa.mx\/tienda\/testo-420-balometro\/#breadcrumb","itemListElement":[{"@type":"ListItem","position":1,"name":"Inicio","item":"https:\/\/abaa.mx\/tienda\/"},{"@type":"ListItem","position":2,"name":"Tienda","item":"https:\/\/abaa.mx\/tienda\/"},{"@type":"ListItem","position":3,"name":"testo 420 &#8211; bal\u00f3metro"}]},{"@type":"WebSite","@id":"https:\/\/abaa.mx\/tienda\/#website","url":"https:\/\/abaa.mx\/tienda\/","name":"Abaa tienda online","description":"Instrumentos de medici\u00f3n","publisher":{"@id":"https:\/\/abaa.mx\/tienda\/#organization"},"potentialAction":[{"@type":"SearchAction","target":{"@type":"EntryPoint","urlTemplate":"https:\/\/abaa.mx\/tienda\/?s={search_term_string}"},"query-input":{"@type":"PropertyValueSpecification","valueRequired":true,"valueName":"search_term_string"}}],"inLanguage":"es"},{"@type":"Organization","@id":"https:\/\/abaa.mx\/tienda\/#organization","name":"Abaa tienda online","url":"https:\/\/abaa.mx\/tienda\/","logo":{"@type":"ImageObject","inLanguage":"es","@id":"https:\/\/abaa.mx\/tienda\/#\/schema\/logo\/image\/","url":"https:\/\/abaa.mx\/tienda\/wp-content\/uploads\/2024\/01\/abaa-metrologia-tienda.png","contentUrl":"https:\/\/abaa.mx\/tienda\/wp-content\/uploads\/2024\/01\/abaa-metrologia-tienda.png","width":300,"height":141,"caption":"Abaa tienda online"},"image":{"@id":"https:\/\/abaa.mx\/tienda\/#\/schema\/logo\/image\/"}}]}},"_links":{"self":[{"href":"https:\/\/abaa.mx\/tienda\/wp-json\/wp\/v2\/product\/1913","targetHints":{"allow":["GET"]}}],"collection":[{"href":"https:\/\/abaa.mx\/tienda\/wp-json\/wp\/v2\/product"}],"about":[{"href":"https:\/\/abaa.mx\/tienda\/wp-json\/wp\/v2\/types\/product"}],"replies":[{"embeddable":true,"href":"https:\/\/abaa.mx\/tienda\/wp-json\/wp\/v2\/comments?post=1913"}],"wp:featuredmedia":[{"embeddable":true,"href":"https:\/\/abaa.mx\/tienda\/wp-json\/wp\/v2\/media\/1921"}],"wp:attachment":[{"href":"https:\/\/abaa.mx\/tienda\/wp-json\/wp\/v2\/media?parent=1913"}],"wp:term":[{"taxonomy":"product_brand","embeddable":true,"href":"https:\/\/abaa.mx\/tienda\/wp-json\/wp\/v2\/product_brand?post=1913"},{"taxonomy":"product_cat","embeddable":true,"href":"https:\/\/abaa.mx\/tienda\/wp-json\/wp\/v2\/product_cat?post=1913"},{"taxonomy":"product_tag","embeddable":true,"href":"https:\/\/abaa.mx\/tienda\/wp-json\/wp\/v2\/product_tag?post=1913"}],"curies":[{"name":"wp","href":"https:\/\/api.w.org\/{rel}","templated":true}]}}