{"id":1911,"date":"2023-09-18T20:09:52","date_gmt":"2023-09-18T20:09:52","guid":{"rendered":"https:\/\/abaa.mx\/tienda\/?post_type=product&#038;p=1911"},"modified":"2023-09-18T20:13:16","modified_gmt":"2023-09-18T20:13:16","slug":"termometro-infrarrojo-etekcity-lasergrip-774","status":"publish","type":"product","link":"https:\/\/abaa.mx\/tienda\/termometro-infrarrojo-etekcity-lasergrip-774\/","title":{"rendered":"Term\u00f3metro infrarrojo etekcity lasergrip 774"},"content":{"rendered":"<h1><strong>Term\u00f3metro infrarrojo Etekcity lasergrip 774<\/strong><\/h1>\n<p>&nbsp;<\/p>\n<ul class=\"a-unordered-list a-vertical a-spacing-mini\">\n<li class=\"a-spacing-mini\"><span class=\"a-list-item\">No para humanos: las lecturas de temperatura de este dispositivo son objetos inanimados, la temperatura medida para humanos o animales no ser\u00e1 correcta. L\u00e1ser de clase 2, potencia \u00f3ptica 0. 3-0. 49 MW<\/span><\/li>\n<li class=\"a-spacing-mini\"><span class=\"a-list-item\">Mejor precisi\u00f3n y emisividad ajustable: la relaci\u00f3n distancia al punto es de 12:1; la emisividad ajustable mejora la precisi\u00f3n de medici\u00f3n en diferentes tipos de superficie, simplemente regula la emisividad de tu 1022D de acuerdo con las instrucciones (0. 1-1. 0), para una mejor precisi\u00f3n, la distancia entre el term\u00f3metro y el objeto de medici\u00f3n debe ser de aproximadamente 14. 36 cm<\/span><\/li>\n<li class=\"a-spacing-mini\"><span class=\"a-list-item\">Doble l\u00e1ser m\u00e1s r\u00e1pido de objetivo: la tecnolog\u00eda de segmentaci\u00f3n l\u00e1ser dual hace que sea m\u00e1s f\u00e1cil visualizar el \u00e1rea que se mide por un term\u00f3metro IR, lo que resulta en una mayor precisi\u00f3n en comparaci\u00f3n con un solo l\u00e1ser; mide la temperatura de la superficie que va desde -50 \u00b0C a 550 \u00b0C. Tiempo de respuesta: \u2264500 Ms<\/span><\/li>\n<li class=\"a-spacing-mini\"><span class=\"a-list-item\">Multifunci\u00f3n: 1022D cuenta con funci\u00f3n de medici\u00f3n m\u00e1xima; la pantalla LCD es retroiluminada, tambi\u00e9n tiene una funci\u00f3n de apagado autom\u00e1tico y un indicador de bater\u00eda baja para extender la duraci\u00f3n de la bater\u00eda para que nunca te quedes accidentalmente sin jugo (bater\u00eda incluida)<\/span><\/li>\n<li class=\"a-spacing-mini\"><span class=\"a-list-item\">Dise\u00f1o vers\u00e1til: la tecnolog\u00eda infrarroja hace que este term\u00f3metro sea pr\u00e1ctico para medir la temperatura de la superficie de varios objetos, especialmente temperaturas por encima de los puntos de ebullici\u00f3n y por debajo de los puntos de congelaci\u00f3n; \u00fasalo cuando est\u00e9s cocinando y asando, realizando mantenimiento autom\u00e1tico, haciendo reparaciones dom\u00e9sticas y una gran cantidad de otras tareas.<\/span><\/li>\n<\/ul>\n<p>Caracter\u00edsticas y especificaciones:<\/p>\n<p>1. Rango de medici\u00f3n: -50 \u00b0C ~ 550 \u00b0C.<\/p>\n<p>2. Temperatura de almacenamiento: -20 a 50 \u00b0C.<\/p>\n<p>3. Temperatura de funcionamiento: 0 a 50 \u00b0C.<\/p>\n<p>4. Precisi\u00f3n: \u00b1 2% \/\u00b1 2 \u00b0C.<\/p>\n<p>5. Emisividad ajustable: 0.1-1.0<\/p>\n<p>6. Resoluci\u00f3n: 17.7 \u00b0C \/\u00b0C<\/p>\n<p>7. Relaci\u00f3n de distancia a punto: 12:1.<\/p>\n<p>8. Unidades de term\u00f3metro seleccionadas: \u00b0 C \/\u00b0 F<\/p>\n<p>9. Tiempo de respuesta: &lt;500 ms<\/p>\n<p>El paquete incluye:<\/p>\n<p>1 term\u00f3metro Etekcity Lasergrip 1022D.<\/p>\n<p>1 bater\u00eda de 9 V CC.<\/p>\n<p>1 manual del usuario.<\/p>\n","protected":false},"excerpt":{"rendered":"<h3><strong>Caracter\u00edsticas:<\/strong><\/h3>\n<p><strong>1. Rango de medici\u00f3n: -50 \u00b0C ~ 550 \u00b0C.<\/strong><\/p>\n<p><strong>2. Temperatura de almacenamiento: -20 a 50 \u00b0C.<\/strong><\/p>\n<p><strong>3. Temperatura de funcionamiento: 0 a 50 \u00b0C.<\/strong><\/p>\n<p><strong>4. Precisi\u00f3n: \u00b1 2% \/\u00b1 2 \u00b0C.<\/strong><\/p>\n<p><strong>5. Emisividad ajustable: 0.1-1.0<\/strong><\/p>\n<p><strong>6. Resoluci\u00f3n: 17.7 \u00b0C \/\u00b0C<\/strong><\/p>\n<p><strong>7. Relaci\u00f3n de distancia a punto: 12:1.<\/strong><\/p>\n<p><strong>8. Unidades de term\u00f3metro seleccionadas: \u00b0 C \/\u00b0 F<\/strong><\/p>\n<p><strong>9. Tiempo de respuesta: &lt;500 ms<\/strong><\/p>\n<h3><strong>El paquete incluye:<\/strong><\/h3>\n<p>1 term\u00f3metro Etekcity Lasergrip 1022D.<\/p>\n<p>1 bater\u00eda de 9 V CC.<\/p>\n<p>1 manual del usuario.<\/p>\n","protected":false},"featured_media":1912,"comment_status":"open","ping_status":"closed","template":"","meta":{"_joinchat":[]},"product_brand":[],"product_cat":[15],"product_tag":[],"class_list":{"0":"post-1911","1":"product","2":"type-product","3":"status-publish","4":"has-post-thumbnail","6":"product_cat-sin-categorizar","8":"first","9":"instock","10":"shipping-taxable","11":"product-type-simple"},"yoast_head":"<!-- This site is optimized with the Yoast SEO plugin v26.4 - https:\/\/yoast.com\/wordpress\/plugins\/seo\/ -->\n<title>Term\u00f3metro infrarrojo etekcity lasergrip 774 - Abaa tienda online<\/title>\n<meta name=\"robots\" content=\"index, follow, max-snippet:-1, max-image-preview:large, max-video-preview:-1\" \/>\n<link rel=\"canonical\" href=\"https:\/\/abaa.mx\/tienda\/termometro-infrarrojo-etekcity-lasergrip-774\/\" \/>\n<meta property=\"og:locale\" content=\"es_MX\" \/>\n<meta property=\"og:type\" content=\"article\" \/>\n<meta property=\"og:title\" content=\"Term\u00f3metro infrarrojo etekcity lasergrip 774 - Abaa tienda online\" \/>\n<meta property=\"og:description\" content=\"Caracter\u00edsticas: 1. Rango de medici\u00f3n: -50 \u00b0C ~ 550 \u00b0C.  2. Temperatura de almacenamiento: -20 a 50 \u00b0C.  3. Temperatura de funcionamiento: 0 a 50 \u00b0C.  4. Precisi\u00f3n: \u00b1 2% \/\u00b1 2 \u00b0C.  5. Emisividad ajustable: 0.1-1.0  6. Resoluci\u00f3n: 17.7 \u00b0C \/\u00b0C  7. Relaci\u00f3n de distancia a punto: 12:1.  8. Unidades de term\u00f3metro seleccionadas: \u00b0 C \/\u00b0 F  9. Tiempo de respuesta: &lt;500 ms El paquete incluye: 1 term\u00f3metro Etekcity Lasergrip 1022D.  1 bater\u00eda de 9 V CC.  1 manual del usuario.\" \/>\n<meta property=\"og:url\" content=\"https:\/\/abaa.mx\/tienda\/termometro-infrarrojo-etekcity-lasergrip-774\/\" \/>\n<meta property=\"og:site_name\" content=\"Abaa tienda online\" \/>\n<meta property=\"article:modified_time\" content=\"2023-09-18T20:13:16+00:00\" \/>\n<meta property=\"og:image\" content=\"https:\/\/abaa.mx\/tienda\/wp-content\/uploads\/2023\/09\/774.jpg\" \/>\n\t<meta property=\"og:image:width\" content=\"474\" \/>\n\t<meta property=\"og:image:height\" content=\"834\" \/>\n\t<meta property=\"og:image:type\" content=\"image\/jpeg\" \/>\n<meta name=\"twitter:card\" content=\"summary_large_image\" \/>\n<meta name=\"twitter:label1\" content=\"Tiempo de lectura\" \/>\n\t<meta name=\"twitter:data1\" content=\"2 minutos\" \/>\n<script type=\"application\/ld+json\" class=\"yoast-schema-graph\">{\"@context\":\"https:\/\/schema.org\",\"@graph\":[{\"@type\":\"WebPage\",\"@id\":\"https:\/\/abaa.mx\/tienda\/termometro-infrarrojo-etekcity-lasergrip-774\/\",\"url\":\"https:\/\/abaa.mx\/tienda\/termometro-infrarrojo-etekcity-lasergrip-774\/\",\"name\":\"Term\u00f3metro infrarrojo etekcity lasergrip 774 - Abaa tienda online\",\"isPartOf\":{\"@id\":\"https:\/\/abaa.mx\/tienda\/#website\"},\"primaryImageOfPage\":{\"@id\":\"https:\/\/abaa.mx\/tienda\/termometro-infrarrojo-etekcity-lasergrip-774\/#primaryimage\"},\"image\":{\"@id\":\"https:\/\/abaa.mx\/tienda\/termometro-infrarrojo-etekcity-lasergrip-774\/#primaryimage\"},\"thumbnailUrl\":\"https:\/\/abaa.mx\/tienda\/wp-content\/uploads\/2023\/09\/774.jpg\",\"datePublished\":\"2023-09-18T20:09:52+00:00\",\"dateModified\":\"2023-09-18T20:13:16+00:00\",\"breadcrumb\":{\"@id\":\"https:\/\/abaa.mx\/tienda\/termometro-infrarrojo-etekcity-lasergrip-774\/#breadcrumb\"},\"inLanguage\":\"es\",\"potentialAction\":[{\"@type\":\"ReadAction\",\"target\":[\"https:\/\/abaa.mx\/tienda\/termometro-infrarrojo-etekcity-lasergrip-774\/\"]}]},{\"@type\":\"ImageObject\",\"inLanguage\":\"es\",\"@id\":\"https:\/\/abaa.mx\/tienda\/termometro-infrarrojo-etekcity-lasergrip-774\/#primaryimage\",\"url\":\"https:\/\/abaa.mx\/tienda\/wp-content\/uploads\/2023\/09\/774.jpg\",\"contentUrl\":\"https:\/\/abaa.mx\/tienda\/wp-content\/uploads\/2023\/09\/774.jpg\",\"width\":474,\"height\":834,\"caption\":\"termometro-infrarrojo-etekcity-lasergrip-774\"},{\"@type\":\"BreadcrumbList\",\"@id\":\"https:\/\/abaa.mx\/tienda\/termometro-infrarrojo-etekcity-lasergrip-774\/#breadcrumb\",\"itemListElement\":[{\"@type\":\"ListItem\",\"position\":1,\"name\":\"Inicio\",\"item\":\"https:\/\/abaa.mx\/tienda\/\"},{\"@type\":\"ListItem\",\"position\":2,\"name\":\"Tienda\",\"item\":\"https:\/\/abaa.mx\/tienda\/\"},{\"@type\":\"ListItem\",\"position\":3,\"name\":\"Term\u00f3metro infrarrojo etekcity lasergrip 774\"}]},{\"@type\":\"WebSite\",\"@id\":\"https:\/\/abaa.mx\/tienda\/#website\",\"url\":\"https:\/\/abaa.mx\/tienda\/\",\"name\":\"Abaa tienda online\",\"description\":\"Instrumentos de medici\u00f3n\",\"publisher\":{\"@id\":\"https:\/\/abaa.mx\/tienda\/#organization\"},\"potentialAction\":[{\"@type\":\"SearchAction\",\"target\":{\"@type\":\"EntryPoint\",\"urlTemplate\":\"https:\/\/abaa.mx\/tienda\/?s={search_term_string}\"},\"query-input\":{\"@type\":\"PropertyValueSpecification\",\"valueRequired\":true,\"valueName\":\"search_term_string\"}}],\"inLanguage\":\"es\"},{\"@type\":\"Organization\",\"@id\":\"https:\/\/abaa.mx\/tienda\/#organization\",\"name\":\"Abaa tienda online\",\"url\":\"https:\/\/abaa.mx\/tienda\/\",\"logo\":{\"@type\":\"ImageObject\",\"inLanguage\":\"es\",\"@id\":\"https:\/\/abaa.mx\/tienda\/#\/schema\/logo\/image\/\",\"url\":\"https:\/\/abaa.mx\/tienda\/wp-content\/uploads\/2024\/01\/abaa-metrologia-tienda.png\",\"contentUrl\":\"https:\/\/abaa.mx\/tienda\/wp-content\/uploads\/2024\/01\/abaa-metrologia-tienda.png\",\"width\":300,\"height\":141,\"caption\":\"Abaa tienda online\"},\"image\":{\"@id\":\"https:\/\/abaa.mx\/tienda\/#\/schema\/logo\/image\/\"}}]}<\/script>\n<!-- \/ Yoast SEO plugin. -->","yoast_head_json":{"title":"Term\u00f3metro infrarrojo etekcity lasergrip 774 - Abaa tienda online","robots":{"index":"index","follow":"follow","max-snippet":"max-snippet:-1","max-image-preview":"max-image-preview:large","max-video-preview":"max-video-preview:-1"},"canonical":"https:\/\/abaa.mx\/tienda\/termometro-infrarrojo-etekcity-lasergrip-774\/","og_locale":"es_MX","og_type":"article","og_title":"Term\u00f3metro infrarrojo etekcity lasergrip 774 - Abaa tienda online","og_description":"Caracter\u00edsticas: 1. Rango de medici\u00f3n: -50 \u00b0C ~ 550 \u00b0C.  2. Temperatura de almacenamiento: -20 a 50 \u00b0C.  3. Temperatura de funcionamiento: 0 a 50 \u00b0C.  4. Precisi\u00f3n: \u00b1 2% \/\u00b1 2 \u00b0C.  5. Emisividad ajustable: 0.1-1.0  6. Resoluci\u00f3n: 17.7 \u00b0C \/\u00b0C  7. Relaci\u00f3n de distancia a punto: 12:1.  8. Unidades de term\u00f3metro seleccionadas: \u00b0 C \/\u00b0 F  9. Tiempo de respuesta: &lt;500 ms El paquete incluye: 1 term\u00f3metro Etekcity Lasergrip 1022D.  1 bater\u00eda de 9 V CC.  1 manual del usuario.","og_url":"https:\/\/abaa.mx\/tienda\/termometro-infrarrojo-etekcity-lasergrip-774\/","og_site_name":"Abaa tienda online","article_modified_time":"2023-09-18T20:13:16+00:00","og_image":[{"width":474,"height":834,"url":"https:\/\/abaa.mx\/tienda\/wp-content\/uploads\/2023\/09\/774.jpg","type":"image\/jpeg"}],"twitter_card":"summary_large_image","twitter_misc":{"Tiempo de lectura":"2 minutos"},"schema":{"@context":"https:\/\/schema.org","@graph":[{"@type":"WebPage","@id":"https:\/\/abaa.mx\/tienda\/termometro-infrarrojo-etekcity-lasergrip-774\/","url":"https:\/\/abaa.mx\/tienda\/termometro-infrarrojo-etekcity-lasergrip-774\/","name":"Term\u00f3metro infrarrojo etekcity lasergrip 774 - Abaa tienda online","isPartOf":{"@id":"https:\/\/abaa.mx\/tienda\/#website"},"primaryImageOfPage":{"@id":"https:\/\/abaa.mx\/tienda\/termometro-infrarrojo-etekcity-lasergrip-774\/#primaryimage"},"image":{"@id":"https:\/\/abaa.mx\/tienda\/termometro-infrarrojo-etekcity-lasergrip-774\/#primaryimage"},"thumbnailUrl":"https:\/\/abaa.mx\/tienda\/wp-content\/uploads\/2023\/09\/774.jpg","datePublished":"2023-09-18T20:09:52+00:00","dateModified":"2023-09-18T20:13:16+00:00","breadcrumb":{"@id":"https:\/\/abaa.mx\/tienda\/termometro-infrarrojo-etekcity-lasergrip-774\/#breadcrumb"},"inLanguage":"es","potentialAction":[{"@type":"ReadAction","target":["https:\/\/abaa.mx\/tienda\/termometro-infrarrojo-etekcity-lasergrip-774\/"]}]},{"@type":"ImageObject","inLanguage":"es","@id":"https:\/\/abaa.mx\/tienda\/termometro-infrarrojo-etekcity-lasergrip-774\/#primaryimage","url":"https:\/\/abaa.mx\/tienda\/wp-content\/uploads\/2023\/09\/774.jpg","contentUrl":"https:\/\/abaa.mx\/tienda\/wp-content\/uploads\/2023\/09\/774.jpg","width":474,"height":834,"caption":"termometro-infrarrojo-etekcity-lasergrip-774"},{"@type":"BreadcrumbList","@id":"https:\/\/abaa.mx\/tienda\/termometro-infrarrojo-etekcity-lasergrip-774\/#breadcrumb","itemListElement":[{"@type":"ListItem","position":1,"name":"Inicio","item":"https:\/\/abaa.mx\/tienda\/"},{"@type":"ListItem","position":2,"name":"Tienda","item":"https:\/\/abaa.mx\/tienda\/"},{"@type":"ListItem","position":3,"name":"Term\u00f3metro infrarrojo etekcity lasergrip 774"}]},{"@type":"WebSite","@id":"https:\/\/abaa.mx\/tienda\/#website","url":"https:\/\/abaa.mx\/tienda\/","name":"Abaa tienda online","description":"Instrumentos de medici\u00f3n","publisher":{"@id":"https:\/\/abaa.mx\/tienda\/#organization"},"potentialAction":[{"@type":"SearchAction","target":{"@type":"EntryPoint","urlTemplate":"https:\/\/abaa.mx\/tienda\/?s={search_term_string}"},"query-input":{"@type":"PropertyValueSpecification","valueRequired":true,"valueName":"search_term_string"}}],"inLanguage":"es"},{"@type":"Organization","@id":"https:\/\/abaa.mx\/tienda\/#organization","name":"Abaa tienda online","url":"https:\/\/abaa.mx\/tienda\/","logo":{"@type":"ImageObject","inLanguage":"es","@id":"https:\/\/abaa.mx\/tienda\/#\/schema\/logo\/image\/","url":"https:\/\/abaa.mx\/tienda\/wp-content\/uploads\/2024\/01\/abaa-metrologia-tienda.png","contentUrl":"https:\/\/abaa.mx\/tienda\/wp-content\/uploads\/2024\/01\/abaa-metrologia-tienda.png","width":300,"height":141,"caption":"Abaa tienda online"},"image":{"@id":"https:\/\/abaa.mx\/tienda\/#\/schema\/logo\/image\/"}}]}},"_links":{"self":[{"href":"https:\/\/abaa.mx\/tienda\/wp-json\/wp\/v2\/product\/1911","targetHints":{"allow":["GET"]}}],"collection":[{"href":"https:\/\/abaa.mx\/tienda\/wp-json\/wp\/v2\/product"}],"about":[{"href":"https:\/\/abaa.mx\/tienda\/wp-json\/wp\/v2\/types\/product"}],"replies":[{"embeddable":true,"href":"https:\/\/abaa.mx\/tienda\/wp-json\/wp\/v2\/comments?post=1911"}],"wp:featuredmedia":[{"embeddable":true,"href":"https:\/\/abaa.mx\/tienda\/wp-json\/wp\/v2\/media\/1912"}],"wp:attachment":[{"href":"https:\/\/abaa.mx\/tienda\/wp-json\/wp\/v2\/media?parent=1911"}],"wp:term":[{"taxonomy":"product_brand","embeddable":true,"href":"https:\/\/abaa.mx\/tienda\/wp-json\/wp\/v2\/product_brand?post=1911"},{"taxonomy":"product_cat","embeddable":true,"href":"https:\/\/abaa.mx\/tienda\/wp-json\/wp\/v2\/product_cat?post=1911"},{"taxonomy":"product_tag","embeddable":true,"href":"https:\/\/abaa.mx\/tienda\/wp-json\/wp\/v2\/product_tag?post=1911"}],"curies":[{"name":"wp","href":"https:\/\/api.w.org\/{rel}","templated":true}]}}