{"id":1906,"date":"2023-09-18T19:59:13","date_gmt":"2023-09-18T19:59:13","guid":{"rendered":"https:\/\/abaa.mx\/tienda\/?post_type=product&#038;p=1906"},"modified":"2023-09-18T19:59:14","modified_gmt":"2023-09-18T19:59:14","slug":"termometro-infrarrojo-etekcity-lasergrip-1080","status":"publish","type":"product","link":"https:\/\/abaa.mx\/tienda\/termometro-infrarrojo-etekcity-lasergrip-1080\/","title":{"rendered":"Termometro infrarrojo Etekcity Lasergrip 1080"},"content":{"rendered":"<p>&nbsp;<\/p>\n<h1><strong>Termometro infrarrojo Etekcity Lasergrip 1080<\/strong><\/h1>\n<p><strong>CARACTERISTICAS<\/strong><\/p>\n<ul>\n<li>Dise\u00f1o Vers\u00e1til: La tecnolog\u00eda de infrarrojos hace que este term\u00f3metro sea \u00fatil para cocinar y barbacoa, realizar mantenimiento autom\u00e1tico, hacer reparaciones en el hogar y otras muchas tareas; Medir todos los de -58 ~ 1022 \/ -50 ~ 550.<\/li>\n<li>Mejor precisi\u00f3n: la relaci\u00f3n distancia \/ punto es de 12: 1, lo que significa que el puntero l\u00e1ser 1080 puede medir con precisi\u00f3n los objetivos a distancias mayores en comparaci\u00f3n con la mayor\u00eda de los otros term\u00f3metros IR.<\/li>\n<li>Destino m\u00e1s r\u00e1pido: un l\u00e1ser incorporado le da la precisi\u00f3n para pulir en el espacio exacto que desea medir. No adivine ciegamente hacia d\u00f3nde apunta su term\u00f3metro infrarrojo.<\/li>\n<li>Funci\u00f3n agregada: la pantalla LCD es retro iluminada, tambi\u00e9n tiene una funci\u00f3n de apagado autom\u00e1tico para prolongar la duraci\u00f3n de la bater\u00eda, y cuenta con un indicador de bater\u00eda baja por lo que nunca accidentalmente se queda sin jugo (bater\u00eda incluida).<\/li>\n<\/ul>\n<h3>Especificaciones:<\/h3>\n<div class=\"a-row\">\n<div class=\"a-column a-span6\"><\/div>\n<\/div>\n<div class=\"a-expander-content a-expander-extend-content\" aria-expanded=\"true\">\n<div class=\"a-row a-expander-container a-expander-inline-container\">\n<div class=\"a-expander-content a-expander-section-content a-section-expander-inner\" aria-expanded=\"true\">\n<table id=\"productDetails_techSpec_section_1\" class=\"a-keyvalue prodDetTable\" role=\"presentation\">\n<tbody>\n<tr>\n<th class=\"a-color-secondary a-size-base prodDetSectionEntry\">Marca<\/th>\n<td class=\"a-size-base prodDetAttrValue\">\u200eEtekcity<\/td>\n<\/tr>\n<tr>\n<th class=\"a-color-secondary a-size-base prodDetSectionEntry\">N\u00famero de modelo<\/th>\n<td class=\"a-size-base prodDetAttrValue\">\u200e1<\/td>\n<\/tr>\n<tr>\n<th class=\"a-color-secondary a-size-base prodDetSectionEntry\">Color<\/th>\n<td class=\"a-size-base prodDetAttrValue\">\u200eAmarillo<\/td>\n<\/tr>\n<tr>\n<th class=\"a-color-secondary a-size-base prodDetSectionEntry\">Dimensiones del producto<\/th>\n<td class=\"a-size-base prodDetAttrValue\">\u200e15,49 x 7,87 x 3,99 cm; 181,44 g<\/td>\n<\/tr>\n<tr>\n<th class=\"a-color-secondary a-size-base prodDetSectionEntry\">Voltaje<\/th>\n<td class=\"a-size-base prodDetAttrValue\">\u200e9 Voltios<\/td>\n<\/tr>\n<tr>\n<th class=\"a-color-secondary a-size-base prodDetSectionEntry\">Material<\/th>\n<td class=\"a-size-base prodDetAttrValue\">\u200ePl\u00e1stico<\/td>\n<\/tr>\n<tr>\n<th class=\"a-color-secondary a-size-base prodDetSectionEntry\">Apagado autom\u00e1tico<\/th>\n<td class=\"a-size-base prodDetAttrValue\">\u200eNo<\/td>\n<\/tr>\n<tr>\n<th class=\"a-color-secondary a-size-base prodDetSectionEntry\">Caracter\u00edsticas especiales<\/th>\n<td class=\"a-size-base prodDetAttrValue\">\u200ePort\u00e1til<\/td>\n<\/tr>\n<tr>\n<th class=\"a-color-secondary a-size-base prodDetSectionEntry\">Peso del producto<\/th>\n<td class=\"a-size-base prodDetAttrValue\">\u200e181 g<\/td>\n<\/tr>\n<\/tbody>\n<\/table>\n<\/div>\n<\/div>\n<\/div>\n","protected":false},"excerpt":{"rendered":"<p><strong>CARACTERISTICAS<\/strong><\/p>\n<ul>\n<li>Dise\u00f1o Vers\u00e1til: La tecnolog\u00eda de infrarrojos hace que este term\u00f3metro sea \u00fatil para cocinar y barbacoa, realizar mantenimiento autom\u00e1tico, hacer reparaciones en el hogar y otras muchas tareas; Medir todos los de -58 ~ 1022 \/ -50 ~ 550<\/li>\n<li>Mejor precisi\u00f3n: la relaci\u00f3n distancia \/ punto es de 12: 1, lo que significa que el puntero l\u00e1ser 1080 puede medir con precisi\u00f3n los objetivos a distancias mayores en comparaci\u00f3n con la mayor\u00eda de los otros term\u00f3metros IR<\/li>\n<li>Destino m\u00e1s r\u00e1pido: un l\u00e1ser incorporado le da la precisi\u00f3n para pulir en el espacio exacto que desea medir. No adivine ciegamente hacia d\u00f3nde apunta su term\u00f3metro infrarrojo<\/li>\n<li>Funci\u00f3n agregada: la pantalla LCD es retro iluminada, tambi\u00e9n tiene una funci\u00f3n de apagado autom\u00e1tico para prolongar la duraci\u00f3n de la bater\u00eda, y cuenta con un indicador de bater\u00eda baja por lo que nunca accidentalmente se queda sin jugo (bater\u00eda incluida)<\/li>\n<\/ul>\n","protected":false},"featured_media":1908,"comment_status":"open","ping_status":"closed","template":"","meta":{"_joinchat":[]},"product_brand":[],"product_cat":[15],"product_tag":[],"class_list":{"0":"post-1906","1":"product","2":"type-product","3":"status-publish","4":"has-post-thumbnail","6":"product_cat-sin-categorizar","8":"first","9":"instock","10":"shipping-taxable","11":"product-type-simple"},"yoast_head":"<!-- This site is optimized with the Yoast SEO plugin v26.4 - https:\/\/yoast.com\/wordpress\/plugins\/seo\/ -->\n<title>Termometro infrarrojo Etekcity Lasergrip 1080 - Abaa tienda online<\/title>\n<meta name=\"robots\" content=\"index, follow, max-snippet:-1, max-image-preview:large, max-video-preview:-1\" \/>\n<link rel=\"canonical\" href=\"https:\/\/abaa.mx\/tienda\/termometro-infrarrojo-etekcity-lasergrip-1080\/\" \/>\n<meta property=\"og:locale\" content=\"es_MX\" \/>\n<meta property=\"og:type\" content=\"article\" \/>\n<meta property=\"og:title\" content=\"Termometro infrarrojo Etekcity Lasergrip 1080 - Abaa tienda online\" \/>\n<meta property=\"og:description\" content=\"CARACTERISTICAS   Dise\u00f1o Vers\u00e1til: La tecnolog\u00eda de infrarrojos hace que este term\u00f3metro sea \u00fatil para cocinar y barbacoa, realizar mantenimiento autom\u00e1tico, hacer reparaciones en el hogar y otras muchas tareas; Medir todos los de -58 ~ 1022 \/ -50 ~ 550  Mejor precisi\u00f3n: la relaci\u00f3n distancia \/ punto es de 12: 1, lo que significa que el puntero l\u00e1ser 1080 puede medir con precisi\u00f3n los objetivos a distancias mayores en comparaci\u00f3n con la mayor\u00eda de los otros term\u00f3metros IR  Destino m\u00e1s r\u00e1pido: un l\u00e1ser incorporado le da la precisi\u00f3n para pulir en el espacio exacto que desea medir. No adivine ciegamente hacia d\u00f3nde apunta su term\u00f3metro infrarrojo  Funci\u00f3n agregada: la pantalla LCD es retro iluminada, tambi\u00e9n tiene una funci\u00f3n de apagado autom\u00e1tico para prolongar la duraci\u00f3n de la bater\u00eda, y cuenta con un indicador de bater\u00eda baja por lo que nunca accidentalmente se queda sin jugo (bater\u00eda incluida)\" \/>\n<meta property=\"og:url\" content=\"https:\/\/abaa.mx\/tienda\/termometro-infrarrojo-etekcity-lasergrip-1080\/\" \/>\n<meta property=\"og:site_name\" content=\"Abaa tienda online\" \/>\n<meta property=\"article:modified_time\" content=\"2023-09-18T19:59:14+00:00\" \/>\n<meta property=\"og:image\" content=\"https:\/\/abaa.mx\/tienda\/wp-content\/uploads\/2023\/09\/1080.jpg\" \/>\n\t<meta property=\"og:image:width\" content=\"450\" \/>\n\t<meta property=\"og:image:height\" content=\"450\" \/>\n\t<meta property=\"og:image:type\" content=\"image\/jpeg\" \/>\n<meta name=\"twitter:card\" content=\"summary_large_image\" \/>\n<meta name=\"twitter:label1\" content=\"Tiempo de lectura\" \/>\n\t<meta name=\"twitter:data1\" content=\"1 minuto\" \/>\n<script type=\"application\/ld+json\" class=\"yoast-schema-graph\">{\"@context\":\"https:\/\/schema.org\",\"@graph\":[{\"@type\":\"WebPage\",\"@id\":\"https:\/\/abaa.mx\/tienda\/termometro-infrarrojo-etekcity-lasergrip-1080\/\",\"url\":\"https:\/\/abaa.mx\/tienda\/termometro-infrarrojo-etekcity-lasergrip-1080\/\",\"name\":\"Termometro infrarrojo Etekcity Lasergrip 1080 - Abaa tienda online\",\"isPartOf\":{\"@id\":\"https:\/\/abaa.mx\/tienda\/#website\"},\"primaryImageOfPage\":{\"@id\":\"https:\/\/abaa.mx\/tienda\/termometro-infrarrojo-etekcity-lasergrip-1080\/#primaryimage\"},\"image\":{\"@id\":\"https:\/\/abaa.mx\/tienda\/termometro-infrarrojo-etekcity-lasergrip-1080\/#primaryimage\"},\"thumbnailUrl\":\"https:\/\/abaa.mx\/tienda\/wp-content\/uploads\/2023\/09\/1080.jpg\",\"datePublished\":\"2023-09-18T19:59:13+00:00\",\"dateModified\":\"2023-09-18T19:59:14+00:00\",\"breadcrumb\":{\"@id\":\"https:\/\/abaa.mx\/tienda\/termometro-infrarrojo-etekcity-lasergrip-1080\/#breadcrumb\"},\"inLanguage\":\"es\",\"potentialAction\":[{\"@type\":\"ReadAction\",\"target\":[\"https:\/\/abaa.mx\/tienda\/termometro-infrarrojo-etekcity-lasergrip-1080\/\"]}]},{\"@type\":\"ImageObject\",\"inLanguage\":\"es\",\"@id\":\"https:\/\/abaa.mx\/tienda\/termometro-infrarrojo-etekcity-lasergrip-1080\/#primaryimage\",\"url\":\"https:\/\/abaa.mx\/tienda\/wp-content\/uploads\/2023\/09\/1080.jpg\",\"contentUrl\":\"https:\/\/abaa.mx\/tienda\/wp-content\/uploads\/2023\/09\/1080.jpg\",\"width\":450,\"height\":450,\"caption\":\"termometro-infrarrojo-etekcity-lasergrip-1080\"},{\"@type\":\"BreadcrumbList\",\"@id\":\"https:\/\/abaa.mx\/tienda\/termometro-infrarrojo-etekcity-lasergrip-1080\/#breadcrumb\",\"itemListElement\":[{\"@type\":\"ListItem\",\"position\":1,\"name\":\"Inicio\",\"item\":\"https:\/\/abaa.mx\/tienda\/\"},{\"@type\":\"ListItem\",\"position\":2,\"name\":\"Tienda\",\"item\":\"https:\/\/abaa.mx\/tienda\/\"},{\"@type\":\"ListItem\",\"position\":3,\"name\":\"Termometro infrarrojo Etekcity Lasergrip 1080\"}]},{\"@type\":\"WebSite\",\"@id\":\"https:\/\/abaa.mx\/tienda\/#website\",\"url\":\"https:\/\/abaa.mx\/tienda\/\",\"name\":\"Abaa tienda online\",\"description\":\"Instrumentos de medici\u00f3n\",\"publisher\":{\"@id\":\"https:\/\/abaa.mx\/tienda\/#organization\"},\"potentialAction\":[{\"@type\":\"SearchAction\",\"target\":{\"@type\":\"EntryPoint\",\"urlTemplate\":\"https:\/\/abaa.mx\/tienda\/?s={search_term_string}\"},\"query-input\":{\"@type\":\"PropertyValueSpecification\",\"valueRequired\":true,\"valueName\":\"search_term_string\"}}],\"inLanguage\":\"es\"},{\"@type\":\"Organization\",\"@id\":\"https:\/\/abaa.mx\/tienda\/#organization\",\"name\":\"Abaa tienda online\",\"url\":\"https:\/\/abaa.mx\/tienda\/\",\"logo\":{\"@type\":\"ImageObject\",\"inLanguage\":\"es\",\"@id\":\"https:\/\/abaa.mx\/tienda\/#\/schema\/logo\/image\/\",\"url\":\"https:\/\/abaa.mx\/tienda\/wp-content\/uploads\/2024\/01\/abaa-metrologia-tienda.png\",\"contentUrl\":\"https:\/\/abaa.mx\/tienda\/wp-content\/uploads\/2024\/01\/abaa-metrologia-tienda.png\",\"width\":300,\"height\":141,\"caption\":\"Abaa tienda online\"},\"image\":{\"@id\":\"https:\/\/abaa.mx\/tienda\/#\/schema\/logo\/image\/\"}}]}<\/script>\n<!-- \/ Yoast SEO plugin. -->","yoast_head_json":{"title":"Termometro infrarrojo Etekcity Lasergrip 1080 - Abaa tienda online","robots":{"index":"index","follow":"follow","max-snippet":"max-snippet:-1","max-image-preview":"max-image-preview:large","max-video-preview":"max-video-preview:-1"},"canonical":"https:\/\/abaa.mx\/tienda\/termometro-infrarrojo-etekcity-lasergrip-1080\/","og_locale":"es_MX","og_type":"article","og_title":"Termometro infrarrojo Etekcity Lasergrip 1080 - Abaa tienda online","og_description":"CARACTERISTICAS   Dise\u00f1o Vers\u00e1til: La tecnolog\u00eda de infrarrojos hace que este term\u00f3metro sea \u00fatil para cocinar y barbacoa, realizar mantenimiento autom\u00e1tico, hacer reparaciones en el hogar y otras muchas tareas; Medir todos los de -58 ~ 1022 \/ -50 ~ 550  Mejor precisi\u00f3n: la relaci\u00f3n distancia \/ punto es de 12: 1, lo que significa que el puntero l\u00e1ser 1080 puede medir con precisi\u00f3n los objetivos a distancias mayores en comparaci\u00f3n con la mayor\u00eda de los otros term\u00f3metros IR  Destino m\u00e1s r\u00e1pido: un l\u00e1ser incorporado le da la precisi\u00f3n para pulir en el espacio exacto que desea medir. No adivine ciegamente hacia d\u00f3nde apunta su term\u00f3metro infrarrojo  Funci\u00f3n agregada: la pantalla LCD es retro iluminada, tambi\u00e9n tiene una funci\u00f3n de apagado autom\u00e1tico para prolongar la duraci\u00f3n de la bater\u00eda, y cuenta con un indicador de bater\u00eda baja por lo que nunca accidentalmente se queda sin jugo (bater\u00eda incluida)","og_url":"https:\/\/abaa.mx\/tienda\/termometro-infrarrojo-etekcity-lasergrip-1080\/","og_site_name":"Abaa tienda online","article_modified_time":"2023-09-18T19:59:14+00:00","og_image":[{"width":450,"height":450,"url":"https:\/\/abaa.mx\/tienda\/wp-content\/uploads\/2023\/09\/1080.jpg","type":"image\/jpeg"}],"twitter_card":"summary_large_image","twitter_misc":{"Tiempo de lectura":"1 minuto"},"schema":{"@context":"https:\/\/schema.org","@graph":[{"@type":"WebPage","@id":"https:\/\/abaa.mx\/tienda\/termometro-infrarrojo-etekcity-lasergrip-1080\/","url":"https:\/\/abaa.mx\/tienda\/termometro-infrarrojo-etekcity-lasergrip-1080\/","name":"Termometro infrarrojo Etekcity Lasergrip 1080 - Abaa tienda online","isPartOf":{"@id":"https:\/\/abaa.mx\/tienda\/#website"},"primaryImageOfPage":{"@id":"https:\/\/abaa.mx\/tienda\/termometro-infrarrojo-etekcity-lasergrip-1080\/#primaryimage"},"image":{"@id":"https:\/\/abaa.mx\/tienda\/termometro-infrarrojo-etekcity-lasergrip-1080\/#primaryimage"},"thumbnailUrl":"https:\/\/abaa.mx\/tienda\/wp-content\/uploads\/2023\/09\/1080.jpg","datePublished":"2023-09-18T19:59:13+00:00","dateModified":"2023-09-18T19:59:14+00:00","breadcrumb":{"@id":"https:\/\/abaa.mx\/tienda\/termometro-infrarrojo-etekcity-lasergrip-1080\/#breadcrumb"},"inLanguage":"es","potentialAction":[{"@type":"ReadAction","target":["https:\/\/abaa.mx\/tienda\/termometro-infrarrojo-etekcity-lasergrip-1080\/"]}]},{"@type":"ImageObject","inLanguage":"es","@id":"https:\/\/abaa.mx\/tienda\/termometro-infrarrojo-etekcity-lasergrip-1080\/#primaryimage","url":"https:\/\/abaa.mx\/tienda\/wp-content\/uploads\/2023\/09\/1080.jpg","contentUrl":"https:\/\/abaa.mx\/tienda\/wp-content\/uploads\/2023\/09\/1080.jpg","width":450,"height":450,"caption":"termometro-infrarrojo-etekcity-lasergrip-1080"},{"@type":"BreadcrumbList","@id":"https:\/\/abaa.mx\/tienda\/termometro-infrarrojo-etekcity-lasergrip-1080\/#breadcrumb","itemListElement":[{"@type":"ListItem","position":1,"name":"Inicio","item":"https:\/\/abaa.mx\/tienda\/"},{"@type":"ListItem","position":2,"name":"Tienda","item":"https:\/\/abaa.mx\/tienda\/"},{"@type":"ListItem","position":3,"name":"Termometro infrarrojo Etekcity Lasergrip 1080"}]},{"@type":"WebSite","@id":"https:\/\/abaa.mx\/tienda\/#website","url":"https:\/\/abaa.mx\/tienda\/","name":"Abaa tienda online","description":"Instrumentos de medici\u00f3n","publisher":{"@id":"https:\/\/abaa.mx\/tienda\/#organization"},"potentialAction":[{"@type":"SearchAction","target":{"@type":"EntryPoint","urlTemplate":"https:\/\/abaa.mx\/tienda\/?s={search_term_string}"},"query-input":{"@type":"PropertyValueSpecification","valueRequired":true,"valueName":"search_term_string"}}],"inLanguage":"es"},{"@type":"Organization","@id":"https:\/\/abaa.mx\/tienda\/#organization","name":"Abaa tienda online","url":"https:\/\/abaa.mx\/tienda\/","logo":{"@type":"ImageObject","inLanguage":"es","@id":"https:\/\/abaa.mx\/tienda\/#\/schema\/logo\/image\/","url":"https:\/\/abaa.mx\/tienda\/wp-content\/uploads\/2024\/01\/abaa-metrologia-tienda.png","contentUrl":"https:\/\/abaa.mx\/tienda\/wp-content\/uploads\/2024\/01\/abaa-metrologia-tienda.png","width":300,"height":141,"caption":"Abaa tienda online"},"image":{"@id":"https:\/\/abaa.mx\/tienda\/#\/schema\/logo\/image\/"}}]}},"_links":{"self":[{"href":"https:\/\/abaa.mx\/tienda\/wp-json\/wp\/v2\/product\/1906","targetHints":{"allow":["GET"]}}],"collection":[{"href":"https:\/\/abaa.mx\/tienda\/wp-json\/wp\/v2\/product"}],"about":[{"href":"https:\/\/abaa.mx\/tienda\/wp-json\/wp\/v2\/types\/product"}],"replies":[{"embeddable":true,"href":"https:\/\/abaa.mx\/tienda\/wp-json\/wp\/v2\/comments?post=1906"}],"wp:featuredmedia":[{"embeddable":true,"href":"https:\/\/abaa.mx\/tienda\/wp-json\/wp\/v2\/media\/1908"}],"wp:attachment":[{"href":"https:\/\/abaa.mx\/tienda\/wp-json\/wp\/v2\/media?parent=1906"}],"wp:term":[{"taxonomy":"product_brand","embeddable":true,"href":"https:\/\/abaa.mx\/tienda\/wp-json\/wp\/v2\/product_brand?post=1906"},{"taxonomy":"product_cat","embeddable":true,"href":"https:\/\/abaa.mx\/tienda\/wp-json\/wp\/v2\/product_cat?post=1906"},{"taxonomy":"product_tag","embeddable":true,"href":"https:\/\/abaa.mx\/tienda\/wp-json\/wp\/v2\/product_tag?post=1906"}],"curies":[{"name":"wp","href":"https:\/\/api.w.org\/{rel}","templated":true}]}}