{"id":1903,"date":"2023-09-18T19:51:34","date_gmt":"2023-09-18T19:51:34","guid":{"rendered":"https:\/\/abaa.mx\/tienda\/?post_type=product&#038;p=1903"},"modified":"2023-09-18T19:51:35","modified_gmt":"2023-09-18T19:51:35","slug":"termometro-infrarrojo-fluke-59-max","status":"publish","type":"product","link":"https:\/\/abaa.mx\/tienda\/termometro-infrarrojo-fluke-59-max\/","title":{"rendered":"Term\u00f3metro infrarrojo Fluke 59 MAX"},"content":{"rendered":"<h1><strong>Term\u00f3metro infrarrojo Fluke 59 MAX<\/strong><\/h1>\n<h2 class=\"features-title\">Caracter\u00edsticas principales<\/h2>\n<div id=\"keyfeature_content\" data-readmore=\"\" aria-expanded=\"true\">\n<ul>\n<li>Tecnolog\u00eda l\u00e1ser precisa para realizar mediciones m\u00e1s exactas y repetibles<\/li>\n<li>Pantalla grande LCD con retroiluminaci\u00f3n y de f\u00e1cil lectura para una visualizaci\u00f3n sencilla<\/li>\n<li>El dise\u00f1o peque\u00f1o y liviano cabe con facilidad en su caja de herramientas<\/li>\n<li>Relaci\u00f3n de distancia al objetivo de 10:1<\/li>\n<li>Clasificaci\u00f3n IP40 para protecci\u00f3n extra<\/li>\n<li>Muestra la temperatura m\u00e1xima, m\u00ednima o promedio, as\u00ed como la diferencia entre dos mediciones<\/li>\n<li>Alarma &#8220;Hi&#8221; y &#8220;Lo&#8221; para una visualizaci\u00f3n r\u00e1pida de las mediciones que est\u00e1n fuera de los l\u00edmites<\/li>\n<li>Se alimenta de una (1) bater\u00eda AA<\/li>\n<li>Un a\u00f1o de garant\u00eda<\/li>\n<\/ul>\n<p>Dise\u00f1ado para soportar una ca\u00edda desde un metro de altura, puede contar con este term\u00f3metro infrarrojo liviano y compacto para usarlo cuando lo necesite.<\/p>\n<h2>Especificaciones:<\/h2>\n<div id=\"fluke-product-display-specs\">\n<div id=\"product-specs\">\n<div id=\"specification_content\">\n<div class=\"clickability\">\n<table>\n<tbody>\n<tr>\n<td colspan=\"3\">Especificaciones<\/td>\n<\/tr>\n<tr>\n<td>Rango de temperatura<\/td>\n<td colspan=\"2\">-30 \u00b0C a 500 \u00b0C (-22 \u00b0F a 932 \u00b0F)<\/td>\n<\/tr>\n<tr>\n<td rowspan=\"6\">Exactitud (geometr\u00eda de calibraci\u00f3n con temperatura ambiente de 23 \u00b0C \u00b1 2 \u00b0C)<\/td>\n<td><b>\u22650\u00a0\u00b0C<\/b><\/td>\n<td>\u00b11.5 \u00b0C o \u00b11.5 % de lectura, el valor mayor de los dos<\/td>\n<\/tr>\n<tr>\n<td>\u2265-10\u00a0\u00b0C a &lt; 0\u00a0\u00b0C:<\/td>\n<td>\u00b12.0 \u00b0C<\/td>\n<\/tr>\n<tr>\n<td>&lt; -10 \u00b0C<\/td>\n<td>\u00b13.0 \u00b0C<\/td>\n<\/tr>\n<tr>\n<td>\u226532\u00a0\u00b0F<\/td>\n<td>\u00b13.0 \u00b0F o \u00b11.5 % de lectura, el valor mayor de los dos<\/td>\n<\/tr>\n<tr>\n<td>\u226514\u00a0\u00b0F a &lt;32\u00a0\u00b0F<\/td>\n<td>\u00b14.0 \u00b0F<\/td>\n<\/tr>\n<tr>\n<td>&lt; 14 \u00b0F:<\/td>\n<td>\u00b16.0 \u00b0F<\/td>\n<\/tr>\n<tr>\n<td>Tiempo de respuesta (95 %)<\/td>\n<td colspan=\"2\">&lt; 500 ms (95 % de la lectura)<\/td>\n<\/tr>\n<tr>\n<td>Respuesta espectral<\/td>\n<td colspan=\"2\">8 mm a 14 mm<\/td>\n<\/tr>\n<tr>\n<td>Emisividad<\/td>\n<td colspan=\"2\">0.10 a 1.00<\/td>\n<\/tr>\n<tr>\n<td>Relaci\u00f3n distancia a punto de exploraci\u00f3n<\/td>\n<td colspan=\"2\">10:1 (calculado al 90 % de energ\u00eda)<\/td>\n<\/tr>\n<tr>\n<td>Resoluci\u00f3n de la pantalla<\/td>\n<td colspan=\"2\">0.1 \u00b0C (0.2 \u00b0F)<\/td>\n<\/tr>\n<tr>\n<td>Repetibilidad (% de la lectura)<\/td>\n<td colspan=\"2\">\u00b1 0.8 % de lectura \u00f3 \u00b1 1.0 \u00b0C<br \/>\n(\u00b12.0 \u00b0F), el valor mayor<\/td>\n<\/tr>\n<tr>\n<td>Alimentaci\u00f3n<\/td>\n<td colspan=\"2\">1 bater\u00eda AA LR06 (CEI)<\/td>\n<\/tr>\n<tr>\n<td>Duraci\u00f3n de la bater\u00eda<\/td>\n<td colspan=\"2\">12 horas con el l\u00e1ser y la iluminaci\u00f3n de pantalla activadas<\/td>\n<\/tr>\n<tr>\n<td>Peso<\/td>\n<td colspan=\"2\">220 g (7.76 oz)<\/td>\n<\/tr>\n<tr>\n<td>Dimensiones<\/td>\n<td colspan=\"2\">156 x 80 x 50 mm (6.14 x 3.15 x 2 pulg.)<\/td>\n<\/tr>\n<tr>\n<td>Temperatura de funcionamiento<\/td>\n<td colspan=\"2\">0 \u00b0C a 50 \u00b0C (32 \u00b0F a 122 \u00b0F)<\/td>\n<\/tr>\n<tr>\n<td>Temperatura de almacenamiento<\/td>\n<td colspan=\"2\">-20 \u00b0C a +60 \u00b0C (-4 \u00b0F a 140 \u00b0F), (sin bater\u00eda)<\/td>\n<\/tr>\n<tr>\n<td>Humedad de funcionamiento<\/td>\n<td colspan=\"2\">10 % a 90 % de humedad relativa sin condensaci\u00f3n, a 30 \u00b0C (86 \u00b0F)<\/td>\n<\/tr>\n<tr>\n<td>Altitud de funcionamiento<\/td>\n<td colspan=\"2\">2000 metros sobre el nivel del mar<\/td>\n<\/tr>\n<tr>\n<td>Altitud de almacenamiento<\/td>\n<td colspan=\"2\">12\u00a0000 metros sobre el nivel del mar<\/td>\n<\/tr>\n<tr>\n<td>Prueba de ca\u00edda<\/td>\n<td colspan=\"2\">1 m<\/td>\n<\/tr>\n<tr class=\"head\">\n<td>Clasificaci\u00f3n de protecci\u00f3n de entrada<\/td>\n<td colspan=\"2\">IP40 por IEC 60529<\/td>\n<\/tr>\n<tr>\n<td>Resistencia a choques y vibraciones<\/td>\n<td colspan=\"2\">IEC 68-2-6 2.5 g, de 10 a 200 Hz, IEC 68-2-27, 50 g, 11 ms<\/td>\n<\/tr>\n<tr>\n<td>Conformidad<\/td>\n<td colspan=\"2\">EN\/IEC 61010-1<\/td>\n<\/tr>\n<tr>\n<td>Seguridad l\u00e1ser<\/td>\n<td colspan=\"2\">FDA y norma EN 60825-1 Clase II<\/td>\n<\/tr>\n<tr>\n<td>Compatibilidad electromagn\u00e9tica<\/td>\n<td colspan=\"2\">61326-1 EN 61326-2:<\/td>\n<\/tr>\n<\/tbody>\n<\/table>\n<\/div>\n<\/div>\n<\/div>\n<\/div>\n<\/div>\n","protected":false},"excerpt":{"rendered":"<h2 class=\"features-title\">Caracter\u00edsticas principales<\/h2>\n<div id=\"keyfeature_content\" data-readmore=\"\" aria-expanded=\"true\">\n<ul>\n<li>Tecnolog\u00eda l\u00e1ser precisa para realizar mediciones m\u00e1s exactas y repetibles<\/li>\n<li>Pantalla grande LCD con retroiluminaci\u00f3n y de f\u00e1cil lectura para una visualizaci\u00f3n sencilla<\/li>\n<li>El dise\u00f1o peque\u00f1o y liviano cabe con facilidad en su caja de herramientas<\/li>\n<li>Relaci\u00f3n de distancia al objetivo de 10:1<\/li>\n<li>Clasificaci\u00f3n IP40 para protecci\u00f3n extra<\/li>\n<li>Muestra la temperatura m\u00e1xima, m\u00ednima o promedio, as\u00ed como la diferencia entre dos mediciones<\/li>\n<li>Alarma &#8220;Hi&#8221; y &#8220;Lo&#8221; para una visualizaci\u00f3n r\u00e1pida de las mediciones que est\u00e1n fuera de los l\u00edmites<\/li>\n<li>Se alimenta de una (1) bater\u00eda AA<\/li>\n<li>Un a\u00f1o de garant\u00eda<\/li>\n<\/ul>\n<\/div>\n","protected":false},"featured_media":1904,"comment_status":"open","ping_status":"closed","template":"","meta":{"_joinchat":[]},"product_brand":[],"product_cat":[15],"product_tag":[],"class_list":{"0":"post-1903","1":"product","2":"type-product","3":"status-publish","4":"has-post-thumbnail","6":"product_cat-sin-categorizar","8":"first","9":"instock","10":"shipping-taxable","11":"product-type-simple"},"yoast_head":"<!-- This site is optimized with the Yoast SEO plugin v26.4 - https:\/\/yoast.com\/wordpress\/plugins\/seo\/ -->\n<title>Term\u00f3metro infrarrojo Fluke 59 MAX - Abaa tienda online<\/title>\n<meta name=\"robots\" content=\"index, follow, max-snippet:-1, max-image-preview:large, max-video-preview:-1\" \/>\n<link rel=\"canonical\" href=\"https:\/\/abaa.mx\/tienda\/termometro-infrarrojo-fluke-59-max\/\" \/>\n<meta property=\"og:locale\" content=\"es_MX\" \/>\n<meta property=\"og:type\" content=\"article\" \/>\n<meta property=\"og:title\" content=\"Term\u00f3metro infrarrojo Fluke 59 MAX - Abaa tienda online\" \/>\n<meta property=\"og:description\" content=\"Caracter\u00edsticas principales    Tecnolog\u00eda l\u00e1ser precisa para realizar mediciones m\u00e1s exactas y repetibles  Pantalla grande LCD con retroiluminaci\u00f3n y de f\u00e1cil lectura para una visualizaci\u00f3n sencilla  El dise\u00f1o peque\u00f1o y liviano cabe con facilidad en su caja de herramientas  Relaci\u00f3n de distancia al objetivo de 10:1  Clasificaci\u00f3n IP40 para protecci\u00f3n extra  Muestra la temperatura m\u00e1xima, m\u00ednima o promedio, as\u00ed como la diferencia entre dos mediciones  Alarma &quot;Hi&quot; y &quot;Lo&quot; para una visualizaci\u00f3n r\u00e1pida de las mediciones que est\u00e1n fuera de los l\u00edmites  Se alimenta de una (1) bater\u00eda AA  Un a\u00f1o de garant\u00eda\" \/>\n<meta property=\"og:url\" content=\"https:\/\/abaa.mx\/tienda\/termometro-infrarrojo-fluke-59-max\/\" \/>\n<meta property=\"og:site_name\" content=\"Abaa tienda online\" \/>\n<meta property=\"article:modified_time\" content=\"2023-09-18T19:51:35+00:00\" \/>\n<meta property=\"og:image\" content=\"https:\/\/abaa.mx\/tienda\/wp-content\/uploads\/2023\/09\/59-MAX.jpg\" \/>\n\t<meta property=\"og:image:width\" content=\"1000\" \/>\n\t<meta property=\"og:image:height\" content=\"1000\" \/>\n\t<meta property=\"og:image:type\" content=\"image\/jpeg\" \/>\n<meta name=\"twitter:card\" content=\"summary_large_image\" \/>\n<meta name=\"twitter:label1\" content=\"Tiempo de lectura\" \/>\n\t<meta name=\"twitter:data1\" content=\"2 minutos\" \/>\n<script type=\"application\/ld+json\" class=\"yoast-schema-graph\">{\"@context\":\"https:\/\/schema.org\",\"@graph\":[{\"@type\":\"WebPage\",\"@id\":\"https:\/\/abaa.mx\/tienda\/termometro-infrarrojo-fluke-59-max\/\",\"url\":\"https:\/\/abaa.mx\/tienda\/termometro-infrarrojo-fluke-59-max\/\",\"name\":\"Term\u00f3metro infrarrojo Fluke 59 MAX - Abaa tienda online\",\"isPartOf\":{\"@id\":\"https:\/\/abaa.mx\/tienda\/#website\"},\"primaryImageOfPage\":{\"@id\":\"https:\/\/abaa.mx\/tienda\/termometro-infrarrojo-fluke-59-max\/#primaryimage\"},\"image\":{\"@id\":\"https:\/\/abaa.mx\/tienda\/termometro-infrarrojo-fluke-59-max\/#primaryimage\"},\"thumbnailUrl\":\"https:\/\/abaa.mx\/tienda\/wp-content\/uploads\/2023\/09\/59-MAX.jpg\",\"datePublished\":\"2023-09-18T19:51:34+00:00\",\"dateModified\":\"2023-09-18T19:51:35+00:00\",\"breadcrumb\":{\"@id\":\"https:\/\/abaa.mx\/tienda\/termometro-infrarrojo-fluke-59-max\/#breadcrumb\"},\"inLanguage\":\"es\",\"potentialAction\":[{\"@type\":\"ReadAction\",\"target\":[\"https:\/\/abaa.mx\/tienda\/termometro-infrarrojo-fluke-59-max\/\"]}]},{\"@type\":\"ImageObject\",\"inLanguage\":\"es\",\"@id\":\"https:\/\/abaa.mx\/tienda\/termometro-infrarrojo-fluke-59-max\/#primaryimage\",\"url\":\"https:\/\/abaa.mx\/tienda\/wp-content\/uploads\/2023\/09\/59-MAX.jpg\",\"contentUrl\":\"https:\/\/abaa.mx\/tienda\/wp-content\/uploads\/2023\/09\/59-MAX.jpg\",\"width\":1000,\"height\":1000,\"caption\":\"termometro-infrarrojo-fluke-59-max\"},{\"@type\":\"BreadcrumbList\",\"@id\":\"https:\/\/abaa.mx\/tienda\/termometro-infrarrojo-fluke-59-max\/#breadcrumb\",\"itemListElement\":[{\"@type\":\"ListItem\",\"position\":1,\"name\":\"Inicio\",\"item\":\"https:\/\/abaa.mx\/tienda\/\"},{\"@type\":\"ListItem\",\"position\":2,\"name\":\"Tienda\",\"item\":\"https:\/\/abaa.mx\/tienda\/\"},{\"@type\":\"ListItem\",\"position\":3,\"name\":\"Term\u00f3metro infrarrojo Fluke 59 MAX\"}]},{\"@type\":\"WebSite\",\"@id\":\"https:\/\/abaa.mx\/tienda\/#website\",\"url\":\"https:\/\/abaa.mx\/tienda\/\",\"name\":\"Abaa tienda online\",\"description\":\"Instrumentos de medici\u00f3n\",\"publisher\":{\"@id\":\"https:\/\/abaa.mx\/tienda\/#organization\"},\"potentialAction\":[{\"@type\":\"SearchAction\",\"target\":{\"@type\":\"EntryPoint\",\"urlTemplate\":\"https:\/\/abaa.mx\/tienda\/?s={search_term_string}\"},\"query-input\":{\"@type\":\"PropertyValueSpecification\",\"valueRequired\":true,\"valueName\":\"search_term_string\"}}],\"inLanguage\":\"es\"},{\"@type\":\"Organization\",\"@id\":\"https:\/\/abaa.mx\/tienda\/#organization\",\"name\":\"Abaa tienda online\",\"url\":\"https:\/\/abaa.mx\/tienda\/\",\"logo\":{\"@type\":\"ImageObject\",\"inLanguage\":\"es\",\"@id\":\"https:\/\/abaa.mx\/tienda\/#\/schema\/logo\/image\/\",\"url\":\"https:\/\/abaa.mx\/tienda\/wp-content\/uploads\/2024\/01\/abaa-metrologia-tienda.png\",\"contentUrl\":\"https:\/\/abaa.mx\/tienda\/wp-content\/uploads\/2024\/01\/abaa-metrologia-tienda.png\",\"width\":300,\"height\":141,\"caption\":\"Abaa tienda online\"},\"image\":{\"@id\":\"https:\/\/abaa.mx\/tienda\/#\/schema\/logo\/image\/\"}}]}<\/script>\n<!-- \/ Yoast SEO plugin. -->","yoast_head_json":{"title":"Term\u00f3metro infrarrojo Fluke 59 MAX - Abaa tienda online","robots":{"index":"index","follow":"follow","max-snippet":"max-snippet:-1","max-image-preview":"max-image-preview:large","max-video-preview":"max-video-preview:-1"},"canonical":"https:\/\/abaa.mx\/tienda\/termometro-infrarrojo-fluke-59-max\/","og_locale":"es_MX","og_type":"article","og_title":"Term\u00f3metro infrarrojo Fluke 59 MAX - Abaa tienda online","og_description":"Caracter\u00edsticas principales    Tecnolog\u00eda l\u00e1ser precisa para realizar mediciones m\u00e1s exactas y repetibles  Pantalla grande LCD con retroiluminaci\u00f3n y de f\u00e1cil lectura para una visualizaci\u00f3n sencilla  El dise\u00f1o peque\u00f1o y liviano cabe con facilidad en su caja de herramientas  Relaci\u00f3n de distancia al objetivo de 10:1  Clasificaci\u00f3n IP40 para protecci\u00f3n extra  Muestra la temperatura m\u00e1xima, m\u00ednima o promedio, as\u00ed como la diferencia entre dos mediciones  Alarma \"Hi\" y \"Lo\" para una visualizaci\u00f3n r\u00e1pida de las mediciones que est\u00e1n fuera de los l\u00edmites  Se alimenta de una (1) bater\u00eda AA  Un a\u00f1o de garant\u00eda","og_url":"https:\/\/abaa.mx\/tienda\/termometro-infrarrojo-fluke-59-max\/","og_site_name":"Abaa tienda online","article_modified_time":"2023-09-18T19:51:35+00:00","og_image":[{"width":1000,"height":1000,"url":"https:\/\/abaa.mx\/tienda\/wp-content\/uploads\/2023\/09\/59-MAX.jpg","type":"image\/jpeg"}],"twitter_card":"summary_large_image","twitter_misc":{"Tiempo de lectura":"2 minutos"},"schema":{"@context":"https:\/\/schema.org","@graph":[{"@type":"WebPage","@id":"https:\/\/abaa.mx\/tienda\/termometro-infrarrojo-fluke-59-max\/","url":"https:\/\/abaa.mx\/tienda\/termometro-infrarrojo-fluke-59-max\/","name":"Term\u00f3metro infrarrojo Fluke 59 MAX - Abaa tienda online","isPartOf":{"@id":"https:\/\/abaa.mx\/tienda\/#website"},"primaryImageOfPage":{"@id":"https:\/\/abaa.mx\/tienda\/termometro-infrarrojo-fluke-59-max\/#primaryimage"},"image":{"@id":"https:\/\/abaa.mx\/tienda\/termometro-infrarrojo-fluke-59-max\/#primaryimage"},"thumbnailUrl":"https:\/\/abaa.mx\/tienda\/wp-content\/uploads\/2023\/09\/59-MAX.jpg","datePublished":"2023-09-18T19:51:34+00:00","dateModified":"2023-09-18T19:51:35+00:00","breadcrumb":{"@id":"https:\/\/abaa.mx\/tienda\/termometro-infrarrojo-fluke-59-max\/#breadcrumb"},"inLanguage":"es","potentialAction":[{"@type":"ReadAction","target":["https:\/\/abaa.mx\/tienda\/termometro-infrarrojo-fluke-59-max\/"]}]},{"@type":"ImageObject","inLanguage":"es","@id":"https:\/\/abaa.mx\/tienda\/termometro-infrarrojo-fluke-59-max\/#primaryimage","url":"https:\/\/abaa.mx\/tienda\/wp-content\/uploads\/2023\/09\/59-MAX.jpg","contentUrl":"https:\/\/abaa.mx\/tienda\/wp-content\/uploads\/2023\/09\/59-MAX.jpg","width":1000,"height":1000,"caption":"termometro-infrarrojo-fluke-59-max"},{"@type":"BreadcrumbList","@id":"https:\/\/abaa.mx\/tienda\/termometro-infrarrojo-fluke-59-max\/#breadcrumb","itemListElement":[{"@type":"ListItem","position":1,"name":"Inicio","item":"https:\/\/abaa.mx\/tienda\/"},{"@type":"ListItem","position":2,"name":"Tienda","item":"https:\/\/abaa.mx\/tienda\/"},{"@type":"ListItem","position":3,"name":"Term\u00f3metro infrarrojo Fluke 59 MAX"}]},{"@type":"WebSite","@id":"https:\/\/abaa.mx\/tienda\/#website","url":"https:\/\/abaa.mx\/tienda\/","name":"Abaa tienda online","description":"Instrumentos de medici\u00f3n","publisher":{"@id":"https:\/\/abaa.mx\/tienda\/#organization"},"potentialAction":[{"@type":"SearchAction","target":{"@type":"EntryPoint","urlTemplate":"https:\/\/abaa.mx\/tienda\/?s={search_term_string}"},"query-input":{"@type":"PropertyValueSpecification","valueRequired":true,"valueName":"search_term_string"}}],"inLanguage":"es"},{"@type":"Organization","@id":"https:\/\/abaa.mx\/tienda\/#organization","name":"Abaa tienda online","url":"https:\/\/abaa.mx\/tienda\/","logo":{"@type":"ImageObject","inLanguage":"es","@id":"https:\/\/abaa.mx\/tienda\/#\/schema\/logo\/image\/","url":"https:\/\/abaa.mx\/tienda\/wp-content\/uploads\/2024\/01\/abaa-metrologia-tienda.png","contentUrl":"https:\/\/abaa.mx\/tienda\/wp-content\/uploads\/2024\/01\/abaa-metrologia-tienda.png","width":300,"height":141,"caption":"Abaa tienda online"},"image":{"@id":"https:\/\/abaa.mx\/tienda\/#\/schema\/logo\/image\/"}}]}},"_links":{"self":[{"href":"https:\/\/abaa.mx\/tienda\/wp-json\/wp\/v2\/product\/1903","targetHints":{"allow":["GET"]}}],"collection":[{"href":"https:\/\/abaa.mx\/tienda\/wp-json\/wp\/v2\/product"}],"about":[{"href":"https:\/\/abaa.mx\/tienda\/wp-json\/wp\/v2\/types\/product"}],"replies":[{"embeddable":true,"href":"https:\/\/abaa.mx\/tienda\/wp-json\/wp\/v2\/comments?post=1903"}],"wp:featuredmedia":[{"embeddable":true,"href":"https:\/\/abaa.mx\/tienda\/wp-json\/wp\/v2\/media\/1904"}],"wp:attachment":[{"href":"https:\/\/abaa.mx\/tienda\/wp-json\/wp\/v2\/media?parent=1903"}],"wp:term":[{"taxonomy":"product_brand","embeddable":true,"href":"https:\/\/abaa.mx\/tienda\/wp-json\/wp\/v2\/product_brand?post=1903"},{"taxonomy":"product_cat","embeddable":true,"href":"https:\/\/abaa.mx\/tienda\/wp-json\/wp\/v2\/product_cat?post=1903"},{"taxonomy":"product_tag","embeddable":true,"href":"https:\/\/abaa.mx\/tienda\/wp-json\/wp\/v2\/product_tag?post=1903"}],"curies":[{"name":"wp","href":"https:\/\/api.w.org\/{rel}","templated":true}]}}