{"id":1901,"date":"2023-09-18T19:55:24","date_gmt":"2023-09-18T19:55:24","guid":{"rendered":"https:\/\/abaa.mx\/tienda\/?post_type=product&#038;p=1901"},"modified":"2023-09-18T19:55:25","modified_gmt":"2023-09-18T19:55:25","slug":"testo-425-anemometro-digital-de-hilo-caliente-con-conexion-a-la-app","status":"publish","type":"product","link":"https:\/\/abaa.mx\/tienda\/testo-425-anemometro-digital-de-hilo-caliente-con-conexion-a-la-app\/","title":{"rendered":"testo 425 &#8211; anem\u00f3metro digital de hilo caliente con conexi\u00f3n a la app"},"content":{"rendered":"<p>Los sistemas de ventilaci\u00f3n y climatizaci\u00f3n ajustados perfectamente son un factor decisivo para edificios modernos. Por consiguiente, es importante garantizar con la tecnolog\u00eda de medici\u00f3n adecuada que la velocidad, la temperatura y el caudal coincidan en el conducto de ventilaci\u00f3n. En este sentido, el anem\u00f3metro t\u00e9rmico testo\u00a0425 estar\u00e1 a su lado de forma r\u00e1pida, sencilla y precisa. La sonda telesc\u00f3pica con cable puede extenderse hasta 820 mm y de este modo le facilita el trabajo por encima de la cabeza o en conductos de gran di\u00e1metro. El analizador especialmente robusto y compacto ejecuta autom\u00e1ticamente todos los c\u00e1lculos relevantes, tales como el caudal o los valores medios temporales y puntuales. Adem\u00e1s, Con la App testo Smart podr\u00e1 ejecutar f\u00e1cilmente la configuraci\u00f3n del analizador, la visualizaci\u00f3n y el almacenamiento de los valores medidos, as\u00ed como la documentaci\u00f3n.<\/p>\n<div class=\"m-list\">\n<ul class=\"list-elements\">\n<li>Medici\u00f3n de velocidad y temperatura, as\u00ed como medici\u00f3n de caudal en el conducto de ventilaci\u00f3n<\/li>\n<li>M\u00e1s flexibilidad en las mediciones de canal con la sonda telesc\u00f3pica con cable (tama\u00f1o m\u00e1ximo de 820 mm)<\/li>\n<li>Configuraci\u00f3n (de canal) r\u00e1pida en la App, historial gr\u00e1fico, segunda pantalla y memoria de los datos de medici\u00f3n en la App testo Smart<\/li>\n<li>C\u00e1lculo del valor medio temporal y puntual<\/li>\n<\/ul>\n<\/div>\n<p class=\"text\">El compacto anem\u00f3metro de hilo caliente testo\u00a0425 con sonda telesc\u00f3pica es ideal para un c\u00e1lculo sencillo, r\u00e1pido y preciso de la velocidad de flujo y el caudal en conductos de ventilaci\u00f3n de sistemas de ventilaci\u00f3n y de climatizaci\u00f3n. La conexi\u00f3n a la App testo Smart permite la configuraci\u00f3n, la visualizaci\u00f3n (incluso como segunda pantalla) y el almacenamiento, as\u00ed como la documentaci\u00f3n de la medici\u00f3n directamente en la App.<\/p>\n<div class=\"c2a-tabSection m-tabs\">\n<div id=\"tab-details\" class=\"large-12 column m-tab-pdp\">\n<div class=\"medium-8\">\n<h3>Volumen de suministro<\/h3>\n<article class=\"child-2 paragraph\">\n<ul>\n<li>testo\u00a0425 \u2013 Anem\u00f3metro t\u00e9rmico de hilo caliente con conexi\u00f3n a la App y telescopio conectado fijamente (m\u00e1x. 820 mm)<\/li>\n<li>Bolsa de transporte<\/li>\n<li>Protocolo de calibraci\u00f3n<\/li>\n<li>3 pilas AA<\/li>\n<\/ul>\n<\/article>\n<\/div>\n<div class=\"medium-4\">\n<div class=\"m-cert large-12 column\"><span style=\"font-size: 48px; font-weight: bold; letter-spacing: -0.0415625em;\">Datos t\u00e9cnicos<\/span><\/div>\n<\/div>\n<\/div>\n<\/div>\n<div class=\"c2a-tabSection m-tabs\">\n<div id=\"tab-technicalData\" class=\"large-12 column m-data-tab\">\n<table>\n<colgroup>\n<col class=\"colWidth25\" \/>\n<col \/><\/colgroup>\n<thead>\n<tr>\n<th colspan=\"2\">Datos t\u00e9cnicos generales<\/th>\n<\/tr>\n<\/thead>\n<tbody>\n<tr>\n<td class=\"table-bold\">Peso<\/td>\n<td>268 g<\/td>\n<\/tr>\n<tr>\n<td class=\"table-bold\">Medidas<\/td>\n<td>135 X 60 X 28 mm<\/td>\n<\/tr>\n<tr>\n<td class=\"table-bold\">Temperatura de funcionamiento<\/td>\n<td>-20 hasta +50 \u00baC<\/p>\n<p>Sonda: -20 hasta +70 \u00baC<\/td>\n<\/tr>\n<tr>\n<td class=\"table-bold\">Material de la carcasa \/ del producto<\/td>\n<td>ABS + PC \/ TPE<\/td>\n<\/tr>\n<tr>\n<td class=\"table-bold\">Longitud del cable<\/td>\n<td>1,5 m<\/td>\n<\/tr>\n<tr>\n<td class=\"table-bold\">Di\u00e1metro tubo de la sonda<\/td>\n<td>7,5 mm<\/td>\n<\/tr>\n<tr>\n<td class=\"table-bold\">Clase de protecci\u00f3n<\/td>\n<td>IP40<\/p>\n<p>IP20<\/td>\n<\/tr>\n<tr>\n<td class=\"table-bold\">Longitud de la sonda<\/td>\n<td>180 mm<\/td>\n<\/tr>\n<tr>\n<td class=\"table-bold\">Autonom\u00eda<\/td>\n<td>35 h<\/td>\n<\/tr>\n<tr>\n<td class=\"table-bold\">Tipo de bater\u00eda<\/td>\n<td>3x AA<\/td>\n<\/tr>\n<tr>\n<td class=\"table-bold\">Temperatura de almacenamiento<\/td>\n<td>-20 hasta +50 \u00baC<\/td>\n<\/tr>\n<\/tbody>\n<\/table>\n<table>\n<colgroup>\n<col class=\"colWidth25\" \/>\n<col \/><\/colgroup>\n<thead>\n<tr>\n<th colspan=\"2\">NTC<\/th>\n<\/tr>\n<\/thead>\n<tbody>\n<tr>\n<td class=\"table-bold\">Rango<\/td>\n<td>-20 hasta +70 \u00baC<\/td>\n<\/tr>\n<tr>\n<td class=\"table-bold\">Exactitud<\/td>\n<td>\u00b10,5 \u00baC<\/td>\n<\/tr>\n<tr>\n<td class=\"table-bold\">Resoluci\u00f3n<\/td>\n<td>0,1 \u00baC<\/td>\n<\/tr>\n<\/tbody>\n<\/table>\n<table>\n<colgroup>\n<col class=\"colWidth25\" \/>\n<col \/><\/colgroup>\n<thead>\n<tr>\n<th colspan=\"2\">Velocidad &#8211; Anem\u00f3metro t\u00e9rmico<\/th>\n<\/tr>\n<\/thead>\n<tbody>\n<tr>\n<td class=\"table-bold\">Rango<\/td>\n<td>0,01 hasta 30 m\/s<\/td>\n<\/tr>\n<tr>\n<td class=\"table-bold\">Exactitud<\/td>\n<td>\u00b1(0,03 m\/s + 4,0 % del v.m.) (0,01 hasta +20 m\/s)<\/p>\n<p>\u00b1(0,5 m\/s + 5,0 % del v.m.) (20,01 hasta +30 m\/s)<\/td>\n<\/tr>\n<tr>\n<td class=\"table-bold\">Resoluci\u00f3n<\/td>\n<td>0,01 m\/s<\/td>\n<\/tr>\n<\/tbody>\n<\/table>\n<\/div>\n<\/div>\n","protected":false},"excerpt":{"rendered":"<p>Los sistemas de ventilaci\u00f3n y climatizaci\u00f3n ajustados perfectamente son un factor decisivo para edificios modernos. Por consiguiente, es importante garantizar con la tecnolog\u00eda de medici\u00f3n adecuada que la velocidad, la temperatura y el caudal coincidan en el conducto de ventilaci\u00f3n. En este sentido, el anem\u00f3metro t\u00e9rmico testo\u00a0425 estar\u00e1 a su lado de forma r\u00e1pida, sencilla y precisa. La sonda telesc\u00f3pica con cable puede extenderse hasta 820 mm y de este modo le facilita el trabajo por encima de la cabeza o en conductos de gran di\u00e1metro. El analizador especialmente robusto y compacto ejecuta autom\u00e1ticamente todos los c\u00e1lculos relevantes, tales como el caudal o los valores medios temporales y puntuales. Adem\u00e1s, Con la App testo Smart podr\u00e1 ejecutar f\u00e1cilmente la configuraci\u00f3n del analizador, la visualizaci\u00f3n y el almacenamiento de los valores medidos, as\u00ed como la documentaci\u00f3n.<\/p>\n<div class=\"m-list\">\n<ul class=\"list-elements\">\n<li>&nbsp;<\/li>\n<\/ul>\n<\/div>\n","protected":false},"featured_media":1907,"comment_status":"open","ping_status":"closed","template":"","meta":{"_joinchat":[]},"product_brand":[],"product_cat":[15],"product_tag":[],"class_list":{"0":"post-1901","1":"product","2":"type-product","3":"status-publish","4":"has-post-thumbnail","6":"product_cat-sin-categorizar","8":"first","9":"instock","10":"shipping-taxable","11":"product-type-simple"},"yoast_head":"<!-- This site is optimized with the Yoast SEO plugin v26.4 - https:\/\/yoast.com\/wordpress\/plugins\/seo\/ -->\n<title>testo 425 - anem\u00f3metro digital de hilo caliente con conexi\u00f3n a la app - Abaa tienda online<\/title>\n<meta name=\"robots\" content=\"index, follow, max-snippet:-1, max-image-preview:large, max-video-preview:-1\" \/>\n<link rel=\"canonical\" href=\"https:\/\/abaa.mx\/tienda\/testo-425-anemometro-digital-de-hilo-caliente-con-conexion-a-la-app\/\" \/>\n<meta property=\"og:locale\" content=\"es_MX\" \/>\n<meta property=\"og:type\" content=\"article\" \/>\n<meta property=\"og:title\" content=\"testo 425 - anem\u00f3metro digital de hilo caliente con conexi\u00f3n a la app - Abaa tienda online\" \/>\n<meta property=\"og:description\" content=\"Los sistemas de ventilaci\u00f3n y climatizaci\u00f3n ajustados perfectamente son un factor decisivo para edificios modernos. Por consiguiente, es importante garantizar con la tecnolog\u00eda de medici\u00f3n adecuada que la velocidad, la temperatura y el caudal coincidan en el conducto de ventilaci\u00f3n. En este sentido, el anem\u00f3metro t\u00e9rmico testo\u00a0425 estar\u00e1 a su lado de forma r\u00e1pida, sencilla y precisa. La sonda telesc\u00f3pica con cable puede extenderse hasta 820 mm y de este modo le facilita el trabajo por encima de la cabeza o en conductos de gran di\u00e1metro. El analizador especialmente robusto y compacto ejecuta autom\u00e1ticamente todos los c\u00e1lculos relevantes, tales como el caudal o los valores medios temporales y puntuales. Adem\u00e1s, Con la App testo Smart podr\u00e1 ejecutar f\u00e1cilmente la configuraci\u00f3n del analizador, la visualizaci\u00f3n y el almacenamiento de los valores medidos, as\u00ed como la documentaci\u00f3n.    &nbsp;\" \/>\n<meta property=\"og:url\" content=\"https:\/\/abaa.mx\/tienda\/testo-425-anemometro-digital-de-hilo-caliente-con-conexion-a-la-app\/\" \/>\n<meta property=\"og:site_name\" content=\"Abaa tienda online\" \/>\n<meta property=\"article:modified_time\" content=\"2023-09-18T19:55:25+00:00\" \/>\n<meta property=\"og:image\" content=\"https:\/\/abaa.mx\/tienda\/wp-content\/uploads\/2023\/09\/testo-425.jpg\" \/>\n\t<meta property=\"og:image:width\" content=\"660\" \/>\n\t<meta property=\"og:image:height\" content=\"495\" \/>\n\t<meta property=\"og:image:type\" content=\"image\/jpeg\" \/>\n<meta name=\"twitter:card\" content=\"summary_large_image\" \/>\n<meta name=\"twitter:label1\" content=\"Tiempo de lectura\" \/>\n\t<meta name=\"twitter:data1\" content=\"2 minutos\" \/>\n<script type=\"application\/ld+json\" class=\"yoast-schema-graph\">{\"@context\":\"https:\/\/schema.org\",\"@graph\":[{\"@type\":\"WebPage\",\"@id\":\"https:\/\/abaa.mx\/tienda\/testo-425-anemometro-digital-de-hilo-caliente-con-conexion-a-la-app\/\",\"url\":\"https:\/\/abaa.mx\/tienda\/testo-425-anemometro-digital-de-hilo-caliente-con-conexion-a-la-app\/\",\"name\":\"testo 425 - anem\u00f3metro digital de hilo caliente con conexi\u00f3n a la app - Abaa tienda online\",\"isPartOf\":{\"@id\":\"https:\/\/abaa.mx\/tienda\/#website\"},\"primaryImageOfPage\":{\"@id\":\"https:\/\/abaa.mx\/tienda\/testo-425-anemometro-digital-de-hilo-caliente-con-conexion-a-la-app\/#primaryimage\"},\"image\":{\"@id\":\"https:\/\/abaa.mx\/tienda\/testo-425-anemometro-digital-de-hilo-caliente-con-conexion-a-la-app\/#primaryimage\"},\"thumbnailUrl\":\"https:\/\/abaa.mx\/tienda\/wp-content\/uploads\/2023\/09\/testo-425.jpg\",\"datePublished\":\"2023-09-18T19:55:24+00:00\",\"dateModified\":\"2023-09-18T19:55:25+00:00\",\"breadcrumb\":{\"@id\":\"https:\/\/abaa.mx\/tienda\/testo-425-anemometro-digital-de-hilo-caliente-con-conexion-a-la-app\/#breadcrumb\"},\"inLanguage\":\"es\",\"potentialAction\":[{\"@type\":\"ReadAction\",\"target\":[\"https:\/\/abaa.mx\/tienda\/testo-425-anemometro-digital-de-hilo-caliente-con-conexion-a-la-app\/\"]}]},{\"@type\":\"ImageObject\",\"inLanguage\":\"es\",\"@id\":\"https:\/\/abaa.mx\/tienda\/testo-425-anemometro-digital-de-hilo-caliente-con-conexion-a-la-app\/#primaryimage\",\"url\":\"https:\/\/abaa.mx\/tienda\/wp-content\/uploads\/2023\/09\/testo-425.jpg\",\"contentUrl\":\"https:\/\/abaa.mx\/tienda\/wp-content\/uploads\/2023\/09\/testo-425.jpg\",\"width\":660,\"height\":495,\"caption\":\"testo 425\"},{\"@type\":\"BreadcrumbList\",\"@id\":\"https:\/\/abaa.mx\/tienda\/testo-425-anemometro-digital-de-hilo-caliente-con-conexion-a-la-app\/#breadcrumb\",\"itemListElement\":[{\"@type\":\"ListItem\",\"position\":1,\"name\":\"Inicio\",\"item\":\"https:\/\/abaa.mx\/tienda\/\"},{\"@type\":\"ListItem\",\"position\":2,\"name\":\"Tienda\",\"item\":\"https:\/\/abaa.mx\/tienda\/\"},{\"@type\":\"ListItem\",\"position\":3,\"name\":\"testo 425 &#8211; anem\u00f3metro digital de hilo caliente con conexi\u00f3n a la app\"}]},{\"@type\":\"WebSite\",\"@id\":\"https:\/\/abaa.mx\/tienda\/#website\",\"url\":\"https:\/\/abaa.mx\/tienda\/\",\"name\":\"Abaa tienda online\",\"description\":\"Instrumentos de medici\u00f3n\",\"publisher\":{\"@id\":\"https:\/\/abaa.mx\/tienda\/#organization\"},\"potentialAction\":[{\"@type\":\"SearchAction\",\"target\":{\"@type\":\"EntryPoint\",\"urlTemplate\":\"https:\/\/abaa.mx\/tienda\/?s={search_term_string}\"},\"query-input\":{\"@type\":\"PropertyValueSpecification\",\"valueRequired\":true,\"valueName\":\"search_term_string\"}}],\"inLanguage\":\"es\"},{\"@type\":\"Organization\",\"@id\":\"https:\/\/abaa.mx\/tienda\/#organization\",\"name\":\"Abaa tienda online\",\"url\":\"https:\/\/abaa.mx\/tienda\/\",\"logo\":{\"@type\":\"ImageObject\",\"inLanguage\":\"es\",\"@id\":\"https:\/\/abaa.mx\/tienda\/#\/schema\/logo\/image\/\",\"url\":\"https:\/\/abaa.mx\/tienda\/wp-content\/uploads\/2024\/01\/abaa-metrologia-tienda.png\",\"contentUrl\":\"https:\/\/abaa.mx\/tienda\/wp-content\/uploads\/2024\/01\/abaa-metrologia-tienda.png\",\"width\":300,\"height\":141,\"caption\":\"Abaa tienda online\"},\"image\":{\"@id\":\"https:\/\/abaa.mx\/tienda\/#\/schema\/logo\/image\/\"}}]}<\/script>\n<!-- \/ Yoast SEO plugin. -->","yoast_head_json":{"title":"testo 425 - anem\u00f3metro digital de hilo caliente con conexi\u00f3n a la app - Abaa tienda online","robots":{"index":"index","follow":"follow","max-snippet":"max-snippet:-1","max-image-preview":"max-image-preview:large","max-video-preview":"max-video-preview:-1"},"canonical":"https:\/\/abaa.mx\/tienda\/testo-425-anemometro-digital-de-hilo-caliente-con-conexion-a-la-app\/","og_locale":"es_MX","og_type":"article","og_title":"testo 425 - anem\u00f3metro digital de hilo caliente con conexi\u00f3n a la app - Abaa tienda online","og_description":"Los sistemas de ventilaci\u00f3n y climatizaci\u00f3n ajustados perfectamente son un factor decisivo para edificios modernos. Por consiguiente, es importante garantizar con la tecnolog\u00eda de medici\u00f3n adecuada que la velocidad, la temperatura y el caudal coincidan en el conducto de ventilaci\u00f3n. En este sentido, el anem\u00f3metro t\u00e9rmico testo\u00a0425 estar\u00e1 a su lado de forma r\u00e1pida, sencilla y precisa. La sonda telesc\u00f3pica con cable puede extenderse hasta 820 mm y de este modo le facilita el trabajo por encima de la cabeza o en conductos de gran di\u00e1metro. El analizador especialmente robusto y compacto ejecuta autom\u00e1ticamente todos los c\u00e1lculos relevantes, tales como el caudal o los valores medios temporales y puntuales. Adem\u00e1s, Con la App testo Smart podr\u00e1 ejecutar f\u00e1cilmente la configuraci\u00f3n del analizador, la visualizaci\u00f3n y el almacenamiento de los valores medidos, as\u00ed como la documentaci\u00f3n.    &nbsp;","og_url":"https:\/\/abaa.mx\/tienda\/testo-425-anemometro-digital-de-hilo-caliente-con-conexion-a-la-app\/","og_site_name":"Abaa tienda online","article_modified_time":"2023-09-18T19:55:25+00:00","og_image":[{"width":660,"height":495,"url":"https:\/\/abaa.mx\/tienda\/wp-content\/uploads\/2023\/09\/testo-425.jpg","type":"image\/jpeg"}],"twitter_card":"summary_large_image","twitter_misc":{"Tiempo de lectura":"2 minutos"},"schema":{"@context":"https:\/\/schema.org","@graph":[{"@type":"WebPage","@id":"https:\/\/abaa.mx\/tienda\/testo-425-anemometro-digital-de-hilo-caliente-con-conexion-a-la-app\/","url":"https:\/\/abaa.mx\/tienda\/testo-425-anemometro-digital-de-hilo-caliente-con-conexion-a-la-app\/","name":"testo 425 - anem\u00f3metro digital de hilo caliente con conexi\u00f3n a la app - Abaa tienda online","isPartOf":{"@id":"https:\/\/abaa.mx\/tienda\/#website"},"primaryImageOfPage":{"@id":"https:\/\/abaa.mx\/tienda\/testo-425-anemometro-digital-de-hilo-caliente-con-conexion-a-la-app\/#primaryimage"},"image":{"@id":"https:\/\/abaa.mx\/tienda\/testo-425-anemometro-digital-de-hilo-caliente-con-conexion-a-la-app\/#primaryimage"},"thumbnailUrl":"https:\/\/abaa.mx\/tienda\/wp-content\/uploads\/2023\/09\/testo-425.jpg","datePublished":"2023-09-18T19:55:24+00:00","dateModified":"2023-09-18T19:55:25+00:00","breadcrumb":{"@id":"https:\/\/abaa.mx\/tienda\/testo-425-anemometro-digital-de-hilo-caliente-con-conexion-a-la-app\/#breadcrumb"},"inLanguage":"es","potentialAction":[{"@type":"ReadAction","target":["https:\/\/abaa.mx\/tienda\/testo-425-anemometro-digital-de-hilo-caliente-con-conexion-a-la-app\/"]}]},{"@type":"ImageObject","inLanguage":"es","@id":"https:\/\/abaa.mx\/tienda\/testo-425-anemometro-digital-de-hilo-caliente-con-conexion-a-la-app\/#primaryimage","url":"https:\/\/abaa.mx\/tienda\/wp-content\/uploads\/2023\/09\/testo-425.jpg","contentUrl":"https:\/\/abaa.mx\/tienda\/wp-content\/uploads\/2023\/09\/testo-425.jpg","width":660,"height":495,"caption":"testo 425"},{"@type":"BreadcrumbList","@id":"https:\/\/abaa.mx\/tienda\/testo-425-anemometro-digital-de-hilo-caliente-con-conexion-a-la-app\/#breadcrumb","itemListElement":[{"@type":"ListItem","position":1,"name":"Inicio","item":"https:\/\/abaa.mx\/tienda\/"},{"@type":"ListItem","position":2,"name":"Tienda","item":"https:\/\/abaa.mx\/tienda\/"},{"@type":"ListItem","position":3,"name":"testo 425 &#8211; anem\u00f3metro digital de hilo caliente con conexi\u00f3n a la app"}]},{"@type":"WebSite","@id":"https:\/\/abaa.mx\/tienda\/#website","url":"https:\/\/abaa.mx\/tienda\/","name":"Abaa tienda online","description":"Instrumentos de medici\u00f3n","publisher":{"@id":"https:\/\/abaa.mx\/tienda\/#organization"},"potentialAction":[{"@type":"SearchAction","target":{"@type":"EntryPoint","urlTemplate":"https:\/\/abaa.mx\/tienda\/?s={search_term_string}"},"query-input":{"@type":"PropertyValueSpecification","valueRequired":true,"valueName":"search_term_string"}}],"inLanguage":"es"},{"@type":"Organization","@id":"https:\/\/abaa.mx\/tienda\/#organization","name":"Abaa tienda online","url":"https:\/\/abaa.mx\/tienda\/","logo":{"@type":"ImageObject","inLanguage":"es","@id":"https:\/\/abaa.mx\/tienda\/#\/schema\/logo\/image\/","url":"https:\/\/abaa.mx\/tienda\/wp-content\/uploads\/2024\/01\/abaa-metrologia-tienda.png","contentUrl":"https:\/\/abaa.mx\/tienda\/wp-content\/uploads\/2024\/01\/abaa-metrologia-tienda.png","width":300,"height":141,"caption":"Abaa tienda online"},"image":{"@id":"https:\/\/abaa.mx\/tienda\/#\/schema\/logo\/image\/"}}]}},"_links":{"self":[{"href":"https:\/\/abaa.mx\/tienda\/wp-json\/wp\/v2\/product\/1901","targetHints":{"allow":["GET"]}}],"collection":[{"href":"https:\/\/abaa.mx\/tienda\/wp-json\/wp\/v2\/product"}],"about":[{"href":"https:\/\/abaa.mx\/tienda\/wp-json\/wp\/v2\/types\/product"}],"replies":[{"embeddable":true,"href":"https:\/\/abaa.mx\/tienda\/wp-json\/wp\/v2\/comments?post=1901"}],"wp:featuredmedia":[{"embeddable":true,"href":"https:\/\/abaa.mx\/tienda\/wp-json\/wp\/v2\/media\/1907"}],"wp:attachment":[{"href":"https:\/\/abaa.mx\/tienda\/wp-json\/wp\/v2\/media?parent=1901"}],"wp:term":[{"taxonomy":"product_brand","embeddable":true,"href":"https:\/\/abaa.mx\/tienda\/wp-json\/wp\/v2\/product_brand?post=1901"},{"taxonomy":"product_cat","embeddable":true,"href":"https:\/\/abaa.mx\/tienda\/wp-json\/wp\/v2\/product_cat?post=1901"},{"taxonomy":"product_tag","embeddable":true,"href":"https:\/\/abaa.mx\/tienda\/wp-json\/wp\/v2\/product_tag?post=1901"}],"curies":[{"name":"wp","href":"https:\/\/api.w.org\/{rel}","templated":true}]}}