{"id":1900,"date":"2023-09-18T19:42:52","date_gmt":"2023-09-18T19:42:52","guid":{"rendered":"https:\/\/abaa.mx\/tienda\/?post_type=product&#038;p=1900"},"modified":"2023-09-18T19:42:52","modified_gmt":"2023-09-18T19:42:52","slug":"termometro-infrarrojo-fluke-62-max","status":"publish","type":"product","link":"https:\/\/abaa.mx\/tienda\/termometro-infrarrojo-fluke-62-max\/","title":{"rendered":"Term\u00f3metro infrarrojo Fluke 62 Max"},"content":{"rendered":"<h1><strong>Term\u00f3metro infrarrojo Fluke 62 Max<\/strong><\/h1>\n<div id=\"keyfeature_content\" data-readmore=\"\" aria-expanded=\"true\">\n<ul>\n<li>El term\u00f3metro Fluke 62 MAX permite medir temperaturas de -30\u00a0\u00b0C a 500\u00a0\u00b0C (-22\u00a0\u00b0F a 932\u00a0\u00b0F) y el term\u00f3metro Fluke 62 MAX+ mide temperaturas de -30\u00a0\u00b0C a 650\u00a0\u00b0C (-22\u00a0\u00b0F a 1202\u00a0\u00b0F).<\/li>\n<li><strong>Extremadamente precisos:<\/strong>\u00a0hasta +1.0\u00a0\u00b0C o +1.0\u00a0% del alcance (Fluke 62 MAX+)<\/li>\n<li>La clasificaci\u00f3n IP54 de resistencia al agua y al polvo le permite trabajar bajo cualquier condici\u00f3n climatol\u00f3gica e incluso en las zonas industriales m\u00e1s sucias o polvorientas.<\/li>\n<li>Suficientemente resistentes como para aguantar ca\u00eddas de hasta 3 m. Ya no tendr\u00e1 que preocuparse incluso si tiene que trabajar subido a una escalera.<\/li>\n<li>Peque\u00f1os y ligeros, adem\u00e1s cuentan con una pinza que se adapta perfectamente al cintur\u00f3n y cabe sin problemas en su caja de herramientas.<\/li>\n<li><strong>Hasta una distancia a punto de 12:1 (Fluke 62 MAX+):<\/strong>\u00a0tecnolog\u00eda l\u00e1ser precisa para realizar mediciones m\u00e1s exactas y repetibles.<\/li>\n<li><strong>Doble l\u00e1ser:<\/strong>\u00a0el term\u00f3metro 62 MAX+ dispone de dos l\u00e1seres que le ayudan a identificar la zona que desea medir.<\/li>\n<li><strong>Gran pantalla con retroiluminaci\u00f3n:<\/strong>\u00a0la pantalla de gran tama\u00f1o facilita la lectura de los datos, incluso en zonas oscuras.<\/li>\n<li><strong>Valores Min\/Max\/Avg\/Dif (M\u00edn.\/M\u00e1x.\/Prom.\/Dif.):<\/strong>\u00a0muestra los valores de temperatura m\u00e1ximos o m\u00ednimos, as\u00ed como la media o la diferencia entre dos medidas.<\/li>\n<li><strong>Alarma:<\/strong>\u00a0alarma &#8220;Hi&#8221; y &#8220;Lo&#8221; para una visualizaci\u00f3n r\u00e1pida de las medidas que est\u00e1n fuera de los l\u00edmites.<\/li>\n<li><strong>Alimentaci\u00f3n:<\/strong>\u00a0tanto el 62 MAX como el 62 MAX+ se alimentan con una \u00fanica bater\u00eda AA est\u00e1ndar.<\/li>\n<\/ul>\n<p>Los term\u00f3metros IR Fluke 62 MAX y 62 MAX+ son todo lo que podr\u00eda esperar de los expertos en medici\u00f3n de temperatura de transformadores, motores, bombas, paneles, disyuntores, compresores, conductos, tuber\u00edas de vapor y v\u00e1lvulas en zonas de dif\u00edcil acceso para llevar a cabo reparaciones y labores de mantenimiento. Peque\u00f1os en tama\u00f1o, extremadamente precisos y f\u00e1ciles de usar. Clasificaci\u00f3n IP54 a prueba de polvo y agua. Preciso y lo suficientemente resistente para soportar una ca\u00edda de hasta 3 metros de altura.<\/p>\n<p>&nbsp;<\/p>\n<\/div>\n","protected":false},"excerpt":{"rendered":"<h2 class=\"features-title\">Caracter\u00edsticas principales<\/h2>\n<div id=\"keyfeature_content\" data-readmore=\"\" aria-expanded=\"true\">\n<ul>\n<li>El term\u00f3metro Fluke 62 MAX permite medir temperaturas de -30\u00a0\u00b0C a 500\u00a0\u00b0C (-22\u00a0\u00b0F a 932\u00a0\u00b0F) y el term\u00f3metro Fluke 62 MAX+ mide temperaturas de -30\u00a0\u00b0C a 650\u00a0\u00b0C (-22\u00a0\u00b0F a 1202\u00a0\u00b0F).<\/li>\n<li><strong>Extremadamente precisos:<\/strong>\u00a0hasta +1.0\u00a0\u00b0C o +1.0\u00a0% del alcance (Fluke 62 MAX+)<\/li>\n<li>La clasificaci\u00f3n IP54 de resistencia al agua y al polvo le permite trabajar bajo cualquier condici\u00f3n climatol\u00f3gica e incluso en las zonas industriales m\u00e1s sucias o polvorientas.<\/li>\n<li>Suficientemente resistentes como para aguantar ca\u00eddas de hasta 3 m. Ya no tendr\u00e1 que preocuparse incluso si tiene que trabajar subido a una escalera.<\/li>\n<li>Peque\u00f1os y ligeros, adem\u00e1s cuentan con una pinza que se adapta perfectamente al cintur\u00f3n y cabe sin problemas en su caja de herramientas.<\/li>\n<li><strong>Hasta una distancia a punto de 12:1 (Fluke 62 MAX+):<\/strong>\u00a0tecnolog\u00eda l\u00e1ser precisa para realizar mediciones m\u00e1s exactas y repetibles.<\/li>\n<li><strong>Doble l\u00e1ser:<\/strong>\u00a0el term\u00f3metro 62 MAX+ dispone de dos l\u00e1seres que le ayudan a identificar la zona que desea medir.<\/li>\n<li><strong>Gran pantalla con retroiluminaci\u00f3n:<\/strong>\u00a0la pantalla de gran tama\u00f1o facilita la lectura de los datos, incluso en zonas oscuras.<\/li>\n<li><strong>Valores Min\/Max\/Avg\/Dif (M\u00edn.\/M\u00e1x.\/Prom.\/Dif.):<\/strong>\u00a0muestra los valores de temperatura m\u00e1ximos o m\u00ednimos, as\u00ed como la media o la diferencia entre dos medidas.<\/li>\n<li><strong>Alarma:<\/strong>\u00a0alarma &#8220;Hi&#8221; y &#8220;Lo&#8221; para una visualizaci\u00f3n r\u00e1pida de las medidas que est\u00e1n fuera de los l\u00edmites.<\/li>\n<li><strong>Alimentaci\u00f3n:<\/strong>\u00a0tanto el 62 MAX como el 62 MAX+ se alimentan con una \u00fanica bater\u00eda AA est\u00e1ndar.<\/li>\n<\/ul>\n<\/div>\n","protected":false},"featured_media":1902,"comment_status":"open","ping_status":"closed","template":"","meta":{"_joinchat":[]},"product_brand":[],"product_cat":[15],"product_tag":[],"class_list":{"0":"post-1900","1":"product","2":"type-product","3":"status-publish","4":"has-post-thumbnail","6":"product_cat-sin-categorizar","8":"first","9":"instock","10":"shipping-taxable","11":"product-type-simple"},"yoast_head":"<!-- This site is optimized with the Yoast SEO plugin v26.4 - https:\/\/yoast.com\/wordpress\/plugins\/seo\/ -->\n<title>Term\u00f3metro infrarrojo Fluke 62 Max - Abaa tienda online<\/title>\n<meta name=\"robots\" content=\"index, follow, max-snippet:-1, max-image-preview:large, max-video-preview:-1\" \/>\n<link rel=\"canonical\" href=\"https:\/\/abaa.mx\/tienda\/termometro-infrarrojo-fluke-62-max\/\" \/>\n<meta property=\"og:locale\" content=\"es_MX\" \/>\n<meta property=\"og:type\" content=\"article\" \/>\n<meta property=\"og:title\" content=\"Term\u00f3metro infrarrojo Fluke 62 Max - Abaa tienda online\" \/>\n<meta property=\"og:description\" content=\"Caracter\u00edsticas principales    El term\u00f3metro Fluke 62 MAX permite medir temperaturas de -30\u00a0\u00b0C a 500\u00a0\u00b0C (-22\u00a0\u00b0F a 932\u00a0\u00b0F) y el term\u00f3metro Fluke 62 MAX+ mide temperaturas de -30\u00a0\u00b0C a 650\u00a0\u00b0C (-22\u00a0\u00b0F a 1202\u00a0\u00b0F).  Extremadamente precisos:\u00a0hasta +1.0\u00a0\u00b0C o +1.0\u00a0% del alcance (Fluke 62 MAX+)  La clasificaci\u00f3n IP54 de resistencia al agua y al polvo le permite trabajar bajo cualquier condici\u00f3n climatol\u00f3gica e incluso en las zonas industriales m\u00e1s sucias o polvorientas.  Suficientemente resistentes como para aguantar ca\u00eddas de hasta 3 m. Ya no tendr\u00e1 que preocuparse incluso si tiene que trabajar subido a una escalera.  Peque\u00f1os y ligeros, adem\u00e1s cuentan con una pinza que se adapta perfectamente al cintur\u00f3n y cabe sin problemas en su caja de herramientas.  Hasta una distancia a punto de 12:1 (Fluke 62 MAX+):\u00a0tecnolog\u00eda l\u00e1ser precisa para realizar mediciones m\u00e1s exactas y repetibles.  Doble l\u00e1ser:\u00a0el term\u00f3metro 62 MAX+ dispone de dos l\u00e1seres que le ayudan a identificar la zona que desea medir.  Gran pantalla con retroiluminaci\u00f3n:\u00a0la pantalla de gran tama\u00f1o facilita la lectura de los datos, incluso en zonas oscuras.  Valores Min\/Max\/Avg\/Dif (M\u00edn.\/M\u00e1x.\/Prom.\/Dif.):\u00a0muestra los valores de temperatura m\u00e1ximos o m\u00ednimos, as\u00ed como la media o la diferencia entre dos medidas.  Alarma:\u00a0alarma &quot;Hi&quot; y &quot;Lo&quot; para una visualizaci\u00f3n r\u00e1pida de las medidas que est\u00e1n fuera de los l\u00edmites.  Alimentaci\u00f3n:\u00a0tanto el 62 MAX como el 62 MAX+ se alimentan con una \u00fanica bater\u00eda AA est\u00e1ndar.\" \/>\n<meta property=\"og:url\" content=\"https:\/\/abaa.mx\/tienda\/termometro-infrarrojo-fluke-62-max\/\" \/>\n<meta property=\"og:site_name\" content=\"Abaa tienda online\" \/>\n<meta property=\"og:image\" content=\"https:\/\/abaa.mx\/tienda\/wp-content\/uploads\/2023\/09\/62-max.jpg\" \/>\n\t<meta property=\"og:image:width\" content=\"700\" \/>\n\t<meta property=\"og:image:height\" content=\"1000\" \/>\n\t<meta property=\"og:image:type\" content=\"image\/jpeg\" \/>\n<meta name=\"twitter:card\" content=\"summary_large_image\" \/>\n<meta name=\"twitter:label1\" content=\"Tiempo de lectura\" \/>\n\t<meta name=\"twitter:data1\" content=\"2 minutos\" \/>\n<script type=\"application\/ld+json\" class=\"yoast-schema-graph\">{\"@context\":\"https:\/\/schema.org\",\"@graph\":[{\"@type\":\"WebPage\",\"@id\":\"https:\/\/abaa.mx\/tienda\/termometro-infrarrojo-fluke-62-max\/\",\"url\":\"https:\/\/abaa.mx\/tienda\/termometro-infrarrojo-fluke-62-max\/\",\"name\":\"Term\u00f3metro infrarrojo Fluke 62 Max - Abaa tienda online\",\"isPartOf\":{\"@id\":\"https:\/\/abaa.mx\/tienda\/#website\"},\"primaryImageOfPage\":{\"@id\":\"https:\/\/abaa.mx\/tienda\/termometro-infrarrojo-fluke-62-max\/#primaryimage\"},\"image\":{\"@id\":\"https:\/\/abaa.mx\/tienda\/termometro-infrarrojo-fluke-62-max\/#primaryimage\"},\"thumbnailUrl\":\"https:\/\/abaa.mx\/tienda\/wp-content\/uploads\/2023\/09\/62-max.jpg\",\"datePublished\":\"2023-09-18T19:42:52+00:00\",\"breadcrumb\":{\"@id\":\"https:\/\/abaa.mx\/tienda\/termometro-infrarrojo-fluke-62-max\/#breadcrumb\"},\"inLanguage\":\"es\",\"potentialAction\":[{\"@type\":\"ReadAction\",\"target\":[\"https:\/\/abaa.mx\/tienda\/termometro-infrarrojo-fluke-62-max\/\"]}]},{\"@type\":\"ImageObject\",\"inLanguage\":\"es\",\"@id\":\"https:\/\/abaa.mx\/tienda\/termometro-infrarrojo-fluke-62-max\/#primaryimage\",\"url\":\"https:\/\/abaa.mx\/tienda\/wp-content\/uploads\/2023\/09\/62-max.jpg\",\"contentUrl\":\"https:\/\/abaa.mx\/tienda\/wp-content\/uploads\/2023\/09\/62-max.jpg\",\"width\":700,\"height\":1000,\"caption\":\"termometro-infrarrojo-fluke-62-max\"},{\"@type\":\"BreadcrumbList\",\"@id\":\"https:\/\/abaa.mx\/tienda\/termometro-infrarrojo-fluke-62-max\/#breadcrumb\",\"itemListElement\":[{\"@type\":\"ListItem\",\"position\":1,\"name\":\"Inicio\",\"item\":\"https:\/\/abaa.mx\/tienda\/\"},{\"@type\":\"ListItem\",\"position\":2,\"name\":\"Tienda\",\"item\":\"https:\/\/abaa.mx\/tienda\/\"},{\"@type\":\"ListItem\",\"position\":3,\"name\":\"Term\u00f3metro infrarrojo Fluke 62 Max\"}]},{\"@type\":\"WebSite\",\"@id\":\"https:\/\/abaa.mx\/tienda\/#website\",\"url\":\"https:\/\/abaa.mx\/tienda\/\",\"name\":\"Abaa tienda online\",\"description\":\"Instrumentos de medici\u00f3n\",\"publisher\":{\"@id\":\"https:\/\/abaa.mx\/tienda\/#organization\"},\"potentialAction\":[{\"@type\":\"SearchAction\",\"target\":{\"@type\":\"EntryPoint\",\"urlTemplate\":\"https:\/\/abaa.mx\/tienda\/?s={search_term_string}\"},\"query-input\":{\"@type\":\"PropertyValueSpecification\",\"valueRequired\":true,\"valueName\":\"search_term_string\"}}],\"inLanguage\":\"es\"},{\"@type\":\"Organization\",\"@id\":\"https:\/\/abaa.mx\/tienda\/#organization\",\"name\":\"Abaa tienda online\",\"url\":\"https:\/\/abaa.mx\/tienda\/\",\"logo\":{\"@type\":\"ImageObject\",\"inLanguage\":\"es\",\"@id\":\"https:\/\/abaa.mx\/tienda\/#\/schema\/logo\/image\/\",\"url\":\"https:\/\/abaa.mx\/tienda\/wp-content\/uploads\/2024\/01\/abaa-metrologia-tienda.png\",\"contentUrl\":\"https:\/\/abaa.mx\/tienda\/wp-content\/uploads\/2024\/01\/abaa-metrologia-tienda.png\",\"width\":300,\"height\":141,\"caption\":\"Abaa tienda online\"},\"image\":{\"@id\":\"https:\/\/abaa.mx\/tienda\/#\/schema\/logo\/image\/\"}}]}<\/script>\n<!-- \/ Yoast SEO plugin. -->","yoast_head_json":{"title":"Term\u00f3metro infrarrojo Fluke 62 Max - Abaa tienda online","robots":{"index":"index","follow":"follow","max-snippet":"max-snippet:-1","max-image-preview":"max-image-preview:large","max-video-preview":"max-video-preview:-1"},"canonical":"https:\/\/abaa.mx\/tienda\/termometro-infrarrojo-fluke-62-max\/","og_locale":"es_MX","og_type":"article","og_title":"Term\u00f3metro infrarrojo Fluke 62 Max - Abaa tienda online","og_description":"Caracter\u00edsticas principales    El term\u00f3metro Fluke 62 MAX permite medir temperaturas de -30\u00a0\u00b0C a 500\u00a0\u00b0C (-22\u00a0\u00b0F a 932\u00a0\u00b0F) y el term\u00f3metro Fluke 62 MAX+ mide temperaturas de -30\u00a0\u00b0C a 650\u00a0\u00b0C (-22\u00a0\u00b0F a 1202\u00a0\u00b0F).  Extremadamente precisos:\u00a0hasta +1.0\u00a0\u00b0C o +1.0\u00a0% del alcance (Fluke 62 MAX+)  La clasificaci\u00f3n IP54 de resistencia al agua y al polvo le permite trabajar bajo cualquier condici\u00f3n climatol\u00f3gica e incluso en las zonas industriales m\u00e1s sucias o polvorientas.  Suficientemente resistentes como para aguantar ca\u00eddas de hasta 3 m. Ya no tendr\u00e1 que preocuparse incluso si tiene que trabajar subido a una escalera.  Peque\u00f1os y ligeros, adem\u00e1s cuentan con una pinza que se adapta perfectamente al cintur\u00f3n y cabe sin problemas en su caja de herramientas.  Hasta una distancia a punto de 12:1 (Fluke 62 MAX+):\u00a0tecnolog\u00eda l\u00e1ser precisa para realizar mediciones m\u00e1s exactas y repetibles.  Doble l\u00e1ser:\u00a0el term\u00f3metro 62 MAX+ dispone de dos l\u00e1seres que le ayudan a identificar la zona que desea medir.  Gran pantalla con retroiluminaci\u00f3n:\u00a0la pantalla de gran tama\u00f1o facilita la lectura de los datos, incluso en zonas oscuras.  Valores Min\/Max\/Avg\/Dif (M\u00edn.\/M\u00e1x.\/Prom.\/Dif.):\u00a0muestra los valores de temperatura m\u00e1ximos o m\u00ednimos, as\u00ed como la media o la diferencia entre dos medidas.  Alarma:\u00a0alarma \"Hi\" y \"Lo\" para una visualizaci\u00f3n r\u00e1pida de las medidas que est\u00e1n fuera de los l\u00edmites.  Alimentaci\u00f3n:\u00a0tanto el 62 MAX como el 62 MAX+ se alimentan con una \u00fanica bater\u00eda AA est\u00e1ndar.","og_url":"https:\/\/abaa.mx\/tienda\/termometro-infrarrojo-fluke-62-max\/","og_site_name":"Abaa tienda online","og_image":[{"width":700,"height":1000,"url":"https:\/\/abaa.mx\/tienda\/wp-content\/uploads\/2023\/09\/62-max.jpg","type":"image\/jpeg"}],"twitter_card":"summary_large_image","twitter_misc":{"Tiempo de lectura":"2 minutos"},"schema":{"@context":"https:\/\/schema.org","@graph":[{"@type":"WebPage","@id":"https:\/\/abaa.mx\/tienda\/termometro-infrarrojo-fluke-62-max\/","url":"https:\/\/abaa.mx\/tienda\/termometro-infrarrojo-fluke-62-max\/","name":"Term\u00f3metro infrarrojo Fluke 62 Max - Abaa tienda online","isPartOf":{"@id":"https:\/\/abaa.mx\/tienda\/#website"},"primaryImageOfPage":{"@id":"https:\/\/abaa.mx\/tienda\/termometro-infrarrojo-fluke-62-max\/#primaryimage"},"image":{"@id":"https:\/\/abaa.mx\/tienda\/termometro-infrarrojo-fluke-62-max\/#primaryimage"},"thumbnailUrl":"https:\/\/abaa.mx\/tienda\/wp-content\/uploads\/2023\/09\/62-max.jpg","datePublished":"2023-09-18T19:42:52+00:00","breadcrumb":{"@id":"https:\/\/abaa.mx\/tienda\/termometro-infrarrojo-fluke-62-max\/#breadcrumb"},"inLanguage":"es","potentialAction":[{"@type":"ReadAction","target":["https:\/\/abaa.mx\/tienda\/termometro-infrarrojo-fluke-62-max\/"]}]},{"@type":"ImageObject","inLanguage":"es","@id":"https:\/\/abaa.mx\/tienda\/termometro-infrarrojo-fluke-62-max\/#primaryimage","url":"https:\/\/abaa.mx\/tienda\/wp-content\/uploads\/2023\/09\/62-max.jpg","contentUrl":"https:\/\/abaa.mx\/tienda\/wp-content\/uploads\/2023\/09\/62-max.jpg","width":700,"height":1000,"caption":"termometro-infrarrojo-fluke-62-max"},{"@type":"BreadcrumbList","@id":"https:\/\/abaa.mx\/tienda\/termometro-infrarrojo-fluke-62-max\/#breadcrumb","itemListElement":[{"@type":"ListItem","position":1,"name":"Inicio","item":"https:\/\/abaa.mx\/tienda\/"},{"@type":"ListItem","position":2,"name":"Tienda","item":"https:\/\/abaa.mx\/tienda\/"},{"@type":"ListItem","position":3,"name":"Term\u00f3metro infrarrojo Fluke 62 Max"}]},{"@type":"WebSite","@id":"https:\/\/abaa.mx\/tienda\/#website","url":"https:\/\/abaa.mx\/tienda\/","name":"Abaa tienda online","description":"Instrumentos de medici\u00f3n","publisher":{"@id":"https:\/\/abaa.mx\/tienda\/#organization"},"potentialAction":[{"@type":"SearchAction","target":{"@type":"EntryPoint","urlTemplate":"https:\/\/abaa.mx\/tienda\/?s={search_term_string}"},"query-input":{"@type":"PropertyValueSpecification","valueRequired":true,"valueName":"search_term_string"}}],"inLanguage":"es"},{"@type":"Organization","@id":"https:\/\/abaa.mx\/tienda\/#organization","name":"Abaa tienda online","url":"https:\/\/abaa.mx\/tienda\/","logo":{"@type":"ImageObject","inLanguage":"es","@id":"https:\/\/abaa.mx\/tienda\/#\/schema\/logo\/image\/","url":"https:\/\/abaa.mx\/tienda\/wp-content\/uploads\/2024\/01\/abaa-metrologia-tienda.png","contentUrl":"https:\/\/abaa.mx\/tienda\/wp-content\/uploads\/2024\/01\/abaa-metrologia-tienda.png","width":300,"height":141,"caption":"Abaa tienda online"},"image":{"@id":"https:\/\/abaa.mx\/tienda\/#\/schema\/logo\/image\/"}}]}},"_links":{"self":[{"href":"https:\/\/abaa.mx\/tienda\/wp-json\/wp\/v2\/product\/1900","targetHints":{"allow":["GET"]}}],"collection":[{"href":"https:\/\/abaa.mx\/tienda\/wp-json\/wp\/v2\/product"}],"about":[{"href":"https:\/\/abaa.mx\/tienda\/wp-json\/wp\/v2\/types\/product"}],"replies":[{"embeddable":true,"href":"https:\/\/abaa.mx\/tienda\/wp-json\/wp\/v2\/comments?post=1900"}],"wp:featuredmedia":[{"embeddable":true,"href":"https:\/\/abaa.mx\/tienda\/wp-json\/wp\/v2\/media\/1902"}],"wp:attachment":[{"href":"https:\/\/abaa.mx\/tienda\/wp-json\/wp\/v2\/media?parent=1900"}],"wp:term":[{"taxonomy":"product_brand","embeddable":true,"href":"https:\/\/abaa.mx\/tienda\/wp-json\/wp\/v2\/product_brand?post=1900"},{"taxonomy":"product_cat","embeddable":true,"href":"https:\/\/abaa.mx\/tienda\/wp-json\/wp\/v2\/product_cat?post=1900"},{"taxonomy":"product_tag","embeddable":true,"href":"https:\/\/abaa.mx\/tienda\/wp-json\/wp\/v2\/product_tag?post=1900"}],"curies":[{"name":"wp","href":"https:\/\/api.w.org\/{rel}","templated":true}]}}