{"id":1893,"date":"2023-09-18T19:28:11","date_gmt":"2023-09-18T19:28:11","guid":{"rendered":"https:\/\/abaa.mx\/tienda\/?post_type=product&#038;p=1893"},"modified":"2025-08-15T12:58:16","modified_gmt":"2025-08-15T12:58:16","slug":"medidor-de-resistencia-de-tierra-uni-t-modelo-ut522","status":"publish","type":"product","link":"https:\/\/abaa.mx\/tienda\/medidor-de-resistencia-de-tierra-uni-t-modelo-ut522\/","title":{"rendered":"Medidor de resistencia de tierra UNI-T modelo UT522"},"content":{"rendered":"<h1><strong>Medidor de resistencia de tierra UNI-T modelo UT522<\/strong><\/h1>\n<div>La serie UT520 puede realizar mediciones precisas de resistencia a tierra de 3 hilos y simples de 2 hilos para sistemas el\u00e9ctricos y de energ\u00eda, equipos de protecci\u00f3n contra rayos y sistemas de tierra de todos los equipos el\u00e9ctricos. Esta serie es el probador introductorio de resistencia a tierra de UNI-T con un alto valor econ\u00f3mico.<\/div>\n<div>\n<h2>Especificaci\u00f3n t\u00e9cnica:<\/h2>\n<table>\n<tbody>\n<tr>\n<td>Caracter\u00edsticas t\u00e9cnicas<\/td>\n<td>Gama<\/td>\n<td>UT522<\/td>\n<\/tr>\n<tr>\n<td>Resistencia a tierra (\u03a9)<\/td>\n<td>0~40\u03a9<\/td>\n<td>\u00b1(2%+20)<\/td>\n<\/tr>\n<tr>\n<td>0~400\u03a9<\/td>\n<td>\u00b1(2%+3)<\/td>\n<\/tr>\n<tr>\n<td>0~4000\u03a9<\/td>\n<td>\u00b1(2%+3)<\/td>\n<\/tr>\n<tr>\n<td>Voltaje de tierra de CA (V)<\/td>\n<td>0 ~ 400V<\/td>\n<td>\u00b1(1%+6)<\/td>\n<\/tr>\n<tr>\n<td>Frecuencia: 50Hz \/ 60Hz<\/td>\n<td>\u221a<\/td>\n<\/tr>\n<tr>\n<td colspan=\"3\">Funciones<\/td>\n<\/tr>\n<tr>\n<td>Recuento de pantallas<\/td>\n<td><\/td>\n<td>4000<\/td>\n<\/tr>\n<tr>\n<td>Rango manual<\/td>\n<td><\/td>\n<td>\u221a<\/td>\n<\/tr>\n<tr>\n<td>Apagado autom\u00e1tico<\/td>\n<td>Alrededor de 10 minutos<\/td>\n<td>\u221a<\/td>\n<\/tr>\n<tr>\n<td>Indicaci\u00f3n de bater\u00eda baja<\/td>\n<td><\/td>\n<td>\u221a<\/td>\n<\/tr>\n<tr>\n<td>Retenci\u00f3n de datos<\/td>\n<td><\/td>\n<td>\u221a<\/td>\n<\/tr>\n<tr>\n<td>Almacenamiento de datos<\/td>\n<td><\/td>\n<td>20<\/td>\n<\/tr>\n<tr>\n<td>Retroiluminaci\u00f3n LCD<\/td>\n<td><\/td>\n<td>\u221a<\/td>\n<\/tr>\n<tr>\n<td>Visualizaci\u00f3n completa del icono<\/td>\n<td><\/td>\n<td>\u221a<\/td>\n<\/tr>\n<tr>\n<td>Doble protecci\u00f3n de aislamiento<\/td>\n<td><\/td>\n<td>\u221a<\/td>\n<\/tr>\n<tr>\n<td>Pantalla de contacto deficiente<\/td>\n<td>&#8220;&#8230; \u03a9&#8221;<\/td>\n<td>\u221a<\/td>\n<\/tr>\n<tr>\n<td>Pantalla de sobre alcance<\/td>\n<td>Pantalla &#8220;OL&#8221;<\/td>\n<td>\u221a<\/td>\n<\/tr>\n<tr>\n<td>Prueba simple de 2 hilos<\/td>\n<td><\/td>\n<td>\u221a<\/td>\n<\/tr>\n<tr>\n<td>Pruebas precisas de 3 hilos<\/td>\n<td><\/td>\n<td>\u221a<\/td>\n<\/tr>\n<tr>\n<td colspan=\"3\">Caracter\u00edsticas generales<\/td>\n<\/tr>\n<tr>\n<td>Poder<\/td>\n<td colspan=\"2\">Bater\u00eda de 1,5 V (LR6) x 6<\/td>\n<\/tr>\n<tr>\n<td>Monitor<\/td>\n<td colspan=\"2\">70,6 mm x 34 mm<\/td>\n<\/tr>\n<tr>\n<td>Color del producto<\/td>\n<td colspan=\"2\">Rojo y gris<\/td>\n<\/tr>\n<tr>\n<td>Peso neto del producto<\/td>\n<td colspan=\"2\">560g<\/td>\n<\/tr>\n<tr>\n<td>Tama\u00f1o del producto<\/td>\n<td colspan=\"2\">160mm x 100mm x 70.5mm<\/td>\n<\/tr>\n<tr>\n<td>Accesorios est\u00e1ndar<\/td>\n<td colspan=\"2\">Bater\u00edas, cables de prueba simples con pinzas de cocodrilo, cables de prueba est\u00e1ndar con pinzas de cocodrilo, espiga de tierra, galus<\/td>\n<\/tr>\n<tr>\n<td>Embalaje individual est\u00e1ndar<\/td>\n<td colspan=\"2\">Caja de regalo, bolsa de transporte, manual en ingl\u00e9s<\/td>\n<\/tr>\n<\/tbody>\n<\/table>\n<\/div>\n","protected":false},"excerpt":{"rendered":"<div class=\"et-short-descr-title\">Breve descripci\u00f3n:<\/div>\n<div>La serie UT520 puede realizar mediciones precisas de resistencia a tierra de 3 hilos y simples de 2 hilos para sistemas el\u00e9ctricos y de energ\u00eda, equipos de protecci\u00f3n contra rayos y sistemas de tierra de todos los equipos el\u00e9ctricos. Esta serie es el probador introductorio de resistencia a tierra de UNI-T con un alto valor econ\u00f3mico.<\/div>\n","protected":false},"featured_media":1894,"comment_status":"open","ping_status":"closed","template":"","meta":{"_joinchat":[]},"product_brand":[],"product_cat":[15],"product_tag":[],"class_list":{"0":"post-1893","1":"product","2":"type-product","3":"status-publish","4":"has-post-thumbnail","6":"product_cat-sin-categorizar","8":"first","9":"instock","10":"shipping-taxable","11":"product-type-simple"},"yoast_head":"<!-- This site is optimized with the Yoast SEO plugin v26.4 - https:\/\/yoast.com\/wordpress\/plugins\/seo\/ -->\n<title>Medidor de resistencia de tierra UNI-T modelo UT522 - Abaa tienda online<\/title>\n<meta name=\"robots\" content=\"index, follow, max-snippet:-1, max-image-preview:large, max-video-preview:-1\" \/>\n<link rel=\"canonical\" href=\"https:\/\/abaa.mx\/tienda\/medidor-de-resistencia-de-tierra-uni-t-modelo-ut522\/\" \/>\n<meta property=\"og:locale\" content=\"es_MX\" \/>\n<meta property=\"og:type\" content=\"article\" \/>\n<meta property=\"og:title\" content=\"Medidor de resistencia de tierra UNI-T modelo UT522 - Abaa tienda online\" \/>\n<meta property=\"og:description\" content=\"Breve descripci\u00f3n: La serie UT520 puede realizar mediciones precisas de resistencia a tierra de 3 hilos y simples de 2 hilos para sistemas el\u00e9ctricos y de energ\u00eda, equipos de protecci\u00f3n contra rayos y sistemas de tierra de todos los equipos el\u00e9ctricos. Esta serie es el probador introductorio de resistencia a tierra de UNI-T con un alto valor econ\u00f3mico.\" \/>\n<meta property=\"og:url\" content=\"https:\/\/abaa.mx\/tienda\/medidor-de-resistencia-de-tierra-uni-t-modelo-ut522\/\" \/>\n<meta property=\"og:site_name\" content=\"Abaa tienda online\" \/>\n<meta property=\"article:modified_time\" content=\"2025-08-15T12:58:16+00:00\" \/>\n<meta property=\"og:image\" content=\"https:\/\/abaa.mx\/tienda\/wp-content\/uploads\/2023\/09\/UT522.jpg\" \/>\n\t<meta property=\"og:image:width\" content=\"800\" \/>\n\t<meta property=\"og:image:height\" content=\"800\" \/>\n\t<meta property=\"og:image:type\" content=\"image\/jpeg\" \/>\n<meta name=\"twitter:card\" content=\"summary_large_image\" \/>\n<meta name=\"twitter:label1\" content=\"Tiempo de lectura\" \/>\n\t<meta name=\"twitter:data1\" content=\"2 minutos\" \/>\n<script type=\"application\/ld+json\" class=\"yoast-schema-graph\">{\"@context\":\"https:\/\/schema.org\",\"@graph\":[{\"@type\":\"WebPage\",\"@id\":\"https:\/\/abaa.mx\/tienda\/medidor-de-resistencia-de-tierra-uni-t-modelo-ut522\/\",\"url\":\"https:\/\/abaa.mx\/tienda\/medidor-de-resistencia-de-tierra-uni-t-modelo-ut522\/\",\"name\":\"Medidor de resistencia de tierra UNI-T modelo UT522 - Abaa tienda online\",\"isPartOf\":{\"@id\":\"https:\/\/abaa.mx\/tienda\/#website\"},\"primaryImageOfPage\":{\"@id\":\"https:\/\/abaa.mx\/tienda\/medidor-de-resistencia-de-tierra-uni-t-modelo-ut522\/#primaryimage\"},\"image\":{\"@id\":\"https:\/\/abaa.mx\/tienda\/medidor-de-resistencia-de-tierra-uni-t-modelo-ut522\/#primaryimage\"},\"thumbnailUrl\":\"https:\/\/abaa.mx\/tienda\/wp-content\/uploads\/2023\/09\/UT522.jpg\",\"datePublished\":\"2023-09-18T19:28:11+00:00\",\"dateModified\":\"2025-08-15T12:58:16+00:00\",\"breadcrumb\":{\"@id\":\"https:\/\/abaa.mx\/tienda\/medidor-de-resistencia-de-tierra-uni-t-modelo-ut522\/#breadcrumb\"},\"inLanguage\":\"es\",\"potentialAction\":[{\"@type\":\"ReadAction\",\"target\":[\"https:\/\/abaa.mx\/tienda\/medidor-de-resistencia-de-tierra-uni-t-modelo-ut522\/\"]}]},{\"@type\":\"ImageObject\",\"inLanguage\":\"es\",\"@id\":\"https:\/\/abaa.mx\/tienda\/medidor-de-resistencia-de-tierra-uni-t-modelo-ut522\/#primaryimage\",\"url\":\"https:\/\/abaa.mx\/tienda\/wp-content\/uploads\/2023\/09\/UT522.jpg\",\"contentUrl\":\"https:\/\/abaa.mx\/tienda\/wp-content\/uploads\/2023\/09\/UT522.jpg\",\"width\":800,\"height\":800,\"caption\":\"medidor-de-resistencia-de-tierra-uni-t-modelo-ut522\"},{\"@type\":\"BreadcrumbList\",\"@id\":\"https:\/\/abaa.mx\/tienda\/medidor-de-resistencia-de-tierra-uni-t-modelo-ut522\/#breadcrumb\",\"itemListElement\":[{\"@type\":\"ListItem\",\"position\":1,\"name\":\"Inicio\",\"item\":\"https:\/\/abaa.mx\/tienda\/\"},{\"@type\":\"ListItem\",\"position\":2,\"name\":\"Tienda\",\"item\":\"https:\/\/abaa.mx\/tienda\/\"},{\"@type\":\"ListItem\",\"position\":3,\"name\":\"Medidor de resistencia de tierra UNI-T modelo UT522\"}]},{\"@type\":\"WebSite\",\"@id\":\"https:\/\/abaa.mx\/tienda\/#website\",\"url\":\"https:\/\/abaa.mx\/tienda\/\",\"name\":\"Abaa tienda online\",\"description\":\"Instrumentos de medici\u00f3n\",\"publisher\":{\"@id\":\"https:\/\/abaa.mx\/tienda\/#organization\"},\"potentialAction\":[{\"@type\":\"SearchAction\",\"target\":{\"@type\":\"EntryPoint\",\"urlTemplate\":\"https:\/\/abaa.mx\/tienda\/?s={search_term_string}\"},\"query-input\":{\"@type\":\"PropertyValueSpecification\",\"valueRequired\":true,\"valueName\":\"search_term_string\"}}],\"inLanguage\":\"es\"},{\"@type\":\"Organization\",\"@id\":\"https:\/\/abaa.mx\/tienda\/#organization\",\"name\":\"Abaa tienda online\",\"url\":\"https:\/\/abaa.mx\/tienda\/\",\"logo\":{\"@type\":\"ImageObject\",\"inLanguage\":\"es\",\"@id\":\"https:\/\/abaa.mx\/tienda\/#\/schema\/logo\/image\/\",\"url\":\"https:\/\/abaa.mx\/tienda\/wp-content\/uploads\/2024\/01\/abaa-metrologia-tienda.png\",\"contentUrl\":\"https:\/\/abaa.mx\/tienda\/wp-content\/uploads\/2024\/01\/abaa-metrologia-tienda.png\",\"width\":300,\"height\":141,\"caption\":\"Abaa tienda online\"},\"image\":{\"@id\":\"https:\/\/abaa.mx\/tienda\/#\/schema\/logo\/image\/\"}}]}<\/script>\n<!-- \/ Yoast SEO plugin. -->","yoast_head_json":{"title":"Medidor de resistencia de tierra UNI-T modelo UT522 - Abaa tienda online","robots":{"index":"index","follow":"follow","max-snippet":"max-snippet:-1","max-image-preview":"max-image-preview:large","max-video-preview":"max-video-preview:-1"},"canonical":"https:\/\/abaa.mx\/tienda\/medidor-de-resistencia-de-tierra-uni-t-modelo-ut522\/","og_locale":"es_MX","og_type":"article","og_title":"Medidor de resistencia de tierra UNI-T modelo UT522 - Abaa tienda online","og_description":"Breve descripci\u00f3n: La serie UT520 puede realizar mediciones precisas de resistencia a tierra de 3 hilos y simples de 2 hilos para sistemas el\u00e9ctricos y de energ\u00eda, equipos de protecci\u00f3n contra rayos y sistemas de tierra de todos los equipos el\u00e9ctricos. Esta serie es el probador introductorio de resistencia a tierra de UNI-T con un alto valor econ\u00f3mico.","og_url":"https:\/\/abaa.mx\/tienda\/medidor-de-resistencia-de-tierra-uni-t-modelo-ut522\/","og_site_name":"Abaa tienda online","article_modified_time":"2025-08-15T12:58:16+00:00","og_image":[{"width":800,"height":800,"url":"https:\/\/abaa.mx\/tienda\/wp-content\/uploads\/2023\/09\/UT522.jpg","type":"image\/jpeg"}],"twitter_card":"summary_large_image","twitter_misc":{"Tiempo de lectura":"2 minutos"},"schema":{"@context":"https:\/\/schema.org","@graph":[{"@type":"WebPage","@id":"https:\/\/abaa.mx\/tienda\/medidor-de-resistencia-de-tierra-uni-t-modelo-ut522\/","url":"https:\/\/abaa.mx\/tienda\/medidor-de-resistencia-de-tierra-uni-t-modelo-ut522\/","name":"Medidor de resistencia de tierra UNI-T modelo UT522 - Abaa tienda online","isPartOf":{"@id":"https:\/\/abaa.mx\/tienda\/#website"},"primaryImageOfPage":{"@id":"https:\/\/abaa.mx\/tienda\/medidor-de-resistencia-de-tierra-uni-t-modelo-ut522\/#primaryimage"},"image":{"@id":"https:\/\/abaa.mx\/tienda\/medidor-de-resistencia-de-tierra-uni-t-modelo-ut522\/#primaryimage"},"thumbnailUrl":"https:\/\/abaa.mx\/tienda\/wp-content\/uploads\/2023\/09\/UT522.jpg","datePublished":"2023-09-18T19:28:11+00:00","dateModified":"2025-08-15T12:58:16+00:00","breadcrumb":{"@id":"https:\/\/abaa.mx\/tienda\/medidor-de-resistencia-de-tierra-uni-t-modelo-ut522\/#breadcrumb"},"inLanguage":"es","potentialAction":[{"@type":"ReadAction","target":["https:\/\/abaa.mx\/tienda\/medidor-de-resistencia-de-tierra-uni-t-modelo-ut522\/"]}]},{"@type":"ImageObject","inLanguage":"es","@id":"https:\/\/abaa.mx\/tienda\/medidor-de-resistencia-de-tierra-uni-t-modelo-ut522\/#primaryimage","url":"https:\/\/abaa.mx\/tienda\/wp-content\/uploads\/2023\/09\/UT522.jpg","contentUrl":"https:\/\/abaa.mx\/tienda\/wp-content\/uploads\/2023\/09\/UT522.jpg","width":800,"height":800,"caption":"medidor-de-resistencia-de-tierra-uni-t-modelo-ut522"},{"@type":"BreadcrumbList","@id":"https:\/\/abaa.mx\/tienda\/medidor-de-resistencia-de-tierra-uni-t-modelo-ut522\/#breadcrumb","itemListElement":[{"@type":"ListItem","position":1,"name":"Inicio","item":"https:\/\/abaa.mx\/tienda\/"},{"@type":"ListItem","position":2,"name":"Tienda","item":"https:\/\/abaa.mx\/tienda\/"},{"@type":"ListItem","position":3,"name":"Medidor de resistencia de tierra UNI-T modelo UT522"}]},{"@type":"WebSite","@id":"https:\/\/abaa.mx\/tienda\/#website","url":"https:\/\/abaa.mx\/tienda\/","name":"Abaa tienda online","description":"Instrumentos de medici\u00f3n","publisher":{"@id":"https:\/\/abaa.mx\/tienda\/#organization"},"potentialAction":[{"@type":"SearchAction","target":{"@type":"EntryPoint","urlTemplate":"https:\/\/abaa.mx\/tienda\/?s={search_term_string}"},"query-input":{"@type":"PropertyValueSpecification","valueRequired":true,"valueName":"search_term_string"}}],"inLanguage":"es"},{"@type":"Organization","@id":"https:\/\/abaa.mx\/tienda\/#organization","name":"Abaa tienda online","url":"https:\/\/abaa.mx\/tienda\/","logo":{"@type":"ImageObject","inLanguage":"es","@id":"https:\/\/abaa.mx\/tienda\/#\/schema\/logo\/image\/","url":"https:\/\/abaa.mx\/tienda\/wp-content\/uploads\/2024\/01\/abaa-metrologia-tienda.png","contentUrl":"https:\/\/abaa.mx\/tienda\/wp-content\/uploads\/2024\/01\/abaa-metrologia-tienda.png","width":300,"height":141,"caption":"Abaa tienda online"},"image":{"@id":"https:\/\/abaa.mx\/tienda\/#\/schema\/logo\/image\/"}}]}},"_links":{"self":[{"href":"https:\/\/abaa.mx\/tienda\/wp-json\/wp\/v2\/product\/1893","targetHints":{"allow":["GET"]}}],"collection":[{"href":"https:\/\/abaa.mx\/tienda\/wp-json\/wp\/v2\/product"}],"about":[{"href":"https:\/\/abaa.mx\/tienda\/wp-json\/wp\/v2\/types\/product"}],"replies":[{"embeddable":true,"href":"https:\/\/abaa.mx\/tienda\/wp-json\/wp\/v2\/comments?post=1893"}],"wp:featuredmedia":[{"embeddable":true,"href":"https:\/\/abaa.mx\/tienda\/wp-json\/wp\/v2\/media\/1894"}],"wp:attachment":[{"href":"https:\/\/abaa.mx\/tienda\/wp-json\/wp\/v2\/media?parent=1893"}],"wp:term":[{"taxonomy":"product_brand","embeddable":true,"href":"https:\/\/abaa.mx\/tienda\/wp-json\/wp\/v2\/product_brand?post=1893"},{"taxonomy":"product_cat","embeddable":true,"href":"https:\/\/abaa.mx\/tienda\/wp-json\/wp\/v2\/product_cat?post=1893"},{"taxonomy":"product_tag","embeddable":true,"href":"https:\/\/abaa.mx\/tienda\/wp-json\/wp\/v2\/product_tag?post=1893"}],"curies":[{"name":"wp","href":"https:\/\/api.w.org\/{rel}","templated":true}]}}