{"id":1891,"date":"2023-09-18T20:00:50","date_gmt":"2023-09-18T20:00:50","guid":{"rendered":"https:\/\/abaa.mx\/tienda\/?post_type=product&#038;p=1891"},"modified":"2023-09-18T20:00:51","modified_gmt":"2023-09-18T20:00:51","slug":"testo-440-medidor-para-climatizacion","status":"publish","type":"product","link":"https:\/\/abaa.mx\/tienda\/testo-440-medidor-para-climatizacion\/","title":{"rendered":"testo 440 &#8211; medidor para climatizaci\u00f3n"},"content":{"rendered":"<p>Con el medidor para climatizaci\u00f3n testo\u00a0440 es posible medir y guardar todos los par\u00e1metros relacionados con la climatizaci\u00f3n en combinaci\u00f3n con sondas de alta calidad (solicitar las sondas por separado). Simult\u00e1neamente es posible conectar hasta 3 sondas: una sonda por Bluetooth, una sonda con cable y una sonda de temperatura con termopar tipo K. Detecci\u00f3n autom\u00e1tica de sondas y men\u00fas de medici\u00f3n claramente estructurados garantizan un manejo sencillo y facilitan el trabajo diario.<\/p>\n<div class=\"m-list\">\n<ul class=\"list-elements\">\n<li>Intuitivo: Men\u00fas de medici\u00f3n claramente estructurados para el caudal volum\u00e9trico, el grado de turbulencia, la potencia frigor\u00edfica\/de caldeo, la indicaci\u00f3n de aparici\u00f3n de moho y la medici\u00f3n a largo plazo, como por ejemplo CO\u2082<\/li>\n<li>Inal\u00e1mbrico: Sondas por Bluetooth\u00ae para m\u00e1s comodidad en la medici\u00f3n y menos enredos de cables en el malet\u00edn (solicitar las sondas por separado)<\/li>\n<li>Claro: Gran pantalla gr\u00e1fica con indicaci\u00f3n paralela de tres par\u00e1metros de medici\u00f3n<\/li>\n<li>Fiable y seguro: Memoria interna y puerto USB para la exportaci\u00f3n de datos<\/li>\n<\/ul>\n<\/div>\n<p class=\"text\">Medici\u00f3n precisa y fiable de todos los par\u00e1metros de climatizaci\u00f3n con solo un analizador: El medidor multifuncional tiene un manejo intuitivo con men\u00fas de medici\u00f3n estructurados. Ajuste de instalaciones de climatizaci\u00f3n y ventilaci\u00f3n, la supervisi\u00f3n de la calidad del aire o las mediciones del nivel de confort &#8211; Con las diversas posibilidades de combinaci\u00f3n con las sondas digitales de alta calidad estar\u00e1 perfectamente equipado para realizar sus tareas de medici\u00f3n (solicitar las sondas por separado).<\/p>\n<div class=\"c2a-tabSection m-tabs\">\n<div id=\"tab-details\" class=\"large-12 column m-tab-pdp\">\n<div class=\"medium-8\">\n<article class=\"child-1 paragraph\">\n<h3>En pocos clics hasta la medici\u00f3n con el medidor multifuncional testo 440<\/h3>\n<p>Ejecute sus mediciones de forma r\u00e1pida y sencilla: El medidor para climatizaci\u00f3n detecta autom\u00e1ticamente cualquier sonda conectada. Esto le ahorra un nuevo ajuste manual de los par\u00e1metros en caso de cambiar la sonda. Los men\u00fas de medici\u00f3n claramente estructurados para la medici\u00f3n de caudal volum\u00e9trico en canales\/salidas, la medici\u00f3n con embudos, la medici\u00f3n del grado de turbulencia, el c\u00e1lculo del rendimiento de la refrigeraci\u00f3n y la calefacci\u00f3n, la indicaci\u00f3n de aparici\u00f3n de moho y para mediciones a largo plazo le apoyan perfectamente en su trabajo diario.<\/p>\n<h3><\/h3>\n<h3>Inal\u00e1mbrica y ahorradora de espacio: m\u00e1s aplicaciones, menos equipamiento<\/h3>\n<p>Versatilidad ilimitada: Una empu\u00f1adura de aplicaci\u00f3n universal puede conectarse con todos los cabezales de la sonda. De esta forma podr\u00e1 ejecutar m\u00e1s aplicaciones con menos equipamiento ahorrando espacio.<\/p>\n<p>La empu\u00f1adura Bluetooth\u00ae garantiza m\u00e1s confort en sus mediciones y menos enredos de cables en el malet\u00edn. Adem\u00e1s permite mediciones sin conexiones de cables molestas y transfiere los valores medidos hasta una distancia de 20 m. O utilice la empu\u00f1adura con cable para conectarla a los cabezales de la sonda testo como una opci\u00f3n pr\u00e1ctica. Esta es la ventaja cuando no se permiten las se\u00f1ales Bluetooth.<\/p>\n<h3><\/h3>\n<h3>Pr\u00e1ctica gesti\u00f3n de datos de medici\u00f3n<\/h3>\n<p>El medidor multifuncional almacena hasta m\u00e1x. 7500 protocolos de medici\u00f3n que se leen a trav\u00e9s de una interfaz de USB y que pueden procesarse como archivo CSV en su ordenador (p. ej. con Excel). Con la impresora testo BLUETOOTH\/IRDA (solicitar por separado) tiene la posibilidad de imprimir localmente un protocolo de los datos de medici\u00f3n.<\/p>\n<h3><\/h3>\n<h3>Concepto de calibraci\u00f3n inteligente para la m\u00e1xima precisi\u00f3n<\/h3>\n<p>Al utilizar nuestras sondas digitales puede confiar en obtener resultados de medici\u00f3n precisos ya que se omite la imprecisi\u00f3n de medici\u00f3n del analizador. Env\u00edenos las sondas para realizar la calibraci\u00f3n. De este modo el medidor multifuncional puede utilizarse siempre.<\/p>\n<h3><strong>\u00a0<\/strong><\/h3>\n<h3>Ventajas de la medici\u00f3n con el medidor de climatizaci\u00f3n testo 440<\/h3>\n<p><strong>Preciso y fiable en canales y salidas de aire<\/strong><\/p>\n<ul>\n<li>Amplia gama de sondas conectables: Sonda de hilo caliente y de molinete (\u00d8 16 mm) para mediciones en canales; sondas de molinete grandes \u00d8 100 mm para mediciones en salidas de aire\/salidas de techo<\/li>\n<li>C\u00e1lculo r\u00e1pido del caudal volum\u00e9trico: Configuraci\u00f3n f\u00e1cil de la dimensi\u00f3n y la geometr\u00eda de la secci\u00f3n del conducto y visualizaci\u00f3n del caudal volum\u00e9trico directamente en el analizador<\/li>\n<li>Incluso en canales de gran tama\u00f1o es posible ejecutar mediciones de forma c\u00f3moda. En este caso, el brazo telesc\u00f3pico extensible de la sonda de hilo caliente y de molinete (\u00d8 16 mm) con empu\u00f1adura universal puede prolongarse adicionalmente con la extensi\u00f3n del telescopio alcanzando una longitud total de 2 metros<\/li>\n<li>Tambi\u00e9n es posible ejecutar mediciones en las salidas de aire\/salidas de techo sin complicaciones y sin necesidad de escaleras. Equipe la sonda de molinete (\u00d8 100 mm) con el telescopio extensible con \u00e1ngulo de 90\u00b0 y, si es necesario, con la extensi\u00f3n del telescopio (solicitar por separado)<\/li>\n<li>Sondas de molinete en combinaci\u00f3n con los embudos de medici\u00f3n testovent y rectificador para comprobar la entrada y salida de aire en v\u00e1lvulas de disco, rejillas de ventilaci\u00f3n y difusores de salida de aire<\/li>\n<li>Pr\u00e1ctica interfaz Bluetooth: medici\u00f3n con las sondas de velocidad sin molestos cables, manejo del analizador accionando la tecla en el mango de la sonda, por ejemplo, iniciar o detener la generaci\u00f3n temporal del valor medio<\/li>\n<li>Colocaci\u00f3n segura del medidor multifuncional en las superficies met\u00e1licas (p. ej. canal de ventilaci\u00f3n) con los pr\u00e1cticos imanes<\/li>\n<\/ul>\n<p><strong>Monitorizaci\u00f3n a largo plazo de la calidad del aire interior<\/strong><\/p>\n<ul>\n<li>La sonda correcta para sus necesidades: Las sondas para CO<sub>2<\/sub>, CO, temperatura y humedad del aire est\u00e1n disponibles en la variante con Bluetooth o con cable fijo<\/li>\n<li>F\u00e1cil manejo: Introducci\u00f3n de la duraci\u00f3n de la medici\u00f3n y el intervalo en el men\u00fa para mediciones a largo plazo y seguimiento del historial diario<\/li>\n<li>Memoria interna para hasta 7500 protocolos de medici\u00f3n<\/li>\n<\/ul>\n<p><strong>Medici\u00f3n del grado de turbulencia seg\u00fan EN ISO 7730 \/ ASHRAE 55<\/strong><\/p>\n<ul>\n<li>Alcance de una gran exactitud incluso en velocidades de flujo bajas con la sonda de grado de turbulencia<\/li>\n<li>C\u00e1lculo autom\u00e1tico del riesgo de corrientes de aire y el grado de turbulencia seg\u00fan EN ISO 7730\/ASHRAE 55<\/li>\n<li>Para realizar mediciones c\u00f3modas en diferentes alturas recomendamos el uso de nuestro tr\u00edpode para mediciones del nivel de confort. De este modo, el posicionamiento conforme a la norma de las sondas de grado de turbulencia es especialmente sencillo<\/li>\n<\/ul>\n<p><strong>Gama de sondas para salas blancas y laboratorios<\/strong><\/p>\n<ul>\n<li>Sonda de campana de laboratorio para mediciones precias del caudal en la campana de laboratorio<\/li>\n<li>La sonda de molinete de alta precisi\u00f3n (\u00d8 100 mm) es ideal para ejecutar mediciones de flujo laminar en salas blancas gracias a la baja velocidad de arranque de 0,1 m\/s. Disponible opcionalmente con Bluetooth o cable fijo<\/li>\n<li>Sonda de humedad y temperatura de alta precisi\u00f3n (0636 9771 o 0636 9772) con una exactitud de \u00b1(0,6 %HR + 0,7 % del v.m.) en el rango de 0 \u2026 90 %HR para medir la humedad en salas blancas<\/li>\n<\/ul>\n<\/article>\n<h3>Volumen de suministro<\/h3>\n<article class=\"child-2 paragraph\">Medidor de climatizaci\u00f3n testo 440, 3 pilas del tipo AA, cable USB y protocolo de calibraci\u00f3n.<\/article>\n<\/div>\n<div class=\"medium-4\">\n<div class=\"m-cert large-12 column\"><\/div>\n<\/div>\n<\/div>\n<\/div>\n<hr \/>\n<div class=\"c2a-tabSection m-tabs\">\n<div id=\"tab-technicalData\" class=\"large-12 column m-data-tab\">\n<h2>Datos t\u00e9cnicos<\/h2>\n<table>\n<colgroup>\n<col class=\"colWidth25\" \/>\n<col \/><\/colgroup>\n<thead>\n<tr>\n<th colspan=\"2\">Datos t\u00e9cnicos generales<\/th>\n<\/tr>\n<\/thead>\n<tbody>\n<tr>\n<td class=\"table-bold\">Peso<\/td>\n<td>250 g<\/td>\n<\/tr>\n<tr>\n<td class=\"table-bold\">Medidas<\/td>\n<td>154 X 65 X 32 mm<\/td>\n<\/tr>\n<tr>\n<td class=\"table-bold\">Temperatura de funcionamiento<\/td>\n<td>-20 hasta +50 \u00baC<\/td>\n<\/tr>\n<tr>\n<td class=\"table-bold\">Sondas conectables<\/td>\n<td>1 x sonda digital con cable o 1 x temperatura NTC TUC, 1 x sonda digital Bluetooth o testo Smart Probes, 1 x temperatura TP tipo K<\/td>\n<\/tr>\n<tr>\n<td class=\"table-bold\">Color del producto<\/td>\n<td>negro\/naranja<\/td>\n<\/tr>\n<tr>\n<td class=\"table-bold\">Tipo de bater\u00eda<\/td>\n<td>3 pilas AA alcalinas de manganeso (1,5 V)<\/td>\n<\/tr>\n<tr>\n<td class=\"table-bold\">Autonom\u00eda<\/td>\n<td>12 h (medici\u00f3n t\u00edpica por molinete)<\/td>\n<\/tr>\n<tr>\n<td class=\"table-bold\">Interfaces<\/td>\n<td>Bluetooth\u00ae; USB<\/td>\n<\/tr>\n<tr>\n<td class=\"table-bold\">Temperatura de almacenamiento<\/td>\n<td>-20 hasta +50 \u00baC<\/td>\n<\/tr>\n<\/tbody>\n<\/table>\n<table>\n<colgroup>\n<col class=\"colWidth25\" \/>\n<col \/><\/colgroup>\n<thead>\n<tr>\n<th colspan=\"2\">NTC<\/th>\n<\/tr>\n<\/thead>\n<tbody>\n<tr>\n<td class=\"table-bold\">Rango<\/td>\n<td>-40 hasta +150 \u00baC<\/td>\n<\/tr>\n<tr>\n<td class=\"table-bold\">Exactitud<\/td>\n<td>\u00b10,4 \u00baC (-40 hasta -25,1 \u00baC)<\/p>\n<p>\u00b10,3 \u00baC (-25 hasta +74,9 \u00baC)<\/p>\n<p>\u00b10,4 \u00baC (+75 hasta +99,9 \u00baC)<\/p>\n<p>\u00b10,5 % del v.m. (Resto rango)<\/td>\n<\/tr>\n<tr>\n<td class=\"table-bold\">Resoluci\u00f3n<\/td>\n<td>0,1 \u00baC<\/td>\n<\/tr>\n<\/tbody>\n<\/table>\n<table>\n<colgroup>\n<col class=\"colWidth25\" \/>\n<col \/><\/colgroup>\n<thead>\n<tr>\n<th colspan=\"2\">Tipo K (NiCr-Ni)<\/th>\n<\/tr>\n<\/thead>\n<tbody>\n<tr>\n<td class=\"table-bold\">Rango<\/td>\n<td>-200 hasta +1370 \u00baC<\/td>\n<\/tr>\n<tr>\n<td class=\"table-bold\">Exactitud<\/td>\n<td>\u00b1(0,3 \u00baC + 0,3 % del v.m.)<\/td>\n<\/tr>\n<tr>\n<td class=\"table-bold\">Resoluci\u00f3n<\/td>\n<td>0,1 \u00baC<\/td>\n<\/tr>\n<\/tbody>\n<\/table>\n<\/div>\n<\/div>\n","protected":false},"excerpt":{"rendered":"<p>Con el medidor para climatizaci\u00f3n testo\u00a0440 es posible medir y guardar todos los par\u00e1metros relacionados con la climatizaci\u00f3n en combinaci\u00f3n con sondas de alta calidad (solicitar las sondas por separado). Simult\u00e1neamente es posible conectar hasta 3 sondas: una sonda por Bluetooth, una sonda con cable y una sonda de temperatura con termopar tipo K. Detecci\u00f3n autom\u00e1tica de sondas y men\u00fas de medici\u00f3n claramente estructurados garantizan un manejo sencillo y facilitan el trabajo diario.<\/p>\n","protected":false},"featured_media":1910,"comment_status":"open","ping_status":"closed","template":"","meta":{"_joinchat":[]},"product_brand":[],"product_cat":[15],"product_tag":[],"class_list":{"0":"post-1891","1":"product","2":"type-product","3":"status-publish","4":"has-post-thumbnail","6":"product_cat-sin-categorizar","8":"first","9":"instock","10":"shipping-taxable","11":"product-type-simple"},"yoast_head":"<!-- This site is optimized with the Yoast SEO plugin v26.4 - https:\/\/yoast.com\/wordpress\/plugins\/seo\/ -->\n<title>testo 440 - medidor para climatizaci\u00f3n - Abaa tienda online<\/title>\n<meta name=\"robots\" content=\"index, follow, max-snippet:-1, max-image-preview:large, max-video-preview:-1\" \/>\n<link rel=\"canonical\" href=\"https:\/\/abaa.mx\/tienda\/testo-440-medidor-para-climatizacion\/\" \/>\n<meta property=\"og:locale\" content=\"es_MX\" \/>\n<meta property=\"og:type\" content=\"article\" \/>\n<meta property=\"og:title\" content=\"testo 440 - medidor para climatizaci\u00f3n - Abaa tienda online\" \/>\n<meta property=\"og:description\" content=\"Con el medidor para climatizaci\u00f3n testo\u00a0440 es posible medir y guardar todos los par\u00e1metros relacionados con la climatizaci\u00f3n en combinaci\u00f3n con sondas de alta calidad (solicitar las sondas por separado). Simult\u00e1neamente es posible conectar hasta 3 sondas: una sonda por Bluetooth, una sonda con cable y una sonda de temperatura con termopar tipo K. Detecci\u00f3n autom\u00e1tica de sondas y men\u00fas de medici\u00f3n claramente estructurados garantizan un manejo sencillo y facilitan el trabajo diario.\" \/>\n<meta property=\"og:url\" content=\"https:\/\/abaa.mx\/tienda\/testo-440-medidor-para-climatizacion\/\" \/>\n<meta property=\"og:site_name\" content=\"Abaa tienda online\" \/>\n<meta property=\"article:modified_time\" content=\"2023-09-18T20:00:51+00:00\" \/>\n<meta property=\"og:image\" content=\"https:\/\/abaa.mx\/tienda\/wp-content\/uploads\/2023\/09\/testo-440.jpg\" \/>\n\t<meta property=\"og:image:width\" content=\"660\" \/>\n\t<meta property=\"og:image:height\" content=\"660\" \/>\n\t<meta property=\"og:image:type\" content=\"image\/jpeg\" \/>\n<meta name=\"twitter:card\" content=\"summary_large_image\" \/>\n<meta name=\"twitter:label1\" content=\"Tiempo de lectura\" \/>\n\t<meta name=\"twitter:data1\" content=\"6 minutos\" \/>\n<script type=\"application\/ld+json\" class=\"yoast-schema-graph\">{\"@context\":\"https:\/\/schema.org\",\"@graph\":[{\"@type\":\"WebPage\",\"@id\":\"https:\/\/abaa.mx\/tienda\/testo-440-medidor-para-climatizacion\/\",\"url\":\"https:\/\/abaa.mx\/tienda\/testo-440-medidor-para-climatizacion\/\",\"name\":\"testo 440 - medidor para climatizaci\u00f3n - Abaa tienda online\",\"isPartOf\":{\"@id\":\"https:\/\/abaa.mx\/tienda\/#website\"},\"primaryImageOfPage\":{\"@id\":\"https:\/\/abaa.mx\/tienda\/testo-440-medidor-para-climatizacion\/#primaryimage\"},\"image\":{\"@id\":\"https:\/\/abaa.mx\/tienda\/testo-440-medidor-para-climatizacion\/#primaryimage\"},\"thumbnailUrl\":\"https:\/\/abaa.mx\/tienda\/wp-content\/uploads\/2023\/09\/testo-440.jpg\",\"datePublished\":\"2023-09-18T20:00:50+00:00\",\"dateModified\":\"2023-09-18T20:00:51+00:00\",\"breadcrumb\":{\"@id\":\"https:\/\/abaa.mx\/tienda\/testo-440-medidor-para-climatizacion\/#breadcrumb\"},\"inLanguage\":\"es\",\"potentialAction\":[{\"@type\":\"ReadAction\",\"target\":[\"https:\/\/abaa.mx\/tienda\/testo-440-medidor-para-climatizacion\/\"]}]},{\"@type\":\"ImageObject\",\"inLanguage\":\"es\",\"@id\":\"https:\/\/abaa.mx\/tienda\/testo-440-medidor-para-climatizacion\/#primaryimage\",\"url\":\"https:\/\/abaa.mx\/tienda\/wp-content\/uploads\/2023\/09\/testo-440.jpg\",\"contentUrl\":\"https:\/\/abaa.mx\/tienda\/wp-content\/uploads\/2023\/09\/testo-440.jpg\",\"width\":660,\"height\":660,\"caption\":\"testo 440\"},{\"@type\":\"BreadcrumbList\",\"@id\":\"https:\/\/abaa.mx\/tienda\/testo-440-medidor-para-climatizacion\/#breadcrumb\",\"itemListElement\":[{\"@type\":\"ListItem\",\"position\":1,\"name\":\"Inicio\",\"item\":\"https:\/\/abaa.mx\/tienda\/\"},{\"@type\":\"ListItem\",\"position\":2,\"name\":\"Tienda\",\"item\":\"https:\/\/abaa.mx\/tienda\/\"},{\"@type\":\"ListItem\",\"position\":3,\"name\":\"testo 440 &#8211; medidor para climatizaci\u00f3n\"}]},{\"@type\":\"WebSite\",\"@id\":\"https:\/\/abaa.mx\/tienda\/#website\",\"url\":\"https:\/\/abaa.mx\/tienda\/\",\"name\":\"Abaa tienda online\",\"description\":\"Instrumentos de medici\u00f3n\",\"publisher\":{\"@id\":\"https:\/\/abaa.mx\/tienda\/#organization\"},\"potentialAction\":[{\"@type\":\"SearchAction\",\"target\":{\"@type\":\"EntryPoint\",\"urlTemplate\":\"https:\/\/abaa.mx\/tienda\/?s={search_term_string}\"},\"query-input\":{\"@type\":\"PropertyValueSpecification\",\"valueRequired\":true,\"valueName\":\"search_term_string\"}}],\"inLanguage\":\"es\"},{\"@type\":\"Organization\",\"@id\":\"https:\/\/abaa.mx\/tienda\/#organization\",\"name\":\"Abaa tienda online\",\"url\":\"https:\/\/abaa.mx\/tienda\/\",\"logo\":{\"@type\":\"ImageObject\",\"inLanguage\":\"es\",\"@id\":\"https:\/\/abaa.mx\/tienda\/#\/schema\/logo\/image\/\",\"url\":\"https:\/\/abaa.mx\/tienda\/wp-content\/uploads\/2024\/01\/abaa-metrologia-tienda.png\",\"contentUrl\":\"https:\/\/abaa.mx\/tienda\/wp-content\/uploads\/2024\/01\/abaa-metrologia-tienda.png\",\"width\":300,\"height\":141,\"caption\":\"Abaa tienda online\"},\"image\":{\"@id\":\"https:\/\/abaa.mx\/tienda\/#\/schema\/logo\/image\/\"}}]}<\/script>\n<!-- \/ Yoast SEO plugin. -->","yoast_head_json":{"title":"testo 440 - medidor para climatizaci\u00f3n - Abaa tienda online","robots":{"index":"index","follow":"follow","max-snippet":"max-snippet:-1","max-image-preview":"max-image-preview:large","max-video-preview":"max-video-preview:-1"},"canonical":"https:\/\/abaa.mx\/tienda\/testo-440-medidor-para-climatizacion\/","og_locale":"es_MX","og_type":"article","og_title":"testo 440 - medidor para climatizaci\u00f3n - Abaa tienda online","og_description":"Con el medidor para climatizaci\u00f3n testo\u00a0440 es posible medir y guardar todos los par\u00e1metros relacionados con la climatizaci\u00f3n en combinaci\u00f3n con sondas de alta calidad (solicitar las sondas por separado). Simult\u00e1neamente es posible conectar hasta 3 sondas: una sonda por Bluetooth, una sonda con cable y una sonda de temperatura con termopar tipo K. Detecci\u00f3n autom\u00e1tica de sondas y men\u00fas de medici\u00f3n claramente estructurados garantizan un manejo sencillo y facilitan el trabajo diario.","og_url":"https:\/\/abaa.mx\/tienda\/testo-440-medidor-para-climatizacion\/","og_site_name":"Abaa tienda online","article_modified_time":"2023-09-18T20:00:51+00:00","og_image":[{"width":660,"height":660,"url":"https:\/\/abaa.mx\/tienda\/wp-content\/uploads\/2023\/09\/testo-440.jpg","type":"image\/jpeg"}],"twitter_card":"summary_large_image","twitter_misc":{"Tiempo de lectura":"6 minutos"},"schema":{"@context":"https:\/\/schema.org","@graph":[{"@type":"WebPage","@id":"https:\/\/abaa.mx\/tienda\/testo-440-medidor-para-climatizacion\/","url":"https:\/\/abaa.mx\/tienda\/testo-440-medidor-para-climatizacion\/","name":"testo 440 - medidor para climatizaci\u00f3n - Abaa tienda online","isPartOf":{"@id":"https:\/\/abaa.mx\/tienda\/#website"},"primaryImageOfPage":{"@id":"https:\/\/abaa.mx\/tienda\/testo-440-medidor-para-climatizacion\/#primaryimage"},"image":{"@id":"https:\/\/abaa.mx\/tienda\/testo-440-medidor-para-climatizacion\/#primaryimage"},"thumbnailUrl":"https:\/\/abaa.mx\/tienda\/wp-content\/uploads\/2023\/09\/testo-440.jpg","datePublished":"2023-09-18T20:00:50+00:00","dateModified":"2023-09-18T20:00:51+00:00","breadcrumb":{"@id":"https:\/\/abaa.mx\/tienda\/testo-440-medidor-para-climatizacion\/#breadcrumb"},"inLanguage":"es","potentialAction":[{"@type":"ReadAction","target":["https:\/\/abaa.mx\/tienda\/testo-440-medidor-para-climatizacion\/"]}]},{"@type":"ImageObject","inLanguage":"es","@id":"https:\/\/abaa.mx\/tienda\/testo-440-medidor-para-climatizacion\/#primaryimage","url":"https:\/\/abaa.mx\/tienda\/wp-content\/uploads\/2023\/09\/testo-440.jpg","contentUrl":"https:\/\/abaa.mx\/tienda\/wp-content\/uploads\/2023\/09\/testo-440.jpg","width":660,"height":660,"caption":"testo 440"},{"@type":"BreadcrumbList","@id":"https:\/\/abaa.mx\/tienda\/testo-440-medidor-para-climatizacion\/#breadcrumb","itemListElement":[{"@type":"ListItem","position":1,"name":"Inicio","item":"https:\/\/abaa.mx\/tienda\/"},{"@type":"ListItem","position":2,"name":"Tienda","item":"https:\/\/abaa.mx\/tienda\/"},{"@type":"ListItem","position":3,"name":"testo 440 &#8211; medidor para climatizaci\u00f3n"}]},{"@type":"WebSite","@id":"https:\/\/abaa.mx\/tienda\/#website","url":"https:\/\/abaa.mx\/tienda\/","name":"Abaa tienda online","description":"Instrumentos de medici\u00f3n","publisher":{"@id":"https:\/\/abaa.mx\/tienda\/#organization"},"potentialAction":[{"@type":"SearchAction","target":{"@type":"EntryPoint","urlTemplate":"https:\/\/abaa.mx\/tienda\/?s={search_term_string}"},"query-input":{"@type":"PropertyValueSpecification","valueRequired":true,"valueName":"search_term_string"}}],"inLanguage":"es"},{"@type":"Organization","@id":"https:\/\/abaa.mx\/tienda\/#organization","name":"Abaa tienda online","url":"https:\/\/abaa.mx\/tienda\/","logo":{"@type":"ImageObject","inLanguage":"es","@id":"https:\/\/abaa.mx\/tienda\/#\/schema\/logo\/image\/","url":"https:\/\/abaa.mx\/tienda\/wp-content\/uploads\/2024\/01\/abaa-metrologia-tienda.png","contentUrl":"https:\/\/abaa.mx\/tienda\/wp-content\/uploads\/2024\/01\/abaa-metrologia-tienda.png","width":300,"height":141,"caption":"Abaa tienda online"},"image":{"@id":"https:\/\/abaa.mx\/tienda\/#\/schema\/logo\/image\/"}}]}},"_links":{"self":[{"href":"https:\/\/abaa.mx\/tienda\/wp-json\/wp\/v2\/product\/1891","targetHints":{"allow":["GET"]}}],"collection":[{"href":"https:\/\/abaa.mx\/tienda\/wp-json\/wp\/v2\/product"}],"about":[{"href":"https:\/\/abaa.mx\/tienda\/wp-json\/wp\/v2\/types\/product"}],"replies":[{"embeddable":true,"href":"https:\/\/abaa.mx\/tienda\/wp-json\/wp\/v2\/comments?post=1891"}],"wp:featuredmedia":[{"embeddable":true,"href":"https:\/\/abaa.mx\/tienda\/wp-json\/wp\/v2\/media\/1910"}],"wp:attachment":[{"href":"https:\/\/abaa.mx\/tienda\/wp-json\/wp\/v2\/media?parent=1891"}],"wp:term":[{"taxonomy":"product_brand","embeddable":true,"href":"https:\/\/abaa.mx\/tienda\/wp-json\/wp\/v2\/product_brand?post=1891"},{"taxonomy":"product_cat","embeddable":true,"href":"https:\/\/abaa.mx\/tienda\/wp-json\/wp\/v2\/product_cat?post=1891"},{"taxonomy":"product_tag","embeddable":true,"href":"https:\/\/abaa.mx\/tienda\/wp-json\/wp\/v2\/product_tag?post=1891"}],"curies":[{"name":"wp","href":"https:\/\/api.w.org\/{rel}","templated":true}]}}