{"id":1890,"date":"2023-09-18T19:13:14","date_gmt":"2023-09-18T19:13:14","guid":{"rendered":"https:\/\/abaa.mx\/tienda\/?post_type=product&#038;p=1890"},"modified":"2023-09-18T19:13:15","modified_gmt":"2023-09-18T19:13:15","slug":"testo-405-i-anemometro-termico-con-manejo-a-traves-de-telefono-inteligente","status":"publish","type":"product","link":"https:\/\/abaa.mx\/tienda\/testo-405-i-anemometro-termico-con-manejo-a-traves-de-telefono-inteligente\/","title":{"rendered":"testo 405 i &#8211; anem\u00f3metro t\u00e9rmico con manejo a trav\u00e9s de tel\u00e9fono inteligente"},"content":{"rendered":"<p>No habr\u00e1 nada que lo sorprenda: con el anem\u00f3metro t\u00e9rmico testo 405i con manejo a trav\u00e9s de tel\u00e9fono inteligente de la serie Testo Smart Probes Ud. est\u00e1 equipado de la mejor manera para las tareas de medici\u00f3n en canales de ventilaci\u00f3n. Determine f\u00e1cilmente la velocidad del aire, la temperatura y los caudales volum\u00e9tricos con el anem\u00f3metro. El testo 405i tambi\u00e9n es ideal para medir la velocidad del aire en interiores. Pr\u00e1ctico si desea localizar ventanas no herm\u00e9ticas, por ejemplo. Y, en combinaci\u00f3n con el termohigr\u00f3metro testo 605i, tambi\u00e9n es posible calcular la potencia frigor\u00edfica y de caldeo.<\/p>\n<div class=\"m-list\">\n<ul class=\"list-elements\">\n<li>Para la medici\u00f3n del caudal volum\u00e9trico, la velocidad del aire y la temperatura<\/li>\n<li>Configuraci\u00f3n f\u00e1cil de la dimensi\u00f3n y la geometr\u00eda de la secci\u00f3n del conducto para la determinaci\u00f3n del caudal volum\u00e9trico<\/li>\n<li>Trabajo c\u00f3modo en canales de ventilaci\u00f3n gracias al brazo telesc\u00f3pico extensible hasta 400 mm<\/li>\n<li>Gran facilidad de uso gracias a la aplicaci\u00f3n testo Smart (por ejemplo, la lectura c\u00f3moda de los valores medidos, el curso de los datos medidos, la funci\u00f3n de protocolo)<\/li>\n<\/ul>\n<\/div>\n<p class=\"text\">Con el anem\u00f3metro de hilo caliente testo 405i es posible medir velocidades del aire, temperaturas y caudales volum\u00e9tricos. A trav\u00e9s de Bluetooth se transfieren por radio los valores medidos directamente a la aplicaci\u00f3n testo Smart App en su tel\u00e9fono inteligente o tableta. De esta forma es posible leer c\u00f3modamente los valores y utilizar las diversas funciones inteligentes:<\/p>\n<article class=\"child-1 paragraph\">\n<div>\n<h3>Manejo independiente del lugar de medici\u00f3n a trav\u00e9s del tel\u00e9fono inteligente<\/h3>\n<p>El anem\u00f3metro de hilo caliente testo 405i re\u00fane la tecnolog\u00eda de medici\u00f3n profesional de Testo con un manejo basado en la aplicaci\u00f3n. De esta forma puede beneficiarse de las diversas funciones adicionales en su d\u00eda a d\u00eda. Con la aplicaci\u00f3n testo Smart leer\u00e1 los valores medidos c\u00f3modamente en su tel\u00e9fono inteligente o su tableta. As\u00ed, no tendr\u00e1 que descifrar la pantalla en lugares de dif\u00edcil acceso. El caudal volum\u00e9trico tambi\u00e9n puede medirse f\u00e1cilmente con la aplicaci\u00f3n: luego de la entrada intuitiva de la secci\u00f3n del canal, la aplicaci\u00f3n lo calcula autom\u00e1ticamente.<\/p>\n<p>La aplicaci\u00f3n abre otras posibilidades pr\u00e1cticas ya que no solo muestra los datos medidos, sino que tambi\u00e9n los analiza y los documenta. Mediante la aplicaci\u00f3n es posible determinar f\u00e1cilmente el valor promedio temporal y puntual. Adem\u00e1s, crea un indicador de progreso de los datos medidos en un santiam\u00e9n. Y env\u00eda los protocolos de los datos medidos como archivo PDF o Excel.<\/p>\n<p>Requisitos del sistema:<\/p>\n<ul>\n<li>iOS 11 o superior<\/li>\n<li>Android 6.0 o superior<\/li>\n<li>Bluetooth 4.0<\/li>\n<\/ul>\n<\/div>\n<\/article>\n<h3>Volumen de suministro<\/h3>\n<article class=\"child-2 paragraph\">Anem\u00f3metro t\u00e9rmico con manejo a trav\u00e9s del tel\u00e9fono inteligente testo 405i, incl. brazo telesc\u00f3pico extensible (400 mm), pilas y protocolo de calibraci\u00f3n.<\/p>\n<h2>Datos t\u00e9cnicos<\/h2>\n<table>\n<colgroup>\n<col class=\"colWidth25\" \/>\n<col \/><\/colgroup>\n<thead>\n<tr>\n<th colspan=\"2\">Datos t\u00e9cnicos generales<\/th>\n<\/tr>\n<\/thead>\n<tbody>\n<tr>\n<td class=\"table-bold\">Peso<\/td>\n<td>119,6 g<\/td>\n<\/tr>\n<tr>\n<td class=\"table-bold\">Medidas<\/td>\n<td>200 X 30 X 41 mm<\/td>\n<\/tr>\n<tr>\n<td class=\"table-bold\">Temperatura de funcionamiento<\/td>\n<td>-20 hasta +50 \u00baC<\/td>\n<\/tr>\n<tr>\n<td class=\"table-bold\">Material de la carcasa \/ del producto<\/td>\n<td>Pl\u00e1stico<\/td>\n<\/tr>\n<tr>\n<td class=\"table-bold\">Requisitos del sistema<\/td>\n<td>requiere iOS 13.0 o superior; requiere Android 8.0 o superior; requiert un terminal mobile dot\u00e9 d&#8217;un syst\u00e8me Bluetooth 4.2<\/td>\n<\/tr>\n<tr>\n<td class=\"table-bold\">Color del producto<\/td>\n<td>negro\/naranja<\/td>\n<\/tr>\n<tr>\n<td class=\"table-bold\">Autonom\u00eda<\/td>\n<td>15 horas<\/td>\n<\/tr>\n<tr>\n<td class=\"table-bold\">Tipo de bater\u00eda<\/td>\n<td>3 pilas AAA<\/td>\n<\/tr>\n<tr>\n<td class=\"table-bold\">Di\u00e1metro tubo de la sonda<\/td>\n<td>12 mm<\/td>\n<\/tr>\n<tr>\n<td class=\"table-bold\">Di\u00e1metro punta del tubo de la sonda<\/td>\n<td>9 mm<\/td>\n<\/tr>\n<tr>\n<td class=\"table-bold\">Longitud del tubo de la sonda<\/td>\n<td>400 mm<\/td>\n<\/tr>\n<tr>\n<td class=\"table-bold\">Temperatura de almacenamiento<\/td>\n<td>-20 hasta +60 \u00baC<\/td>\n<\/tr>\n<\/tbody>\n<\/table>\n<table>\n<colgroup>\n<col class=\"colWidth25\" \/>\n<col \/><\/colgroup>\n<thead>\n<tr>\n<th colspan=\"2\">NTC<\/th>\n<\/tr>\n<\/thead>\n<tbody>\n<tr>\n<td class=\"table-bold\">Rango<\/td>\n<td>-20 hasta +60 \u00baC<\/td>\n<\/tr>\n<tr>\n<td class=\"table-bold\">Exactitud<\/td>\n<td>\u00b10,5 \u00baC<\/td>\n<\/tr>\n<tr>\n<td class=\"table-bold\">Resoluci\u00f3n<\/td>\n<td>0,1 \u00baC<\/td>\n<\/tr>\n<\/tbody>\n<\/table>\n<table>\n<colgroup>\n<col class=\"colWidth25\" \/>\n<col \/><\/colgroup>\n<thead>\n<tr>\n<th colspan=\"2\">Velocidad &#8211; Hilo caliente<\/th>\n<\/tr>\n<\/thead>\n<tbody>\n<tr>\n<td class=\"table-bold\">Rango<\/td>\n<td>0 hasta 30 m\/s<\/td>\n<\/tr>\n<tr>\n<td class=\"table-bold\">Exactitud<\/td>\n<td>\u00b1(0,1 m\/s + 5 % del v.m.) (0 hasta 2 m\/s)<\/p>\n<p>\u00b1(0,3 m\/s + 5 % del v.m.) (2 hasta 15 m\/s)<\/td>\n<\/tr>\n<tr>\n<td class=\"table-bold\">Resoluci\u00f3n<\/td>\n<td>0,01 m\/s<\/td>\n<\/tr>\n<\/tbody>\n<\/table>\n<\/article>\n","protected":false},"excerpt":{"rendered":"<p>No habr\u00e1 nada que lo sorprenda: con el anem\u00f3metro t\u00e9rmico testo 405i con manejo a trav\u00e9s de tel\u00e9fono inteligente de la serie Testo Smart Probes Ud. est\u00e1 equipado de la mejor manera para las tareas de medici\u00f3n en canales de ventilaci\u00f3n. Determine f\u00e1cilmente la velocidad del aire, la temperatura y los caudales volum\u00e9tricos con el anem\u00f3metro. El testo 405i tambi\u00e9n es ideal para medir la velocidad del aire en interiores. Pr\u00e1ctico si desea localizar ventanas no herm\u00e9ticas, por ejemplo. Y, en combinaci\u00f3n con el termohigr\u00f3metro testo 605i, tambi\u00e9n es posible calcular la potencia frigor\u00edfica y de caldeo.<\/p>\n","protected":false},"featured_media":1892,"comment_status":"open","ping_status":"closed","template":"","meta":{"_joinchat":[]},"product_brand":[],"product_cat":[15],"product_tag":[],"class_list":{"0":"post-1890","1":"product","2":"type-product","3":"status-publish","4":"has-post-thumbnail","6":"product_cat-sin-categorizar","8":"first","9":"instock","10":"shipping-taxable","11":"product-type-simple"},"yoast_head":"<!-- This site is optimized with the Yoast SEO plugin v26.4 - https:\/\/yoast.com\/wordpress\/plugins\/seo\/ -->\n<title>testo 405 i - anem\u00f3metro t\u00e9rmico con manejo a trav\u00e9s de tel\u00e9fono inteligente - Abaa tienda online<\/title>\n<meta name=\"robots\" content=\"index, follow, max-snippet:-1, max-image-preview:large, max-video-preview:-1\" \/>\n<link rel=\"canonical\" href=\"https:\/\/abaa.mx\/tienda\/testo-405-i-anemometro-termico-con-manejo-a-traves-de-telefono-inteligente\/\" \/>\n<meta property=\"og:locale\" content=\"es_MX\" \/>\n<meta property=\"og:type\" content=\"article\" \/>\n<meta property=\"og:title\" content=\"testo 405 i - anem\u00f3metro t\u00e9rmico con manejo a trav\u00e9s de tel\u00e9fono inteligente - Abaa tienda online\" \/>\n<meta property=\"og:description\" content=\"No habr\u00e1 nada que lo sorprenda: con el anem\u00f3metro t\u00e9rmico testo 405i con manejo a trav\u00e9s de tel\u00e9fono inteligente de la serie Testo Smart Probes Ud. est\u00e1 equipado de la mejor manera para las tareas de medici\u00f3n en canales de ventilaci\u00f3n. Determine f\u00e1cilmente la velocidad del aire, la temperatura y los caudales volum\u00e9tricos con el anem\u00f3metro. El testo 405i tambi\u00e9n es ideal para medir la velocidad del aire en interiores. Pr\u00e1ctico si desea localizar ventanas no herm\u00e9ticas, por ejemplo. Y, en combinaci\u00f3n con el termohigr\u00f3metro testo 605i, tambi\u00e9n es posible calcular la potencia frigor\u00edfica y de caldeo.\" \/>\n<meta property=\"og:url\" content=\"https:\/\/abaa.mx\/tienda\/testo-405-i-anemometro-termico-con-manejo-a-traves-de-telefono-inteligente\/\" \/>\n<meta property=\"og:site_name\" content=\"Abaa tienda online\" \/>\n<meta property=\"article:modified_time\" content=\"2023-09-18T19:13:15+00:00\" \/>\n<meta property=\"og:image\" content=\"https:\/\/abaa.mx\/tienda\/wp-content\/uploads\/2023\/09\/testo-405-i.jpg\" \/>\n\t<meta property=\"og:image:width\" content=\"1500\" \/>\n\t<meta property=\"og:image:height\" content=\"1500\" \/>\n\t<meta property=\"og:image:type\" content=\"image\/jpeg\" \/>\n<meta name=\"twitter:card\" content=\"summary_large_image\" \/>\n<meta name=\"twitter:label1\" content=\"Tiempo de lectura\" \/>\n\t<meta name=\"twitter:data1\" content=\"3 minutos\" \/>\n<script type=\"application\/ld+json\" class=\"yoast-schema-graph\">{\"@context\":\"https:\/\/schema.org\",\"@graph\":[{\"@type\":\"WebPage\",\"@id\":\"https:\/\/abaa.mx\/tienda\/testo-405-i-anemometro-termico-con-manejo-a-traves-de-telefono-inteligente\/\",\"url\":\"https:\/\/abaa.mx\/tienda\/testo-405-i-anemometro-termico-con-manejo-a-traves-de-telefono-inteligente\/\",\"name\":\"testo 405 i - anem\u00f3metro t\u00e9rmico con manejo a trav\u00e9s de tel\u00e9fono inteligente - Abaa tienda online\",\"isPartOf\":{\"@id\":\"https:\/\/abaa.mx\/tienda\/#website\"},\"primaryImageOfPage\":{\"@id\":\"https:\/\/abaa.mx\/tienda\/testo-405-i-anemometro-termico-con-manejo-a-traves-de-telefono-inteligente\/#primaryimage\"},\"image\":{\"@id\":\"https:\/\/abaa.mx\/tienda\/testo-405-i-anemometro-termico-con-manejo-a-traves-de-telefono-inteligente\/#primaryimage\"},\"thumbnailUrl\":\"https:\/\/abaa.mx\/tienda\/wp-content\/uploads\/2023\/09\/testo-405-i.jpg\",\"datePublished\":\"2023-09-18T19:13:14+00:00\",\"dateModified\":\"2023-09-18T19:13:15+00:00\",\"breadcrumb\":{\"@id\":\"https:\/\/abaa.mx\/tienda\/testo-405-i-anemometro-termico-con-manejo-a-traves-de-telefono-inteligente\/#breadcrumb\"},\"inLanguage\":\"es\",\"potentialAction\":[{\"@type\":\"ReadAction\",\"target\":[\"https:\/\/abaa.mx\/tienda\/testo-405-i-anemometro-termico-con-manejo-a-traves-de-telefono-inteligente\/\"]}]},{\"@type\":\"ImageObject\",\"inLanguage\":\"es\",\"@id\":\"https:\/\/abaa.mx\/tienda\/testo-405-i-anemometro-termico-con-manejo-a-traves-de-telefono-inteligente\/#primaryimage\",\"url\":\"https:\/\/abaa.mx\/tienda\/wp-content\/uploads\/2023\/09\/testo-405-i.jpg\",\"contentUrl\":\"https:\/\/abaa.mx\/tienda\/wp-content\/uploads\/2023\/09\/testo-405-i.jpg\",\"width\":1500,\"height\":1500,\"caption\":\"testo 405 i\"},{\"@type\":\"BreadcrumbList\",\"@id\":\"https:\/\/abaa.mx\/tienda\/testo-405-i-anemometro-termico-con-manejo-a-traves-de-telefono-inteligente\/#breadcrumb\",\"itemListElement\":[{\"@type\":\"ListItem\",\"position\":1,\"name\":\"Inicio\",\"item\":\"https:\/\/abaa.mx\/tienda\/\"},{\"@type\":\"ListItem\",\"position\":2,\"name\":\"Tienda\",\"item\":\"https:\/\/abaa.mx\/tienda\/\"},{\"@type\":\"ListItem\",\"position\":3,\"name\":\"testo 405 i &#8211; anem\u00f3metro t\u00e9rmico con manejo a trav\u00e9s de tel\u00e9fono inteligente\"}]},{\"@type\":\"WebSite\",\"@id\":\"https:\/\/abaa.mx\/tienda\/#website\",\"url\":\"https:\/\/abaa.mx\/tienda\/\",\"name\":\"Abaa tienda online\",\"description\":\"Instrumentos de medici\u00f3n\",\"publisher\":{\"@id\":\"https:\/\/abaa.mx\/tienda\/#organization\"},\"potentialAction\":[{\"@type\":\"SearchAction\",\"target\":{\"@type\":\"EntryPoint\",\"urlTemplate\":\"https:\/\/abaa.mx\/tienda\/?s={search_term_string}\"},\"query-input\":{\"@type\":\"PropertyValueSpecification\",\"valueRequired\":true,\"valueName\":\"search_term_string\"}}],\"inLanguage\":\"es\"},{\"@type\":\"Organization\",\"@id\":\"https:\/\/abaa.mx\/tienda\/#organization\",\"name\":\"Abaa tienda online\",\"url\":\"https:\/\/abaa.mx\/tienda\/\",\"logo\":{\"@type\":\"ImageObject\",\"inLanguage\":\"es\",\"@id\":\"https:\/\/abaa.mx\/tienda\/#\/schema\/logo\/image\/\",\"url\":\"https:\/\/abaa.mx\/tienda\/wp-content\/uploads\/2024\/01\/abaa-metrologia-tienda.png\",\"contentUrl\":\"https:\/\/abaa.mx\/tienda\/wp-content\/uploads\/2024\/01\/abaa-metrologia-tienda.png\",\"width\":300,\"height\":141,\"caption\":\"Abaa tienda online\"},\"image\":{\"@id\":\"https:\/\/abaa.mx\/tienda\/#\/schema\/logo\/image\/\"}}]}<\/script>\n<!-- \/ Yoast SEO plugin. -->","yoast_head_json":{"title":"testo 405 i - anem\u00f3metro t\u00e9rmico con manejo a trav\u00e9s de tel\u00e9fono inteligente - Abaa tienda online","robots":{"index":"index","follow":"follow","max-snippet":"max-snippet:-1","max-image-preview":"max-image-preview:large","max-video-preview":"max-video-preview:-1"},"canonical":"https:\/\/abaa.mx\/tienda\/testo-405-i-anemometro-termico-con-manejo-a-traves-de-telefono-inteligente\/","og_locale":"es_MX","og_type":"article","og_title":"testo 405 i - anem\u00f3metro t\u00e9rmico con manejo a trav\u00e9s de tel\u00e9fono inteligente - Abaa tienda online","og_description":"No habr\u00e1 nada que lo sorprenda: con el anem\u00f3metro t\u00e9rmico testo 405i con manejo a trav\u00e9s de tel\u00e9fono inteligente de la serie Testo Smart Probes Ud. est\u00e1 equipado de la mejor manera para las tareas de medici\u00f3n en canales de ventilaci\u00f3n. Determine f\u00e1cilmente la velocidad del aire, la temperatura y los caudales volum\u00e9tricos con el anem\u00f3metro. El testo 405i tambi\u00e9n es ideal para medir la velocidad del aire en interiores. Pr\u00e1ctico si desea localizar ventanas no herm\u00e9ticas, por ejemplo. Y, en combinaci\u00f3n con el termohigr\u00f3metro testo 605i, tambi\u00e9n es posible calcular la potencia frigor\u00edfica y de caldeo.","og_url":"https:\/\/abaa.mx\/tienda\/testo-405-i-anemometro-termico-con-manejo-a-traves-de-telefono-inteligente\/","og_site_name":"Abaa tienda online","article_modified_time":"2023-09-18T19:13:15+00:00","og_image":[{"width":1500,"height":1500,"url":"https:\/\/abaa.mx\/tienda\/wp-content\/uploads\/2023\/09\/testo-405-i.jpg","type":"image\/jpeg"}],"twitter_card":"summary_large_image","twitter_misc":{"Tiempo de lectura":"3 minutos"},"schema":{"@context":"https:\/\/schema.org","@graph":[{"@type":"WebPage","@id":"https:\/\/abaa.mx\/tienda\/testo-405-i-anemometro-termico-con-manejo-a-traves-de-telefono-inteligente\/","url":"https:\/\/abaa.mx\/tienda\/testo-405-i-anemometro-termico-con-manejo-a-traves-de-telefono-inteligente\/","name":"testo 405 i - anem\u00f3metro t\u00e9rmico con manejo a trav\u00e9s de tel\u00e9fono inteligente - Abaa tienda online","isPartOf":{"@id":"https:\/\/abaa.mx\/tienda\/#website"},"primaryImageOfPage":{"@id":"https:\/\/abaa.mx\/tienda\/testo-405-i-anemometro-termico-con-manejo-a-traves-de-telefono-inteligente\/#primaryimage"},"image":{"@id":"https:\/\/abaa.mx\/tienda\/testo-405-i-anemometro-termico-con-manejo-a-traves-de-telefono-inteligente\/#primaryimage"},"thumbnailUrl":"https:\/\/abaa.mx\/tienda\/wp-content\/uploads\/2023\/09\/testo-405-i.jpg","datePublished":"2023-09-18T19:13:14+00:00","dateModified":"2023-09-18T19:13:15+00:00","breadcrumb":{"@id":"https:\/\/abaa.mx\/tienda\/testo-405-i-anemometro-termico-con-manejo-a-traves-de-telefono-inteligente\/#breadcrumb"},"inLanguage":"es","potentialAction":[{"@type":"ReadAction","target":["https:\/\/abaa.mx\/tienda\/testo-405-i-anemometro-termico-con-manejo-a-traves-de-telefono-inteligente\/"]}]},{"@type":"ImageObject","inLanguage":"es","@id":"https:\/\/abaa.mx\/tienda\/testo-405-i-anemometro-termico-con-manejo-a-traves-de-telefono-inteligente\/#primaryimage","url":"https:\/\/abaa.mx\/tienda\/wp-content\/uploads\/2023\/09\/testo-405-i.jpg","contentUrl":"https:\/\/abaa.mx\/tienda\/wp-content\/uploads\/2023\/09\/testo-405-i.jpg","width":1500,"height":1500,"caption":"testo 405 i"},{"@type":"BreadcrumbList","@id":"https:\/\/abaa.mx\/tienda\/testo-405-i-anemometro-termico-con-manejo-a-traves-de-telefono-inteligente\/#breadcrumb","itemListElement":[{"@type":"ListItem","position":1,"name":"Inicio","item":"https:\/\/abaa.mx\/tienda\/"},{"@type":"ListItem","position":2,"name":"Tienda","item":"https:\/\/abaa.mx\/tienda\/"},{"@type":"ListItem","position":3,"name":"testo 405 i &#8211; anem\u00f3metro t\u00e9rmico con manejo a trav\u00e9s de tel\u00e9fono inteligente"}]},{"@type":"WebSite","@id":"https:\/\/abaa.mx\/tienda\/#website","url":"https:\/\/abaa.mx\/tienda\/","name":"Abaa tienda online","description":"Instrumentos de medici\u00f3n","publisher":{"@id":"https:\/\/abaa.mx\/tienda\/#organization"},"potentialAction":[{"@type":"SearchAction","target":{"@type":"EntryPoint","urlTemplate":"https:\/\/abaa.mx\/tienda\/?s={search_term_string}"},"query-input":{"@type":"PropertyValueSpecification","valueRequired":true,"valueName":"search_term_string"}}],"inLanguage":"es"},{"@type":"Organization","@id":"https:\/\/abaa.mx\/tienda\/#organization","name":"Abaa tienda online","url":"https:\/\/abaa.mx\/tienda\/","logo":{"@type":"ImageObject","inLanguage":"es","@id":"https:\/\/abaa.mx\/tienda\/#\/schema\/logo\/image\/","url":"https:\/\/abaa.mx\/tienda\/wp-content\/uploads\/2024\/01\/abaa-metrologia-tienda.png","contentUrl":"https:\/\/abaa.mx\/tienda\/wp-content\/uploads\/2024\/01\/abaa-metrologia-tienda.png","width":300,"height":141,"caption":"Abaa tienda online"},"image":{"@id":"https:\/\/abaa.mx\/tienda\/#\/schema\/logo\/image\/"}}]}},"_links":{"self":[{"href":"https:\/\/abaa.mx\/tienda\/wp-json\/wp\/v2\/product\/1890","targetHints":{"allow":["GET"]}}],"collection":[{"href":"https:\/\/abaa.mx\/tienda\/wp-json\/wp\/v2\/product"}],"about":[{"href":"https:\/\/abaa.mx\/tienda\/wp-json\/wp\/v2\/types\/product"}],"replies":[{"embeddable":true,"href":"https:\/\/abaa.mx\/tienda\/wp-json\/wp\/v2\/comments?post=1890"}],"wp:featuredmedia":[{"embeddable":true,"href":"https:\/\/abaa.mx\/tienda\/wp-json\/wp\/v2\/media\/1892"}],"wp:attachment":[{"href":"https:\/\/abaa.mx\/tienda\/wp-json\/wp\/v2\/media?parent=1890"}],"wp:term":[{"taxonomy":"product_brand","embeddable":true,"href":"https:\/\/abaa.mx\/tienda\/wp-json\/wp\/v2\/product_brand?post=1890"},{"taxonomy":"product_cat","embeddable":true,"href":"https:\/\/abaa.mx\/tienda\/wp-json\/wp\/v2\/product_cat?post=1890"},{"taxonomy":"product_tag","embeddable":true,"href":"https:\/\/abaa.mx\/tienda\/wp-json\/wp\/v2\/product_tag?post=1890"}],"curies":[{"name":"wp","href":"https:\/\/api.w.org\/{rel}","templated":true}]}}