{"id":1889,"date":"2023-09-18T19:29:02","date_gmt":"2023-09-18T19:29:02","guid":{"rendered":"https:\/\/abaa.mx\/tienda\/?post_type=product&#038;p=1889"},"modified":"2023-09-18T19:29:03","modified_gmt":"2023-09-18T19:29:03","slug":"testo-410-i-anemometro-de-molinete-con-manejo-a-traves-de-telefono-inteligente","status":"publish","type":"product","link":"https:\/\/abaa.mx\/tienda\/testo-410-i-anemometro-de-molinete-con-manejo-a-traves-de-telefono-inteligente\/","title":{"rendered":"testo 410 i &#8211; anem\u00f3metro de molinete con manejo a trav\u00e9s de tel\u00e9fono inteligente"},"content":{"rendered":"<p>Se ajusta a cualquier bolsillo de camisa: con el anem\u00f3metro de molinete testo 410i est\u00e1 equipado de la mejor forma para la medici\u00f3n de la velocidad del aire y la temperatura en salidas de aire y rejillas de ventilaci\u00f3n. La medici\u00f3n y el ajuste del caudal volum\u00e9trico tampoco ser\u00e1 un problema. El testo 410i le brinda una excelente flexibilidad y con \u00e9l est\u00e1 preparado para cualquier requerimiento de medici\u00f3n no planeado en su d\u00eda a d\u00eda.<\/p>\n<div class=\"m-list\">\n<ul class=\"list-elements\">\n<li>Medici\u00f3n de la velocidad del aire, caudal volum\u00e9trico y la temperatura<\/li>\n<li>Representaci\u00f3n del caudal volum\u00e9trico de varias salidas para controlar las instalaciones<\/li>\n<li>Parametrizaci\u00f3n sencilla de la salida (dimensi\u00f3n y geometr\u00eda)<\/li>\n<li>Lectura c\u00f3moda de los valores medidos en el tel\u00e9fono inteligente o la tableta con la aplicaci\u00f3n testo Smart<\/li>\n<\/ul>\n<\/div>\n<p class=\"text\">Tecnolog\u00eda de medici\u00f3n profesional en formato peque\u00f1o: el compacto anem\u00f3metro de molinete testo 410i con manejo a trav\u00e9s de tel\u00e9fono inteligente mide r\u00e1pida y fiablemente el caudal volum\u00e9trico, la velocidad del aire y la temperatura en la salida de aire. La aplicaci\u00f3n testo Smart brinda una lectura c\u00f3moda de los valores medidos, as\u00ed como funciones adicionales inteligentes.<\/p>\n<article class=\"child-1 paragraph\">Se ajusta a cualquier bolsillo de camisa: con el anem\u00f3metro de molinete testo 410i est\u00e1 equipado de la mejor forma para la medici\u00f3n de la velocidad del aire y la temperatura en salidas de aire y rejillas de ventilaci\u00f3n. La medici\u00f3n y el ajuste del caudal volum\u00e9trico tampoco ser\u00e1 un problema. El testo 410i le brinda una excelente flexibilidad y con \u00e9l est\u00e1 preparado para cualquier requerimiento de medici\u00f3n no planeado en su d\u00eda a d\u00eda.<\/p>\n<div>\n<h3>Confort de medici\u00f3n gracias a la aplicaci\u00f3n<\/h3>\n<p>El testo 410i combina la tecnolog\u00eda de medici\u00f3n profesional con las eficientes funciones de una aplicaci\u00f3n. As\u00ed, su tel\u00e9fono inteligente o tableta se convertir\u00e1 r\u00e1pidamente en una pantalla para visualizar los valores medidos in situ. Todos los valores medidos pueden representarse a trav\u00e9s de la aplicaci\u00f3n testo Smart. Y, por \u00faltimo, es posible enviar el protocolo inmediatamente por correo electr\u00f3nico como archivo PDF o Excel.<\/p>\n<p>Gracias a la aplicaci\u00f3n, la configuraci\u00f3n de la medici\u00f3n del caudal volum\u00e9trico es muy f\u00e1cil ya que con ella es posible ejecutar de forma intuitiva la parametrizaci\u00f3n de la salida (dimensi\u00f3n, geometr\u00eda). Especialmente pr\u00e1ctico: al ajustar un sistema de ventilaci\u00f3n es posible confrontar y comparar los caudales volum\u00e9tricos de varias salidas. La creaci\u00f3n de valores promedio temporales y puntuales le permite determinar r\u00e1pidamente la velocidad del aire promedio, por ejemplo, en una rejilla de ventilaci\u00f3n.<\/p>\n<p>Requisitos del sistema:<\/p>\n<ul>\n<li>iOS 11 o superior<\/li>\n<li>Android 6.0 o superior<\/li>\n<li>Bluetooth 4.0<\/li>\n<\/ul>\n<\/div>\n<\/article>\n<h3>Volumen de suministro<\/h3>\n<article class=\"child-2 paragraph\">Anem\u00f3metro de molinete con manejo a trav\u00e9s del tel\u00e9fono inteligente testo 410i, incl. tapa de protecci\u00f3n, pilas y protocolo de calibraci\u00f3n.<\/article>\n<article>\n<h2>Datos t\u00e9cnicos<\/h2>\n<table>\n<colgroup>\n<col class=\"colWidth25\" \/>\n<col \/><\/colgroup>\n<thead>\n<tr>\n<th colspan=\"2\">Datos t\u00e9cnicos generales<\/th>\n<\/tr>\n<\/thead>\n<tbody>\n<tr>\n<td class=\"table-bold\">Peso<\/td>\n<td>117,8 g<\/td>\n<\/tr>\n<tr>\n<td class=\"table-bold\">Medidas<\/td>\n<td>154 X 43 X 21 mm<\/td>\n<\/tr>\n<tr>\n<td class=\"table-bold\">Temperatura de funcionamiento<\/td>\n<td>-20 hasta +50 \u00baC<\/td>\n<\/tr>\n<tr>\n<td class=\"table-bold\">Material de la carcasa \/ del producto<\/td>\n<td>Pl\u00e1stico<\/td>\n<\/tr>\n<tr>\n<td class=\"table-bold\">Requisitos del sistema<\/td>\n<td>requiere iOS 13.0 o superior; requiere Android 8.0 o superior; requiert un terminal mobile dot\u00e9 d&#8217;un syst\u00e8me Bluetooth 4.2<\/td>\n<\/tr>\n<tr>\n<td class=\"table-bold\">Color del producto<\/td>\n<td>negro\/naranja<\/td>\n<\/tr>\n<tr>\n<td class=\"table-bold\">Autonom\u00eda<\/td>\n<td>130 horas<\/td>\n<\/tr>\n<tr>\n<td class=\"table-bold\">Tipo de bater\u00eda<\/td>\n<td>3 pilas AAA<\/td>\n<\/tr>\n<tr>\n<td class=\"table-bold\">Di\u00e1metro del molinete<\/td>\n<td>30 mm<\/td>\n<\/tr>\n<tr>\n<td class=\"table-bold\">Temperatura de almacenamiento<\/td>\n<td>-20 hasta +60 \u00baC<\/td>\n<\/tr>\n<\/tbody>\n<\/table>\n<table>\n<colgroup>\n<col class=\"colWidth25\" \/>\n<col \/><\/colgroup>\n<thead>\n<tr>\n<th colspan=\"2\">NTC<\/th>\n<\/tr>\n<\/thead>\n<tbody>\n<tr>\n<td class=\"table-bold\">Rango<\/td>\n<td>-20 hasta +60 \u00baC<\/td>\n<\/tr>\n<tr>\n<td class=\"table-bold\">Exactitud<\/td>\n<td>\u00b10,5 \u00baC<\/td>\n<\/tr>\n<tr>\n<td class=\"table-bold\">Resoluci\u00f3n<\/td>\n<td>0,1 \u00baC<\/td>\n<\/tr>\n<\/tbody>\n<\/table>\n<table>\n<colgroup>\n<col class=\"colWidth25\" \/>\n<col \/><\/colgroup>\n<thead>\n<tr>\n<th colspan=\"2\">Anem\u00f3metro de molinete<\/th>\n<\/tr>\n<\/thead>\n<tbody>\n<tr>\n<td class=\"table-bold\">Rango<\/td>\n<td>0,4 hasta 30 m\/s<\/td>\n<\/tr>\n<tr>\n<td class=\"table-bold\">Exactitud<\/td>\n<td>\u00b1(0,2 m\/s + 2 % del v.m.) (0,4 hasta 20 m\/s)<\/td>\n<\/tr>\n<tr>\n<td class=\"table-bold\">Resoluci\u00f3n<\/td>\n<td>0,1 m\/s<\/td>\n<\/tr>\n<\/tbody>\n<\/table>\n<\/article>\n","protected":false},"excerpt":{"rendered":"<p>Se ajusta a cualquier bolsillo de camisa: con el anem\u00f3metro de molinete testo 410i est\u00e1 equipado de la mejor forma para la medici\u00f3n de la velocidad del aire y la temperatura en salidas de aire y rejillas de ventilaci\u00f3n. La medici\u00f3n y el ajuste del caudal volum\u00e9trico tampoco ser\u00e1 un problema. El testo 410i le brinda una excelente flexibilidad y con \u00e9l est\u00e1 preparado para cualquier requerimiento de medici\u00f3n no planeado en su d\u00eda a d\u00eda.<\/p>\n","protected":false},"featured_media":1895,"comment_status":"open","ping_status":"closed","template":"","meta":{"_joinchat":[]},"product_brand":[],"product_cat":[15],"product_tag":[],"class_list":{"0":"post-1889","1":"product","2":"type-product","3":"status-publish","4":"has-post-thumbnail","6":"product_cat-sin-categorizar","8":"first","9":"instock","10":"shipping-taxable","11":"product-type-simple"},"yoast_head":"<!-- This site is optimized with the Yoast SEO plugin v26.4 - https:\/\/yoast.com\/wordpress\/plugins\/seo\/ -->\n<title>testo 410 i - anem\u00f3metro de molinete con manejo a trav\u00e9s de tel\u00e9fono inteligente - Abaa tienda online<\/title>\n<meta name=\"robots\" content=\"index, follow, max-snippet:-1, max-image-preview:large, max-video-preview:-1\" \/>\n<link rel=\"canonical\" href=\"https:\/\/abaa.mx\/tienda\/testo-410-i-anemometro-de-molinete-con-manejo-a-traves-de-telefono-inteligente\/\" \/>\n<meta property=\"og:locale\" content=\"es_MX\" \/>\n<meta property=\"og:type\" content=\"article\" \/>\n<meta property=\"og:title\" content=\"testo 410 i - anem\u00f3metro de molinete con manejo a trav\u00e9s de tel\u00e9fono inteligente - Abaa tienda online\" \/>\n<meta property=\"og:description\" content=\"Se ajusta a cualquier bolsillo de camisa: con el anem\u00f3metro de molinete testo 410i est\u00e1 equipado de la mejor forma para la medici\u00f3n de la velocidad del aire y la temperatura en salidas de aire y rejillas de ventilaci\u00f3n. La medici\u00f3n y el ajuste del caudal volum\u00e9trico tampoco ser\u00e1 un problema. El testo 410i le brinda una excelente flexibilidad y con \u00e9l est\u00e1 preparado para cualquier requerimiento de medici\u00f3n no planeado en su d\u00eda a d\u00eda.\" \/>\n<meta property=\"og:url\" content=\"https:\/\/abaa.mx\/tienda\/testo-410-i-anemometro-de-molinete-con-manejo-a-traves-de-telefono-inteligente\/\" \/>\n<meta property=\"og:site_name\" content=\"Abaa tienda online\" \/>\n<meta property=\"article:modified_time\" content=\"2023-09-18T19:29:03+00:00\" \/>\n<meta property=\"og:image\" content=\"https:\/\/abaa.mx\/tienda\/wp-content\/uploads\/2023\/09\/testo-410-i.jpg\" \/>\n\t<meta property=\"og:image:width\" content=\"416\" \/>\n\t<meta property=\"og:image:height\" content=\"660\" \/>\n\t<meta property=\"og:image:type\" content=\"image\/jpeg\" \/>\n<meta name=\"twitter:card\" content=\"summary_large_image\" \/>\n<meta name=\"twitter:label1\" content=\"Tiempo de lectura\" \/>\n\t<meta name=\"twitter:data1\" content=\"3 minutos\" \/>\n<script type=\"application\/ld+json\" class=\"yoast-schema-graph\">{\"@context\":\"https:\/\/schema.org\",\"@graph\":[{\"@type\":\"WebPage\",\"@id\":\"https:\/\/abaa.mx\/tienda\/testo-410-i-anemometro-de-molinete-con-manejo-a-traves-de-telefono-inteligente\/\",\"url\":\"https:\/\/abaa.mx\/tienda\/testo-410-i-anemometro-de-molinete-con-manejo-a-traves-de-telefono-inteligente\/\",\"name\":\"testo 410 i - anem\u00f3metro de molinete con manejo a trav\u00e9s de tel\u00e9fono inteligente - Abaa tienda online\",\"isPartOf\":{\"@id\":\"https:\/\/abaa.mx\/tienda\/#website\"},\"primaryImageOfPage\":{\"@id\":\"https:\/\/abaa.mx\/tienda\/testo-410-i-anemometro-de-molinete-con-manejo-a-traves-de-telefono-inteligente\/#primaryimage\"},\"image\":{\"@id\":\"https:\/\/abaa.mx\/tienda\/testo-410-i-anemometro-de-molinete-con-manejo-a-traves-de-telefono-inteligente\/#primaryimage\"},\"thumbnailUrl\":\"https:\/\/abaa.mx\/tienda\/wp-content\/uploads\/2023\/09\/testo-410-i.jpg\",\"datePublished\":\"2023-09-18T19:29:02+00:00\",\"dateModified\":\"2023-09-18T19:29:03+00:00\",\"breadcrumb\":{\"@id\":\"https:\/\/abaa.mx\/tienda\/testo-410-i-anemometro-de-molinete-con-manejo-a-traves-de-telefono-inteligente\/#breadcrumb\"},\"inLanguage\":\"es\",\"potentialAction\":[{\"@type\":\"ReadAction\",\"target\":[\"https:\/\/abaa.mx\/tienda\/testo-410-i-anemometro-de-molinete-con-manejo-a-traves-de-telefono-inteligente\/\"]}]},{\"@type\":\"ImageObject\",\"inLanguage\":\"es\",\"@id\":\"https:\/\/abaa.mx\/tienda\/testo-410-i-anemometro-de-molinete-con-manejo-a-traves-de-telefono-inteligente\/#primaryimage\",\"url\":\"https:\/\/abaa.mx\/tienda\/wp-content\/uploads\/2023\/09\/testo-410-i.jpg\",\"contentUrl\":\"https:\/\/abaa.mx\/tienda\/wp-content\/uploads\/2023\/09\/testo-410-i.jpg\",\"width\":416,\"height\":660,\"caption\":\"testo 410 i\"},{\"@type\":\"BreadcrumbList\",\"@id\":\"https:\/\/abaa.mx\/tienda\/testo-410-i-anemometro-de-molinete-con-manejo-a-traves-de-telefono-inteligente\/#breadcrumb\",\"itemListElement\":[{\"@type\":\"ListItem\",\"position\":1,\"name\":\"Inicio\",\"item\":\"https:\/\/abaa.mx\/tienda\/\"},{\"@type\":\"ListItem\",\"position\":2,\"name\":\"Tienda\",\"item\":\"https:\/\/abaa.mx\/tienda\/\"},{\"@type\":\"ListItem\",\"position\":3,\"name\":\"testo 410 i &#8211; anem\u00f3metro de molinete con manejo a trav\u00e9s de tel\u00e9fono inteligente\"}]},{\"@type\":\"WebSite\",\"@id\":\"https:\/\/abaa.mx\/tienda\/#website\",\"url\":\"https:\/\/abaa.mx\/tienda\/\",\"name\":\"Abaa tienda online\",\"description\":\"Instrumentos de medici\u00f3n\",\"publisher\":{\"@id\":\"https:\/\/abaa.mx\/tienda\/#organization\"},\"potentialAction\":[{\"@type\":\"SearchAction\",\"target\":{\"@type\":\"EntryPoint\",\"urlTemplate\":\"https:\/\/abaa.mx\/tienda\/?s={search_term_string}\"},\"query-input\":{\"@type\":\"PropertyValueSpecification\",\"valueRequired\":true,\"valueName\":\"search_term_string\"}}],\"inLanguage\":\"es\"},{\"@type\":\"Organization\",\"@id\":\"https:\/\/abaa.mx\/tienda\/#organization\",\"name\":\"Abaa tienda online\",\"url\":\"https:\/\/abaa.mx\/tienda\/\",\"logo\":{\"@type\":\"ImageObject\",\"inLanguage\":\"es\",\"@id\":\"https:\/\/abaa.mx\/tienda\/#\/schema\/logo\/image\/\",\"url\":\"https:\/\/abaa.mx\/tienda\/wp-content\/uploads\/2024\/01\/abaa-metrologia-tienda.png\",\"contentUrl\":\"https:\/\/abaa.mx\/tienda\/wp-content\/uploads\/2024\/01\/abaa-metrologia-tienda.png\",\"width\":300,\"height\":141,\"caption\":\"Abaa tienda online\"},\"image\":{\"@id\":\"https:\/\/abaa.mx\/tienda\/#\/schema\/logo\/image\/\"}}]}<\/script>\n<!-- \/ Yoast SEO plugin. -->","yoast_head_json":{"title":"testo 410 i - anem\u00f3metro de molinete con manejo a trav\u00e9s de tel\u00e9fono inteligente - Abaa tienda online","robots":{"index":"index","follow":"follow","max-snippet":"max-snippet:-1","max-image-preview":"max-image-preview:large","max-video-preview":"max-video-preview:-1"},"canonical":"https:\/\/abaa.mx\/tienda\/testo-410-i-anemometro-de-molinete-con-manejo-a-traves-de-telefono-inteligente\/","og_locale":"es_MX","og_type":"article","og_title":"testo 410 i - anem\u00f3metro de molinete con manejo a trav\u00e9s de tel\u00e9fono inteligente - Abaa tienda online","og_description":"Se ajusta a cualquier bolsillo de camisa: con el anem\u00f3metro de molinete testo 410i est\u00e1 equipado de la mejor forma para la medici\u00f3n de la velocidad del aire y la temperatura en salidas de aire y rejillas de ventilaci\u00f3n. La medici\u00f3n y el ajuste del caudal volum\u00e9trico tampoco ser\u00e1 un problema. El testo 410i le brinda una excelente flexibilidad y con \u00e9l est\u00e1 preparado para cualquier requerimiento de medici\u00f3n no planeado en su d\u00eda a d\u00eda.","og_url":"https:\/\/abaa.mx\/tienda\/testo-410-i-anemometro-de-molinete-con-manejo-a-traves-de-telefono-inteligente\/","og_site_name":"Abaa tienda online","article_modified_time":"2023-09-18T19:29:03+00:00","og_image":[{"width":416,"height":660,"url":"https:\/\/abaa.mx\/tienda\/wp-content\/uploads\/2023\/09\/testo-410-i.jpg","type":"image\/jpeg"}],"twitter_card":"summary_large_image","twitter_misc":{"Tiempo de lectura":"3 minutos"},"schema":{"@context":"https:\/\/schema.org","@graph":[{"@type":"WebPage","@id":"https:\/\/abaa.mx\/tienda\/testo-410-i-anemometro-de-molinete-con-manejo-a-traves-de-telefono-inteligente\/","url":"https:\/\/abaa.mx\/tienda\/testo-410-i-anemometro-de-molinete-con-manejo-a-traves-de-telefono-inteligente\/","name":"testo 410 i - anem\u00f3metro de molinete con manejo a trav\u00e9s de tel\u00e9fono inteligente - Abaa tienda online","isPartOf":{"@id":"https:\/\/abaa.mx\/tienda\/#website"},"primaryImageOfPage":{"@id":"https:\/\/abaa.mx\/tienda\/testo-410-i-anemometro-de-molinete-con-manejo-a-traves-de-telefono-inteligente\/#primaryimage"},"image":{"@id":"https:\/\/abaa.mx\/tienda\/testo-410-i-anemometro-de-molinete-con-manejo-a-traves-de-telefono-inteligente\/#primaryimage"},"thumbnailUrl":"https:\/\/abaa.mx\/tienda\/wp-content\/uploads\/2023\/09\/testo-410-i.jpg","datePublished":"2023-09-18T19:29:02+00:00","dateModified":"2023-09-18T19:29:03+00:00","breadcrumb":{"@id":"https:\/\/abaa.mx\/tienda\/testo-410-i-anemometro-de-molinete-con-manejo-a-traves-de-telefono-inteligente\/#breadcrumb"},"inLanguage":"es","potentialAction":[{"@type":"ReadAction","target":["https:\/\/abaa.mx\/tienda\/testo-410-i-anemometro-de-molinete-con-manejo-a-traves-de-telefono-inteligente\/"]}]},{"@type":"ImageObject","inLanguage":"es","@id":"https:\/\/abaa.mx\/tienda\/testo-410-i-anemometro-de-molinete-con-manejo-a-traves-de-telefono-inteligente\/#primaryimage","url":"https:\/\/abaa.mx\/tienda\/wp-content\/uploads\/2023\/09\/testo-410-i.jpg","contentUrl":"https:\/\/abaa.mx\/tienda\/wp-content\/uploads\/2023\/09\/testo-410-i.jpg","width":416,"height":660,"caption":"testo 410 i"},{"@type":"BreadcrumbList","@id":"https:\/\/abaa.mx\/tienda\/testo-410-i-anemometro-de-molinete-con-manejo-a-traves-de-telefono-inteligente\/#breadcrumb","itemListElement":[{"@type":"ListItem","position":1,"name":"Inicio","item":"https:\/\/abaa.mx\/tienda\/"},{"@type":"ListItem","position":2,"name":"Tienda","item":"https:\/\/abaa.mx\/tienda\/"},{"@type":"ListItem","position":3,"name":"testo 410 i &#8211; anem\u00f3metro de molinete con manejo a trav\u00e9s de tel\u00e9fono inteligente"}]},{"@type":"WebSite","@id":"https:\/\/abaa.mx\/tienda\/#website","url":"https:\/\/abaa.mx\/tienda\/","name":"Abaa tienda online","description":"Instrumentos de medici\u00f3n","publisher":{"@id":"https:\/\/abaa.mx\/tienda\/#organization"},"potentialAction":[{"@type":"SearchAction","target":{"@type":"EntryPoint","urlTemplate":"https:\/\/abaa.mx\/tienda\/?s={search_term_string}"},"query-input":{"@type":"PropertyValueSpecification","valueRequired":true,"valueName":"search_term_string"}}],"inLanguage":"es"},{"@type":"Organization","@id":"https:\/\/abaa.mx\/tienda\/#organization","name":"Abaa tienda online","url":"https:\/\/abaa.mx\/tienda\/","logo":{"@type":"ImageObject","inLanguage":"es","@id":"https:\/\/abaa.mx\/tienda\/#\/schema\/logo\/image\/","url":"https:\/\/abaa.mx\/tienda\/wp-content\/uploads\/2024\/01\/abaa-metrologia-tienda.png","contentUrl":"https:\/\/abaa.mx\/tienda\/wp-content\/uploads\/2024\/01\/abaa-metrologia-tienda.png","width":300,"height":141,"caption":"Abaa tienda online"},"image":{"@id":"https:\/\/abaa.mx\/tienda\/#\/schema\/logo\/image\/"}}]}},"_links":{"self":[{"href":"https:\/\/abaa.mx\/tienda\/wp-json\/wp\/v2\/product\/1889","targetHints":{"allow":["GET"]}}],"collection":[{"href":"https:\/\/abaa.mx\/tienda\/wp-json\/wp\/v2\/product"}],"about":[{"href":"https:\/\/abaa.mx\/tienda\/wp-json\/wp\/v2\/types\/product"}],"replies":[{"embeddable":true,"href":"https:\/\/abaa.mx\/tienda\/wp-json\/wp\/v2\/comments?post=1889"}],"wp:featuredmedia":[{"embeddable":true,"href":"https:\/\/abaa.mx\/tienda\/wp-json\/wp\/v2\/media\/1895"}],"wp:attachment":[{"href":"https:\/\/abaa.mx\/tienda\/wp-json\/wp\/v2\/media?parent=1889"}],"wp:term":[{"taxonomy":"product_brand","embeddable":true,"href":"https:\/\/abaa.mx\/tienda\/wp-json\/wp\/v2\/product_brand?post=1889"},{"taxonomy":"product_cat","embeddable":true,"href":"https:\/\/abaa.mx\/tienda\/wp-json\/wp\/v2\/product_cat?post=1889"},{"taxonomy":"product_tag","embeddable":true,"href":"https:\/\/abaa.mx\/tienda\/wp-json\/wp\/v2\/product_tag?post=1889"}],"curies":[{"name":"wp","href":"https:\/\/api.w.org\/{rel}","templated":true}]}}