{"id":1885,"date":"2023-09-18T18:48:51","date_gmt":"2023-09-18T18:48:51","guid":{"rendered":"https:\/\/abaa.mx\/tienda\/?post_type=product&#038;p=1885"},"modified":"2023-09-18T18:48:52","modified_gmt":"2023-09-18T18:48:52","slug":"testo-417-anemometro-de-molinete-digital-de-100-mm-con-conexion-a-la-app","status":"publish","type":"product","link":"https:\/\/abaa.mx\/tienda\/testo-417-anemometro-de-molinete-digital-de-100-mm-con-conexion-a-la-app\/","title":{"rendered":"testo 417 &#8211; anem\u00f3metro de molinete digital de 100 mm con conexi\u00f3n a la app"},"content":{"rendered":"<p>El anem\u00f3metro de molinete compacto testo 417 ha sido desarrollado para facilitar y mejorar las mediciones en entradas y salidas de aire, as\u00ed como en sistemas de climatizaci\u00f3n y de ventilaci\u00f3n. El molinete de 100\u00a0mm integrado garantiza r\u00e1pidamente resultados precisos. Los promedios temporales y puntuales, as\u00ed como el caudal se calculan autom\u00e1ticamente en el instrumento y se visualizan en la pantalla. De este modo es posible regular de forma eficiente las ventilaciones de recintos, incl. una documentaci\u00f3n r\u00e1pida con la App testo Smart. Adem\u00e1s, la App no solo le brinda apoyo durante la configuraci\u00f3n del analizador y se encarga de la visualizaci\u00f3n, el almacenamiento y la documentaci\u00f3n de los valores medidos, sino que tambi\u00e9n funciona como segunda pantalla en su smartphone. El testo 417 tambi\u00e9n est\u00e1 disponible en dos pr\u00e1cticos sets: El set 1 testo 417 incluye dos conos de medici\u00f3n para v\u00e1lvulas de disco y rejillas de ventilaci\u00f3n. Estas pueden conectarse simplemente al molinete lo que permite cubrir una amplia gama de tama\u00f1os y formatos de salida. El set 2 testo 417 abarca, adicionalmente a los dos conos de medici\u00f3n, un estabilizador de caudal para lograr resultados precisos en difusores de salidas de aire.<\/p>\n<div class=\"m-list\">\n<ul class=\"list-elements\">\n<li>Medici\u00f3n r\u00e1pida, sencilla y precisa de la velocidad, el caudal y la temperatura en entradas y salidas de aire<\/li>\n<li>Regulaci\u00f3n eficiente de la ventilaci\u00f3n de viviendas controlada y documentaci\u00f3n r\u00e1pida con la App testo Smart<\/li>\n<li>Configuraci\u00f3n r\u00e1pida en la App, historial gr\u00e1fico, segunda pantalla y memoria de los datos de medici\u00f3n en la App testo Smart<\/li>\n<li>C\u00e1lculo del valor medio temporal y puntual<\/li>\n<\/ul>\n<\/div>\n<p class=\"text\">El compacto anem\u00f3metro de molinete de 100\u00a0mm testo\u00a0417 es la soluci\u00f3n ideal para el c\u00e1lculo sencillo, r\u00e1pido y preciso de la velocidad de flujo y el caudal en entradas y salidas de aire de sistemas de ventilaci\u00f3n y de climatizaci\u00f3n. La regulaci\u00f3n para la ventilaci\u00f3n de viviendas controlada o la medici\u00f3n en difusores de salida de aire es muy simple usando los sets testo 417 incl. conos y estabilizadores. Mediante la conexi\u00f3n a la App testo Smart es posible la configuraci\u00f3n, la visualizaci\u00f3n (incluso como segunda pantalla) y el almacenamiento, as\u00ed como la documentaci\u00f3n de la medici\u00f3n de forma r\u00e1pida y sin complicaciones.<\/p>\n<div class=\"c2a-tabSection m-tabs\">\n<div id=\"tab-details\" class=\"large-12 column m-tab-pdp\">\n<div class=\"medium-8\">\n<h3>Volumen de suministro<\/h3>\n<article class=\"child-2 paragraph\">\n<ul>\n<li>testo\u00a0417 \u2013 Anem\u00f3metro de molinete de 100\u00a0mm con conexi\u00f3n a la App<\/li>\n<li>Bolsa de transporte<\/li>\n<li>Protocolo de calibraci\u00f3n<\/li>\n<li>3 pilas AA<\/li>\n<\/ul>\n<\/article>\n<\/div>\n<div class=\"medium-4\">\n<div class=\"m-cert large-12 column\"><\/div>\n<\/div>\n<\/div>\n<\/div>\n<div class=\"c2a-tabSection m-tabs\">\n<div id=\"tab-technicalData\" class=\"large-12 column m-data-tab\">\n<h2>Datos t\u00e9cnicos<\/h2>\n<table>\n<colgroup>\n<col class=\"colWidth25\" \/>\n<col \/><\/colgroup>\n<thead>\n<tr>\n<th colspan=\"2\">Datos t\u00e9cnicos generales<\/th>\n<\/tr>\n<\/thead>\n<tbody>\n<tr>\n<td class=\"table-bold\">Peso<\/td>\n<td>243 g<\/td>\n<\/tr>\n<tr>\n<td class=\"table-bold\">Medidas<\/td>\n<td>236 X 108 X 45 mm<\/td>\n<\/tr>\n<tr>\n<td class=\"table-bold\">Temperatura de funcionamiento<\/td>\n<td>-20 hasta +50 \u00baC<\/td>\n<\/tr>\n<tr>\n<td class=\"table-bold\">Material de la carcasa \/ del producto<\/td>\n<td>ABS + PC \/ TPE<\/td>\n<\/tr>\n<tr>\n<td class=\"table-bold\">Clase de protecci\u00f3n<\/td>\n<td>IP40<\/p>\n<p>IP20<\/td>\n<\/tr>\n<tr>\n<td class=\"table-bold\">Autonom\u00eda<\/td>\n<td>50 h<\/td>\n<\/tr>\n<tr>\n<td class=\"table-bold\">Tipo de bater\u00eda<\/td>\n<td>3x AA<\/td>\n<\/tr>\n<tr>\n<td class=\"table-bold\">Temperatura de almacenamiento<\/td>\n<td>-20 hasta +50 \u00baC<\/td>\n<\/tr>\n<\/tbody>\n<\/table>\n<table>\n<colgroup>\n<col class=\"colWidth25\" \/>\n<col \/><\/colgroup>\n<thead>\n<tr>\n<th colspan=\"2\">NTC<\/th>\n<\/tr>\n<\/thead>\n<tbody>\n<tr>\n<td class=\"table-bold\">Rango<\/td>\n<td>0 hasta +50 \u00baC<\/td>\n<\/tr>\n<tr>\n<td class=\"table-bold\">Exactitud<\/td>\n<td>\u00b10,5 \u00baC<\/td>\n<\/tr>\n<tr>\n<td class=\"table-bold\">Resoluci\u00f3n<\/td>\n<td>0,1 \u00baC<\/td>\n<\/tr>\n<\/tbody>\n<\/table>\n<table>\n<colgroup>\n<col class=\"colWidth25\" \/>\n<col \/><\/colgroup>\n<thead>\n<tr>\n<th colspan=\"2\">Anem\u00f3metro de molinete<\/th>\n<\/tr>\n<\/thead>\n<tbody>\n<tr>\n<td class=\"table-bold\">Rango<\/td>\n<td>0,3 hasta 20 m\/s<\/td>\n<\/tr>\n<tr>\n<td class=\"table-bold\">Exactitud<\/td>\n<td>\u00b1(0,1 m\/s + 1,5 % del v.m.)<\/td>\n<\/tr>\n<tr>\n<td class=\"table-bold\">Resoluci\u00f3n<\/td>\n<td>0,01 m\/s<\/td>\n<\/tr>\n<\/tbody>\n<\/table>\n<table>\n<colgroup>\n<col class=\"colWidth25\" \/>\n<col \/><\/colgroup>\n<thead>\n<tr>\n<th colspan=\"2\">Caudal volum\u00e9trico<\/th>\n<\/tr>\n<\/thead>\n<tbody>\n<tr>\n<td class=\"table-bold\">Rango<\/td>\n<td>0 hasta +99999 m\u00b3\/h<\/p>\n<p>0 hasta +440 m\u00b3\/h (testo 417 en combinaci\u00f3n con el set de conos (0563 4170) )<\/p>\n<p>0,1 hasta +200 m\u00b3\/h preferentemente 0,1 a 100 m\u00b3\/h (testo 417 en combinaci\u00f3n con el set de conos y estabilizador de caudal 0554 4172))<\/td>\n<\/tr>\n<tr>\n<td class=\"table-bold\">Resoluci\u00f3n<\/td>\n<td>0,1 m\u00b3\/h (0 hasta +100 )<\/p>\n<p>1 m\u00b3\/h (Resto rango)<\/td>\n<\/tr>\n<\/tbody>\n<\/table>\n<\/div>\n<\/div>\n","protected":false},"excerpt":{"rendered":"<p>El anem\u00f3metro de molinete compacto testo 417 ha sido desarrollado para facilitar y mejorar las mediciones en entradas y salidas de aire, as\u00ed como en sistemas de climatizaci\u00f3n y de ventilaci\u00f3n. El molinete de 100\u00a0mm integrado garantiza r\u00e1pidamente resultados precisos. Los promedios temporales y puntuales, as\u00ed como el caudal se calculan autom\u00e1ticamente en el instrumento y se visualizan en la pantalla. De este modo es posible regular de forma eficiente las ventilaciones de recintos, incl. una documentaci\u00f3n r\u00e1pida con la App testo Smart. Adem\u00e1s, la App no solo le brinda apoyo durante la configuraci\u00f3n del analizador y se encarga de la visualizaci\u00f3n, el almacenamiento y la documentaci\u00f3n de los valores medidos, sino que tambi\u00e9n funciona como segunda pantalla en su smartphone. El testo 417 tambi\u00e9n est\u00e1 disponible en dos pr\u00e1cticos sets: El set 1 testo 417 incluye dos conos de medici\u00f3n para v\u00e1lvulas de disco y rejillas de ventilaci\u00f3n. Estas pueden conectarse simplemente al molinete lo que permite cubrir una amplia gama de tama\u00f1os y formatos de salida. El set 2 testo 417 abarca, adicionalmente a los dos conos de medici\u00f3n, un estabilizador de caudal para lograr resultados precisos en difusores de salidas de aire.<\/p>\n","protected":false},"featured_media":1886,"comment_status":"open","ping_status":"closed","template":"","meta":{"_joinchat":[]},"product_brand":[],"product_cat":[15],"product_tag":[],"class_list":{"0":"post-1885","1":"product","2":"type-product","3":"status-publish","4":"has-post-thumbnail","6":"product_cat-sin-categorizar","8":"first","9":"instock","10":"shipping-taxable","11":"product-type-simple"},"yoast_head":"<!-- This site is optimized with the Yoast SEO plugin v26.4 - https:\/\/yoast.com\/wordpress\/plugins\/seo\/ -->\n<title>testo 417 - anem\u00f3metro de molinete digital de 100 mm con conexi\u00f3n a la app - Abaa tienda online<\/title>\n<meta name=\"robots\" content=\"index, follow, max-snippet:-1, max-image-preview:large, max-video-preview:-1\" \/>\n<link rel=\"canonical\" href=\"https:\/\/abaa.mx\/tienda\/testo-417-anemometro-de-molinete-digital-de-100-mm-con-conexion-a-la-app\/\" \/>\n<meta property=\"og:locale\" content=\"es_MX\" \/>\n<meta property=\"og:type\" content=\"article\" \/>\n<meta property=\"og:title\" content=\"testo 417 - anem\u00f3metro de molinete digital de 100 mm con conexi\u00f3n a la app - Abaa tienda online\" \/>\n<meta property=\"og:description\" content=\"El anem\u00f3metro de molinete compacto testo 417 ha sido desarrollado para facilitar y mejorar las mediciones en entradas y salidas de aire, as\u00ed como en sistemas de climatizaci\u00f3n y de ventilaci\u00f3n. El molinete de 100\u00a0mm integrado garantiza r\u00e1pidamente resultados precisos. Los promedios temporales y puntuales, as\u00ed como el caudal se calculan autom\u00e1ticamente en el instrumento y se visualizan en la pantalla. De este modo es posible regular de forma eficiente las ventilaciones de recintos, incl. una documentaci\u00f3n r\u00e1pida con la App testo Smart. Adem\u00e1s, la App no solo le brinda apoyo durante la configuraci\u00f3n del analizador y se encarga de la visualizaci\u00f3n, el almacenamiento y la documentaci\u00f3n de los valores medidos, sino que tambi\u00e9n funciona como segunda pantalla en su smartphone. El testo 417 tambi\u00e9n est\u00e1 disponible en dos pr\u00e1cticos sets: El set 1 testo 417 incluye dos conos de medici\u00f3n para v\u00e1lvulas de disco y rejillas de ventilaci\u00f3n. Estas pueden conectarse simplemente al molinete lo que permite cubrir una amplia gama de tama\u00f1os y formatos de salida. El set 2 testo 417 abarca, adicionalmente a los dos conos de medici\u00f3n, un estabilizador de caudal para lograr resultados precisos en difusores de salidas de aire.\" \/>\n<meta property=\"og:url\" content=\"https:\/\/abaa.mx\/tienda\/testo-417-anemometro-de-molinete-digital-de-100-mm-con-conexion-a-la-app\/\" \/>\n<meta property=\"og:site_name\" content=\"Abaa tienda online\" \/>\n<meta property=\"article:modified_time\" content=\"2023-09-18T18:48:52+00:00\" \/>\n<meta property=\"og:image\" content=\"https:\/\/abaa.mx\/tienda\/wp-content\/uploads\/2023\/09\/11.jpg\" \/>\n\t<meta property=\"og:image:width\" content=\"660\" \/>\n\t<meta property=\"og:image:height\" content=\"495\" \/>\n\t<meta property=\"og:image:type\" content=\"image\/jpeg\" \/>\n<meta name=\"twitter:card\" content=\"summary_large_image\" \/>\n<meta name=\"twitter:label1\" content=\"Tiempo de lectura\" \/>\n\t<meta name=\"twitter:data1\" content=\"3 minutos\" \/>\n<script type=\"application\/ld+json\" class=\"yoast-schema-graph\">{\"@context\":\"https:\/\/schema.org\",\"@graph\":[{\"@type\":\"WebPage\",\"@id\":\"https:\/\/abaa.mx\/tienda\/testo-417-anemometro-de-molinete-digital-de-100-mm-con-conexion-a-la-app\/\",\"url\":\"https:\/\/abaa.mx\/tienda\/testo-417-anemometro-de-molinete-digital-de-100-mm-con-conexion-a-la-app\/\",\"name\":\"testo 417 - anem\u00f3metro de molinete digital de 100 mm con conexi\u00f3n a la app - Abaa tienda online\",\"isPartOf\":{\"@id\":\"https:\/\/abaa.mx\/tienda\/#website\"},\"primaryImageOfPage\":{\"@id\":\"https:\/\/abaa.mx\/tienda\/testo-417-anemometro-de-molinete-digital-de-100-mm-con-conexion-a-la-app\/#primaryimage\"},\"image\":{\"@id\":\"https:\/\/abaa.mx\/tienda\/testo-417-anemometro-de-molinete-digital-de-100-mm-con-conexion-a-la-app\/#primaryimage\"},\"thumbnailUrl\":\"https:\/\/abaa.mx\/tienda\/wp-content\/uploads\/2023\/09\/11.jpg\",\"datePublished\":\"2023-09-18T18:48:51+00:00\",\"dateModified\":\"2023-09-18T18:48:52+00:00\",\"breadcrumb\":{\"@id\":\"https:\/\/abaa.mx\/tienda\/testo-417-anemometro-de-molinete-digital-de-100-mm-con-conexion-a-la-app\/#breadcrumb\"},\"inLanguage\":\"es\",\"potentialAction\":[{\"@type\":\"ReadAction\",\"target\":[\"https:\/\/abaa.mx\/tienda\/testo-417-anemometro-de-molinete-digital-de-100-mm-con-conexion-a-la-app\/\"]}]},{\"@type\":\"ImageObject\",\"inLanguage\":\"es\",\"@id\":\"https:\/\/abaa.mx\/tienda\/testo-417-anemometro-de-molinete-digital-de-100-mm-con-conexion-a-la-app\/#primaryimage\",\"url\":\"https:\/\/abaa.mx\/tienda\/wp-content\/uploads\/2023\/09\/11.jpg\",\"contentUrl\":\"https:\/\/abaa.mx\/tienda\/wp-content\/uploads\/2023\/09\/11.jpg\",\"width\":660,\"height\":495,\"caption\":\"11\"},{\"@type\":\"BreadcrumbList\",\"@id\":\"https:\/\/abaa.mx\/tienda\/testo-417-anemometro-de-molinete-digital-de-100-mm-con-conexion-a-la-app\/#breadcrumb\",\"itemListElement\":[{\"@type\":\"ListItem\",\"position\":1,\"name\":\"Inicio\",\"item\":\"https:\/\/abaa.mx\/tienda\/\"},{\"@type\":\"ListItem\",\"position\":2,\"name\":\"Tienda\",\"item\":\"https:\/\/abaa.mx\/tienda\/\"},{\"@type\":\"ListItem\",\"position\":3,\"name\":\"testo 417 &#8211; anem\u00f3metro de molinete digital de 100 mm con conexi\u00f3n a la app\"}]},{\"@type\":\"WebSite\",\"@id\":\"https:\/\/abaa.mx\/tienda\/#website\",\"url\":\"https:\/\/abaa.mx\/tienda\/\",\"name\":\"Abaa tienda online\",\"description\":\"Instrumentos de medici\u00f3n\",\"publisher\":{\"@id\":\"https:\/\/abaa.mx\/tienda\/#organization\"},\"potentialAction\":[{\"@type\":\"SearchAction\",\"target\":{\"@type\":\"EntryPoint\",\"urlTemplate\":\"https:\/\/abaa.mx\/tienda\/?s={search_term_string}\"},\"query-input\":{\"@type\":\"PropertyValueSpecification\",\"valueRequired\":true,\"valueName\":\"search_term_string\"}}],\"inLanguage\":\"es\"},{\"@type\":\"Organization\",\"@id\":\"https:\/\/abaa.mx\/tienda\/#organization\",\"name\":\"Abaa tienda online\",\"url\":\"https:\/\/abaa.mx\/tienda\/\",\"logo\":{\"@type\":\"ImageObject\",\"inLanguage\":\"es\",\"@id\":\"https:\/\/abaa.mx\/tienda\/#\/schema\/logo\/image\/\",\"url\":\"https:\/\/abaa.mx\/tienda\/wp-content\/uploads\/2024\/01\/abaa-metrologia-tienda.png\",\"contentUrl\":\"https:\/\/abaa.mx\/tienda\/wp-content\/uploads\/2024\/01\/abaa-metrologia-tienda.png\",\"width\":300,\"height\":141,\"caption\":\"Abaa tienda online\"},\"image\":{\"@id\":\"https:\/\/abaa.mx\/tienda\/#\/schema\/logo\/image\/\"}}]}<\/script>\n<!-- \/ Yoast SEO plugin. -->","yoast_head_json":{"title":"testo 417 - anem\u00f3metro de molinete digital de 100 mm con conexi\u00f3n a la app - Abaa tienda online","robots":{"index":"index","follow":"follow","max-snippet":"max-snippet:-1","max-image-preview":"max-image-preview:large","max-video-preview":"max-video-preview:-1"},"canonical":"https:\/\/abaa.mx\/tienda\/testo-417-anemometro-de-molinete-digital-de-100-mm-con-conexion-a-la-app\/","og_locale":"es_MX","og_type":"article","og_title":"testo 417 - anem\u00f3metro de molinete digital de 100 mm con conexi\u00f3n a la app - Abaa tienda online","og_description":"El anem\u00f3metro de molinete compacto testo 417 ha sido desarrollado para facilitar y mejorar las mediciones en entradas y salidas de aire, as\u00ed como en sistemas de climatizaci\u00f3n y de ventilaci\u00f3n. El molinete de 100\u00a0mm integrado garantiza r\u00e1pidamente resultados precisos. Los promedios temporales y puntuales, as\u00ed como el caudal se calculan autom\u00e1ticamente en el instrumento y se visualizan en la pantalla. De este modo es posible regular de forma eficiente las ventilaciones de recintos, incl. una documentaci\u00f3n r\u00e1pida con la App testo Smart. Adem\u00e1s, la App no solo le brinda apoyo durante la configuraci\u00f3n del analizador y se encarga de la visualizaci\u00f3n, el almacenamiento y la documentaci\u00f3n de los valores medidos, sino que tambi\u00e9n funciona como segunda pantalla en su smartphone. El testo 417 tambi\u00e9n est\u00e1 disponible en dos pr\u00e1cticos sets: El set 1 testo 417 incluye dos conos de medici\u00f3n para v\u00e1lvulas de disco y rejillas de ventilaci\u00f3n. Estas pueden conectarse simplemente al molinete lo que permite cubrir una amplia gama de tama\u00f1os y formatos de salida. El set 2 testo 417 abarca, adicionalmente a los dos conos de medici\u00f3n, un estabilizador de caudal para lograr resultados precisos en difusores de salidas de aire.","og_url":"https:\/\/abaa.mx\/tienda\/testo-417-anemometro-de-molinete-digital-de-100-mm-con-conexion-a-la-app\/","og_site_name":"Abaa tienda online","article_modified_time":"2023-09-18T18:48:52+00:00","og_image":[{"width":660,"height":495,"url":"https:\/\/abaa.mx\/tienda\/wp-content\/uploads\/2023\/09\/11.jpg","type":"image\/jpeg"}],"twitter_card":"summary_large_image","twitter_misc":{"Tiempo de lectura":"3 minutos"},"schema":{"@context":"https:\/\/schema.org","@graph":[{"@type":"WebPage","@id":"https:\/\/abaa.mx\/tienda\/testo-417-anemometro-de-molinete-digital-de-100-mm-con-conexion-a-la-app\/","url":"https:\/\/abaa.mx\/tienda\/testo-417-anemometro-de-molinete-digital-de-100-mm-con-conexion-a-la-app\/","name":"testo 417 - anem\u00f3metro de molinete digital de 100 mm con conexi\u00f3n a la app - Abaa tienda online","isPartOf":{"@id":"https:\/\/abaa.mx\/tienda\/#website"},"primaryImageOfPage":{"@id":"https:\/\/abaa.mx\/tienda\/testo-417-anemometro-de-molinete-digital-de-100-mm-con-conexion-a-la-app\/#primaryimage"},"image":{"@id":"https:\/\/abaa.mx\/tienda\/testo-417-anemometro-de-molinete-digital-de-100-mm-con-conexion-a-la-app\/#primaryimage"},"thumbnailUrl":"https:\/\/abaa.mx\/tienda\/wp-content\/uploads\/2023\/09\/11.jpg","datePublished":"2023-09-18T18:48:51+00:00","dateModified":"2023-09-18T18:48:52+00:00","breadcrumb":{"@id":"https:\/\/abaa.mx\/tienda\/testo-417-anemometro-de-molinete-digital-de-100-mm-con-conexion-a-la-app\/#breadcrumb"},"inLanguage":"es","potentialAction":[{"@type":"ReadAction","target":["https:\/\/abaa.mx\/tienda\/testo-417-anemometro-de-molinete-digital-de-100-mm-con-conexion-a-la-app\/"]}]},{"@type":"ImageObject","inLanguage":"es","@id":"https:\/\/abaa.mx\/tienda\/testo-417-anemometro-de-molinete-digital-de-100-mm-con-conexion-a-la-app\/#primaryimage","url":"https:\/\/abaa.mx\/tienda\/wp-content\/uploads\/2023\/09\/11.jpg","contentUrl":"https:\/\/abaa.mx\/tienda\/wp-content\/uploads\/2023\/09\/11.jpg","width":660,"height":495,"caption":"11"},{"@type":"BreadcrumbList","@id":"https:\/\/abaa.mx\/tienda\/testo-417-anemometro-de-molinete-digital-de-100-mm-con-conexion-a-la-app\/#breadcrumb","itemListElement":[{"@type":"ListItem","position":1,"name":"Inicio","item":"https:\/\/abaa.mx\/tienda\/"},{"@type":"ListItem","position":2,"name":"Tienda","item":"https:\/\/abaa.mx\/tienda\/"},{"@type":"ListItem","position":3,"name":"testo 417 &#8211; anem\u00f3metro de molinete digital de 100 mm con conexi\u00f3n a la app"}]},{"@type":"WebSite","@id":"https:\/\/abaa.mx\/tienda\/#website","url":"https:\/\/abaa.mx\/tienda\/","name":"Abaa tienda online","description":"Instrumentos de medici\u00f3n","publisher":{"@id":"https:\/\/abaa.mx\/tienda\/#organization"},"potentialAction":[{"@type":"SearchAction","target":{"@type":"EntryPoint","urlTemplate":"https:\/\/abaa.mx\/tienda\/?s={search_term_string}"},"query-input":{"@type":"PropertyValueSpecification","valueRequired":true,"valueName":"search_term_string"}}],"inLanguage":"es"},{"@type":"Organization","@id":"https:\/\/abaa.mx\/tienda\/#organization","name":"Abaa tienda online","url":"https:\/\/abaa.mx\/tienda\/","logo":{"@type":"ImageObject","inLanguage":"es","@id":"https:\/\/abaa.mx\/tienda\/#\/schema\/logo\/image\/","url":"https:\/\/abaa.mx\/tienda\/wp-content\/uploads\/2024\/01\/abaa-metrologia-tienda.png","contentUrl":"https:\/\/abaa.mx\/tienda\/wp-content\/uploads\/2024\/01\/abaa-metrologia-tienda.png","width":300,"height":141,"caption":"Abaa tienda online"},"image":{"@id":"https:\/\/abaa.mx\/tienda\/#\/schema\/logo\/image\/"}}]}},"_links":{"self":[{"href":"https:\/\/abaa.mx\/tienda\/wp-json\/wp\/v2\/product\/1885","targetHints":{"allow":["GET"]}}],"collection":[{"href":"https:\/\/abaa.mx\/tienda\/wp-json\/wp\/v2\/product"}],"about":[{"href":"https:\/\/abaa.mx\/tienda\/wp-json\/wp\/v2\/types\/product"}],"replies":[{"embeddable":true,"href":"https:\/\/abaa.mx\/tienda\/wp-json\/wp\/v2\/comments?post=1885"}],"wp:featuredmedia":[{"embeddable":true,"href":"https:\/\/abaa.mx\/tienda\/wp-json\/wp\/v2\/media\/1886"}],"wp:attachment":[{"href":"https:\/\/abaa.mx\/tienda\/wp-json\/wp\/v2\/media?parent=1885"}],"wp:term":[{"taxonomy":"product_brand","embeddable":true,"href":"https:\/\/abaa.mx\/tienda\/wp-json\/wp\/v2\/product_brand?post=1885"},{"taxonomy":"product_cat","embeddable":true,"href":"https:\/\/abaa.mx\/tienda\/wp-json\/wp\/v2\/product_cat?post=1885"},{"taxonomy":"product_tag","embeddable":true,"href":"https:\/\/abaa.mx\/tienda\/wp-json\/wp\/v2\/product_tag?post=1885"}],"curies":[{"name":"wp","href":"https:\/\/api.w.org\/{rel}","templated":true}]}}