{"id":1876,"date":"2023-09-18T18:43:35","date_gmt":"2023-09-18T18:43:35","guid":{"rendered":"https:\/\/abaa.mx\/tienda\/?post_type=product&#038;p=1876"},"modified":"2023-09-18T18:43:36","modified_gmt":"2023-09-18T18:43:36","slug":"set-2-testo-417-anemometro-de-molinete-con-conos-de-medicion-y-estabilizador","status":"publish","type":"product","link":"https:\/\/abaa.mx\/tienda\/set-2-testo-417-anemometro-de-molinete-con-conos-de-medicion-y-estabilizador\/","title":{"rendered":"Set 2 testo 417 &#8211; anem\u00f3metro de molinete con conos de medici\u00f3n y estabilizador"},"content":{"rendered":"<p>El set 2 de anem\u00f3metro de molinete compacto testo\u00a0417 incl. dos conos de medici\u00f3n y un estabilizador ha sido desarrollado para facilitar y mejorar las mediciones en entradas y salidas de aire, as\u00ed como en v\u00e1lvulas de disco y difusores de salida de aire en sistemas de climatizaci\u00f3n y de ventilaci\u00f3n. El molinete de 100\u00a0mm integrado garantiza r\u00e1pidamente resultados precisos. Los promedios temporales y puntuales, as\u00ed como el caudal se calculan autom\u00e1ticamente en el instrumento y se visualizan en la pantalla. De este modo es posible regular de forma eficiente las ventilaciones de recintos, incl. una documentaci\u00f3n r\u00e1pida con la App testo Smart.<br \/>\nAdem\u00e1s, la App no solo le brinda apoyo durante la configuraci\u00f3n del analizador y se encarga de la visualizaci\u00f3n, el almacenamiento y la documentaci\u00f3n de los valores medidos, sino que tambi\u00e9n funciona como segunda pantalla en su smartphone. El set 2 testo\u00a0417 contiene dos conos de medici\u00f3n y un estabilizador de caudal para resultados precisos, incluso en difusores de salidas de aire.<\/p>\n<ul class=\"list-elements\">\n<li>Medici\u00f3n r\u00e1pida, sencilla y precisa de la velocidad, el caudal y la temperatura en entradas y salidas de aire<\/li>\n<li>Regulaci\u00f3n eficiente de la ventilaci\u00f3n de viviendas controlada y documentaci\u00f3n r\u00e1pida con la App testo Smart<\/li>\n<li>Configuraci\u00f3n r\u00e1pida en la App, historial gr\u00e1fico, segunda pantalla y memoria de los datos de medici\u00f3n en la App testo Smart<\/li>\n<li>C\u00e1lculo del valor medio temporal y puntual\n<div class=\"c2a-tabSection m-tabs\">\n<div id=\"tab-details\" class=\"large-12 column m-tab-pdp\">\n<div class=\"large-12 column m-probes-tab-pdp product-set-item-column\">\n<h3>Volumen de suministro<\/h3>\n<article class=\"child-2 paragraph\">\n<ul>\n<li>testo\u00a0417 \u2013 Anem\u00f3metro de molinete de 100\u00a0mm con conexi\u00f3n a la App<\/li>\n<li>Cono de medici\u00f3n para v\u00e1lvulas de disco<\/li>\n<li>Cono de medici\u00f3n para rejillas de ventilaci\u00f3n<\/li>\n<li>Estabilizador<\/li>\n<li>Bolsa de transporte<\/li>\n<li>Protocolo de calibraci\u00f3n<\/li>\n<li>3 pilas AA<\/li>\n<\/ul>\n<\/article>\n<\/div>\n<div class=\"medium-4\">\n<div class=\"m-cert large-12 column\"><\/div>\n<\/div>\n<\/div>\n<\/div>\n<\/li>\n<\/ul>\n","protected":false},"excerpt":{"rendered":"<p>El set 2 de anem\u00f3metro de molinete compacto testo\u00a0417 incl. dos conos de medici\u00f3n y un estabilizador ha sido desarrollado para facilitar y mejorar las mediciones en entradas y salidas de aire, as\u00ed como en v\u00e1lvulas de disco y difusores de salida de aire en sistemas de climatizaci\u00f3n y de ventilaci\u00f3n. El molinete de 100\u00a0mm integrado garantiza r\u00e1pidamente resultados precisos. Los promedios temporales y puntuales, as\u00ed como el caudal se calculan autom\u00e1ticamente en el instrumento y se visualizan en la pantalla. De este modo es posible regular de forma eficiente las ventilaciones de recintos, incl. una documentaci\u00f3n r\u00e1pida con la App testo Smart.<br \/>\nAdem\u00e1s, la App no solo le brinda apoyo durante la configuraci\u00f3n del analizador y se encarga de la visualizaci\u00f3n, el almacenamiento y la documentaci\u00f3n de los valores medidos, sino que tambi\u00e9n funciona como segunda pantalla en su smartphone. El set 2 testo\u00a0417 contiene dos conos de medici\u00f3n y un estabilizador de caudal para resultados precisos, incluso en difusores de salidas de aire.<\/p>\n","protected":false},"featured_media":1884,"comment_status":"open","ping_status":"closed","template":"","meta":{"_joinchat":[]},"product_brand":[],"product_cat":[15],"product_tag":[],"class_list":{"0":"post-1876","1":"product","2":"type-product","3":"status-publish","4":"has-post-thumbnail","6":"product_cat-sin-categorizar","8":"first","9":"instock","10":"shipping-taxable","11":"product-type-simple"},"yoast_head":"<!-- This site is optimized with the Yoast SEO plugin v26.4 - https:\/\/yoast.com\/wordpress\/plugins\/seo\/ -->\n<title>Set 2 testo 417 - anem\u00f3metro de molinete con conos de medici\u00f3n y estabilizador - Abaa tienda online<\/title>\n<meta name=\"robots\" content=\"index, follow, max-snippet:-1, max-image-preview:large, max-video-preview:-1\" \/>\n<link rel=\"canonical\" href=\"https:\/\/abaa.mx\/tienda\/set-2-testo-417-anemometro-de-molinete-con-conos-de-medicion-y-estabilizador\/\" \/>\n<meta property=\"og:locale\" content=\"es_MX\" \/>\n<meta property=\"og:type\" content=\"article\" \/>\n<meta property=\"og:title\" content=\"Set 2 testo 417 - anem\u00f3metro de molinete con conos de medici\u00f3n y estabilizador - Abaa tienda online\" \/>\n<meta property=\"og:description\" content=\"El set 2 de anem\u00f3metro de molinete compacto testo\u00a0417 incl. dos conos de medici\u00f3n y un estabilizador ha sido desarrollado para facilitar y mejorar las mediciones en entradas y salidas de aire, as\u00ed como en v\u00e1lvulas de disco y difusores de salida de aire en sistemas de climatizaci\u00f3n y de ventilaci\u00f3n. El molinete de 100\u00a0mm integrado garantiza r\u00e1pidamente resultados precisos. Los promedios temporales y puntuales, as\u00ed como el caudal se calculan autom\u00e1ticamente en el instrumento y se visualizan en la pantalla. De este modo es posible regular de forma eficiente las ventilaciones de recintos, incl. una documentaci\u00f3n r\u00e1pida con la App testo Smart. Adem\u00e1s, la App no solo le brinda apoyo durante la configuraci\u00f3n del analizador y se encarga de la visualizaci\u00f3n, el almacenamiento y la documentaci\u00f3n de los valores medidos, sino que tambi\u00e9n funciona como segunda pantalla en su smartphone. El set 2 testo\u00a0417 contiene dos conos de medici\u00f3n y un estabilizador de caudal para resultados precisos, incluso en difusores de salidas de aire.\" \/>\n<meta property=\"og:url\" content=\"https:\/\/abaa.mx\/tienda\/set-2-testo-417-anemometro-de-molinete-con-conos-de-medicion-y-estabilizador\/\" \/>\n<meta property=\"og:site_name\" content=\"Abaa tienda online\" \/>\n<meta property=\"article:modified_time\" content=\"2023-09-18T18:43:36+00:00\" \/>\n<meta property=\"og:image\" content=\"https:\/\/abaa.mx\/tienda\/wp-content\/uploads\/2023\/09\/10.jpg\" \/>\n\t<meta property=\"og:image:width\" content=\"660\" \/>\n\t<meta property=\"og:image:height\" content=\"495\" \/>\n\t<meta property=\"og:image:type\" content=\"image\/jpeg\" \/>\n<meta name=\"twitter:card\" content=\"summary_large_image\" \/>\n<meta name=\"twitter:label1\" content=\"Tiempo de lectura\" \/>\n\t<meta name=\"twitter:data1\" content=\"2 minutos\" \/>\n<script type=\"application\/ld+json\" class=\"yoast-schema-graph\">{\"@context\":\"https:\/\/schema.org\",\"@graph\":[{\"@type\":\"WebPage\",\"@id\":\"https:\/\/abaa.mx\/tienda\/set-2-testo-417-anemometro-de-molinete-con-conos-de-medicion-y-estabilizador\/\",\"url\":\"https:\/\/abaa.mx\/tienda\/set-2-testo-417-anemometro-de-molinete-con-conos-de-medicion-y-estabilizador\/\",\"name\":\"Set 2 testo 417 - anem\u00f3metro de molinete con conos de medici\u00f3n y estabilizador - Abaa tienda online\",\"isPartOf\":{\"@id\":\"https:\/\/abaa.mx\/tienda\/#website\"},\"primaryImageOfPage\":{\"@id\":\"https:\/\/abaa.mx\/tienda\/set-2-testo-417-anemometro-de-molinete-con-conos-de-medicion-y-estabilizador\/#primaryimage\"},\"image\":{\"@id\":\"https:\/\/abaa.mx\/tienda\/set-2-testo-417-anemometro-de-molinete-con-conos-de-medicion-y-estabilizador\/#primaryimage\"},\"thumbnailUrl\":\"https:\/\/abaa.mx\/tienda\/wp-content\/uploads\/2023\/09\/10.jpg\",\"datePublished\":\"2023-09-18T18:43:35+00:00\",\"dateModified\":\"2023-09-18T18:43:36+00:00\",\"breadcrumb\":{\"@id\":\"https:\/\/abaa.mx\/tienda\/set-2-testo-417-anemometro-de-molinete-con-conos-de-medicion-y-estabilizador\/#breadcrumb\"},\"inLanguage\":\"es\",\"potentialAction\":[{\"@type\":\"ReadAction\",\"target\":[\"https:\/\/abaa.mx\/tienda\/set-2-testo-417-anemometro-de-molinete-con-conos-de-medicion-y-estabilizador\/\"]}]},{\"@type\":\"ImageObject\",\"inLanguage\":\"es\",\"@id\":\"https:\/\/abaa.mx\/tienda\/set-2-testo-417-anemometro-de-molinete-con-conos-de-medicion-y-estabilizador\/#primaryimage\",\"url\":\"https:\/\/abaa.mx\/tienda\/wp-content\/uploads\/2023\/09\/10.jpg\",\"contentUrl\":\"https:\/\/abaa.mx\/tienda\/wp-content\/uploads\/2023\/09\/10.jpg\",\"width\":660,\"height\":495,\"caption\":\"10\"},{\"@type\":\"BreadcrumbList\",\"@id\":\"https:\/\/abaa.mx\/tienda\/set-2-testo-417-anemometro-de-molinete-con-conos-de-medicion-y-estabilizador\/#breadcrumb\",\"itemListElement\":[{\"@type\":\"ListItem\",\"position\":1,\"name\":\"Inicio\",\"item\":\"https:\/\/abaa.mx\/tienda\/\"},{\"@type\":\"ListItem\",\"position\":2,\"name\":\"Tienda\",\"item\":\"https:\/\/abaa.mx\/tienda\/\"},{\"@type\":\"ListItem\",\"position\":3,\"name\":\"Set 2 testo 417 &#8211; anem\u00f3metro de molinete con conos de medici\u00f3n y estabilizador\"}]},{\"@type\":\"WebSite\",\"@id\":\"https:\/\/abaa.mx\/tienda\/#website\",\"url\":\"https:\/\/abaa.mx\/tienda\/\",\"name\":\"Abaa tienda online\",\"description\":\"Instrumentos de medici\u00f3n\",\"publisher\":{\"@id\":\"https:\/\/abaa.mx\/tienda\/#organization\"},\"potentialAction\":[{\"@type\":\"SearchAction\",\"target\":{\"@type\":\"EntryPoint\",\"urlTemplate\":\"https:\/\/abaa.mx\/tienda\/?s={search_term_string}\"},\"query-input\":{\"@type\":\"PropertyValueSpecification\",\"valueRequired\":true,\"valueName\":\"search_term_string\"}}],\"inLanguage\":\"es\"},{\"@type\":\"Organization\",\"@id\":\"https:\/\/abaa.mx\/tienda\/#organization\",\"name\":\"Abaa tienda online\",\"url\":\"https:\/\/abaa.mx\/tienda\/\",\"logo\":{\"@type\":\"ImageObject\",\"inLanguage\":\"es\",\"@id\":\"https:\/\/abaa.mx\/tienda\/#\/schema\/logo\/image\/\",\"url\":\"https:\/\/abaa.mx\/tienda\/wp-content\/uploads\/2024\/01\/abaa-metrologia-tienda.png\",\"contentUrl\":\"https:\/\/abaa.mx\/tienda\/wp-content\/uploads\/2024\/01\/abaa-metrologia-tienda.png\",\"width\":300,\"height\":141,\"caption\":\"Abaa tienda online\"},\"image\":{\"@id\":\"https:\/\/abaa.mx\/tienda\/#\/schema\/logo\/image\/\"}}]}<\/script>\n<!-- \/ Yoast SEO plugin. -->","yoast_head_json":{"title":"Set 2 testo 417 - anem\u00f3metro de molinete con conos de medici\u00f3n y estabilizador - Abaa tienda online","robots":{"index":"index","follow":"follow","max-snippet":"max-snippet:-1","max-image-preview":"max-image-preview:large","max-video-preview":"max-video-preview:-1"},"canonical":"https:\/\/abaa.mx\/tienda\/set-2-testo-417-anemometro-de-molinete-con-conos-de-medicion-y-estabilizador\/","og_locale":"es_MX","og_type":"article","og_title":"Set 2 testo 417 - anem\u00f3metro de molinete con conos de medici\u00f3n y estabilizador - Abaa tienda online","og_description":"El set 2 de anem\u00f3metro de molinete compacto testo\u00a0417 incl. dos conos de medici\u00f3n y un estabilizador ha sido desarrollado para facilitar y mejorar las mediciones en entradas y salidas de aire, as\u00ed como en v\u00e1lvulas de disco y difusores de salida de aire en sistemas de climatizaci\u00f3n y de ventilaci\u00f3n. El molinete de 100\u00a0mm integrado garantiza r\u00e1pidamente resultados precisos. Los promedios temporales y puntuales, as\u00ed como el caudal se calculan autom\u00e1ticamente en el instrumento y se visualizan en la pantalla. De este modo es posible regular de forma eficiente las ventilaciones de recintos, incl. una documentaci\u00f3n r\u00e1pida con la App testo Smart. Adem\u00e1s, la App no solo le brinda apoyo durante la configuraci\u00f3n del analizador y se encarga de la visualizaci\u00f3n, el almacenamiento y la documentaci\u00f3n de los valores medidos, sino que tambi\u00e9n funciona como segunda pantalla en su smartphone. El set 2 testo\u00a0417 contiene dos conos de medici\u00f3n y un estabilizador de caudal para resultados precisos, incluso en difusores de salidas de aire.","og_url":"https:\/\/abaa.mx\/tienda\/set-2-testo-417-anemometro-de-molinete-con-conos-de-medicion-y-estabilizador\/","og_site_name":"Abaa tienda online","article_modified_time":"2023-09-18T18:43:36+00:00","og_image":[{"width":660,"height":495,"url":"https:\/\/abaa.mx\/tienda\/wp-content\/uploads\/2023\/09\/10.jpg","type":"image\/jpeg"}],"twitter_card":"summary_large_image","twitter_misc":{"Tiempo de lectura":"2 minutos"},"schema":{"@context":"https:\/\/schema.org","@graph":[{"@type":"WebPage","@id":"https:\/\/abaa.mx\/tienda\/set-2-testo-417-anemometro-de-molinete-con-conos-de-medicion-y-estabilizador\/","url":"https:\/\/abaa.mx\/tienda\/set-2-testo-417-anemometro-de-molinete-con-conos-de-medicion-y-estabilizador\/","name":"Set 2 testo 417 - anem\u00f3metro de molinete con conos de medici\u00f3n y estabilizador - Abaa tienda online","isPartOf":{"@id":"https:\/\/abaa.mx\/tienda\/#website"},"primaryImageOfPage":{"@id":"https:\/\/abaa.mx\/tienda\/set-2-testo-417-anemometro-de-molinete-con-conos-de-medicion-y-estabilizador\/#primaryimage"},"image":{"@id":"https:\/\/abaa.mx\/tienda\/set-2-testo-417-anemometro-de-molinete-con-conos-de-medicion-y-estabilizador\/#primaryimage"},"thumbnailUrl":"https:\/\/abaa.mx\/tienda\/wp-content\/uploads\/2023\/09\/10.jpg","datePublished":"2023-09-18T18:43:35+00:00","dateModified":"2023-09-18T18:43:36+00:00","breadcrumb":{"@id":"https:\/\/abaa.mx\/tienda\/set-2-testo-417-anemometro-de-molinete-con-conos-de-medicion-y-estabilizador\/#breadcrumb"},"inLanguage":"es","potentialAction":[{"@type":"ReadAction","target":["https:\/\/abaa.mx\/tienda\/set-2-testo-417-anemometro-de-molinete-con-conos-de-medicion-y-estabilizador\/"]}]},{"@type":"ImageObject","inLanguage":"es","@id":"https:\/\/abaa.mx\/tienda\/set-2-testo-417-anemometro-de-molinete-con-conos-de-medicion-y-estabilizador\/#primaryimage","url":"https:\/\/abaa.mx\/tienda\/wp-content\/uploads\/2023\/09\/10.jpg","contentUrl":"https:\/\/abaa.mx\/tienda\/wp-content\/uploads\/2023\/09\/10.jpg","width":660,"height":495,"caption":"10"},{"@type":"BreadcrumbList","@id":"https:\/\/abaa.mx\/tienda\/set-2-testo-417-anemometro-de-molinete-con-conos-de-medicion-y-estabilizador\/#breadcrumb","itemListElement":[{"@type":"ListItem","position":1,"name":"Inicio","item":"https:\/\/abaa.mx\/tienda\/"},{"@type":"ListItem","position":2,"name":"Tienda","item":"https:\/\/abaa.mx\/tienda\/"},{"@type":"ListItem","position":3,"name":"Set 2 testo 417 &#8211; anem\u00f3metro de molinete con conos de medici\u00f3n y estabilizador"}]},{"@type":"WebSite","@id":"https:\/\/abaa.mx\/tienda\/#website","url":"https:\/\/abaa.mx\/tienda\/","name":"Abaa tienda online","description":"Instrumentos de medici\u00f3n","publisher":{"@id":"https:\/\/abaa.mx\/tienda\/#organization"},"potentialAction":[{"@type":"SearchAction","target":{"@type":"EntryPoint","urlTemplate":"https:\/\/abaa.mx\/tienda\/?s={search_term_string}"},"query-input":{"@type":"PropertyValueSpecification","valueRequired":true,"valueName":"search_term_string"}}],"inLanguage":"es"},{"@type":"Organization","@id":"https:\/\/abaa.mx\/tienda\/#organization","name":"Abaa tienda online","url":"https:\/\/abaa.mx\/tienda\/","logo":{"@type":"ImageObject","inLanguage":"es","@id":"https:\/\/abaa.mx\/tienda\/#\/schema\/logo\/image\/","url":"https:\/\/abaa.mx\/tienda\/wp-content\/uploads\/2024\/01\/abaa-metrologia-tienda.png","contentUrl":"https:\/\/abaa.mx\/tienda\/wp-content\/uploads\/2024\/01\/abaa-metrologia-tienda.png","width":300,"height":141,"caption":"Abaa tienda online"},"image":{"@id":"https:\/\/abaa.mx\/tienda\/#\/schema\/logo\/image\/"}}]}},"_links":{"self":[{"href":"https:\/\/abaa.mx\/tienda\/wp-json\/wp\/v2\/product\/1876","targetHints":{"allow":["GET"]}}],"collection":[{"href":"https:\/\/abaa.mx\/tienda\/wp-json\/wp\/v2\/product"}],"about":[{"href":"https:\/\/abaa.mx\/tienda\/wp-json\/wp\/v2\/types\/product"}],"replies":[{"embeddable":true,"href":"https:\/\/abaa.mx\/tienda\/wp-json\/wp\/v2\/comments?post=1876"}],"wp:featuredmedia":[{"embeddable":true,"href":"https:\/\/abaa.mx\/tienda\/wp-json\/wp\/v2\/media\/1884"}],"wp:attachment":[{"href":"https:\/\/abaa.mx\/tienda\/wp-json\/wp\/v2\/media?parent=1876"}],"wp:term":[{"taxonomy":"product_brand","embeddable":true,"href":"https:\/\/abaa.mx\/tienda\/wp-json\/wp\/v2\/product_brand?post=1876"},{"taxonomy":"product_cat","embeddable":true,"href":"https:\/\/abaa.mx\/tienda\/wp-json\/wp\/v2\/product_cat?post=1876"},{"taxonomy":"product_tag","embeddable":true,"href":"https:\/\/abaa.mx\/tienda\/wp-json\/wp\/v2\/product_tag?post=1876"}],"curies":[{"name":"wp","href":"https:\/\/api.w.org\/{rel}","templated":true}]}}